{"id":13864,"date":"2020-05-15T07:05:47","date_gmt":"2020-05-15T07:05:47","guid":{"rendered":"https:\/\/visitviskovo.hr\/?page_id=13864"},"modified":"2020-09-24T13:10:06","modified_gmt":"2020-09-24T13:10:06","slug":"ein-wochenende-in-viskovo","status":"publish","type":"page","link":"https:\/\/visitviskovo.hr\/de\/was-tun-2\/ideje-za-boravak\/ein-wochenende-in-viskovo\/","title":{"rendered":"Ein Wochenende in Vi\u0161kovo"},"content":{"rendered":"\n<p>Das Zentrum von Vi\u0161kovo wird von der Kirche des Hl. Matth\u00e4us gepr\u00e4gt, die im Jahr 1862 an der Stelle einer ehemaligen Kapelle erbaut und 1865 geweiht wurde. Davon zeugt die Gedenktafel an ihrer Fassade. Das Altarbild des hl. Matth\u00e4us, Schutzpatron von Vi\u0161kovo, ist ein Werk des \u00f6rtlichen Malers <a href=\"https:\/\/visitviskovo.hr\/de\/entdecke-viskovo\/kulturerbe\/wichtige-persoenlichkeiten\/\">Ivan Ba\u0161tijan<\/a>. Neben der Kirche befindet sich ein 250 Jahre alter Wasserbrunnen, der an ein besonderes Ereignis erinnert. Damals hielt sich die Kaiserin Maria Theresia w\u00e4hrend einer ihrer Reisen am Standort \u201ePogled\u201c auf und sah zum ersten Mal das Adriatische Meer. Sie lie\u00df dort einen Wasserbrunnen erbauen, der heute <em>Cesarska<\/em> (\u201ekaiserlich\u201c) genannt wird. Im Zentrum von Vi\u0161kovo befindet sich auch ein Park mit Skulpturen von Glockentr\u00e4gern <em>Halubajski zvon\u010dari<\/em>. <\/p>\n\n\n\n<p>Etwas weiter liegt auf einem H\u00fcgel mit Blick auf den Berg U\u010dka und das Meer das Dorf Ronjgi. Dies ist der Geburtsort des Komponisten <a href=\"https:\/\/visitviskovo.hr\/de\/entdecke-viskovo\/kulturerbe\/wichtige-persoenlichkeiten\/\">Ivan Mateti\u0107 Ronjgov,<\/a> der als Erster die <a href=\"https:\/\/visitviskovo.hr\/de\/entdecke-viskovo\/unesco\/zweiteiliges-singen-und-spielen-in-der-istrischen-tonleiter\/\">Istrische Tonleiter<\/a> aufgezeichnet hat. In seinem Geburtshaus befindet sich heute ein Gedenkzimmer sowie das <a href=\"https:\/\/visitviskovo.hr\/de\/gastronomija\/restaurant-ronjgi\/\">Restaurant Ronjgi<\/a>, das lokale Spezialit\u00e4ten und mediterrane Gerichte in einem authentischen Ambiente anbietet. Die liebliche Landschaft in der Umgebung weckt die Neugier und l\u00e4dt zu Freizeitaktivit\u00e4ten in gr\u00fcner Umgebung ein. Ein ganz pers\u00f6nliches Erlebnis dieser Gegend erm\u00f6glicht Ihnen <a href=\"https:\/\/visitviskovo.hr\/de\/was-tun-2\/halubike\/\">HALUbike,<\/a> ein einfaches System zur Vermietung und Nutzung von Fahrr\u00e4dern in der Gemeinde Vi\u0161kovo.<\/p>\n\n\n\n<p>Jeder Ort in Vi\u0161kovo hat\nmindestens einen Wasserbrunnen. Diese Brunnen waren einst die Quelle des Lebens\nund erinnern heute an das Leben aus einer vergangenen Zeit. Da\nWasser t\u00e4glich gebraucht wird, entwickelten sich die Brunnen zu Treffpunkten\nf\u00fcr Jung und Alt, die dort Neuigkeiten austauschten und gemeinsam Zeit\nverbrachten. Erwachsene \u00e4ngstigten die Kinder mit Geschichten\n\u00fcber den Malik, einen Zwerg, der in H\u00f6hlen, Gruben und Brunnen lebt, damit sie\nsich nicht \u00fcber den Brunnenrand lehnten, da der Malik sie ins kalte, tiefe\nWasser herunterziehen k\u00f6nnte. Einer lokalen Legende zufolge bewohnte der Malik\njede Schachth\u00f6hle und verbarg dort sein Gold.<\/p>\n\n\n\n<p>Beim Spazieren entlang der\nSpazier- und Wanderwege, die scheinbar weit entfernte Orte miteinander\nverbinden, werden Sie die Trockenmauern erblicken, die hier <em>Groma\u010de<\/em> genannt werden. Die\nEinfachheit und Best\u00e4ndigkeit der Trockenmauer sind eine Art Metapher f\u00fcr das\nLeben in dieser Gegend. Mit Moos bedeckt halten sie heute immer noch das\nAndenken an ihre Erbauer aufrecht. Sie folgen der Gel\u00e4ndeform entlang uralter\nWege und ehemaliger Grenzen, und erinnern an vergangene Zeiten, die von harter\nArbeit und Beharrlichkeit gepr\u00e4gt waren.<\/p>\n\n\n\n<p>Im Dorf Brnasi gibt es einige Bauwerke, die charakteristisch sind f\u00fcr die Architektur\ndieses Gebiets. Die H\u00e4user Srok und \u0160irola-Su\u0161anj sind typische\nBeispiele des lokalen Bauerbes. Ein typisches Bauelement ist T<em>ornica. <\/em>Es\nhandelt sich dabei um einen halbkreisf\u00f6rmigen Anbau an die K\u00fcche, in\ndem sich eine Feuerstelle befand. Hier versammelte sich die Familie zu\nMahlzeiten und im Winter auch wegen der W\u00e4rme.<\/p>\n\n\n\n<p>Eine der tiefsten\nund gr\u00f6\u00dften Dolinen in Halubje liegt s\u00fcdlich des Dorfes Kapiti. Die Doline\nhei\u00dft Kapitov Dol und der <em>Kali\u0107<\/em> hei\u00dft\nKapitovac. Dank seiner Lage und seiner Gr\u00f6\u00dfe war Kapitovac sogar in hei\u00dfen\nSommern eine unersch\u00f6pfliche und zuverl\u00e4ssige Wasserquelle und wurde bei Bedarf\nauch von den Bewohnern weiter entfernter D\u00f6rfer genutzt. Das Wasser aus dem <em>Kali\u0107<\/em> trug man in einem h\u00f6lzernen\nBeh\u00e4lter namens <em>Brenta<\/em> auf dem\nR\u00fccken. Diese Teiche waren f\u00fcr\ndie Ortsbewohner unvermeidliche Treffpunkte und spielten im gesellschaftlichen\nLeben eine wichtige Rolle<\/p>\n\n\n\n<p>Neben dem Dorf\nMilohni gibt es einen von Trockenmauern umgebenen Waldweg, der zu einem\nummauerten Teich f\u00fchrt, um den herum Laubb\u00e4ume wachsen. Die wundersch\u00f6ne\nunber\u00fchrte Natur voller Vogelgesang ist eine perfekte Oase der Ruhe und der\nideale Ort f\u00fcr eine Pause vom Alltag.<\/p>\n\n\n\n<p>Nach einem Tag voller Entdeckungen k\u00f6nnen Sie traditionelle Rezepte, erstklassige Fleisch- und Fischgerichte sowie ausgew\u00e4hlte S\u00fc\u00dfspeisen in den zahlreichen Restaurants, <em>Konoba<\/em>-Tavernen und Konditoreien verkosten. Machen Sie eine Pause in den nahegelegenen Caf\u00e9s und genie\u00dfen Sie eine Tasse cremigen Kaffees.<\/p>\n\n\n\n<p>Wenn Sie gerne Fisch und Meeresfr\u00fcchte essen, k\u00f6nnen Sie sich auf die <a href=\"https:\/\/visitviskovo.hr\/de\/gastronomija\/tavernen-maretina-konoba\/\">Taverne Maretina<\/a> mit ihrer langen Tradition in der Zubereitung von frischen Fischgerichten in einem authentischen Ambiente freuen. Lust auf Spezialit\u00e4ten vom Grill und erlesene Fleischgerichte? Sie werden von den Restaurants <a href=\"https:\/\/visitviskovo.hr\/de\/gastronomija\/restoran-nono-frane\/\">Nono Frane<\/a>, <a href=\"https:\/\/visitviskovo.hr\/de\/gastronomija\/restaurant-ronjgi\/\">Ronjgi<\/a> und <a href=\"https:\/\/visitviskovo.hr\/de\/gastronomija\/restaurant-j-i-s-t-croatian-fine-dining\/\">J-I-S-T<\/a> begeistert sein. K\u00f6stliche Desserts und t\u00e4glich frisch hausgemachte Kuchen warten in unseren Konditoreien <a href=\"https:\/\/visitviskovo.hr\/de\/gastronomija\/slasticarna-torteria\/\">Torteria<\/a>, <a href=\"https:\/\/visitviskovo.hr\/de\/gastronomija\/slasticarna-zvoncarnica\/\">Zvon\u010darnica<\/a> und <a href=\"https:\/\/visitviskovo.hr\/gastronomija\/slasticarna-nora\/\">Nora<\/a> auf Sie.<\/p>\n","protected":false},"excerpt":{"rendered":"<p>Das Zentrum von Vi\u0161kovo wird von der Kirche des Hl. Matth\u00e4us gepr\u00e4gt, die im Jahr 1862 an der Stelle einer ehemaligen Kapelle erbaut und 1865 geweiht wurde. Davon zeugt die Gedenktafel an ihrer Fassade. Das Altarbild des hl. Matth\u00e4us, Schutzpatron von Vi\u0161kovo, ist ein Werk des \u00f6rtlichen Malers Ivan Ba\u0161tijan. Neben der Kirche befindet sich [&hellip;]<\/p>\n","protected":false},"author":4,"featured_media":13806,"parent":8142,"menu_order":0,"comment_status":"closed","ping_status":"closed","template":"","meta":{"_acf_changed":false,"footnotes":""},"acf":[],"yoast_head":"<!-- This site is optimized with the Yoast SEO plugin v22.7 - https:\/\/yoast.com\/wordpress\/plugins\/seo\/ -->\n<title>Ein Wochenende in Vi\u0161kovo - Turisti\u010dka zajednica op\u0107ine Vi\u0161kovo<\/title>\n<meta name=\"robots\" content=\"index, follow, max-snippet:-1, max-image-preview:large, max-video-preview:-1\" \/>\n<link rel=\"canonical\" href=\"https:\/\/visitviskovo.hr\/de\/was-tun-2\/ideje-za-boravak\/ein-wochenende-in-viskovo\/\" \/>\n<meta property=\"og:locale\" content=\"de_DE\" \/>\n<meta property=\"og:type\" content=\"article\" \/>\n<meta property=\"og:title\" content=\"Ein Wochenende in Vi\u0161kovo - Turisti\u010dka zajednica op\u0107ine Vi\u0161kovo\" \/>\n<meta property=\"og:description\" content=\"Das Zentrum von Vi\u0161kovo wird von der Kirche des Hl. Matth\u00e4us gepr\u00e4gt, die im Jahr 1862 an der Stelle einer ehemaligen Kapelle erbaut und 1865 geweiht wurde. Davon zeugt die Gedenktafel an ihrer Fassade. Das Altarbild des hl. Matth\u00e4us, Schutzpatron von Vi\u0161kovo, ist ein Werk des \u00f6rtlichen Malers Ivan Ba\u0161tijan. Neben der Kirche befindet sich [&hellip;]\" \/>\n<meta property=\"og:url\" content=\"https:\/\/visitviskovo.hr\/de\/was-tun-2\/ideje-za-boravak\/ein-wochenende-in-viskovo\/\" \/>\n<meta property=\"og:site_name\" content=\"Turisti\u010dka zajednica op\u0107ine Vi\u0161kovo\" \/>\n<meta property=\"article:publisher\" content=\"https:\/\/web.facebook.com\/VisitViskovo\" \/>\n<meta property=\"article:modified_time\" content=\"2020-09-24T13:10:06+00:00\" \/>\n<meta property=\"og:image\" content=\"https:\/\/visitviskovo.hr\/wp-content\/uploads\/2020\/05\/TZ-Viskovo_11072019_056-Medium.jpg\" \/>\n\t<meta property=\"og:image:width\" content=\"1153\" \/>\n\t<meta property=\"og:image:height\" content=\"768\" \/>\n\t<meta property=\"og:image:type\" content=\"image\/jpeg\" \/>\n<meta name=\"twitter:card\" content=\"summary_large_image\" \/>\n<meta name=\"twitter:label1\" content=\"Gesch\u00e4tzte Lesezeit\" \/>\n\t<meta name=\"twitter:data1\" content=\"4 Minuten\" \/>\n<script type=\"application\/ld+json\" class=\"yoast-schema-graph\">{\"@context\":\"https:\/\/schema.org\",\"@graph\":[{\"@type\":\"WebPage\",\"@id\":\"https:\/\/visitviskovo.hr\/de\/was-tun-2\/ideje-za-boravak\/ein-wochenende-in-viskovo\/\",\"url\":\"https:\/\/visitviskovo.hr\/de\/was-tun-2\/ideje-za-boravak\/ein-wochenende-in-viskovo\/\",\"name\":\"Ein Wochenende in Vi\u0161kovo - Turisti\u010dka zajednica op\u0107ine Vi\u0161kovo\",\"isPartOf\":{\"@id\":\"https:\/\/visitviskovo.hr\/it\/#website\"},\"primaryImageOfPage\":{\"@id\":\"https:\/\/visitviskovo.hr\/de\/was-tun-2\/ideje-za-boravak\/ein-wochenende-in-viskovo\/#primaryimage\"},\"image\":{\"@id\":\"https:\/\/visitviskovo.hr\/de\/was-tun-2\/ideje-za-boravak\/ein-wochenende-in-viskovo\/#primaryimage\"},\"thumbnailUrl\":\"https:\/\/visitviskovo.hr\/wp-content\/uploads\/2020\/05\/TZ-Viskovo_11072019_056-Medium.jpg\",\"datePublished\":\"2020-05-15T07:05:47+00:00\",\"dateModified\":\"2020-09-24T13:10:06+00:00\",\"breadcrumb\":{\"@id\":\"https:\/\/visitviskovo.hr\/de\/was-tun-2\/ideje-za-boravak\/ein-wochenende-in-viskovo\/#breadcrumb\"},\"inLanguage\":\"de-DE\",\"potentialAction\":[{\"@type\":\"ReadAction\",\"target\":[\"https:\/\/visitviskovo.hr\/de\/was-tun-2\/ideje-za-boravak\/ein-wochenende-in-viskovo\/\"]}]},{\"@type\":\"ImageObject\",\"inLanguage\":\"de-DE\",\"@id\":\"https:\/\/visitviskovo.hr\/de\/was-tun-2\/ideje-za-boravak\/ein-wochenende-in-viskovo\/#primaryimage\",\"url\":\"https:\/\/visitviskovo.hr\/wp-content\/uploads\/2020\/05\/TZ-Viskovo_11072019_056-Medium.jpg\",\"contentUrl\":\"https:\/\/visitviskovo.hr\/wp-content\/uploads\/2020\/05\/TZ-Viskovo_11072019_056-Medium.jpg\",\"width\":1153,\"height\":768},{\"@type\":\"BreadcrumbList\",\"@id\":\"https:\/\/visitviskovo.hr\/de\/was-tun-2\/ideje-za-boravak\/ein-wochenende-in-viskovo\/#breadcrumb\",\"itemListElement\":[{\"@type\":\"ListItem\",\"position\":1,\"name\":\"Home\",\"item\":\"https:\/\/visitviskovo.hr\/de\/\"},{\"@type\":\"ListItem\",\"position\":2,\"name\":\"Was tun\",\"item\":\"https:\/\/visitviskovo.hr\/de\/was-tun-2\/\"},{\"@type\":\"ListItem\",\"position\":3,\"name\":\"Vi\u0161kovo f\u00fcr jeden Reisetyp\",\"item\":\"https:\/\/visitviskovo.hr\/de\/was-tun-2\/ideje-za-boravak\/\"},{\"@type\":\"ListItem\",\"position\":4,\"name\":\"Ein Wochenende in Vi\u0161kovo\"}]},{\"@type\":\"WebSite\",\"@id\":\"https:\/\/visitviskovo.hr\/it\/#website\",\"url\":\"https:\/\/visitviskovo.hr\/it\/\",\"name\":\"Turisti\u010dka zajednica op\u0107ine Vi\u0161kovo\",\"description\":\"\",\"potentialAction\":[{\"@type\":\"SearchAction\",\"target\":{\"@type\":\"EntryPoint\",\"urlTemplate\":\"https:\/\/visitviskovo.hr\/it\/?s={search_term_string}\"},\"query-input\":\"required name=search_term_string\"}],\"inLanguage\":\"de-DE\"}]}<\/script>\n<!-- \/ Yoast SEO plugin. -->","yoast_head_json":{"title":"Ein Wochenende in Vi\u0161kovo - Turisti\u010dka zajednica op\u0107ine Vi\u0161kovo","robots":{"index":"index","follow":"follow","max-snippet":"max-snippet:-1","max-image-preview":"max-image-preview:large","max-video-preview":"max-video-preview:-1"},"canonical":"https:\/\/visitviskovo.hr\/de\/was-tun-2\/ideje-za-boravak\/ein-wochenende-in-viskovo\/","og_locale":"de_DE","og_type":"article","og_title":"Ein Wochenende in Vi\u0161kovo - Turisti\u010dka zajednica op\u0107ine Vi\u0161kovo","og_description":"Das Zentrum von Vi\u0161kovo wird von der Kirche des Hl. Matth\u00e4us gepr\u00e4gt, die im Jahr 1862 an der Stelle einer ehemaligen Kapelle erbaut und 1865 geweiht wurde. Davon zeugt die Gedenktafel an ihrer Fassade. Das Altarbild des hl. Matth\u00e4us, Schutzpatron von Vi\u0161kovo, ist ein Werk des \u00f6rtlichen Malers Ivan Ba\u0161tijan. Neben der Kirche befindet sich [&hellip;]","og_url":"https:\/\/visitviskovo.hr\/de\/was-tun-2\/ideje-za-boravak\/ein-wochenende-in-viskovo\/","og_site_name":"Turisti\u010dka zajednica op\u0107ine Vi\u0161kovo","article_publisher":"https:\/\/web.facebook.com\/VisitViskovo","article_modified_time":"2020-09-24T13:10:06+00:00","og_image":[{"width":1153,"height":768,"url":"https:\/\/visitviskovo.hr\/wp-content\/uploads\/2020\/05\/TZ-Viskovo_11072019_056-Medium.jpg","type":"image\/jpeg"}],"twitter_card":"summary_large_image","twitter_misc":{"Gesch\u00e4tzte Lesezeit":"4 Minuten"},"schema":{"@context":"https:\/\/schema.org","@graph":[{"@type":"WebPage","@id":"https:\/\/visitviskovo.hr\/de\/was-tun-2\/ideje-za-boravak\/ein-wochenende-in-viskovo\/","url":"https:\/\/visitviskovo.hr\/de\/was-tun-2\/ideje-za-boravak\/ein-wochenende-in-viskovo\/","name":"Ein Wochenende in Vi\u0161kovo - Turisti\u010dka zajednica op\u0107ine Vi\u0161kovo","isPartOf":{"@id":"https:\/\/visitviskovo.hr\/it\/#website"},"primaryImageOfPage":{"@id":"https:\/\/visitviskovo.hr\/de\/was-tun-2\/ideje-za-boravak\/ein-wochenende-in-viskovo\/#primaryimage"},"image":{"@id":"https:\/\/visitviskovo.hr\/de\/was-tun-2\/ideje-za-boravak\/ein-wochenende-in-viskovo\/#primaryimage"},"thumbnailUrl":"https:\/\/visitviskovo.hr\/wp-content\/uploads\/2020\/05\/TZ-Viskovo_11072019_056-Medium.jpg","datePublished":"2020-05-15T07:05:47+00:00","dateModified":"2020-09-24T13:10:06+00:00","breadcrumb":{"@id":"https:\/\/visitviskovo.hr\/de\/was-tun-2\/ideje-za-boravak\/ein-wochenende-in-viskovo\/#breadcrumb"},"inLanguage":"de-DE","potentialAction":[{"@type":"ReadAction","target":["https:\/\/visitviskovo.hr\/de\/was-tun-2\/ideje-za-boravak\/ein-wochenende-in-viskovo\/"]}]},{"@type":"ImageObject","inLanguage":"de-DE","@id":"https:\/\/visitviskovo.hr\/de\/was-tun-2\/ideje-za-boravak\/ein-wochenende-in-viskovo\/#primaryimage","url":"https:\/\/visitviskovo.hr\/wp-content\/uploads\/2020\/05\/TZ-Viskovo_11072019_056-Medium.jpg","contentUrl":"https:\/\/visitviskovo.hr\/wp-content\/uploads\/2020\/05\/TZ-Viskovo_11072019_056-Medium.jpg","width":1153,"height":768},{"@type":"BreadcrumbList","@id":"https:\/\/visitviskovo.hr\/de\/was-tun-2\/ideje-za-boravak\/ein-wochenende-in-viskovo\/#breadcrumb","itemListElement":[{"@type":"ListItem","position":1,"name":"Home","item":"https:\/\/visitviskovo.hr\/de\/"},{"@type":"ListItem","position":2,"name":"Was tun","item":"https:\/\/visitviskovo.hr\/de\/was-tun-2\/"},{"@type":"ListItem","position":3,"name":"Vi\u0161kovo f\u00fcr jeden Reisetyp","item":"https:\/\/visitviskovo.hr\/de\/was-tun-2\/ideje-za-boravak\/"},{"@type":"ListItem","position":4,"name":"Ein Wochenende in Vi\u0161kovo"}]},{"@type":"WebSite","@id":"https:\/\/visitviskovo.hr\/it\/#website","url":"https:\/\/visitviskovo.hr\/it\/","name":"Turisti\u010dka zajednica op\u0107ine Vi\u0161kovo","description":"","potentialAction":[{"@type":"SearchAction","target":{"@type":"EntryPoint","urlTemplate":"https:\/\/visitviskovo.hr\/it\/?s={search_term_string}"},"query-input":"required name=search_term_string"}],"inLanguage":"de-DE"}]}},"_links":{"self":[{"href":"https:\/\/visitviskovo.hr\/de\/wp-json\/wp\/v2\/pages\/13864"}],"collection":[{"href":"https:\/\/visitviskovo.hr\/de\/wp-json\/wp\/v2\/pages"}],"about":[{"href":"https:\/\/visitviskovo.hr\/de\/wp-json\/wp\/v2\/types\/page"}],"author":[{"embeddable":true,"href":"https:\/\/visitviskovo.hr\/de\/wp-json\/wp\/v2\/users\/4"}],"replies":[{"embeddable":true,"href":"https:\/\/visitviskovo.hr\/de\/wp-json\/wp\/v2\/comments?post=13864"}],"version-history":[{"count":2,"href":"https:\/\/visitviskovo.hr\/de\/wp-json\/wp\/v2\/pages\/13864\/revisions"}],"predecessor-version":[{"id":15108,"href":"https:\/\/visitviskovo.hr\/de\/wp-json\/wp\/v2\/pages\/13864\/revisions\/15108"}],"up":[{"embeddable":true,"href":"https:\/\/visitviskovo.hr\/de\/wp-json\/wp\/v2\/pages\/8142"}],"wp:featuredmedia":[{"embeddable":true,"href":"https:\/\/visitviskovo.hr\/de\/wp-json\/wp\/v2\/media\/13806"}],"wp:attachment":[{"href":"https:\/\/visitviskovo.hr\/de\/wp-json\/wp\/v2\/media?parent=13864"}],"curies":[{"name":"wp","href":"https:\/\/api.w.org\/{rel}","templated":true}]}}