{"id":13874,"date":"2020-05-15T07:24:12","date_gmt":"2020-05-15T07:24:12","guid":{"rendered":"https:\/\/visitviskovo.hr\/?page_id=13874"},"modified":"2020-06-21T12:30:40","modified_gmt":"2020-06-21T12:30:40","slug":"auf-den-wegen-der-glockentraeger-halubajski-zvoncari","status":"publish","type":"page","link":"https:\/\/visitviskovo.hr\/de\/was-tun-2\/ideje-za-boravak\/auf-den-wegen-der-glockentraeger-halubajski-zvoncari\/","title":{"rendered":"Auf den Wegen der Glockentr\u00e4ger Halubajski Zvon\u010dari"},"content":{"rendered":"\n<p>Vi\u0161kovo ist heute ein Ort, in dem Tradition Schulter an Schulter mit moderner Lebensweise weiterlebt. Man kann das am besten in der Karnevalszeit erleben. Der Karneval beginnt mit dem Erklingen des Antoniushorns am Gedenktag des hl. Antonius im Zentrum von Vi\u0161kovo. Jedes Jahr l\u00e4sst der <a href=\"https:\/\/visitviskovo.hr\/de\/entdecke-viskovo\/der-karneval-von-halubje\/\">Karneval von Halubje<\/a> am ersten Samstag nach dem Antoniustag die lokale Tradition aufleben. Diese bunte und fr\u00f6hliche Veranstaltung l\u00e4dt alle zum Narrentreiben und Tanzen ein.<\/p>\n\n\n\n<p>Die D\u00f6rfer, Einwohner und die lokalen Br\u00e4uche kann man am besten entlang der Wege der <a href=\"https:\/\/visitviskovo.hr\/de\/entdecke-viskovo\/unesco\/der-festumzug-der-jaehrlichen-karneval-glockenlaeuter-aus-der-kastav-gegend\/\">Glockentr\u00e4ger <\/a><em><a href=\"https:\/\/visitviskovo.hr\/de\/entdecke-viskovo\/unesco\/der-festumzug-der-jaehrlichen-karneval-glockenlaeuter-aus-der-kastav-gegend\/\">Halubajski Zvon\u010dari <\/a><\/em>erleben. Jedes Jahr \u2013 jeweils am Sonntag, Montag und Dienstag vor Aschermittwoch \u2013 machen diese W\u00e4chter der jahrhundertealten Tradition ihren traditionellen Umzug durch die D\u00f6rfer von Halubje und Kastav. Wegen seiner Einzigartigkeit wurdedieser Umzug in die UNESCO-Liste des immateriellen Kulturerbes der Menschheit aufgenommen.<\/p>\n\n\n\n<p>In Matrosenhemden und wei\u00dfe Hosen\ngekleidet, mit riesigen Tiermasken auf dem Kopf und <em>Ba\u010duka<\/em>-Keulen in den\nH\u00e4nden, betreten die Glockentr\u00e4ger das Dorf in einer so langen Kolonne, dass\nman ihr Ende nicht sehen kann. Ihre gut einge\u00fcbten Schritte \u00fcberwacht ihr\nKommandant und ermahnt auch jene, die zwischendurch einen Befehl verweigern.\nDie Ordnung wird nur gelegentlich vom schwarz gekleideten Teufel mit\nherausgestreckter Zunge gest\u00f6rt. Neben ihm geht ein B\u00e4r, der so neckisch ist,\ndass auch seine beiden W\u00e4chter ihn nicht aufhalten k\u00f6nnen.<\/p>\n\n\n\n<p>In jedem Dorf machen die\nGlockentr\u00e4ger an immer der gleichen Stelle einen Kreis und l\u00e4uten dabei\nununterbrochen und immer lauter. Dieser \u00fcberw\u00e4ltigende L\u00e4rm dauert so lange an,\nbis der Kommandant ein Zeichen gibt. Die Zvon\u010dari machen dann nur eine kurze\nPause, da sie noch einen langen Weg gehen m\u00fcssen. Dieses Wechselspiel von Chaos\nund Ordnung wird bis zum n\u00e4chsten Dorf von Musikanten begleitet, wo dann alles\nwieder von vorne anf\u00e4ngt.<\/p>\n\n\n\n<p>Dieser Umzug erinnert an\nvergangene Zeiten und sein Sinn ist unver\u00e4ndert geblieben: die Menschen zu\nverbinden. Von den Einheimischen werden die Glockentr\u00e4ger w\u00e4hrend ihres Umzugs\nheute wie damals mit traditionellen Gerichten willkommen gehei\u00dfen. Dies ist die\nZeit, in der man traditionelles Karnevalsessen, das an kalten Tagen belebt und\nst\u00e4rkt, und lokale S\u00fc\u00dfspeisen wie <em>Presnac<\/em> oder <em>Fritule <\/em>probieren\nkann.<\/p>\n\n\n\n<p>Den H\u00f6hepunkt des Karnevals kann\nman am letzten Tag des Umzugs (am Dienstag vor Aschermittwoch) im Zentrum von\nVi\u0161kovo erleben. Eine Strohpuppe, die an\neiner Stange h\u00e4ngt, wartet stumm auf ihr Urteil. Das ist der <em>Pust<\/em>. An\nder letzten Station des Weges wird er von den Versammelten einstimmig\nverurteilt: Er wird f\u00fcr all die schlechten Dinge, die im Vorjahr passiert sind,\nschuldig gesprochen. Einer der Versammelten wird nach einer Fackel greifen und\nden Verurteilten, der an einer Metallkette h\u00e4ngt, anz\u00fcnden. Wenn sich die Asche\ngelegt hat und das Klingeln verstummt ist, kann man durch den dichten Rauch die\ngl\u00fccklichen Gesichter der Menschen sehen, die nun ohne Masken und Sorgen dem\nkommenden Fr\u00fchling entgegengehen.<\/p>\n\n\n\n<p>Lassen Sie sich von der Mystik\nber\u00fchren, w\u00e4hrend Sie dem Weg der Glockentr\u00e4ger folgen und auf ihre Ankunft\nwarten, das Klingeln ihrer Glocken h\u00f6ren und das Zittern des Bodens unter ihren\nF\u00fc\u00dfen sp\u00fcren. Die uralte Verbindung zwischen Mensch und Natur ert\u00f6nt dann aus\nder Ferne und Geschichte, Kultur und Kulinarik verschmelzen dann zu einem\nErlebnis, das Sie in eine andere Zeit abseits des Alltagslebens versetzt.<\/p>\n","protected":false},"excerpt":{"rendered":"<p>Vi\u0161kovo ist heute ein Ort, in dem Tradition Schulter an Schulter mit moderner Lebensweise weiterlebt. Man kann das am besten in der Karnevalszeit erleben. Der Karneval beginnt mit dem Erklingen des Antoniushorns am Gedenktag des hl. Antonius im Zentrum von Vi\u0161kovo. Jedes Jahr l\u00e4sst der Karneval von Halubje am ersten Samstag nach dem Antoniustag die [&hellip;]<\/p>\n","protected":false},"author":4,"featured_media":13730,"parent":8142,"menu_order":0,"comment_status":"closed","ping_status":"closed","template":"","meta":{"_acf_changed":false,"footnotes":""},"acf":[],"yoast_head":"<!-- This site is optimized with the Yoast SEO plugin v22.7 - https:\/\/yoast.com\/wordpress\/plugins\/seo\/ -->\n<title>Auf den Wegen der Glockentr\u00e4ger Halubajski Zvon\u010dari - Turisti\u010dka zajednica op\u0107ine Vi\u0161kovo<\/title>\n<meta name=\"robots\" content=\"index, follow, max-snippet:-1, max-image-preview:large, max-video-preview:-1\" \/>\n<link rel=\"canonical\" href=\"https:\/\/visitviskovo.hr\/de\/was-tun-2\/ideje-za-boravak\/auf-den-wegen-der-glockentraeger-halubajski-zvoncari\/\" \/>\n<meta property=\"og:locale\" content=\"de_DE\" \/>\n<meta property=\"og:type\" content=\"article\" \/>\n<meta property=\"og:title\" content=\"Auf den Wegen der Glockentr\u00e4ger Halubajski Zvon\u010dari - Turisti\u010dka zajednica op\u0107ine Vi\u0161kovo\" \/>\n<meta property=\"og:description\" content=\"Vi\u0161kovo ist heute ein Ort, in dem Tradition Schulter an Schulter mit moderner Lebensweise weiterlebt. Man kann das am besten in der Karnevalszeit erleben. Der Karneval beginnt mit dem Erklingen des Antoniushorns am Gedenktag des hl. Antonius im Zentrum von Vi\u0161kovo. Jedes Jahr l\u00e4sst der Karneval von Halubje am ersten Samstag nach dem Antoniustag die [&hellip;]\" \/>\n<meta property=\"og:url\" content=\"https:\/\/visitviskovo.hr\/de\/was-tun-2\/ideje-za-boravak\/auf-den-wegen-der-glockentraeger-halubajski-zvoncari\/\" \/>\n<meta property=\"og:site_name\" content=\"Turisti\u010dka zajednica op\u0107ine Vi\u0161kovo\" \/>\n<meta property=\"article:publisher\" content=\"https:\/\/web.facebook.com\/VisitViskovo\" \/>\n<meta property=\"article:modified_time\" content=\"2020-06-21T12:30:40+00:00\" \/>\n<meta property=\"og:image\" content=\"https:\/\/visitviskovo.hr\/wp-content\/uploads\/2020\/05\/Halubajski_zvon\u010dari-4-Medium.jpg\" \/>\n\t<meta property=\"og:image:width\" content=\"1152\" \/>\n\t<meta property=\"og:image:height\" content=\"768\" \/>\n\t<meta property=\"og:image:type\" content=\"image\/jpeg\" \/>\n<meta name=\"twitter:card\" content=\"summary_large_image\" \/>\n<meta name=\"twitter:label1\" content=\"Gesch\u00e4tzte Lesezeit\" \/>\n\t<meta name=\"twitter:data1\" content=\"3 Minuten\" \/>\n<script type=\"application\/ld+json\" class=\"yoast-schema-graph\">{\"@context\":\"https:\/\/schema.org\",\"@graph\":[{\"@type\":\"WebPage\",\"@id\":\"https:\/\/visitviskovo.hr\/de\/was-tun-2\/ideje-za-boravak\/auf-den-wegen-der-glockentraeger-halubajski-zvoncari\/\",\"url\":\"https:\/\/visitviskovo.hr\/de\/was-tun-2\/ideje-za-boravak\/auf-den-wegen-der-glockentraeger-halubajski-zvoncari\/\",\"name\":\"Auf den Wegen der Glockentr\u00e4ger Halubajski Zvon\u010dari - Turisti\u010dka zajednica op\u0107ine Vi\u0161kovo\",\"isPartOf\":{\"@id\":\"https:\/\/visitviskovo.hr\/it\/#website\"},\"primaryImageOfPage\":{\"@id\":\"https:\/\/visitviskovo.hr\/de\/was-tun-2\/ideje-za-boravak\/auf-den-wegen-der-glockentraeger-halubajski-zvoncari\/#primaryimage\"},\"image\":{\"@id\":\"https:\/\/visitviskovo.hr\/de\/was-tun-2\/ideje-za-boravak\/auf-den-wegen-der-glockentraeger-halubajski-zvoncari\/#primaryimage\"},\"thumbnailUrl\":\"https:\/\/visitviskovo.hr\/wp-content\/uploads\/2020\/05\/Halubajski_zvon\u010dari-4-Medium.jpg\",\"datePublished\":\"2020-05-15T07:24:12+00:00\",\"dateModified\":\"2020-06-21T12:30:40+00:00\",\"breadcrumb\":{\"@id\":\"https:\/\/visitviskovo.hr\/de\/was-tun-2\/ideje-za-boravak\/auf-den-wegen-der-glockentraeger-halubajski-zvoncari\/#breadcrumb\"},\"inLanguage\":\"de-DE\",\"potentialAction\":[{\"@type\":\"ReadAction\",\"target\":[\"https:\/\/visitviskovo.hr\/de\/was-tun-2\/ideje-za-boravak\/auf-den-wegen-der-glockentraeger-halubajski-zvoncari\/\"]}]},{\"@type\":\"ImageObject\",\"inLanguage\":\"de-DE\",\"@id\":\"https:\/\/visitviskovo.hr\/de\/was-tun-2\/ideje-za-boravak\/auf-den-wegen-der-glockentraeger-halubajski-zvoncari\/#primaryimage\",\"url\":\"https:\/\/visitviskovo.hr\/wp-content\/uploads\/2020\/05\/Halubajski_zvon\u010dari-4-Medium.jpg\",\"contentUrl\":\"https:\/\/visitviskovo.hr\/wp-content\/uploads\/2020\/05\/Halubajski_zvon\u010dari-4-Medium.jpg\",\"width\":1152,\"height\":768},{\"@type\":\"BreadcrumbList\",\"@id\":\"https:\/\/visitviskovo.hr\/de\/was-tun-2\/ideje-za-boravak\/auf-den-wegen-der-glockentraeger-halubajski-zvoncari\/#breadcrumb\",\"itemListElement\":[{\"@type\":\"ListItem\",\"position\":1,\"name\":\"Home\",\"item\":\"https:\/\/visitviskovo.hr\/de\/\"},{\"@type\":\"ListItem\",\"position\":2,\"name\":\"Was tun\",\"item\":\"https:\/\/visitviskovo.hr\/de\/was-tun-2\/\"},{\"@type\":\"ListItem\",\"position\":3,\"name\":\"Vi\u0161kovo f\u00fcr jeden Reisetyp\",\"item\":\"https:\/\/visitviskovo.hr\/de\/was-tun-2\/ideje-za-boravak\/\"},{\"@type\":\"ListItem\",\"position\":4,\"name\":\"Auf den Wegen der Glockentr\u00e4ger Halubajski Zvon\u010dari\"}]},{\"@type\":\"WebSite\",\"@id\":\"https:\/\/visitviskovo.hr\/it\/#website\",\"url\":\"https:\/\/visitviskovo.hr\/it\/\",\"name\":\"Turisti\u010dka zajednica op\u0107ine Vi\u0161kovo\",\"description\":\"\",\"potentialAction\":[{\"@type\":\"SearchAction\",\"target\":{\"@type\":\"EntryPoint\",\"urlTemplate\":\"https:\/\/visitviskovo.hr\/it\/?s={search_term_string}\"},\"query-input\":\"required name=search_term_string\"}],\"inLanguage\":\"de-DE\"}]}<\/script>\n<!-- \/ Yoast SEO plugin. -->","yoast_head_json":{"title":"Auf den Wegen der Glockentr\u00e4ger Halubajski Zvon\u010dari - Turisti\u010dka zajednica op\u0107ine Vi\u0161kovo","robots":{"index":"index","follow":"follow","max-snippet":"max-snippet:-1","max-image-preview":"max-image-preview:large","max-video-preview":"max-video-preview:-1"},"canonical":"https:\/\/visitviskovo.hr\/de\/was-tun-2\/ideje-za-boravak\/auf-den-wegen-der-glockentraeger-halubajski-zvoncari\/","og_locale":"de_DE","og_type":"article","og_title":"Auf den Wegen der Glockentr\u00e4ger Halubajski Zvon\u010dari - Turisti\u010dka zajednica op\u0107ine Vi\u0161kovo","og_description":"Vi\u0161kovo ist heute ein Ort, in dem Tradition Schulter an Schulter mit moderner Lebensweise weiterlebt. Man kann das am besten in der Karnevalszeit erleben. Der Karneval beginnt mit dem Erklingen des Antoniushorns am Gedenktag des hl. Antonius im Zentrum von Vi\u0161kovo. Jedes Jahr l\u00e4sst der Karneval von Halubje am ersten Samstag nach dem Antoniustag die [&hellip;]","og_url":"https:\/\/visitviskovo.hr\/de\/was-tun-2\/ideje-za-boravak\/auf-den-wegen-der-glockentraeger-halubajski-zvoncari\/","og_site_name":"Turisti\u010dka zajednica op\u0107ine Vi\u0161kovo","article_publisher":"https:\/\/web.facebook.com\/VisitViskovo","article_modified_time":"2020-06-21T12:30:40+00:00","og_image":[{"width":1152,"height":768,"url":"https:\/\/visitviskovo.hr\/wp-content\/uploads\/2020\/05\/Halubajski_zvon\u010dari-4-Medium.jpg","type":"image\/jpeg"}],"twitter_card":"summary_large_image","twitter_misc":{"Gesch\u00e4tzte Lesezeit":"3 Minuten"},"schema":{"@context":"https:\/\/schema.org","@graph":[{"@type":"WebPage","@id":"https:\/\/visitviskovo.hr\/de\/was-tun-2\/ideje-za-boravak\/auf-den-wegen-der-glockentraeger-halubajski-zvoncari\/","url":"https:\/\/visitviskovo.hr\/de\/was-tun-2\/ideje-za-boravak\/auf-den-wegen-der-glockentraeger-halubajski-zvoncari\/","name":"Auf den Wegen der Glockentr\u00e4ger Halubajski Zvon\u010dari - Turisti\u010dka zajednica op\u0107ine Vi\u0161kovo","isPartOf":{"@id":"https:\/\/visitviskovo.hr\/it\/#website"},"primaryImageOfPage":{"@id":"https:\/\/visitviskovo.hr\/de\/was-tun-2\/ideje-za-boravak\/auf-den-wegen-der-glockentraeger-halubajski-zvoncari\/#primaryimage"},"image":{"@id":"https:\/\/visitviskovo.hr\/de\/was-tun-2\/ideje-za-boravak\/auf-den-wegen-der-glockentraeger-halubajski-zvoncari\/#primaryimage"},"thumbnailUrl":"https:\/\/visitviskovo.hr\/wp-content\/uploads\/2020\/05\/Halubajski_zvon\u010dari-4-Medium.jpg","datePublished":"2020-05-15T07:24:12+00:00","dateModified":"2020-06-21T12:30:40+00:00","breadcrumb":{"@id":"https:\/\/visitviskovo.hr\/de\/was-tun-2\/ideje-za-boravak\/auf-den-wegen-der-glockentraeger-halubajski-zvoncari\/#breadcrumb"},"inLanguage":"de-DE","potentialAction":[{"@type":"ReadAction","target":["https:\/\/visitviskovo.hr\/de\/was-tun-2\/ideje-za-boravak\/auf-den-wegen-der-glockentraeger-halubajski-zvoncari\/"]}]},{"@type":"ImageObject","inLanguage":"de-DE","@id":"https:\/\/visitviskovo.hr\/de\/was-tun-2\/ideje-za-boravak\/auf-den-wegen-der-glockentraeger-halubajski-zvoncari\/#primaryimage","url":"https:\/\/visitviskovo.hr\/wp-content\/uploads\/2020\/05\/Halubajski_zvon\u010dari-4-Medium.jpg","contentUrl":"https:\/\/visitviskovo.hr\/wp-content\/uploads\/2020\/05\/Halubajski_zvon\u010dari-4-Medium.jpg","width":1152,"height":768},{"@type":"BreadcrumbList","@id":"https:\/\/visitviskovo.hr\/de\/was-tun-2\/ideje-za-boravak\/auf-den-wegen-der-glockentraeger-halubajski-zvoncari\/#breadcrumb","itemListElement":[{"@type":"ListItem","position":1,"name":"Home","item":"https:\/\/visitviskovo.hr\/de\/"},{"@type":"ListItem","position":2,"name":"Was tun","item":"https:\/\/visitviskovo.hr\/de\/was-tun-2\/"},{"@type":"ListItem","position":3,"name":"Vi\u0161kovo f\u00fcr jeden Reisetyp","item":"https:\/\/visitviskovo.hr\/de\/was-tun-2\/ideje-za-boravak\/"},{"@type":"ListItem","position":4,"name":"Auf den Wegen der Glockentr\u00e4ger Halubajski Zvon\u010dari"}]},{"@type":"WebSite","@id":"https:\/\/visitviskovo.hr\/it\/#website","url":"https:\/\/visitviskovo.hr\/it\/","name":"Turisti\u010dka zajednica op\u0107ine Vi\u0161kovo","description":"","potentialAction":[{"@type":"SearchAction","target":{"@type":"EntryPoint","urlTemplate":"https:\/\/visitviskovo.hr\/it\/?s={search_term_string}"},"query-input":"required name=search_term_string"}],"inLanguage":"de-DE"}]}},"_links":{"self":[{"href":"https:\/\/visitviskovo.hr\/de\/wp-json\/wp\/v2\/pages\/13874"}],"collection":[{"href":"https:\/\/visitviskovo.hr\/de\/wp-json\/wp\/v2\/pages"}],"about":[{"href":"https:\/\/visitviskovo.hr\/de\/wp-json\/wp\/v2\/types\/page"}],"author":[{"embeddable":true,"href":"https:\/\/visitviskovo.hr\/de\/wp-json\/wp\/v2\/users\/4"}],"replies":[{"embeddable":true,"href":"https:\/\/visitviskovo.hr\/de\/wp-json\/wp\/v2\/comments?post=13874"}],"version-history":[{"count":2,"href":"https:\/\/visitviskovo.hr\/de\/wp-json\/wp\/v2\/pages\/13874\/revisions"}],"predecessor-version":[{"id":14628,"href":"https:\/\/visitviskovo.hr\/de\/wp-json\/wp\/v2\/pages\/13874\/revisions\/14628"}],"up":[{"embeddable":true,"href":"https:\/\/visitviskovo.hr\/de\/wp-json\/wp\/v2\/pages\/8142"}],"wp:featuredmedia":[{"embeddable":true,"href":"https:\/\/visitviskovo.hr\/de\/wp-json\/wp\/v2\/media\/13730"}],"wp:attachment":[{"href":"https:\/\/visitviskovo.hr\/de\/wp-json\/wp\/v2\/media?parent=13874"}],"curies":[{"name":"wp","href":"https:\/\/api.w.org\/{rel}","templated":true}]}}