{"id":13883,"date":"2020-05-15T07:52:32","date_gmt":"2020-05-15T07:52:32","guid":{"rendered":"https:\/\/visitviskovo.hr\/?page_id=13883"},"modified":"2024-04-08T10:55:23","modified_gmt":"2024-04-08T10:55:23","slug":"gromace-die-trockenmauern","status":"publish","type":"page","link":"https:\/\/visitviskovo.hr\/de\/entdecke-viskovo\/kulturerbe\/gromace-die-trockenmauern\/","title":{"rendered":"Groma\u010de &#8211; die Trockenmauern"},"content":{"rendered":"\n<p>Trockenmauern pr\u00e4gen das Bild der Gemeinde Vi\u0161kovo. Sie erstrecken sich entlang der Wege, begrenzen einzelne Grundst\u00fccke, st\u00fctzen Gartenbeete ab und umz\u00e4unen <em>Kali\u0107i<\/em>-Teiche.<\/p>\n\n\n\n<p>Der Bau einer best\u00e4ndigen Trockenmauer bedarf des Wissens und der Geduld. Um auf dem kargen Karstboden \u00fcberleben zu k\u00f6nnen, brauchte man viele kleinere Grundst\u00fccke. Deshalb wurden die Parzellen regelm\u00e4\u00dfig von Steinen befreit, die dann entlang der Grundst\u00fccksgrenzen sorgf\u00e4ltig gestapelt wurden, um so das Vieh fernzuhalten. Auf gleiche Weise sind auch Trockenmauern entlang der Wege entstanden. Am anspruchsvollsten war der Bau der St\u00fctzmauern. Da Ackerland meistens in der N\u00e4he der H\u00e4user nicht vorhanden war, baute man terrassenf\u00f6rmige G\u00e4rten und st\u00fctzte diese mit Trockenmauern ab. Diese mussten fest genug sein, um dem Druck des Bodens standhalten zu k\u00f6nnen; die Erde wurde in R\u00fcckenk\u00f6rben oder auf Pferdewagen von anderen Standorten herangetragen. Diese Orte nannte man \u00f6rtlich <em>Raba<\/em> nach dem altslawischen Wort f\u00fcr Sklavin.<\/p>\n\n\n\n<p>Auf dieselbe Weise wurden auch einfache Behausungen als Schutz f\u00fcr das Vieh und bei Bedarf auch die Menschen gebaut. Solche Bauten hei\u00dfen <em>Halube<\/em>. Es wird daher davon ausgegangen, dass der Name <em>Halubje<\/em> von diesem Wort abgeleitet wurde. <\/p>\n\n\n\n<p>Die Einfachheit und Best\u00e4ndigkeit der Trockenmauer sind eine Art Metapher f\u00fcr das Leben in dieser Gegend. Mit Moos bedeckt halten sie heute immer noch das Andenken an ihre Erbauer aufrecht. Sie folgen der Gel\u00e4ndeform entlang uralter Wege und erinnern an vergangene Zeiten, die von harter Arbeit und Beharrlichkeit gepr\u00e4gt waren. <\/p>\n\n\n\n<p>Diesen charakteristischen Teil unserer Landschaft k\u00f6nnen Sie bei einem angenehmen <a href=\"https:\/\/visitviskovo.hr\/de\/was-tun-2\/fahrrad-und-wanderwege\/wanderwege\/\">Spaziergang<\/a> oder einer entspannten <a href=\"https:\/\/visitviskovo.hr\/de\/was-tun-2\/fahrrad-und-wanderwege\/fahrradwege\/\">Radtour<\/a> auf den Wegen von Vi\u0161kovo und der <a href=\"https:\/\/visitviskovo.hr\/de\/was-tun-2\/fahrrad-und-wanderwege\/die-fahrradtransversale-des-rings-von-rijeka\/\">Umgebung von Rijeka <\/a>erleben.<\/p>\n\n\n\n<p><a href=\"https:\/\/visitviskovo.hr\/wp-content\/uploads\/2020\/05\/Viskovo_strana_2_2019_07_187_outlines.pdf\">Karte von Vi\u0161kovo<\/a><\/p>\n\n\n\n<p><a href=\"https:\/\/visitviskovo.hr\/wp-content\/uploads\/2019\/08\/Biciklisti\u010dka-karta-Vi\u0161kovo-1.pdf\">Fahrrad und Wanderwege<\/a><\/p>\n","protected":false},"excerpt":{"rendered":"<p>Trockenmauern pr\u00e4gen das Bild der Gemeinde Vi\u0161kovo. Sie erstrecken sich entlang der Wege, begrenzen einzelne Grundst\u00fccke, st\u00fctzen Gartenbeete ab und umz\u00e4unen Kali\u0107i-Teiche. Der Bau einer best\u00e4ndigen Trockenmauer bedarf des Wissens und der Geduld. Um auf dem kargen Karstboden \u00fcberleben zu k\u00f6nnen, brauchte man viele kleinere Grundst\u00fccke. Deshalb wurden die Parzellen regelm\u00e4\u00dfig von Steinen befreit, die [&hellip;]<\/p>\n","protected":false},"author":4,"featured_media":13980,"parent":4224,"menu_order":0,"comment_status":"closed","ping_status":"closed","template":"","meta":{"_acf_changed":false,"footnotes":""},"acf":[],"yoast_head":"<!-- This site is optimized with the Yoast SEO plugin v22.7 - https:\/\/yoast.com\/wordpress\/plugins\/seo\/ -->\n<title>Groma\u010de - die Trockenmauern - Turisti\u010dka zajednica op\u0107ine Vi\u0161kovo<\/title>\n<meta name=\"robots\" content=\"index, follow, max-snippet:-1, max-image-preview:large, max-video-preview:-1\" \/>\n<link rel=\"canonical\" href=\"https:\/\/visitviskovo.hr\/de\/entdecke-viskovo\/kulturerbe\/gromace-die-trockenmauern\/\" \/>\n<meta property=\"og:locale\" content=\"de_DE\" \/>\n<meta property=\"og:type\" content=\"article\" \/>\n<meta property=\"og:title\" content=\"Groma\u010de - die Trockenmauern - Turisti\u010dka zajednica op\u0107ine Vi\u0161kovo\" \/>\n<meta property=\"og:description\" content=\"Trockenmauern pr\u00e4gen das Bild der Gemeinde Vi\u0161kovo. Sie erstrecken sich entlang der Wege, begrenzen einzelne Grundst\u00fccke, st\u00fctzen Gartenbeete ab und umz\u00e4unen Kali\u0107i-Teiche. Der Bau einer best\u00e4ndigen Trockenmauer bedarf des Wissens und der Geduld. Um auf dem kargen Karstboden \u00fcberleben zu k\u00f6nnen, brauchte man viele kleinere Grundst\u00fccke. Deshalb wurden die Parzellen regelm\u00e4\u00dfig von Steinen befreit, die [&hellip;]\" \/>\n<meta property=\"og:url\" content=\"https:\/\/visitviskovo.hr\/de\/entdecke-viskovo\/kulturerbe\/gromace-die-trockenmauern\/\" \/>\n<meta property=\"og:site_name\" content=\"Turisti\u010dka zajednica op\u0107ine Vi\u0161kovo\" \/>\n<meta property=\"article:publisher\" content=\"https:\/\/web.facebook.com\/VisitViskovo\" \/>\n<meta property=\"article:modified_time\" content=\"2024-04-08T10:55:23+00:00\" \/>\n<meta property=\"og:image\" content=\"https:\/\/visitviskovo.hr\/wp-content\/uploads\/2020\/05\/KAPITI2-Medium.jpg\" \/>\n\t<meta property=\"og:image:width\" content=\"1152\" \/>\n\t<meta property=\"og:image:height\" content=\"768\" \/>\n\t<meta property=\"og:image:type\" content=\"image\/jpeg\" \/>\n<meta name=\"twitter:card\" content=\"summary_large_image\" \/>\n<meta name=\"twitter:label1\" content=\"Gesch\u00e4tzte Lesezeit\" \/>\n\t<meta name=\"twitter:data1\" content=\"2 Minuten\" \/>\n<script type=\"application\/ld+json\" class=\"yoast-schema-graph\">{\"@context\":\"https:\/\/schema.org\",\"@graph\":[{\"@type\":\"WebPage\",\"@id\":\"https:\/\/visitviskovo.hr\/de\/entdecke-viskovo\/kulturerbe\/gromace-die-trockenmauern\/\",\"url\":\"https:\/\/visitviskovo.hr\/de\/entdecke-viskovo\/kulturerbe\/gromace-die-trockenmauern\/\",\"name\":\"Groma\u010de - die Trockenmauern - Turisti\u010dka zajednica op\u0107ine Vi\u0161kovo\",\"isPartOf\":{\"@id\":\"https:\/\/visitviskovo.hr\/it\/#website\"},\"primaryImageOfPage\":{\"@id\":\"https:\/\/visitviskovo.hr\/de\/entdecke-viskovo\/kulturerbe\/gromace-die-trockenmauern\/#primaryimage\"},\"image\":{\"@id\":\"https:\/\/visitviskovo.hr\/de\/entdecke-viskovo\/kulturerbe\/gromace-die-trockenmauern\/#primaryimage\"},\"thumbnailUrl\":\"https:\/\/visitviskovo.hr\/wp-content\/uploads\/2020\/05\/KAPITI2-Medium.jpg\",\"datePublished\":\"2020-05-15T07:52:32+00:00\",\"dateModified\":\"2024-04-08T10:55:23+00:00\",\"breadcrumb\":{\"@id\":\"https:\/\/visitviskovo.hr\/de\/entdecke-viskovo\/kulturerbe\/gromace-die-trockenmauern\/#breadcrumb\"},\"inLanguage\":\"de-DE\",\"potentialAction\":[{\"@type\":\"ReadAction\",\"target\":[\"https:\/\/visitviskovo.hr\/de\/entdecke-viskovo\/kulturerbe\/gromace-die-trockenmauern\/\"]}]},{\"@type\":\"ImageObject\",\"inLanguage\":\"de-DE\",\"@id\":\"https:\/\/visitviskovo.hr\/de\/entdecke-viskovo\/kulturerbe\/gromace-die-trockenmauern\/#primaryimage\",\"url\":\"https:\/\/visitviskovo.hr\/wp-content\/uploads\/2020\/05\/KAPITI2-Medium.jpg\",\"contentUrl\":\"https:\/\/visitviskovo.hr\/wp-content\/uploads\/2020\/05\/KAPITI2-Medium.jpg\",\"width\":1152,\"height\":768},{\"@type\":\"BreadcrumbList\",\"@id\":\"https:\/\/visitviskovo.hr\/de\/entdecke-viskovo\/kulturerbe\/gromace-die-trockenmauern\/#breadcrumb\",\"itemListElement\":[{\"@type\":\"ListItem\",\"position\":1,\"name\":\"Home\",\"item\":\"https:\/\/visitviskovo.hr\/de\/\"},{\"@type\":\"ListItem\",\"position\":2,\"name\":\"Entdecke Vi\u0161kovo\",\"item\":\"https:\/\/visitviskovo.hr\/de\/entdecke-viskovo\/\"},{\"@type\":\"ListItem\",\"position\":3,\"name\":\"Kulturerbe\",\"item\":\"https:\/\/visitviskovo.hr\/de\/entdecke-viskovo\/kulturerbe\/\"},{\"@type\":\"ListItem\",\"position\":4,\"name\":\"Groma\u010de &#8211; die Trockenmauern\"}]},{\"@type\":\"WebSite\",\"@id\":\"https:\/\/visitviskovo.hr\/it\/#website\",\"url\":\"https:\/\/visitviskovo.hr\/it\/\",\"name\":\"Turisti\u010dka zajednica op\u0107ine Vi\u0161kovo\",\"description\":\"\",\"potentialAction\":[{\"@type\":\"SearchAction\",\"target\":{\"@type\":\"EntryPoint\",\"urlTemplate\":\"https:\/\/visitviskovo.hr\/it\/?s={search_term_string}\"},\"query-input\":\"required name=search_term_string\"}],\"inLanguage\":\"de-DE\"}]}<\/script>\n<!-- \/ Yoast SEO plugin. -->","yoast_head_json":{"title":"Groma\u010de - die Trockenmauern - Turisti\u010dka zajednica op\u0107ine Vi\u0161kovo","robots":{"index":"index","follow":"follow","max-snippet":"max-snippet:-1","max-image-preview":"max-image-preview:large","max-video-preview":"max-video-preview:-1"},"canonical":"https:\/\/visitviskovo.hr\/de\/entdecke-viskovo\/kulturerbe\/gromace-die-trockenmauern\/","og_locale":"de_DE","og_type":"article","og_title":"Groma\u010de - die Trockenmauern - Turisti\u010dka zajednica op\u0107ine Vi\u0161kovo","og_description":"Trockenmauern pr\u00e4gen das Bild der Gemeinde Vi\u0161kovo. Sie erstrecken sich entlang der Wege, begrenzen einzelne Grundst\u00fccke, st\u00fctzen Gartenbeete ab und umz\u00e4unen Kali\u0107i-Teiche. Der Bau einer best\u00e4ndigen Trockenmauer bedarf des Wissens und der Geduld. Um auf dem kargen Karstboden \u00fcberleben zu k\u00f6nnen, brauchte man viele kleinere Grundst\u00fccke. Deshalb wurden die Parzellen regelm\u00e4\u00dfig von Steinen befreit, die [&hellip;]","og_url":"https:\/\/visitviskovo.hr\/de\/entdecke-viskovo\/kulturerbe\/gromace-die-trockenmauern\/","og_site_name":"Turisti\u010dka zajednica op\u0107ine Vi\u0161kovo","article_publisher":"https:\/\/web.facebook.com\/VisitViskovo","article_modified_time":"2024-04-08T10:55:23+00:00","og_image":[{"width":1152,"height":768,"url":"https:\/\/visitviskovo.hr\/wp-content\/uploads\/2020\/05\/KAPITI2-Medium.jpg","type":"image\/jpeg"}],"twitter_card":"summary_large_image","twitter_misc":{"Gesch\u00e4tzte Lesezeit":"2 Minuten"},"schema":{"@context":"https:\/\/schema.org","@graph":[{"@type":"WebPage","@id":"https:\/\/visitviskovo.hr\/de\/entdecke-viskovo\/kulturerbe\/gromace-die-trockenmauern\/","url":"https:\/\/visitviskovo.hr\/de\/entdecke-viskovo\/kulturerbe\/gromace-die-trockenmauern\/","name":"Groma\u010de - die Trockenmauern - Turisti\u010dka zajednica op\u0107ine Vi\u0161kovo","isPartOf":{"@id":"https:\/\/visitviskovo.hr\/it\/#website"},"primaryImageOfPage":{"@id":"https:\/\/visitviskovo.hr\/de\/entdecke-viskovo\/kulturerbe\/gromace-die-trockenmauern\/#primaryimage"},"image":{"@id":"https:\/\/visitviskovo.hr\/de\/entdecke-viskovo\/kulturerbe\/gromace-die-trockenmauern\/#primaryimage"},"thumbnailUrl":"https:\/\/visitviskovo.hr\/wp-content\/uploads\/2020\/05\/KAPITI2-Medium.jpg","datePublished":"2020-05-15T07:52:32+00:00","dateModified":"2024-04-08T10:55:23+00:00","breadcrumb":{"@id":"https:\/\/visitviskovo.hr\/de\/entdecke-viskovo\/kulturerbe\/gromace-die-trockenmauern\/#breadcrumb"},"inLanguage":"de-DE","potentialAction":[{"@type":"ReadAction","target":["https:\/\/visitviskovo.hr\/de\/entdecke-viskovo\/kulturerbe\/gromace-die-trockenmauern\/"]}]},{"@type":"ImageObject","inLanguage":"de-DE","@id":"https:\/\/visitviskovo.hr\/de\/entdecke-viskovo\/kulturerbe\/gromace-die-trockenmauern\/#primaryimage","url":"https:\/\/visitviskovo.hr\/wp-content\/uploads\/2020\/05\/KAPITI2-Medium.jpg","contentUrl":"https:\/\/visitviskovo.hr\/wp-content\/uploads\/2020\/05\/KAPITI2-Medium.jpg","width":1152,"height":768},{"@type":"BreadcrumbList","@id":"https:\/\/visitviskovo.hr\/de\/entdecke-viskovo\/kulturerbe\/gromace-die-trockenmauern\/#breadcrumb","itemListElement":[{"@type":"ListItem","position":1,"name":"Home","item":"https:\/\/visitviskovo.hr\/de\/"},{"@type":"ListItem","position":2,"name":"Entdecke Vi\u0161kovo","item":"https:\/\/visitviskovo.hr\/de\/entdecke-viskovo\/"},{"@type":"ListItem","position":3,"name":"Kulturerbe","item":"https:\/\/visitviskovo.hr\/de\/entdecke-viskovo\/kulturerbe\/"},{"@type":"ListItem","position":4,"name":"Groma\u010de &#8211; die Trockenmauern"}]},{"@type":"WebSite","@id":"https:\/\/visitviskovo.hr\/it\/#website","url":"https:\/\/visitviskovo.hr\/it\/","name":"Turisti\u010dka zajednica op\u0107ine Vi\u0161kovo","description":"","potentialAction":[{"@type":"SearchAction","target":{"@type":"EntryPoint","urlTemplate":"https:\/\/visitviskovo.hr\/it\/?s={search_term_string}"},"query-input":"required name=search_term_string"}],"inLanguage":"de-DE"}]}},"_links":{"self":[{"href":"https:\/\/visitviskovo.hr\/de\/wp-json\/wp\/v2\/pages\/13883"}],"collection":[{"href":"https:\/\/visitviskovo.hr\/de\/wp-json\/wp\/v2\/pages"}],"about":[{"href":"https:\/\/visitviskovo.hr\/de\/wp-json\/wp\/v2\/types\/page"}],"author":[{"embeddable":true,"href":"https:\/\/visitviskovo.hr\/de\/wp-json\/wp\/v2\/users\/4"}],"replies":[{"embeddable":true,"href":"https:\/\/visitviskovo.hr\/de\/wp-json\/wp\/v2\/comments?post=13883"}],"version-history":[{"count":3,"href":"https:\/\/visitviskovo.hr\/de\/wp-json\/wp\/v2\/pages\/13883\/revisions"}],"predecessor-version":[{"id":20908,"href":"https:\/\/visitviskovo.hr\/de\/wp-json\/wp\/v2\/pages\/13883\/revisions\/20908"}],"up":[{"embeddable":true,"href":"https:\/\/visitviskovo.hr\/de\/wp-json\/wp\/v2\/pages\/4224"}],"wp:featuredmedia":[{"embeddable":true,"href":"https:\/\/visitviskovo.hr\/de\/wp-json\/wp\/v2\/media\/13980"}],"wp:attachment":[{"href":"https:\/\/visitviskovo.hr\/de\/wp-json\/wp\/v2\/media?parent=13883"}],"curies":[{"name":"wp","href":"https:\/\/api.w.org\/{rel}","templated":true}]}}