{"id":13897,"date":"2020-05-15T08:57:08","date_gmt":"2020-05-15T08:57:08","guid":{"rendered":"https:\/\/visitviskovo.hr\/?page_id=13897"},"modified":"2020-05-15T08:57:09","modified_gmt":"2020-05-15T08:57:09","slug":"kalici-wasserteiche","status":"publish","type":"page","link":"https:\/\/visitviskovo.hr\/de\/was-tun-2\/kalici-wasserteiche\/","title":{"rendered":"Kali\u0107i &#8211; Wasserteiche"},"content":{"rendered":"\n<p><em>Kali\u0107 <\/em>ist der Name f\u00fcr einen kleinen Teich, der in einer Gel\u00e4ndesenkung entstanden ist.  Es handelt sich dabei um Teiche, die urspr\u00fcnglich von der Natur in Bodensenken entstanden sind und danach nachtr\u00e4glich von Menschenhand gestaltet wurden. Der Boden eines solchen Teiches wurde durch das Zusammenwirken von Natur, Mensch und Vieh wasserundurchl\u00e4ssig: Die Menschen schafften Lehm heran und das Vieh verdichtete ihn mit den Hufen. Damit das Wasser sauber blieb, musste der Teich instandgehalten werden. Deshalb wurden Teiche mit Steinen umz\u00e4unt und mit einem Zugangsweg sowie einem speziellen Stein namens<em> Brentenjak <\/em>versehen, auf den man die <em>Brenta<\/em> bzw. den Wasserbeh\u00e4lter abstellen konnte.  Wie wichtig die Teiche f\u00fcr die Menschen waren, bezeugt der Glaube der Menschen, dass nachts dort <a href=\"https:\/\/visitviskovo.hr\/de\/entdecke-viskovo\/legenden-und-glaubensvorstellungen\/\">Feen <\/a>badeten.  <\/p>\n\n\n\n<p>Im Gebiet der Gemeinde Vi\u0161kovo gibt es viele <em>Kali\u0107<\/em>-Wasserteiche. Jedes Dorf hatte mindestens einen oder zwei davon \u2013 in der Regel kleinere. Manche waren wiederum so gro\u00df, dass Kinder dort das Schwimmen erlernten. Der bekannteste Teich ist Kapitovac  in der tiefsten Doline in Vi\u0161kovo.  <\/p>\n\n\n\n<h2 class=\"wp-block-heading\">Der Teich Kapitovac<\/h2>\n\n\n\n<p>Eine der tiefsten und gr\u00f6\u00dften Dolinen in Halubje liegt s\u00fcdlich des Dorfes Kapiti. Die Doline hei\u00dft Kapitov Dol und der <em>Kali\u0107<\/em> hei\u00dft Kapitovac.  <\/p>\n\n\n\n<p>Der Teich Kapitovac hat eine elliptische Form und eine Fl\u00e4che von ca. 300 m\u00b2.  Dank seiner Lage und seiner Gr\u00f6\u00dfe war Kapitovac sogar in hei\u00dfen Sommern eine unersch\u00f6pfliche und zuverl\u00e4ssige Wasserquelle und wurde bei Bedarf auch von den Bewohnern weiter entfernter D\u00f6rfer genutzt. Das Wasser aus dem <em>Kali\u0107<\/em> trug man in einem h\u00f6lzernen Beh\u00e4lter namens <em>Brenta<\/em> auf dem R\u00fccken. Ein <em>Kali\u0107<\/em> war aber nicht nur eine Wasser- sondern auch eine Informationsquelle: diese Teiche waren f\u00fcr die Ortsbewohner unvermeidliche Treffpunkte und spielten im gesellschaftlichen Leben eine wichtige Rolle.  <\/p>\n\n\n\n<p>Der Zugangsweg f\u00fchrt durch kleine, von Trockenmauern umgebene Grundst\u00fccke bis zu einer tiefen Doline und dann drei\u00dfig Meter steil hinunter zu einem ummauerten Teich, der mit Laubb\u00e4umen bewachsen ist.  Wanderern und Radfahrern empfehlen wir, eine Pause zu machen und Kapitovac zu besuchen, denn hier erwartet sie wundersch\u00f6ne, unber\u00fchrte Natur und eine ruhige Atmosph\u00e4re.  <\/p>\n","protected":false},"excerpt":{"rendered":"<p>Kali\u0107 ist der Name f\u00fcr einen kleinen Teich, der in einer Gel\u00e4ndesenkung entstanden ist. Es handelt sich dabei um Teiche, die urspr\u00fcnglich von der Natur in Bodensenken entstanden sind und danach nachtr\u00e4glich von Menschenhand gestaltet wurden. Der Boden eines solchen Teiches wurde durch das Zusammenwirken von Natur, Mensch und Vieh wasserundurchl\u00e4ssig: Die Menschen schafften Lehm [&hellip;]<\/p>\n","protected":false},"author":4,"featured_media":13669,"parent":4357,"menu_order":0,"comment_status":"closed","ping_status":"closed","template":"","meta":{"_acf_changed":false,"footnotes":""},"acf":[],"yoast_head":"<!-- This site is optimized with the Yoast SEO plugin v22.7 - https:\/\/yoast.com\/wordpress\/plugins\/seo\/ -->\n<title>Kali\u0107i - Wasserteiche - Turisti\u010dka zajednica op\u0107ine Vi\u0161kovo<\/title>\n<meta name=\"robots\" content=\"index, follow, max-snippet:-1, max-image-preview:large, max-video-preview:-1\" \/>\n<link rel=\"canonical\" href=\"https:\/\/visitviskovo.hr\/de\/was-tun-2\/kalici-wasserteiche\/\" \/>\n<meta property=\"og:locale\" content=\"de_DE\" \/>\n<meta property=\"og:type\" content=\"article\" \/>\n<meta property=\"og:title\" content=\"Kali\u0107i - Wasserteiche - Turisti\u010dka zajednica op\u0107ine Vi\u0161kovo\" \/>\n<meta property=\"og:description\" content=\"Kali\u0107 ist der Name f\u00fcr einen kleinen Teich, der in einer Gel\u00e4ndesenkung entstanden ist. Es handelt sich dabei um Teiche, die urspr\u00fcnglich von der Natur in Bodensenken entstanden sind und danach nachtr\u00e4glich von Menschenhand gestaltet wurden. Der Boden eines solchen Teiches wurde durch das Zusammenwirken von Natur, Mensch und Vieh wasserundurchl\u00e4ssig: Die Menschen schafften Lehm [&hellip;]\" \/>\n<meta property=\"og:url\" content=\"https:\/\/visitviskovo.hr\/de\/was-tun-2\/kalici-wasserteiche\/\" \/>\n<meta property=\"og:site_name\" content=\"Turisti\u010dka zajednica op\u0107ine Vi\u0161kovo\" \/>\n<meta property=\"article:publisher\" content=\"https:\/\/web.facebook.com\/VisitViskovo\" \/>\n<meta property=\"article:modified_time\" content=\"2020-05-15T08:57:09+00:00\" \/>\n<meta property=\"og:image\" content=\"https:\/\/visitviskovo.hr\/wp-content\/uploads\/2020\/05\/KAPITOVAC11-Medium.jpg\" \/>\n\t<meta property=\"og:image:width\" content=\"1136\" \/>\n\t<meta property=\"og:image:height\" content=\"768\" \/>\n\t<meta property=\"og:image:type\" content=\"image\/jpeg\" \/>\n<meta name=\"twitter:card\" content=\"summary_large_image\" \/>\n<meta name=\"twitter:label1\" content=\"Gesch\u00e4tzte Lesezeit\" \/>\n\t<meta name=\"twitter:data1\" content=\"2 Minuten\" \/>\n<script type=\"application\/ld+json\" class=\"yoast-schema-graph\">{\"@context\":\"https:\/\/schema.org\",\"@graph\":[{\"@type\":\"WebPage\",\"@id\":\"https:\/\/visitviskovo.hr\/de\/was-tun-2\/kalici-wasserteiche\/\",\"url\":\"https:\/\/visitviskovo.hr\/de\/was-tun-2\/kalici-wasserteiche\/\",\"name\":\"Kali\u0107i - Wasserteiche - Turisti\u010dka zajednica op\u0107ine Vi\u0161kovo\",\"isPartOf\":{\"@id\":\"https:\/\/visitviskovo.hr\/it\/#website\"},\"primaryImageOfPage\":{\"@id\":\"https:\/\/visitviskovo.hr\/de\/was-tun-2\/kalici-wasserteiche\/#primaryimage\"},\"image\":{\"@id\":\"https:\/\/visitviskovo.hr\/de\/was-tun-2\/kalici-wasserteiche\/#primaryimage\"},\"thumbnailUrl\":\"https:\/\/visitviskovo.hr\/wp-content\/uploads\/2020\/05\/KAPITOVAC11-Medium.jpg\",\"datePublished\":\"2020-05-15T08:57:08+00:00\",\"dateModified\":\"2020-05-15T08:57:09+00:00\",\"breadcrumb\":{\"@id\":\"https:\/\/visitviskovo.hr\/de\/was-tun-2\/kalici-wasserteiche\/#breadcrumb\"},\"inLanguage\":\"de-DE\",\"potentialAction\":[{\"@type\":\"ReadAction\",\"target\":[\"https:\/\/visitviskovo.hr\/de\/was-tun-2\/kalici-wasserteiche\/\"]}]},{\"@type\":\"ImageObject\",\"inLanguage\":\"de-DE\",\"@id\":\"https:\/\/visitviskovo.hr\/de\/was-tun-2\/kalici-wasserteiche\/#primaryimage\",\"url\":\"https:\/\/visitviskovo.hr\/wp-content\/uploads\/2020\/05\/KAPITOVAC11-Medium.jpg\",\"contentUrl\":\"https:\/\/visitviskovo.hr\/wp-content\/uploads\/2020\/05\/KAPITOVAC11-Medium.jpg\",\"width\":1136,\"height\":768},{\"@type\":\"BreadcrumbList\",\"@id\":\"https:\/\/visitviskovo.hr\/de\/was-tun-2\/kalici-wasserteiche\/#breadcrumb\",\"itemListElement\":[{\"@type\":\"ListItem\",\"position\":1,\"name\":\"Home\",\"item\":\"https:\/\/visitviskovo.hr\/de\/\"},{\"@type\":\"ListItem\",\"position\":2,\"name\":\"Was tun\",\"item\":\"https:\/\/visitviskovo.hr\/de\/was-tun-2\/\"},{\"@type\":\"ListItem\",\"position\":3,\"name\":\"Kali\u0107i &#8211; Wasserteiche\"}]},{\"@type\":\"WebSite\",\"@id\":\"https:\/\/visitviskovo.hr\/it\/#website\",\"url\":\"https:\/\/visitviskovo.hr\/it\/\",\"name\":\"Turisti\u010dka zajednica op\u0107ine Vi\u0161kovo\",\"description\":\"\",\"potentialAction\":[{\"@type\":\"SearchAction\",\"target\":{\"@type\":\"EntryPoint\",\"urlTemplate\":\"https:\/\/visitviskovo.hr\/it\/?s={search_term_string}\"},\"query-input\":\"required name=search_term_string\"}],\"inLanguage\":\"de-DE\"}]}<\/script>\n<!-- \/ Yoast SEO plugin. -->","yoast_head_json":{"title":"Kali\u0107i - Wasserteiche - Turisti\u010dka zajednica op\u0107ine Vi\u0161kovo","robots":{"index":"index","follow":"follow","max-snippet":"max-snippet:-1","max-image-preview":"max-image-preview:large","max-video-preview":"max-video-preview:-1"},"canonical":"https:\/\/visitviskovo.hr\/de\/was-tun-2\/kalici-wasserteiche\/","og_locale":"de_DE","og_type":"article","og_title":"Kali\u0107i - Wasserteiche - Turisti\u010dka zajednica op\u0107ine Vi\u0161kovo","og_description":"Kali\u0107 ist der Name f\u00fcr einen kleinen Teich, der in einer Gel\u00e4ndesenkung entstanden ist. Es handelt sich dabei um Teiche, die urspr\u00fcnglich von der Natur in Bodensenken entstanden sind und danach nachtr\u00e4glich von Menschenhand gestaltet wurden. Der Boden eines solchen Teiches wurde durch das Zusammenwirken von Natur, Mensch und Vieh wasserundurchl\u00e4ssig: Die Menschen schafften Lehm [&hellip;]","og_url":"https:\/\/visitviskovo.hr\/de\/was-tun-2\/kalici-wasserteiche\/","og_site_name":"Turisti\u010dka zajednica op\u0107ine Vi\u0161kovo","article_publisher":"https:\/\/web.facebook.com\/VisitViskovo","article_modified_time":"2020-05-15T08:57:09+00:00","og_image":[{"width":1136,"height":768,"url":"https:\/\/visitviskovo.hr\/wp-content\/uploads\/2020\/05\/KAPITOVAC11-Medium.jpg","type":"image\/jpeg"}],"twitter_card":"summary_large_image","twitter_misc":{"Gesch\u00e4tzte Lesezeit":"2 Minuten"},"schema":{"@context":"https:\/\/schema.org","@graph":[{"@type":"WebPage","@id":"https:\/\/visitviskovo.hr\/de\/was-tun-2\/kalici-wasserteiche\/","url":"https:\/\/visitviskovo.hr\/de\/was-tun-2\/kalici-wasserteiche\/","name":"Kali\u0107i - Wasserteiche - Turisti\u010dka zajednica op\u0107ine Vi\u0161kovo","isPartOf":{"@id":"https:\/\/visitviskovo.hr\/it\/#website"},"primaryImageOfPage":{"@id":"https:\/\/visitviskovo.hr\/de\/was-tun-2\/kalici-wasserteiche\/#primaryimage"},"image":{"@id":"https:\/\/visitviskovo.hr\/de\/was-tun-2\/kalici-wasserteiche\/#primaryimage"},"thumbnailUrl":"https:\/\/visitviskovo.hr\/wp-content\/uploads\/2020\/05\/KAPITOVAC11-Medium.jpg","datePublished":"2020-05-15T08:57:08+00:00","dateModified":"2020-05-15T08:57:09+00:00","breadcrumb":{"@id":"https:\/\/visitviskovo.hr\/de\/was-tun-2\/kalici-wasserteiche\/#breadcrumb"},"inLanguage":"de-DE","potentialAction":[{"@type":"ReadAction","target":["https:\/\/visitviskovo.hr\/de\/was-tun-2\/kalici-wasserteiche\/"]}]},{"@type":"ImageObject","inLanguage":"de-DE","@id":"https:\/\/visitviskovo.hr\/de\/was-tun-2\/kalici-wasserteiche\/#primaryimage","url":"https:\/\/visitviskovo.hr\/wp-content\/uploads\/2020\/05\/KAPITOVAC11-Medium.jpg","contentUrl":"https:\/\/visitviskovo.hr\/wp-content\/uploads\/2020\/05\/KAPITOVAC11-Medium.jpg","width":1136,"height":768},{"@type":"BreadcrumbList","@id":"https:\/\/visitviskovo.hr\/de\/was-tun-2\/kalici-wasserteiche\/#breadcrumb","itemListElement":[{"@type":"ListItem","position":1,"name":"Home","item":"https:\/\/visitviskovo.hr\/de\/"},{"@type":"ListItem","position":2,"name":"Was tun","item":"https:\/\/visitviskovo.hr\/de\/was-tun-2\/"},{"@type":"ListItem","position":3,"name":"Kali\u0107i &#8211; Wasserteiche"}]},{"@type":"WebSite","@id":"https:\/\/visitviskovo.hr\/it\/#website","url":"https:\/\/visitviskovo.hr\/it\/","name":"Turisti\u010dka zajednica op\u0107ine Vi\u0161kovo","description":"","potentialAction":[{"@type":"SearchAction","target":{"@type":"EntryPoint","urlTemplate":"https:\/\/visitviskovo.hr\/it\/?s={search_term_string}"},"query-input":"required name=search_term_string"}],"inLanguage":"de-DE"}]}},"_links":{"self":[{"href":"https:\/\/visitviskovo.hr\/de\/wp-json\/wp\/v2\/pages\/13897"}],"collection":[{"href":"https:\/\/visitviskovo.hr\/de\/wp-json\/wp\/v2\/pages"}],"about":[{"href":"https:\/\/visitviskovo.hr\/de\/wp-json\/wp\/v2\/types\/page"}],"author":[{"embeddable":true,"href":"https:\/\/visitviskovo.hr\/de\/wp-json\/wp\/v2\/users\/4"}],"replies":[{"embeddable":true,"href":"https:\/\/visitviskovo.hr\/de\/wp-json\/wp\/v2\/comments?post=13897"}],"version-history":[{"count":1,"href":"https:\/\/visitviskovo.hr\/de\/wp-json\/wp\/v2\/pages\/13897\/revisions"}],"predecessor-version":[{"id":13898,"href":"https:\/\/visitviskovo.hr\/de\/wp-json\/wp\/v2\/pages\/13897\/revisions\/13898"}],"up":[{"embeddable":true,"href":"https:\/\/visitviskovo.hr\/de\/wp-json\/wp\/v2\/pages\/4357"}],"wp:featuredmedia":[{"embeddable":true,"href":"https:\/\/visitviskovo.hr\/de\/wp-json\/wp\/v2\/media\/13669"}],"wp:attachment":[{"href":"https:\/\/visitviskovo.hr\/de\/wp-json\/wp\/v2\/media?parent=13897"}],"curies":[{"name":"wp","href":"https:\/\/api.w.org\/{rel}","templated":true}]}}