{"id":14094,"date":"2020-05-27T11:11:59","date_gmt":"2020-05-27T11:11:59","guid":{"rendered":"https:\/\/visitviskovo.hr\/?page_id=14094"},"modified":"2025-11-13T13:33:04","modified_gmt":"2025-11-13T13:33:04","slug":"viskovo-das-echo-der-tradition","status":"publish","type":"page","link":"https:\/\/visitviskovo.hr\/de\/entdecke-viskovo\/viskovo-das-echo-der-tradition\/","title":{"rendered":"Vi\u0161kovo &#8211; das Echo der Tradition"},"content":{"rendered":"\n<p>Wenn Sie eine Kulturreise durch Kroatien machen, dann sollten Sie unbedingt Vi\u0161kovo besuchen! Hier werden Sie von einer Vielzahl von Kultursch\u00e4tzen aus der <a href=\"https:\/\/visitviskovo.hr\/de\/entdecke-viskovo\/unesco\/\">UNESCO-Liste des immateriellen Kulturerbes <\/a>begr\u00fc\u00dft. Unsere liebliche Landschaft l\u00e4dt Aktivurlauber zu einer Radtour ein und unsere Spazier- und Wanderwege zu einer Auszeit vom stressigen Alltag. Zahlreiche Restaurants, Tavernen und Konditoreien bieten <a href=\"https:\/\/visitviskovo.hr\/de\/gastro\/\">k\u00f6stliche Gourmeterlebnisse<\/a> und <a href=\"https:\/\/visitviskovo.hr\/de\/wo-uebernachten\/\">die Unterk\u00fcnfte<\/a> garantieren viel Ruhe abseits des Sommertrubels, wobei die lebhafte Hafenstadt Rijeka, der charmante K\u00fcstenort Opatija, das Meer und die Str\u00e4nde immer zum Greifen nah sind.<\/p>\n\n\n\n<p>Die Gemeinde Vi\u0161kovo nimmt eine Fl\u00e4che von 20 km<sup>2&nbsp;<\/sup>in einem h\u00fcgeligen Gebiet ein und liegt etwa zehn Kilometer von den beiden St\u00e4dten Rijeka und Opatija und nur 20 km von der Staatsgrenze zu Slowenien entfernt. Sie ist eine der Verwaltungseinheiten der Gespanschaft Primorje-Gorski Kotar, die einst zur Gemeinde Rijeka geh\u00f6rten. Die Gemeinde Vi\u0161kovo wurde am 15. April 1993 durch die Verschmelzung der beiden Ortsgemeinden Vi\u0161kovo und Marini\u0107i gegr\u00fcndet. Dieses Datum wird heute als Tag der Gemeinde Vi\u0161kovo gefeiert.<\/p>\n\n\n\n<p>Zur Zeit ihrer Gr\u00fcndung hatte die Gemeinde Vi\u0161kovo 6.918 Einwohner. Bis 2021. stieg diese Zahl auf 16.084. Die Gemeinde Vi\u0161kovo ist nach der Stadt Rijeka die am zweitdichtesten bev\u00f6lkerte lokale Verwaltungseinheit in der Gespanschaft Primorje-Gorski Kotar.<\/p>\n\n\n\n<p>Gute Verkehrsanbindung an Rijeka, die N\u00e4he zu Opatija und zum Grenz\u00fcbergang mit Slowenien, sch\u00f6ne Natur und die Vorteile des Lebens in einer kleinen Gemeinde machen Vi\u0161kovo zu einem attraktiven Lebensraum, in dem sowohl Tradition als auch die Errungenschaften der Moderne respektiert werden.<\/p>\n\n\n\n<p>Die Gemeinde Vi\u0161kovo umfasst mehrere Ortschaften, deren Grenzen zum Gro\u00dfteil den ehemaligen Bezirken entsprechen: Marini\u0107i (am st\u00e4rksten bev\u00f6lkert und fl\u00e4chenm\u00e4\u00dfig an vierter Stelle), Vi\u0161kovo, Mar\u010delji, Sar\u0161oni, Mladeni\u0107i, Sroki und Kosi.<\/p>\n\n\n\n<p>Das Verwaltungszentrum der Gemeinde ist der Ort <strong>Vi\u0161kovo<\/strong>. S\u00e4mtliche Einrichtungen sowie Lebensmittelgesch\u00e4fte und Dienstleistungsunternehmen sind entlang der Hauptstra\u00dfe zu finden: Gemeindehaus, Postamt, Grundschule, Kinderg\u00e4rten, Bibliothek, Gesundheitszentren, Apotheken, Banken, Kirche, Tourismusverband und Tankstellen.<\/p>\n\n\n\n<p>Der Ort <strong>Marini\u0107i<\/strong> liegt im s\u00fcdlichen Teil der Gemeinde Vi\u0161kovo und grenzt an die Stadteile \u0160kurinje, Pehlin und Zamet, die zu Rijeka geh\u00f6ren. Aufgrund der g\u00fcnstigen Bedingungen f\u00fcr den Anbau von Obst, und zwar insbesondere von Feigen (<em>Smokva<\/em> auf Kroatisch), nannte man dieses Gebiet in der Vergangenheit Smokvarija. Heute haben viele Unternehmen und Handwerker hier ihren Sitz.<\/p>\n\n\n\n<p>Ganz im Norden, entlang der Hauptstra\u00dfe und 400 m \u00fcber dem Meeresspiegel liegt der Ort <strong>Mar\u010delji<\/strong>, zu dem auch die D\u00f6rfer Mavri, Gari\u0107i, Kli\u0107i, Bena\u0161i, Zorzi\u0107i, Globi\u0107i und Ronjgi geh\u00f6ren. Dies ist auch die Heimat der Glockentr\u00e4ger <em>Halubajski Zvon\u010dari<\/em>, deren Umzug in die U<a href=\"https:\/\/visitviskovo.hr\/de\/entdecke-viskovo\/unesco\/\">NESCO-Liste des immateriellen Kulturerbe<\/a>s aufgenommen wurde, ebenso wie der zweistimmige Gesang, der von Ivan Mateti\u0107 aus Ronjgi niedergeschrieben wurde.<\/p>\n\n\n\n<p><strong>Sar\u0161oni<\/strong> ist die am geringsten bev\u00f6lkerte Ortschaft im nord\u00f6stlichen Teil der Gemeinde Vi\u0161kovo und liegt an einer Weggabelung. Von hier aus f\u00fchren die Stra\u00dfen nach Grobnik, nach Rijeka, zur kroatisch-slowenischen Grenze und zum Zentrum von Vi\u0161kovo. Aus den D\u00f6rfern Lu\u010di\u0107i, Skva\u017ei\u0107i und Ben\u010dani sind verschiedene Lehr- und Radwege leicht erreichbar. Der Ort <strong>Mladeni\u0107i<\/strong> erstreckt sich entlang der Hauptstra\u00dfe zwischen Sar\u0161oni und Vi\u0161kovo. Die Waldwege im Hinterland laden zu einer Entdeckungstour ein.<\/p>\n\n\n\n<p>Im westlichen Teil der Gemeinde \u2013 zwischen Vi\u0161kovo und Mar\u010delji \u2013 befinden sich die Ortschaften Gornji und Donji <strong>Sroki<\/strong>, Valjani, Kudeji, Ferenci, Pe\u0161\u0107i\u0107i und Dovi\u010di\u0107i. Die Ortschaft <strong>Kosi<\/strong> liegt entlang der alten Stra\u00dfe, die Vi\u0161kovo mit der Nachbarstadt Kastav verbindet, die bis zur Mitte des 20. Jahrhunderts das Verwaltungszentrum dieser Region war.<\/p>\n\n\n\n<p><br><\/p>\n","protected":false},"excerpt":{"rendered":"<p>Wenn Sie eine Kulturreise durch Kroatien machen, dann sollten Sie unbedingt Vi\u0161kovo besuchen! Hier werden Sie von einer Vielzahl von Kultursch\u00e4tzen aus der UNESCO-Liste des immateriellen Kulturerbes begr\u00fc\u00dft. Unsere liebliche Landschaft l\u00e4dt Aktivurlauber zu einer Radtour ein und unsere Spazier- und Wanderwege zu einer Auszeit vom stressigen Alltag. Zahlreiche Restaurants, Tavernen und Konditoreien bieten k\u00f6stliche [&hellip;]<\/p>\n","protected":false},"author":4,"featured_media":13823,"parent":4198,"menu_order":0,"comment_status":"closed","ping_status":"closed","template":"","meta":{"_acf_changed":false,"footnotes":""},"acf":[],"yoast_head":"<!-- This site is optimized with the Yoast SEO plugin v22.7 - https:\/\/yoast.com\/wordpress\/plugins\/seo\/ -->\n<title>Vi\u0161kovo - das Echo der Tradition - Turisti\u010dka zajednica op\u0107ine Vi\u0161kovo<\/title>\n<meta name=\"description\" content=\"Wenn Sie auf der Suche nach lebendiger Kultur reisen, besuchen Sie Vi\u0161kovo und erleben Sie das Echo der Tradition, verwoben mit modernen Gen\u00fcssen.\" \/>\n<meta name=\"robots\" content=\"index, follow, max-snippet:-1, max-image-preview:large, max-video-preview:-1\" \/>\n<link rel=\"canonical\" href=\"https:\/\/visitviskovo.hr\/de\/entdecke-viskovo\/viskovo-das-echo-der-tradition\/\" \/>\n<meta property=\"og:locale\" content=\"de_DE\" \/>\n<meta property=\"og:type\" content=\"article\" \/>\n<meta property=\"og:title\" content=\"Vi\u0161kovo - das Echo der Tradition - Turisti\u010dka zajednica op\u0107ine Vi\u0161kovo\" \/>\n<meta property=\"og:description\" content=\"Wenn Sie auf der Suche nach lebendiger Kultur reisen, besuchen Sie Vi\u0161kovo und erleben Sie das Echo der Tradition, verwoben mit modernen Gen\u00fcssen.\" \/>\n<meta property=\"og:url\" content=\"https:\/\/visitviskovo.hr\/de\/entdecke-viskovo\/viskovo-das-echo-der-tradition\/\" \/>\n<meta property=\"og:site_name\" content=\"Turisti\u010dka zajednica op\u0107ine Vi\u0161kovo\" \/>\n<meta property=\"article:publisher\" content=\"https:\/\/web.facebook.com\/VisitViskovo\" \/>\n<meta property=\"article:modified_time\" content=\"2025-11-13T13:33:04+00:00\" \/>\n<meta property=\"og:image\" content=\"https:\/\/visitviskovo.hr\/wp-content\/uploads\/2020\/05\/TZ-Viskovo_11072019_065-Medium.jpg\" \/>\n\t<meta property=\"og:image:width\" content=\"1153\" \/>\n\t<meta property=\"og:image:height\" content=\"768\" \/>\n\t<meta property=\"og:image:type\" content=\"image\/jpeg\" \/>\n<meta name=\"twitter:card\" content=\"summary_large_image\" \/>\n<meta name=\"twitter:label1\" content=\"Gesch\u00e4tzte Lesezeit\" \/>\n\t<meta name=\"twitter:data1\" content=\"4 Minuten\" \/>\n<script type=\"application\/ld+json\" class=\"yoast-schema-graph\">{\"@context\":\"https:\/\/schema.org\",\"@graph\":[{\"@type\":\"WebPage\",\"@id\":\"https:\/\/visitviskovo.hr\/de\/entdecke-viskovo\/viskovo-das-echo-der-tradition\/\",\"url\":\"https:\/\/visitviskovo.hr\/de\/entdecke-viskovo\/viskovo-das-echo-der-tradition\/\",\"name\":\"Vi\u0161kovo - das Echo der Tradition - Turisti\u010dka zajednica op\u0107ine Vi\u0161kovo\",\"isPartOf\":{\"@id\":\"https:\/\/visitviskovo.hr\/it\/#website\"},\"primaryImageOfPage\":{\"@id\":\"https:\/\/visitviskovo.hr\/de\/entdecke-viskovo\/viskovo-das-echo-der-tradition\/#primaryimage\"},\"image\":{\"@id\":\"https:\/\/visitviskovo.hr\/de\/entdecke-viskovo\/viskovo-das-echo-der-tradition\/#primaryimage\"},\"thumbnailUrl\":\"https:\/\/visitviskovo.hr\/wp-content\/uploads\/2020\/05\/TZ-Viskovo_11072019_065-Medium.jpg\",\"datePublished\":\"2020-05-27T11:11:59+00:00\",\"dateModified\":\"2025-11-13T13:33:04+00:00\",\"description\":\"Wenn Sie auf der Suche nach lebendiger Kultur reisen, besuchen Sie Vi\u0161kovo und erleben Sie das Echo der Tradition, verwoben mit modernen Gen\u00fcssen.\",\"breadcrumb\":{\"@id\":\"https:\/\/visitviskovo.hr\/de\/entdecke-viskovo\/viskovo-das-echo-der-tradition\/#breadcrumb\"},\"inLanguage\":\"de-DE\",\"potentialAction\":[{\"@type\":\"ReadAction\",\"target\":[\"https:\/\/visitviskovo.hr\/de\/entdecke-viskovo\/viskovo-das-echo-der-tradition\/\"]}]},{\"@type\":\"ImageObject\",\"inLanguage\":\"de-DE\",\"@id\":\"https:\/\/visitviskovo.hr\/de\/entdecke-viskovo\/viskovo-das-echo-der-tradition\/#primaryimage\",\"url\":\"https:\/\/visitviskovo.hr\/wp-content\/uploads\/2020\/05\/TZ-Viskovo_11072019_065-Medium.jpg\",\"contentUrl\":\"https:\/\/visitviskovo.hr\/wp-content\/uploads\/2020\/05\/TZ-Viskovo_11072019_065-Medium.jpg\",\"width\":1153,\"height\":768,\"caption\":\"Vi\u0161kovo\"},{\"@type\":\"BreadcrumbList\",\"@id\":\"https:\/\/visitviskovo.hr\/de\/entdecke-viskovo\/viskovo-das-echo-der-tradition\/#breadcrumb\",\"itemListElement\":[{\"@type\":\"ListItem\",\"position\":1,\"name\":\"Home\",\"item\":\"https:\/\/visitviskovo.hr\/de\/\"},{\"@type\":\"ListItem\",\"position\":2,\"name\":\"Entdecke Vi\u0161kovo\",\"item\":\"https:\/\/visitviskovo.hr\/de\/entdecke-viskovo\/\"},{\"@type\":\"ListItem\",\"position\":3,\"name\":\"Vi\u0161kovo &#8211; das Echo der Tradition\"}]},{\"@type\":\"WebSite\",\"@id\":\"https:\/\/visitviskovo.hr\/it\/#website\",\"url\":\"https:\/\/visitviskovo.hr\/it\/\",\"name\":\"Turisti\u010dka zajednica op\u0107ine Vi\u0161kovo\",\"description\":\"\",\"potentialAction\":[{\"@type\":\"SearchAction\",\"target\":{\"@type\":\"EntryPoint\",\"urlTemplate\":\"https:\/\/visitviskovo.hr\/it\/?s={search_term_string}\"},\"query-input\":\"required name=search_term_string\"}],\"inLanguage\":\"de-DE\"}]}<\/script>\n<!-- \/ Yoast SEO plugin. -->","yoast_head_json":{"title":"Vi\u0161kovo - das Echo der Tradition - Turisti\u010dka zajednica op\u0107ine Vi\u0161kovo","description":"Wenn Sie auf der Suche nach lebendiger Kultur reisen, besuchen Sie Vi\u0161kovo und erleben Sie das Echo der Tradition, verwoben mit modernen Gen\u00fcssen.","robots":{"index":"index","follow":"follow","max-snippet":"max-snippet:-1","max-image-preview":"max-image-preview:large","max-video-preview":"max-video-preview:-1"},"canonical":"https:\/\/visitviskovo.hr\/de\/entdecke-viskovo\/viskovo-das-echo-der-tradition\/","og_locale":"de_DE","og_type":"article","og_title":"Vi\u0161kovo - das Echo der Tradition - Turisti\u010dka zajednica op\u0107ine Vi\u0161kovo","og_description":"Wenn Sie auf der Suche nach lebendiger Kultur reisen, besuchen Sie Vi\u0161kovo und erleben Sie das Echo der Tradition, verwoben mit modernen Gen\u00fcssen.","og_url":"https:\/\/visitviskovo.hr\/de\/entdecke-viskovo\/viskovo-das-echo-der-tradition\/","og_site_name":"Turisti\u010dka zajednica op\u0107ine Vi\u0161kovo","article_publisher":"https:\/\/web.facebook.com\/VisitViskovo","article_modified_time":"2025-11-13T13:33:04+00:00","og_image":[{"width":1153,"height":768,"url":"https:\/\/visitviskovo.hr\/wp-content\/uploads\/2020\/05\/TZ-Viskovo_11072019_065-Medium.jpg","type":"image\/jpeg"}],"twitter_card":"summary_large_image","twitter_misc":{"Gesch\u00e4tzte Lesezeit":"4 Minuten"},"schema":{"@context":"https:\/\/schema.org","@graph":[{"@type":"WebPage","@id":"https:\/\/visitviskovo.hr\/de\/entdecke-viskovo\/viskovo-das-echo-der-tradition\/","url":"https:\/\/visitviskovo.hr\/de\/entdecke-viskovo\/viskovo-das-echo-der-tradition\/","name":"Vi\u0161kovo - das Echo der Tradition - Turisti\u010dka zajednica op\u0107ine Vi\u0161kovo","isPartOf":{"@id":"https:\/\/visitviskovo.hr\/it\/#website"},"primaryImageOfPage":{"@id":"https:\/\/visitviskovo.hr\/de\/entdecke-viskovo\/viskovo-das-echo-der-tradition\/#primaryimage"},"image":{"@id":"https:\/\/visitviskovo.hr\/de\/entdecke-viskovo\/viskovo-das-echo-der-tradition\/#primaryimage"},"thumbnailUrl":"https:\/\/visitviskovo.hr\/wp-content\/uploads\/2020\/05\/TZ-Viskovo_11072019_065-Medium.jpg","datePublished":"2020-05-27T11:11:59+00:00","dateModified":"2025-11-13T13:33:04+00:00","description":"Wenn Sie auf der Suche nach lebendiger Kultur reisen, besuchen Sie Vi\u0161kovo und erleben Sie das Echo der Tradition, verwoben mit modernen Gen\u00fcssen.","breadcrumb":{"@id":"https:\/\/visitviskovo.hr\/de\/entdecke-viskovo\/viskovo-das-echo-der-tradition\/#breadcrumb"},"inLanguage":"de-DE","potentialAction":[{"@type":"ReadAction","target":["https:\/\/visitviskovo.hr\/de\/entdecke-viskovo\/viskovo-das-echo-der-tradition\/"]}]},{"@type":"ImageObject","inLanguage":"de-DE","@id":"https:\/\/visitviskovo.hr\/de\/entdecke-viskovo\/viskovo-das-echo-der-tradition\/#primaryimage","url":"https:\/\/visitviskovo.hr\/wp-content\/uploads\/2020\/05\/TZ-Viskovo_11072019_065-Medium.jpg","contentUrl":"https:\/\/visitviskovo.hr\/wp-content\/uploads\/2020\/05\/TZ-Viskovo_11072019_065-Medium.jpg","width":1153,"height":768,"caption":"Vi\u0161kovo"},{"@type":"BreadcrumbList","@id":"https:\/\/visitviskovo.hr\/de\/entdecke-viskovo\/viskovo-das-echo-der-tradition\/#breadcrumb","itemListElement":[{"@type":"ListItem","position":1,"name":"Home","item":"https:\/\/visitviskovo.hr\/de\/"},{"@type":"ListItem","position":2,"name":"Entdecke Vi\u0161kovo","item":"https:\/\/visitviskovo.hr\/de\/entdecke-viskovo\/"},{"@type":"ListItem","position":3,"name":"Vi\u0161kovo &#8211; das Echo der Tradition"}]},{"@type":"WebSite","@id":"https:\/\/visitviskovo.hr\/it\/#website","url":"https:\/\/visitviskovo.hr\/it\/","name":"Turisti\u010dka zajednica op\u0107ine Vi\u0161kovo","description":"","potentialAction":[{"@type":"SearchAction","target":{"@type":"EntryPoint","urlTemplate":"https:\/\/visitviskovo.hr\/it\/?s={search_term_string}"},"query-input":"required name=search_term_string"}],"inLanguage":"de-DE"}]}},"_links":{"self":[{"href":"https:\/\/visitviskovo.hr\/de\/wp-json\/wp\/v2\/pages\/14094"}],"collection":[{"href":"https:\/\/visitviskovo.hr\/de\/wp-json\/wp\/v2\/pages"}],"about":[{"href":"https:\/\/visitviskovo.hr\/de\/wp-json\/wp\/v2\/types\/page"}],"author":[{"embeddable":true,"href":"https:\/\/visitviskovo.hr\/de\/wp-json\/wp\/v2\/users\/4"}],"replies":[{"embeddable":true,"href":"https:\/\/visitviskovo.hr\/de\/wp-json\/wp\/v2\/comments?post=14094"}],"version-history":[{"count":5,"href":"https:\/\/visitviskovo.hr\/de\/wp-json\/wp\/v2\/pages\/14094\/revisions"}],"predecessor-version":[{"id":22931,"href":"https:\/\/visitviskovo.hr\/de\/wp-json\/wp\/v2\/pages\/14094\/revisions\/22931"}],"up":[{"embeddable":true,"href":"https:\/\/visitviskovo.hr\/de\/wp-json\/wp\/v2\/pages\/4198"}],"wp:featuredmedia":[{"embeddable":true,"href":"https:\/\/visitviskovo.hr\/de\/wp-json\/wp\/v2\/media\/13823"}],"wp:attachment":[{"href":"https:\/\/visitviskovo.hr\/de\/wp-json\/wp\/v2\/media?parent=14094"}],"curies":[{"name":"wp","href":"https:\/\/api.w.org\/{rel}","templated":true}]}}