{"id":14205,"date":"2020-06-02T13:40:29","date_gmt":"2020-06-02T13:40:29","guid":{"rendered":"https:\/\/visitviskovo.hr\/?page_id=14205"},"modified":"2020-06-02T13:40:31","modified_gmt":"2020-06-02T13:40:31","slug":"architektur","status":"publish","type":"page","link":"https:\/\/visitviskovo.hr\/de\/entdecke-viskovo\/kulturerbe\/architektur\/","title":{"rendered":"Architektur"},"content":{"rendered":"\n<p>Ein Haus im liburnischen\nHinterland besteht typischerweise aus einem Keller (<em>Konoba<\/em>), einer K\u00fcche mit <em>Tornica<\/em>\n(halbkreisf\u00f6rmiger Anbau mit Feuerstelle), einem oder zwei Zimmern (<em>Kamera<\/em>) und einem Dachboden (<em>\u0160ufit<\/em>). Im steinbepflasterten Hof\nbefindet sich \u00fcblicherweise ein Regenwasserbrunnen (<em>\u0160terna<\/em>), ein kleiner Schafsstall (<em>Dvor<\/em>) und ein Abstellraum f\u00fcr trockene Zweigen und Laub (<em>Vejnjak<\/em>). Vor dem Eingang steht meistens\neine Pergola. <\/p>\n\n\n\n<p>Aufgrund der Gel\u00e4ndeform baute man vorwiegend eingeschossige H\u00e4user mit einem Dachboden an Steigungen. Den Wohnbereich betrat man dabei von der einen Seite und den Keller und Stall von der anderen Seite weiter unten. Der Dachboden diente als Heulager, was auch die W\u00e4rmed\u00e4mmung verbesserte. Die H\u00e4user wurden aus Stein gebaut. F\u00fcr die B\u00f6den und Decken verwendete man Holzbretter. Ein anderer Haustyp hatte beide Eing\u00e4nge auf der gleichen Seite. Zum Wohnbereich im ersten Stock gelangte man \u00fcber ein Treppenhaus, das oben in eine \u00fcberdachte Terrasse (<em>Skod<\/em>) m\u00fcndete. Darunter befand sich ein bogenf\u00f6rmiger Eingang zum Keller (<em>Volta<\/em>). <\/p>\n\n\n\n<h2 class=\"wp-block-heading\">Das Landgebiet Brnasi <\/h2>\n\n\n\n<p>Im Dorf Brnasi unweit des Zentrums von Vi\u0161kovo gibt es einige Bauwerke, die charakteristisch sind f\u00fcr die Architektur des Gebiets von Kastav. Das Dorf liegt, wenn man von Vi\u0161kovo kommend in Richtung Kastav f\u00e4hrt, hinter dem Fu\u00dfballplatz Halubjan auf der linken Seite. Die H\u00e4user sind im Privatbesitz, aber leider verlassen.  <\/p>\n\n\n\n<h2 class=\"wp-block-heading\">Kosi \u2013 Die Druckerei <\/h2>\n\n\n\n<p>Im Haus der Familie Su\u0161anj im Dorfzentrum von Kosi gab es im Zweiten Weltkrieg eine geheime Druckerei, in der Propagandamaterial gedruckt wurde. Heute geh\u00f6rt das Haus den Nachfahren der Familie Su\u0161anj.  <\/p>\n\n\n\n<h2 class=\"wp-block-heading\">Bena\u0161i &#8211; Die Druckerei<\/h2>\n\n\n\n<p>Das Haus der Familie Lu\u010di\u0107 im Ort Bena\u0161i diente im Zweiten Weltkrieg zun\u00e4chst als Zuflucht und danach auch als Druckerei, in der die Zeitungen <em>Glas Istre<\/em> und <em>Il nostro giornale<\/em> gedruckt wurden. Obwohl das Haus in das Register der Kulturg\u00fcter aufgenommen wurde, haben es seine neuen Eigent\u00fcmer komplett renoviert. Von der ruhmreichen Vergangenheit zeugen heute Gedenktafeln auf der R\u00fcckseite. <\/p>\n\n\n\n<h2 class=\"wp-block-heading\">Das Haus Srok<\/h2>\n\n\n\n<p>Das Haus Srok befindet sich im Dorf Brnasi und besteht aus einem eingeschossigen Wohnbau mit Giebeldach, das mit f\u00fcr diese Region charakteristischen Dachziegeln gedeckt ist, und aus einem apsidialen Anbau auf der Nordseite mit Feuerstelle, der \u00f6rtlich <em>Tornica<\/em> genannt wird. Die <em>Tornica <\/em>ist auch mit typischen Dachziegeln gedeckt und hatte urspr\u00fcnglich einen Schornstein in der Dachmitte. Das Haus befindet sich in der N\u00e4he des Hauses \u0160irola-Kova\u010di\u0107, das ebenfalls mit einer <em>Tornica <\/em>versehen ist. Die beiden H\u00e4user geh\u00f6ren architektonisch zusammen und sind eines der letzten Beispiele f\u00fcr die traditionelle Bauweise im Gebiet von Kastav und Halubje.<\/p>\n\n\n\n<h2 class=\"wp-block-heading\">Das Haus \u0160irola &#8211; Kova\u010di\u0107<\/h2>\n\n\n\n<p>Das Haus \u0160irola-Kova\u010di\u0107 in Brnasi besteht aus zwei miteinander verbundenen Wohnbauten und einem Nebengeb\u00e4ude aus Stein mit einem eingest\u00fcrzten Giebeldach und teilweise erhaltenen Dachziegeln. Zum Haus geh\u00f6rt eine halbkreisf\u00f6rmige <em>Tornica <\/em>mit einem massiven Schornstein. Auf der Mauer ist oberhalb des kleinen Fensters mit einem Rahmen aus Stein ein rustikaler, aus Stein gemei\u00dfelter m\u00e4nnlicher Kopf angebracht. Neben dem Haus befindet sich eine Zisterne aus Stein. Dieses und das benachbarte Haus Srok bilden zusammen einen thematischen Baukomplex. In Bezug auf die Bauweise ist das Haus \u0160irola-Kova\u010di\u0107 ein typisches Beispiel f\u00fcr ein Wohnhaus mit Nebengeb\u00e4ude aus dem 19. Jahrhundert im Gebiet von Kastav. <\/p>\n","protected":false},"excerpt":{"rendered":"<p>Ein Haus im liburnischen Hinterland besteht typischerweise aus einem Keller (Konoba), einer K\u00fcche mit Tornica (halbkreisf\u00f6rmiger Anbau mit Feuerstelle), einem oder zwei Zimmern (Kamera) und einem Dachboden (\u0160ufit). Im steinbepflasterten Hof befindet sich \u00fcblicherweise ein Regenwasserbrunnen (\u0160terna), ein kleiner Schafsstall (Dvor) und ein Abstellraum f\u00fcr trockene Zweigen und Laub (Vejnjak). Vor dem Eingang steht meistens [&hellip;]<\/p>\n","protected":false},"author":4,"featured_media":8505,"parent":4224,"menu_order":0,"comment_status":"closed","ping_status":"closed","template":"","meta":{"_acf_changed":false,"footnotes":""},"acf":[],"yoast_head":"<!-- This site is optimized with the Yoast SEO plugin v22.7 - https:\/\/yoast.com\/wordpress\/plugins\/seo\/ -->\n<title>Architektur - Turisti\u010dka zajednica op\u0107ine Vi\u0161kovo<\/title>\n<meta name=\"robots\" content=\"index, follow, max-snippet:-1, max-image-preview:large, max-video-preview:-1\" \/>\n<link rel=\"canonical\" href=\"https:\/\/visitviskovo.hr\/de\/entdecke-viskovo\/kulturerbe\/architektur\/\" \/>\n<meta property=\"og:locale\" content=\"de_DE\" \/>\n<meta property=\"og:type\" content=\"article\" \/>\n<meta property=\"og:title\" content=\"Architektur - Turisti\u010dka zajednica op\u0107ine Vi\u0161kovo\" \/>\n<meta property=\"og:description\" content=\"Ein Haus im liburnischen Hinterland besteht typischerweise aus einem Keller (Konoba), einer K\u00fcche mit Tornica (halbkreisf\u00f6rmiger Anbau mit Feuerstelle), einem oder zwei Zimmern (Kamera) und einem Dachboden (\u0160ufit). Im steinbepflasterten Hof befindet sich \u00fcblicherweise ein Regenwasserbrunnen (\u0160terna), ein kleiner Schafsstall (Dvor) und ein Abstellraum f\u00fcr trockene Zweigen und Laub (Vejnjak). Vor dem Eingang steht meistens [&hellip;]\" \/>\n<meta property=\"og:url\" content=\"https:\/\/visitviskovo.hr\/de\/entdecke-viskovo\/kulturerbe\/architektur\/\" \/>\n<meta property=\"og:site_name\" content=\"Turisti\u010dka zajednica op\u0107ine Vi\u0161kovo\" \/>\n<meta property=\"article:publisher\" content=\"https:\/\/web.facebook.com\/VisitViskovo\" \/>\n<meta property=\"article:modified_time\" content=\"2020-06-02T13:40:31+00:00\" \/>\n<meta property=\"og:image\" content=\"https:\/\/visitviskovo.hr\/wp-content\/uploads\/2019\/09\/P4202649-1280x960.jpg\" \/>\n\t<meta property=\"og:image:width\" content=\"1280\" \/>\n\t<meta property=\"og:image:height\" content=\"960\" \/>\n\t<meta property=\"og:image:type\" content=\"image\/jpeg\" \/>\n<meta name=\"twitter:card\" content=\"summary_large_image\" \/>\n<meta name=\"twitter:label1\" content=\"Gesch\u00e4tzte Lesezeit\" \/>\n\t<meta name=\"twitter:data1\" content=\"3 Minuten\" \/>\n<script type=\"application\/ld+json\" class=\"yoast-schema-graph\">{\"@context\":\"https:\/\/schema.org\",\"@graph\":[{\"@type\":\"WebPage\",\"@id\":\"https:\/\/visitviskovo.hr\/de\/entdecke-viskovo\/kulturerbe\/architektur\/\",\"url\":\"https:\/\/visitviskovo.hr\/de\/entdecke-viskovo\/kulturerbe\/architektur\/\",\"name\":\"Architektur - Turisti\u010dka zajednica op\u0107ine Vi\u0161kovo\",\"isPartOf\":{\"@id\":\"https:\/\/visitviskovo.hr\/it\/#website\"},\"primaryImageOfPage\":{\"@id\":\"https:\/\/visitviskovo.hr\/de\/entdecke-viskovo\/kulturerbe\/architektur\/#primaryimage\"},\"image\":{\"@id\":\"https:\/\/visitviskovo.hr\/de\/entdecke-viskovo\/kulturerbe\/architektur\/#primaryimage\"},\"thumbnailUrl\":\"https:\/\/visitviskovo.hr\/wp-content\/uploads\/2019\/09\/P4202649.jpg\",\"datePublished\":\"2020-06-02T13:40:29+00:00\",\"dateModified\":\"2020-06-02T13:40:31+00:00\",\"breadcrumb\":{\"@id\":\"https:\/\/visitviskovo.hr\/de\/entdecke-viskovo\/kulturerbe\/architektur\/#breadcrumb\"},\"inLanguage\":\"de-DE\",\"potentialAction\":[{\"@type\":\"ReadAction\",\"target\":[\"https:\/\/visitviskovo.hr\/de\/entdecke-viskovo\/kulturerbe\/architektur\/\"]}]},{\"@type\":\"ImageObject\",\"inLanguage\":\"de-DE\",\"@id\":\"https:\/\/visitviskovo.hr\/de\/entdecke-viskovo\/kulturerbe\/architektur\/#primaryimage\",\"url\":\"https:\/\/visitviskovo.hr\/wp-content\/uploads\/2019\/09\/P4202649.jpg\",\"contentUrl\":\"https:\/\/visitviskovo.hr\/wp-content\/uploads\/2019\/09\/P4202649.jpg\",\"width\":3648,\"height\":2736,\"caption\":\"OLYMPUS DIGITAL CAMERA\"},{\"@type\":\"BreadcrumbList\",\"@id\":\"https:\/\/visitviskovo.hr\/de\/entdecke-viskovo\/kulturerbe\/architektur\/#breadcrumb\",\"itemListElement\":[{\"@type\":\"ListItem\",\"position\":1,\"name\":\"Home\",\"item\":\"https:\/\/visitviskovo.hr\/de\/\"},{\"@type\":\"ListItem\",\"position\":2,\"name\":\"Entdecke Vi\u0161kovo\",\"item\":\"https:\/\/visitviskovo.hr\/de\/entdecke-viskovo\/\"},{\"@type\":\"ListItem\",\"position\":3,\"name\":\"Kulturerbe\",\"item\":\"https:\/\/visitviskovo.hr\/de\/entdecke-viskovo\/kulturerbe\/\"},{\"@type\":\"ListItem\",\"position\":4,\"name\":\"Architektur\"}]},{\"@type\":\"WebSite\",\"@id\":\"https:\/\/visitviskovo.hr\/it\/#website\",\"url\":\"https:\/\/visitviskovo.hr\/it\/\",\"name\":\"Turisti\u010dka zajednica op\u0107ine Vi\u0161kovo\",\"description\":\"\",\"potentialAction\":[{\"@type\":\"SearchAction\",\"target\":{\"@type\":\"EntryPoint\",\"urlTemplate\":\"https:\/\/visitviskovo.hr\/it\/?s={search_term_string}\"},\"query-input\":\"required name=search_term_string\"}],\"inLanguage\":\"de-DE\"}]}<\/script>\n<!-- \/ Yoast SEO plugin. -->","yoast_head_json":{"title":"Architektur - Turisti\u010dka zajednica op\u0107ine Vi\u0161kovo","robots":{"index":"index","follow":"follow","max-snippet":"max-snippet:-1","max-image-preview":"max-image-preview:large","max-video-preview":"max-video-preview:-1"},"canonical":"https:\/\/visitviskovo.hr\/de\/entdecke-viskovo\/kulturerbe\/architektur\/","og_locale":"de_DE","og_type":"article","og_title":"Architektur - Turisti\u010dka zajednica op\u0107ine Vi\u0161kovo","og_description":"Ein Haus im liburnischen Hinterland besteht typischerweise aus einem Keller (Konoba), einer K\u00fcche mit Tornica (halbkreisf\u00f6rmiger Anbau mit Feuerstelle), einem oder zwei Zimmern (Kamera) und einem Dachboden (\u0160ufit). Im steinbepflasterten Hof befindet sich \u00fcblicherweise ein Regenwasserbrunnen (\u0160terna), ein kleiner Schafsstall (Dvor) und ein Abstellraum f\u00fcr trockene Zweigen und Laub (Vejnjak). Vor dem Eingang steht meistens [&hellip;]","og_url":"https:\/\/visitviskovo.hr\/de\/entdecke-viskovo\/kulturerbe\/architektur\/","og_site_name":"Turisti\u010dka zajednica op\u0107ine Vi\u0161kovo","article_publisher":"https:\/\/web.facebook.com\/VisitViskovo","article_modified_time":"2020-06-02T13:40:31+00:00","og_image":[{"width":1280,"height":960,"url":"https:\/\/visitviskovo.hr\/wp-content\/uploads\/2019\/09\/P4202649-1280x960.jpg","type":"image\/jpeg"}],"twitter_card":"summary_large_image","twitter_misc":{"Gesch\u00e4tzte Lesezeit":"3 Minuten"},"schema":{"@context":"https:\/\/schema.org","@graph":[{"@type":"WebPage","@id":"https:\/\/visitviskovo.hr\/de\/entdecke-viskovo\/kulturerbe\/architektur\/","url":"https:\/\/visitviskovo.hr\/de\/entdecke-viskovo\/kulturerbe\/architektur\/","name":"Architektur - Turisti\u010dka zajednica op\u0107ine Vi\u0161kovo","isPartOf":{"@id":"https:\/\/visitviskovo.hr\/it\/#website"},"primaryImageOfPage":{"@id":"https:\/\/visitviskovo.hr\/de\/entdecke-viskovo\/kulturerbe\/architektur\/#primaryimage"},"image":{"@id":"https:\/\/visitviskovo.hr\/de\/entdecke-viskovo\/kulturerbe\/architektur\/#primaryimage"},"thumbnailUrl":"https:\/\/visitviskovo.hr\/wp-content\/uploads\/2019\/09\/P4202649.jpg","datePublished":"2020-06-02T13:40:29+00:00","dateModified":"2020-06-02T13:40:31+00:00","breadcrumb":{"@id":"https:\/\/visitviskovo.hr\/de\/entdecke-viskovo\/kulturerbe\/architektur\/#breadcrumb"},"inLanguage":"de-DE","potentialAction":[{"@type":"ReadAction","target":["https:\/\/visitviskovo.hr\/de\/entdecke-viskovo\/kulturerbe\/architektur\/"]}]},{"@type":"ImageObject","inLanguage":"de-DE","@id":"https:\/\/visitviskovo.hr\/de\/entdecke-viskovo\/kulturerbe\/architektur\/#primaryimage","url":"https:\/\/visitviskovo.hr\/wp-content\/uploads\/2019\/09\/P4202649.jpg","contentUrl":"https:\/\/visitviskovo.hr\/wp-content\/uploads\/2019\/09\/P4202649.jpg","width":3648,"height":2736,"caption":"OLYMPUS DIGITAL CAMERA"},{"@type":"BreadcrumbList","@id":"https:\/\/visitviskovo.hr\/de\/entdecke-viskovo\/kulturerbe\/architektur\/#breadcrumb","itemListElement":[{"@type":"ListItem","position":1,"name":"Home","item":"https:\/\/visitviskovo.hr\/de\/"},{"@type":"ListItem","position":2,"name":"Entdecke Vi\u0161kovo","item":"https:\/\/visitviskovo.hr\/de\/entdecke-viskovo\/"},{"@type":"ListItem","position":3,"name":"Kulturerbe","item":"https:\/\/visitviskovo.hr\/de\/entdecke-viskovo\/kulturerbe\/"},{"@type":"ListItem","position":4,"name":"Architektur"}]},{"@type":"WebSite","@id":"https:\/\/visitviskovo.hr\/it\/#website","url":"https:\/\/visitviskovo.hr\/it\/","name":"Turisti\u010dka zajednica op\u0107ine Vi\u0161kovo","description":"","potentialAction":[{"@type":"SearchAction","target":{"@type":"EntryPoint","urlTemplate":"https:\/\/visitviskovo.hr\/it\/?s={search_term_string}"},"query-input":"required name=search_term_string"}],"inLanguage":"de-DE"}]}},"_links":{"self":[{"href":"https:\/\/visitviskovo.hr\/de\/wp-json\/wp\/v2\/pages\/14205"}],"collection":[{"href":"https:\/\/visitviskovo.hr\/de\/wp-json\/wp\/v2\/pages"}],"about":[{"href":"https:\/\/visitviskovo.hr\/de\/wp-json\/wp\/v2\/types\/page"}],"author":[{"embeddable":true,"href":"https:\/\/visitviskovo.hr\/de\/wp-json\/wp\/v2\/users\/4"}],"replies":[{"embeddable":true,"href":"https:\/\/visitviskovo.hr\/de\/wp-json\/wp\/v2\/comments?post=14205"}],"version-history":[{"count":1,"href":"https:\/\/visitviskovo.hr\/de\/wp-json\/wp\/v2\/pages\/14205\/revisions"}],"predecessor-version":[{"id":14206,"href":"https:\/\/visitviskovo.hr\/de\/wp-json\/wp\/v2\/pages\/14205\/revisions\/14206"}],"up":[{"embeddable":true,"href":"https:\/\/visitviskovo.hr\/de\/wp-json\/wp\/v2\/pages\/4224"}],"wp:featuredmedia":[{"embeddable":true,"href":"https:\/\/visitviskovo.hr\/de\/wp-json\/wp\/v2\/media\/8505"}],"wp:attachment":[{"href":"https:\/\/visitviskovo.hr\/de\/wp-json\/wp\/v2\/media?parent=14205"}],"curies":[{"name":"wp","href":"https:\/\/api.w.org\/{rel}","templated":true}]}}