{"id":14217,"date":"2020-06-03T08:56:50","date_gmt":"2020-06-03T08:56:50","guid":{"rendered":"https:\/\/visitviskovo.hr\/?page_id=14217"},"modified":"2020-06-03T08:56:51","modified_gmt":"2020-06-03T08:56:51","slug":"glockentraeger-halubajski-zvoncari","status":"publish","type":"page","link":"https:\/\/visitviskovo.hr\/de\/was-tun-2\/glockentraeger-halubajski-zvoncari\/","title":{"rendered":"Glockentr\u00e4ger Halubajski zvon\u010cAri"},"content":{"rendered":"\n<h2 class=\"wp-block-heading\">HALUBAJSKI ZVON\u010cARI<\/h2>\n\n\n\n<p>Die<em>\nHalubajski zvon\u010dari<\/em>&nbsp;ist eine Gruppe von M\u00e4nnern, die Schafsfelle tragen und Glocken\nl\u00e4uten, um b\u00f6se Geister zu vertreiben. Die Glocken sind um ihre Taille\ngebunden. Diese Tradition ist hier in den Karstgebieten des Mittelmeerraums, wo\nTierhaltung jahrhundertlang die wichtigste Wirtschaftsaktivit\u00e4t war, weit\nverbreitet.<\/p>\n\n\n\n<p>Die<em> Halubajski zvon\u010dari<\/em> unterscheiden sich von anderen Glockentr\u00e4gern durch ihre Masken, die das Gesicht komplett verdecken. Ihr traditioneller Umzug dauert drei Tage und findet immer am Karnevalssonntag, Rosenmontag und Faschingsdienstag statt. Obwohl dieser Umzug auf uralten Ritualen basiert, mit denen der Fr\u00fchling und das neue Leben herbeigerufen und der Winter bzw. das B\u00f6se vertrieben werden sollen, wird er in den D\u00f6rfern im Gebiet von Kastav auch heute noch als wichtiger Bestandteil des Lebens betrachtet, der auch mit lokaler K\u00fcche, Kunsthandwerk und Tanz verbunden ist. Im Laufe der Jahre versuchten verschiedene Regime diese Tradition zu beenden \u2013 allerdings ohne Erfolg, denn so wie der Ph\u00f6nix ist auch sie immer st\u00e4rker geworden. Zusammen mit anderen Glockentr\u00e4ger-Gruppen aus dem Gebiet Kastav wurde der Umzug der <em>Halubajski zvon\u010dari<\/em> zum kroatischen Kulturgut erkl\u00e4rt und im Jahr 2009 in die UNESCO-Liste des immateriellen Kulturerbes der Menschheit aufgenommen. Mit ihrem beeindruckenden Auftritt stellen die Gl\u00f6cknereine erstklassige touristische Attraktion dar. Diese W\u00e4chter der Folkloretradition und Identit\u00e4t der Gebiete von Halubje und Kastav sind weit \u00fcber die Grenzen der Region bekannt und ein perfektes Beispiel f\u00fcr eine Verbindung zwischen dem Lokalen bzw. Traditionellen und dem Modernen bzw. Neuen. <\/p>\n\n\n\n<p>Mit dem Projekt <em>Halubajski zvon\u010dari<\/em> schafft der Tourismusverband Vi\u0161kovo eine Br\u00fccke zwischen der Vergangenheit und der Zukunft. Den j\u00fcngeren Generationen wird diese Tradition mithilfe eines Multimedia-Ansatzes n\u00e4hergebracht. Die <em>Zvon\u010dari<\/em>-Route wurde mit Schautafeln versehen und f\u00fchrt an historischen, kulturellen und kulinarischen Sehensw\u00fcrdigkeiten vorbei. Dabei kann der moderne Mensch dem Wunsch nachgehen, etwas abseits des Alltags zu erleben: Wenn das Klingeln der Glocken auf den H\u00fcgeln erschallt, der Boden zu zittern beginnt und die Ortsbewohner die Ankunft der Z<em>von\u010dari<\/em> erwarten, dann erleben wir auch im 21. Jahrhundert noch etwas Mystik. <\/p>\n","protected":false},"excerpt":{"rendered":"<p>HALUBAJSKI ZVON\u010cARI Die Halubajski zvon\u010dari&nbsp;ist eine Gruppe von M\u00e4nnern, die Schafsfelle tragen und Glocken l\u00e4uten, um b\u00f6se Geister zu vertreiben. Die Glocken sind um ihre Taille gebunden. Diese Tradition ist hier in den Karstgebieten des Mittelmeerraums, wo Tierhaltung jahrhundertlang die wichtigste Wirtschaftsaktivit\u00e4t war, weit verbreitet. Die Halubajski zvon\u010dari unterscheiden sich von anderen Glockentr\u00e4gern durch ihre [&hellip;]<\/p>\n","protected":false},"author":4,"featured_media":8176,"parent":4357,"menu_order":0,"comment_status":"closed","ping_status":"closed","template":"zvoncari.php","meta":{"_acf_changed":false,"footnotes":""},"acf":[],"yoast_head":"<!-- This site is optimized with the Yoast SEO plugin v22.7 - https:\/\/yoast.com\/wordpress\/plugins\/seo\/ -->\n<title>Glockentr\u00e4ger Halubajski zvon\u010cAri - Turisti\u010dka zajednica op\u0107ine Vi\u0161kovo<\/title>\n<meta name=\"robots\" content=\"index, follow, max-snippet:-1, max-image-preview:large, max-video-preview:-1\" \/>\n<link rel=\"canonical\" href=\"https:\/\/visitviskovo.hr\/de\/was-tun-2\/glockentraeger-halubajski-zvoncari\/\" \/>\n<meta property=\"og:locale\" content=\"de_DE\" \/>\n<meta property=\"og:type\" content=\"article\" \/>\n<meta property=\"og:title\" content=\"Glockentr\u00e4ger Halubajski zvon\u010cAri - Turisti\u010dka zajednica op\u0107ine Vi\u0161kovo\" \/>\n<meta property=\"og:description\" content=\"HALUBAJSKI ZVON\u010cARI Die Halubajski zvon\u010dari&nbsp;ist eine Gruppe von M\u00e4nnern, die Schafsfelle tragen und Glocken l\u00e4uten, um b\u00f6se Geister zu vertreiben. Die Glocken sind um ihre Taille gebunden. Diese Tradition ist hier in den Karstgebieten des Mittelmeerraums, wo Tierhaltung jahrhundertlang die wichtigste Wirtschaftsaktivit\u00e4t war, weit verbreitet. Die Halubajski zvon\u010dari unterscheiden sich von anderen Glockentr\u00e4gern durch ihre [&hellip;]\" \/>\n<meta property=\"og:url\" content=\"https:\/\/visitviskovo.hr\/de\/was-tun-2\/glockentraeger-halubajski-zvoncari\/\" \/>\n<meta property=\"og:site_name\" content=\"Turisti\u010dka zajednica op\u0107ine Vi\u0161kovo\" \/>\n<meta property=\"article:publisher\" content=\"https:\/\/web.facebook.com\/VisitViskovo\" \/>\n<meta property=\"article:modified_time\" content=\"2020-06-03T08:56:51+00:00\" \/>\n<meta property=\"og:image\" content=\"https:\/\/visitviskovo.hr\/wp-content\/uploads\/2019\/08\/58a738071222a.jpg\" \/>\n\t<meta property=\"og:image:width\" content=\"899\" \/>\n\t<meta property=\"og:image:height\" content=\"600\" \/>\n\t<meta property=\"og:image:type\" content=\"image\/jpeg\" \/>\n<meta name=\"twitter:card\" content=\"summary_large_image\" \/>\n<meta name=\"twitter:label1\" content=\"Gesch\u00e4tzte Lesezeit\" \/>\n\t<meta name=\"twitter:data1\" content=\"2 Minuten\" \/>\n<script type=\"application\/ld+json\" class=\"yoast-schema-graph\">{\"@context\":\"https:\/\/schema.org\",\"@graph\":[{\"@type\":\"WebPage\",\"@id\":\"https:\/\/visitviskovo.hr\/de\/was-tun-2\/glockentraeger-halubajski-zvoncari\/\",\"url\":\"https:\/\/visitviskovo.hr\/de\/was-tun-2\/glockentraeger-halubajski-zvoncari\/\",\"name\":\"Glockentr\u00e4ger Halubajski zvon\u010cAri - Turisti\u010dka zajednica op\u0107ine Vi\u0161kovo\",\"isPartOf\":{\"@id\":\"https:\/\/visitviskovo.hr\/it\/#website\"},\"primaryImageOfPage\":{\"@id\":\"https:\/\/visitviskovo.hr\/de\/was-tun-2\/glockentraeger-halubajski-zvoncari\/#primaryimage\"},\"image\":{\"@id\":\"https:\/\/visitviskovo.hr\/de\/was-tun-2\/glockentraeger-halubajski-zvoncari\/#primaryimage\"},\"thumbnailUrl\":\"https:\/\/visitviskovo.hr\/wp-content\/uploads\/2019\/08\/58a738071222a.jpg\",\"datePublished\":\"2020-06-03T08:56:50+00:00\",\"dateModified\":\"2020-06-03T08:56:51+00:00\",\"breadcrumb\":{\"@id\":\"https:\/\/visitviskovo.hr\/de\/was-tun-2\/glockentraeger-halubajski-zvoncari\/#breadcrumb\"},\"inLanguage\":\"de-DE\",\"potentialAction\":[{\"@type\":\"ReadAction\",\"target\":[\"https:\/\/visitviskovo.hr\/de\/was-tun-2\/glockentraeger-halubajski-zvoncari\/\"]}]},{\"@type\":\"ImageObject\",\"inLanguage\":\"de-DE\",\"@id\":\"https:\/\/visitviskovo.hr\/de\/was-tun-2\/glockentraeger-halubajski-zvoncari\/#primaryimage\",\"url\":\"https:\/\/visitviskovo.hr\/wp-content\/uploads\/2019\/08\/58a738071222a.jpg\",\"contentUrl\":\"https:\/\/visitviskovo.hr\/wp-content\/uploads\/2019\/08\/58a738071222a.jpg\",\"width\":899,\"height\":600},{\"@type\":\"BreadcrumbList\",\"@id\":\"https:\/\/visitviskovo.hr\/de\/was-tun-2\/glockentraeger-halubajski-zvoncari\/#breadcrumb\",\"itemListElement\":[{\"@type\":\"ListItem\",\"position\":1,\"name\":\"Home\",\"item\":\"https:\/\/visitviskovo.hr\/de\/\"},{\"@type\":\"ListItem\",\"position\":2,\"name\":\"Was tun\",\"item\":\"https:\/\/visitviskovo.hr\/de\/was-tun-2\/\"},{\"@type\":\"ListItem\",\"position\":3,\"name\":\"Glockentr\u00e4ger Halubajski zvon\u010cAri\"}]},{\"@type\":\"WebSite\",\"@id\":\"https:\/\/visitviskovo.hr\/it\/#website\",\"url\":\"https:\/\/visitviskovo.hr\/it\/\",\"name\":\"Turisti\u010dka zajednica op\u0107ine Vi\u0161kovo\",\"description\":\"\",\"potentialAction\":[{\"@type\":\"SearchAction\",\"target\":{\"@type\":\"EntryPoint\",\"urlTemplate\":\"https:\/\/visitviskovo.hr\/it\/?s={search_term_string}\"},\"query-input\":\"required name=search_term_string\"}],\"inLanguage\":\"de-DE\"}]}<\/script>\n<!-- \/ Yoast SEO plugin. -->","yoast_head_json":{"title":"Glockentr\u00e4ger Halubajski zvon\u010cAri - Turisti\u010dka zajednica op\u0107ine Vi\u0161kovo","robots":{"index":"index","follow":"follow","max-snippet":"max-snippet:-1","max-image-preview":"max-image-preview:large","max-video-preview":"max-video-preview:-1"},"canonical":"https:\/\/visitviskovo.hr\/de\/was-tun-2\/glockentraeger-halubajski-zvoncari\/","og_locale":"de_DE","og_type":"article","og_title":"Glockentr\u00e4ger Halubajski zvon\u010cAri - Turisti\u010dka zajednica op\u0107ine Vi\u0161kovo","og_description":"HALUBAJSKI ZVON\u010cARI Die Halubajski zvon\u010dari&nbsp;ist eine Gruppe von M\u00e4nnern, die Schafsfelle tragen und Glocken l\u00e4uten, um b\u00f6se Geister zu vertreiben. Die Glocken sind um ihre Taille gebunden. Diese Tradition ist hier in den Karstgebieten des Mittelmeerraums, wo Tierhaltung jahrhundertlang die wichtigste Wirtschaftsaktivit\u00e4t war, weit verbreitet. Die Halubajski zvon\u010dari unterscheiden sich von anderen Glockentr\u00e4gern durch ihre [&hellip;]","og_url":"https:\/\/visitviskovo.hr\/de\/was-tun-2\/glockentraeger-halubajski-zvoncari\/","og_site_name":"Turisti\u010dka zajednica op\u0107ine Vi\u0161kovo","article_publisher":"https:\/\/web.facebook.com\/VisitViskovo","article_modified_time":"2020-06-03T08:56:51+00:00","og_image":[{"width":899,"height":600,"url":"https:\/\/visitviskovo.hr\/wp-content\/uploads\/2019\/08\/58a738071222a.jpg","type":"image\/jpeg"}],"twitter_card":"summary_large_image","twitter_misc":{"Gesch\u00e4tzte Lesezeit":"2 Minuten"},"schema":{"@context":"https:\/\/schema.org","@graph":[{"@type":"WebPage","@id":"https:\/\/visitviskovo.hr\/de\/was-tun-2\/glockentraeger-halubajski-zvoncari\/","url":"https:\/\/visitviskovo.hr\/de\/was-tun-2\/glockentraeger-halubajski-zvoncari\/","name":"Glockentr\u00e4ger Halubajski zvon\u010cAri - Turisti\u010dka zajednica op\u0107ine Vi\u0161kovo","isPartOf":{"@id":"https:\/\/visitviskovo.hr\/it\/#website"},"primaryImageOfPage":{"@id":"https:\/\/visitviskovo.hr\/de\/was-tun-2\/glockentraeger-halubajski-zvoncari\/#primaryimage"},"image":{"@id":"https:\/\/visitviskovo.hr\/de\/was-tun-2\/glockentraeger-halubajski-zvoncari\/#primaryimage"},"thumbnailUrl":"https:\/\/visitviskovo.hr\/wp-content\/uploads\/2019\/08\/58a738071222a.jpg","datePublished":"2020-06-03T08:56:50+00:00","dateModified":"2020-06-03T08:56:51+00:00","breadcrumb":{"@id":"https:\/\/visitviskovo.hr\/de\/was-tun-2\/glockentraeger-halubajski-zvoncari\/#breadcrumb"},"inLanguage":"de-DE","potentialAction":[{"@type":"ReadAction","target":["https:\/\/visitviskovo.hr\/de\/was-tun-2\/glockentraeger-halubajski-zvoncari\/"]}]},{"@type":"ImageObject","inLanguage":"de-DE","@id":"https:\/\/visitviskovo.hr\/de\/was-tun-2\/glockentraeger-halubajski-zvoncari\/#primaryimage","url":"https:\/\/visitviskovo.hr\/wp-content\/uploads\/2019\/08\/58a738071222a.jpg","contentUrl":"https:\/\/visitviskovo.hr\/wp-content\/uploads\/2019\/08\/58a738071222a.jpg","width":899,"height":600},{"@type":"BreadcrumbList","@id":"https:\/\/visitviskovo.hr\/de\/was-tun-2\/glockentraeger-halubajski-zvoncari\/#breadcrumb","itemListElement":[{"@type":"ListItem","position":1,"name":"Home","item":"https:\/\/visitviskovo.hr\/de\/"},{"@type":"ListItem","position":2,"name":"Was tun","item":"https:\/\/visitviskovo.hr\/de\/was-tun-2\/"},{"@type":"ListItem","position":3,"name":"Glockentr\u00e4ger Halubajski zvon\u010cAri"}]},{"@type":"WebSite","@id":"https:\/\/visitviskovo.hr\/it\/#website","url":"https:\/\/visitviskovo.hr\/it\/","name":"Turisti\u010dka zajednica op\u0107ine Vi\u0161kovo","description":"","potentialAction":[{"@type":"SearchAction","target":{"@type":"EntryPoint","urlTemplate":"https:\/\/visitviskovo.hr\/it\/?s={search_term_string}"},"query-input":"required name=search_term_string"}],"inLanguage":"de-DE"}]}},"_links":{"self":[{"href":"https:\/\/visitviskovo.hr\/de\/wp-json\/wp\/v2\/pages\/14217"}],"collection":[{"href":"https:\/\/visitviskovo.hr\/de\/wp-json\/wp\/v2\/pages"}],"about":[{"href":"https:\/\/visitviskovo.hr\/de\/wp-json\/wp\/v2\/types\/page"}],"author":[{"embeddable":true,"href":"https:\/\/visitviskovo.hr\/de\/wp-json\/wp\/v2\/users\/4"}],"replies":[{"embeddable":true,"href":"https:\/\/visitviskovo.hr\/de\/wp-json\/wp\/v2\/comments?post=14217"}],"version-history":[{"count":1,"href":"https:\/\/visitviskovo.hr\/de\/wp-json\/wp\/v2\/pages\/14217\/revisions"}],"predecessor-version":[{"id":14218,"href":"https:\/\/visitviskovo.hr\/de\/wp-json\/wp\/v2\/pages\/14217\/revisions\/14218"}],"up":[{"embeddable":true,"href":"https:\/\/visitviskovo.hr\/de\/wp-json\/wp\/v2\/pages\/4357"}],"wp:featuredmedia":[{"embeddable":true,"href":"https:\/\/visitviskovo.hr\/de\/wp-json\/wp\/v2\/media\/8176"}],"wp:attachment":[{"href":"https:\/\/visitviskovo.hr\/de\/wp-json\/wp\/v2\/media?parent=14217"}],"curies":[{"name":"wp","href":"https:\/\/api.w.org\/{rel}","templated":true}]}}