{"id":20558,"date":"2023-09-28T08:32:04","date_gmt":"2023-09-28T08:32:04","guid":{"rendered":"https:\/\/visitviskovo.hr\/?page_id=20558"},"modified":"2023-09-28T08:32:06","modified_gmt":"2023-09-28T08:32:06","slug":"mittelmeerkueche-an-der-kroatischen-adria-ihrer-kueste-auf-den-inseln-und-in-teilen-des-hinterlandes","status":"publish","type":"page","link":"https:\/\/visitviskovo.hr\/de\/entdecke-viskovo\/unesco\/mittelmeerkueche-an-der-kroatischen-adria-ihrer-kueste-auf-den-inseln-und-in-teilen-des-hinterlandes\/","title":{"rendered":"Mittelmeerk\u00fcche an der kroatischen Adria, ihrer K\u00fcste, auf den Inseln und in Teilen des Hinterlandes"},"content":{"rendered":"\n<p>Die traditionelle Verbundenheit mit der Natur spiegelt sich in der lokalen K\u00fcche wider. Die Auswahl der Lebensmittel richtet sich nach Authentizit\u00e4t, Saisonalit\u00e4t, \u00f6kologischer und wirtschaftlicher Nachhaltigkeit sowie ihrem hohen N\u00e4hrwert. Die sich daraus ergebenden Vorz\u00fcge sind wissenschaftlich belegt. Die Speisekarten von Halubje und Kastav bieten Gerichte einer Mittelmeerdi\u00e4t, wie sie f\u00fcr das adriatische Hinterland charakteristisch ist. Dessen Variationen haben sich aus historischen Ereignissen und kulturellen Einfl\u00fcssen ergeben. Infolgedessen basiert das Angebot zahlreicher Restaurants in dieser Gegend auf Gerichten, die das lokale kulinarische Erbe mit aktuellen K\u00fcchentrends verbinden.<\/p>\n\n\n\n<p>Neben k\u00f6rperlicher Aktivit\u00e4t im Freien und Geselligkeit ist die Mittelmeerdi\u00e4t eines der wichtigsten Elemente f\u00fcr Gesundheit und Vitalit\u00e4t. All diese Zutaten finden Sie, perfekt in den Alltag integriert, in Vi\u0161kovo. Im Hinterland von Rijeka und Opatija, wo das Blau des Meeres auf das Gr\u00fcn der Berge trifft, ist im Laufe der Jahrhunderte eine Ern\u00e4hrungsweise aus lokalen und saisonalen Zutaten entstanden. Diese einzigartige kulinarische Qualit\u00e4t verbindet sich hier untrennbar mit anderen Aspekten der traditionellen Kultur, mit Musik, Architektur, Tradition und Sprache. Halubje \u2013 eine gastronomische Oase, wo in jedem Gericht lokale Kultur und traditionelle Geschmackswelten miteinander verschmelzen und zu einem einzigartigen kulinarischen Erlebnis<br>einladen.<\/p>\n","protected":false},"excerpt":{"rendered":"<p>Die traditionelle Verbundenheit mit der Natur spiegelt sich in der lokalen K\u00fcche wider. Die Auswahl der Lebensmittel richtet sich nach Authentizit\u00e4t, Saisonalit\u00e4t, \u00f6kologischer und wirtschaftlicher Nachhaltigkeit sowie ihrem hohen N\u00e4hrwert. Die sich daraus ergebenden Vorz\u00fcge sind wissenschaftlich belegt. Die Speisekarten von Halubje und Kastav bieten Gerichte einer Mittelmeerdi\u00e4t, wie sie f\u00fcr das adriatische Hinterland charakteristisch [&hellip;]<\/p>\n","protected":false},"author":4,"featured_media":16108,"parent":4211,"menu_order":0,"comment_status":"closed","ping_status":"closed","template":"","meta":{"_acf_changed":false,"footnotes":""},"acf":[],"yoast_head":"<!-- This site is optimized with the Yoast SEO plugin v22.7 - https:\/\/yoast.com\/wordpress\/plugins\/seo\/ -->\n<title>Mittelmeerk\u00fcche an der kroatischen Adria, ihrer K\u00fcste, auf den Inseln und in Teilen des Hinterlandes - Turisti\u010dka zajednica op\u0107ine Vi\u0161kovo<\/title>\n<meta name=\"robots\" content=\"index, follow, max-snippet:-1, max-image-preview:large, max-video-preview:-1\" \/>\n<link rel=\"canonical\" href=\"https:\/\/visitviskovo.hr\/de\/entdecke-viskovo\/unesco\/mittelmeerkueche-an-der-kroatischen-adria-ihrer-kueste-auf-den-inseln-und-in-teilen-des-hinterlandes\/\" \/>\n<meta property=\"og:locale\" content=\"de_DE\" \/>\n<meta property=\"og:type\" content=\"article\" \/>\n<meta property=\"og:title\" content=\"Mittelmeerk\u00fcche an der kroatischen Adria, ihrer K\u00fcste, auf den Inseln und in Teilen des Hinterlandes - Turisti\u010dka zajednica op\u0107ine Vi\u0161kovo\" \/>\n<meta property=\"og:description\" content=\"Die traditionelle Verbundenheit mit der Natur spiegelt sich in der lokalen K\u00fcche wider. Die Auswahl der Lebensmittel richtet sich nach Authentizit\u00e4t, Saisonalit\u00e4t, \u00f6kologischer und wirtschaftlicher Nachhaltigkeit sowie ihrem hohen N\u00e4hrwert. Die sich daraus ergebenden Vorz\u00fcge sind wissenschaftlich belegt. Die Speisekarten von Halubje und Kastav bieten Gerichte einer Mittelmeerdi\u00e4t, wie sie f\u00fcr das adriatische Hinterland charakteristisch [&hellip;]\" \/>\n<meta property=\"og:url\" content=\"https:\/\/visitviskovo.hr\/de\/entdecke-viskovo\/unesco\/mittelmeerkueche-an-der-kroatischen-adria-ihrer-kueste-auf-den-inseln-und-in-teilen-des-hinterlandes\/\" \/>\n<meta property=\"og:site_name\" content=\"Turisti\u010dka zajednica op\u0107ine Vi\u0161kovo\" \/>\n<meta property=\"article:publisher\" content=\"https:\/\/web.facebook.com\/VisitViskovo\" \/>\n<meta property=\"article:modified_time\" content=\"2023-09-28T08:32:06+00:00\" \/>\n<meta property=\"og:image\" content=\"https:\/\/visitviskovo.hr\/wp-content\/uploads\/2021\/01\/Kuharica_5r.jpg\" \/>\n\t<meta property=\"og:image:width\" content=\"1382\" \/>\n\t<meta property=\"og:image:height\" content=\"922\" \/>\n\t<meta property=\"og:image:type\" content=\"image\/jpeg\" \/>\n<meta name=\"twitter:card\" content=\"summary_large_image\" \/>\n<meta name=\"twitter:label1\" content=\"Gesch\u00e4tzte Lesezeit\" \/>\n\t<meta name=\"twitter:data1\" content=\"2 Minuten\" \/>\n<script type=\"application\/ld+json\" class=\"yoast-schema-graph\">{\"@context\":\"https:\/\/schema.org\",\"@graph\":[{\"@type\":\"WebPage\",\"@id\":\"https:\/\/visitviskovo.hr\/de\/entdecke-viskovo\/unesco\/mittelmeerkueche-an-der-kroatischen-adria-ihrer-kueste-auf-den-inseln-und-in-teilen-des-hinterlandes\/\",\"url\":\"https:\/\/visitviskovo.hr\/de\/entdecke-viskovo\/unesco\/mittelmeerkueche-an-der-kroatischen-adria-ihrer-kueste-auf-den-inseln-und-in-teilen-des-hinterlandes\/\",\"name\":\"Mittelmeerk\u00fcche an der kroatischen Adria, ihrer K\u00fcste, auf den Inseln und in Teilen des Hinterlandes - Turisti\u010dka zajednica op\u0107ine Vi\u0161kovo\",\"isPartOf\":{\"@id\":\"https:\/\/visitviskovo.hr\/it\/#website\"},\"primaryImageOfPage\":{\"@id\":\"https:\/\/visitviskovo.hr\/de\/entdecke-viskovo\/unesco\/mittelmeerkueche-an-der-kroatischen-adria-ihrer-kueste-auf-den-inseln-und-in-teilen-des-hinterlandes\/#primaryimage\"},\"image\":{\"@id\":\"https:\/\/visitviskovo.hr\/de\/entdecke-viskovo\/unesco\/mittelmeerkueche-an-der-kroatischen-adria-ihrer-kueste-auf-den-inseln-und-in-teilen-des-hinterlandes\/#primaryimage\"},\"thumbnailUrl\":\"https:\/\/visitviskovo.hr\/wp-content\/uploads\/2021\/01\/Kuharica_5r.jpg\",\"datePublished\":\"2023-09-28T08:32:04+00:00\",\"dateModified\":\"2023-09-28T08:32:06+00:00\",\"breadcrumb\":{\"@id\":\"https:\/\/visitviskovo.hr\/de\/entdecke-viskovo\/unesco\/mittelmeerkueche-an-der-kroatischen-adria-ihrer-kueste-auf-den-inseln-und-in-teilen-des-hinterlandes\/#breadcrumb\"},\"inLanguage\":\"de-DE\",\"potentialAction\":[{\"@type\":\"ReadAction\",\"target\":[\"https:\/\/visitviskovo.hr\/de\/entdecke-viskovo\/unesco\/mittelmeerkueche-an-der-kroatischen-adria-ihrer-kueste-auf-den-inseln-und-in-teilen-des-hinterlandes\/\"]}]},{\"@type\":\"ImageObject\",\"inLanguage\":\"de-DE\",\"@id\":\"https:\/\/visitviskovo.hr\/de\/entdecke-viskovo\/unesco\/mittelmeerkueche-an-der-kroatischen-adria-ihrer-kueste-auf-den-inseln-und-in-teilen-des-hinterlandes\/#primaryimage\",\"url\":\"https:\/\/visitviskovo.hr\/wp-content\/uploads\/2021\/01\/Kuharica_5r.jpg\",\"contentUrl\":\"https:\/\/visitviskovo.hr\/wp-content\/uploads\/2021\/01\/Kuharica_5r.jpg\",\"width\":1382,\"height\":922},{\"@type\":\"BreadcrumbList\",\"@id\":\"https:\/\/visitviskovo.hr\/de\/entdecke-viskovo\/unesco\/mittelmeerkueche-an-der-kroatischen-adria-ihrer-kueste-auf-den-inseln-und-in-teilen-des-hinterlandes\/#breadcrumb\",\"itemListElement\":[{\"@type\":\"ListItem\",\"position\":1,\"name\":\"Home\",\"item\":\"https:\/\/visitviskovo.hr\/de\/\"},{\"@type\":\"ListItem\",\"position\":2,\"name\":\"Entdecke Vi\u0161kovo\",\"item\":\"https:\/\/visitviskovo.hr\/de\/entdecke-viskovo\/\"},{\"@type\":\"ListItem\",\"position\":3,\"name\":\"UNESCO\",\"item\":\"https:\/\/visitviskovo.hr\/de\/entdecke-viskovo\/unesco\/\"},{\"@type\":\"ListItem\",\"position\":4,\"name\":\"Mittelmeerk\u00fcche an der kroatischen Adria, ihrer K\u00fcste, auf den Inseln und in Teilen des Hinterlandes\"}]},{\"@type\":\"WebSite\",\"@id\":\"https:\/\/visitviskovo.hr\/it\/#website\",\"url\":\"https:\/\/visitviskovo.hr\/it\/\",\"name\":\"Turisti\u010dka zajednica op\u0107ine Vi\u0161kovo\",\"description\":\"\",\"potentialAction\":[{\"@type\":\"SearchAction\",\"target\":{\"@type\":\"EntryPoint\",\"urlTemplate\":\"https:\/\/visitviskovo.hr\/it\/?s={search_term_string}\"},\"query-input\":\"required name=search_term_string\"}],\"inLanguage\":\"de-DE\"}]}<\/script>\n<!-- \/ Yoast SEO plugin. -->","yoast_head_json":{"title":"Mittelmeerk\u00fcche an der kroatischen Adria, ihrer K\u00fcste, auf den Inseln und in Teilen des Hinterlandes - Turisti\u010dka zajednica op\u0107ine Vi\u0161kovo","robots":{"index":"index","follow":"follow","max-snippet":"max-snippet:-1","max-image-preview":"max-image-preview:large","max-video-preview":"max-video-preview:-1"},"canonical":"https:\/\/visitviskovo.hr\/de\/entdecke-viskovo\/unesco\/mittelmeerkueche-an-der-kroatischen-adria-ihrer-kueste-auf-den-inseln-und-in-teilen-des-hinterlandes\/","og_locale":"de_DE","og_type":"article","og_title":"Mittelmeerk\u00fcche an der kroatischen Adria, ihrer K\u00fcste, auf den Inseln und in Teilen des Hinterlandes - Turisti\u010dka zajednica op\u0107ine Vi\u0161kovo","og_description":"Die traditionelle Verbundenheit mit der Natur spiegelt sich in der lokalen K\u00fcche wider. Die Auswahl der Lebensmittel richtet sich nach Authentizit\u00e4t, Saisonalit\u00e4t, \u00f6kologischer und wirtschaftlicher Nachhaltigkeit sowie ihrem hohen N\u00e4hrwert. Die sich daraus ergebenden Vorz\u00fcge sind wissenschaftlich belegt. Die Speisekarten von Halubje und Kastav bieten Gerichte einer Mittelmeerdi\u00e4t, wie sie f\u00fcr das adriatische Hinterland charakteristisch [&hellip;]","og_url":"https:\/\/visitviskovo.hr\/de\/entdecke-viskovo\/unesco\/mittelmeerkueche-an-der-kroatischen-adria-ihrer-kueste-auf-den-inseln-und-in-teilen-des-hinterlandes\/","og_site_name":"Turisti\u010dka zajednica op\u0107ine Vi\u0161kovo","article_publisher":"https:\/\/web.facebook.com\/VisitViskovo","article_modified_time":"2023-09-28T08:32:06+00:00","og_image":[{"width":1382,"height":922,"url":"https:\/\/visitviskovo.hr\/wp-content\/uploads\/2021\/01\/Kuharica_5r.jpg","type":"image\/jpeg"}],"twitter_card":"summary_large_image","twitter_misc":{"Gesch\u00e4tzte Lesezeit":"2 Minuten"},"schema":{"@context":"https:\/\/schema.org","@graph":[{"@type":"WebPage","@id":"https:\/\/visitviskovo.hr\/de\/entdecke-viskovo\/unesco\/mittelmeerkueche-an-der-kroatischen-adria-ihrer-kueste-auf-den-inseln-und-in-teilen-des-hinterlandes\/","url":"https:\/\/visitviskovo.hr\/de\/entdecke-viskovo\/unesco\/mittelmeerkueche-an-der-kroatischen-adria-ihrer-kueste-auf-den-inseln-und-in-teilen-des-hinterlandes\/","name":"Mittelmeerk\u00fcche an der kroatischen Adria, ihrer K\u00fcste, auf den Inseln und in Teilen des Hinterlandes - Turisti\u010dka zajednica op\u0107ine Vi\u0161kovo","isPartOf":{"@id":"https:\/\/visitviskovo.hr\/it\/#website"},"primaryImageOfPage":{"@id":"https:\/\/visitviskovo.hr\/de\/entdecke-viskovo\/unesco\/mittelmeerkueche-an-der-kroatischen-adria-ihrer-kueste-auf-den-inseln-und-in-teilen-des-hinterlandes\/#primaryimage"},"image":{"@id":"https:\/\/visitviskovo.hr\/de\/entdecke-viskovo\/unesco\/mittelmeerkueche-an-der-kroatischen-adria-ihrer-kueste-auf-den-inseln-und-in-teilen-des-hinterlandes\/#primaryimage"},"thumbnailUrl":"https:\/\/visitviskovo.hr\/wp-content\/uploads\/2021\/01\/Kuharica_5r.jpg","datePublished":"2023-09-28T08:32:04+00:00","dateModified":"2023-09-28T08:32:06+00:00","breadcrumb":{"@id":"https:\/\/visitviskovo.hr\/de\/entdecke-viskovo\/unesco\/mittelmeerkueche-an-der-kroatischen-adria-ihrer-kueste-auf-den-inseln-und-in-teilen-des-hinterlandes\/#breadcrumb"},"inLanguage":"de-DE","potentialAction":[{"@type":"ReadAction","target":["https:\/\/visitviskovo.hr\/de\/entdecke-viskovo\/unesco\/mittelmeerkueche-an-der-kroatischen-adria-ihrer-kueste-auf-den-inseln-und-in-teilen-des-hinterlandes\/"]}]},{"@type":"ImageObject","inLanguage":"de-DE","@id":"https:\/\/visitviskovo.hr\/de\/entdecke-viskovo\/unesco\/mittelmeerkueche-an-der-kroatischen-adria-ihrer-kueste-auf-den-inseln-und-in-teilen-des-hinterlandes\/#primaryimage","url":"https:\/\/visitviskovo.hr\/wp-content\/uploads\/2021\/01\/Kuharica_5r.jpg","contentUrl":"https:\/\/visitviskovo.hr\/wp-content\/uploads\/2021\/01\/Kuharica_5r.jpg","width":1382,"height":922},{"@type":"BreadcrumbList","@id":"https:\/\/visitviskovo.hr\/de\/entdecke-viskovo\/unesco\/mittelmeerkueche-an-der-kroatischen-adria-ihrer-kueste-auf-den-inseln-und-in-teilen-des-hinterlandes\/#breadcrumb","itemListElement":[{"@type":"ListItem","position":1,"name":"Home","item":"https:\/\/visitviskovo.hr\/de\/"},{"@type":"ListItem","position":2,"name":"Entdecke Vi\u0161kovo","item":"https:\/\/visitviskovo.hr\/de\/entdecke-viskovo\/"},{"@type":"ListItem","position":3,"name":"UNESCO","item":"https:\/\/visitviskovo.hr\/de\/entdecke-viskovo\/unesco\/"},{"@type":"ListItem","position":4,"name":"Mittelmeerk\u00fcche an der kroatischen Adria, ihrer K\u00fcste, auf den Inseln und in Teilen des Hinterlandes"}]},{"@type":"WebSite","@id":"https:\/\/visitviskovo.hr\/it\/#website","url":"https:\/\/visitviskovo.hr\/it\/","name":"Turisti\u010dka zajednica op\u0107ine Vi\u0161kovo","description":"","potentialAction":[{"@type":"SearchAction","target":{"@type":"EntryPoint","urlTemplate":"https:\/\/visitviskovo.hr\/it\/?s={search_term_string}"},"query-input":"required name=search_term_string"}],"inLanguage":"de-DE"}]}},"_links":{"self":[{"href":"https:\/\/visitviskovo.hr\/de\/wp-json\/wp\/v2\/pages\/20558"}],"collection":[{"href":"https:\/\/visitviskovo.hr\/de\/wp-json\/wp\/v2\/pages"}],"about":[{"href":"https:\/\/visitviskovo.hr\/de\/wp-json\/wp\/v2\/types\/page"}],"author":[{"embeddable":true,"href":"https:\/\/visitviskovo.hr\/de\/wp-json\/wp\/v2\/users\/4"}],"replies":[{"embeddable":true,"href":"https:\/\/visitviskovo.hr\/de\/wp-json\/wp\/v2\/comments?post=20558"}],"version-history":[{"count":1,"href":"https:\/\/visitviskovo.hr\/de\/wp-json\/wp\/v2\/pages\/20558\/revisions"}],"predecessor-version":[{"id":20559,"href":"https:\/\/visitviskovo.hr\/de\/wp-json\/wp\/v2\/pages\/20558\/revisions\/20559"}],"up":[{"embeddable":true,"href":"https:\/\/visitviskovo.hr\/de\/wp-json\/wp\/v2\/pages\/4211"}],"wp:featuredmedia":[{"embeddable":true,"href":"https:\/\/visitviskovo.hr\/de\/wp-json\/wp\/v2\/media\/16108"}],"wp:attachment":[{"href":"https:\/\/visitviskovo.hr\/de\/wp-json\/wp\/v2\/media?parent=20558"}],"curies":[{"name":"wp","href":"https:\/\/api.w.org\/{rel}","templated":true}]}}