{"id":20950,"date":"2024-04-08T13:08:11","date_gmt":"2024-04-08T13:08:11","guid":{"rendered":"https:\/\/visitviskovo.hr\/?page_id=20950"},"modified":"2024-04-08T13:08:13","modified_gmt":"2024-04-08T13:08:13","slug":"fuenf-radwege-fuer-alle-altersgruppen","status":"publish","type":"page","link":"https:\/\/visitviskovo.hr\/de\/was-tun-2\/ideje-za-boravak\/fuenf-radwege-fuer-alle-altersgruppen\/","title":{"rendered":"F\u00fcnf Radwege f\u00fcr alle Altersgruppen"},"content":{"rendered":"\n<p>F\u00fcnf markierte Radwege f\u00fchren durch das Gebiet von Vi\u0161kovo, in dem moderne Lebensweise auf Tradition und wundersch\u00f6ne Naturlandschaften trifft. Unsere Radwege eignen sich ideal f\u00fcr alle, die verborgene Ecken in Vi\u0161kovo erkunden m\u00f6chten und ein Abenteuer unter freiem Himmel suchen. <\/p>\n\n\n\n<h2 class=\"wp-block-heading\"> Strecke Vi\u0161kovo<\/h2>\n\n\n\n<p>Die Strecke Vi\u0161kovo ist ideal f\u00fcr Familien und f\u00fchrt in Richtung Ronjgi, dem Geburtsort des bedeutenden Musikers Ivan Mateti\u0107 Ronjgov. In seinem Geburtshaus befindet sich heute ein Museum und ein Restaurant im Erdgeschoss, in dem typische Spezialit\u00e4ten f\u00fcr diese Gegend angeboten werden. Von Ronjgi aus f\u00fchrt die Strecke bergauf zum Ort Zorzi\u0107i direkt auf der Stra\u00dfe Petrolejska Cesta mit einem Brunnen aus dem Jahr 1904. Aus dem benachbarten Dorf Globi\u0107i, dem Geburtsort des Schriftstellers Berto Lu\u010di\u0107, bietet sich ein wundersch\u00f6ner Blick auf Kvarner. Die Strecke f\u00fchrt dann bergauf zum Dorf Lu\u010di\u0107i, der in der N\u00e4he der Ruinen der illyrischen Festung auf Lon\u010deva Gri\u017ea liegt. In der N\u00e4he befindet sich auch ein ehemaliger Steinbruch sowie eine einzigartige Ausstellung im Freien. Unmittelbar vor dem Dorf Skva\u017ei\u0107i, biegt man zum Ple\u0161ivac-Wanderweg ab, der nach Bi\u0161kupi f\u00fchrt. In diesem Dorf kann man die charakteristische Architektur dieses Gebiets aus erster Hand erleben. Am Ortsausgang f\u00fchrt die Strecke \u00fcber Mladeni\u0107i zur\u00fcck zum Zentrum von Vi\u0161kovo.<\/p>\n\n\n\n<h2 class=\"wp-block-heading\">Strecke Kastav<\/h2>\n\n\n\n<p>Die etwas anspruchsvollere Strecke Kastav f\u00fchrt um das Zentrum von Vi\u0161kovo an Nebenstra\u00dfen und Waldwegen herum\u00f6stlich in Richtung Furi\u0107evo. Dort biegt sie links ab und f\u00fchrt leicht bergauf durch Trtni nach Mladeni\u0107i, \u00fcberquert die Stra\u00dfe und f\u00fchrt an einem alten Fahrweg weiter durch Mavri bis nach Gornji Sroki und dann bergab bis zum Srokov Kal, biegt dort rechts ab und f\u00fchrt weiter in Richtung Kastav. Wenn Sie eine Herausforderung suchen, k\u00f6nnen Sie in Gornji Turki rechts in Richtung Jelovi\u010dani und Wald Lu\u017eina abbiegen. Die leichtere Variante f\u00fchrt geradeaus von Gornji Turki zur Stra\u00dfe und folgt dem Waldweg nach Donji Jugi. In unmittelbarer N\u00e4he dieses Dorfs befindet sich Kapitovac, eine unersch\u00f6pfliche Wasserquelle, die von der untrennbaren Verbindung zwischen Mensch und Natur zeugt.<\/p>\n\n\n\n<h2 class=\"wp-block-heading\">Strecke Studena<\/h2>\n\n\n\n<p>Die Strecke Studena f\u00fchrt in Richtung Sar\u0161oni und der Stra\u00dfe Petrolejska Cesta bis nach Zorzi\u0107i. Ein alter Fahrweg durch den Wald Ne\u017enica f\u00fchrt in Richtung Hauptstra\u00dfe nach Studena. An der Stra\u00dfe Petrolejska Cesta erreichen wir bergab den Ort Mar\u010delji, wo zwei Kulturg\u00fcter entstanden sind, die in die UNESCO-Liste des immateriellen Kulturerbes aufgenommen wurden: der Umzug der Glockentr\u00e4ger Halubajski Zvon\u010dari und der zweistimmige Gesang, der von Ivan Mateti\u0107 aus Ronjgi niedergeschrieben wurde. Im Ort Mar\u010delji biegt die Strecke nach Kosi ab und f\u00fchrt \u00fcber Jardasi, Dovi\u010di\u0107i und \u0160iroli ins Zentrum von Vi\u0161kovo zur\u00fcck.<\/p>\n\n\n\n<h2 class=\"wp-block-heading\">Strecke \u201eDie Quelle des Flusses Rje\u010dina\u201c<\/h2>\n\n\n\n<p>Die Strecke \u201eDie Quelle des Flusses Rje\u010dina\u201c beginnt im Zentrum von Vi\u0161kovo und f\u00fchrt \u00fcber Mladeni\u0107i in Richtung Sar\u0161oni und Lu\u010di\u0107i. Nach einem kurzen Anstieg erreichen wir den Bergpass Lon\u010deva Gri\u017ea und fahren dann an einem Serpentinenweg bergab nach Trnovica und \u00fcber den Fluss Rje\u010dina. Dort biegen wir nach Kukuljani ab und folgen dem Flusslauf stromaufw\u00e4rts bis zur Quelle. Von der Quelle aus kehrt man am gleichen Weg bis zum Bergpass Lon\u010deva Gri\u017ea zur\u00fcck, weiter bergab nach Sar\u0161oni und dann die Stra\u00dfe Petrolejska Cesta entlang in Richtung Gari\u0107i. Dort k\u00f6nnen wir jahrhundertealte H\u00e4user sehen, wie z.B. das \u201eCenetina-Haus\u201c (ein gesch\u00fctztes Kulturdenkmal), die von der traditionellen Architektur dieser Gegen zeugen. Die Strecke f\u00fchrt dann durch Mar\u010delji zur\u00fcck ins Zentrum von Vi\u0161kovo.<\/p>\n\n\n\n<h2 class=\"wp-block-heading\">Strecke Breza<\/h2>\n\n\n\n<p>Die Strecke Breza f\u00fchrt in Richtung Sar\u0161oni und Ronjgi bis zum Ort Zorzi\u0107i und zur Stra\u00dfe Petrolejska Cesta und von dort aus weiter in Richtung Klana. Im Gebiet Pogled biegt die Strecke auf einen Waldweg zum Ort Breza ab. Auf dem Weg begegnet man den interessanten \u00dcberresten der Festungswerke aus der Zeit der italienischen Okkupation, denn damals verlief hier die Grenze zwischen dem K\u00f6nigreich Italien und K\u00f6nigreich der Serben, Kroaten und Slowenen. Oberhalb des Ortes Breza f\u00fchrt die Stra\u00dfe ins Ortszentrum. Vorbei am Friedhof und einer alten italienischen Grenzkaserne geht es weiter bis zu einer Kreuzung und dann links an einem Waldweg bis zum Ort Jardasi. \u00dcber Dovi\u010di\u0107i erreichen wir \u0160iroli und fahren dann an einem Nebenweg zur\u00fcck ins Zentrum von Vi\u0161kovo.<\/p>\n\n\n\n<p>F\u00fcr welche Wege Sie sich auch entscheiden, folgen Sie immer den Pfaden hin zu den ruhigen Ecken und herrlichen Aussichtspunkten. Bewundern Sie die alten ringf\u00f6rmigen Mauern um die Dolinen und Teichen herum, fahren Sie entlang der alten Trockenmauer, folgen Sie der Gel\u00e4ndeform und den ehemaligen Grenzen, und erleben Sie die lokale Geschichte aus erster Hand.<\/p>\n","protected":false},"excerpt":{"rendered":"<p>F\u00fcnf markierte Radwege f\u00fchren durch das Gebiet von Vi\u0161kovo, in dem moderne Lebensweise auf Tradition und wundersch\u00f6ne Naturlandschaften trifft. Unsere Radwege eignen sich ideal f\u00fcr alle, die verborgene Ecken in Vi\u0161kovo erkunden m\u00f6chten und ein Abenteuer unter freiem Himmel suchen. Strecke Vi\u0161kovo Die Strecke Vi\u0161kovo ist ideal f\u00fcr Familien und f\u00fchrt in Richtung Ronjgi, dem [&hellip;]<\/p>\n","protected":false},"author":4,"featured_media":20937,"parent":8142,"menu_order":0,"comment_status":"closed","ping_status":"closed","template":"","meta":{"_acf_changed":false,"footnotes":""},"acf":[],"yoast_head":"<!-- This site is optimized with the Yoast SEO plugin v22.7 - https:\/\/yoast.com\/wordpress\/plugins\/seo\/ -->\n<title>F\u00fcnf Radwege f\u00fcr alle Altersgruppen - Turisti\u010dka zajednica op\u0107ine Vi\u0161kovo<\/title>\n<meta name=\"robots\" content=\"index, follow, max-snippet:-1, max-image-preview:large, max-video-preview:-1\" \/>\n<link rel=\"canonical\" href=\"https:\/\/visitviskovo.hr\/de\/was-tun-2\/ideje-za-boravak\/fuenf-radwege-fuer-alle-altersgruppen\/\" \/>\n<meta property=\"og:locale\" content=\"de_DE\" \/>\n<meta property=\"og:type\" content=\"article\" \/>\n<meta property=\"og:title\" content=\"F\u00fcnf Radwege f\u00fcr alle Altersgruppen - Turisti\u010dka zajednica op\u0107ine Vi\u0161kovo\" \/>\n<meta property=\"og:description\" content=\"F\u00fcnf markierte Radwege f\u00fchren durch das Gebiet von Vi\u0161kovo, in dem moderne Lebensweise auf Tradition und wundersch\u00f6ne Naturlandschaften trifft. Unsere Radwege eignen sich ideal f\u00fcr alle, die verborgene Ecken in Vi\u0161kovo erkunden m\u00f6chten und ein Abenteuer unter freiem Himmel suchen. Strecke Vi\u0161kovo Die Strecke Vi\u0161kovo ist ideal f\u00fcr Familien und f\u00fchrt in Richtung Ronjgi, dem [&hellip;]\" \/>\n<meta property=\"og:url\" content=\"https:\/\/visitviskovo.hr\/de\/was-tun-2\/ideje-za-boravak\/fuenf-radwege-fuer-alle-altersgruppen\/\" \/>\n<meta property=\"og:site_name\" content=\"Turisti\u010dka zajednica op\u0107ine Vi\u0161kovo\" \/>\n<meta property=\"article:publisher\" content=\"https:\/\/web.facebook.com\/VisitViskovo\" \/>\n<meta property=\"article:modified_time\" content=\"2024-04-08T13:08:13+00:00\" \/>\n<meta property=\"og:image\" content=\"https:\/\/visitviskovo.hr\/wp-content\/uploads\/2024\/04\/Bike-2.jpg\" \/>\n\t<meta property=\"og:image:width\" content=\"1920\" \/>\n\t<meta property=\"og:image:height\" content=\"1280\" \/>\n\t<meta property=\"og:image:type\" content=\"image\/jpeg\" \/>\n<meta name=\"twitter:card\" content=\"summary_large_image\" \/>\n<meta name=\"twitter:label1\" content=\"Gesch\u00e4tzte Lesezeit\" \/>\n\t<meta name=\"twitter:data1\" content=\"4 Minuten\" \/>\n<script type=\"application\/ld+json\" class=\"yoast-schema-graph\">{\"@context\":\"https:\/\/schema.org\",\"@graph\":[{\"@type\":\"WebPage\",\"@id\":\"https:\/\/visitviskovo.hr\/de\/was-tun-2\/ideje-za-boravak\/fuenf-radwege-fuer-alle-altersgruppen\/\",\"url\":\"https:\/\/visitviskovo.hr\/de\/was-tun-2\/ideje-za-boravak\/fuenf-radwege-fuer-alle-altersgruppen\/\",\"name\":\"F\u00fcnf Radwege f\u00fcr alle Altersgruppen - Turisti\u010dka zajednica op\u0107ine Vi\u0161kovo\",\"isPartOf\":{\"@id\":\"https:\/\/visitviskovo.hr\/it\/#website\"},\"primaryImageOfPage\":{\"@id\":\"https:\/\/visitviskovo.hr\/de\/was-tun-2\/ideje-za-boravak\/fuenf-radwege-fuer-alle-altersgruppen\/#primaryimage\"},\"image\":{\"@id\":\"https:\/\/visitviskovo.hr\/de\/was-tun-2\/ideje-za-boravak\/fuenf-radwege-fuer-alle-altersgruppen\/#primaryimage\"},\"thumbnailUrl\":\"https:\/\/visitviskovo.hr\/wp-content\/uploads\/2024\/04\/Bike-2.jpg\",\"datePublished\":\"2024-04-08T13:08:11+00:00\",\"dateModified\":\"2024-04-08T13:08:13+00:00\",\"breadcrumb\":{\"@id\":\"https:\/\/visitviskovo.hr\/de\/was-tun-2\/ideje-za-boravak\/fuenf-radwege-fuer-alle-altersgruppen\/#breadcrumb\"},\"inLanguage\":\"de-DE\",\"potentialAction\":[{\"@type\":\"ReadAction\",\"target\":[\"https:\/\/visitviskovo.hr\/de\/was-tun-2\/ideje-za-boravak\/fuenf-radwege-fuer-alle-altersgruppen\/\"]}]},{\"@type\":\"ImageObject\",\"inLanguage\":\"de-DE\",\"@id\":\"https:\/\/visitviskovo.hr\/de\/was-tun-2\/ideje-za-boravak\/fuenf-radwege-fuer-alle-altersgruppen\/#primaryimage\",\"url\":\"https:\/\/visitviskovo.hr\/wp-content\/uploads\/2024\/04\/Bike-2.jpg\",\"contentUrl\":\"https:\/\/visitviskovo.hr\/wp-content\/uploads\/2024\/04\/Bike-2.jpg\",\"width\":1920,\"height\":1280},{\"@type\":\"BreadcrumbList\",\"@id\":\"https:\/\/visitviskovo.hr\/de\/was-tun-2\/ideje-za-boravak\/fuenf-radwege-fuer-alle-altersgruppen\/#breadcrumb\",\"itemListElement\":[{\"@type\":\"ListItem\",\"position\":1,\"name\":\"Home\",\"item\":\"https:\/\/visitviskovo.hr\/de\/\"},{\"@type\":\"ListItem\",\"position\":2,\"name\":\"Was tun\",\"item\":\"https:\/\/visitviskovo.hr\/de\/was-tun-2\/\"},{\"@type\":\"ListItem\",\"position\":3,\"name\":\"Vi\u0161kovo f\u00fcr jeden Reisetyp\",\"item\":\"https:\/\/visitviskovo.hr\/de\/was-tun-2\/ideje-za-boravak\/\"},{\"@type\":\"ListItem\",\"position\":4,\"name\":\"F\u00fcnf Radwege f\u00fcr alle Altersgruppen\"}]},{\"@type\":\"WebSite\",\"@id\":\"https:\/\/visitviskovo.hr\/it\/#website\",\"url\":\"https:\/\/visitviskovo.hr\/it\/\",\"name\":\"Turisti\u010dka zajednica op\u0107ine Vi\u0161kovo\",\"description\":\"\",\"potentialAction\":[{\"@type\":\"SearchAction\",\"target\":{\"@type\":\"EntryPoint\",\"urlTemplate\":\"https:\/\/visitviskovo.hr\/it\/?s={search_term_string}\"},\"query-input\":\"required name=search_term_string\"}],\"inLanguage\":\"de-DE\"}]}<\/script>\n<!-- \/ Yoast SEO plugin. -->","yoast_head_json":{"title":"F\u00fcnf Radwege f\u00fcr alle Altersgruppen - Turisti\u010dka zajednica op\u0107ine Vi\u0161kovo","robots":{"index":"index","follow":"follow","max-snippet":"max-snippet:-1","max-image-preview":"max-image-preview:large","max-video-preview":"max-video-preview:-1"},"canonical":"https:\/\/visitviskovo.hr\/de\/was-tun-2\/ideje-za-boravak\/fuenf-radwege-fuer-alle-altersgruppen\/","og_locale":"de_DE","og_type":"article","og_title":"F\u00fcnf Radwege f\u00fcr alle Altersgruppen - Turisti\u010dka zajednica op\u0107ine Vi\u0161kovo","og_description":"F\u00fcnf markierte Radwege f\u00fchren durch das Gebiet von Vi\u0161kovo, in dem moderne Lebensweise auf Tradition und wundersch\u00f6ne Naturlandschaften trifft. Unsere Radwege eignen sich ideal f\u00fcr alle, die verborgene Ecken in Vi\u0161kovo erkunden m\u00f6chten und ein Abenteuer unter freiem Himmel suchen. Strecke Vi\u0161kovo Die Strecke Vi\u0161kovo ist ideal f\u00fcr Familien und f\u00fchrt in Richtung Ronjgi, dem [&hellip;]","og_url":"https:\/\/visitviskovo.hr\/de\/was-tun-2\/ideje-za-boravak\/fuenf-radwege-fuer-alle-altersgruppen\/","og_site_name":"Turisti\u010dka zajednica op\u0107ine Vi\u0161kovo","article_publisher":"https:\/\/web.facebook.com\/VisitViskovo","article_modified_time":"2024-04-08T13:08:13+00:00","og_image":[{"width":1920,"height":1280,"url":"https:\/\/visitviskovo.hr\/wp-content\/uploads\/2024\/04\/Bike-2.jpg","type":"image\/jpeg"}],"twitter_card":"summary_large_image","twitter_misc":{"Gesch\u00e4tzte Lesezeit":"4 Minuten"},"schema":{"@context":"https:\/\/schema.org","@graph":[{"@type":"WebPage","@id":"https:\/\/visitviskovo.hr\/de\/was-tun-2\/ideje-za-boravak\/fuenf-radwege-fuer-alle-altersgruppen\/","url":"https:\/\/visitviskovo.hr\/de\/was-tun-2\/ideje-za-boravak\/fuenf-radwege-fuer-alle-altersgruppen\/","name":"F\u00fcnf Radwege f\u00fcr alle Altersgruppen - Turisti\u010dka zajednica op\u0107ine Vi\u0161kovo","isPartOf":{"@id":"https:\/\/visitviskovo.hr\/it\/#website"},"primaryImageOfPage":{"@id":"https:\/\/visitviskovo.hr\/de\/was-tun-2\/ideje-za-boravak\/fuenf-radwege-fuer-alle-altersgruppen\/#primaryimage"},"image":{"@id":"https:\/\/visitviskovo.hr\/de\/was-tun-2\/ideje-za-boravak\/fuenf-radwege-fuer-alle-altersgruppen\/#primaryimage"},"thumbnailUrl":"https:\/\/visitviskovo.hr\/wp-content\/uploads\/2024\/04\/Bike-2.jpg","datePublished":"2024-04-08T13:08:11+00:00","dateModified":"2024-04-08T13:08:13+00:00","breadcrumb":{"@id":"https:\/\/visitviskovo.hr\/de\/was-tun-2\/ideje-za-boravak\/fuenf-radwege-fuer-alle-altersgruppen\/#breadcrumb"},"inLanguage":"de-DE","potentialAction":[{"@type":"ReadAction","target":["https:\/\/visitviskovo.hr\/de\/was-tun-2\/ideje-za-boravak\/fuenf-radwege-fuer-alle-altersgruppen\/"]}]},{"@type":"ImageObject","inLanguage":"de-DE","@id":"https:\/\/visitviskovo.hr\/de\/was-tun-2\/ideje-za-boravak\/fuenf-radwege-fuer-alle-altersgruppen\/#primaryimage","url":"https:\/\/visitviskovo.hr\/wp-content\/uploads\/2024\/04\/Bike-2.jpg","contentUrl":"https:\/\/visitviskovo.hr\/wp-content\/uploads\/2024\/04\/Bike-2.jpg","width":1920,"height":1280},{"@type":"BreadcrumbList","@id":"https:\/\/visitviskovo.hr\/de\/was-tun-2\/ideje-za-boravak\/fuenf-radwege-fuer-alle-altersgruppen\/#breadcrumb","itemListElement":[{"@type":"ListItem","position":1,"name":"Home","item":"https:\/\/visitviskovo.hr\/de\/"},{"@type":"ListItem","position":2,"name":"Was tun","item":"https:\/\/visitviskovo.hr\/de\/was-tun-2\/"},{"@type":"ListItem","position":3,"name":"Vi\u0161kovo f\u00fcr jeden Reisetyp","item":"https:\/\/visitviskovo.hr\/de\/was-tun-2\/ideje-za-boravak\/"},{"@type":"ListItem","position":4,"name":"F\u00fcnf Radwege f\u00fcr alle Altersgruppen"}]},{"@type":"WebSite","@id":"https:\/\/visitviskovo.hr\/it\/#website","url":"https:\/\/visitviskovo.hr\/it\/","name":"Turisti\u010dka zajednica op\u0107ine Vi\u0161kovo","description":"","potentialAction":[{"@type":"SearchAction","target":{"@type":"EntryPoint","urlTemplate":"https:\/\/visitviskovo.hr\/it\/?s={search_term_string}"},"query-input":"required name=search_term_string"}],"inLanguage":"de-DE"}]}},"_links":{"self":[{"href":"https:\/\/visitviskovo.hr\/de\/wp-json\/wp\/v2\/pages\/20950"}],"collection":[{"href":"https:\/\/visitviskovo.hr\/de\/wp-json\/wp\/v2\/pages"}],"about":[{"href":"https:\/\/visitviskovo.hr\/de\/wp-json\/wp\/v2\/types\/page"}],"author":[{"embeddable":true,"href":"https:\/\/visitviskovo.hr\/de\/wp-json\/wp\/v2\/users\/4"}],"replies":[{"embeddable":true,"href":"https:\/\/visitviskovo.hr\/de\/wp-json\/wp\/v2\/comments?post=20950"}],"version-history":[{"count":1,"href":"https:\/\/visitviskovo.hr\/de\/wp-json\/wp\/v2\/pages\/20950\/revisions"}],"predecessor-version":[{"id":20951,"href":"https:\/\/visitviskovo.hr\/de\/wp-json\/wp\/v2\/pages\/20950\/revisions\/20951"}],"up":[{"embeddable":true,"href":"https:\/\/visitviskovo.hr\/de\/wp-json\/wp\/v2\/pages\/8142"}],"wp:featuredmedia":[{"embeddable":true,"href":"https:\/\/visitviskovo.hr\/de\/wp-json\/wp\/v2\/media\/20937"}],"wp:attachment":[{"href":"https:\/\/visitviskovo.hr\/de\/wp-json\/wp\/v2\/media?parent=20950"}],"curies":[{"name":"wp","href":"https:\/\/api.w.org\/{rel}","templated":true}]}}