{"id":20956,"date":"2024-04-09T06:51:40","date_gmt":"2024-04-09T06:51:40","guid":{"rendered":"https:\/\/visitviskovo.hr\/?page_id=20956"},"modified":"2024-04-09T06:51:43","modified_gmt":"2024-04-09T06:51:43","slug":"vier-oasen-der-ruhe","status":"publish","type":"page","link":"https:\/\/visitviskovo.hr\/de\/was-tun-2\/ideje-za-boravak\/vier-oasen-der-ruhe\/","title":{"rendered":"Vier Oasen der Ruhe"},"content":{"rendered":"\n<p>Unsere Geh- und Wanderwege sind kleine Oasen der Ruhe und sehen zu jeder Jahreszeit anders aus. Diese entz\u00fcckende Gegend weckt den Abenteuergeist in jedem von uns. Die alten Wege sing von jahrhundertalten Trockenmauern ums\u00e4umt. Beim Spaziergang von einem Dorf zum anderen sto\u00dft man auf gr\u00fcne Haine und tiefe Dolinen. Diese liebliche Landschaft is nur wenige Schritte von den Hauptstra\u00dfen entfernt und l\u00e4dt zu einem Spaziergang oder Fahrradausflug vorbei an Terrasseng\u00e4rten ein, die mit heimischen Baumen bewachen sind. In ihren Baumkronen nisten Vogel wie Meisen, Amseln und H\u00e4her, w\u00e4hrend Falken \u00fcber ihnen kreisen. Beim Spaziergang auf l\u00e4ngeren oder k\u00fcrzeren Strecken, mit sanften oder etwas steileren Anstiegen kann der aufmerksame Beobachter Rehe, Fuchse oder Marder erblicken oder in der Ferne das Lied der Nachtigallen h\u00f6ren! Besonders interessant sind die Trockenmauern, die hier Groma\u010de genannt werden. Sie grenzen die Wege ab, st\u00fctzen die alten Gartenterrassen und umgeben die Kali\u0107i-Teiche, die einst als Viehtr\u00e4nke dienten.<\/p>\n\n\n\n<h2 class=\"wp-block-heading\">Der Wanderweg Milohni<\/h2>\n\n\n\n<p>Der Wanderweg Milohni f\u00fchrt durch ein interessantes Gebiet mit ruhiger Atmosph\u00e4re. Beim Spaziergang durch den Wald in Richtung der malerischen Stadt Kastav oder der typischen Karstlandschaft mit dem Teich Kapitovac tauchen Sie in eine Oase der Ruhe ein.&nbsp;<\/p>\n\n\n\n<p>Dieser kreisf\u00f6rmige Wanderweg, der an zahlreichen Karstg\u00e4rten und Dolinen vorbeif\u00fchrt, kann in einer Stunde leicht zu Fu\u00df zur\u00fcckgelegt werden und ist ideal f\u00fcr einen Nachmittagsspaziergang. Vom Dorf Milohni f\u00fchrt die Strecke durch die Waldgebiete \u00fcber einen alten Fahrweg in Richtung Kastav. Nach einem Ruheplatz biegt der Weg nach links ab und bietet zwei M\u00f6glichkeiten. Nach rechts f\u00fchrt der Weg zur \u0160porova Jama und zur Stadt Kastav, und nach links zum Ort Bezjaki und einem herrlichen Blick auf Kvarner. In Richtung Bezjaki bieten sich ebenfalls zwei M\u00f6glichkeiten. Ein leichter Aufstieg f\u00fchrt zu einer Kreuzung: links geht es zur\u00fcck zum Dorf Milohni, und geradeaus erreicht man Bezjaki. Von Bezjaki aus f\u00fchrt der Weg auch nach Srdo\u010di und Zamet. Der Wanderweg Milohni f\u00fchrt auch zum Teich Kapitovac, der sich in einer tiefen Doline neben dem Dorf Milohni befindet. Der von Trockenmauern umgebene Zugangsweg f\u00fchrt zu einer tiefen Doline, und ein steiler Pfad f\u00fchrt hinunter zu einem ummauerten, mit Laubb\u00e4umen bewachsenen Teich. All diese Routen bieten Ihnen die M\u00f6glichkeit, weniger bekannte Teile des Kastav-Gebiets zu erkunden.<\/p>\n\n\n\n<h2 class=\"wp-block-heading\">Der Wanderweg Puti\u0107 od mi\u0107e i vele sopele<\/h2>\n\n\n\n<p>Der Wanderweg Puti\u0107 od mi\u0107e i vele sopele erinnert an alte Melodien, die dank der Bem\u00fchungen von Ivan Mateti\u0107 Ronjgov erhalten geblieben sind. Sein Geburtshaus befindet sich in unmittelbarer N\u00e4he des Pfades. Auf diesem Weg ging auch er spazieren und lauschte dem Gesang der Einheimischen w\u00e4hrend sie auf den Feldern arbeiteten.Ein Pfad dieses Weges f\u00fchrt zu einem kleinen Ruheplatz, der von Trockenmauern gepr\u00e4gt ist, einem typischen architektonischen Element, das vor Ort als\u00a0Groma\u010da\u00a0bekannt ist. Nach ca. 350 m erreichen Sie einen Aussichtspunkt mit Blick auf die unber\u00fchrte Natur und die historische Stadt Kastav. Zu jeder Jahreszeit hei\u00dft Sie der karge Karstboden in einem Waldgebiet willkommen, das gr\u00f6\u00dftenteils mit Hainbuchen, Eichen und niedriger Vegetation bewachsen ist.<\/p>\n\n\n\n<h2 class=\"wp-block-heading\">Der Wanderweg Ple\u0161ivac<\/h2>\n\n\n\n<p>Der Wanderweg Ple\u0161ivac ist f\u00fcr alle Altersgruppen geeignet. Die sanften Anstiege sind ideal f\u00fcr Freizeitaktivit\u00e4ten in einer herrlichen Waldlandschaft. Dieser 8,6 km lange Weg verbindet die D\u00f6rfer Mar\u010delji und Tiblja\u0161i und sein h\u00f6chster Gipfel, Ple\u0161ivac (ple\u0161iv&nbsp;bedeutet haarlos), liegt auf einer H\u00f6he von 429 m. An diesen Wanderweg schlie\u00dft sich ein Radweg an, der nach Ronjgi und zum Geburtshaus von Ivan Mateti\u0107 Ronjgov f\u00fchrt, das heute als kulturelle Einrichtung und Gedenkst\u00e4tte dient.<\/p>\n\n\n\n<p>Ausgehend von der alten Schule in Mar\u010delji in Richtung des Dorfes Bi\u0161kupi und eines Ruheplatzes gibt es eine Weggabelung. Die Abzweigungen f\u00fchren nach Mladeni\u0107i, Petrci und Tiblja\u0161i. Eine Abzweigung f\u00fchrt auch nach Kablari in Drenova. Von Tiblja\u0161i aus kann man sich der Strecke Drenova-Pehlin anschlie\u00dfen und den Weg in Richtung Rijeka fortsetzen.<\/p>\n\n\n\n<h2 class=\"wp-block-heading\">Der Wanderpfad Lon\u010deva Gri\u017ea<\/h2>\n\n\n\n<p>Dieser anspruchsvolle Wanderpfad mit einer L\u00e4nge von 15 km bietet einen herrlichen Ausblick auf die Kvarner Bucht, die Berge von Gorski Kotar und die Gebiete von Kastav und Grobnik, insbesondere von den Kalksteinfelsen aus, die sich auf dem 506 m hohem Gipfel Lon\u010deva Gri\u017ea (gri\u017ea\u00a0bedeutet Steinhaufen) befinden. Auf dem Aussichtspunkt gibt es Schautafeln auf Chakavisch, Kroatisch und Englisch mit Informationen \u00fcber den ehemaligen Steinbruch in Lon\u010deva Gri\u017ea, aus dem fr\u00fcher Felsbrocken gewonnen wurden. Oberhalb des Dorfes Skva\u017ei\u0107i befand sich auch ein kleinerer Steinbruch, aus dem die Bewohner des Dorfes und der Umgebung ihren Bedarf deckten. Eine Freiluftausstellung alter Steinmetzwerkzeuge auf einem Felsen des alten Steinbruchs informiert die Besucher \u00fcber die Br\u00e4uche des Gebiets von Halubje.<\/p>\n","protected":false},"excerpt":{"rendered":"<p>Unsere Geh- und Wanderwege sind kleine Oasen der Ruhe und sehen zu jeder Jahreszeit anders aus. Diese entz\u00fcckende Gegend weckt den Abenteuergeist in jedem von uns. Die alten Wege sing von jahrhundertalten Trockenmauern ums\u00e4umt. Beim Spaziergang von einem Dorf zum anderen sto\u00dft man auf gr\u00fcne Haine und tiefe Dolinen. Diese liebliche Landschaft is nur wenige [&hellip;]<\/p>\n","protected":false},"author":4,"featured_media":19995,"parent":8142,"menu_order":0,"comment_status":"closed","ping_status":"closed","template":"","meta":{"_acf_changed":false,"footnotes":""},"acf":[],"yoast_head":"<!-- This site is optimized with the Yoast SEO plugin v22.7 - https:\/\/yoast.com\/wordpress\/plugins\/seo\/ -->\n<title>Vier Oasen der Ruhe - Turisti\u010dka zajednica op\u0107ine Vi\u0161kovo<\/title>\n<meta name=\"robots\" content=\"index, follow, max-snippet:-1, max-image-preview:large, max-video-preview:-1\" \/>\n<link rel=\"canonical\" href=\"https:\/\/visitviskovo.hr\/de\/was-tun-2\/ideje-za-boravak\/vier-oasen-der-ruhe\/\" \/>\n<meta property=\"og:locale\" content=\"de_DE\" \/>\n<meta property=\"og:type\" content=\"article\" \/>\n<meta property=\"og:title\" content=\"Vier Oasen der Ruhe - Turisti\u010dka zajednica op\u0107ine Vi\u0161kovo\" \/>\n<meta property=\"og:description\" content=\"Unsere Geh- und Wanderwege sind kleine Oasen der Ruhe und sehen zu jeder Jahreszeit anders aus. Diese entz\u00fcckende Gegend weckt den Abenteuergeist in jedem von uns. Die alten Wege sing von jahrhundertalten Trockenmauern ums\u00e4umt. Beim Spaziergang von einem Dorf zum anderen sto\u00dft man auf gr\u00fcne Haine und tiefe Dolinen. Diese liebliche Landschaft is nur wenige [&hellip;]\" \/>\n<meta property=\"og:url\" content=\"https:\/\/visitviskovo.hr\/de\/was-tun-2\/ideje-za-boravak\/vier-oasen-der-ruhe\/\" \/>\n<meta property=\"og:site_name\" content=\"Turisti\u010dka zajednica op\u0107ine Vi\u0161kovo\" \/>\n<meta property=\"article:publisher\" content=\"https:\/\/web.facebook.com\/VisitViskovo\" \/>\n<meta property=\"article:modified_time\" content=\"2024-04-09T06:51:43+00:00\" \/>\n<meta property=\"og:image\" content=\"https:\/\/visitviskovo.hr\/wp-content\/uploads\/2022\/09\/45-1-scaled.jpg\" \/>\n\t<meta property=\"og:image:width\" content=\"2560\" \/>\n\t<meta property=\"og:image:height\" content=\"1707\" \/>\n\t<meta property=\"og:image:type\" content=\"image\/jpeg\" \/>\n<meta name=\"twitter:card\" content=\"summary_large_image\" \/>\n<meta name=\"twitter:label1\" content=\"Gesch\u00e4tzte Lesezeit\" \/>\n\t<meta name=\"twitter:data1\" content=\"5 Minuten\" \/>\n<script type=\"application\/ld+json\" class=\"yoast-schema-graph\">{\"@context\":\"https:\/\/schema.org\",\"@graph\":[{\"@type\":\"WebPage\",\"@id\":\"https:\/\/visitviskovo.hr\/de\/was-tun-2\/ideje-za-boravak\/vier-oasen-der-ruhe\/\",\"url\":\"https:\/\/visitviskovo.hr\/de\/was-tun-2\/ideje-za-boravak\/vier-oasen-der-ruhe\/\",\"name\":\"Vier Oasen der Ruhe - Turisti\u010dka zajednica op\u0107ine Vi\u0161kovo\",\"isPartOf\":{\"@id\":\"https:\/\/visitviskovo.hr\/it\/#website\"},\"primaryImageOfPage\":{\"@id\":\"https:\/\/visitviskovo.hr\/de\/was-tun-2\/ideje-za-boravak\/vier-oasen-der-ruhe\/#primaryimage\"},\"image\":{\"@id\":\"https:\/\/visitviskovo.hr\/de\/was-tun-2\/ideje-za-boravak\/vier-oasen-der-ruhe\/#primaryimage\"},\"thumbnailUrl\":\"https:\/\/visitviskovo.hr\/wp-content\/uploads\/2022\/09\/45-1-scaled.jpg\",\"datePublished\":\"2024-04-09T06:51:40+00:00\",\"dateModified\":\"2024-04-09T06:51:43+00:00\",\"breadcrumb\":{\"@id\":\"https:\/\/visitviskovo.hr\/de\/was-tun-2\/ideje-za-boravak\/vier-oasen-der-ruhe\/#breadcrumb\"},\"inLanguage\":\"de-DE\",\"potentialAction\":[{\"@type\":\"ReadAction\",\"target\":[\"https:\/\/visitviskovo.hr\/de\/was-tun-2\/ideje-za-boravak\/vier-oasen-der-ruhe\/\"]}]},{\"@type\":\"ImageObject\",\"inLanguage\":\"de-DE\",\"@id\":\"https:\/\/visitviskovo.hr\/de\/was-tun-2\/ideje-za-boravak\/vier-oasen-der-ruhe\/#primaryimage\",\"url\":\"https:\/\/visitviskovo.hr\/wp-content\/uploads\/2022\/09\/45-1-scaled.jpg\",\"contentUrl\":\"https:\/\/visitviskovo.hr\/wp-content\/uploads\/2022\/09\/45-1-scaled.jpg\",\"width\":2560,\"height\":1707},{\"@type\":\"BreadcrumbList\",\"@id\":\"https:\/\/visitviskovo.hr\/de\/was-tun-2\/ideje-za-boravak\/vier-oasen-der-ruhe\/#breadcrumb\",\"itemListElement\":[{\"@type\":\"ListItem\",\"position\":1,\"name\":\"Home\",\"item\":\"https:\/\/visitviskovo.hr\/de\/\"},{\"@type\":\"ListItem\",\"position\":2,\"name\":\"Was tun\",\"item\":\"https:\/\/visitviskovo.hr\/de\/was-tun-2\/\"},{\"@type\":\"ListItem\",\"position\":3,\"name\":\"Vi\u0161kovo f\u00fcr jeden Reisetyp\",\"item\":\"https:\/\/visitviskovo.hr\/de\/was-tun-2\/ideje-za-boravak\/\"},{\"@type\":\"ListItem\",\"position\":4,\"name\":\"Vier Oasen der Ruhe\"}]},{\"@type\":\"WebSite\",\"@id\":\"https:\/\/visitviskovo.hr\/it\/#website\",\"url\":\"https:\/\/visitviskovo.hr\/it\/\",\"name\":\"Turisti\u010dka zajednica op\u0107ine Vi\u0161kovo\",\"description\":\"\",\"potentialAction\":[{\"@type\":\"SearchAction\",\"target\":{\"@type\":\"EntryPoint\",\"urlTemplate\":\"https:\/\/visitviskovo.hr\/it\/?s={search_term_string}\"},\"query-input\":\"required name=search_term_string\"}],\"inLanguage\":\"de-DE\"}]}<\/script>\n<!-- \/ Yoast SEO plugin. -->","yoast_head_json":{"title":"Vier Oasen der Ruhe - Turisti\u010dka zajednica op\u0107ine Vi\u0161kovo","robots":{"index":"index","follow":"follow","max-snippet":"max-snippet:-1","max-image-preview":"max-image-preview:large","max-video-preview":"max-video-preview:-1"},"canonical":"https:\/\/visitviskovo.hr\/de\/was-tun-2\/ideje-za-boravak\/vier-oasen-der-ruhe\/","og_locale":"de_DE","og_type":"article","og_title":"Vier Oasen der Ruhe - Turisti\u010dka zajednica op\u0107ine Vi\u0161kovo","og_description":"Unsere Geh- und Wanderwege sind kleine Oasen der Ruhe und sehen zu jeder Jahreszeit anders aus. Diese entz\u00fcckende Gegend weckt den Abenteuergeist in jedem von uns. Die alten Wege sing von jahrhundertalten Trockenmauern ums\u00e4umt. Beim Spaziergang von einem Dorf zum anderen sto\u00dft man auf gr\u00fcne Haine und tiefe Dolinen. Diese liebliche Landschaft is nur wenige [&hellip;]","og_url":"https:\/\/visitviskovo.hr\/de\/was-tun-2\/ideje-za-boravak\/vier-oasen-der-ruhe\/","og_site_name":"Turisti\u010dka zajednica op\u0107ine Vi\u0161kovo","article_publisher":"https:\/\/web.facebook.com\/VisitViskovo","article_modified_time":"2024-04-09T06:51:43+00:00","og_image":[{"width":2560,"height":1707,"url":"https:\/\/visitviskovo.hr\/wp-content\/uploads\/2022\/09\/45-1-scaled.jpg","type":"image\/jpeg"}],"twitter_card":"summary_large_image","twitter_misc":{"Gesch\u00e4tzte Lesezeit":"5 Minuten"},"schema":{"@context":"https:\/\/schema.org","@graph":[{"@type":"WebPage","@id":"https:\/\/visitviskovo.hr\/de\/was-tun-2\/ideje-za-boravak\/vier-oasen-der-ruhe\/","url":"https:\/\/visitviskovo.hr\/de\/was-tun-2\/ideje-za-boravak\/vier-oasen-der-ruhe\/","name":"Vier Oasen der Ruhe - Turisti\u010dka zajednica op\u0107ine Vi\u0161kovo","isPartOf":{"@id":"https:\/\/visitviskovo.hr\/it\/#website"},"primaryImageOfPage":{"@id":"https:\/\/visitviskovo.hr\/de\/was-tun-2\/ideje-za-boravak\/vier-oasen-der-ruhe\/#primaryimage"},"image":{"@id":"https:\/\/visitviskovo.hr\/de\/was-tun-2\/ideje-za-boravak\/vier-oasen-der-ruhe\/#primaryimage"},"thumbnailUrl":"https:\/\/visitviskovo.hr\/wp-content\/uploads\/2022\/09\/45-1-scaled.jpg","datePublished":"2024-04-09T06:51:40+00:00","dateModified":"2024-04-09T06:51:43+00:00","breadcrumb":{"@id":"https:\/\/visitviskovo.hr\/de\/was-tun-2\/ideje-za-boravak\/vier-oasen-der-ruhe\/#breadcrumb"},"inLanguage":"de-DE","potentialAction":[{"@type":"ReadAction","target":["https:\/\/visitviskovo.hr\/de\/was-tun-2\/ideje-za-boravak\/vier-oasen-der-ruhe\/"]}]},{"@type":"ImageObject","inLanguage":"de-DE","@id":"https:\/\/visitviskovo.hr\/de\/was-tun-2\/ideje-za-boravak\/vier-oasen-der-ruhe\/#primaryimage","url":"https:\/\/visitviskovo.hr\/wp-content\/uploads\/2022\/09\/45-1-scaled.jpg","contentUrl":"https:\/\/visitviskovo.hr\/wp-content\/uploads\/2022\/09\/45-1-scaled.jpg","width":2560,"height":1707},{"@type":"BreadcrumbList","@id":"https:\/\/visitviskovo.hr\/de\/was-tun-2\/ideje-za-boravak\/vier-oasen-der-ruhe\/#breadcrumb","itemListElement":[{"@type":"ListItem","position":1,"name":"Home","item":"https:\/\/visitviskovo.hr\/de\/"},{"@type":"ListItem","position":2,"name":"Was tun","item":"https:\/\/visitviskovo.hr\/de\/was-tun-2\/"},{"@type":"ListItem","position":3,"name":"Vi\u0161kovo f\u00fcr jeden Reisetyp","item":"https:\/\/visitviskovo.hr\/de\/was-tun-2\/ideje-za-boravak\/"},{"@type":"ListItem","position":4,"name":"Vier Oasen der Ruhe"}]},{"@type":"WebSite","@id":"https:\/\/visitviskovo.hr\/it\/#website","url":"https:\/\/visitviskovo.hr\/it\/","name":"Turisti\u010dka zajednica op\u0107ine Vi\u0161kovo","description":"","potentialAction":[{"@type":"SearchAction","target":{"@type":"EntryPoint","urlTemplate":"https:\/\/visitviskovo.hr\/it\/?s={search_term_string}"},"query-input":"required name=search_term_string"}],"inLanguage":"de-DE"}]}},"_links":{"self":[{"href":"https:\/\/visitviskovo.hr\/de\/wp-json\/wp\/v2\/pages\/20956"}],"collection":[{"href":"https:\/\/visitviskovo.hr\/de\/wp-json\/wp\/v2\/pages"}],"about":[{"href":"https:\/\/visitviskovo.hr\/de\/wp-json\/wp\/v2\/types\/page"}],"author":[{"embeddable":true,"href":"https:\/\/visitviskovo.hr\/de\/wp-json\/wp\/v2\/users\/4"}],"replies":[{"embeddable":true,"href":"https:\/\/visitviskovo.hr\/de\/wp-json\/wp\/v2\/comments?post=20956"}],"version-history":[{"count":1,"href":"https:\/\/visitviskovo.hr\/de\/wp-json\/wp\/v2\/pages\/20956\/revisions"}],"predecessor-version":[{"id":20957,"href":"https:\/\/visitviskovo.hr\/de\/wp-json\/wp\/v2\/pages\/20956\/revisions\/20957"}],"up":[{"embeddable":true,"href":"https:\/\/visitviskovo.hr\/de\/wp-json\/wp\/v2\/pages\/8142"}],"wp:featuredmedia":[{"embeddable":true,"href":"https:\/\/visitviskovo.hr\/de\/wp-json\/wp\/v2\/media\/19995"}],"wp:attachment":[{"href":"https:\/\/visitviskovo.hr\/de\/wp-json\/wp\/v2\/media?parent=20956"}],"curies":[{"name":"wp","href":"https:\/\/api.w.org\/{rel}","templated":true}]}}