{"id":21700,"date":"2024-07-04T10:37:05","date_gmt":"2024-07-04T10:37:05","guid":{"rendered":"https:\/\/visitviskovo.hr\/?page_id=21700"},"modified":"2024-07-04T10:37:06","modified_gmt":"2024-07-04T10:37:06","slug":"das-haus-der-glockentraeger-halubajski-zvoncari","status":"publish","type":"page","link":"https:\/\/visitviskovo.hr\/de\/was-tun-2\/das-haus-der-glockentraeger-halubajski-zvoncari\/","title":{"rendered":"Das Haus der Glockentr\u00e4ger Halubajski Zvon\u010dari"},"content":{"rendered":"\n<p>Dieses Jahr gibt es einen neuen Ort denn Sie besuchen m\u00fcssen w\u00e4hrend Ihres Aufenthalts in Kvarner. In Vi\u0161kovo, einem Ort oberhalb von Opatija und Rijeka, direkt neben Kastav, wurde Das Haus der Glockentr\u00e4ger Halubajski Zvon\u010dari er\u00f6ffnet \u2013 ein einzigartiger Ort, an dem Sie das reiche, immaterielle Kulturerbe dieser Region erkunden, verschiedene Programme genie\u00dfen, originale und authentische Souvenirs erwerben und bald lokale K\u00f6stlichkeiten und ausgew\u00e4hlte Gerichte genie\u00dfen k\u00f6nnen, f\u00fcr die unsere Region weithin bekannt ist.<\/p>\n\n\n\n<p>Im Haus der Glockentr\u00e4ger Halubajski Zvon\u010dari k\u00f6nnen Sie eine Dauerausstellung \u00fcber den j\u00e4hrlichen Glockentr\u00e4ger Umzug genie\u00dfen, eine Tradition, die von der UNESCO in die Repr\u00e4sentative Liste des immateriellen Kulturerbes der Menschheit aufgenommen wurde. Die Er\u00f6ffnung dieser Einrichtung hat Vi\u0161kovos Ruf als kroatische Hauptstadt des immateriellen UNESCO-Kulturerbes best\u00e4tigt, da in dieser Region gleich vier immaterielle Kulturerben auf dieser prestigetr\u00e4chtigen Liste stehen.<\/p>\n\n\n\n<p>Aber wer sind <a href=\"https:\/\/visitviskovo.hr\/de\/was-tun-2\/glockentraeger-halubajski-zvoncari\/\">die Glockentr\u00e4ger Halubajski zvon\u010dari?<\/a> Warum sind sie besonders und warum m\u00fcssen Sie sie sehen?<\/p>\n\n\n\n<p>Sie vertreiben den Winter und rufen den Fr\u00fchling herbei! Sie sind mutig! Sie sind stark! Sie sind Vertreter unserer langen Geschichte, unserer reichen Gemeinschaft der Gegenwart und unserer Zukunft. Die Glockentr\u00e4ger Halubajski Zvon\u010dari von Halubje sind ein weithin bekanntes kulturelles Ph\u00e4nomen mit Wurzeln, die bis in die Antike zur\u00fcckreichen. Und Halubje ist die Heimat der Glockentr\u00e4ger Halubajski Zvon\u010dari.<\/p>\n\n\n\n<p>Das Haus der Glockentr\u00e4ger Halubajski Zvon\u010dari stellt auf attraktive Weise diese alte Tradition dar, interpretiert die Vergangenheit und noch lebende Mythologie. Die Ausstellung ist lehrreich, interaktiv und unterhaltsam, geeignet f\u00fcr Kinder und Erwachsene. Sie enth\u00e4lt originale, alte Gegenst\u00e4nde, die mit den Gl\u00f6cknern und dem traditionellen Leben der lokalen Bev\u00f6lkerung verbunden sind, sowie moderne multimediale Inhalte, die besonders Kinder und Junggebliebene erfreuen werden.<\/p>\n\n\n\n<p>Besuchen Sie uns, erkunden Sie unsere Geschichte, lernen Sie die Glockentr\u00e4ger kennen, genie\u00dfen Sie das Ambiente und die lokalen K\u00f6stlichkeiten und entdecken Sie Vi\u0161kovo und Kvarner.<\/p>\n\n\n\n<p>Das Haus der Glockentr\u00e4ger Halubajski Zvon\u010dari ist f\u00fcr Besucher dienstags, mittwochs und donnerstags von 10 bis 16 Uhr, freitags und samstags von 10 bis 20 Uhr und sonntags von 10 bis 14 Uhr ge\u00f6ffnet.<\/p>\n\n\n\n<p>Weitere Informationen, einschlie\u00dflich Details zu \u00d6ffnungszeiten und Programmen, finden Sie auf <a href=\"https:\/\/khz.hr\/\">www.KHZ.hr<\/a>.<\/p>\n","protected":false},"excerpt":{"rendered":"<p>Dieses Jahr gibt es einen neuen Ort denn Sie besuchen m\u00fcssen w\u00e4hrend Ihres Aufenthalts in Kvarner. In Vi\u0161kovo, einem Ort oberhalb von Opatija und Rijeka, direkt neben Kastav, wurde Das Haus der Glockentr\u00e4ger Halubajski Zvon\u010dari er\u00f6ffnet \u2013 ein einzigartiger Ort, an dem Sie das reiche, immaterielle Kulturerbe dieser Region erkunden, verschiedene Programme genie\u00dfen, originale und [&hellip;]<\/p>\n","protected":false},"author":4,"featured_media":21628,"parent":4357,"menu_order":0,"comment_status":"closed","ping_status":"closed","template":"","meta":{"_acf_changed":false,"footnotes":""},"acf":[],"yoast_head":"<!-- This site is optimized with the Yoast SEO plugin v22.7 - https:\/\/yoast.com\/wordpress\/plugins\/seo\/ -->\n<title>Das Haus der Glockentr\u00e4ger Halubajski Zvon\u010dari - Turisti\u010dka zajednica op\u0107ine Vi\u0161kovo<\/title>\n<meta name=\"robots\" content=\"index, follow, max-snippet:-1, max-image-preview:large, max-video-preview:-1\" \/>\n<link rel=\"canonical\" href=\"https:\/\/visitviskovo.hr\/de\/was-tun-2\/das-haus-der-glockentraeger-halubajski-zvoncari\/\" \/>\n<meta property=\"og:locale\" content=\"de_DE\" \/>\n<meta property=\"og:type\" content=\"article\" \/>\n<meta property=\"og:title\" content=\"Das Haus der Glockentr\u00e4ger Halubajski Zvon\u010dari - Turisti\u010dka zajednica op\u0107ine Vi\u0161kovo\" \/>\n<meta property=\"og:description\" content=\"Dieses Jahr gibt es einen neuen Ort denn Sie besuchen m\u00fcssen w\u00e4hrend Ihres Aufenthalts in Kvarner. In Vi\u0161kovo, einem Ort oberhalb von Opatija und Rijeka, direkt neben Kastav, wurde Das Haus der Glockentr\u00e4ger Halubajski Zvon\u010dari er\u00f6ffnet \u2013 ein einzigartiger Ort, an dem Sie das reiche, immaterielle Kulturerbe dieser Region erkunden, verschiedene Programme genie\u00dfen, originale und [&hellip;]\" \/>\n<meta property=\"og:url\" content=\"https:\/\/visitviskovo.hr\/de\/was-tun-2\/das-haus-der-glockentraeger-halubajski-zvoncari\/\" \/>\n<meta property=\"og:site_name\" content=\"Turisti\u010dka zajednica op\u0107ine Vi\u0161kovo\" \/>\n<meta property=\"article:publisher\" content=\"https:\/\/web.facebook.com\/VisitViskovo\" \/>\n<meta property=\"article:modified_time\" content=\"2024-07-04T10:37:06+00:00\" \/>\n<meta property=\"og:image\" content=\"https:\/\/visitviskovo.hr\/wp-content\/uploads\/2024\/06\/KHZ-2.jpg\" \/>\n\t<meta property=\"og:image:width\" content=\"1920\" \/>\n\t<meta property=\"og:image:height\" content=\"1281\" \/>\n\t<meta property=\"og:image:type\" content=\"image\/jpeg\" \/>\n<meta name=\"twitter:card\" content=\"summary_large_image\" \/>\n<meta name=\"twitter:label1\" content=\"Gesch\u00e4tzte Lesezeit\" \/>\n\t<meta name=\"twitter:data1\" content=\"2 Minuten\" \/>\n<script type=\"application\/ld+json\" class=\"yoast-schema-graph\">{\"@context\":\"https:\/\/schema.org\",\"@graph\":[{\"@type\":\"WebPage\",\"@id\":\"https:\/\/visitviskovo.hr\/de\/was-tun-2\/das-haus-der-glockentraeger-halubajski-zvoncari\/\",\"url\":\"https:\/\/visitviskovo.hr\/de\/was-tun-2\/das-haus-der-glockentraeger-halubajski-zvoncari\/\",\"name\":\"Das Haus der Glockentr\u00e4ger Halubajski Zvon\u010dari - Turisti\u010dka zajednica op\u0107ine Vi\u0161kovo\",\"isPartOf\":{\"@id\":\"https:\/\/visitviskovo.hr\/it\/#website\"},\"primaryImageOfPage\":{\"@id\":\"https:\/\/visitviskovo.hr\/de\/was-tun-2\/das-haus-der-glockentraeger-halubajski-zvoncari\/#primaryimage\"},\"image\":{\"@id\":\"https:\/\/visitviskovo.hr\/de\/was-tun-2\/das-haus-der-glockentraeger-halubajski-zvoncari\/#primaryimage\"},\"thumbnailUrl\":\"https:\/\/visitviskovo.hr\/wp-content\/uploads\/2024\/06\/KHZ-2.jpg\",\"datePublished\":\"2024-07-04T10:37:05+00:00\",\"dateModified\":\"2024-07-04T10:37:06+00:00\",\"breadcrumb\":{\"@id\":\"https:\/\/visitviskovo.hr\/de\/was-tun-2\/das-haus-der-glockentraeger-halubajski-zvoncari\/#breadcrumb\"},\"inLanguage\":\"de-DE\",\"potentialAction\":[{\"@type\":\"ReadAction\",\"target\":[\"https:\/\/visitviskovo.hr\/de\/was-tun-2\/das-haus-der-glockentraeger-halubajski-zvoncari\/\"]}]},{\"@type\":\"ImageObject\",\"inLanguage\":\"de-DE\",\"@id\":\"https:\/\/visitviskovo.hr\/de\/was-tun-2\/das-haus-der-glockentraeger-halubajski-zvoncari\/#primaryimage\",\"url\":\"https:\/\/visitviskovo.hr\/wp-content\/uploads\/2024\/06\/KHZ-2.jpg\",\"contentUrl\":\"https:\/\/visitviskovo.hr\/wp-content\/uploads\/2024\/06\/KHZ-2.jpg\",\"width\":1920,\"height\":1281},{\"@type\":\"BreadcrumbList\",\"@id\":\"https:\/\/visitviskovo.hr\/de\/was-tun-2\/das-haus-der-glockentraeger-halubajski-zvoncari\/#breadcrumb\",\"itemListElement\":[{\"@type\":\"ListItem\",\"position\":1,\"name\":\"Home\",\"item\":\"https:\/\/visitviskovo.hr\/de\/\"},{\"@type\":\"ListItem\",\"position\":2,\"name\":\"Was tun\",\"item\":\"https:\/\/visitviskovo.hr\/de\/was-tun-2\/\"},{\"@type\":\"ListItem\",\"position\":3,\"name\":\"Das Haus der Glockentr\u00e4ger Halubajski Zvon\u010dari\"}]},{\"@type\":\"WebSite\",\"@id\":\"https:\/\/visitviskovo.hr\/it\/#website\",\"url\":\"https:\/\/visitviskovo.hr\/it\/\",\"name\":\"Turisti\u010dka zajednica op\u0107ine Vi\u0161kovo\",\"description\":\"\",\"potentialAction\":[{\"@type\":\"SearchAction\",\"target\":{\"@type\":\"EntryPoint\",\"urlTemplate\":\"https:\/\/visitviskovo.hr\/it\/?s={search_term_string}\"},\"query-input\":\"required name=search_term_string\"}],\"inLanguage\":\"de-DE\"}]}<\/script>\n<!-- \/ Yoast SEO plugin. -->","yoast_head_json":{"title":"Das Haus der Glockentr\u00e4ger Halubajski Zvon\u010dari - Turisti\u010dka zajednica op\u0107ine Vi\u0161kovo","robots":{"index":"index","follow":"follow","max-snippet":"max-snippet:-1","max-image-preview":"max-image-preview:large","max-video-preview":"max-video-preview:-1"},"canonical":"https:\/\/visitviskovo.hr\/de\/was-tun-2\/das-haus-der-glockentraeger-halubajski-zvoncari\/","og_locale":"de_DE","og_type":"article","og_title":"Das Haus der Glockentr\u00e4ger Halubajski Zvon\u010dari - Turisti\u010dka zajednica op\u0107ine Vi\u0161kovo","og_description":"Dieses Jahr gibt es einen neuen Ort denn Sie besuchen m\u00fcssen w\u00e4hrend Ihres Aufenthalts in Kvarner. In Vi\u0161kovo, einem Ort oberhalb von Opatija und Rijeka, direkt neben Kastav, wurde Das Haus der Glockentr\u00e4ger Halubajski Zvon\u010dari er\u00f6ffnet \u2013 ein einzigartiger Ort, an dem Sie das reiche, immaterielle Kulturerbe dieser Region erkunden, verschiedene Programme genie\u00dfen, originale und [&hellip;]","og_url":"https:\/\/visitviskovo.hr\/de\/was-tun-2\/das-haus-der-glockentraeger-halubajski-zvoncari\/","og_site_name":"Turisti\u010dka zajednica op\u0107ine Vi\u0161kovo","article_publisher":"https:\/\/web.facebook.com\/VisitViskovo","article_modified_time":"2024-07-04T10:37:06+00:00","og_image":[{"width":1920,"height":1281,"url":"https:\/\/visitviskovo.hr\/wp-content\/uploads\/2024\/06\/KHZ-2.jpg","type":"image\/jpeg"}],"twitter_card":"summary_large_image","twitter_misc":{"Gesch\u00e4tzte Lesezeit":"2 Minuten"},"schema":{"@context":"https:\/\/schema.org","@graph":[{"@type":"WebPage","@id":"https:\/\/visitviskovo.hr\/de\/was-tun-2\/das-haus-der-glockentraeger-halubajski-zvoncari\/","url":"https:\/\/visitviskovo.hr\/de\/was-tun-2\/das-haus-der-glockentraeger-halubajski-zvoncari\/","name":"Das Haus der Glockentr\u00e4ger Halubajski Zvon\u010dari - Turisti\u010dka zajednica op\u0107ine Vi\u0161kovo","isPartOf":{"@id":"https:\/\/visitviskovo.hr\/it\/#website"},"primaryImageOfPage":{"@id":"https:\/\/visitviskovo.hr\/de\/was-tun-2\/das-haus-der-glockentraeger-halubajski-zvoncari\/#primaryimage"},"image":{"@id":"https:\/\/visitviskovo.hr\/de\/was-tun-2\/das-haus-der-glockentraeger-halubajski-zvoncari\/#primaryimage"},"thumbnailUrl":"https:\/\/visitviskovo.hr\/wp-content\/uploads\/2024\/06\/KHZ-2.jpg","datePublished":"2024-07-04T10:37:05+00:00","dateModified":"2024-07-04T10:37:06+00:00","breadcrumb":{"@id":"https:\/\/visitviskovo.hr\/de\/was-tun-2\/das-haus-der-glockentraeger-halubajski-zvoncari\/#breadcrumb"},"inLanguage":"de-DE","potentialAction":[{"@type":"ReadAction","target":["https:\/\/visitviskovo.hr\/de\/was-tun-2\/das-haus-der-glockentraeger-halubajski-zvoncari\/"]}]},{"@type":"ImageObject","inLanguage":"de-DE","@id":"https:\/\/visitviskovo.hr\/de\/was-tun-2\/das-haus-der-glockentraeger-halubajski-zvoncari\/#primaryimage","url":"https:\/\/visitviskovo.hr\/wp-content\/uploads\/2024\/06\/KHZ-2.jpg","contentUrl":"https:\/\/visitviskovo.hr\/wp-content\/uploads\/2024\/06\/KHZ-2.jpg","width":1920,"height":1281},{"@type":"BreadcrumbList","@id":"https:\/\/visitviskovo.hr\/de\/was-tun-2\/das-haus-der-glockentraeger-halubajski-zvoncari\/#breadcrumb","itemListElement":[{"@type":"ListItem","position":1,"name":"Home","item":"https:\/\/visitviskovo.hr\/de\/"},{"@type":"ListItem","position":2,"name":"Was tun","item":"https:\/\/visitviskovo.hr\/de\/was-tun-2\/"},{"@type":"ListItem","position":3,"name":"Das Haus der Glockentr\u00e4ger Halubajski Zvon\u010dari"}]},{"@type":"WebSite","@id":"https:\/\/visitviskovo.hr\/it\/#website","url":"https:\/\/visitviskovo.hr\/it\/","name":"Turisti\u010dka zajednica op\u0107ine Vi\u0161kovo","description":"","potentialAction":[{"@type":"SearchAction","target":{"@type":"EntryPoint","urlTemplate":"https:\/\/visitviskovo.hr\/it\/?s={search_term_string}"},"query-input":"required name=search_term_string"}],"inLanguage":"de-DE"}]}},"_links":{"self":[{"href":"https:\/\/visitviskovo.hr\/de\/wp-json\/wp\/v2\/pages\/21700"}],"collection":[{"href":"https:\/\/visitviskovo.hr\/de\/wp-json\/wp\/v2\/pages"}],"about":[{"href":"https:\/\/visitviskovo.hr\/de\/wp-json\/wp\/v2\/types\/page"}],"author":[{"embeddable":true,"href":"https:\/\/visitviskovo.hr\/de\/wp-json\/wp\/v2\/users\/4"}],"replies":[{"embeddable":true,"href":"https:\/\/visitviskovo.hr\/de\/wp-json\/wp\/v2\/comments?post=21700"}],"version-history":[{"count":1,"href":"https:\/\/visitviskovo.hr\/de\/wp-json\/wp\/v2\/pages\/21700\/revisions"}],"predecessor-version":[{"id":21701,"href":"https:\/\/visitviskovo.hr\/de\/wp-json\/wp\/v2\/pages\/21700\/revisions\/21701"}],"up":[{"embeddable":true,"href":"https:\/\/visitviskovo.hr\/de\/wp-json\/wp\/v2\/pages\/4357"}],"wp:featuredmedia":[{"embeddable":true,"href":"https:\/\/visitviskovo.hr\/de\/wp-json\/wp\/v2\/media\/21628"}],"wp:attachment":[{"href":"https:\/\/visitviskovo.hr\/de\/wp-json\/wp\/v2\/media?parent=21700"}],"curies":[{"name":"wp","href":"https:\/\/api.w.org\/{rel}","templated":true}]}}