{"id":3787,"date":"2019-08-19T19:05:26","date_gmt":"2019-08-19T19:05:26","guid":{"rendered":"https:\/\/visitviskovo.hr\/?page_id=3787"},"modified":"2024-04-18T10:55:02","modified_gmt":"2024-04-18T10:55:02","slug":"umgebung-von-viskovo","status":"publish","type":"page","link":"https:\/\/visitviskovo.hr\/de\/was-tun-2\/umgebung-von-viskovo\/","title":{"rendered":"Umgebung von Vi\u0161kovo"},"content":{"rendered":"\n<p>Die Umgebung von Vi\u0161kovo ist eine kleine, aber vielf\u00e4ltige Umgebung, die reich an erhaltener Natur sowie historischer und kultureller Vielfalt ist. Diese einzigartige und gastfreundliche Region, in der vielschichtige Geschichte, Tradition und dynamischer Alltag aufeinandertreffen, hat viel zu bieten. Besuchen Sie die Umgebung von Vi\u0161kovo, genie\u00dfen Sie die Vielfalt und Besonderheiten benachbarter Orte: <a href=\"https:\/\/rijekaoutdoor.com\/en\/\">Rijeka Outdoor<\/a><\/p>\n\n\n\n<p><em>Rijeka und der Rijeka-Ring bilden eine einzigartige Region, die durch ihre nat\u00fcrliche, historische und kulturelle Vielfalt \u00fcberrascht. Wenn Sie hier anhalten, werden Sie feststellen, dass die relativ kleine, aber offene und einladende Region, in der vielschichtige Geschichte, dynamische Tradition und lebendiger Alltag aufeinandertreffen, Ihnen viel zu bieten hat.<\/em><\/p>\n","protected":false},"excerpt":{"rendered":"<p>Die Umgebung von Vi\u0161kovo ist eine kleine, aber vielf\u00e4ltige Umgebung, die reich an erhaltener Natur sowie historischer und kultureller Vielfalt ist. Diese einzigartige und gastfreundliche Region, in der vielschichtige Geschichte, Tradition und dynamischer Alltag aufeinandertreffen, hat viel zu bieten. Besuchen Sie die Umgebung von Vi\u0161kovo, genie\u00dfen Sie die Vielfalt und Besonderheiten benachbarter Orte: Rijeka Outdoor [&hellip;]<\/p>\n","protected":false},"author":1,"featured_media":3804,"parent":4357,"menu_order":0,"comment_status":"closed","ping_status":"closed","template":"child-pages.php","meta":{"_acf_changed":false,"footnotes":""},"acf":[],"yoast_head":"<!-- This site is optimized with the Yoast SEO plugin v22.7 - https:\/\/yoast.com\/wordpress\/plugins\/seo\/ -->\n<title>Umgebung von Vi\u0161kovo - Turisti\u010dka zajednica op\u0107ine Vi\u0161kovo<\/title>\n<meta name=\"robots\" content=\"index, follow, max-snippet:-1, max-image-preview:large, max-video-preview:-1\" \/>\n<link rel=\"canonical\" href=\"https:\/\/visitviskovo.hr\/de\/was-tun-2\/umgebung-von-viskovo\/\" \/>\n<meta property=\"og:locale\" content=\"de_DE\" \/>\n<meta property=\"og:type\" content=\"article\" \/>\n<meta property=\"og:title\" content=\"Umgebung von Vi\u0161kovo - Turisti\u010dka zajednica op\u0107ine Vi\u0161kovo\" \/>\n<meta property=\"og:description\" content=\"Die Umgebung von Vi\u0161kovo ist eine kleine, aber vielf\u00e4ltige Umgebung, die reich an erhaltener Natur sowie historischer und kultureller Vielfalt ist. Diese einzigartige und gastfreundliche Region, in der vielschichtige Geschichte, Tradition und dynamischer Alltag aufeinandertreffen, hat viel zu bieten. Besuchen Sie die Umgebung von Vi\u0161kovo, genie\u00dfen Sie die Vielfalt und Besonderheiten benachbarter Orte: Rijeka Outdoor [&hellip;]\" \/>\n<meta property=\"og:url\" content=\"https:\/\/visitviskovo.hr\/de\/was-tun-2\/umgebung-von-viskovo\/\" \/>\n<meta property=\"og:site_name\" content=\"Turisti\u010dka zajednica op\u0107ine Vi\u0161kovo\" \/>\n<meta property=\"article:publisher\" content=\"https:\/\/web.facebook.com\/VisitViskovo\" \/>\n<meta property=\"article:modified_time\" content=\"2024-04-18T10:55:02+00:00\" \/>\n<meta property=\"og:image\" content=\"https:\/\/visitviskovo.hr\/wp-content\/uploads\/2019\/07\/566aa2558cacb.jpg\" \/>\n\t<meta property=\"og:image:width\" content=\"350\" \/>\n\t<meta property=\"og:image:height\" content=\"525\" \/>\n\t<meta property=\"og:image:type\" content=\"image\/jpeg\" \/>\n<meta name=\"twitter:card\" content=\"summary_large_image\" \/>\n<meta name=\"twitter:label1\" content=\"Gesch\u00e4tzte Lesezeit\" \/>\n\t<meta name=\"twitter:data1\" content=\"1 Minute\" \/>\n<script type=\"application\/ld+json\" class=\"yoast-schema-graph\">{\"@context\":\"https:\/\/schema.org\",\"@graph\":[{\"@type\":\"WebPage\",\"@id\":\"https:\/\/visitviskovo.hr\/de\/was-tun-2\/umgebung-von-viskovo\/\",\"url\":\"https:\/\/visitviskovo.hr\/de\/was-tun-2\/umgebung-von-viskovo\/\",\"name\":\"Umgebung von Vi\u0161kovo - Turisti\u010dka zajednica op\u0107ine Vi\u0161kovo\",\"isPartOf\":{\"@id\":\"https:\/\/visitviskovo.hr\/it\/#website\"},\"primaryImageOfPage\":{\"@id\":\"https:\/\/visitviskovo.hr\/de\/was-tun-2\/umgebung-von-viskovo\/#primaryimage\"},\"image\":{\"@id\":\"https:\/\/visitviskovo.hr\/de\/was-tun-2\/umgebung-von-viskovo\/#primaryimage\"},\"thumbnailUrl\":\"https:\/\/visitviskovo.hr\/wp-content\/uploads\/2019\/07\/566aa2558cacb.jpg\",\"datePublished\":\"2019-08-19T19:05:26+00:00\",\"dateModified\":\"2024-04-18T10:55:02+00:00\",\"breadcrumb\":{\"@id\":\"https:\/\/visitviskovo.hr\/de\/was-tun-2\/umgebung-von-viskovo\/#breadcrumb\"},\"inLanguage\":\"de-DE\",\"potentialAction\":[{\"@type\":\"ReadAction\",\"target\":[\"https:\/\/visitviskovo.hr\/de\/was-tun-2\/umgebung-von-viskovo\/\"]}]},{\"@type\":\"ImageObject\",\"inLanguage\":\"de-DE\",\"@id\":\"https:\/\/visitviskovo.hr\/de\/was-tun-2\/umgebung-von-viskovo\/#primaryimage\",\"url\":\"https:\/\/visitviskovo.hr\/wp-content\/uploads\/2019\/07\/566aa2558cacb.jpg\",\"contentUrl\":\"https:\/\/visitviskovo.hr\/wp-content\/uploads\/2019\/07\/566aa2558cacb.jpg\",\"width\":350,\"height\":525},{\"@type\":\"BreadcrumbList\",\"@id\":\"https:\/\/visitviskovo.hr\/de\/was-tun-2\/umgebung-von-viskovo\/#breadcrumb\",\"itemListElement\":[{\"@type\":\"ListItem\",\"position\":1,\"name\":\"Home\",\"item\":\"https:\/\/visitviskovo.hr\/de\/\"},{\"@type\":\"ListItem\",\"position\":2,\"name\":\"Was tun\",\"item\":\"https:\/\/visitviskovo.hr\/de\/was-tun-2\/\"},{\"@type\":\"ListItem\",\"position\":3,\"name\":\"Umgebung von Vi\u0161kovo\"}]},{\"@type\":\"WebSite\",\"@id\":\"https:\/\/visitviskovo.hr\/it\/#website\",\"url\":\"https:\/\/visitviskovo.hr\/it\/\",\"name\":\"Turisti\u010dka zajednica op\u0107ine Vi\u0161kovo\",\"description\":\"\",\"potentialAction\":[{\"@type\":\"SearchAction\",\"target\":{\"@type\":\"EntryPoint\",\"urlTemplate\":\"https:\/\/visitviskovo.hr\/it\/?s={search_term_string}\"},\"query-input\":\"required name=search_term_string\"}],\"inLanguage\":\"de-DE\"}]}<\/script>\n<!-- \/ Yoast SEO plugin. -->","yoast_head_json":{"title":"Umgebung von Vi\u0161kovo - Turisti\u010dka zajednica op\u0107ine Vi\u0161kovo","robots":{"index":"index","follow":"follow","max-snippet":"max-snippet:-1","max-image-preview":"max-image-preview:large","max-video-preview":"max-video-preview:-1"},"canonical":"https:\/\/visitviskovo.hr\/de\/was-tun-2\/umgebung-von-viskovo\/","og_locale":"de_DE","og_type":"article","og_title":"Umgebung von Vi\u0161kovo - Turisti\u010dka zajednica op\u0107ine Vi\u0161kovo","og_description":"Die Umgebung von Vi\u0161kovo ist eine kleine, aber vielf\u00e4ltige Umgebung, die reich an erhaltener Natur sowie historischer und kultureller Vielfalt ist. Diese einzigartige und gastfreundliche Region, in der vielschichtige Geschichte, Tradition und dynamischer Alltag aufeinandertreffen, hat viel zu bieten. Besuchen Sie die Umgebung von Vi\u0161kovo, genie\u00dfen Sie die Vielfalt und Besonderheiten benachbarter Orte: Rijeka Outdoor [&hellip;]","og_url":"https:\/\/visitviskovo.hr\/de\/was-tun-2\/umgebung-von-viskovo\/","og_site_name":"Turisti\u010dka zajednica op\u0107ine Vi\u0161kovo","article_publisher":"https:\/\/web.facebook.com\/VisitViskovo","article_modified_time":"2024-04-18T10:55:02+00:00","og_image":[{"width":350,"height":525,"url":"https:\/\/visitviskovo.hr\/wp-content\/uploads\/2019\/07\/566aa2558cacb.jpg","type":"image\/jpeg"}],"twitter_card":"summary_large_image","twitter_misc":{"Gesch\u00e4tzte Lesezeit":"1 Minute"},"schema":{"@context":"https:\/\/schema.org","@graph":[{"@type":"WebPage","@id":"https:\/\/visitviskovo.hr\/de\/was-tun-2\/umgebung-von-viskovo\/","url":"https:\/\/visitviskovo.hr\/de\/was-tun-2\/umgebung-von-viskovo\/","name":"Umgebung von Vi\u0161kovo - Turisti\u010dka zajednica op\u0107ine Vi\u0161kovo","isPartOf":{"@id":"https:\/\/visitviskovo.hr\/it\/#website"},"primaryImageOfPage":{"@id":"https:\/\/visitviskovo.hr\/de\/was-tun-2\/umgebung-von-viskovo\/#primaryimage"},"image":{"@id":"https:\/\/visitviskovo.hr\/de\/was-tun-2\/umgebung-von-viskovo\/#primaryimage"},"thumbnailUrl":"https:\/\/visitviskovo.hr\/wp-content\/uploads\/2019\/07\/566aa2558cacb.jpg","datePublished":"2019-08-19T19:05:26+00:00","dateModified":"2024-04-18T10:55:02+00:00","breadcrumb":{"@id":"https:\/\/visitviskovo.hr\/de\/was-tun-2\/umgebung-von-viskovo\/#breadcrumb"},"inLanguage":"de-DE","potentialAction":[{"@type":"ReadAction","target":["https:\/\/visitviskovo.hr\/de\/was-tun-2\/umgebung-von-viskovo\/"]}]},{"@type":"ImageObject","inLanguage":"de-DE","@id":"https:\/\/visitviskovo.hr\/de\/was-tun-2\/umgebung-von-viskovo\/#primaryimage","url":"https:\/\/visitviskovo.hr\/wp-content\/uploads\/2019\/07\/566aa2558cacb.jpg","contentUrl":"https:\/\/visitviskovo.hr\/wp-content\/uploads\/2019\/07\/566aa2558cacb.jpg","width":350,"height":525},{"@type":"BreadcrumbList","@id":"https:\/\/visitviskovo.hr\/de\/was-tun-2\/umgebung-von-viskovo\/#breadcrumb","itemListElement":[{"@type":"ListItem","position":1,"name":"Home","item":"https:\/\/visitviskovo.hr\/de\/"},{"@type":"ListItem","position":2,"name":"Was tun","item":"https:\/\/visitviskovo.hr\/de\/was-tun-2\/"},{"@type":"ListItem","position":3,"name":"Umgebung von Vi\u0161kovo"}]},{"@type":"WebSite","@id":"https:\/\/visitviskovo.hr\/it\/#website","url":"https:\/\/visitviskovo.hr\/it\/","name":"Turisti\u010dka zajednica op\u0107ine Vi\u0161kovo","description":"","potentialAction":[{"@type":"SearchAction","target":{"@type":"EntryPoint","urlTemplate":"https:\/\/visitviskovo.hr\/it\/?s={search_term_string}"},"query-input":"required name=search_term_string"}],"inLanguage":"de-DE"}]}},"_links":{"self":[{"href":"https:\/\/visitviskovo.hr\/de\/wp-json\/wp\/v2\/pages\/3787"}],"collection":[{"href":"https:\/\/visitviskovo.hr\/de\/wp-json\/wp\/v2\/pages"}],"about":[{"href":"https:\/\/visitviskovo.hr\/de\/wp-json\/wp\/v2\/types\/page"}],"author":[{"embeddable":true,"href":"https:\/\/visitviskovo.hr\/de\/wp-json\/wp\/v2\/users\/1"}],"replies":[{"embeddable":true,"href":"https:\/\/visitviskovo.hr\/de\/wp-json\/wp\/v2\/comments?post=3787"}],"version-history":[{"count":4,"href":"https:\/\/visitviskovo.hr\/de\/wp-json\/wp\/v2\/pages\/3787\/revisions"}],"predecessor-version":[{"id":21048,"href":"https:\/\/visitviskovo.hr\/de\/wp-json\/wp\/v2\/pages\/3787\/revisions\/21048"}],"up":[{"embeddable":true,"href":"https:\/\/visitviskovo.hr\/de\/wp-json\/wp\/v2\/pages\/4357"}],"wp:featuredmedia":[{"embeddable":true,"href":"https:\/\/visitviskovo.hr\/de\/wp-json\/wp\/v2\/media\/3804"}],"wp:attachment":[{"href":"https:\/\/visitviskovo.hr\/de\/wp-json\/wp\/v2\/media?parent=3787"}],"curies":[{"name":"wp","href":"https:\/\/api.w.org\/{rel}","templated":true}]}}