{"id":3798,"date":"2019-08-19T19:08:18","date_gmt":"2019-08-19T19:08:18","guid":{"rendered":"https:\/\/visitviskovo.hr\/?page_id=3798"},"modified":"2020-05-12T11:29:32","modified_gmt":"2020-05-12T11:29:32","slug":"rijeka","status":"publish","type":"page","link":"https:\/\/visitviskovo.hr\/de\/was-tun-2\/umgebung-von-viskovo\/rijeka\/","title":{"rendered":"Rijeka"},"content":{"rendered":"\n<p>Rijeka ist eine Stadt mit einer reichen Geschichte und dynamischen Gegenwart, neuen Perspektiven und Lebensfreude. Mit ihren neu erworbenen Vorteilen eines Touristenzentrums ist sie meilenweit entfernt von der einstigen Wahrnehmung als Hafen- und Industriestadt, erg\u00e4nzt auch durch die ehemaligen Vorteile \u2212 eine gute Verkehrsanbindung per Stra\u00dfe, Schiff, Bahn oder Flugzeug, als Anreisem\u00f6glichkeit, aber auch als Ausgangspunkt f\u00fcr neue Reisen.<\/p>\n\n\n\n<p>In der Geschichte der Stadt haben sich seit der Antike und der Gotik, im barocken Rijeka sowie durch den starken Einfluss der \u00f6sterreichisch-ungarischen Monarchie Jahrhunderte abgelagert und jedes von ihnen hat in der Architektur seine Spuren hinterlassen und einen interessanten und an historischen Denkm\u00e4lern reichen Stadtkern geschaffen.<\/p>\n\n\n\n<p>Der Trsat in Rijeka ist f\u00fcr die Bewohner der Stadt und ihre G\u00e4ste ein besonderer Ort, das \u00e4lteste kroatische Marienheiligtum, das Wallfahrtsziel vieler Gl\u00e4ubigen, welches im Jahre 2003 auch der Heilige Vater Johannes Paul II besucht hat.<\/p>\n\n\n\n<p>Rijeka hat eine reiche Vergangenheit, ist aber nicht darin gefangen, sie pulsiert im dynamischen Rhythmus des t\u00e4glichen Lebens, den Sie am besten in der Innenstadt f\u00fchlen k\u00f6nnen, auf der immer belebten, zentralen Promenade, dem Korzo. Sie sitzen und die Leute, Bilder und Ereignisse wandeln vorbei &#8230;<\/p>\n\n\n\n<p>Aber wenn die Lichter ausgehen und viele St\u00e4dte ruhig werden, lebt Rijeka intensiv in den Caf\u00e9s und Restaurants mit hervorragendem gastronomischen Angebot und nat\u00fcrlich in den Clubs, wo das Vergn\u00fcgen f\u00fcr die Jugend bis sp\u00e4t in die Nacht andauert.<\/p>\n\n\n\n<p>Der Veranstaltungskalender von Rijeka ist das ganze Jahr \u00fcber voll, so dass die G\u00e4ste \u2212 unabh\u00e4ngig davon, zu welcher Jahreszeit sie kommen \u2212 viele interessante und attraktive Auff\u00fchrungen von Musik, Theater oder des Ausdrucks darstellerischer Kunst &#8230; finden werden, ebenso wie die st\u00e4dtischen Jugendclubs, die ma\u00dfgeschneiderte Unterhaltung bieten. Mit einem traditionellen, aber immer interessanten Programm von Sommer-Events werden Sie sich sicherlich f\u00fcr Veranstaltungen wie die Sommern\u00e4chte in Rijeka (Rije\u010dke ljetne no\u0107i), Sommer auf Gradina (Ljeto na Gradini) und andere begeistern. Besucher aller Generationen werden ein reichhaltiges Programm von Theater, Musik und Kunst-Events genie\u00dfen, die f\u00fcr sie von den bekanntesten kroatischen und internationalen K\u00fcnstlern organisiert werden.<\/p>\n\n\n\n<p>Nat\u00fcrlich lebt Rijeka auch an der K\u00fcste intensiv, wo wundersch\u00f6ne Str\u00e4nde angelegt sind. Ebenso interessant ist es, die Erkundung der Stadt \u00fcber ausgekl\u00fcgelte Fu\u00dfwege, oder \u00fcber Rijekas Radwege, zu erleben.<\/p>\n\n\n\n<p>Rijeka hat, einfach gesagt, viele Gesichter \u2212 alle sind interessant und verf\u00fchrerisch und alle sind f\u00fcr Sie bestimmt.<\/p>\n\n\n\n<table class=\"wp-block-table\"><tbody><tr><td><strong>Adresse:<\/strong>&nbsp;Turisti\u010dki informativni centar, Korzo 14, 51000 Rijeka<strong>&nbsp;<\/strong><br><strong>Tel:<\/strong>&nbsp;+385 51 691 425<strong>&nbsp;<\/strong><br><strong>Webseite:<\/strong>&nbsp;<a href=\"http:\/\/www.visitrijeka.eu\/de\/\">www.visitrijeka.hr<\/a><br><strong>E-mail:<\/strong>&nbsp;<a href=\"mailto:info@tz-cavle.hr\">info@visitRijeka.hr<\/a><\/td><\/tr><\/tbody><\/table>\n","protected":false},"excerpt":{"rendered":"<p>Rijeka ist eine Stadt mit einer reichen Geschichte und dynamischen Gegenwart, neuen Perspektiven und Lebensfreude. Mit ihren neu erworbenen Vorteilen eines Touristenzentrums ist sie meilenweit entfernt von der einstigen Wahrnehmung als Hafen- und Industriestadt, erg\u00e4nzt auch durch die ehemaligen Vorteile \u2212 eine gute Verkehrsanbindung per Stra\u00dfe, Schiff, Bahn oder Flugzeug, als Anreisem\u00f6glichkeit, aber auch als [&hellip;]<\/p>\n","protected":false},"author":1,"featured_media":3804,"parent":3787,"menu_order":0,"comment_status":"closed","ping_status":"closed","template":"","meta":{"_acf_changed":false,"footnotes":""},"acf":[],"yoast_head":"<!-- This site is optimized with the Yoast SEO plugin v22.7 - https:\/\/yoast.com\/wordpress\/plugins\/seo\/ -->\n<title>Rijeka - Turisti\u010dka zajednica op\u0107ine Vi\u0161kovo<\/title>\n<meta name=\"robots\" content=\"index, follow, max-snippet:-1, max-image-preview:large, max-video-preview:-1\" \/>\n<link rel=\"canonical\" href=\"https:\/\/visitviskovo.hr\/de\/was-tun-2\/umgebung-von-viskovo\/rijeka\/\" \/>\n<meta property=\"og:locale\" content=\"de_DE\" \/>\n<meta property=\"og:type\" content=\"article\" \/>\n<meta property=\"og:title\" content=\"Rijeka - Turisti\u010dka zajednica op\u0107ine Vi\u0161kovo\" \/>\n<meta property=\"og:description\" content=\"Rijeka ist eine Stadt mit einer reichen Geschichte und dynamischen Gegenwart, neuen Perspektiven und Lebensfreude. Mit ihren neu erworbenen Vorteilen eines Touristenzentrums ist sie meilenweit entfernt von der einstigen Wahrnehmung als Hafen- und Industriestadt, erg\u00e4nzt auch durch die ehemaligen Vorteile \u2212 eine gute Verkehrsanbindung per Stra\u00dfe, Schiff, Bahn oder Flugzeug, als Anreisem\u00f6glichkeit, aber auch als [&hellip;]\" \/>\n<meta property=\"og:url\" content=\"https:\/\/visitviskovo.hr\/de\/was-tun-2\/umgebung-von-viskovo\/rijeka\/\" \/>\n<meta property=\"og:site_name\" content=\"Turisti\u010dka zajednica op\u0107ine Vi\u0161kovo\" \/>\n<meta property=\"article:publisher\" content=\"https:\/\/web.facebook.com\/VisitViskovo\" \/>\n<meta property=\"article:modified_time\" content=\"2020-05-12T11:29:32+00:00\" \/>\n<meta property=\"og:image\" content=\"https:\/\/visitviskovo.hr\/wp-content\/uploads\/2019\/07\/566aa2558cacb.jpg\" \/>\n\t<meta property=\"og:image:width\" content=\"350\" \/>\n\t<meta property=\"og:image:height\" content=\"525\" \/>\n\t<meta property=\"og:image:type\" content=\"image\/jpeg\" \/>\n<meta name=\"twitter:card\" content=\"summary_large_image\" \/>\n<meta name=\"twitter:label1\" content=\"Gesch\u00e4tzte Lesezeit\" \/>\n\t<meta name=\"twitter:data1\" content=\"2 Minuten\" \/>\n<script type=\"application\/ld+json\" class=\"yoast-schema-graph\">{\"@context\":\"https:\/\/schema.org\",\"@graph\":[{\"@type\":\"WebPage\",\"@id\":\"https:\/\/visitviskovo.hr\/de\/was-tun-2\/umgebung-von-viskovo\/rijeka\/\",\"url\":\"https:\/\/visitviskovo.hr\/de\/was-tun-2\/umgebung-von-viskovo\/rijeka\/\",\"name\":\"Rijeka - Turisti\u010dka zajednica op\u0107ine Vi\u0161kovo\",\"isPartOf\":{\"@id\":\"https:\/\/visitviskovo.hr\/it\/#website\"},\"primaryImageOfPage\":{\"@id\":\"https:\/\/visitviskovo.hr\/de\/was-tun-2\/umgebung-von-viskovo\/rijeka\/#primaryimage\"},\"image\":{\"@id\":\"https:\/\/visitviskovo.hr\/de\/was-tun-2\/umgebung-von-viskovo\/rijeka\/#primaryimage\"},\"thumbnailUrl\":\"https:\/\/visitviskovo.hr\/wp-content\/uploads\/2019\/07\/566aa2558cacb.jpg\",\"datePublished\":\"2019-08-19T19:08:18+00:00\",\"dateModified\":\"2020-05-12T11:29:32+00:00\",\"breadcrumb\":{\"@id\":\"https:\/\/visitviskovo.hr\/de\/was-tun-2\/umgebung-von-viskovo\/rijeka\/#breadcrumb\"},\"inLanguage\":\"de-DE\",\"potentialAction\":[{\"@type\":\"ReadAction\",\"target\":[\"https:\/\/visitviskovo.hr\/de\/was-tun-2\/umgebung-von-viskovo\/rijeka\/\"]}]},{\"@type\":\"ImageObject\",\"inLanguage\":\"de-DE\",\"@id\":\"https:\/\/visitviskovo.hr\/de\/was-tun-2\/umgebung-von-viskovo\/rijeka\/#primaryimage\",\"url\":\"https:\/\/visitviskovo.hr\/wp-content\/uploads\/2019\/07\/566aa2558cacb.jpg\",\"contentUrl\":\"https:\/\/visitviskovo.hr\/wp-content\/uploads\/2019\/07\/566aa2558cacb.jpg\",\"width\":350,\"height\":525},{\"@type\":\"BreadcrumbList\",\"@id\":\"https:\/\/visitviskovo.hr\/de\/was-tun-2\/umgebung-von-viskovo\/rijeka\/#breadcrumb\",\"itemListElement\":[{\"@type\":\"ListItem\",\"position\":1,\"name\":\"Home\",\"item\":\"https:\/\/visitviskovo.hr\/de\/\"},{\"@type\":\"ListItem\",\"position\":2,\"name\":\"Was tun\",\"item\":\"https:\/\/visitviskovo.hr\/de\/was-tun-2\/\"},{\"@type\":\"ListItem\",\"position\":3,\"name\":\"Umgebung von Vi\u0161kovo\",\"item\":\"https:\/\/visitviskovo.hr\/de\/was-tun-2\/umgebung-von-viskovo\/\"},{\"@type\":\"ListItem\",\"position\":4,\"name\":\"Rijeka\"}]},{\"@type\":\"WebSite\",\"@id\":\"https:\/\/visitviskovo.hr\/it\/#website\",\"url\":\"https:\/\/visitviskovo.hr\/it\/\",\"name\":\"Turisti\u010dka zajednica op\u0107ine Vi\u0161kovo\",\"description\":\"\",\"potentialAction\":[{\"@type\":\"SearchAction\",\"target\":{\"@type\":\"EntryPoint\",\"urlTemplate\":\"https:\/\/visitviskovo.hr\/it\/?s={search_term_string}\"},\"query-input\":\"required name=search_term_string\"}],\"inLanguage\":\"de-DE\"}]}<\/script>\n<!-- \/ Yoast SEO plugin. -->","yoast_head_json":{"title":"Rijeka - Turisti\u010dka zajednica op\u0107ine Vi\u0161kovo","robots":{"index":"index","follow":"follow","max-snippet":"max-snippet:-1","max-image-preview":"max-image-preview:large","max-video-preview":"max-video-preview:-1"},"canonical":"https:\/\/visitviskovo.hr\/de\/was-tun-2\/umgebung-von-viskovo\/rijeka\/","og_locale":"de_DE","og_type":"article","og_title":"Rijeka - Turisti\u010dka zajednica op\u0107ine Vi\u0161kovo","og_description":"Rijeka ist eine Stadt mit einer reichen Geschichte und dynamischen Gegenwart, neuen Perspektiven und Lebensfreude. Mit ihren neu erworbenen Vorteilen eines Touristenzentrums ist sie meilenweit entfernt von der einstigen Wahrnehmung als Hafen- und Industriestadt, erg\u00e4nzt auch durch die ehemaligen Vorteile \u2212 eine gute Verkehrsanbindung per Stra\u00dfe, Schiff, Bahn oder Flugzeug, als Anreisem\u00f6glichkeit, aber auch als [&hellip;]","og_url":"https:\/\/visitviskovo.hr\/de\/was-tun-2\/umgebung-von-viskovo\/rijeka\/","og_site_name":"Turisti\u010dka zajednica op\u0107ine Vi\u0161kovo","article_publisher":"https:\/\/web.facebook.com\/VisitViskovo","article_modified_time":"2020-05-12T11:29:32+00:00","og_image":[{"width":350,"height":525,"url":"https:\/\/visitviskovo.hr\/wp-content\/uploads\/2019\/07\/566aa2558cacb.jpg","type":"image\/jpeg"}],"twitter_card":"summary_large_image","twitter_misc":{"Gesch\u00e4tzte Lesezeit":"2 Minuten"},"schema":{"@context":"https:\/\/schema.org","@graph":[{"@type":"WebPage","@id":"https:\/\/visitviskovo.hr\/de\/was-tun-2\/umgebung-von-viskovo\/rijeka\/","url":"https:\/\/visitviskovo.hr\/de\/was-tun-2\/umgebung-von-viskovo\/rijeka\/","name":"Rijeka - Turisti\u010dka zajednica op\u0107ine Vi\u0161kovo","isPartOf":{"@id":"https:\/\/visitviskovo.hr\/it\/#website"},"primaryImageOfPage":{"@id":"https:\/\/visitviskovo.hr\/de\/was-tun-2\/umgebung-von-viskovo\/rijeka\/#primaryimage"},"image":{"@id":"https:\/\/visitviskovo.hr\/de\/was-tun-2\/umgebung-von-viskovo\/rijeka\/#primaryimage"},"thumbnailUrl":"https:\/\/visitviskovo.hr\/wp-content\/uploads\/2019\/07\/566aa2558cacb.jpg","datePublished":"2019-08-19T19:08:18+00:00","dateModified":"2020-05-12T11:29:32+00:00","breadcrumb":{"@id":"https:\/\/visitviskovo.hr\/de\/was-tun-2\/umgebung-von-viskovo\/rijeka\/#breadcrumb"},"inLanguage":"de-DE","potentialAction":[{"@type":"ReadAction","target":["https:\/\/visitviskovo.hr\/de\/was-tun-2\/umgebung-von-viskovo\/rijeka\/"]}]},{"@type":"ImageObject","inLanguage":"de-DE","@id":"https:\/\/visitviskovo.hr\/de\/was-tun-2\/umgebung-von-viskovo\/rijeka\/#primaryimage","url":"https:\/\/visitviskovo.hr\/wp-content\/uploads\/2019\/07\/566aa2558cacb.jpg","contentUrl":"https:\/\/visitviskovo.hr\/wp-content\/uploads\/2019\/07\/566aa2558cacb.jpg","width":350,"height":525},{"@type":"BreadcrumbList","@id":"https:\/\/visitviskovo.hr\/de\/was-tun-2\/umgebung-von-viskovo\/rijeka\/#breadcrumb","itemListElement":[{"@type":"ListItem","position":1,"name":"Home","item":"https:\/\/visitviskovo.hr\/de\/"},{"@type":"ListItem","position":2,"name":"Was tun","item":"https:\/\/visitviskovo.hr\/de\/was-tun-2\/"},{"@type":"ListItem","position":3,"name":"Umgebung von Vi\u0161kovo","item":"https:\/\/visitviskovo.hr\/de\/was-tun-2\/umgebung-von-viskovo\/"},{"@type":"ListItem","position":4,"name":"Rijeka"}]},{"@type":"WebSite","@id":"https:\/\/visitviskovo.hr\/it\/#website","url":"https:\/\/visitviskovo.hr\/it\/","name":"Turisti\u010dka zajednica op\u0107ine Vi\u0161kovo","description":"","potentialAction":[{"@type":"SearchAction","target":{"@type":"EntryPoint","urlTemplate":"https:\/\/visitviskovo.hr\/it\/?s={search_term_string}"},"query-input":"required name=search_term_string"}],"inLanguage":"de-DE"}]}},"_links":{"self":[{"href":"https:\/\/visitviskovo.hr\/de\/wp-json\/wp\/v2\/pages\/3798"}],"collection":[{"href":"https:\/\/visitviskovo.hr\/de\/wp-json\/wp\/v2\/pages"}],"about":[{"href":"https:\/\/visitviskovo.hr\/de\/wp-json\/wp\/v2\/types\/page"}],"author":[{"embeddable":true,"href":"https:\/\/visitviskovo.hr\/de\/wp-json\/wp\/v2\/users\/1"}],"replies":[{"embeddable":true,"href":"https:\/\/visitviskovo.hr\/de\/wp-json\/wp\/v2\/comments?post=3798"}],"version-history":[{"count":2,"href":"https:\/\/visitviskovo.hr\/de\/wp-json\/wp\/v2\/pages\/3798\/revisions"}],"predecessor-version":[{"id":13518,"href":"https:\/\/visitviskovo.hr\/de\/wp-json\/wp\/v2\/pages\/3798\/revisions\/13518"}],"up":[{"embeddable":true,"href":"https:\/\/visitviskovo.hr\/de\/wp-json\/wp\/v2\/pages\/3787"}],"wp:featuredmedia":[{"embeddable":true,"href":"https:\/\/visitviskovo.hr\/de\/wp-json\/wp\/v2\/media\/3804"}],"wp:attachment":[{"href":"https:\/\/visitviskovo.hr\/de\/wp-json\/wp\/v2\/media?parent=3798"}],"curies":[{"name":"wp","href":"https:\/\/api.w.org\/{rel}","templated":true}]}}