{"id":3815,"date":"2019-08-19T19:13:01","date_gmt":"2019-08-19T19:13:01","guid":{"rendered":"https:\/\/visitviskovo.hr\/?page_id=3815"},"modified":"2019-08-23T06:41:28","modified_gmt":"2019-08-23T06:41:28","slug":"kastav","status":"publish","type":"page","link":"https:\/\/visitviskovo.hr\/de\/was-tun-2\/umgebung-von-viskovo\/kastav\/","title":{"rendered":"Kastav"},"content":{"rendered":"\n<p>F\u00fcr Romantiker und diejenigen, die erst dazu werden wollen, ist Kastav der richtige Bestimmungsort, ein historisches St\u00e4dtchen, das etwa zehn Kilometer von Rijeka entfernt liegt, auf einer H\u00f6he von 365 Metern. Hier sind Sie inmitten des dynamischen Lebens des Kvarner und doch weit weg davon, besser gesagt: Sie betrachten es von oben. Dies ist ein Weg in eine andere Zeit und ein Eintauchen in Tradition, Kultur und alte Handwerke, die, da nicht in der Lage, der Konkurrenz der industriellen Produktion zu widerstehen, nur zeitweilig aufleben.<\/p>\n\n\n\n<p>Kastav ist es gelungen, seine reiche Geschichte, Kultur und Tradition zu bewahren sowie viele wertvolle Baudenkm\u00e4ler wie die Stadtloge, die Stadttore Voltica, Crekvine, das Kirchlein der Heiligen Dreifaltigkeit, die Kastelle (Ka\u0161tela) &#8230; Auf der Allee der Gro\u00dfen widmet Kastav die Erinnerung denjenigen, die historisch mit ihm verbunden waren; auf andere Weise, aber gleicherma\u00dfen dankend, gedenkt es seiner Handwerker, die die alten Handwerke entwickelten, welche Ihnen die Museumssammlung von Kastav und die authentischen R\u00e4ume kleiner Heimatmuseen (Mi\u0107i zavi\u010dajni muzeji) n\u00e4her bringen wird \u2212 Osojnakova kotlarija), Vikotova ba\u010dvarija, Idi\u010dina peknjica.<\/p>\n\n\n\n<p>Heute ist dieses St\u00e4dtchen eine Flucht in eine vergangene Zeit, aber auch eine wunderbare B\u00fchne f\u00fcr kulturelle Veranstaltungen, wie den Kastaver Kultursommer, das Gitarrenfestival und das Kastav Blues Festival, eine Wiederbelebung der Tradition, aber auch der Treffpunkt f\u00fcr diejenigen, die gutes Essen, komfortable Unterkunft in einem Boutique-Hotel, einer Familienpension oder im Privatzimmer mit Seele genie\u00dfen wollen&#8230;<\/p>\n\n\n\n<table class=\"wp-block-table\"><tbody><tr><td><strong>Adresse:<\/strong>&nbsp;Turisti\u010dka zajednica Grada Kastva, Trg Matka Laginje 5, 51215 Kastav<strong>&nbsp;<\/strong><br><strong>Tel:<\/strong>&nbsp;+385 51 691 425<strong>&nbsp;<\/strong><br><strong>Webseite:<\/strong>&nbsp;<a href=\"http:\/\/www.kastav-touristinfo.hr\/de\/1\/willkommen-in-kastav\">www.kastav-touristinfo.hr<\/a>&nbsp;&nbsp;&nbsp;&nbsp;&nbsp;<br><strong>E-mail:<\/strong>&nbsp;<a href=\"mailto:tz.grada.kastva@ri.t-com.hr\">tz.grada.kastva@ri.t-com.hr<\/a><\/td><\/tr><\/tbody><\/table>\n","protected":false},"excerpt":{"rendered":"<p>F\u00fcr Romantiker und diejenigen, die erst dazu werden wollen, ist Kastav der richtige Bestimmungsort, ein historisches St\u00e4dtchen, das etwa zehn Kilometer von Rijeka entfernt liegt, auf einer H\u00f6he von 365 Metern. Hier sind Sie inmitten des dynamischen Lebens des Kvarner und doch weit weg davon, besser gesagt: Sie betrachten es von oben. Dies ist ein [&hellip;]<\/p>\n","protected":false},"author":1,"featured_media":3817,"parent":3787,"menu_order":0,"comment_status":"closed","ping_status":"closed","template":"","meta":{"_acf_changed":false,"footnotes":""},"acf":[],"yoast_head":"<!-- This site is optimized with the Yoast SEO plugin v22.7 - https:\/\/yoast.com\/wordpress\/plugins\/seo\/ -->\n<title>Kastav - Turisti\u010dka zajednica op\u0107ine Vi\u0161kovo<\/title>\n<meta name=\"robots\" content=\"index, follow, max-snippet:-1, max-image-preview:large, max-video-preview:-1\" \/>\n<link rel=\"canonical\" href=\"https:\/\/visitviskovo.hr\/de\/was-tun-2\/umgebung-von-viskovo\/kastav\/\" \/>\n<meta property=\"og:locale\" content=\"de_DE\" \/>\n<meta property=\"og:type\" content=\"article\" \/>\n<meta property=\"og:title\" content=\"Kastav - Turisti\u010dka zajednica op\u0107ine Vi\u0161kovo\" \/>\n<meta property=\"og:description\" content=\"F\u00fcr Romantiker und diejenigen, die erst dazu werden wollen, ist Kastav der richtige Bestimmungsort, ein historisches St\u00e4dtchen, das etwa zehn Kilometer von Rijeka entfernt liegt, auf einer H\u00f6he von 365 Metern. Hier sind Sie inmitten des dynamischen Lebens des Kvarner und doch weit weg davon, besser gesagt: Sie betrachten es von oben. Dies ist ein [&hellip;]\" \/>\n<meta property=\"og:url\" content=\"https:\/\/visitviskovo.hr\/de\/was-tun-2\/umgebung-von-viskovo\/kastav\/\" \/>\n<meta property=\"og:site_name\" content=\"Turisti\u010dka zajednica op\u0107ine Vi\u0161kovo\" \/>\n<meta property=\"article:publisher\" content=\"https:\/\/web.facebook.com\/VisitViskovo\" \/>\n<meta property=\"article:modified_time\" content=\"2019-08-23T06:41:28+00:00\" \/>\n<meta property=\"og:image\" content=\"https:\/\/visitviskovo.hr\/wp-content\/uploads\/2019\/07\/20151211143855000000-main.jpg\" \/>\n\t<meta property=\"og:image:width\" content=\"806\" \/>\n\t<meta property=\"og:image:height\" content=\"600\" \/>\n\t<meta property=\"og:image:type\" content=\"image\/jpeg\" \/>\n<meta name=\"twitter:card\" content=\"summary_large_image\" \/>\n<meta name=\"twitter:label1\" content=\"Gesch\u00e4tzte Lesezeit\" \/>\n\t<meta name=\"twitter:data1\" content=\"1 Minute\" \/>\n<script type=\"application\/ld+json\" class=\"yoast-schema-graph\">{\"@context\":\"https:\/\/schema.org\",\"@graph\":[{\"@type\":\"WebPage\",\"@id\":\"https:\/\/visitviskovo.hr\/de\/was-tun-2\/umgebung-von-viskovo\/kastav\/\",\"url\":\"https:\/\/visitviskovo.hr\/de\/was-tun-2\/umgebung-von-viskovo\/kastav\/\",\"name\":\"Kastav - Turisti\u010dka zajednica op\u0107ine Vi\u0161kovo\",\"isPartOf\":{\"@id\":\"https:\/\/visitviskovo.hr\/it\/#website\"},\"primaryImageOfPage\":{\"@id\":\"https:\/\/visitviskovo.hr\/de\/was-tun-2\/umgebung-von-viskovo\/kastav\/#primaryimage\"},\"image\":{\"@id\":\"https:\/\/visitviskovo.hr\/de\/was-tun-2\/umgebung-von-viskovo\/kastav\/#primaryimage\"},\"thumbnailUrl\":\"https:\/\/visitviskovo.hr\/wp-content\/uploads\/2019\/07\/20151211143855000000-main.jpg\",\"datePublished\":\"2019-08-19T19:13:01+00:00\",\"dateModified\":\"2019-08-23T06:41:28+00:00\",\"breadcrumb\":{\"@id\":\"https:\/\/visitviskovo.hr\/de\/was-tun-2\/umgebung-von-viskovo\/kastav\/#breadcrumb\"},\"inLanguage\":\"de-DE\",\"potentialAction\":[{\"@type\":\"ReadAction\",\"target\":[\"https:\/\/visitviskovo.hr\/de\/was-tun-2\/umgebung-von-viskovo\/kastav\/\"]}]},{\"@type\":\"ImageObject\",\"inLanguage\":\"de-DE\",\"@id\":\"https:\/\/visitviskovo.hr\/de\/was-tun-2\/umgebung-von-viskovo\/kastav\/#primaryimage\",\"url\":\"https:\/\/visitviskovo.hr\/wp-content\/uploads\/2019\/07\/20151211143855000000-main.jpg\",\"contentUrl\":\"https:\/\/visitviskovo.hr\/wp-content\/uploads\/2019\/07\/20151211143855000000-main.jpg\",\"width\":806,\"height\":600},{\"@type\":\"BreadcrumbList\",\"@id\":\"https:\/\/visitviskovo.hr\/de\/was-tun-2\/umgebung-von-viskovo\/kastav\/#breadcrumb\",\"itemListElement\":[{\"@type\":\"ListItem\",\"position\":1,\"name\":\"Home\",\"item\":\"https:\/\/visitviskovo.hr\/de\/\"},{\"@type\":\"ListItem\",\"position\":2,\"name\":\"Was tun\",\"item\":\"https:\/\/visitviskovo.hr\/de\/was-tun-2\/\"},{\"@type\":\"ListItem\",\"position\":3,\"name\":\"Umgebung von Vi\u0161kovo\",\"item\":\"https:\/\/visitviskovo.hr\/de\/was-tun-2\/umgebung-von-viskovo\/\"},{\"@type\":\"ListItem\",\"position\":4,\"name\":\"Kastav\"}]},{\"@type\":\"WebSite\",\"@id\":\"https:\/\/visitviskovo.hr\/it\/#website\",\"url\":\"https:\/\/visitviskovo.hr\/it\/\",\"name\":\"Turisti\u010dka zajednica op\u0107ine Vi\u0161kovo\",\"description\":\"\",\"potentialAction\":[{\"@type\":\"SearchAction\",\"target\":{\"@type\":\"EntryPoint\",\"urlTemplate\":\"https:\/\/visitviskovo.hr\/it\/?s={search_term_string}\"},\"query-input\":\"required name=search_term_string\"}],\"inLanguage\":\"de-DE\"}]}<\/script>\n<!-- \/ Yoast SEO plugin. -->","yoast_head_json":{"title":"Kastav - Turisti\u010dka zajednica op\u0107ine Vi\u0161kovo","robots":{"index":"index","follow":"follow","max-snippet":"max-snippet:-1","max-image-preview":"max-image-preview:large","max-video-preview":"max-video-preview:-1"},"canonical":"https:\/\/visitviskovo.hr\/de\/was-tun-2\/umgebung-von-viskovo\/kastav\/","og_locale":"de_DE","og_type":"article","og_title":"Kastav - Turisti\u010dka zajednica op\u0107ine Vi\u0161kovo","og_description":"F\u00fcr Romantiker und diejenigen, die erst dazu werden wollen, ist Kastav der richtige Bestimmungsort, ein historisches St\u00e4dtchen, das etwa zehn Kilometer von Rijeka entfernt liegt, auf einer H\u00f6he von 365 Metern. Hier sind Sie inmitten des dynamischen Lebens des Kvarner und doch weit weg davon, besser gesagt: Sie betrachten es von oben. Dies ist ein [&hellip;]","og_url":"https:\/\/visitviskovo.hr\/de\/was-tun-2\/umgebung-von-viskovo\/kastav\/","og_site_name":"Turisti\u010dka zajednica op\u0107ine Vi\u0161kovo","article_publisher":"https:\/\/web.facebook.com\/VisitViskovo","article_modified_time":"2019-08-23T06:41:28+00:00","og_image":[{"width":806,"height":600,"url":"https:\/\/visitviskovo.hr\/wp-content\/uploads\/2019\/07\/20151211143855000000-main.jpg","type":"image\/jpeg"}],"twitter_card":"summary_large_image","twitter_misc":{"Gesch\u00e4tzte Lesezeit":"1 Minute"},"schema":{"@context":"https:\/\/schema.org","@graph":[{"@type":"WebPage","@id":"https:\/\/visitviskovo.hr\/de\/was-tun-2\/umgebung-von-viskovo\/kastav\/","url":"https:\/\/visitviskovo.hr\/de\/was-tun-2\/umgebung-von-viskovo\/kastav\/","name":"Kastav - Turisti\u010dka zajednica op\u0107ine Vi\u0161kovo","isPartOf":{"@id":"https:\/\/visitviskovo.hr\/it\/#website"},"primaryImageOfPage":{"@id":"https:\/\/visitviskovo.hr\/de\/was-tun-2\/umgebung-von-viskovo\/kastav\/#primaryimage"},"image":{"@id":"https:\/\/visitviskovo.hr\/de\/was-tun-2\/umgebung-von-viskovo\/kastav\/#primaryimage"},"thumbnailUrl":"https:\/\/visitviskovo.hr\/wp-content\/uploads\/2019\/07\/20151211143855000000-main.jpg","datePublished":"2019-08-19T19:13:01+00:00","dateModified":"2019-08-23T06:41:28+00:00","breadcrumb":{"@id":"https:\/\/visitviskovo.hr\/de\/was-tun-2\/umgebung-von-viskovo\/kastav\/#breadcrumb"},"inLanguage":"de-DE","potentialAction":[{"@type":"ReadAction","target":["https:\/\/visitviskovo.hr\/de\/was-tun-2\/umgebung-von-viskovo\/kastav\/"]}]},{"@type":"ImageObject","inLanguage":"de-DE","@id":"https:\/\/visitviskovo.hr\/de\/was-tun-2\/umgebung-von-viskovo\/kastav\/#primaryimage","url":"https:\/\/visitviskovo.hr\/wp-content\/uploads\/2019\/07\/20151211143855000000-main.jpg","contentUrl":"https:\/\/visitviskovo.hr\/wp-content\/uploads\/2019\/07\/20151211143855000000-main.jpg","width":806,"height":600},{"@type":"BreadcrumbList","@id":"https:\/\/visitviskovo.hr\/de\/was-tun-2\/umgebung-von-viskovo\/kastav\/#breadcrumb","itemListElement":[{"@type":"ListItem","position":1,"name":"Home","item":"https:\/\/visitviskovo.hr\/de\/"},{"@type":"ListItem","position":2,"name":"Was tun","item":"https:\/\/visitviskovo.hr\/de\/was-tun-2\/"},{"@type":"ListItem","position":3,"name":"Umgebung von Vi\u0161kovo","item":"https:\/\/visitviskovo.hr\/de\/was-tun-2\/umgebung-von-viskovo\/"},{"@type":"ListItem","position":4,"name":"Kastav"}]},{"@type":"WebSite","@id":"https:\/\/visitviskovo.hr\/it\/#website","url":"https:\/\/visitviskovo.hr\/it\/","name":"Turisti\u010dka zajednica op\u0107ine Vi\u0161kovo","description":"","potentialAction":[{"@type":"SearchAction","target":{"@type":"EntryPoint","urlTemplate":"https:\/\/visitviskovo.hr\/it\/?s={search_term_string}"},"query-input":"required name=search_term_string"}],"inLanguage":"de-DE"}]}},"_links":{"self":[{"href":"https:\/\/visitviskovo.hr\/de\/wp-json\/wp\/v2\/pages\/3815"}],"collection":[{"href":"https:\/\/visitviskovo.hr\/de\/wp-json\/wp\/v2\/pages"}],"about":[{"href":"https:\/\/visitviskovo.hr\/de\/wp-json\/wp\/v2\/types\/page"}],"author":[{"embeddable":true,"href":"https:\/\/visitviskovo.hr\/de\/wp-json\/wp\/v2\/users\/1"}],"replies":[{"embeddable":true,"href":"https:\/\/visitviskovo.hr\/de\/wp-json\/wp\/v2\/comments?post=3815"}],"version-history":[{"count":2,"href":"https:\/\/visitviskovo.hr\/de\/wp-json\/wp\/v2\/pages\/3815\/revisions"}],"predecessor-version":[{"id":8147,"href":"https:\/\/visitviskovo.hr\/de\/wp-json\/wp\/v2\/pages\/3815\/revisions\/8147"}],"up":[{"embeddable":true,"href":"https:\/\/visitviskovo.hr\/de\/wp-json\/wp\/v2\/pages\/3787"}],"wp:featuredmedia":[{"embeddable":true,"href":"https:\/\/visitviskovo.hr\/de\/wp-json\/wp\/v2\/media\/3817"}],"wp:attachment":[{"href":"https:\/\/visitviskovo.hr\/de\/wp-json\/wp\/v2\/media?parent=3815"}],"curies":[{"name":"wp","href":"https:\/\/api.w.org\/{rel}","templated":true}]}}