{"id":3829,"date":"2019-08-19T19:15:06","date_gmt":"2019-08-19T19:15:06","guid":{"rendered":"https:\/\/visitviskovo.hr\/?page_id=3829"},"modified":"2020-05-12T11:40:40","modified_gmt":"2020-05-12T11:40:40","slug":"klana","status":"publish","type":"page","link":"https:\/\/visitviskovo.hr\/de\/was-tun-2\/umgebung-von-viskovo\/klana\/","title":{"rendered":"Klana"},"content":{"rendered":"\n<p>Der Ort Klana, 18 Kilometer von Rijeka entfernt, erf\u00e4hrt eine st\u00e4ndig wachsende touristische Gegenwart. F\u00fcr Freizeitwanderer, Bergsteiger und Radfahrer wurden hier Radwege und Wanderwege angelegt und gekennzeichnet, die zusammen mit den historischen St\u00e4tten, die sich hier finden, Klana zu einem interessanten und wichtigen Teil des Rijekaer Rings machen. Es ist ein Ort der sch\u00f6nen Natur und wertvoller historischer Denkm\u00e4ler, so k\u00f6nnen Radfahrer, oder Wanderer, die Sehensw\u00fcrdigkeiten dieser Region mit dynamischer Geschichte besichtigen und die Liebe zur Natur mit den historischen Werten verbinden. Eines davon ist die arch\u00e4ologische St\u00e4tte Gradina, direkt \u00fcber dem Ort Klana gelegen. Die Besucher werden die Festungen und Mauern des liburnischen Limes aus dem 3. und 4. Jahrhundert interessant finden, dann die historische Sammlung alter Waffen, die ethnologische Sammlung&#8230; Diejenigen, die eine Tour durch die Gegend in den Wald Stari Rebar f\u00fchrt, werden gerne eine Pause im renovierten, einige Jahrhunderte alten Stra\u00dfenw\u00e4chterh\u00e4uschen einlegen, gebaut nach dem Vorbild des istrischen Ka\u017eun, einer in Istrien vorherrschenden, spezifischen Konstruktion.<\/p>\n\n\n\n<p>Dies ist auch eine Gegend mit einer gro\u00dfen Anzahl von kleinen, romantischen Kirchen, von denen wir die Kapelle der Mutter Gottes von Lourdes hervorheben, auf der Stelle der Erscheinung der Mutter Gottes errichtet, an der jedes Jahr, am 15. August, die Prozession vorbeizieht und eine Messe gelesen wird. Hier verschmelzen die Vergangenheit und Gegenwart, Spiritualit\u00e4t und Lebensdynamik miteinander und werden zur Harmonie.&nbsp;<\/p>\n\n\n\n<table class=\"wp-block-table\"><tbody><tr><td><strong>Adresse:<\/strong>&nbsp;Op\u0107ina Klana, Klana 33, 51217 Klana<strong>&nbsp;<\/strong><br><strong>Tel:<\/strong>&nbsp;+385 51 808 205<strong>&nbsp;<\/strong><br><strong>Webseite:<\/strong>&nbsp;<a href=\"http:\/\/www.klana.hr\/\">www.klana.hr<\/a>&nbsp;&nbsp;&nbsp;&nbsp;&nbsp;<br><strong>E-mail: &#8211;&nbsp;<\/strong>&nbsp;<\/td><\/tr><\/tbody><\/table>\n","protected":false},"excerpt":{"rendered":"<p>Der Ort Klana, 18 Kilometer von Rijeka entfernt, erf\u00e4hrt eine st\u00e4ndig wachsende touristische Gegenwart. F\u00fcr Freizeitwanderer, Bergsteiger und Radfahrer wurden hier Radwege und Wanderwege angelegt und gekennzeichnet, die zusammen mit den historischen St\u00e4tten, die sich hier finden, Klana zu einem interessanten und wichtigen Teil des Rijekaer Rings machen. Es ist ein Ort der sch\u00f6nen Natur [&hellip;]<\/p>\n","protected":false},"author":1,"featured_media":13520,"parent":3787,"menu_order":0,"comment_status":"closed","ping_status":"closed","template":"","meta":{"_acf_changed":false,"footnotes":""},"acf":[],"yoast_head":"<!-- This site is optimized with the Yoast SEO plugin v22.7 - https:\/\/yoast.com\/wordpress\/plugins\/seo\/ -->\n<title>Klana - Turisti\u010dka zajednica op\u0107ine Vi\u0161kovo<\/title>\n<meta name=\"robots\" content=\"index, follow, max-snippet:-1, max-image-preview:large, max-video-preview:-1\" \/>\n<link rel=\"canonical\" href=\"https:\/\/visitviskovo.hr\/de\/was-tun-2\/umgebung-von-viskovo\/klana\/\" \/>\n<meta property=\"og:locale\" content=\"de_DE\" \/>\n<meta property=\"og:type\" content=\"article\" \/>\n<meta property=\"og:title\" content=\"Klana - Turisti\u010dka zajednica op\u0107ine Vi\u0161kovo\" \/>\n<meta property=\"og:description\" content=\"Der Ort Klana, 18 Kilometer von Rijeka entfernt, erf\u00e4hrt eine st\u00e4ndig wachsende touristische Gegenwart. F\u00fcr Freizeitwanderer, Bergsteiger und Radfahrer wurden hier Radwege und Wanderwege angelegt und gekennzeichnet, die zusammen mit den historischen St\u00e4tten, die sich hier finden, Klana zu einem interessanten und wichtigen Teil des Rijekaer Rings machen. Es ist ein Ort der sch\u00f6nen Natur [&hellip;]\" \/>\n<meta property=\"og:url\" content=\"https:\/\/visitviskovo.hr\/de\/was-tun-2\/umgebung-von-viskovo\/klana\/\" \/>\n<meta property=\"og:site_name\" content=\"Turisti\u010dka zajednica op\u0107ine Vi\u0161kovo\" \/>\n<meta property=\"article:publisher\" content=\"https:\/\/web.facebook.com\/VisitViskovo\" \/>\n<meta property=\"article:modified_time\" content=\"2020-05-12T11:40:40+00:00\" \/>\n<meta property=\"og:image\" content=\"https:\/\/visitviskovo.hr\/wp-content\/uploads\/2020\/05\/klana-Large.jpg\" \/>\n\t<meta property=\"og:image:width\" content=\"1440\" \/>\n\t<meta property=\"og:image:height\" content=\"1080\" \/>\n\t<meta property=\"og:image:type\" content=\"image\/jpeg\" \/>\n<meta name=\"twitter:card\" content=\"summary_large_image\" \/>\n<meta name=\"twitter:label1\" content=\"Gesch\u00e4tzte Lesezeit\" \/>\n\t<meta name=\"twitter:data1\" content=\"1 Minute\" \/>\n<script type=\"application\/ld+json\" class=\"yoast-schema-graph\">{\"@context\":\"https:\/\/schema.org\",\"@graph\":[{\"@type\":\"WebPage\",\"@id\":\"https:\/\/visitviskovo.hr\/de\/was-tun-2\/umgebung-von-viskovo\/klana\/\",\"url\":\"https:\/\/visitviskovo.hr\/de\/was-tun-2\/umgebung-von-viskovo\/klana\/\",\"name\":\"Klana - Turisti\u010dka zajednica op\u0107ine Vi\u0161kovo\",\"isPartOf\":{\"@id\":\"https:\/\/visitviskovo.hr\/it\/#website\"},\"primaryImageOfPage\":{\"@id\":\"https:\/\/visitviskovo.hr\/de\/was-tun-2\/umgebung-von-viskovo\/klana\/#primaryimage\"},\"image\":{\"@id\":\"https:\/\/visitviskovo.hr\/de\/was-tun-2\/umgebung-von-viskovo\/klana\/#primaryimage\"},\"thumbnailUrl\":\"https:\/\/visitviskovo.hr\/wp-content\/uploads\/2020\/05\/klana-Large.jpg\",\"datePublished\":\"2019-08-19T19:15:06+00:00\",\"dateModified\":\"2020-05-12T11:40:40+00:00\",\"breadcrumb\":{\"@id\":\"https:\/\/visitviskovo.hr\/de\/was-tun-2\/umgebung-von-viskovo\/klana\/#breadcrumb\"},\"inLanguage\":\"de-DE\",\"potentialAction\":[{\"@type\":\"ReadAction\",\"target\":[\"https:\/\/visitviskovo.hr\/de\/was-tun-2\/umgebung-von-viskovo\/klana\/\"]}]},{\"@type\":\"ImageObject\",\"inLanguage\":\"de-DE\",\"@id\":\"https:\/\/visitviskovo.hr\/de\/was-tun-2\/umgebung-von-viskovo\/klana\/#primaryimage\",\"url\":\"https:\/\/visitviskovo.hr\/wp-content\/uploads\/2020\/05\/klana-Large.jpg\",\"contentUrl\":\"https:\/\/visitviskovo.hr\/wp-content\/uploads\/2020\/05\/klana-Large.jpg\",\"width\":1440,\"height\":1080},{\"@type\":\"BreadcrumbList\",\"@id\":\"https:\/\/visitviskovo.hr\/de\/was-tun-2\/umgebung-von-viskovo\/klana\/#breadcrumb\",\"itemListElement\":[{\"@type\":\"ListItem\",\"position\":1,\"name\":\"Home\",\"item\":\"https:\/\/visitviskovo.hr\/de\/\"},{\"@type\":\"ListItem\",\"position\":2,\"name\":\"Was tun\",\"item\":\"https:\/\/visitviskovo.hr\/de\/was-tun-2\/\"},{\"@type\":\"ListItem\",\"position\":3,\"name\":\"Umgebung von Vi\u0161kovo\",\"item\":\"https:\/\/visitviskovo.hr\/de\/was-tun-2\/umgebung-von-viskovo\/\"},{\"@type\":\"ListItem\",\"position\":4,\"name\":\"Klana\"}]},{\"@type\":\"WebSite\",\"@id\":\"https:\/\/visitviskovo.hr\/it\/#website\",\"url\":\"https:\/\/visitviskovo.hr\/it\/\",\"name\":\"Turisti\u010dka zajednica op\u0107ine Vi\u0161kovo\",\"description\":\"\",\"potentialAction\":[{\"@type\":\"SearchAction\",\"target\":{\"@type\":\"EntryPoint\",\"urlTemplate\":\"https:\/\/visitviskovo.hr\/it\/?s={search_term_string}\"},\"query-input\":\"required name=search_term_string\"}],\"inLanguage\":\"de-DE\"}]}<\/script>\n<!-- \/ Yoast SEO plugin. -->","yoast_head_json":{"title":"Klana - Turisti\u010dka zajednica op\u0107ine Vi\u0161kovo","robots":{"index":"index","follow":"follow","max-snippet":"max-snippet:-1","max-image-preview":"max-image-preview:large","max-video-preview":"max-video-preview:-1"},"canonical":"https:\/\/visitviskovo.hr\/de\/was-tun-2\/umgebung-von-viskovo\/klana\/","og_locale":"de_DE","og_type":"article","og_title":"Klana - Turisti\u010dka zajednica op\u0107ine Vi\u0161kovo","og_description":"Der Ort Klana, 18 Kilometer von Rijeka entfernt, erf\u00e4hrt eine st\u00e4ndig wachsende touristische Gegenwart. F\u00fcr Freizeitwanderer, Bergsteiger und Radfahrer wurden hier Radwege und Wanderwege angelegt und gekennzeichnet, die zusammen mit den historischen St\u00e4tten, die sich hier finden, Klana zu einem interessanten und wichtigen Teil des Rijekaer Rings machen. Es ist ein Ort der sch\u00f6nen Natur [&hellip;]","og_url":"https:\/\/visitviskovo.hr\/de\/was-tun-2\/umgebung-von-viskovo\/klana\/","og_site_name":"Turisti\u010dka zajednica op\u0107ine Vi\u0161kovo","article_publisher":"https:\/\/web.facebook.com\/VisitViskovo","article_modified_time":"2020-05-12T11:40:40+00:00","og_image":[{"width":1440,"height":1080,"url":"https:\/\/visitviskovo.hr\/wp-content\/uploads\/2020\/05\/klana-Large.jpg","type":"image\/jpeg"}],"twitter_card":"summary_large_image","twitter_misc":{"Gesch\u00e4tzte Lesezeit":"1 Minute"},"schema":{"@context":"https:\/\/schema.org","@graph":[{"@type":"WebPage","@id":"https:\/\/visitviskovo.hr\/de\/was-tun-2\/umgebung-von-viskovo\/klana\/","url":"https:\/\/visitviskovo.hr\/de\/was-tun-2\/umgebung-von-viskovo\/klana\/","name":"Klana - Turisti\u010dka zajednica op\u0107ine Vi\u0161kovo","isPartOf":{"@id":"https:\/\/visitviskovo.hr\/it\/#website"},"primaryImageOfPage":{"@id":"https:\/\/visitviskovo.hr\/de\/was-tun-2\/umgebung-von-viskovo\/klana\/#primaryimage"},"image":{"@id":"https:\/\/visitviskovo.hr\/de\/was-tun-2\/umgebung-von-viskovo\/klana\/#primaryimage"},"thumbnailUrl":"https:\/\/visitviskovo.hr\/wp-content\/uploads\/2020\/05\/klana-Large.jpg","datePublished":"2019-08-19T19:15:06+00:00","dateModified":"2020-05-12T11:40:40+00:00","breadcrumb":{"@id":"https:\/\/visitviskovo.hr\/de\/was-tun-2\/umgebung-von-viskovo\/klana\/#breadcrumb"},"inLanguage":"de-DE","potentialAction":[{"@type":"ReadAction","target":["https:\/\/visitviskovo.hr\/de\/was-tun-2\/umgebung-von-viskovo\/klana\/"]}]},{"@type":"ImageObject","inLanguage":"de-DE","@id":"https:\/\/visitviskovo.hr\/de\/was-tun-2\/umgebung-von-viskovo\/klana\/#primaryimage","url":"https:\/\/visitviskovo.hr\/wp-content\/uploads\/2020\/05\/klana-Large.jpg","contentUrl":"https:\/\/visitviskovo.hr\/wp-content\/uploads\/2020\/05\/klana-Large.jpg","width":1440,"height":1080},{"@type":"BreadcrumbList","@id":"https:\/\/visitviskovo.hr\/de\/was-tun-2\/umgebung-von-viskovo\/klana\/#breadcrumb","itemListElement":[{"@type":"ListItem","position":1,"name":"Home","item":"https:\/\/visitviskovo.hr\/de\/"},{"@type":"ListItem","position":2,"name":"Was tun","item":"https:\/\/visitviskovo.hr\/de\/was-tun-2\/"},{"@type":"ListItem","position":3,"name":"Umgebung von Vi\u0161kovo","item":"https:\/\/visitviskovo.hr\/de\/was-tun-2\/umgebung-von-viskovo\/"},{"@type":"ListItem","position":4,"name":"Klana"}]},{"@type":"WebSite","@id":"https:\/\/visitviskovo.hr\/it\/#website","url":"https:\/\/visitviskovo.hr\/it\/","name":"Turisti\u010dka zajednica op\u0107ine Vi\u0161kovo","description":"","potentialAction":[{"@type":"SearchAction","target":{"@type":"EntryPoint","urlTemplate":"https:\/\/visitviskovo.hr\/it\/?s={search_term_string}"},"query-input":"required name=search_term_string"}],"inLanguage":"de-DE"}]}},"_links":{"self":[{"href":"https:\/\/visitviskovo.hr\/de\/wp-json\/wp\/v2\/pages\/3829"}],"collection":[{"href":"https:\/\/visitviskovo.hr\/de\/wp-json\/wp\/v2\/pages"}],"about":[{"href":"https:\/\/visitviskovo.hr\/de\/wp-json\/wp\/v2\/types\/page"}],"author":[{"embeddable":true,"href":"https:\/\/visitviskovo.hr\/de\/wp-json\/wp\/v2\/users\/1"}],"replies":[{"embeddable":true,"href":"https:\/\/visitviskovo.hr\/de\/wp-json\/wp\/v2\/comments?post=3829"}],"version-history":[{"count":2,"href":"https:\/\/visitviskovo.hr\/de\/wp-json\/wp\/v2\/pages\/3829\/revisions"}],"predecessor-version":[{"id":13524,"href":"https:\/\/visitviskovo.hr\/de\/wp-json\/wp\/v2\/pages\/3829\/revisions\/13524"}],"up":[{"embeddable":true,"href":"https:\/\/visitviskovo.hr\/de\/wp-json\/wp\/v2\/pages\/3787"}],"wp:featuredmedia":[{"embeddable":true,"href":"https:\/\/visitviskovo.hr\/de\/wp-json\/wp\/v2\/media\/13520"}],"wp:attachment":[{"href":"https:\/\/visitviskovo.hr\/de\/wp-json\/wp\/v2\/media?parent=3829"}],"curies":[{"name":"wp","href":"https:\/\/api.w.org\/{rel}","templated":true}]}}