{"id":3838,"date":"2019-08-19T19:17:12","date_gmt":"2019-08-19T19:17:12","guid":{"rendered":"https:\/\/visitviskovo.hr\/?page_id=3838"},"modified":"2020-05-12T12:05:05","modified_gmt":"2020-05-12T12:05:05","slug":"jelenje","status":"publish","type":"page","link":"https:\/\/visitviskovo.hr\/de\/was-tun-2\/umgebung-von-viskovo\/jelenje\/","title":{"rendered":"Jelenje"},"content":{"rendered":"\n<p>Nur 15 Kilometer von Rijeka entfernt liegt Jelenje, ein Karstgebiet in etwa dreihundert Metern H\u00f6he \u00fcber dem Meer, wodurch das Klima mediterran-kontinental ist. Der Dialekt der indigenen Bev\u00f6lkerung ist die grobni\u010dka \u010cakav\u0161tina, die im Jahr 2011 zum gesch\u00fctzten Kulturgut der Republik Kroatien erkl\u00e4rt wurde.<\/p>\n\n\n\n<p>Die Pfarrkirche St. Michael ist die \u00e4lteste und gr\u00f6\u00dfte Anlage von historisch-kultureller Bedeutung in der Gemeinde Jelenje.<\/p>\n\n\n\n<p>Aus der reichen und sorgsam erhaltenen Tradition, die sich in Jelenje bequem und leicht erfahren l\u00e4sst, m\u00f6chten wir die Milchm\u00e4dchen (Mlikarice) hervorheben \u2212 die Frauen, die in der Vergangenheit t\u00e4glich die Milch zum Verkauf nach Rijeka brachten. Ihnen wurde im Mai eine besondere Veranstaltung gewidmet, Die Laterne die das Zeichen gab (Feral ki je pu\u0161\u0107al sinjal).<\/p>\n\n\n\n<p>In Martinsdorf arbeitet auch heute noch Ga\u0161parov mlin (Kaspars M\u00fchle), die einzige verbliebene im gesamten Landkreis K\u00fcstenland Gorski Kotar, gebaut vor 350 Jahren.&nbsp;&nbsp;&nbsp;&nbsp;&nbsp;&nbsp;&nbsp;&nbsp;&nbsp;&nbsp;&nbsp;&nbsp;&nbsp;&nbsp;&nbsp;&nbsp;&nbsp;&nbsp;&nbsp;&nbsp;<\/p>\n\n\n\n<p>In Dra\u017eice gibt es seit \u00fcber 70 Jahren eine Schmiede, die einzige Schmiede, die in ihrer urspr\u00fcnglichen Form erhalten geblieben ist und heute ein fester Bestandteil des Tourismusangebots von Jelenje ist. Es ist interessant zu wissen, dass der erste Besitzer, Antonio Mar\u010delja, sein Schmieddiplom durch eine Ausbildung in Wien erworbenen hat, in der Zeit von 1913 bis 1918.<\/p>\n\n\n\n<p>Mit all den Geschichten und Zeugnissen \u00fcber die alten Handwerke ist dies eine interessante Reise in die Vergangenheit &#8230;<\/p>\n\n\n\n<table class=\"wp-block-table\"><tbody><tr><td><strong>Adresse:<\/strong>&nbsp;Turisti\u010dka zajednica Op\u0107ine Jelenje, Dra\u017ei\u010dkih boraca 64, 51218 Dra\u017eice<strong>&nbsp;<\/strong><br><strong>Tel:<\/strong>&nbsp;+385 51 297 152<strong>&nbsp;<\/strong><br><strong>Webseite:<\/strong>&nbsp;<a rel=\"noreferrer noopener\" href=\"http:\/\/www.tz-jelenje.hr\/\" target=\"_blank\">www.tz-jelenje.hr<\/a>&nbsp;&nbsp;&nbsp;&nbsp;&nbsp;<br><strong>E-mail:<\/strong>&nbsp;<a href=\"mailto:info@tz-jelenje.hr\">info@tz-jelenje.hr<\/a><\/td><\/tr><\/tbody><\/table>\n","protected":false},"excerpt":{"rendered":"<p>Nur 15 Kilometer von Rijeka entfernt liegt Jelenje, ein Karstgebiet in etwa dreihundert Metern H\u00f6he \u00fcber dem Meer, wodurch das Klima mediterran-kontinental ist. Der Dialekt der indigenen Bev\u00f6lkerung ist die grobni\u010dka \u010cakav\u0161tina, die im Jahr 2011 zum gesch\u00fctzten Kulturgut der Republik Kroatien erkl\u00e4rt wurde. Die Pfarrkirche St. Michael ist die \u00e4lteste und gr\u00f6\u00dfte Anlage von [&hellip;]<\/p>\n","protected":false},"author":1,"featured_media":13544,"parent":3787,"menu_order":0,"comment_status":"closed","ping_status":"closed","template":"","meta":{"_acf_changed":false,"footnotes":""},"acf":[],"yoast_head":"<!-- This site is optimized with the Yoast SEO plugin v22.7 - https:\/\/yoast.com\/wordpress\/plugins\/seo\/ -->\n<title>Jelenje - Turisti\u010dka zajednica op\u0107ine Vi\u0161kovo<\/title>\n<meta name=\"robots\" content=\"index, follow, max-snippet:-1, max-image-preview:large, max-video-preview:-1\" \/>\n<link rel=\"canonical\" href=\"https:\/\/visitviskovo.hr\/de\/was-tun-2\/umgebung-von-viskovo\/jelenje\/\" \/>\n<meta property=\"og:locale\" content=\"de_DE\" \/>\n<meta property=\"og:type\" content=\"article\" \/>\n<meta property=\"og:title\" content=\"Jelenje - Turisti\u010dka zajednica op\u0107ine Vi\u0161kovo\" \/>\n<meta property=\"og:description\" content=\"Nur 15 Kilometer von Rijeka entfernt liegt Jelenje, ein Karstgebiet in etwa dreihundert Metern H\u00f6he \u00fcber dem Meer, wodurch das Klima mediterran-kontinental ist. Der Dialekt der indigenen Bev\u00f6lkerung ist die grobni\u010dka \u010cakav\u0161tina, die im Jahr 2011 zum gesch\u00fctzten Kulturgut der Republik Kroatien erkl\u00e4rt wurde. Die Pfarrkirche St. Michael ist die \u00e4lteste und gr\u00f6\u00dfte Anlage von [&hellip;]\" \/>\n<meta property=\"og:url\" content=\"https:\/\/visitviskovo.hr\/de\/was-tun-2\/umgebung-von-viskovo\/jelenje\/\" \/>\n<meta property=\"og:site_name\" content=\"Turisti\u010dka zajednica op\u0107ine Vi\u0161kovo\" \/>\n<meta property=\"article:publisher\" content=\"https:\/\/web.facebook.com\/VisitViskovo\" \/>\n<meta property=\"article:modified_time\" content=\"2020-05-12T12:05:05+00:00\" \/>\n<meta property=\"og:image\" content=\"https:\/\/visitviskovo.hr\/wp-content\/uploads\/2020\/05\/jelenje-Large.jpg\" \/>\n\t<meta property=\"og:image:width\" content=\"1440\" \/>\n\t<meta property=\"og:image:height\" content=\"1080\" \/>\n\t<meta property=\"og:image:type\" content=\"image\/jpeg\" \/>\n<meta name=\"twitter:card\" content=\"summary_large_image\" \/>\n<meta name=\"twitter:label1\" content=\"Gesch\u00e4tzte Lesezeit\" \/>\n\t<meta name=\"twitter:data1\" content=\"1 Minute\" \/>\n<script type=\"application\/ld+json\" class=\"yoast-schema-graph\">{\"@context\":\"https:\/\/schema.org\",\"@graph\":[{\"@type\":\"WebPage\",\"@id\":\"https:\/\/visitviskovo.hr\/de\/was-tun-2\/umgebung-von-viskovo\/jelenje\/\",\"url\":\"https:\/\/visitviskovo.hr\/de\/was-tun-2\/umgebung-von-viskovo\/jelenje\/\",\"name\":\"Jelenje - Turisti\u010dka zajednica op\u0107ine Vi\u0161kovo\",\"isPartOf\":{\"@id\":\"https:\/\/visitviskovo.hr\/it\/#website\"},\"primaryImageOfPage\":{\"@id\":\"https:\/\/visitviskovo.hr\/de\/was-tun-2\/umgebung-von-viskovo\/jelenje\/#primaryimage\"},\"image\":{\"@id\":\"https:\/\/visitviskovo.hr\/de\/was-tun-2\/umgebung-von-viskovo\/jelenje\/#primaryimage\"},\"thumbnailUrl\":\"https:\/\/visitviskovo.hr\/wp-content\/uploads\/2020\/05\/jelenje-Large.jpg\",\"datePublished\":\"2019-08-19T19:17:12+00:00\",\"dateModified\":\"2020-05-12T12:05:05+00:00\",\"breadcrumb\":{\"@id\":\"https:\/\/visitviskovo.hr\/de\/was-tun-2\/umgebung-von-viskovo\/jelenje\/#breadcrumb\"},\"inLanguage\":\"de-DE\",\"potentialAction\":[{\"@type\":\"ReadAction\",\"target\":[\"https:\/\/visitviskovo.hr\/de\/was-tun-2\/umgebung-von-viskovo\/jelenje\/\"]}]},{\"@type\":\"ImageObject\",\"inLanguage\":\"de-DE\",\"@id\":\"https:\/\/visitviskovo.hr\/de\/was-tun-2\/umgebung-von-viskovo\/jelenje\/#primaryimage\",\"url\":\"https:\/\/visitviskovo.hr\/wp-content\/uploads\/2020\/05\/jelenje-Large.jpg\",\"contentUrl\":\"https:\/\/visitviskovo.hr\/wp-content\/uploads\/2020\/05\/jelenje-Large.jpg\",\"width\":1440,\"height\":1080},{\"@type\":\"BreadcrumbList\",\"@id\":\"https:\/\/visitviskovo.hr\/de\/was-tun-2\/umgebung-von-viskovo\/jelenje\/#breadcrumb\",\"itemListElement\":[{\"@type\":\"ListItem\",\"position\":1,\"name\":\"Home\",\"item\":\"https:\/\/visitviskovo.hr\/de\/\"},{\"@type\":\"ListItem\",\"position\":2,\"name\":\"Was tun\",\"item\":\"https:\/\/visitviskovo.hr\/de\/was-tun-2\/\"},{\"@type\":\"ListItem\",\"position\":3,\"name\":\"Umgebung von Vi\u0161kovo\",\"item\":\"https:\/\/visitviskovo.hr\/de\/was-tun-2\/umgebung-von-viskovo\/\"},{\"@type\":\"ListItem\",\"position\":4,\"name\":\"Jelenje\"}]},{\"@type\":\"WebSite\",\"@id\":\"https:\/\/visitviskovo.hr\/it\/#website\",\"url\":\"https:\/\/visitviskovo.hr\/it\/\",\"name\":\"Turisti\u010dka zajednica op\u0107ine Vi\u0161kovo\",\"description\":\"\",\"potentialAction\":[{\"@type\":\"SearchAction\",\"target\":{\"@type\":\"EntryPoint\",\"urlTemplate\":\"https:\/\/visitviskovo.hr\/it\/?s={search_term_string}\"},\"query-input\":\"required name=search_term_string\"}],\"inLanguage\":\"de-DE\"}]}<\/script>\n<!-- \/ Yoast SEO plugin. -->","yoast_head_json":{"title":"Jelenje - Turisti\u010dka zajednica op\u0107ine Vi\u0161kovo","robots":{"index":"index","follow":"follow","max-snippet":"max-snippet:-1","max-image-preview":"max-image-preview:large","max-video-preview":"max-video-preview:-1"},"canonical":"https:\/\/visitviskovo.hr\/de\/was-tun-2\/umgebung-von-viskovo\/jelenje\/","og_locale":"de_DE","og_type":"article","og_title":"Jelenje - Turisti\u010dka zajednica op\u0107ine Vi\u0161kovo","og_description":"Nur 15 Kilometer von Rijeka entfernt liegt Jelenje, ein Karstgebiet in etwa dreihundert Metern H\u00f6he \u00fcber dem Meer, wodurch das Klima mediterran-kontinental ist. Der Dialekt der indigenen Bev\u00f6lkerung ist die grobni\u010dka \u010cakav\u0161tina, die im Jahr 2011 zum gesch\u00fctzten Kulturgut der Republik Kroatien erkl\u00e4rt wurde. Die Pfarrkirche St. Michael ist die \u00e4lteste und gr\u00f6\u00dfte Anlage von [&hellip;]","og_url":"https:\/\/visitviskovo.hr\/de\/was-tun-2\/umgebung-von-viskovo\/jelenje\/","og_site_name":"Turisti\u010dka zajednica op\u0107ine Vi\u0161kovo","article_publisher":"https:\/\/web.facebook.com\/VisitViskovo","article_modified_time":"2020-05-12T12:05:05+00:00","og_image":[{"width":1440,"height":1080,"url":"https:\/\/visitviskovo.hr\/wp-content\/uploads\/2020\/05\/jelenje-Large.jpg","type":"image\/jpeg"}],"twitter_card":"summary_large_image","twitter_misc":{"Gesch\u00e4tzte Lesezeit":"1 Minute"},"schema":{"@context":"https:\/\/schema.org","@graph":[{"@type":"WebPage","@id":"https:\/\/visitviskovo.hr\/de\/was-tun-2\/umgebung-von-viskovo\/jelenje\/","url":"https:\/\/visitviskovo.hr\/de\/was-tun-2\/umgebung-von-viskovo\/jelenje\/","name":"Jelenje - Turisti\u010dka zajednica op\u0107ine Vi\u0161kovo","isPartOf":{"@id":"https:\/\/visitviskovo.hr\/it\/#website"},"primaryImageOfPage":{"@id":"https:\/\/visitviskovo.hr\/de\/was-tun-2\/umgebung-von-viskovo\/jelenje\/#primaryimage"},"image":{"@id":"https:\/\/visitviskovo.hr\/de\/was-tun-2\/umgebung-von-viskovo\/jelenje\/#primaryimage"},"thumbnailUrl":"https:\/\/visitviskovo.hr\/wp-content\/uploads\/2020\/05\/jelenje-Large.jpg","datePublished":"2019-08-19T19:17:12+00:00","dateModified":"2020-05-12T12:05:05+00:00","breadcrumb":{"@id":"https:\/\/visitviskovo.hr\/de\/was-tun-2\/umgebung-von-viskovo\/jelenje\/#breadcrumb"},"inLanguage":"de-DE","potentialAction":[{"@type":"ReadAction","target":["https:\/\/visitviskovo.hr\/de\/was-tun-2\/umgebung-von-viskovo\/jelenje\/"]}]},{"@type":"ImageObject","inLanguage":"de-DE","@id":"https:\/\/visitviskovo.hr\/de\/was-tun-2\/umgebung-von-viskovo\/jelenje\/#primaryimage","url":"https:\/\/visitviskovo.hr\/wp-content\/uploads\/2020\/05\/jelenje-Large.jpg","contentUrl":"https:\/\/visitviskovo.hr\/wp-content\/uploads\/2020\/05\/jelenje-Large.jpg","width":1440,"height":1080},{"@type":"BreadcrumbList","@id":"https:\/\/visitviskovo.hr\/de\/was-tun-2\/umgebung-von-viskovo\/jelenje\/#breadcrumb","itemListElement":[{"@type":"ListItem","position":1,"name":"Home","item":"https:\/\/visitviskovo.hr\/de\/"},{"@type":"ListItem","position":2,"name":"Was tun","item":"https:\/\/visitviskovo.hr\/de\/was-tun-2\/"},{"@type":"ListItem","position":3,"name":"Umgebung von Vi\u0161kovo","item":"https:\/\/visitviskovo.hr\/de\/was-tun-2\/umgebung-von-viskovo\/"},{"@type":"ListItem","position":4,"name":"Jelenje"}]},{"@type":"WebSite","@id":"https:\/\/visitviskovo.hr\/it\/#website","url":"https:\/\/visitviskovo.hr\/it\/","name":"Turisti\u010dka zajednica op\u0107ine Vi\u0161kovo","description":"","potentialAction":[{"@type":"SearchAction","target":{"@type":"EntryPoint","urlTemplate":"https:\/\/visitviskovo.hr\/it\/?s={search_term_string}"},"query-input":"required name=search_term_string"}],"inLanguage":"de-DE"}]}},"_links":{"self":[{"href":"https:\/\/visitviskovo.hr\/de\/wp-json\/wp\/v2\/pages\/3838"}],"collection":[{"href":"https:\/\/visitviskovo.hr\/de\/wp-json\/wp\/v2\/pages"}],"about":[{"href":"https:\/\/visitviskovo.hr\/de\/wp-json\/wp\/v2\/types\/page"}],"author":[{"embeddable":true,"href":"https:\/\/visitviskovo.hr\/de\/wp-json\/wp\/v2\/users\/1"}],"replies":[{"embeddable":true,"href":"https:\/\/visitviskovo.hr\/de\/wp-json\/wp\/v2\/comments?post=3838"}],"version-history":[{"count":2,"href":"https:\/\/visitviskovo.hr\/de\/wp-json\/wp\/v2\/pages\/3838\/revisions"}],"predecessor-version":[{"id":13548,"href":"https:\/\/visitviskovo.hr\/de\/wp-json\/wp\/v2\/pages\/3838\/revisions\/13548"}],"up":[{"embeddable":true,"href":"https:\/\/visitviskovo.hr\/de\/wp-json\/wp\/v2\/pages\/3787"}],"wp:featuredmedia":[{"embeddable":true,"href":"https:\/\/visitviskovo.hr\/de\/wp-json\/wp\/v2\/media\/13544"}],"wp:attachment":[{"href":"https:\/\/visitviskovo.hr\/de\/wp-json\/wp\/v2\/media?parent=3838"}],"curies":[{"name":"wp","href":"https:\/\/api.w.org\/{rel}","templated":true}]}}