{"id":3844,"date":"2019-08-19T19:18:56","date_gmt":"2019-08-19T19:18:56","guid":{"rendered":"https:\/\/visitviskovo.hr\/?page_id=3844"},"modified":"2019-08-19T19:18:57","modified_gmt":"2019-08-19T19:18:57","slug":"cavle","status":"publish","type":"page","link":"https:\/\/visitviskovo.hr\/de\/was-tun-2\/umgebung-von-viskovo\/cavle\/","title":{"rendered":"\u010cavle"},"content":{"rendered":"\n<p>Nur acht Kilometer von Rijeka entfernt, im Hinterland, liegt der Ort \u010cavle. Die Aussicht ist bewundernswert, wenn man die historische Stra\u00dfe Louisiana zum Plateau Buzdohanj aufsteigt, von dem aus man die Grobniker Alpen sieht, manchmal grau, mal gr\u00fcn, oder blau, den B\u00fcrgern von Rijeka und ihren G\u00e4sten meist am liebsten, wenn sie schneewei\u00df sind. Dies ist eine Einladung auf die H\u00e4nge des Platak, das ganzj\u00e4hrige Ausflugs- und im Winter Skigebiet von Rijeka, einzigartig, weil Sie dort skifahren k\u00f6nnen mit Blick auf das Meer.<\/p>\n\n\n\n<p>Aufgrund des spezifischen Gel\u00e4ndes und der geologischen Struktur sowie unterschiedlichster Vegetation treffen Sie hier auf mediterrane Pflanzen, aber auch auf solche, die typisch f\u00fcr h\u00f6here Gegenden sind, wie Linden und Holunder.<\/p>\n\n\n\n<p>Dies ist eine Gegend mit einer reichen Geschichte: Beim Spaziergang \u00fcber das Feld von Grobnik werden Sie auf die \u00dcberreste des r\u00f6mischen Limes sto\u00dfen. Im Laufe der Geschichte kamen viele Armeen durch dieses Gebiet und viele Schlachten wurden hier geschlagen, die bekannteste ist diejenige gegen die Tataren im Jahr 1242. Die Legende besagt, dass genau hier, zum Gedenken an die Schlacht gegen die T\u00fcrken, im 16. Jahrhundert der bekannte Schmuck der Rijekaer Frauen, Mor\u010di\u0107 (Mohr mit Turban) entstand. Vielleicht wird gerade ein Mor\u010di\u0107 \u2212 als Ohrring, Anh\u00e4nger, oder Armband \u2212 Ihr Souvenir aus der Rijekaer Gegend sein.<\/p>\n\n\n\n<p>Oberhalb des Feldes von Grobnik liegt die Stadt Grobnik, die Stadt aus Stein, Unterzeichner des \u00e4ltesten Vinodol-Gesetzbuches, eines der \u00e4ltesten juristischen Dokumente in kroatischer Sprache aus dem Jahr 1288. Die reiche Geschichte und das fr\u00fche Christentum bezeugt die Kirche der Hl. Philippus und Jakobus, die seit 900 Jahren hier steht. In der Stadt Grobnik befindet sich auch das einzige Museum f\u00fcr zeitgen\u00f6ssische Kunst auf dem Gebiet von Rijeka.<\/p>\n\n\n\n<p>Ebenfalls in der N\u00e4he ist die Rennstrecke von Grobnik, ein Treffpunkt f\u00fcr Biker aus ganz Europa, sowie ein kleiner Flughafen, beides Treffpunkte f\u00fcr alle Liebhaber schnellen Fahrens, von Kampfgeist und Adrenalin.<\/p>\n\n\n\n<table class=\"wp-block-table\"><tbody><tr><td><strong>Adresse:<\/strong>\u00a0Turisti\u010dka zajednica Op\u0107ine \u010cavle, \u010cavle 104, 51218 \u010cavle<strong>\u00a0<\/strong><br><strong>Tel:<\/strong>\u00a0+385 51 549 120<strong>\u00a0<\/strong><br><strong>Webseite:<\/strong>\u00a0<a rel=\"noreferrer noopener\" href=\"http:\/\/www.tz-cavle.hr\/\" target=\"_blank\">www.tz-cavle.hr<\/a>\u00a0\u00a0\u00a0\u00a0<br><strong>E-mail:<\/strong>\u00a0<a href=\"mailto:info@tz-cavle.hr\">info@tz-cavle.hr<\/a><\/td><\/tr><\/tbody><\/table>\n","protected":false},"excerpt":{"rendered":"<p>Nur acht Kilometer von Rijeka entfernt, im Hinterland, liegt der Ort \u010cavle. Die Aussicht ist bewundernswert, wenn man die historische Stra\u00dfe Louisiana zum Plateau Buzdohanj aufsteigt, von dem aus man die Grobniker Alpen sieht, manchmal grau, mal gr\u00fcn, oder blau, den B\u00fcrgern von Rijeka und ihren G\u00e4sten meist am liebsten, wenn sie schneewei\u00df sind. Dies [&hellip;]<\/p>\n","protected":false},"author":1,"featured_media":3846,"parent":3787,"menu_order":0,"comment_status":"closed","ping_status":"closed","template":"","meta":{"_acf_changed":false,"footnotes":""},"acf":[],"yoast_head":"<!-- This site is optimized with the Yoast SEO plugin v22.7 - https:\/\/yoast.com\/wordpress\/plugins\/seo\/ -->\n<title>\u010cavle - Turisti\u010dka zajednica op\u0107ine Vi\u0161kovo<\/title>\n<meta name=\"robots\" content=\"index, follow, max-snippet:-1, max-image-preview:large, max-video-preview:-1\" \/>\n<link rel=\"canonical\" href=\"https:\/\/visitviskovo.hr\/de\/was-tun-2\/umgebung-von-viskovo\/cavle\/\" \/>\n<meta property=\"og:locale\" content=\"de_DE\" \/>\n<meta property=\"og:type\" content=\"article\" \/>\n<meta property=\"og:title\" content=\"\u010cavle - Turisti\u010dka zajednica op\u0107ine Vi\u0161kovo\" \/>\n<meta property=\"og:description\" content=\"Nur acht Kilometer von Rijeka entfernt, im Hinterland, liegt der Ort \u010cavle. Die Aussicht ist bewundernswert, wenn man die historische Stra\u00dfe Louisiana zum Plateau Buzdohanj aufsteigt, von dem aus man die Grobniker Alpen sieht, manchmal grau, mal gr\u00fcn, oder blau, den B\u00fcrgern von Rijeka und ihren G\u00e4sten meist am liebsten, wenn sie schneewei\u00df sind. Dies [&hellip;]\" \/>\n<meta property=\"og:url\" content=\"https:\/\/visitviskovo.hr\/de\/was-tun-2\/umgebung-von-viskovo\/cavle\/\" \/>\n<meta property=\"og:site_name\" content=\"Turisti\u010dka zajednica op\u0107ine Vi\u0161kovo\" \/>\n<meta property=\"article:publisher\" content=\"https:\/\/web.facebook.com\/VisitViskovo\" \/>\n<meta property=\"article:modified_time\" content=\"2019-08-19T19:18:57+00:00\" \/>\n<meta property=\"og:image\" content=\"https:\/\/visitviskovo.hr\/wp-content\/uploads\/2019\/07\/20151211124358000000-main.jpg\" \/>\n\t<meta property=\"og:image:width\" content=\"800\" \/>\n\t<meta property=\"og:image:height\" content=\"500\" \/>\n\t<meta property=\"og:image:type\" content=\"image\/jpeg\" \/>\n<meta name=\"twitter:card\" content=\"summary_large_image\" \/>\n<meta name=\"twitter:label1\" content=\"Gesch\u00e4tzte Lesezeit\" \/>\n\t<meta name=\"twitter:data1\" content=\"2 Minuten\" \/>\n<script type=\"application\/ld+json\" class=\"yoast-schema-graph\">{\"@context\":\"https:\/\/schema.org\",\"@graph\":[{\"@type\":\"WebPage\",\"@id\":\"https:\/\/visitviskovo.hr\/de\/was-tun-2\/umgebung-von-viskovo\/cavle\/\",\"url\":\"https:\/\/visitviskovo.hr\/de\/was-tun-2\/umgebung-von-viskovo\/cavle\/\",\"name\":\"\u010cavle - Turisti\u010dka zajednica op\u0107ine Vi\u0161kovo\",\"isPartOf\":{\"@id\":\"https:\/\/visitviskovo.hr\/it\/#website\"},\"primaryImageOfPage\":{\"@id\":\"https:\/\/visitviskovo.hr\/de\/was-tun-2\/umgebung-von-viskovo\/cavle\/#primaryimage\"},\"image\":{\"@id\":\"https:\/\/visitviskovo.hr\/de\/was-tun-2\/umgebung-von-viskovo\/cavle\/#primaryimage\"},\"thumbnailUrl\":\"https:\/\/visitviskovo.hr\/wp-content\/uploads\/2019\/07\/20151211124358000000-main.jpg\",\"datePublished\":\"2019-08-19T19:18:56+00:00\",\"dateModified\":\"2019-08-19T19:18:57+00:00\",\"breadcrumb\":{\"@id\":\"https:\/\/visitviskovo.hr\/de\/was-tun-2\/umgebung-von-viskovo\/cavle\/#breadcrumb\"},\"inLanguage\":\"de-DE\",\"potentialAction\":[{\"@type\":\"ReadAction\",\"target\":[\"https:\/\/visitviskovo.hr\/de\/was-tun-2\/umgebung-von-viskovo\/cavle\/\"]}]},{\"@type\":\"ImageObject\",\"inLanguage\":\"de-DE\",\"@id\":\"https:\/\/visitviskovo.hr\/de\/was-tun-2\/umgebung-von-viskovo\/cavle\/#primaryimage\",\"url\":\"https:\/\/visitviskovo.hr\/wp-content\/uploads\/2019\/07\/20151211124358000000-main.jpg\",\"contentUrl\":\"https:\/\/visitviskovo.hr\/wp-content\/uploads\/2019\/07\/20151211124358000000-main.jpg\",\"width\":800,\"height\":500},{\"@type\":\"BreadcrumbList\",\"@id\":\"https:\/\/visitviskovo.hr\/de\/was-tun-2\/umgebung-von-viskovo\/cavle\/#breadcrumb\",\"itemListElement\":[{\"@type\":\"ListItem\",\"position\":1,\"name\":\"Home\",\"item\":\"https:\/\/visitviskovo.hr\/de\/\"},{\"@type\":\"ListItem\",\"position\":2,\"name\":\"Was tun\",\"item\":\"https:\/\/visitviskovo.hr\/de\/was-tun-2\/\"},{\"@type\":\"ListItem\",\"position\":3,\"name\":\"Umgebung von Vi\u0161kovo\",\"item\":\"https:\/\/visitviskovo.hr\/de\/was-tun-2\/umgebung-von-viskovo\/\"},{\"@type\":\"ListItem\",\"position\":4,\"name\":\"\u010cavle\"}]},{\"@type\":\"WebSite\",\"@id\":\"https:\/\/visitviskovo.hr\/it\/#website\",\"url\":\"https:\/\/visitviskovo.hr\/it\/\",\"name\":\"Turisti\u010dka zajednica op\u0107ine Vi\u0161kovo\",\"description\":\"\",\"potentialAction\":[{\"@type\":\"SearchAction\",\"target\":{\"@type\":\"EntryPoint\",\"urlTemplate\":\"https:\/\/visitviskovo.hr\/it\/?s={search_term_string}\"},\"query-input\":\"required name=search_term_string\"}],\"inLanguage\":\"de-DE\"}]}<\/script>\n<!-- \/ Yoast SEO plugin. -->","yoast_head_json":{"title":"\u010cavle - Turisti\u010dka zajednica op\u0107ine Vi\u0161kovo","robots":{"index":"index","follow":"follow","max-snippet":"max-snippet:-1","max-image-preview":"max-image-preview:large","max-video-preview":"max-video-preview:-1"},"canonical":"https:\/\/visitviskovo.hr\/de\/was-tun-2\/umgebung-von-viskovo\/cavle\/","og_locale":"de_DE","og_type":"article","og_title":"\u010cavle - Turisti\u010dka zajednica op\u0107ine Vi\u0161kovo","og_description":"Nur acht Kilometer von Rijeka entfernt, im Hinterland, liegt der Ort \u010cavle. Die Aussicht ist bewundernswert, wenn man die historische Stra\u00dfe Louisiana zum Plateau Buzdohanj aufsteigt, von dem aus man die Grobniker Alpen sieht, manchmal grau, mal gr\u00fcn, oder blau, den B\u00fcrgern von Rijeka und ihren G\u00e4sten meist am liebsten, wenn sie schneewei\u00df sind. Dies [&hellip;]","og_url":"https:\/\/visitviskovo.hr\/de\/was-tun-2\/umgebung-von-viskovo\/cavle\/","og_site_name":"Turisti\u010dka zajednica op\u0107ine Vi\u0161kovo","article_publisher":"https:\/\/web.facebook.com\/VisitViskovo","article_modified_time":"2019-08-19T19:18:57+00:00","og_image":[{"width":800,"height":500,"url":"https:\/\/visitviskovo.hr\/wp-content\/uploads\/2019\/07\/20151211124358000000-main.jpg","type":"image\/jpeg"}],"twitter_card":"summary_large_image","twitter_misc":{"Gesch\u00e4tzte Lesezeit":"2 Minuten"},"schema":{"@context":"https:\/\/schema.org","@graph":[{"@type":"WebPage","@id":"https:\/\/visitviskovo.hr\/de\/was-tun-2\/umgebung-von-viskovo\/cavle\/","url":"https:\/\/visitviskovo.hr\/de\/was-tun-2\/umgebung-von-viskovo\/cavle\/","name":"\u010cavle - Turisti\u010dka zajednica op\u0107ine Vi\u0161kovo","isPartOf":{"@id":"https:\/\/visitviskovo.hr\/it\/#website"},"primaryImageOfPage":{"@id":"https:\/\/visitviskovo.hr\/de\/was-tun-2\/umgebung-von-viskovo\/cavle\/#primaryimage"},"image":{"@id":"https:\/\/visitviskovo.hr\/de\/was-tun-2\/umgebung-von-viskovo\/cavle\/#primaryimage"},"thumbnailUrl":"https:\/\/visitviskovo.hr\/wp-content\/uploads\/2019\/07\/20151211124358000000-main.jpg","datePublished":"2019-08-19T19:18:56+00:00","dateModified":"2019-08-19T19:18:57+00:00","breadcrumb":{"@id":"https:\/\/visitviskovo.hr\/de\/was-tun-2\/umgebung-von-viskovo\/cavle\/#breadcrumb"},"inLanguage":"de-DE","potentialAction":[{"@type":"ReadAction","target":["https:\/\/visitviskovo.hr\/de\/was-tun-2\/umgebung-von-viskovo\/cavle\/"]}]},{"@type":"ImageObject","inLanguage":"de-DE","@id":"https:\/\/visitviskovo.hr\/de\/was-tun-2\/umgebung-von-viskovo\/cavle\/#primaryimage","url":"https:\/\/visitviskovo.hr\/wp-content\/uploads\/2019\/07\/20151211124358000000-main.jpg","contentUrl":"https:\/\/visitviskovo.hr\/wp-content\/uploads\/2019\/07\/20151211124358000000-main.jpg","width":800,"height":500},{"@type":"BreadcrumbList","@id":"https:\/\/visitviskovo.hr\/de\/was-tun-2\/umgebung-von-viskovo\/cavle\/#breadcrumb","itemListElement":[{"@type":"ListItem","position":1,"name":"Home","item":"https:\/\/visitviskovo.hr\/de\/"},{"@type":"ListItem","position":2,"name":"Was tun","item":"https:\/\/visitviskovo.hr\/de\/was-tun-2\/"},{"@type":"ListItem","position":3,"name":"Umgebung von Vi\u0161kovo","item":"https:\/\/visitviskovo.hr\/de\/was-tun-2\/umgebung-von-viskovo\/"},{"@type":"ListItem","position":4,"name":"\u010cavle"}]},{"@type":"WebSite","@id":"https:\/\/visitviskovo.hr\/it\/#website","url":"https:\/\/visitviskovo.hr\/it\/","name":"Turisti\u010dka zajednica op\u0107ine Vi\u0161kovo","description":"","potentialAction":[{"@type":"SearchAction","target":{"@type":"EntryPoint","urlTemplate":"https:\/\/visitviskovo.hr\/it\/?s={search_term_string}"},"query-input":"required name=search_term_string"}],"inLanguage":"de-DE"}]}},"_links":{"self":[{"href":"https:\/\/visitviskovo.hr\/de\/wp-json\/wp\/v2\/pages\/3844"}],"collection":[{"href":"https:\/\/visitviskovo.hr\/de\/wp-json\/wp\/v2\/pages"}],"about":[{"href":"https:\/\/visitviskovo.hr\/de\/wp-json\/wp\/v2\/types\/page"}],"author":[{"embeddable":true,"href":"https:\/\/visitviskovo.hr\/de\/wp-json\/wp\/v2\/users\/1"}],"replies":[{"embeddable":true,"href":"https:\/\/visitviskovo.hr\/de\/wp-json\/wp\/v2\/comments?post=3844"}],"version-history":[{"count":1,"href":"https:\/\/visitviskovo.hr\/de\/wp-json\/wp\/v2\/pages\/3844\/revisions"}],"predecessor-version":[{"id":3845,"href":"https:\/\/visitviskovo.hr\/de\/wp-json\/wp\/v2\/pages\/3844\/revisions\/3845"}],"up":[{"embeddable":true,"href":"https:\/\/visitviskovo.hr\/de\/wp-json\/wp\/v2\/pages\/3787"}],"wp:featuredmedia":[{"embeddable":true,"href":"https:\/\/visitviskovo.hr\/de\/wp-json\/wp\/v2\/media\/3846"}],"wp:attachment":[{"href":"https:\/\/visitviskovo.hr\/de\/wp-json\/wp\/v2\/media?parent=3844"}],"curies":[{"name":"wp","href":"https:\/\/api.w.org\/{rel}","templated":true}]}}