{"id":3855,"date":"2019-08-19T19:20:48","date_gmt":"2019-08-19T19:20:48","guid":{"rendered":"https:\/\/visitviskovo.hr\/?page_id=3855"},"modified":"2020-05-12T11:53:07","modified_gmt":"2020-05-12T11:53:07","slug":"kraljevica","status":"publish","type":"page","link":"https:\/\/visitviskovo.hr\/de\/was-tun-2\/umgebung-von-viskovo\/kraljevica\/","title":{"rendered":"Kraljevica"},"content":{"rendered":"\n<p>Kraljevica ist ein altes K\u00fcstenst\u00e4dtchen, am Eingang zur Bucht von Bakar und zwanzig Kilometer s\u00fcdlich von Rijeka gelegen. Es hat eine weitgegliederte K\u00fcste, viel Gr\u00fcn und \u00fcppige Vegetation und ist bekannt f\u00fcr seine Str\u00e4nde und die sch\u00f6ne Promenade. Zwei mittelalterliche Kastelle mit einer Kirche, das Erbe der kroatischen Adelsfamilien Zrinski und Frankopan, sind im Sommer der Ort der kulturellen und Unterhaltungsveranstaltungen und zusammen mit ihrer Umgebung ein gut bekanntes Touristenziel f\u00fcr diejenigen, die entspannen, segeln, tauchen wollen und nat\u00fcrlich Spa\u00df haben und das kulturelle Angebot genie\u00dfen wollen.<\/p>\n\n\n\n<p>Kraljevica wurde schon im 13. Jahrhundert erw\u00e4hnt, als der Ort, in den im Jahr 1242 der ungarische K\u00f6nig Bela IV vor dem Ansturm der Mongolen fl\u00fcchtete, er ist auch als \u00f6sterreichischer Marinest\u00fctzpunkt und die \u00e4lteste Werft an der Adria bekannt.&nbsp;Das Heiligtum des Hl. Nikolaus zieht die Gl\u00e4ubigen an, vor allem Seeleute, die jedes Jahr zur maritimen Wallfahrt hierher kommen. Dank der geographischen Lage, der Sch\u00f6nheit der Natur und des gesunden Klimas ist Kraljevica eines der ersten Zentren des Gesundheitstourismus vom Ende des 19. Jahrhunderts, womit auch die weitere touristische Entwicklung von Kraljevica verbunden ist. Auf der Halbinsel O\u0161tro wurde 1891 eine der ersten Badeanstalten des K\u00fcstenlandes gebaut, die im Jahre 1894 in Wien und 1896 in Budapest ausgezeichnet wurde.<\/p>\n\n\n\n<p>F\u00fcr die Tradition des medizinischen Tourismus sind unter anderem die Vorteile des Klimas verantwortlich und so werden in der Beschreibung vom Anfang des 20. Jahrhunderts Meerwasserb\u00e4der, Luft-, Sonnen- und Sandb\u00e4der erw\u00e4hnt und der Einfluss der Bora auf die Gesundheit besonders betont.<\/p>\n\n\n\n<table class=\"wp-block-table\"><tbody><tr><td><strong>Adresse:<\/strong>&nbsp;Turisti\u010dka zajednica Grada Kraljevice, Rovina bb, 51262 Kraljevica<strong>&nbsp;<\/strong><br><strong>Tel:<\/strong>&nbsp;+385 51 282 078<strong>&nbsp;<\/strong><br><strong>Webseite:<\/strong>&nbsp;<a rel=\"noreferrer noopener\" href=\"http:\/\/www.tzg-kraljevica.hr\/\" target=\"_blank\">www.tzg-kraljevica.hr<\/a>&nbsp;&nbsp;&nbsp;&nbsp;&nbsp;<br><strong>E-mail:<\/strong>&nbsp;<a href=\"mailto:tzg.kraljevica@ri.t-com.hr\">tzg.kraljevica@ri.t-com.hr<\/a><\/td><\/tr><\/tbody><\/table>\n","protected":false},"excerpt":{"rendered":"<p>Kraljevica ist ein altes K\u00fcstenst\u00e4dtchen, am Eingang zur Bucht von Bakar und zwanzig Kilometer s\u00fcdlich von Rijeka gelegen. Es hat eine weitgegliederte K\u00fcste, viel Gr\u00fcn und \u00fcppige Vegetation und ist bekannt f\u00fcr seine Str\u00e4nde und die sch\u00f6ne Promenade. Zwei mittelalterliche Kastelle mit einer Kirche, das Erbe der kroatischen Adelsfamilien Zrinski und Frankopan, sind im Sommer [&hellip;]<\/p>\n","protected":false},"author":1,"featured_media":13530,"parent":3787,"menu_order":0,"comment_status":"closed","ping_status":"closed","template":"","meta":{"_acf_changed":false,"footnotes":""},"acf":[],"yoast_head":"<!-- This site is optimized with the Yoast SEO plugin v22.7 - https:\/\/yoast.com\/wordpress\/plugins\/seo\/ -->\n<title>Kraljevica - Turisti\u010dka zajednica op\u0107ine Vi\u0161kovo<\/title>\n<meta name=\"robots\" content=\"index, follow, max-snippet:-1, max-image-preview:large, max-video-preview:-1\" \/>\n<link rel=\"canonical\" href=\"https:\/\/visitviskovo.hr\/de\/was-tun-2\/umgebung-von-viskovo\/kraljevica\/\" \/>\n<meta property=\"og:locale\" content=\"de_DE\" \/>\n<meta property=\"og:type\" content=\"article\" \/>\n<meta property=\"og:title\" content=\"Kraljevica - Turisti\u010dka zajednica op\u0107ine Vi\u0161kovo\" \/>\n<meta property=\"og:description\" content=\"Kraljevica ist ein altes K\u00fcstenst\u00e4dtchen, am Eingang zur Bucht von Bakar und zwanzig Kilometer s\u00fcdlich von Rijeka gelegen. Es hat eine weitgegliederte K\u00fcste, viel Gr\u00fcn und \u00fcppige Vegetation und ist bekannt f\u00fcr seine Str\u00e4nde und die sch\u00f6ne Promenade. Zwei mittelalterliche Kastelle mit einer Kirche, das Erbe der kroatischen Adelsfamilien Zrinski und Frankopan, sind im Sommer [&hellip;]\" \/>\n<meta property=\"og:url\" content=\"https:\/\/visitviskovo.hr\/de\/was-tun-2\/umgebung-von-viskovo\/kraljevica\/\" \/>\n<meta property=\"og:site_name\" content=\"Turisti\u010dka zajednica op\u0107ine Vi\u0161kovo\" \/>\n<meta property=\"article:publisher\" content=\"https:\/\/web.facebook.com\/VisitViskovo\" \/>\n<meta property=\"article:modified_time\" content=\"2020-05-12T11:53:07+00:00\" \/>\n<meta property=\"og:image\" content=\"https:\/\/visitviskovo.hr\/wp-content\/uploads\/2020\/05\/kraljevica-Large-1280x720.png\" \/>\n\t<meta property=\"og:image:width\" content=\"1280\" \/>\n\t<meta property=\"og:image:height\" content=\"720\" \/>\n\t<meta property=\"og:image:type\" content=\"image\/png\" \/>\n<meta name=\"twitter:card\" content=\"summary_large_image\" \/>\n<meta name=\"twitter:label1\" content=\"Gesch\u00e4tzte Lesezeit\" \/>\n\t<meta name=\"twitter:data1\" content=\"1 Minute\" \/>\n<script type=\"application\/ld+json\" class=\"yoast-schema-graph\">{\"@context\":\"https:\/\/schema.org\",\"@graph\":[{\"@type\":\"WebPage\",\"@id\":\"https:\/\/visitviskovo.hr\/de\/was-tun-2\/umgebung-von-viskovo\/kraljevica\/\",\"url\":\"https:\/\/visitviskovo.hr\/de\/was-tun-2\/umgebung-von-viskovo\/kraljevica\/\",\"name\":\"Kraljevica - Turisti\u010dka zajednica op\u0107ine Vi\u0161kovo\",\"isPartOf\":{\"@id\":\"https:\/\/visitviskovo.hr\/it\/#website\"},\"primaryImageOfPage\":{\"@id\":\"https:\/\/visitviskovo.hr\/de\/was-tun-2\/umgebung-von-viskovo\/kraljevica\/#primaryimage\"},\"image\":{\"@id\":\"https:\/\/visitviskovo.hr\/de\/was-tun-2\/umgebung-von-viskovo\/kraljevica\/#primaryimage\"},\"thumbnailUrl\":\"https:\/\/visitviskovo.hr\/wp-content\/uploads\/2020\/05\/kraljevica-Large.png\",\"datePublished\":\"2019-08-19T19:20:48+00:00\",\"dateModified\":\"2020-05-12T11:53:07+00:00\",\"breadcrumb\":{\"@id\":\"https:\/\/visitviskovo.hr\/de\/was-tun-2\/umgebung-von-viskovo\/kraljevica\/#breadcrumb\"},\"inLanguage\":\"de-DE\",\"potentialAction\":[{\"@type\":\"ReadAction\",\"target\":[\"https:\/\/visitviskovo.hr\/de\/was-tun-2\/umgebung-von-viskovo\/kraljevica\/\"]}]},{\"@type\":\"ImageObject\",\"inLanguage\":\"de-DE\",\"@id\":\"https:\/\/visitviskovo.hr\/de\/was-tun-2\/umgebung-von-viskovo\/kraljevica\/#primaryimage\",\"url\":\"https:\/\/visitviskovo.hr\/wp-content\/uploads\/2020\/05\/kraljevica-Large.png\",\"contentUrl\":\"https:\/\/visitviskovo.hr\/wp-content\/uploads\/2020\/05\/kraljevica-Large.png\",\"width\":1920,\"height\":1080},{\"@type\":\"BreadcrumbList\",\"@id\":\"https:\/\/visitviskovo.hr\/de\/was-tun-2\/umgebung-von-viskovo\/kraljevica\/#breadcrumb\",\"itemListElement\":[{\"@type\":\"ListItem\",\"position\":1,\"name\":\"Home\",\"item\":\"https:\/\/visitviskovo.hr\/de\/\"},{\"@type\":\"ListItem\",\"position\":2,\"name\":\"Was tun\",\"item\":\"https:\/\/visitviskovo.hr\/de\/was-tun-2\/\"},{\"@type\":\"ListItem\",\"position\":3,\"name\":\"Umgebung von Vi\u0161kovo\",\"item\":\"https:\/\/visitviskovo.hr\/de\/was-tun-2\/umgebung-von-viskovo\/\"},{\"@type\":\"ListItem\",\"position\":4,\"name\":\"Kraljevica\"}]},{\"@type\":\"WebSite\",\"@id\":\"https:\/\/visitviskovo.hr\/it\/#website\",\"url\":\"https:\/\/visitviskovo.hr\/it\/\",\"name\":\"Turisti\u010dka zajednica op\u0107ine Vi\u0161kovo\",\"description\":\"\",\"potentialAction\":[{\"@type\":\"SearchAction\",\"target\":{\"@type\":\"EntryPoint\",\"urlTemplate\":\"https:\/\/visitviskovo.hr\/it\/?s={search_term_string}\"},\"query-input\":\"required name=search_term_string\"}],\"inLanguage\":\"de-DE\"}]}<\/script>\n<!-- \/ Yoast SEO plugin. -->","yoast_head_json":{"title":"Kraljevica - Turisti\u010dka zajednica op\u0107ine Vi\u0161kovo","robots":{"index":"index","follow":"follow","max-snippet":"max-snippet:-1","max-image-preview":"max-image-preview:large","max-video-preview":"max-video-preview:-1"},"canonical":"https:\/\/visitviskovo.hr\/de\/was-tun-2\/umgebung-von-viskovo\/kraljevica\/","og_locale":"de_DE","og_type":"article","og_title":"Kraljevica - Turisti\u010dka zajednica op\u0107ine Vi\u0161kovo","og_description":"Kraljevica ist ein altes K\u00fcstenst\u00e4dtchen, am Eingang zur Bucht von Bakar und zwanzig Kilometer s\u00fcdlich von Rijeka gelegen. Es hat eine weitgegliederte K\u00fcste, viel Gr\u00fcn und \u00fcppige Vegetation und ist bekannt f\u00fcr seine Str\u00e4nde und die sch\u00f6ne Promenade. Zwei mittelalterliche Kastelle mit einer Kirche, das Erbe der kroatischen Adelsfamilien Zrinski und Frankopan, sind im Sommer [&hellip;]","og_url":"https:\/\/visitviskovo.hr\/de\/was-tun-2\/umgebung-von-viskovo\/kraljevica\/","og_site_name":"Turisti\u010dka zajednica op\u0107ine Vi\u0161kovo","article_publisher":"https:\/\/web.facebook.com\/VisitViskovo","article_modified_time":"2020-05-12T11:53:07+00:00","og_image":[{"width":1280,"height":720,"url":"https:\/\/visitviskovo.hr\/wp-content\/uploads\/2020\/05\/kraljevica-Large-1280x720.png","type":"image\/png"}],"twitter_card":"summary_large_image","twitter_misc":{"Gesch\u00e4tzte Lesezeit":"1 Minute"},"schema":{"@context":"https:\/\/schema.org","@graph":[{"@type":"WebPage","@id":"https:\/\/visitviskovo.hr\/de\/was-tun-2\/umgebung-von-viskovo\/kraljevica\/","url":"https:\/\/visitviskovo.hr\/de\/was-tun-2\/umgebung-von-viskovo\/kraljevica\/","name":"Kraljevica - Turisti\u010dka zajednica op\u0107ine Vi\u0161kovo","isPartOf":{"@id":"https:\/\/visitviskovo.hr\/it\/#website"},"primaryImageOfPage":{"@id":"https:\/\/visitviskovo.hr\/de\/was-tun-2\/umgebung-von-viskovo\/kraljevica\/#primaryimage"},"image":{"@id":"https:\/\/visitviskovo.hr\/de\/was-tun-2\/umgebung-von-viskovo\/kraljevica\/#primaryimage"},"thumbnailUrl":"https:\/\/visitviskovo.hr\/wp-content\/uploads\/2020\/05\/kraljevica-Large.png","datePublished":"2019-08-19T19:20:48+00:00","dateModified":"2020-05-12T11:53:07+00:00","breadcrumb":{"@id":"https:\/\/visitviskovo.hr\/de\/was-tun-2\/umgebung-von-viskovo\/kraljevica\/#breadcrumb"},"inLanguage":"de-DE","potentialAction":[{"@type":"ReadAction","target":["https:\/\/visitviskovo.hr\/de\/was-tun-2\/umgebung-von-viskovo\/kraljevica\/"]}]},{"@type":"ImageObject","inLanguage":"de-DE","@id":"https:\/\/visitviskovo.hr\/de\/was-tun-2\/umgebung-von-viskovo\/kraljevica\/#primaryimage","url":"https:\/\/visitviskovo.hr\/wp-content\/uploads\/2020\/05\/kraljevica-Large.png","contentUrl":"https:\/\/visitviskovo.hr\/wp-content\/uploads\/2020\/05\/kraljevica-Large.png","width":1920,"height":1080},{"@type":"BreadcrumbList","@id":"https:\/\/visitviskovo.hr\/de\/was-tun-2\/umgebung-von-viskovo\/kraljevica\/#breadcrumb","itemListElement":[{"@type":"ListItem","position":1,"name":"Home","item":"https:\/\/visitviskovo.hr\/de\/"},{"@type":"ListItem","position":2,"name":"Was tun","item":"https:\/\/visitviskovo.hr\/de\/was-tun-2\/"},{"@type":"ListItem","position":3,"name":"Umgebung von Vi\u0161kovo","item":"https:\/\/visitviskovo.hr\/de\/was-tun-2\/umgebung-von-viskovo\/"},{"@type":"ListItem","position":4,"name":"Kraljevica"}]},{"@type":"WebSite","@id":"https:\/\/visitviskovo.hr\/it\/#website","url":"https:\/\/visitviskovo.hr\/it\/","name":"Turisti\u010dka zajednica op\u0107ine Vi\u0161kovo","description":"","potentialAction":[{"@type":"SearchAction","target":{"@type":"EntryPoint","urlTemplate":"https:\/\/visitviskovo.hr\/it\/?s={search_term_string}"},"query-input":"required name=search_term_string"}],"inLanguage":"de-DE"}]}},"_links":{"self":[{"href":"https:\/\/visitviskovo.hr\/de\/wp-json\/wp\/v2\/pages\/3855"}],"collection":[{"href":"https:\/\/visitviskovo.hr\/de\/wp-json\/wp\/v2\/pages"}],"about":[{"href":"https:\/\/visitviskovo.hr\/de\/wp-json\/wp\/v2\/types\/page"}],"author":[{"embeddable":true,"href":"https:\/\/visitviskovo.hr\/de\/wp-json\/wp\/v2\/users\/1"}],"replies":[{"embeddable":true,"href":"https:\/\/visitviskovo.hr\/de\/wp-json\/wp\/v2\/comments?post=3855"}],"version-history":[{"count":2,"href":"https:\/\/visitviskovo.hr\/de\/wp-json\/wp\/v2\/pages\/3855\/revisions"}],"predecessor-version":[{"id":13534,"href":"https:\/\/visitviskovo.hr\/de\/wp-json\/wp\/v2\/pages\/3855\/revisions\/13534"}],"up":[{"embeddable":true,"href":"https:\/\/visitviskovo.hr\/de\/wp-json\/wp\/v2\/pages\/3787"}],"wp:featuredmedia":[{"embeddable":true,"href":"https:\/\/visitviskovo.hr\/de\/wp-json\/wp\/v2\/media\/13530"}],"wp:attachment":[{"href":"https:\/\/visitviskovo.hr\/de\/wp-json\/wp\/v2\/media?parent=3855"}],"curies":[{"name":"wp","href":"https:\/\/api.w.org\/{rel}","templated":true}]}}