{"id":3871,"date":"2019-08-19T19:23:17","date_gmt":"2019-08-19T19:23:17","guid":{"rendered":"https:\/\/visitviskovo.hr\/?page_id=3871"},"modified":"2020-05-12T11:55:56","modified_gmt":"2020-05-12T11:55:56","slug":"bakar","status":"publish","type":"page","link":"https:\/\/visitviskovo.hr\/de\/was-tun-2\/umgebung-von-viskovo\/bakar\/","title":{"rendered":"Bakar"},"content":{"rendered":"\n<p>Die engen Gassen und Pl\u00e4tze, durch die Sie spazieren, sind Schichten der Geschichte, die ebenso \u00fcberzeugend auch diesen Moment wiedergeben, der nur Ihnen geh\u00f6rt&nbsp;Bakar, 13 Kilometer von Rijeka entfernt, ist eine der \u00e4ltesten St\u00e4dte an der Nordadria, der Maria Theresia im Jahre 1779 den Status einer k\u00f6niglichen Stadt gew\u00e4hrte. Sie wurde wie ein Amphitheater auf einem H\u00fcgel gebaut und der historische Stadtkern im Jahr 1968 zum Kulturdenkmal erkl\u00e4rt. Es ist wenig bekannt, dass sich auf dem Gebiet der Stadt Bakar auch die Risnjak-Spitze und ein Teil des Nationalparks Risnjak befinden, eine echte Freude f\u00fcr alle Liebhaber der Natur, Erholung und des Adrenalins.<\/p>\n\n\n\n<p>Die lange Geschichte hat viele Spuren hinterlassen und mit der Gegenwart verflochten. Besuchen Sie das Kastell von Bakar, die Befestigung von Hreljin, die Kirche des Hl. Andreas und ihre Katakomben sowie das R\u00f6mische und das T\u00fcrkische Haus und viele andere kulturelle und historische Sehensw\u00fcrdigkeiten. Bakar und Hreljin sind ebenfalls Unterzeichner des Vinodol-Gesetzbuches, des \u00e4ltesten erhaltenen Dokuments des Gewohnheitsrechts in kroatischer Sprache, aus dem 13. Jahrhundert.<\/p>\n\n\n\n<p>Doch Bakar wird Ihnen auch wegen der Geschm\u00e4cke in Erinnerung bleiben \u2013 wegen des ber\u00fchmten Sekts \u201eBakarska vodica\u201c, der aus der spezifischen Rebsorte Belina erzeugt wird. Diese wird auf den Trockenmauerterassen \u201eBakarski prezidi\u201c gez\u00fcchtet, die flei\u00dfige Landarbeiterh\u00e4nde bauten und die in der neueren Geschichte zur Ethnozone erkl\u00e4rt und in das Kulturregister eingetragen wurden.<\/p>\n\n\n\n<p>Ebenfalls bekannt ist der Ba\u0161kot aus Bakar (Bakarer Zwieback), eine \u00fcberbackene oder frische Backware in Ringform, die anstelle von Brot auf l\u00e4ngeren Fischfangfahrten mitgenommen wurde.&nbsp;<\/p>\n\n\n\n<table class=\"wp-block-table\"><tbody><tr><td><strong>Adresse:<\/strong>&nbsp;Turisti\u010dka zajednica Grada Bakra, Primorje 39, 51222 Bakar<strong>&nbsp;<\/strong><br><strong>Tel:<\/strong>&nbsp;+385 51 761 111<strong>&nbsp;<\/strong><br><strong>Webseite:<\/strong>&nbsp;&nbsp;<a rel=\"noreferrer noopener\" href=\"http:\/\/www.tz-bakar.hr\/\" target=\"_blank\">www.tz-bakar.hr<\/a>&nbsp;&nbsp;&nbsp;&nbsp;<br><strong>E-mail:<\/strong>&nbsp;<a href=\"mailto:info@tz-bakar.hr\">info@tz-bakar.hr<\/a><\/td><\/tr><\/tbody><\/table>\n","protected":false},"excerpt":{"rendered":"<p>Die engen Gassen und Pl\u00e4tze, durch die Sie spazieren, sind Schichten der Geschichte, die ebenso \u00fcberzeugend auch diesen Moment wiedergeben, der nur Ihnen geh\u00f6rt&nbsp;Bakar, 13 Kilometer von Rijeka entfernt, ist eine der \u00e4ltesten St\u00e4dte an der Nordadria, der Maria Theresia im Jahre 1779 den Status einer k\u00f6niglichen Stadt gew\u00e4hrte. Sie wurde wie ein Amphitheater auf [&hellip;]<\/p>\n","protected":false},"author":1,"featured_media":3875,"parent":3787,"menu_order":0,"comment_status":"closed","ping_status":"closed","template":"","meta":{"_acf_changed":false,"footnotes":""},"acf":[],"yoast_head":"<!-- This site is optimized with the Yoast SEO plugin v22.7 - https:\/\/yoast.com\/wordpress\/plugins\/seo\/ -->\n<title>Bakar - Turisti\u010dka zajednica op\u0107ine Vi\u0161kovo<\/title>\n<meta name=\"robots\" content=\"index, follow, max-snippet:-1, max-image-preview:large, max-video-preview:-1\" \/>\n<link rel=\"canonical\" href=\"https:\/\/visitviskovo.hr\/de\/was-tun-2\/umgebung-von-viskovo\/bakar\/\" \/>\n<meta property=\"og:locale\" content=\"de_DE\" \/>\n<meta property=\"og:type\" content=\"article\" \/>\n<meta property=\"og:title\" content=\"Bakar - Turisti\u010dka zajednica op\u0107ine Vi\u0161kovo\" \/>\n<meta property=\"og:description\" content=\"Die engen Gassen und Pl\u00e4tze, durch die Sie spazieren, sind Schichten der Geschichte, die ebenso \u00fcberzeugend auch diesen Moment wiedergeben, der nur Ihnen geh\u00f6rt&nbsp;Bakar, 13 Kilometer von Rijeka entfernt, ist eine der \u00e4ltesten St\u00e4dte an der Nordadria, der Maria Theresia im Jahre 1779 den Status einer k\u00f6niglichen Stadt gew\u00e4hrte. Sie wurde wie ein Amphitheater auf [&hellip;]\" \/>\n<meta property=\"og:url\" content=\"https:\/\/visitviskovo.hr\/de\/was-tun-2\/umgebung-von-viskovo\/bakar\/\" \/>\n<meta property=\"og:site_name\" content=\"Turisti\u010dka zajednica op\u0107ine Vi\u0161kovo\" \/>\n<meta property=\"article:publisher\" content=\"https:\/\/web.facebook.com\/VisitViskovo\" \/>\n<meta property=\"article:modified_time\" content=\"2020-05-12T11:55:56+00:00\" \/>\n<meta property=\"og:image\" content=\"https:\/\/visitviskovo.hr\/wp-content\/uploads\/2019\/07\/566ac4e3c396f.jpg\" \/>\n\t<meta property=\"og:image:width\" content=\"800\" \/>\n\t<meta property=\"og:image:height\" content=\"536\" \/>\n\t<meta property=\"og:image:type\" content=\"image\/jpeg\" \/>\n<meta name=\"twitter:card\" content=\"summary_large_image\" \/>\n<meta name=\"twitter:label1\" content=\"Gesch\u00e4tzte Lesezeit\" \/>\n\t<meta name=\"twitter:data1\" content=\"1 Minute\" \/>\n<script type=\"application\/ld+json\" class=\"yoast-schema-graph\">{\"@context\":\"https:\/\/schema.org\",\"@graph\":[{\"@type\":\"WebPage\",\"@id\":\"https:\/\/visitviskovo.hr\/de\/was-tun-2\/umgebung-von-viskovo\/bakar\/\",\"url\":\"https:\/\/visitviskovo.hr\/de\/was-tun-2\/umgebung-von-viskovo\/bakar\/\",\"name\":\"Bakar - Turisti\u010dka zajednica op\u0107ine Vi\u0161kovo\",\"isPartOf\":{\"@id\":\"https:\/\/visitviskovo.hr\/it\/#website\"},\"primaryImageOfPage\":{\"@id\":\"https:\/\/visitviskovo.hr\/de\/was-tun-2\/umgebung-von-viskovo\/bakar\/#primaryimage\"},\"image\":{\"@id\":\"https:\/\/visitviskovo.hr\/de\/was-tun-2\/umgebung-von-viskovo\/bakar\/#primaryimage\"},\"thumbnailUrl\":\"https:\/\/visitviskovo.hr\/wp-content\/uploads\/2019\/07\/566ac4e3c396f.jpg\",\"datePublished\":\"2019-08-19T19:23:17+00:00\",\"dateModified\":\"2020-05-12T11:55:56+00:00\",\"breadcrumb\":{\"@id\":\"https:\/\/visitviskovo.hr\/de\/was-tun-2\/umgebung-von-viskovo\/bakar\/#breadcrumb\"},\"inLanguage\":\"de-DE\",\"potentialAction\":[{\"@type\":\"ReadAction\",\"target\":[\"https:\/\/visitviskovo.hr\/de\/was-tun-2\/umgebung-von-viskovo\/bakar\/\"]}]},{\"@type\":\"ImageObject\",\"inLanguage\":\"de-DE\",\"@id\":\"https:\/\/visitviskovo.hr\/de\/was-tun-2\/umgebung-von-viskovo\/bakar\/#primaryimage\",\"url\":\"https:\/\/visitviskovo.hr\/wp-content\/uploads\/2019\/07\/566ac4e3c396f.jpg\",\"contentUrl\":\"https:\/\/visitviskovo.hr\/wp-content\/uploads\/2019\/07\/566ac4e3c396f.jpg\",\"width\":800,\"height\":536},{\"@type\":\"BreadcrumbList\",\"@id\":\"https:\/\/visitviskovo.hr\/de\/was-tun-2\/umgebung-von-viskovo\/bakar\/#breadcrumb\",\"itemListElement\":[{\"@type\":\"ListItem\",\"position\":1,\"name\":\"Home\",\"item\":\"https:\/\/visitviskovo.hr\/de\/\"},{\"@type\":\"ListItem\",\"position\":2,\"name\":\"Was tun\",\"item\":\"https:\/\/visitviskovo.hr\/de\/was-tun-2\/\"},{\"@type\":\"ListItem\",\"position\":3,\"name\":\"Umgebung von Vi\u0161kovo\",\"item\":\"https:\/\/visitviskovo.hr\/de\/was-tun-2\/umgebung-von-viskovo\/\"},{\"@type\":\"ListItem\",\"position\":4,\"name\":\"Bakar\"}]},{\"@type\":\"WebSite\",\"@id\":\"https:\/\/visitviskovo.hr\/it\/#website\",\"url\":\"https:\/\/visitviskovo.hr\/it\/\",\"name\":\"Turisti\u010dka zajednica op\u0107ine Vi\u0161kovo\",\"description\":\"\",\"potentialAction\":[{\"@type\":\"SearchAction\",\"target\":{\"@type\":\"EntryPoint\",\"urlTemplate\":\"https:\/\/visitviskovo.hr\/it\/?s={search_term_string}\"},\"query-input\":\"required name=search_term_string\"}],\"inLanguage\":\"de-DE\"}]}<\/script>\n<!-- \/ Yoast SEO plugin. -->","yoast_head_json":{"title":"Bakar - Turisti\u010dka zajednica op\u0107ine Vi\u0161kovo","robots":{"index":"index","follow":"follow","max-snippet":"max-snippet:-1","max-image-preview":"max-image-preview:large","max-video-preview":"max-video-preview:-1"},"canonical":"https:\/\/visitviskovo.hr\/de\/was-tun-2\/umgebung-von-viskovo\/bakar\/","og_locale":"de_DE","og_type":"article","og_title":"Bakar - Turisti\u010dka zajednica op\u0107ine Vi\u0161kovo","og_description":"Die engen Gassen und Pl\u00e4tze, durch die Sie spazieren, sind Schichten der Geschichte, die ebenso \u00fcberzeugend auch diesen Moment wiedergeben, der nur Ihnen geh\u00f6rt&nbsp;Bakar, 13 Kilometer von Rijeka entfernt, ist eine der \u00e4ltesten St\u00e4dte an der Nordadria, der Maria Theresia im Jahre 1779 den Status einer k\u00f6niglichen Stadt gew\u00e4hrte. Sie wurde wie ein Amphitheater auf [&hellip;]","og_url":"https:\/\/visitviskovo.hr\/de\/was-tun-2\/umgebung-von-viskovo\/bakar\/","og_site_name":"Turisti\u010dka zajednica op\u0107ine Vi\u0161kovo","article_publisher":"https:\/\/web.facebook.com\/VisitViskovo","article_modified_time":"2020-05-12T11:55:56+00:00","og_image":[{"width":800,"height":536,"url":"https:\/\/visitviskovo.hr\/wp-content\/uploads\/2019\/07\/566ac4e3c396f.jpg","type":"image\/jpeg"}],"twitter_card":"summary_large_image","twitter_misc":{"Gesch\u00e4tzte Lesezeit":"1 Minute"},"schema":{"@context":"https:\/\/schema.org","@graph":[{"@type":"WebPage","@id":"https:\/\/visitviskovo.hr\/de\/was-tun-2\/umgebung-von-viskovo\/bakar\/","url":"https:\/\/visitviskovo.hr\/de\/was-tun-2\/umgebung-von-viskovo\/bakar\/","name":"Bakar - Turisti\u010dka zajednica op\u0107ine Vi\u0161kovo","isPartOf":{"@id":"https:\/\/visitviskovo.hr\/it\/#website"},"primaryImageOfPage":{"@id":"https:\/\/visitviskovo.hr\/de\/was-tun-2\/umgebung-von-viskovo\/bakar\/#primaryimage"},"image":{"@id":"https:\/\/visitviskovo.hr\/de\/was-tun-2\/umgebung-von-viskovo\/bakar\/#primaryimage"},"thumbnailUrl":"https:\/\/visitviskovo.hr\/wp-content\/uploads\/2019\/07\/566ac4e3c396f.jpg","datePublished":"2019-08-19T19:23:17+00:00","dateModified":"2020-05-12T11:55:56+00:00","breadcrumb":{"@id":"https:\/\/visitviskovo.hr\/de\/was-tun-2\/umgebung-von-viskovo\/bakar\/#breadcrumb"},"inLanguage":"de-DE","potentialAction":[{"@type":"ReadAction","target":["https:\/\/visitviskovo.hr\/de\/was-tun-2\/umgebung-von-viskovo\/bakar\/"]}]},{"@type":"ImageObject","inLanguage":"de-DE","@id":"https:\/\/visitviskovo.hr\/de\/was-tun-2\/umgebung-von-viskovo\/bakar\/#primaryimage","url":"https:\/\/visitviskovo.hr\/wp-content\/uploads\/2019\/07\/566ac4e3c396f.jpg","contentUrl":"https:\/\/visitviskovo.hr\/wp-content\/uploads\/2019\/07\/566ac4e3c396f.jpg","width":800,"height":536},{"@type":"BreadcrumbList","@id":"https:\/\/visitviskovo.hr\/de\/was-tun-2\/umgebung-von-viskovo\/bakar\/#breadcrumb","itemListElement":[{"@type":"ListItem","position":1,"name":"Home","item":"https:\/\/visitviskovo.hr\/de\/"},{"@type":"ListItem","position":2,"name":"Was tun","item":"https:\/\/visitviskovo.hr\/de\/was-tun-2\/"},{"@type":"ListItem","position":3,"name":"Umgebung von Vi\u0161kovo","item":"https:\/\/visitviskovo.hr\/de\/was-tun-2\/umgebung-von-viskovo\/"},{"@type":"ListItem","position":4,"name":"Bakar"}]},{"@type":"WebSite","@id":"https:\/\/visitviskovo.hr\/it\/#website","url":"https:\/\/visitviskovo.hr\/it\/","name":"Turisti\u010dka zajednica op\u0107ine Vi\u0161kovo","description":"","potentialAction":[{"@type":"SearchAction","target":{"@type":"EntryPoint","urlTemplate":"https:\/\/visitviskovo.hr\/it\/?s={search_term_string}"},"query-input":"required name=search_term_string"}],"inLanguage":"de-DE"}]}},"_links":{"self":[{"href":"https:\/\/visitviskovo.hr\/de\/wp-json\/wp\/v2\/pages\/3871"}],"collection":[{"href":"https:\/\/visitviskovo.hr\/de\/wp-json\/wp\/v2\/pages"}],"about":[{"href":"https:\/\/visitviskovo.hr\/de\/wp-json\/wp\/v2\/types\/page"}],"author":[{"embeddable":true,"href":"https:\/\/visitviskovo.hr\/de\/wp-json\/wp\/v2\/users\/1"}],"replies":[{"embeddable":true,"href":"https:\/\/visitviskovo.hr\/de\/wp-json\/wp\/v2\/comments?post=3871"}],"version-history":[{"count":2,"href":"https:\/\/visitviskovo.hr\/de\/wp-json\/wp\/v2\/pages\/3871\/revisions"}],"predecessor-version":[{"id":13537,"href":"https:\/\/visitviskovo.hr\/de\/wp-json\/wp\/v2\/pages\/3871\/revisions\/13537"}],"up":[{"embeddable":true,"href":"https:\/\/visitviskovo.hr\/de\/wp-json\/wp\/v2\/pages\/3787"}],"wp:featuredmedia":[{"embeddable":true,"href":"https:\/\/visitviskovo.hr\/de\/wp-json\/wp\/v2\/media\/3875"}],"wp:attachment":[{"href":"https:\/\/visitviskovo.hr\/de\/wp-json\/wp\/v2\/media?parent=3871"}],"curies":[{"name":"wp","href":"https:\/\/api.w.org\/{rel}","templated":true}]}}