{"id":3887,"date":"2019-08-19T19:25:06","date_gmt":"2019-08-19T19:25:06","guid":{"rendered":"https:\/\/visitviskovo.hr\/?page_id=3887"},"modified":"2020-05-12T11:59:04","modified_gmt":"2020-05-12T11:59:04","slug":"kostrena","status":"publish","type":"page","link":"https:\/\/visitviskovo.hr\/de\/was-tun-2\/umgebung-von-viskovo\/kostrena\/","title":{"rendered":"Kostrena"},"content":{"rendered":"\n<p>Kostrena, neun Kilometer von Rijeka entfernt, ist ein Reiseziel, welches jede Stadt, die danach strebt mediterran zu sein, haben sollte. Nur Rijeka hat es. Die Kostrena-Halbinsel ist 10 Kilometer lang und \u00fcber ihre gesamte L\u00e4nge gibt es sch\u00f6ne Str\u00e4nde, ein wahrer Magnet f\u00fcr Badeg\u00e4ste.<\/p>\n\n\n\n<p>Das charakteristische Karstgebiet mit mediterranen Pflanzen und den bekannten Steinmauern von Kostrena (kostrenske groma\u010de) sowie einem milden Klima, das manchmal den starken B\u00f6en der Bora nachgibt, sind die Merkmale dieser Region.<\/p>\n\n\n\n<p>Kostrena hat schon immer im Rhythmus des Meeres gelebt, das das Leben der Einwohner kennzeichnet: das sind Seeleute, die auf vielen der Weltmeere unterwegs waren und immer noch sind. Aus dieser Gegend stammen viele Kapit\u00e4ne, von denen in der Geschichte an einige erinnert wird, wie z.B. Kapit\u00e4n Pavlo Randi\u0107, der als erster den Suezkanal vor seiner Er\u00f6ffnung befuhr.<\/p>\n\n\n\n<p>Erazmo Bernard Ti\u0107ac nahm als Chef-Designer am Bau des ersten Handelsschiffs mit Atomantrieb, Savannah, teil. Zum Ruhm und Mut der lokalen Seeleute hat auch Kuzma Franeli\u0107 seinen Beitrag geleistet, der an der Rettung der Schiffbr\u00fcchigen der Titanic beteiligt war. Von hier stammen auch gesch\u00e4tzte Schiffsbauer und Schiffseigner.<\/p>\n\n\n\n<p>Aber lassen wir die Geschichte &#8230; die Gegenwart Kostrenas verl\u00e4uft im Zeichen des Tourismus, der Badeg\u00e4ste und Wanderer, die hier die sch\u00f6nsten Str\u00e4nde vorfinden, aber auch eine der sch\u00f6nsten Promenaden am Meer, w\u00e4hrend die Taucher von der vielf\u00e4ltigen Unterwasserwelt angezogen werden.<\/p>\n\n\n\n<table class=\"wp-block-table\"><tbody><tr><td><strong>Adresse:<\/strong>&nbsp;Turisti\u010dka zajednica Op\u0107ine Kostrena, Kostrenskih boraca 1A, 51000 Kostrena<strong>&nbsp;<\/strong><br><strong>Tel:<\/strong>&nbsp;+385 51 289 207<strong>&nbsp;<\/strong><br><strong>Webseite:<\/strong>&nbsp;<a rel=\"noreferrer noopener\" href=\"http:\/\/www.tzo-kostrena.hr\/\" target=\"_blank\">www.tzo-kostrena.hr<\/a>&nbsp;&nbsp;&nbsp;&nbsp;&nbsp;<br><strong>E-mail:<\/strong>&nbsp;<a href=\"mailto:info@tzo-kostrena.hr\">info@tzo-kostrena.hr<\/a><\/td><\/tr><\/tbody><\/table>\n","protected":false},"excerpt":{"rendered":"<p>Kostrena, neun Kilometer von Rijeka entfernt, ist ein Reiseziel, welches jede Stadt, die danach strebt mediterran zu sein, haben sollte. Nur Rijeka hat es. Die Kostrena-Halbinsel ist 10 Kilometer lang und \u00fcber ihre gesamte L\u00e4nge gibt es sch\u00f6ne Str\u00e4nde, ein wahrer Magnet f\u00fcr Badeg\u00e4ste. Das charakteristische Karstgebiet mit mediterranen Pflanzen und den bekannten Steinmauern von [&hellip;]<\/p>\n","protected":false},"author":1,"featured_media":3893,"parent":3787,"menu_order":0,"comment_status":"closed","ping_status":"closed","template":"","meta":{"_acf_changed":false,"footnotes":""},"acf":[],"yoast_head":"<!-- This site is optimized with the Yoast SEO plugin v22.7 - https:\/\/yoast.com\/wordpress\/plugins\/seo\/ -->\n<title>Kostrena - Turisti\u010dka zajednica op\u0107ine Vi\u0161kovo<\/title>\n<meta name=\"robots\" content=\"index, follow, max-snippet:-1, max-image-preview:large, max-video-preview:-1\" \/>\n<link rel=\"canonical\" href=\"https:\/\/visitviskovo.hr\/de\/was-tun-2\/umgebung-von-viskovo\/kostrena\/\" \/>\n<meta property=\"og:locale\" content=\"de_DE\" \/>\n<meta property=\"og:type\" content=\"article\" \/>\n<meta property=\"og:title\" content=\"Kostrena - Turisti\u010dka zajednica op\u0107ine Vi\u0161kovo\" \/>\n<meta property=\"og:description\" content=\"Kostrena, neun Kilometer von Rijeka entfernt, ist ein Reiseziel, welches jede Stadt, die danach strebt mediterran zu sein, haben sollte. Nur Rijeka hat es. Die Kostrena-Halbinsel ist 10 Kilometer lang und \u00fcber ihre gesamte L\u00e4nge gibt es sch\u00f6ne Str\u00e4nde, ein wahrer Magnet f\u00fcr Badeg\u00e4ste. Das charakteristische Karstgebiet mit mediterranen Pflanzen und den bekannten Steinmauern von [&hellip;]\" \/>\n<meta property=\"og:url\" content=\"https:\/\/visitviskovo.hr\/de\/was-tun-2\/umgebung-von-viskovo\/kostrena\/\" \/>\n<meta property=\"og:site_name\" content=\"Turisti\u010dka zajednica op\u0107ine Vi\u0161kovo\" \/>\n<meta property=\"article:publisher\" content=\"https:\/\/web.facebook.com\/VisitViskovo\" \/>\n<meta property=\"article:modified_time\" content=\"2020-05-12T11:59:04+00:00\" \/>\n<meta property=\"og:image\" content=\"https:\/\/visitviskovo.hr\/wp-content\/uploads\/2019\/07\/566ac5b4a7baf.jpg\" \/>\n\t<meta property=\"og:image:width\" content=\"800\" \/>\n\t<meta property=\"og:image:height\" content=\"600\" \/>\n\t<meta property=\"og:image:type\" content=\"image\/jpeg\" \/>\n<meta name=\"twitter:card\" content=\"summary_large_image\" \/>\n<meta name=\"twitter:label1\" content=\"Gesch\u00e4tzte Lesezeit\" \/>\n\t<meta name=\"twitter:data1\" content=\"1 Minute\" \/>\n<script type=\"application\/ld+json\" class=\"yoast-schema-graph\">{\"@context\":\"https:\/\/schema.org\",\"@graph\":[{\"@type\":\"WebPage\",\"@id\":\"https:\/\/visitviskovo.hr\/de\/was-tun-2\/umgebung-von-viskovo\/kostrena\/\",\"url\":\"https:\/\/visitviskovo.hr\/de\/was-tun-2\/umgebung-von-viskovo\/kostrena\/\",\"name\":\"Kostrena - Turisti\u010dka zajednica op\u0107ine Vi\u0161kovo\",\"isPartOf\":{\"@id\":\"https:\/\/visitviskovo.hr\/it\/#website\"},\"primaryImageOfPage\":{\"@id\":\"https:\/\/visitviskovo.hr\/de\/was-tun-2\/umgebung-von-viskovo\/kostrena\/#primaryimage\"},\"image\":{\"@id\":\"https:\/\/visitviskovo.hr\/de\/was-tun-2\/umgebung-von-viskovo\/kostrena\/#primaryimage\"},\"thumbnailUrl\":\"https:\/\/visitviskovo.hr\/wp-content\/uploads\/2019\/07\/566ac5b4a7baf.jpg\",\"datePublished\":\"2019-08-19T19:25:06+00:00\",\"dateModified\":\"2020-05-12T11:59:04+00:00\",\"breadcrumb\":{\"@id\":\"https:\/\/visitviskovo.hr\/de\/was-tun-2\/umgebung-von-viskovo\/kostrena\/#breadcrumb\"},\"inLanguage\":\"de-DE\",\"potentialAction\":[{\"@type\":\"ReadAction\",\"target\":[\"https:\/\/visitviskovo.hr\/de\/was-tun-2\/umgebung-von-viskovo\/kostrena\/\"]}]},{\"@type\":\"ImageObject\",\"inLanguage\":\"de-DE\",\"@id\":\"https:\/\/visitviskovo.hr\/de\/was-tun-2\/umgebung-von-viskovo\/kostrena\/#primaryimage\",\"url\":\"https:\/\/visitviskovo.hr\/wp-content\/uploads\/2019\/07\/566ac5b4a7baf.jpg\",\"contentUrl\":\"https:\/\/visitviskovo.hr\/wp-content\/uploads\/2019\/07\/566ac5b4a7baf.jpg\",\"width\":800,\"height\":600},{\"@type\":\"BreadcrumbList\",\"@id\":\"https:\/\/visitviskovo.hr\/de\/was-tun-2\/umgebung-von-viskovo\/kostrena\/#breadcrumb\",\"itemListElement\":[{\"@type\":\"ListItem\",\"position\":1,\"name\":\"Home\",\"item\":\"https:\/\/visitviskovo.hr\/de\/\"},{\"@type\":\"ListItem\",\"position\":2,\"name\":\"Was tun\",\"item\":\"https:\/\/visitviskovo.hr\/de\/was-tun-2\/\"},{\"@type\":\"ListItem\",\"position\":3,\"name\":\"Umgebung von Vi\u0161kovo\",\"item\":\"https:\/\/visitviskovo.hr\/de\/was-tun-2\/umgebung-von-viskovo\/\"},{\"@type\":\"ListItem\",\"position\":4,\"name\":\"Kostrena\"}]},{\"@type\":\"WebSite\",\"@id\":\"https:\/\/visitviskovo.hr\/it\/#website\",\"url\":\"https:\/\/visitviskovo.hr\/it\/\",\"name\":\"Turisti\u010dka zajednica op\u0107ine Vi\u0161kovo\",\"description\":\"\",\"potentialAction\":[{\"@type\":\"SearchAction\",\"target\":{\"@type\":\"EntryPoint\",\"urlTemplate\":\"https:\/\/visitviskovo.hr\/it\/?s={search_term_string}\"},\"query-input\":\"required name=search_term_string\"}],\"inLanguage\":\"de-DE\"}]}<\/script>\n<!-- \/ Yoast SEO plugin. -->","yoast_head_json":{"title":"Kostrena - Turisti\u010dka zajednica op\u0107ine Vi\u0161kovo","robots":{"index":"index","follow":"follow","max-snippet":"max-snippet:-1","max-image-preview":"max-image-preview:large","max-video-preview":"max-video-preview:-1"},"canonical":"https:\/\/visitviskovo.hr\/de\/was-tun-2\/umgebung-von-viskovo\/kostrena\/","og_locale":"de_DE","og_type":"article","og_title":"Kostrena - Turisti\u010dka zajednica op\u0107ine Vi\u0161kovo","og_description":"Kostrena, neun Kilometer von Rijeka entfernt, ist ein Reiseziel, welches jede Stadt, die danach strebt mediterran zu sein, haben sollte. Nur Rijeka hat es. Die Kostrena-Halbinsel ist 10 Kilometer lang und \u00fcber ihre gesamte L\u00e4nge gibt es sch\u00f6ne Str\u00e4nde, ein wahrer Magnet f\u00fcr Badeg\u00e4ste. Das charakteristische Karstgebiet mit mediterranen Pflanzen und den bekannten Steinmauern von [&hellip;]","og_url":"https:\/\/visitviskovo.hr\/de\/was-tun-2\/umgebung-von-viskovo\/kostrena\/","og_site_name":"Turisti\u010dka zajednica op\u0107ine Vi\u0161kovo","article_publisher":"https:\/\/web.facebook.com\/VisitViskovo","article_modified_time":"2020-05-12T11:59:04+00:00","og_image":[{"width":800,"height":600,"url":"https:\/\/visitviskovo.hr\/wp-content\/uploads\/2019\/07\/566ac5b4a7baf.jpg","type":"image\/jpeg"}],"twitter_card":"summary_large_image","twitter_misc":{"Gesch\u00e4tzte Lesezeit":"1 Minute"},"schema":{"@context":"https:\/\/schema.org","@graph":[{"@type":"WebPage","@id":"https:\/\/visitviskovo.hr\/de\/was-tun-2\/umgebung-von-viskovo\/kostrena\/","url":"https:\/\/visitviskovo.hr\/de\/was-tun-2\/umgebung-von-viskovo\/kostrena\/","name":"Kostrena - Turisti\u010dka zajednica op\u0107ine Vi\u0161kovo","isPartOf":{"@id":"https:\/\/visitviskovo.hr\/it\/#website"},"primaryImageOfPage":{"@id":"https:\/\/visitviskovo.hr\/de\/was-tun-2\/umgebung-von-viskovo\/kostrena\/#primaryimage"},"image":{"@id":"https:\/\/visitviskovo.hr\/de\/was-tun-2\/umgebung-von-viskovo\/kostrena\/#primaryimage"},"thumbnailUrl":"https:\/\/visitviskovo.hr\/wp-content\/uploads\/2019\/07\/566ac5b4a7baf.jpg","datePublished":"2019-08-19T19:25:06+00:00","dateModified":"2020-05-12T11:59:04+00:00","breadcrumb":{"@id":"https:\/\/visitviskovo.hr\/de\/was-tun-2\/umgebung-von-viskovo\/kostrena\/#breadcrumb"},"inLanguage":"de-DE","potentialAction":[{"@type":"ReadAction","target":["https:\/\/visitviskovo.hr\/de\/was-tun-2\/umgebung-von-viskovo\/kostrena\/"]}]},{"@type":"ImageObject","inLanguage":"de-DE","@id":"https:\/\/visitviskovo.hr\/de\/was-tun-2\/umgebung-von-viskovo\/kostrena\/#primaryimage","url":"https:\/\/visitviskovo.hr\/wp-content\/uploads\/2019\/07\/566ac5b4a7baf.jpg","contentUrl":"https:\/\/visitviskovo.hr\/wp-content\/uploads\/2019\/07\/566ac5b4a7baf.jpg","width":800,"height":600},{"@type":"BreadcrumbList","@id":"https:\/\/visitviskovo.hr\/de\/was-tun-2\/umgebung-von-viskovo\/kostrena\/#breadcrumb","itemListElement":[{"@type":"ListItem","position":1,"name":"Home","item":"https:\/\/visitviskovo.hr\/de\/"},{"@type":"ListItem","position":2,"name":"Was tun","item":"https:\/\/visitviskovo.hr\/de\/was-tun-2\/"},{"@type":"ListItem","position":3,"name":"Umgebung von Vi\u0161kovo","item":"https:\/\/visitviskovo.hr\/de\/was-tun-2\/umgebung-von-viskovo\/"},{"@type":"ListItem","position":4,"name":"Kostrena"}]},{"@type":"WebSite","@id":"https:\/\/visitviskovo.hr\/it\/#website","url":"https:\/\/visitviskovo.hr\/it\/","name":"Turisti\u010dka zajednica op\u0107ine Vi\u0161kovo","description":"","potentialAction":[{"@type":"SearchAction","target":{"@type":"EntryPoint","urlTemplate":"https:\/\/visitviskovo.hr\/it\/?s={search_term_string}"},"query-input":"required name=search_term_string"}],"inLanguage":"de-DE"}]}},"_links":{"self":[{"href":"https:\/\/visitviskovo.hr\/de\/wp-json\/wp\/v2\/pages\/3887"}],"collection":[{"href":"https:\/\/visitviskovo.hr\/de\/wp-json\/wp\/v2\/pages"}],"about":[{"href":"https:\/\/visitviskovo.hr\/de\/wp-json\/wp\/v2\/types\/page"}],"author":[{"embeddable":true,"href":"https:\/\/visitviskovo.hr\/de\/wp-json\/wp\/v2\/users\/1"}],"replies":[{"embeddable":true,"href":"https:\/\/visitviskovo.hr\/de\/wp-json\/wp\/v2\/comments?post=3887"}],"version-history":[{"count":2,"href":"https:\/\/visitviskovo.hr\/de\/wp-json\/wp\/v2\/pages\/3887\/revisions"}],"predecessor-version":[{"id":13540,"href":"https:\/\/visitviskovo.hr\/de\/wp-json\/wp\/v2\/pages\/3887\/revisions\/13540"}],"up":[{"embeddable":true,"href":"https:\/\/visitviskovo.hr\/de\/wp-json\/wp\/v2\/pages\/3787"}],"wp:featuredmedia":[{"embeddable":true,"href":"https:\/\/visitviskovo.hr\/de\/wp-json\/wp\/v2\/media\/3893"}],"wp:attachment":[{"href":"https:\/\/visitviskovo.hr\/de\/wp-json\/wp\/v2\/media?parent=3887"}],"curies":[{"name":"wp","href":"https:\/\/api.w.org\/{rel}","templated":true}]}}