{"id":3942,"date":"2019-08-19T20:00:30","date_gmt":"2019-08-19T20:00:30","guid":{"rendered":"https:\/\/visitviskovo.hr\/?page_id=3942"},"modified":"2024-04-18T11:20:23","modified_gmt":"2024-04-18T11:20:23","slug":"info","status":"publish","type":"page","link":"https:\/\/visitviskovo.hr\/de\/info\/","title":{"rendered":"Info"},"content":{"rendered":"\n<p>Vi\u0161kovo ist einfach mit dem Auto zu erreichen, folgen Sie nur dem Wegweiser: wenn Sie aus dem benachbarten Slowenien kommen, \u00fcber den Grenz\u00fcbergang Rupa, weisen die Verkehrsschilder vor dem westlichen Eingang in Rijeka nach Kastav und dann nach Vi\u0161kovo.  Wenn Sie \u00fcber Rijeka-Umleitungsstra\u00dfe fahren, w\u00e4hlen Sie den Ausgang Rijeka-West (Kastav). Wenn Sie aus der Richtung Opatija kommen, folgen Sie den Schildern aus Matulji nach Kastav und dann nach Vi\u0161kovo.<\/p>\n\n\n\n<p>Wenn Sie nach Kroatien mit dem Bus oder Zug fahren, w\u00e4hlen Sie Rijeka als Reiseziel \u2013 von da aus ist Vi\u0161kovo leicht mit dem Bus oder Taxi zu erreichen. Wenn Sie mit dem Flugzeug fliegen, stehen Ihnen Flugh\u00e4fen wie Rijeka (auf der Insel Krk), Zagreb und Pula zur Verf\u00fcgung. Diese Flugh\u00e4fen haben eine gute \u00f6ffentliche Verkehrsverbindung via Rijeka bzw. Vi\u0161kovo. Sie k\u00f6nnen Vi\u0161kovo einfach mit B\u00fcssen des \u00f6ffentlichen Verkehrs erreichen: Busslinie 11, 20, 21 und 18A<\/p>\n\n\n\n<p>Fahrplan der Busslinie in der Gemeinde Vi\u0161kovo: <a href=\"https:\/\/autotrolej.hr\/en\/routes\/suburban-routes\/\">https:\/\/autotrolej.hr\/en\/routes\/suburban-routes\/<\/a><\/p>\n","protected":false},"excerpt":{"rendered":"<p>Vi\u0161kovo ist einfach mit dem Auto zu erreichen, folgen Sie nur dem Wegweiser: wenn Sie aus dem benachbarten Slowenien kommen, \u00fcber den Grenz\u00fcbergang Rupa, weisen die Verkehrsschilder vor dem westlichen Eingang in Rijeka nach Kastav und dann nach Vi\u0161kovo. Wenn Sie \u00fcber Rijeka-Umleitungsstra\u00dfe fahren, w\u00e4hlen Sie den Ausgang Rijeka-West (Kastav). Wenn Sie aus der Richtung [&hellip;]<\/p>\n","protected":false},"author":1,"featured_media":0,"parent":0,"menu_order":0,"comment_status":"closed","ping_status":"closed","template":"child-pages.php","meta":{"_acf_changed":false,"footnotes":""},"acf":[],"yoast_head":"<!-- This site is optimized with the Yoast SEO plugin v22.7 - https:\/\/yoast.com\/wordpress\/plugins\/seo\/ -->\n<title>Info - Turisti\u010dka zajednica op\u0107ine Vi\u0161kovo<\/title>\n<meta name=\"robots\" content=\"index, follow, max-snippet:-1, max-image-preview:large, max-video-preview:-1\" \/>\n<link rel=\"canonical\" href=\"https:\/\/visitviskovo.hr\/de\/info\/\" \/>\n<meta property=\"og:locale\" content=\"de_DE\" \/>\n<meta property=\"og:type\" content=\"article\" \/>\n<meta property=\"og:title\" content=\"Info - Turisti\u010dka zajednica op\u0107ine Vi\u0161kovo\" \/>\n<meta property=\"og:description\" content=\"Vi\u0161kovo ist einfach mit dem Auto zu erreichen, folgen Sie nur dem Wegweiser: wenn Sie aus dem benachbarten Slowenien kommen, \u00fcber den Grenz\u00fcbergang Rupa, weisen die Verkehrsschilder vor dem westlichen Eingang in Rijeka nach Kastav und dann nach Vi\u0161kovo. Wenn Sie \u00fcber Rijeka-Umleitungsstra\u00dfe fahren, w\u00e4hlen Sie den Ausgang Rijeka-West (Kastav). Wenn Sie aus der Richtung [&hellip;]\" \/>\n<meta property=\"og:url\" content=\"https:\/\/visitviskovo.hr\/de\/info\/\" \/>\n<meta property=\"og:site_name\" content=\"Turisti\u010dka zajednica op\u0107ine Vi\u0161kovo\" \/>\n<meta property=\"article:publisher\" content=\"https:\/\/web.facebook.com\/VisitViskovo\" \/>\n<meta property=\"article:modified_time\" content=\"2024-04-18T11:20:23+00:00\" \/>\n<meta name=\"twitter:card\" content=\"summary_large_image\" \/>\n<meta name=\"twitter:label1\" content=\"Gesch\u00e4tzte Lesezeit\" \/>\n\t<meta name=\"twitter:data1\" content=\"1 Minute\" \/>\n<script type=\"application\/ld+json\" class=\"yoast-schema-graph\">{\"@context\":\"https:\/\/schema.org\",\"@graph\":[{\"@type\":\"WebPage\",\"@id\":\"https:\/\/visitviskovo.hr\/de\/info\/\",\"url\":\"https:\/\/visitviskovo.hr\/de\/info\/\",\"name\":\"Info - Turisti\u010dka zajednica op\u0107ine Vi\u0161kovo\",\"isPartOf\":{\"@id\":\"https:\/\/visitviskovo.hr\/it\/#website\"},\"datePublished\":\"2019-08-19T20:00:30+00:00\",\"dateModified\":\"2024-04-18T11:20:23+00:00\",\"breadcrumb\":{\"@id\":\"https:\/\/visitviskovo.hr\/de\/info\/#breadcrumb\"},\"inLanguage\":\"de-DE\",\"potentialAction\":[{\"@type\":\"ReadAction\",\"target\":[\"https:\/\/visitviskovo.hr\/de\/info\/\"]}]},{\"@type\":\"BreadcrumbList\",\"@id\":\"https:\/\/visitviskovo.hr\/de\/info\/#breadcrumb\",\"itemListElement\":[{\"@type\":\"ListItem\",\"position\":1,\"name\":\"Home\",\"item\":\"https:\/\/visitviskovo.hr\/de\/\"},{\"@type\":\"ListItem\",\"position\":2,\"name\":\"Info\"}]},{\"@type\":\"WebSite\",\"@id\":\"https:\/\/visitviskovo.hr\/it\/#website\",\"url\":\"https:\/\/visitviskovo.hr\/it\/\",\"name\":\"Turisti\u010dka zajednica op\u0107ine Vi\u0161kovo\",\"description\":\"\",\"potentialAction\":[{\"@type\":\"SearchAction\",\"target\":{\"@type\":\"EntryPoint\",\"urlTemplate\":\"https:\/\/visitviskovo.hr\/it\/?s={search_term_string}\"},\"query-input\":\"required name=search_term_string\"}],\"inLanguage\":\"de-DE\"}]}<\/script>\n<!-- \/ Yoast SEO plugin. -->","yoast_head_json":{"title":"Info - Turisti\u010dka zajednica op\u0107ine Vi\u0161kovo","robots":{"index":"index","follow":"follow","max-snippet":"max-snippet:-1","max-image-preview":"max-image-preview:large","max-video-preview":"max-video-preview:-1"},"canonical":"https:\/\/visitviskovo.hr\/de\/info\/","og_locale":"de_DE","og_type":"article","og_title":"Info - Turisti\u010dka zajednica op\u0107ine Vi\u0161kovo","og_description":"Vi\u0161kovo ist einfach mit dem Auto zu erreichen, folgen Sie nur dem Wegweiser: wenn Sie aus dem benachbarten Slowenien kommen, \u00fcber den Grenz\u00fcbergang Rupa, weisen die Verkehrsschilder vor dem westlichen Eingang in Rijeka nach Kastav und dann nach Vi\u0161kovo. Wenn Sie \u00fcber Rijeka-Umleitungsstra\u00dfe fahren, w\u00e4hlen Sie den Ausgang Rijeka-West (Kastav). Wenn Sie aus der Richtung [&hellip;]","og_url":"https:\/\/visitviskovo.hr\/de\/info\/","og_site_name":"Turisti\u010dka zajednica op\u0107ine Vi\u0161kovo","article_publisher":"https:\/\/web.facebook.com\/VisitViskovo","article_modified_time":"2024-04-18T11:20:23+00:00","twitter_card":"summary_large_image","twitter_misc":{"Gesch\u00e4tzte Lesezeit":"1 Minute"},"schema":{"@context":"https:\/\/schema.org","@graph":[{"@type":"WebPage","@id":"https:\/\/visitviskovo.hr\/de\/info\/","url":"https:\/\/visitviskovo.hr\/de\/info\/","name":"Info - Turisti\u010dka zajednica op\u0107ine Vi\u0161kovo","isPartOf":{"@id":"https:\/\/visitviskovo.hr\/it\/#website"},"datePublished":"2019-08-19T20:00:30+00:00","dateModified":"2024-04-18T11:20:23+00:00","breadcrumb":{"@id":"https:\/\/visitviskovo.hr\/de\/info\/#breadcrumb"},"inLanguage":"de-DE","potentialAction":[{"@type":"ReadAction","target":["https:\/\/visitviskovo.hr\/de\/info\/"]}]},{"@type":"BreadcrumbList","@id":"https:\/\/visitviskovo.hr\/de\/info\/#breadcrumb","itemListElement":[{"@type":"ListItem","position":1,"name":"Home","item":"https:\/\/visitviskovo.hr\/de\/"},{"@type":"ListItem","position":2,"name":"Info"}]},{"@type":"WebSite","@id":"https:\/\/visitviskovo.hr\/it\/#website","url":"https:\/\/visitviskovo.hr\/it\/","name":"Turisti\u010dka zajednica op\u0107ine Vi\u0161kovo","description":"","potentialAction":[{"@type":"SearchAction","target":{"@type":"EntryPoint","urlTemplate":"https:\/\/visitviskovo.hr\/it\/?s={search_term_string}"},"query-input":"required name=search_term_string"}],"inLanguage":"de-DE"}]}},"_links":{"self":[{"href":"https:\/\/visitviskovo.hr\/de\/wp-json\/wp\/v2\/pages\/3942"}],"collection":[{"href":"https:\/\/visitviskovo.hr\/de\/wp-json\/wp\/v2\/pages"}],"about":[{"href":"https:\/\/visitviskovo.hr\/de\/wp-json\/wp\/v2\/types\/page"}],"author":[{"embeddable":true,"href":"https:\/\/visitviskovo.hr\/de\/wp-json\/wp\/v2\/users\/1"}],"replies":[{"embeddable":true,"href":"https:\/\/visitviskovo.hr\/de\/wp-json\/wp\/v2\/comments?post=3942"}],"version-history":[{"count":2,"href":"https:\/\/visitviskovo.hr\/de\/wp-json\/wp\/v2\/pages\/3942\/revisions"}],"predecessor-version":[{"id":21056,"href":"https:\/\/visitviskovo.hr\/de\/wp-json\/wp\/v2\/pages\/3942\/revisions\/21056"}],"wp:attachment":[{"href":"https:\/\/visitviskovo.hr\/de\/wp-json\/wp\/v2\/media?parent=3942"}],"curies":[{"name":"wp","href":"https:\/\/api.w.org\/{rel}","templated":true}]}}