{"id":3959,"date":"2019-08-19T20:05:47","date_gmt":"2019-08-19T20:05:47","guid":{"rendered":"https:\/\/visitviskovo.hr\/?page_id=3959"},"modified":"2024-04-18T11:41:06","modified_gmt":"2024-04-18T11:41:06","slug":"grundinfo","status":"publish","type":"page","link":"https:\/\/visitviskovo.hr\/de\/info\/tipps-informationen\/grundinfo\/","title":{"rendered":"Grundinfo"},"content":{"rendered":"\n<p>Kroatien ist ein Mitgliedstaat der Europ\u00e4ischen Union und ist seit dem 1. Januar 2023 auch Teil des Schengen-Raums.<\/p>\n\n\n\n<p>Reisende aus anderen Schengen-L\u00e4ndern m\u00fcssen bei der Einreise nach oder der Ausreise aus Kroatien weder ihren Personalausweis noch ihren Reisepass vorlegen, wenn sie aus L\u00e4ndern kommen, die dem Schengen-Raum angeh\u00f6ren. Wir empfehlen Ihnen jedoch, Ihren Reisepass oder Personalausweis mitzunehmen, falls Sie sich ausweisen m\u00fcssen.<\/p>\n\n\n\n<p>Die Einreise nach Kroatien aus L\u00e4ndern, die nicht dem Schengen-Raum angeh\u00f6ren, ist bei Vorlage eines Personalausweises, eines g\u00fcltigen Reisepasses oder eines g\u00fcltigen Visums m\u00f6glich. Ebenfalls ist es wichtig, darauf hinzuweisen, dass Sie Ihren Reisepass ben\u00f6tigen, wenn Sie ein Formular zur R\u00fcckerstattung der Mehrwertsteuer f\u00fcr in Kroatien get\u00e4tigte Eink\u00e4ufe beantragen, wenn Sie in einem Land leben, das nicht Mitglied der Europ\u00e4ischen Union ist.<\/p>\n\n\n\n<p>Alle Einzelheiten k\u00f6nnen Sie vor ihrer Reise nach Kroatien auf der offiziellen Website des Ministeriums f\u00fcr ausw\u00e4rtige und europ\u00e4ische Angelegenheiten der Republik Kroatien nachlesen. Wir empfehlen Ihnen auch, sich vor Ihrer Reise mit der kroatischen Botschaft oder dem kroatischen Konsulat in Verbindung zu setzen, um die Anforderungen zu pr\u00fcfen.&nbsp;<\/p>\n\n\n\n<p>Wegen der erleichterten Mobilit\u00e4t innerhalb der Europ\u00e4ischen Union finden viele EU-B\u00fcrger ihre Dokumente, so auch den Reisepass, nicht mehr so wichtig, wie es fr\u00fcher der Fall war. Trotz der Offenheit der Grenzen und der Freiz\u00fcgigkeit sollten Sie auf Ihre pers\u00f6nlichen Dokumente achtgeben, da deren Diebstahl oder Verlust unerw\u00fcnschte Probleme verursachen oder zu Identit\u00e4tsbetrug f\u00fchren kann.&nbsp;<\/p>\n\n\n\n<p>Sollten Sie den Reisepass oder das Ausweisdokument, mit dem Sie nach Kroatien eingereist sind verloren haben, ist das n\u00e4chstgelegene Polizeirevier die erste Stelle, bei der Sie sich melden m\u00fcssen, und danach auch bei der diplomatischen oder konsularischen Auslandsvertretung Ihres Heimatlandes, wo Ihnen ein Notreiseausweis ausgestellt wird, mit dem Sie aus Kroatien ausreisen k\u00f6nnen.<\/p>\n\n\n\n<p>Informationen \u00fcber das Visumregime, das f\u00fcr die Einreise nach Kroatien von Bedeutung ist, finden Sie auf den offiziellen Seiten des Ministeriums f\u00fcr ausw\u00e4rtige und europ\u00e4ische Angelegenheiten der Republik Kroatien (MVEP) oder im direkten Kontakt zu den kroatischen konsularischen Vertretungen der Welt, deren Liste Sie hier finden: (MVEP \u2022\u00a0<a href=\"https:\/\/mvep.gov.hr\/embassies-and-consulates\/embassies-of-the-republic-of-croatia-in-the-world\/244601\" target=\"_blank\" rel=\"noreferrer noopener\">Botschaften der Republik Kroatien in der Welt<\/a>). Generell gilt, dass B\u00fcrger aus europ\u00e4ischen L\u00e4ndern, unabh\u00e4ngig davon, ob ihre L\u00e4nder EU-Mitgliedstaaten sind oder nicht, kein Visum f\u00fcr die Einreise nach Kroatien ben\u00f6tigen. Die einzigen Ausnahmen sind die Russische F\u00f6deration, Wei\u00dfrussland und die Republik T\u00fcrkei. Staatsb\u00fcrger eines Gro\u00dfteils von Nicht-EU-L\u00e4ndern werden wahrscheinlich ein Visum gem\u00e4\u00df den Abkommen Kroatiens mit ihrem Heimatland einholen m\u00fcssen; Informationen zum kroatischen Visumregime finden Sie hier: (MVEP \u2022\u00a0<a href=\"https:\/\/mvep.gov.hr\/services-for-citizens\/consular-information-22802\/visas-22807\/visa-requirements-overview-22879\/22879\" target=\"_blank\" rel=\"noreferrer noopener\">\u00dcbersicht des Visumsystems<\/a>).<\/p>\n","protected":false},"excerpt":{"rendered":"<p>Kroatien ist ein Mitgliedstaat der Europ\u00e4ischen Union und ist seit dem 1. Januar 2023 auch Teil des Schengen-Raums. Reisende aus anderen Schengen-L\u00e4ndern m\u00fcssen bei der Einreise nach oder der Ausreise aus Kroatien weder ihren Personalausweis noch ihren Reisepass vorlegen, wenn sie aus L\u00e4ndern kommen, die dem Schengen-Raum angeh\u00f6ren. Wir empfehlen Ihnen jedoch, Ihren Reisepass oder [&hellip;]<\/p>\n","protected":false},"author":1,"featured_media":21062,"parent":3953,"menu_order":0,"comment_status":"closed","ping_status":"closed","template":"","meta":{"_acf_changed":false,"footnotes":""},"acf":[],"yoast_head":"<!-- This site is optimized with the Yoast SEO plugin v22.7 - https:\/\/yoast.com\/wordpress\/plugins\/seo\/ -->\n<title>Grundinfo - Turisti\u010dka zajednica op\u0107ine Vi\u0161kovo<\/title>\n<meta name=\"robots\" content=\"index, follow, max-snippet:-1, max-image-preview:large, max-video-preview:-1\" \/>\n<link rel=\"canonical\" href=\"https:\/\/visitviskovo.hr\/de\/info\/tipps-informationen\/grundinfo\/\" \/>\n<meta property=\"og:locale\" content=\"de_DE\" \/>\n<meta property=\"og:type\" content=\"article\" \/>\n<meta property=\"og:title\" content=\"Grundinfo - Turisti\u010dka zajednica op\u0107ine Vi\u0161kovo\" \/>\n<meta property=\"og:description\" content=\"Kroatien ist ein Mitgliedstaat der Europ\u00e4ischen Union und ist seit dem 1. Januar 2023 auch Teil des Schengen-Raums. Reisende aus anderen Schengen-L\u00e4ndern m\u00fcssen bei der Einreise nach oder der Ausreise aus Kroatien weder ihren Personalausweis noch ihren Reisepass vorlegen, wenn sie aus L\u00e4ndern kommen, die dem Schengen-Raum angeh\u00f6ren. Wir empfehlen Ihnen jedoch, Ihren Reisepass oder [&hellip;]\" \/>\n<meta property=\"og:url\" content=\"https:\/\/visitviskovo.hr\/de\/info\/tipps-informationen\/grundinfo\/\" \/>\n<meta property=\"og:site_name\" content=\"Turisti\u010dka zajednica op\u0107ine Vi\u0161kovo\" \/>\n<meta property=\"article:publisher\" content=\"https:\/\/web.facebook.com\/VisitViskovo\" \/>\n<meta property=\"article:modified_time\" content=\"2024-04-18T11:41:06+00:00\" \/>\n<meta property=\"og:image\" content=\"https:\/\/visitviskovo.hr\/wp-content\/uploads\/2024\/04\/Putovnica.jpg\" \/>\n\t<meta property=\"og:image:width\" content=\"1280\" \/>\n\t<meta property=\"og:image:height\" content=\"765\" \/>\n\t<meta property=\"og:image:type\" content=\"image\/jpeg\" \/>\n<meta name=\"twitter:card\" content=\"summary_large_image\" \/>\n<meta name=\"twitter:label1\" content=\"Gesch\u00e4tzte Lesezeit\" \/>\n\t<meta name=\"twitter:data1\" content=\"3 Minuten\" \/>\n<script type=\"application\/ld+json\" class=\"yoast-schema-graph\">{\"@context\":\"https:\/\/schema.org\",\"@graph\":[{\"@type\":\"WebPage\",\"@id\":\"https:\/\/visitviskovo.hr\/de\/info\/tipps-informationen\/grundinfo\/\",\"url\":\"https:\/\/visitviskovo.hr\/de\/info\/tipps-informationen\/grundinfo\/\",\"name\":\"Grundinfo - Turisti\u010dka zajednica op\u0107ine Vi\u0161kovo\",\"isPartOf\":{\"@id\":\"https:\/\/visitviskovo.hr\/it\/#website\"},\"primaryImageOfPage\":{\"@id\":\"https:\/\/visitviskovo.hr\/de\/info\/tipps-informationen\/grundinfo\/#primaryimage\"},\"image\":{\"@id\":\"https:\/\/visitviskovo.hr\/de\/info\/tipps-informationen\/grundinfo\/#primaryimage\"},\"thumbnailUrl\":\"https:\/\/visitviskovo.hr\/wp-content\/uploads\/2024\/04\/Putovnica.jpg\",\"datePublished\":\"2019-08-19T20:05:47+00:00\",\"dateModified\":\"2024-04-18T11:41:06+00:00\",\"breadcrumb\":{\"@id\":\"https:\/\/visitviskovo.hr\/de\/info\/tipps-informationen\/grundinfo\/#breadcrumb\"},\"inLanguage\":\"de-DE\",\"potentialAction\":[{\"@type\":\"ReadAction\",\"target\":[\"https:\/\/visitviskovo.hr\/de\/info\/tipps-informationen\/grundinfo\/\"]}]},{\"@type\":\"ImageObject\",\"inLanguage\":\"de-DE\",\"@id\":\"https:\/\/visitviskovo.hr\/de\/info\/tipps-informationen\/grundinfo\/#primaryimage\",\"url\":\"https:\/\/visitviskovo.hr\/wp-content\/uploads\/2024\/04\/Putovnica.jpg\",\"contentUrl\":\"https:\/\/visitviskovo.hr\/wp-content\/uploads\/2024\/04\/Putovnica.jpg\",\"width\":1280,\"height\":765},{\"@type\":\"BreadcrumbList\",\"@id\":\"https:\/\/visitviskovo.hr\/de\/info\/tipps-informationen\/grundinfo\/#breadcrumb\",\"itemListElement\":[{\"@type\":\"ListItem\",\"position\":1,\"name\":\"Home\",\"item\":\"https:\/\/visitviskovo.hr\/de\/\"},{\"@type\":\"ListItem\",\"position\":2,\"name\":\"Info\",\"item\":\"https:\/\/visitviskovo.hr\/de\/info\/\"},{\"@type\":\"ListItem\",\"position\":3,\"name\":\"Tipps &#038; Informationen\",\"item\":\"https:\/\/visitviskovo.hr\/de\/info\/tipps-informationen\/\"},{\"@type\":\"ListItem\",\"position\":4,\"name\":\"Grundinfo\"}]},{\"@type\":\"WebSite\",\"@id\":\"https:\/\/visitviskovo.hr\/it\/#website\",\"url\":\"https:\/\/visitviskovo.hr\/it\/\",\"name\":\"Turisti\u010dka zajednica op\u0107ine Vi\u0161kovo\",\"description\":\"\",\"potentialAction\":[{\"@type\":\"SearchAction\",\"target\":{\"@type\":\"EntryPoint\",\"urlTemplate\":\"https:\/\/visitviskovo.hr\/it\/?s={search_term_string}\"},\"query-input\":\"required name=search_term_string\"}],\"inLanguage\":\"de-DE\"}]}<\/script>\n<!-- \/ Yoast SEO plugin. -->","yoast_head_json":{"title":"Grundinfo - Turisti\u010dka zajednica op\u0107ine Vi\u0161kovo","robots":{"index":"index","follow":"follow","max-snippet":"max-snippet:-1","max-image-preview":"max-image-preview:large","max-video-preview":"max-video-preview:-1"},"canonical":"https:\/\/visitviskovo.hr\/de\/info\/tipps-informationen\/grundinfo\/","og_locale":"de_DE","og_type":"article","og_title":"Grundinfo - Turisti\u010dka zajednica op\u0107ine Vi\u0161kovo","og_description":"Kroatien ist ein Mitgliedstaat der Europ\u00e4ischen Union und ist seit dem 1. Januar 2023 auch Teil des Schengen-Raums. Reisende aus anderen Schengen-L\u00e4ndern m\u00fcssen bei der Einreise nach oder der Ausreise aus Kroatien weder ihren Personalausweis noch ihren Reisepass vorlegen, wenn sie aus L\u00e4ndern kommen, die dem Schengen-Raum angeh\u00f6ren. Wir empfehlen Ihnen jedoch, Ihren Reisepass oder [&hellip;]","og_url":"https:\/\/visitviskovo.hr\/de\/info\/tipps-informationen\/grundinfo\/","og_site_name":"Turisti\u010dka zajednica op\u0107ine Vi\u0161kovo","article_publisher":"https:\/\/web.facebook.com\/VisitViskovo","article_modified_time":"2024-04-18T11:41:06+00:00","og_image":[{"width":1280,"height":765,"url":"https:\/\/visitviskovo.hr\/wp-content\/uploads\/2024\/04\/Putovnica.jpg","type":"image\/jpeg"}],"twitter_card":"summary_large_image","twitter_misc":{"Gesch\u00e4tzte Lesezeit":"3 Minuten"},"schema":{"@context":"https:\/\/schema.org","@graph":[{"@type":"WebPage","@id":"https:\/\/visitviskovo.hr\/de\/info\/tipps-informationen\/grundinfo\/","url":"https:\/\/visitviskovo.hr\/de\/info\/tipps-informationen\/grundinfo\/","name":"Grundinfo - Turisti\u010dka zajednica op\u0107ine Vi\u0161kovo","isPartOf":{"@id":"https:\/\/visitviskovo.hr\/it\/#website"},"primaryImageOfPage":{"@id":"https:\/\/visitviskovo.hr\/de\/info\/tipps-informationen\/grundinfo\/#primaryimage"},"image":{"@id":"https:\/\/visitviskovo.hr\/de\/info\/tipps-informationen\/grundinfo\/#primaryimage"},"thumbnailUrl":"https:\/\/visitviskovo.hr\/wp-content\/uploads\/2024\/04\/Putovnica.jpg","datePublished":"2019-08-19T20:05:47+00:00","dateModified":"2024-04-18T11:41:06+00:00","breadcrumb":{"@id":"https:\/\/visitviskovo.hr\/de\/info\/tipps-informationen\/grundinfo\/#breadcrumb"},"inLanguage":"de-DE","potentialAction":[{"@type":"ReadAction","target":["https:\/\/visitviskovo.hr\/de\/info\/tipps-informationen\/grundinfo\/"]}]},{"@type":"ImageObject","inLanguage":"de-DE","@id":"https:\/\/visitviskovo.hr\/de\/info\/tipps-informationen\/grundinfo\/#primaryimage","url":"https:\/\/visitviskovo.hr\/wp-content\/uploads\/2024\/04\/Putovnica.jpg","contentUrl":"https:\/\/visitviskovo.hr\/wp-content\/uploads\/2024\/04\/Putovnica.jpg","width":1280,"height":765},{"@type":"BreadcrumbList","@id":"https:\/\/visitviskovo.hr\/de\/info\/tipps-informationen\/grundinfo\/#breadcrumb","itemListElement":[{"@type":"ListItem","position":1,"name":"Home","item":"https:\/\/visitviskovo.hr\/de\/"},{"@type":"ListItem","position":2,"name":"Info","item":"https:\/\/visitviskovo.hr\/de\/info\/"},{"@type":"ListItem","position":3,"name":"Tipps &#038; Informationen","item":"https:\/\/visitviskovo.hr\/de\/info\/tipps-informationen\/"},{"@type":"ListItem","position":4,"name":"Grundinfo"}]},{"@type":"WebSite","@id":"https:\/\/visitviskovo.hr\/it\/#website","url":"https:\/\/visitviskovo.hr\/it\/","name":"Turisti\u010dka zajednica op\u0107ine Vi\u0161kovo","description":"","potentialAction":[{"@type":"SearchAction","target":{"@type":"EntryPoint","urlTemplate":"https:\/\/visitviskovo.hr\/it\/?s={search_term_string}"},"query-input":"required name=search_term_string"}],"inLanguage":"de-DE"}]}},"_links":{"self":[{"href":"https:\/\/visitviskovo.hr\/de\/wp-json\/wp\/v2\/pages\/3959"}],"collection":[{"href":"https:\/\/visitviskovo.hr\/de\/wp-json\/wp\/v2\/pages"}],"about":[{"href":"https:\/\/visitviskovo.hr\/de\/wp-json\/wp\/v2\/types\/page"}],"author":[{"embeddable":true,"href":"https:\/\/visitviskovo.hr\/de\/wp-json\/wp\/v2\/users\/1"}],"replies":[{"embeddable":true,"href":"https:\/\/visitviskovo.hr\/de\/wp-json\/wp\/v2\/comments?post=3959"}],"version-history":[{"count":2,"href":"https:\/\/visitviskovo.hr\/de\/wp-json\/wp\/v2\/pages\/3959\/revisions"}],"predecessor-version":[{"id":21069,"href":"https:\/\/visitviskovo.hr\/de\/wp-json\/wp\/v2\/pages\/3959\/revisions\/21069"}],"up":[{"embeddable":true,"href":"https:\/\/visitviskovo.hr\/de\/wp-json\/wp\/v2\/pages\/3953"}],"wp:featuredmedia":[{"embeddable":true,"href":"https:\/\/visitviskovo.hr\/de\/wp-json\/wp\/v2\/media\/21062"}],"wp:attachment":[{"href":"https:\/\/visitviskovo.hr\/de\/wp-json\/wp\/v2\/media?parent=3959"}],"curies":[{"name":"wp","href":"https:\/\/api.w.org\/{rel}","templated":true}]}}