{"id":3965,"date":"2019-08-19T20:07:43","date_gmt":"2019-08-19T20:07:43","guid":{"rendered":"https:\/\/visitviskovo.hr\/?page_id=3965"},"modified":"2024-04-18T12:26:36","modified_gmt":"2024-04-18T12:26:36","slug":"geld-und-geldautomate","status":"publish","type":"page","link":"https:\/\/visitviskovo.hr\/de\/info\/tipps-informationen\/geld-und-geldautomate\/","title":{"rendered":"Geld Und Geldautomate"},"content":{"rendered":"\n<p>Die kroatische W\u00e4hrungseinheit ist ab dem 1. Januar 2023 der Euro (EUR), das einzige offizielle Zahlungsmittel in Kroatien, das die bisherige Kuna abgel\u00f6st hat. Euro-Banknoten gibt es in einer St\u00fcckelung von 5, 10, 20, 50, 100 und 200 Euro, und im Gebrauch sind auch Geldm\u00fcnzen zu 1 und 2 Euro und zu 1, 2, 5, 10, 20 und 50 Cent. Im Umlauf ist auch der 500-Euro-Geldschein, der seit dem Jahr 2019 nicht mehr ausgegeben wird, aber weiterhin ein g\u00fcltiges Zahlungsmittel bleibt.&nbsp;<\/p>\n\n\n\n<p>In Kroatien kann man Dollar, Pfund oder jede beliebige andere W\u00e4hrung problemlos in Euro umtauschen, da es reichlich Wechselstuben gibt, vor allen in den beliebten Touristenzielen. Der Euro-Wechselkurs zu anderen W\u00e4hrungen der Welt ist nicht fest, sondern \u00e4ndert sich je nach Marktbedingungen fast t\u00e4glich.<\/p>\n\n\n\n<p>Den offiziellen Wechselkurs k\u00f6nnen Sie jeden Tag auf der Webseite der&nbsp;<a href=\"https:\/\/www.hnb.hr\/en\" target=\"_blank\" rel=\"noreferrer noopener\">Kroatischen Nationalbank<\/a>&nbsp;pr\u00fcfen, Gesch\u00e4ftsbanken und Wechselstuben haben jedoch einen eigenen marktabh\u00e4ngigen Wechselkurs, was man beim Geldwechseln auf jeden Fall beachten sollte. Um ungewollte Kosten zu vermeiden, erkundigen Sie sich bitte \u00fcber die genauen Geb\u00fchren bei Ihrer Bank oder Kreditkartenfirma.<\/p>\n\n\n\n<p>Das offizielle Zahlungsmittel in Gesch\u00e4ften, Restaurants und anderen gewerblichen Einrichtungen ist ausschlie\u00dflich der Euro, deshalb empfehlen wir G\u00e4sten aus L\u00e4ndern au\u00dferhalb des Euro-Raums, Debit- und Kreditkarten sowie Applikationen zur kontaktlosen Bezahlung zu verwenden, und nur, wenn es anders nicht m\u00f6glich ist, auf Bargeld zur\u00fcckzugreifen. Mehrheit der Gesch\u00e4fte, Restaurants und Agenturen akzeptiert alle bekannten Kreditkarten &nbsp;(Eurocard\/Mastercard, American Express, Diners, Visa). Die akzeptierten Zahlungsarten sind in Kroatien meistens an gut sichtbarer Stelle angegeben, deshalb empfehlen wir Ihnen, sich vor dem Kauf \u00fcber m\u00f6gliche Zahlungsarten zu informieren.<\/p>\n\n\n\n<p>ERSTE BANKA: VI\u0160KOVO 122C<br>ZAGREBA\u010cKA BANKA: VOZI\u0160\u0106E 24<br>PRIVREDNA BANKA ZAGREB: MARINI\u0106I 11<br>ISTARSKA KREDITNA BANKA: VI\u0160KOVO 2<br>HRVATSKA PO\u0160TANSKA BANKA: VI\u0160KOVO 39F<\/p>\n\n\n\n<p>KREDITNA UNIJA DUKAT: VI\u0160KOVO 32<\/p>\n","protected":false},"excerpt":{"rendered":"<p>Die kroatische W\u00e4hrungseinheit ist ab dem 1. Januar 2023 der Euro (EUR), das einzige offizielle Zahlungsmittel in Kroatien, das die bisherige Kuna abgel\u00f6st hat. Euro-Banknoten gibt es in einer St\u00fcckelung von 5, 10, 20, 50, 100 und 200 Euro, und im Gebrauch sind auch Geldm\u00fcnzen zu 1 und 2 Euro und zu 1, 2, 5, [&hellip;]<\/p>\n","protected":false},"author":1,"featured_media":21073,"parent":3953,"menu_order":0,"comment_status":"closed","ping_status":"closed","template":"","meta":{"_acf_changed":false,"footnotes":""},"acf":[],"yoast_head":"<!-- This site is optimized with the Yoast SEO plugin v22.7 - https:\/\/yoast.com\/wordpress\/plugins\/seo\/ -->\n<title>Geld Und Geldautomate - Turisti\u010dka zajednica op\u0107ine Vi\u0161kovo<\/title>\n<meta name=\"robots\" content=\"index, follow, max-snippet:-1, max-image-preview:large, max-video-preview:-1\" \/>\n<link rel=\"canonical\" href=\"https:\/\/visitviskovo.hr\/de\/info\/tipps-informationen\/geld-und-geldautomate\/\" \/>\n<meta property=\"og:locale\" content=\"de_DE\" \/>\n<meta property=\"og:type\" content=\"article\" \/>\n<meta property=\"og:title\" content=\"Geld Und Geldautomate - Turisti\u010dka zajednica op\u0107ine Vi\u0161kovo\" \/>\n<meta property=\"og:description\" content=\"Die kroatische W\u00e4hrungseinheit ist ab dem 1. Januar 2023 der Euro (EUR), das einzige offizielle Zahlungsmittel in Kroatien, das die bisherige Kuna abgel\u00f6st hat. Euro-Banknoten gibt es in einer St\u00fcckelung von 5, 10, 20, 50, 100 und 200 Euro, und im Gebrauch sind auch Geldm\u00fcnzen zu 1 und 2 Euro und zu 1, 2, 5, [&hellip;]\" \/>\n<meta property=\"og:url\" content=\"https:\/\/visitviskovo.hr\/de\/info\/tipps-informationen\/geld-und-geldautomate\/\" \/>\n<meta property=\"og:site_name\" content=\"Turisti\u010dka zajednica op\u0107ine Vi\u0161kovo\" \/>\n<meta property=\"article:publisher\" content=\"https:\/\/web.facebook.com\/VisitViskovo\" \/>\n<meta property=\"article:modified_time\" content=\"2024-04-18T12:26:36+00:00\" \/>\n<meta property=\"og:image\" content=\"https:\/\/visitviskovo.hr\/wp-content\/uploads\/2024\/04\/banknotes-209104_1280.jpg\" \/>\n\t<meta property=\"og:image:width\" content=\"1280\" \/>\n\t<meta property=\"og:image:height\" content=\"853\" \/>\n\t<meta property=\"og:image:type\" content=\"image\/jpeg\" \/>\n<meta name=\"twitter:card\" content=\"summary_large_image\" \/>\n<meta name=\"twitter:label1\" content=\"Gesch\u00e4tzte Lesezeit\" \/>\n\t<meta name=\"twitter:data1\" content=\"2 Minuten\" \/>\n<script type=\"application\/ld+json\" class=\"yoast-schema-graph\">{\"@context\":\"https:\/\/schema.org\",\"@graph\":[{\"@type\":\"WebPage\",\"@id\":\"https:\/\/visitviskovo.hr\/de\/info\/tipps-informationen\/geld-und-geldautomate\/\",\"url\":\"https:\/\/visitviskovo.hr\/de\/info\/tipps-informationen\/geld-und-geldautomate\/\",\"name\":\"Geld Und Geldautomate - Turisti\u010dka zajednica op\u0107ine Vi\u0161kovo\",\"isPartOf\":{\"@id\":\"https:\/\/visitviskovo.hr\/it\/#website\"},\"primaryImageOfPage\":{\"@id\":\"https:\/\/visitviskovo.hr\/de\/info\/tipps-informationen\/geld-und-geldautomate\/#primaryimage\"},\"image\":{\"@id\":\"https:\/\/visitviskovo.hr\/de\/info\/tipps-informationen\/geld-und-geldautomate\/#primaryimage\"},\"thumbnailUrl\":\"https:\/\/visitviskovo.hr\/wp-content\/uploads\/2024\/04\/banknotes-209104_1280.jpg\",\"datePublished\":\"2019-08-19T20:07:43+00:00\",\"dateModified\":\"2024-04-18T12:26:36+00:00\",\"breadcrumb\":{\"@id\":\"https:\/\/visitviskovo.hr\/de\/info\/tipps-informationen\/geld-und-geldautomate\/#breadcrumb\"},\"inLanguage\":\"de-DE\",\"potentialAction\":[{\"@type\":\"ReadAction\",\"target\":[\"https:\/\/visitviskovo.hr\/de\/info\/tipps-informationen\/geld-und-geldautomate\/\"]}]},{\"@type\":\"ImageObject\",\"inLanguage\":\"de-DE\",\"@id\":\"https:\/\/visitviskovo.hr\/de\/info\/tipps-informationen\/geld-und-geldautomate\/#primaryimage\",\"url\":\"https:\/\/visitviskovo.hr\/wp-content\/uploads\/2024\/04\/banknotes-209104_1280.jpg\",\"contentUrl\":\"https:\/\/visitviskovo.hr\/wp-content\/uploads\/2024\/04\/banknotes-209104_1280.jpg\",\"width\":1280,\"height\":853},{\"@type\":\"BreadcrumbList\",\"@id\":\"https:\/\/visitviskovo.hr\/de\/info\/tipps-informationen\/geld-und-geldautomate\/#breadcrumb\",\"itemListElement\":[{\"@type\":\"ListItem\",\"position\":1,\"name\":\"Home\",\"item\":\"https:\/\/visitviskovo.hr\/de\/\"},{\"@type\":\"ListItem\",\"position\":2,\"name\":\"Info\",\"item\":\"https:\/\/visitviskovo.hr\/de\/info\/\"},{\"@type\":\"ListItem\",\"position\":3,\"name\":\"Tipps &#038; Informationen\",\"item\":\"https:\/\/visitviskovo.hr\/de\/info\/tipps-informationen\/\"},{\"@type\":\"ListItem\",\"position\":4,\"name\":\"Geld Und Geldautomate\"}]},{\"@type\":\"WebSite\",\"@id\":\"https:\/\/visitviskovo.hr\/it\/#website\",\"url\":\"https:\/\/visitviskovo.hr\/it\/\",\"name\":\"Turisti\u010dka zajednica op\u0107ine Vi\u0161kovo\",\"description\":\"\",\"potentialAction\":[{\"@type\":\"SearchAction\",\"target\":{\"@type\":\"EntryPoint\",\"urlTemplate\":\"https:\/\/visitviskovo.hr\/it\/?s={search_term_string}\"},\"query-input\":\"required name=search_term_string\"}],\"inLanguage\":\"de-DE\"}]}<\/script>\n<!-- \/ Yoast SEO plugin. -->","yoast_head_json":{"title":"Geld Und Geldautomate - Turisti\u010dka zajednica op\u0107ine Vi\u0161kovo","robots":{"index":"index","follow":"follow","max-snippet":"max-snippet:-1","max-image-preview":"max-image-preview:large","max-video-preview":"max-video-preview:-1"},"canonical":"https:\/\/visitviskovo.hr\/de\/info\/tipps-informationen\/geld-und-geldautomate\/","og_locale":"de_DE","og_type":"article","og_title":"Geld Und Geldautomate - Turisti\u010dka zajednica op\u0107ine Vi\u0161kovo","og_description":"Die kroatische W\u00e4hrungseinheit ist ab dem 1. Januar 2023 der Euro (EUR), das einzige offizielle Zahlungsmittel in Kroatien, das die bisherige Kuna abgel\u00f6st hat. Euro-Banknoten gibt es in einer St\u00fcckelung von 5, 10, 20, 50, 100 und 200 Euro, und im Gebrauch sind auch Geldm\u00fcnzen zu 1 und 2 Euro und zu 1, 2, 5, [&hellip;]","og_url":"https:\/\/visitviskovo.hr\/de\/info\/tipps-informationen\/geld-und-geldautomate\/","og_site_name":"Turisti\u010dka zajednica op\u0107ine Vi\u0161kovo","article_publisher":"https:\/\/web.facebook.com\/VisitViskovo","article_modified_time":"2024-04-18T12:26:36+00:00","og_image":[{"width":1280,"height":853,"url":"https:\/\/visitviskovo.hr\/wp-content\/uploads\/2024\/04\/banknotes-209104_1280.jpg","type":"image\/jpeg"}],"twitter_card":"summary_large_image","twitter_misc":{"Gesch\u00e4tzte Lesezeit":"2 Minuten"},"schema":{"@context":"https:\/\/schema.org","@graph":[{"@type":"WebPage","@id":"https:\/\/visitviskovo.hr\/de\/info\/tipps-informationen\/geld-und-geldautomate\/","url":"https:\/\/visitviskovo.hr\/de\/info\/tipps-informationen\/geld-und-geldautomate\/","name":"Geld Und Geldautomate - Turisti\u010dka zajednica op\u0107ine Vi\u0161kovo","isPartOf":{"@id":"https:\/\/visitviskovo.hr\/it\/#website"},"primaryImageOfPage":{"@id":"https:\/\/visitviskovo.hr\/de\/info\/tipps-informationen\/geld-und-geldautomate\/#primaryimage"},"image":{"@id":"https:\/\/visitviskovo.hr\/de\/info\/tipps-informationen\/geld-und-geldautomate\/#primaryimage"},"thumbnailUrl":"https:\/\/visitviskovo.hr\/wp-content\/uploads\/2024\/04\/banknotes-209104_1280.jpg","datePublished":"2019-08-19T20:07:43+00:00","dateModified":"2024-04-18T12:26:36+00:00","breadcrumb":{"@id":"https:\/\/visitviskovo.hr\/de\/info\/tipps-informationen\/geld-und-geldautomate\/#breadcrumb"},"inLanguage":"de-DE","potentialAction":[{"@type":"ReadAction","target":["https:\/\/visitviskovo.hr\/de\/info\/tipps-informationen\/geld-und-geldautomate\/"]}]},{"@type":"ImageObject","inLanguage":"de-DE","@id":"https:\/\/visitviskovo.hr\/de\/info\/tipps-informationen\/geld-und-geldautomate\/#primaryimage","url":"https:\/\/visitviskovo.hr\/wp-content\/uploads\/2024\/04\/banknotes-209104_1280.jpg","contentUrl":"https:\/\/visitviskovo.hr\/wp-content\/uploads\/2024\/04\/banknotes-209104_1280.jpg","width":1280,"height":853},{"@type":"BreadcrumbList","@id":"https:\/\/visitviskovo.hr\/de\/info\/tipps-informationen\/geld-und-geldautomate\/#breadcrumb","itemListElement":[{"@type":"ListItem","position":1,"name":"Home","item":"https:\/\/visitviskovo.hr\/de\/"},{"@type":"ListItem","position":2,"name":"Info","item":"https:\/\/visitviskovo.hr\/de\/info\/"},{"@type":"ListItem","position":3,"name":"Tipps &#038; Informationen","item":"https:\/\/visitviskovo.hr\/de\/info\/tipps-informationen\/"},{"@type":"ListItem","position":4,"name":"Geld Und Geldautomate"}]},{"@type":"WebSite","@id":"https:\/\/visitviskovo.hr\/it\/#website","url":"https:\/\/visitviskovo.hr\/it\/","name":"Turisti\u010dka zajednica op\u0107ine Vi\u0161kovo","description":"","potentialAction":[{"@type":"SearchAction","target":{"@type":"EntryPoint","urlTemplate":"https:\/\/visitviskovo.hr\/it\/?s={search_term_string}"},"query-input":"required name=search_term_string"}],"inLanguage":"de-DE"}]}},"_links":{"self":[{"href":"https:\/\/visitviskovo.hr\/de\/wp-json\/wp\/v2\/pages\/3965"}],"collection":[{"href":"https:\/\/visitviskovo.hr\/de\/wp-json\/wp\/v2\/pages"}],"about":[{"href":"https:\/\/visitviskovo.hr\/de\/wp-json\/wp\/v2\/types\/page"}],"author":[{"embeddable":true,"href":"https:\/\/visitviskovo.hr\/de\/wp-json\/wp\/v2\/users\/1"}],"replies":[{"embeddable":true,"href":"https:\/\/visitviskovo.hr\/de\/wp-json\/wp\/v2\/comments?post=3965"}],"version-history":[{"count":5,"href":"https:\/\/visitviskovo.hr\/de\/wp-json\/wp\/v2\/pages\/3965\/revisions"}],"predecessor-version":[{"id":21089,"href":"https:\/\/visitviskovo.hr\/de\/wp-json\/wp\/v2\/pages\/3965\/revisions\/21089"}],"up":[{"embeddable":true,"href":"https:\/\/visitviskovo.hr\/de\/wp-json\/wp\/v2\/pages\/3953"}],"wp:featuredmedia":[{"embeddable":true,"href":"https:\/\/visitviskovo.hr\/de\/wp-json\/wp\/v2\/media\/21073"}],"wp:attachment":[{"href":"https:\/\/visitviskovo.hr\/de\/wp-json\/wp\/v2\/media?parent=3965"}],"curies":[{"name":"wp","href":"https:\/\/api.w.org\/{rel}","templated":true}]}}