{"id":3972,"date":"2019-08-19T20:09:56","date_gmt":"2019-08-19T20:09:56","guid":{"rendered":"https:\/\/visitviskovo.hr\/?page_id=3972"},"modified":"2024-04-18T12:51:13","modified_gmt":"2024-04-18T12:51:13","slug":"verkehrsinfo","status":"publish","type":"page","link":"https:\/\/visitviskovo.hr\/de\/info\/tipps-informationen\/verkehrsinfo\/","title":{"rendered":"Verkehrsinfo"},"content":{"rendered":"\n<p>Auf dem Territorium der Republik Kroatien k\u00f6nnen nur diejenigen Personen selbstst\u00e4ndig ein Kraftfahrzeug im Stra\u00dfenverkehr fahren, die einen in der Republik Kroatien ausgestellten g\u00fcltigen F\u00fchrerschein haben, oder aber einen ausl\u00e4ndischen F\u00fchrerschein, einen internationalen F\u00fchrerschein oder einen Antrag auf Ausstellung eines F\u00fchrerscheins besitzen (Best\u00e4tigungen \u00fcber gestellte Antr\u00e4ge auf Ausstellung eines F\u00fchrerscheins sind im Stra\u00dfenverkehr nur 30 Tage nach ordnungsgem\u00e4\u00dfer Einreichung eines Antrags auf Ausstellung des F\u00fchrerscheins g\u00fcltig), und zwar f\u00fcr die Fahrzeugkategorie, die der Fahrer lenkt. Beim F\u00fchren des Fahrzeugs muss der Fahrer&nbsp; einen F\u00fchrerschein oder einen Antrag auf Ausstellung eines F\u00fchrerscheins bei sich haben und den F\u00fchrerschein oder die Best\u00e4tigung auf Anforderung eines Polizeibeamten vorlegen. Au\u00dferdem muss jeder Fahrer im Stra\u00dfenverkehr beim Lenken eines Kraftfahrzeugs in seinem Besitz auch einen Fahrzeugschein haben und ihn auf Anforderung eines Polizeibeamten zur Einsicht vorlegen. Der Fahrzeugschein darf nicht im Auto ohne Aufsicht des Fahrers hinterlassen werden.<\/p>\n\n\n\n<p>Auf kroatischem Territorium k\u00f6nnen im Stra\u00dfenverkehr Kraftfahrzeuge und Anh\u00e4nger teilnehmen, wenn sie registriert sind und \u00fcber einen g\u00fcltigen Fahrzeugschein verf\u00fcgen. Ausnahmsweise m\u00fcssen Kraftfahrzeuge und Anh\u00e4nger nicht registriert sein, die mit Probekennzeichen&nbsp; versichert und markiert sind.<\/p>\n\n\n\n<p>Ein Fahrer, der mit einem Fahrzeug mit ausl\u00e4ndischem Nummernschild oder mit einem Nummernschild eines Mitgliedsstaats des Europ\u00e4ischen Wirtschaftsraumes das Territorium der Republik Kroatien betritt, muss eine international g\u00fcltige Haftpflichtversicherung f\u00fcr das Fahrzeug besitzen, die auf dem Gebiet der Europ\u00e4ischen Union g\u00fcltig ist, oder einen sonstigen Beleg \u00fcber eine derartige Versicherung. Als Beweise f\u00fcr die Existenz von internationalen Dokumenten gilt auch ein offizielles Nummernschild auf dem Fahrzeug, das normalerweise im Gebiet des Staates stationiert ist, dessen nationales Amt Unterzeichner der Multilateralen Vereinbarung ist (Mitgliedstaaten des Europ\u00e4ischen Wirtschaftsraums und andere assoziierte L\u00e4nder), beziehungsweise eine g\u00fcltige Gr\u00fcne Karte f\u00fcr ein Fahrzeug, das aus einem Land kommt, dessen nationales Amt f\u00fcr die Versicherung kein Unterzeichner der Multilateralen Vereinbarung ist (Versicherungsmitgliedstaaten des \u201eSystems der Gr\u00fcnen Karte\u201c, Unterzeichner der Kreta-Vereinbarung), sowie andere Dokumente und Zeugnisse, deren G\u00fcltigkeit das Kroatische Versicherungsb\u00fcro anerkennt.<\/p>\n\n\n\n<h2 class=\"wp-block-heading\">Regulations<\/h2>\n\n\n\n<p>Kroatien wird rechts gefahren. Tempolimits:<\/p>\n\n\n\n<ul>\n<li>in geschlossenen Ortschaften 50 km\/h<\/li>\n\n\n\n<li>auf Landstra\u00dfen 90 km\/h<\/li>\n\n\n\n<li>auf ausschlie\u00dflich f\u00fcr Kraftfahrzeuge vorgesehene Stra\u00dfen und Schnellstra\u00dfen 110 km\/h<\/li>\n\n\n\n<li>auf Autobahnen 130 km\/h<\/li>\n<\/ul>\n\n\n\n<p>Das Fahren mit eingeschalteten Scheinwerfern auch bei Tageslicht ist im Zeitraum der Winterzeit Pflicht.<\/p>\n\n\n\n<p>Die Benutzung des Handys w\u00e4hrend der Fahrt ist verboten!<\/p>\n\n\n\n<p>Das Anschnallen ist Pflicht. Eine reflektierende Sicherheitsweste, die vom Fahrer verwendet werden sollte, wenn er auf der Stra\u00dfe einige T\u00e4tigkeiten aus\u00fcben muss (Reifenwechsel, kleinere Reparaturen am Fahrzeug, den leeren Tank mit Benzin nachf\u00fcllen, Hilfe von anderen Fahrern sucht), f\u00e4llt unter die vorgeschriebene mitzuf\u00fchrende Fahrzeugausr\u00fcstung. Die erlaubte Alkoholmenge im Blut ist 0,5 Promille<\/p>\n\n\n\n<h2 class=\"wp-block-heading\">Informationen und Stra\u00dfenhilfe<\/h2>\n\n\n\n<p>Kroatischer Autoklub (HAK)<\/p>\n\n\n\n<p><a href=\"http:\/\/www.hak.hr\/\" target=\"_blank\" rel=\"noreferrer noopener\">www.hak.hr<\/a><br>Informationszentrum: +385 1 4640 800<br>Stra\u00dfenhilfe: +385 1 1987<\/p>\n\n\n\n<h2 class=\"wp-block-heading\">Tankstellen<\/h2>\n\n\n\n<p>Tankstellen verkaufen unterschiedliche Kraftstoffe: Super 98, Super plus 98, Super 95, Eurosuper 95, Super 95, Euro Diesel, Diesel und Flaschengas. Tankstellen in Vi\u0161kovo:<\/p>\n\n\n\n<p>ADRIA OIL: FURI\u0106EVO 93<br>PETROL: VOZI\u0160\u0106E 32<\/p>\n","protected":false},"excerpt":{"rendered":"<p>Auf dem Territorium der Republik Kroatien k\u00f6nnen nur diejenigen Personen selbstst\u00e4ndig ein Kraftfahrzeug im Stra\u00dfenverkehr fahren, die einen in der Republik Kroatien ausgestellten g\u00fcltigen F\u00fchrerschein haben, oder aber einen ausl\u00e4ndischen F\u00fchrerschein, einen internationalen F\u00fchrerschein oder einen Antrag auf Ausstellung eines F\u00fchrerscheins besitzen (Best\u00e4tigungen \u00fcber gestellte Antr\u00e4ge auf Ausstellung eines F\u00fchrerscheins sind im Stra\u00dfenverkehr nur 30 [&hellip;]<\/p>\n","protected":false},"author":1,"featured_media":21095,"parent":3953,"menu_order":0,"comment_status":"closed","ping_status":"closed","template":"","meta":{"_acf_changed":false,"footnotes":""},"acf":[],"yoast_head":"<!-- This site is optimized with the Yoast SEO plugin v22.7 - https:\/\/yoast.com\/wordpress\/plugins\/seo\/ -->\n<title>Verkehrsinfo - Turisti\u010dka zajednica op\u0107ine Vi\u0161kovo<\/title>\n<meta name=\"robots\" content=\"index, follow, max-snippet:-1, max-image-preview:large, max-video-preview:-1\" \/>\n<link rel=\"canonical\" href=\"https:\/\/visitviskovo.hr\/de\/info\/tipps-informationen\/verkehrsinfo\/\" \/>\n<meta property=\"og:locale\" content=\"de_DE\" \/>\n<meta property=\"og:type\" content=\"article\" \/>\n<meta property=\"og:title\" content=\"Verkehrsinfo - Turisti\u010dka zajednica op\u0107ine Vi\u0161kovo\" \/>\n<meta property=\"og:description\" content=\"Auf dem Territorium der Republik Kroatien k\u00f6nnen nur diejenigen Personen selbstst\u00e4ndig ein Kraftfahrzeug im Stra\u00dfenverkehr fahren, die einen in der Republik Kroatien ausgestellten g\u00fcltigen F\u00fchrerschein haben, oder aber einen ausl\u00e4ndischen F\u00fchrerschein, einen internationalen F\u00fchrerschein oder einen Antrag auf Ausstellung eines F\u00fchrerscheins besitzen (Best\u00e4tigungen \u00fcber gestellte Antr\u00e4ge auf Ausstellung eines F\u00fchrerscheins sind im Stra\u00dfenverkehr nur 30 [&hellip;]\" \/>\n<meta property=\"og:url\" content=\"https:\/\/visitviskovo.hr\/de\/info\/tipps-informationen\/verkehrsinfo\/\" \/>\n<meta property=\"og:site_name\" content=\"Turisti\u010dka zajednica op\u0107ine Vi\u0161kovo\" \/>\n<meta property=\"article:publisher\" content=\"https:\/\/web.facebook.com\/VisitViskovo\" \/>\n<meta property=\"article:modified_time\" content=\"2024-04-18T12:51:13+00:00\" \/>\n<meta property=\"og:image\" content=\"https:\/\/visitviskovo.hr\/wp-content\/uploads\/2024\/04\/traffic-4522805_1280.jpg\" \/>\n\t<meta property=\"og:image:width\" content=\"1280\" \/>\n\t<meta property=\"og:image:height\" content=\"853\" \/>\n\t<meta property=\"og:image:type\" content=\"image\/jpeg\" \/>\n<meta name=\"twitter:card\" content=\"summary_large_image\" \/>\n<meta name=\"twitter:label1\" content=\"Gesch\u00e4tzte Lesezeit\" \/>\n\t<meta name=\"twitter:data1\" content=\"3 Minuten\" \/>\n<script type=\"application\/ld+json\" class=\"yoast-schema-graph\">{\"@context\":\"https:\/\/schema.org\",\"@graph\":[{\"@type\":\"WebPage\",\"@id\":\"https:\/\/visitviskovo.hr\/de\/info\/tipps-informationen\/verkehrsinfo\/\",\"url\":\"https:\/\/visitviskovo.hr\/de\/info\/tipps-informationen\/verkehrsinfo\/\",\"name\":\"Verkehrsinfo - Turisti\u010dka zajednica op\u0107ine Vi\u0161kovo\",\"isPartOf\":{\"@id\":\"https:\/\/visitviskovo.hr\/it\/#website\"},\"primaryImageOfPage\":{\"@id\":\"https:\/\/visitviskovo.hr\/de\/info\/tipps-informationen\/verkehrsinfo\/#primaryimage\"},\"image\":{\"@id\":\"https:\/\/visitviskovo.hr\/de\/info\/tipps-informationen\/verkehrsinfo\/#primaryimage\"},\"thumbnailUrl\":\"https:\/\/visitviskovo.hr\/wp-content\/uploads\/2024\/04\/traffic-4522805_1280.jpg\",\"datePublished\":\"2019-08-19T20:09:56+00:00\",\"dateModified\":\"2024-04-18T12:51:13+00:00\",\"breadcrumb\":{\"@id\":\"https:\/\/visitviskovo.hr\/de\/info\/tipps-informationen\/verkehrsinfo\/#breadcrumb\"},\"inLanguage\":\"de-DE\",\"potentialAction\":[{\"@type\":\"ReadAction\",\"target\":[\"https:\/\/visitviskovo.hr\/de\/info\/tipps-informationen\/verkehrsinfo\/\"]}]},{\"@type\":\"ImageObject\",\"inLanguage\":\"de-DE\",\"@id\":\"https:\/\/visitviskovo.hr\/de\/info\/tipps-informationen\/verkehrsinfo\/#primaryimage\",\"url\":\"https:\/\/visitviskovo.hr\/wp-content\/uploads\/2024\/04\/traffic-4522805_1280.jpg\",\"contentUrl\":\"https:\/\/visitviskovo.hr\/wp-content\/uploads\/2024\/04\/traffic-4522805_1280.jpg\",\"width\":1280,\"height\":853},{\"@type\":\"BreadcrumbList\",\"@id\":\"https:\/\/visitviskovo.hr\/de\/info\/tipps-informationen\/verkehrsinfo\/#breadcrumb\",\"itemListElement\":[{\"@type\":\"ListItem\",\"position\":1,\"name\":\"Home\",\"item\":\"https:\/\/visitviskovo.hr\/de\/\"},{\"@type\":\"ListItem\",\"position\":2,\"name\":\"Info\",\"item\":\"https:\/\/visitviskovo.hr\/de\/info\/\"},{\"@type\":\"ListItem\",\"position\":3,\"name\":\"Tipps &#038; Informationen\",\"item\":\"https:\/\/visitviskovo.hr\/de\/info\/tipps-informationen\/\"},{\"@type\":\"ListItem\",\"position\":4,\"name\":\"Verkehrsinfo\"}]},{\"@type\":\"WebSite\",\"@id\":\"https:\/\/visitviskovo.hr\/it\/#website\",\"url\":\"https:\/\/visitviskovo.hr\/it\/\",\"name\":\"Turisti\u010dka zajednica op\u0107ine Vi\u0161kovo\",\"description\":\"\",\"potentialAction\":[{\"@type\":\"SearchAction\",\"target\":{\"@type\":\"EntryPoint\",\"urlTemplate\":\"https:\/\/visitviskovo.hr\/it\/?s={search_term_string}\"},\"query-input\":\"required name=search_term_string\"}],\"inLanguage\":\"de-DE\"}]}<\/script>\n<!-- \/ Yoast SEO plugin. -->","yoast_head_json":{"title":"Verkehrsinfo - Turisti\u010dka zajednica op\u0107ine Vi\u0161kovo","robots":{"index":"index","follow":"follow","max-snippet":"max-snippet:-1","max-image-preview":"max-image-preview:large","max-video-preview":"max-video-preview:-1"},"canonical":"https:\/\/visitviskovo.hr\/de\/info\/tipps-informationen\/verkehrsinfo\/","og_locale":"de_DE","og_type":"article","og_title":"Verkehrsinfo - Turisti\u010dka zajednica op\u0107ine Vi\u0161kovo","og_description":"Auf dem Territorium der Republik Kroatien k\u00f6nnen nur diejenigen Personen selbstst\u00e4ndig ein Kraftfahrzeug im Stra\u00dfenverkehr fahren, die einen in der Republik Kroatien ausgestellten g\u00fcltigen F\u00fchrerschein haben, oder aber einen ausl\u00e4ndischen F\u00fchrerschein, einen internationalen F\u00fchrerschein oder einen Antrag auf Ausstellung eines F\u00fchrerscheins besitzen (Best\u00e4tigungen \u00fcber gestellte Antr\u00e4ge auf Ausstellung eines F\u00fchrerscheins sind im Stra\u00dfenverkehr nur 30 [&hellip;]","og_url":"https:\/\/visitviskovo.hr\/de\/info\/tipps-informationen\/verkehrsinfo\/","og_site_name":"Turisti\u010dka zajednica op\u0107ine Vi\u0161kovo","article_publisher":"https:\/\/web.facebook.com\/VisitViskovo","article_modified_time":"2024-04-18T12:51:13+00:00","og_image":[{"width":1280,"height":853,"url":"https:\/\/visitviskovo.hr\/wp-content\/uploads\/2024\/04\/traffic-4522805_1280.jpg","type":"image\/jpeg"}],"twitter_card":"summary_large_image","twitter_misc":{"Gesch\u00e4tzte Lesezeit":"3 Minuten"},"schema":{"@context":"https:\/\/schema.org","@graph":[{"@type":"WebPage","@id":"https:\/\/visitviskovo.hr\/de\/info\/tipps-informationen\/verkehrsinfo\/","url":"https:\/\/visitviskovo.hr\/de\/info\/tipps-informationen\/verkehrsinfo\/","name":"Verkehrsinfo - Turisti\u010dka zajednica op\u0107ine Vi\u0161kovo","isPartOf":{"@id":"https:\/\/visitviskovo.hr\/it\/#website"},"primaryImageOfPage":{"@id":"https:\/\/visitviskovo.hr\/de\/info\/tipps-informationen\/verkehrsinfo\/#primaryimage"},"image":{"@id":"https:\/\/visitviskovo.hr\/de\/info\/tipps-informationen\/verkehrsinfo\/#primaryimage"},"thumbnailUrl":"https:\/\/visitviskovo.hr\/wp-content\/uploads\/2024\/04\/traffic-4522805_1280.jpg","datePublished":"2019-08-19T20:09:56+00:00","dateModified":"2024-04-18T12:51:13+00:00","breadcrumb":{"@id":"https:\/\/visitviskovo.hr\/de\/info\/tipps-informationen\/verkehrsinfo\/#breadcrumb"},"inLanguage":"de-DE","potentialAction":[{"@type":"ReadAction","target":["https:\/\/visitviskovo.hr\/de\/info\/tipps-informationen\/verkehrsinfo\/"]}]},{"@type":"ImageObject","inLanguage":"de-DE","@id":"https:\/\/visitviskovo.hr\/de\/info\/tipps-informationen\/verkehrsinfo\/#primaryimage","url":"https:\/\/visitviskovo.hr\/wp-content\/uploads\/2024\/04\/traffic-4522805_1280.jpg","contentUrl":"https:\/\/visitviskovo.hr\/wp-content\/uploads\/2024\/04\/traffic-4522805_1280.jpg","width":1280,"height":853},{"@type":"BreadcrumbList","@id":"https:\/\/visitviskovo.hr\/de\/info\/tipps-informationen\/verkehrsinfo\/#breadcrumb","itemListElement":[{"@type":"ListItem","position":1,"name":"Home","item":"https:\/\/visitviskovo.hr\/de\/"},{"@type":"ListItem","position":2,"name":"Info","item":"https:\/\/visitviskovo.hr\/de\/info\/"},{"@type":"ListItem","position":3,"name":"Tipps &#038; Informationen","item":"https:\/\/visitviskovo.hr\/de\/info\/tipps-informationen\/"},{"@type":"ListItem","position":4,"name":"Verkehrsinfo"}]},{"@type":"WebSite","@id":"https:\/\/visitviskovo.hr\/it\/#website","url":"https:\/\/visitviskovo.hr\/it\/","name":"Turisti\u010dka zajednica op\u0107ine Vi\u0161kovo","description":"","potentialAction":[{"@type":"SearchAction","target":{"@type":"EntryPoint","urlTemplate":"https:\/\/visitviskovo.hr\/it\/?s={search_term_string}"},"query-input":"required name=search_term_string"}],"inLanguage":"de-DE"}]}},"_links":{"self":[{"href":"https:\/\/visitviskovo.hr\/de\/wp-json\/wp\/v2\/pages\/3972"}],"collection":[{"href":"https:\/\/visitviskovo.hr\/de\/wp-json\/wp\/v2\/pages"}],"about":[{"href":"https:\/\/visitviskovo.hr\/de\/wp-json\/wp\/v2\/types\/page"}],"author":[{"embeddable":true,"href":"https:\/\/visitviskovo.hr\/de\/wp-json\/wp\/v2\/users\/1"}],"replies":[{"embeddable":true,"href":"https:\/\/visitviskovo.hr\/de\/wp-json\/wp\/v2\/comments?post=3972"}],"version-history":[{"count":2,"href":"https:\/\/visitviskovo.hr\/de\/wp-json\/wp\/v2\/pages\/3972\/revisions"}],"predecessor-version":[{"id":21103,"href":"https:\/\/visitviskovo.hr\/de\/wp-json\/wp\/v2\/pages\/3972\/revisions\/21103"}],"up":[{"embeddable":true,"href":"https:\/\/visitviskovo.hr\/de\/wp-json\/wp\/v2\/pages\/3953"}],"wp:featuredmedia":[{"embeddable":true,"href":"https:\/\/visitviskovo.hr\/de\/wp-json\/wp\/v2\/media\/21095"}],"wp:attachment":[{"href":"https:\/\/visitviskovo.hr\/de\/wp-json\/wp\/v2\/media?parent=3972"}],"curies":[{"name":"wp","href":"https:\/\/api.w.org\/{rel}","templated":true}]}}