{"id":3997,"date":"2019-08-19T20:17:31","date_gmt":"2019-08-19T20:17:31","guid":{"rendered":"https:\/\/visitviskovo.hr\/?page_id=3997"},"modified":"2024-08-14T12:21:03","modified_gmt":"2024-08-14T12:21:03","slug":"links","status":"publish","type":"page","link":"https:\/\/visitviskovo.hr\/de\/info\/tipps-informationen\/links\/","title":{"rendered":"Notdienste und Feiertage"},"content":{"rendered":"\n<p>Kroatien hat ein einheitliches Notrufsystem eingerichtet, dass sieben Tage in der Woche rund um die Uhr unter der Telefonnummer 112 erreichbar ist Die Nummer 112 steht in der gesamten Europ\u00e4ischen Union und in einem Gro\u00dfteil der Drittl\u00e4nder als einheitliche Notrufnummer zur Verf\u00fcgung.<\/p>\n\n\n\n<p>Einzelne Notdienste sind auch direkt unter den folgenden Nummern erreichbar:<\/p>\n\n\n\n<p><strong>&nbsp;+385 112<\/strong>&nbsp;\u2013 einheitliche Notrufnummer<\/p>\n\n\n\n<p><strong>&nbsp;+385 192<\/strong>&nbsp;\u2013 Polizei<\/p>\n\n\n\n<p><strong>&nbsp;+385 194<\/strong>&nbsp;\u2013 Notarzt<\/p>\n\n\n\n<p><strong>&nbsp;+385 193<\/strong>&nbsp;\u2013 Feuerwehr<\/p>\n\n\n\n<p><strong>&nbsp;+385 1987<\/strong>&nbsp;\u2013 Pannenhilfe<\/p>\n\n\n\n<p><strong>\u00a0+385 195<\/strong>\u00a0\u2013 Such- und Rettungsdienst auf See<\/p>\n\n\n\n<h2 class=\"wp-block-heading\">Feiertage<\/h2>\n\n\n\n<p>Die arbeitsfreien Tage in Kroatien setzen sich aus gesetzlichen und kirchlichen Feiertagen zusammen; insgesamt sind es vierzehn an der Zahl:<\/p>\n\n\n\n<p><br><strong>1.1.<\/strong>\u00a0Neujahr<br><strong>6.1.<\/strong>\u00a0Dreik\u00f6nigsfest (Erscheinung des Herrn)<br><strong>Ostern\u00a0<\/strong>&#8211; beweglicher Feiertag<br><strong>Ostermontag<\/strong>\u00a0&#8211; beweglicher Feiertag<br><strong>1.5.<\/strong>\u00a0Tag der Arbeit<br><strong>30.5.<\/strong>\u00a0Nationalfeiertag<br><strong>Fronleichnam\u00a0<\/strong>&#8211; beweglicher Feiertag<br><strong>22.6.<\/strong>\u00a0Tag des antifaschistischen Kampfes<br><strong>5.8.<\/strong>\u00a0Tag des Sieges und der heimatlichen Dankbarkeit und Tag der kroatischen Verteidiger<br><strong>15.8.<\/strong>\u00a0Mari\u00e4 Himmelfahrt<br><strong>1.11.<\/strong>\u00a0Allerheiligen<br><strong>18.11<\/strong>. Tag des Gedenkens an die Opfer des Unabh\u00e4ngigkeitskrieges und des Gedenkens an das Opfer Vukovars und \u0160kabrnjas<br><strong>25.12.<\/strong>\u00a0Weihnachten<br><strong>26.12.<\/strong>\u00a0Stephanstag<\/p>\n\n\n\n<p>An arbeitsfreien Tagen k\u00f6nnen die \u00d6ffnungszeiten abweichen bzw. sonntags gleich sein. Dies bedeutet, dass ein Teil der Shops oder Dienste nicht oder nur eingeschr\u00e4nkt funktionieren wird. Auch der Fahrplan von Bussen, Bahnen und anderen \u00f6ffentlichen Verkehrsmitteln kann abweichen.<\/p>\n","protected":false},"excerpt":{"rendered":"<p>Kroatien hat ein einheitliches Notrufsystem eingerichtet, dass sieben Tage in der Woche rund um die Uhr unter der Telefonnummer 112 erreichbar ist Die Nummer 112 steht in der gesamten Europ\u00e4ischen Union und in einem Gro\u00dfteil der Drittl\u00e4nder als einheitliche Notrufnummer zur Verf\u00fcgung. Einzelne Notdienste sind auch direkt unter den folgenden Nummern erreichbar: &nbsp;+385 112&nbsp;\u2013 einheitliche [&hellip;]<\/p>\n","protected":false},"author":1,"featured_media":21148,"parent":3953,"menu_order":0,"comment_status":"closed","ping_status":"closed","template":"","meta":{"_acf_changed":false,"footnotes":""},"acf":[],"yoast_head":"<!-- This site is optimized with the Yoast SEO plugin v22.7 - https:\/\/yoast.com\/wordpress\/plugins\/seo\/ -->\n<title>Notdienste und Feiertage - Turisti\u010dka zajednica op\u0107ine Vi\u0161kovo<\/title>\n<meta name=\"robots\" content=\"index, follow, max-snippet:-1, max-image-preview:large, max-video-preview:-1\" \/>\n<link rel=\"canonical\" href=\"https:\/\/visitviskovo.hr\/de\/info\/tipps-informationen\/links\/\" \/>\n<meta property=\"og:locale\" content=\"de_DE\" \/>\n<meta property=\"og:type\" content=\"article\" \/>\n<meta property=\"og:title\" content=\"Notdienste und Feiertage - Turisti\u010dka zajednica op\u0107ine Vi\u0161kovo\" \/>\n<meta property=\"og:description\" content=\"Kroatien hat ein einheitliches Notrufsystem eingerichtet, dass sieben Tage in der Woche rund um die Uhr unter der Telefonnummer 112 erreichbar ist Die Nummer 112 steht in der gesamten Europ\u00e4ischen Union und in einem Gro\u00dfteil der Drittl\u00e4nder als einheitliche Notrufnummer zur Verf\u00fcgung. Einzelne Notdienste sind auch direkt unter den folgenden Nummern erreichbar: &nbsp;+385 112&nbsp;\u2013 einheitliche [&hellip;]\" \/>\n<meta property=\"og:url\" content=\"https:\/\/visitviskovo.hr\/de\/info\/tipps-informationen\/links\/\" \/>\n<meta property=\"og:site_name\" content=\"Turisti\u010dka zajednica op\u0107ine Vi\u0161kovo\" \/>\n<meta property=\"article:publisher\" content=\"https:\/\/web.facebook.com\/VisitViskovo\" \/>\n<meta property=\"article:modified_time\" content=\"2024-08-14T12:21:03+00:00\" \/>\n<meta property=\"og:image\" content=\"https:\/\/visitviskovo.hr\/wp-content\/uploads\/2024\/04\/icons-1294597_1280.png\" \/>\n\t<meta property=\"og:image:width\" content=\"1218\" \/>\n\t<meta property=\"og:image:height\" content=\"1280\" \/>\n\t<meta property=\"og:image:type\" content=\"image\/png\" \/>\n<meta name=\"twitter:card\" content=\"summary_large_image\" \/>\n<meta name=\"twitter:label1\" content=\"Gesch\u00e4tzte Lesezeit\" \/>\n\t<meta name=\"twitter:data1\" content=\"2 Minuten\" \/>\n<script type=\"application\/ld+json\" class=\"yoast-schema-graph\">{\"@context\":\"https:\/\/schema.org\",\"@graph\":[{\"@type\":\"WebPage\",\"@id\":\"https:\/\/visitviskovo.hr\/de\/info\/tipps-informationen\/links\/\",\"url\":\"https:\/\/visitviskovo.hr\/de\/info\/tipps-informationen\/links\/\",\"name\":\"Notdienste und Feiertage - Turisti\u010dka zajednica op\u0107ine Vi\u0161kovo\",\"isPartOf\":{\"@id\":\"https:\/\/visitviskovo.hr\/it\/#website\"},\"primaryImageOfPage\":{\"@id\":\"https:\/\/visitviskovo.hr\/de\/info\/tipps-informationen\/links\/#primaryimage\"},\"image\":{\"@id\":\"https:\/\/visitviskovo.hr\/de\/info\/tipps-informationen\/links\/#primaryimage\"},\"thumbnailUrl\":\"https:\/\/visitviskovo.hr\/wp-content\/uploads\/2024\/04\/icons-1294597_1280.png\",\"datePublished\":\"2019-08-19T20:17:31+00:00\",\"dateModified\":\"2024-08-14T12:21:03+00:00\",\"breadcrumb\":{\"@id\":\"https:\/\/visitviskovo.hr\/de\/info\/tipps-informationen\/links\/#breadcrumb\"},\"inLanguage\":\"de-DE\",\"potentialAction\":[{\"@type\":\"ReadAction\",\"target\":[\"https:\/\/visitviskovo.hr\/de\/info\/tipps-informationen\/links\/\"]}]},{\"@type\":\"ImageObject\",\"inLanguage\":\"de-DE\",\"@id\":\"https:\/\/visitviskovo.hr\/de\/info\/tipps-informationen\/links\/#primaryimage\",\"url\":\"https:\/\/visitviskovo.hr\/wp-content\/uploads\/2024\/04\/icons-1294597_1280.png\",\"contentUrl\":\"https:\/\/visitviskovo.hr\/wp-content\/uploads\/2024\/04\/icons-1294597_1280.png\",\"width\":1218,\"height\":1280},{\"@type\":\"BreadcrumbList\",\"@id\":\"https:\/\/visitviskovo.hr\/de\/info\/tipps-informationen\/links\/#breadcrumb\",\"itemListElement\":[{\"@type\":\"ListItem\",\"position\":1,\"name\":\"Home\",\"item\":\"https:\/\/visitviskovo.hr\/de\/\"},{\"@type\":\"ListItem\",\"position\":2,\"name\":\"Info\",\"item\":\"https:\/\/visitviskovo.hr\/de\/info\/\"},{\"@type\":\"ListItem\",\"position\":3,\"name\":\"Tipps &#038; Informationen\",\"item\":\"https:\/\/visitviskovo.hr\/de\/info\/tipps-informationen\/\"},{\"@type\":\"ListItem\",\"position\":4,\"name\":\"Notdienste und Feiertage\"}]},{\"@type\":\"WebSite\",\"@id\":\"https:\/\/visitviskovo.hr\/it\/#website\",\"url\":\"https:\/\/visitviskovo.hr\/it\/\",\"name\":\"Turisti\u010dka zajednica op\u0107ine Vi\u0161kovo\",\"description\":\"\",\"potentialAction\":[{\"@type\":\"SearchAction\",\"target\":{\"@type\":\"EntryPoint\",\"urlTemplate\":\"https:\/\/visitviskovo.hr\/it\/?s={search_term_string}\"},\"query-input\":\"required name=search_term_string\"}],\"inLanguage\":\"de-DE\"}]}<\/script>\n<!-- \/ Yoast SEO plugin. -->","yoast_head_json":{"title":"Notdienste und Feiertage - Turisti\u010dka zajednica op\u0107ine Vi\u0161kovo","robots":{"index":"index","follow":"follow","max-snippet":"max-snippet:-1","max-image-preview":"max-image-preview:large","max-video-preview":"max-video-preview:-1"},"canonical":"https:\/\/visitviskovo.hr\/de\/info\/tipps-informationen\/links\/","og_locale":"de_DE","og_type":"article","og_title":"Notdienste und Feiertage - Turisti\u010dka zajednica op\u0107ine Vi\u0161kovo","og_description":"Kroatien hat ein einheitliches Notrufsystem eingerichtet, dass sieben Tage in der Woche rund um die Uhr unter der Telefonnummer 112 erreichbar ist Die Nummer 112 steht in der gesamten Europ\u00e4ischen Union und in einem Gro\u00dfteil der Drittl\u00e4nder als einheitliche Notrufnummer zur Verf\u00fcgung. Einzelne Notdienste sind auch direkt unter den folgenden Nummern erreichbar: &nbsp;+385 112&nbsp;\u2013 einheitliche [&hellip;]","og_url":"https:\/\/visitviskovo.hr\/de\/info\/tipps-informationen\/links\/","og_site_name":"Turisti\u010dka zajednica op\u0107ine Vi\u0161kovo","article_publisher":"https:\/\/web.facebook.com\/VisitViskovo","article_modified_time":"2024-08-14T12:21:03+00:00","og_image":[{"width":1218,"height":1280,"url":"https:\/\/visitviskovo.hr\/wp-content\/uploads\/2024\/04\/icons-1294597_1280.png","type":"image\/png"}],"twitter_card":"summary_large_image","twitter_misc":{"Gesch\u00e4tzte Lesezeit":"2 Minuten"},"schema":{"@context":"https:\/\/schema.org","@graph":[{"@type":"WebPage","@id":"https:\/\/visitviskovo.hr\/de\/info\/tipps-informationen\/links\/","url":"https:\/\/visitviskovo.hr\/de\/info\/tipps-informationen\/links\/","name":"Notdienste und Feiertage - Turisti\u010dka zajednica op\u0107ine Vi\u0161kovo","isPartOf":{"@id":"https:\/\/visitviskovo.hr\/it\/#website"},"primaryImageOfPage":{"@id":"https:\/\/visitviskovo.hr\/de\/info\/tipps-informationen\/links\/#primaryimage"},"image":{"@id":"https:\/\/visitviskovo.hr\/de\/info\/tipps-informationen\/links\/#primaryimage"},"thumbnailUrl":"https:\/\/visitviskovo.hr\/wp-content\/uploads\/2024\/04\/icons-1294597_1280.png","datePublished":"2019-08-19T20:17:31+00:00","dateModified":"2024-08-14T12:21:03+00:00","breadcrumb":{"@id":"https:\/\/visitviskovo.hr\/de\/info\/tipps-informationen\/links\/#breadcrumb"},"inLanguage":"de-DE","potentialAction":[{"@type":"ReadAction","target":["https:\/\/visitviskovo.hr\/de\/info\/tipps-informationen\/links\/"]}]},{"@type":"ImageObject","inLanguage":"de-DE","@id":"https:\/\/visitviskovo.hr\/de\/info\/tipps-informationen\/links\/#primaryimage","url":"https:\/\/visitviskovo.hr\/wp-content\/uploads\/2024\/04\/icons-1294597_1280.png","contentUrl":"https:\/\/visitviskovo.hr\/wp-content\/uploads\/2024\/04\/icons-1294597_1280.png","width":1218,"height":1280},{"@type":"BreadcrumbList","@id":"https:\/\/visitviskovo.hr\/de\/info\/tipps-informationen\/links\/#breadcrumb","itemListElement":[{"@type":"ListItem","position":1,"name":"Home","item":"https:\/\/visitviskovo.hr\/de\/"},{"@type":"ListItem","position":2,"name":"Info","item":"https:\/\/visitviskovo.hr\/de\/info\/"},{"@type":"ListItem","position":3,"name":"Tipps &#038; Informationen","item":"https:\/\/visitviskovo.hr\/de\/info\/tipps-informationen\/"},{"@type":"ListItem","position":4,"name":"Notdienste und Feiertage"}]},{"@type":"WebSite","@id":"https:\/\/visitviskovo.hr\/it\/#website","url":"https:\/\/visitviskovo.hr\/it\/","name":"Turisti\u010dka zajednica op\u0107ine Vi\u0161kovo","description":"","potentialAction":[{"@type":"SearchAction","target":{"@type":"EntryPoint","urlTemplate":"https:\/\/visitviskovo.hr\/it\/?s={search_term_string}"},"query-input":"required name=search_term_string"}],"inLanguage":"de-DE"}]}},"_links":{"self":[{"href":"https:\/\/visitviskovo.hr\/de\/wp-json\/wp\/v2\/pages\/3997"}],"collection":[{"href":"https:\/\/visitviskovo.hr\/de\/wp-json\/wp\/v2\/pages"}],"about":[{"href":"https:\/\/visitviskovo.hr\/de\/wp-json\/wp\/v2\/types\/page"}],"author":[{"embeddable":true,"href":"https:\/\/visitviskovo.hr\/de\/wp-json\/wp\/v2\/users\/1"}],"replies":[{"embeddable":true,"href":"https:\/\/visitviskovo.hr\/de\/wp-json\/wp\/v2\/comments?post=3997"}],"version-history":[{"count":3,"href":"https:\/\/visitviskovo.hr\/de\/wp-json\/wp\/v2\/pages\/3997\/revisions"}],"predecessor-version":[{"id":21782,"href":"https:\/\/visitviskovo.hr\/de\/wp-json\/wp\/v2\/pages\/3997\/revisions\/21782"}],"up":[{"embeddable":true,"href":"https:\/\/visitviskovo.hr\/de\/wp-json\/wp\/v2\/pages\/3953"}],"wp:featuredmedia":[{"embeddable":true,"href":"https:\/\/visitviskovo.hr\/de\/wp-json\/wp\/v2\/media\/21148"}],"wp:attachment":[{"href":"https:\/\/visitviskovo.hr\/de\/wp-json\/wp\/v2\/media?parent=3997"}],"curies":[{"name":"wp","href":"https:\/\/api.w.org\/{rel}","templated":true}]}}