{"id":4003,"date":"2019-08-19T20:20:28","date_gmt":"2019-08-19T20:20:28","guid":{"rendered":"https:\/\/visitviskovo.hr\/?page_id=4003"},"modified":"2024-04-19T13:11:30","modified_gmt":"2024-04-19T13:11:30","slug":"die-haustiere","status":"publish","type":"page","link":"https:\/\/visitviskovo.hr\/de\/info\/tipps-informationen\/die-haustiere\/","title":{"rendered":"Die Haustiere"},"content":{"rendered":"\n<p>Sie k\u00f6nnen auch Ihrem Heimtier einen Urlaub in Kroatien g\u00f6nnen, doch dabei m\u00fcssen Sie bestimmte Vorschriften und Regeln beachten, die Kroatien mit den europ\u00e4ischen Regelungen abgestimmt hat; deswegen m\u00fcssen EU-B\u00fcrger, die mit ihren Heimtieren nach Kroatien einreisen, nur einige Grundbedingungen erf\u00fcllen.<\/p>\n\n\n\n<p>Die Heimtiere m\u00fcssen durch einen Mikrochip oder durch eine vor dem 3. Juli 2011 angebrachte, deutlich lesbare T\u00e4towierung gekennzeichnet sein, sie m\u00fcssen gegen Tollwut geimpft und gegen den Fuchsbandwurm Echinococcus multilocularis (gilt f\u00fcr Hunde) behandelt worden sein und bei der Reise von EU-Land zu EU-Land von einen g\u00fcltigen EU-Heimtierausweis begleitet sein. Der EU-Heimtierausweis ist ein Dokument nach einheitlichem Muster, das eine Beschreibung des Heimtiers enth\u00e4lt, wie auch den Mikrochip-Code oder die t\u00e4towierte Kennzeichnung, sowie Angaben \u00fcber erfolgte Tollwutschutzimpfungen und Kontaktinformationen des Tierhalters oder des Tierarztes, der den Ausweis ausgestellt hat. Heimtierausweise werden von beh\u00f6rdlich erm\u00e4chtigten Tier\u00e4rzten f\u00fcr Hunde, Katzen oder Frettchen ausgestellt. Der Heimtierausweis gilt lebenslang, solange die regelm\u00e4\u00dfige Tollwutimpfung Ihres Heimtieres g\u00fcltig ist.<\/p>\n\n\n\n<p>TIEREN AMBULANTE TURKOVI\u0106<br>Vi\u0161kovo 122C, 51216 Vi\u0161kovo<br>+385 51 257 571<br>\u00d6ffnungszeit: Montag- Freitag:&nbsp; 09:00-12:00, 17:00-20:00&nbsp;&nbsp;&nbsp;&nbsp;&nbsp;&nbsp;&nbsp;&nbsp;&nbsp;&nbsp;&nbsp;&nbsp;&nbsp;&nbsp; &nbsp;&nbsp;&nbsp;&nbsp;&nbsp;&nbsp;&nbsp;&nbsp;&nbsp;<br>&nbsp;&nbsp;                                   Samstag:&nbsp;09:00-12:00<br><\/p>\n\n\n\n<p>TIEREN AMBULANTE HOP<br>Furi\u0107evo 17, 51216 Vi\u0161kovo<br>+385 51 504 285<br>\u00d6ffnungszeit: Montag &#8211; Samstag:&nbsp; 09:00-21:00&nbsp; &nbsp; &nbsp;&nbsp;<br>                       Sonntag:&nbsp;&nbsp;09:00-18:00<\/p>\n","protected":false},"excerpt":{"rendered":"<p>Sie k\u00f6nnen auch Ihrem Heimtier einen Urlaub in Kroatien g\u00f6nnen, doch dabei m\u00fcssen Sie bestimmte Vorschriften und Regeln beachten, die Kroatien mit den europ\u00e4ischen Regelungen abgestimmt hat; deswegen m\u00fcssen EU-B\u00fcrger, die mit ihren Heimtieren nach Kroatien einreisen, nur einige Grundbedingungen erf\u00fcllen. Die Heimtiere m\u00fcssen durch einen Mikrochip oder durch eine vor dem 3. Juli 2011 [&hellip;]<\/p>\n","protected":false},"author":1,"featured_media":21111,"parent":3953,"menu_order":0,"comment_status":"closed","ping_status":"closed","template":"","meta":{"_acf_changed":false,"footnotes":""},"acf":[],"yoast_head":"<!-- This site is optimized with the Yoast SEO plugin v22.7 - https:\/\/yoast.com\/wordpress\/plugins\/seo\/ -->\n<title>Die Haustiere - Turisti\u010dka zajednica op\u0107ine Vi\u0161kovo<\/title>\n<meta name=\"robots\" content=\"index, follow, max-snippet:-1, max-image-preview:large, max-video-preview:-1\" \/>\n<link rel=\"canonical\" href=\"https:\/\/visitviskovo.hr\/de\/info\/tipps-informationen\/die-haustiere\/\" \/>\n<meta property=\"og:locale\" content=\"de_DE\" \/>\n<meta property=\"og:type\" content=\"article\" \/>\n<meta property=\"og:title\" content=\"Die Haustiere - Turisti\u010dka zajednica op\u0107ine Vi\u0161kovo\" \/>\n<meta property=\"og:description\" content=\"Sie k\u00f6nnen auch Ihrem Heimtier einen Urlaub in Kroatien g\u00f6nnen, doch dabei m\u00fcssen Sie bestimmte Vorschriften und Regeln beachten, die Kroatien mit den europ\u00e4ischen Regelungen abgestimmt hat; deswegen m\u00fcssen EU-B\u00fcrger, die mit ihren Heimtieren nach Kroatien einreisen, nur einige Grundbedingungen erf\u00fcllen. Die Heimtiere m\u00fcssen durch einen Mikrochip oder durch eine vor dem 3. Juli 2011 [&hellip;]\" \/>\n<meta property=\"og:url\" content=\"https:\/\/visitviskovo.hr\/de\/info\/tipps-informationen\/die-haustiere\/\" \/>\n<meta property=\"og:site_name\" content=\"Turisti\u010dka zajednica op\u0107ine Vi\u0161kovo\" \/>\n<meta property=\"article:publisher\" content=\"https:\/\/web.facebook.com\/VisitViskovo\" \/>\n<meta property=\"article:modified_time\" content=\"2024-04-19T13:11:30+00:00\" \/>\n<meta property=\"og:image\" content=\"https:\/\/visitviskovo.hr\/wp-content\/uploads\/2024\/04\/dog-8439530_1280.jpg\" \/>\n\t<meta property=\"og:image:width\" content=\"1280\" \/>\n\t<meta property=\"og:image:height\" content=\"854\" \/>\n\t<meta property=\"og:image:type\" content=\"image\/jpeg\" \/>\n<meta name=\"twitter:card\" content=\"summary_large_image\" \/>\n<meta name=\"twitter:label1\" content=\"Gesch\u00e4tzte Lesezeit\" \/>\n\t<meta name=\"twitter:data1\" content=\"2 Minuten\" \/>\n<script type=\"application\/ld+json\" class=\"yoast-schema-graph\">{\"@context\":\"https:\/\/schema.org\",\"@graph\":[{\"@type\":\"WebPage\",\"@id\":\"https:\/\/visitviskovo.hr\/de\/info\/tipps-informationen\/die-haustiere\/\",\"url\":\"https:\/\/visitviskovo.hr\/de\/info\/tipps-informationen\/die-haustiere\/\",\"name\":\"Die Haustiere - Turisti\u010dka zajednica op\u0107ine Vi\u0161kovo\",\"isPartOf\":{\"@id\":\"https:\/\/visitviskovo.hr\/it\/#website\"},\"primaryImageOfPage\":{\"@id\":\"https:\/\/visitviskovo.hr\/de\/info\/tipps-informationen\/die-haustiere\/#primaryimage\"},\"image\":{\"@id\":\"https:\/\/visitviskovo.hr\/de\/info\/tipps-informationen\/die-haustiere\/#primaryimage\"},\"thumbnailUrl\":\"https:\/\/visitviskovo.hr\/wp-content\/uploads\/2024\/04\/dog-8439530_1280.jpg\",\"datePublished\":\"2019-08-19T20:20:28+00:00\",\"dateModified\":\"2024-04-19T13:11:30+00:00\",\"breadcrumb\":{\"@id\":\"https:\/\/visitviskovo.hr\/de\/info\/tipps-informationen\/die-haustiere\/#breadcrumb\"},\"inLanguage\":\"de-DE\",\"potentialAction\":[{\"@type\":\"ReadAction\",\"target\":[\"https:\/\/visitviskovo.hr\/de\/info\/tipps-informationen\/die-haustiere\/\"]}]},{\"@type\":\"ImageObject\",\"inLanguage\":\"de-DE\",\"@id\":\"https:\/\/visitviskovo.hr\/de\/info\/tipps-informationen\/die-haustiere\/#primaryimage\",\"url\":\"https:\/\/visitviskovo.hr\/wp-content\/uploads\/2024\/04\/dog-8439530_1280.jpg\",\"contentUrl\":\"https:\/\/visitviskovo.hr\/wp-content\/uploads\/2024\/04\/dog-8439530_1280.jpg\",\"width\":1280,\"height\":854},{\"@type\":\"BreadcrumbList\",\"@id\":\"https:\/\/visitviskovo.hr\/de\/info\/tipps-informationen\/die-haustiere\/#breadcrumb\",\"itemListElement\":[{\"@type\":\"ListItem\",\"position\":1,\"name\":\"Home\",\"item\":\"https:\/\/visitviskovo.hr\/de\/\"},{\"@type\":\"ListItem\",\"position\":2,\"name\":\"Info\",\"item\":\"https:\/\/visitviskovo.hr\/de\/info\/\"},{\"@type\":\"ListItem\",\"position\":3,\"name\":\"Tipps &#038; Informationen\",\"item\":\"https:\/\/visitviskovo.hr\/de\/info\/tipps-informationen\/\"},{\"@type\":\"ListItem\",\"position\":4,\"name\":\"Die Haustiere\"}]},{\"@type\":\"WebSite\",\"@id\":\"https:\/\/visitviskovo.hr\/it\/#website\",\"url\":\"https:\/\/visitviskovo.hr\/it\/\",\"name\":\"Turisti\u010dka zajednica op\u0107ine Vi\u0161kovo\",\"description\":\"\",\"potentialAction\":[{\"@type\":\"SearchAction\",\"target\":{\"@type\":\"EntryPoint\",\"urlTemplate\":\"https:\/\/visitviskovo.hr\/it\/?s={search_term_string}\"},\"query-input\":\"required name=search_term_string\"}],\"inLanguage\":\"de-DE\"}]}<\/script>\n<!-- \/ Yoast SEO plugin. -->","yoast_head_json":{"title":"Die Haustiere - Turisti\u010dka zajednica op\u0107ine Vi\u0161kovo","robots":{"index":"index","follow":"follow","max-snippet":"max-snippet:-1","max-image-preview":"max-image-preview:large","max-video-preview":"max-video-preview:-1"},"canonical":"https:\/\/visitviskovo.hr\/de\/info\/tipps-informationen\/die-haustiere\/","og_locale":"de_DE","og_type":"article","og_title":"Die Haustiere - Turisti\u010dka zajednica op\u0107ine Vi\u0161kovo","og_description":"Sie k\u00f6nnen auch Ihrem Heimtier einen Urlaub in Kroatien g\u00f6nnen, doch dabei m\u00fcssen Sie bestimmte Vorschriften und Regeln beachten, die Kroatien mit den europ\u00e4ischen Regelungen abgestimmt hat; deswegen m\u00fcssen EU-B\u00fcrger, die mit ihren Heimtieren nach Kroatien einreisen, nur einige Grundbedingungen erf\u00fcllen. Die Heimtiere m\u00fcssen durch einen Mikrochip oder durch eine vor dem 3. Juli 2011 [&hellip;]","og_url":"https:\/\/visitviskovo.hr\/de\/info\/tipps-informationen\/die-haustiere\/","og_site_name":"Turisti\u010dka zajednica op\u0107ine Vi\u0161kovo","article_publisher":"https:\/\/web.facebook.com\/VisitViskovo","article_modified_time":"2024-04-19T13:11:30+00:00","og_image":[{"width":1280,"height":854,"url":"https:\/\/visitviskovo.hr\/wp-content\/uploads\/2024\/04\/dog-8439530_1280.jpg","type":"image\/jpeg"}],"twitter_card":"summary_large_image","twitter_misc":{"Gesch\u00e4tzte Lesezeit":"2 Minuten"},"schema":{"@context":"https:\/\/schema.org","@graph":[{"@type":"WebPage","@id":"https:\/\/visitviskovo.hr\/de\/info\/tipps-informationen\/die-haustiere\/","url":"https:\/\/visitviskovo.hr\/de\/info\/tipps-informationen\/die-haustiere\/","name":"Die Haustiere - Turisti\u010dka zajednica op\u0107ine Vi\u0161kovo","isPartOf":{"@id":"https:\/\/visitviskovo.hr\/it\/#website"},"primaryImageOfPage":{"@id":"https:\/\/visitviskovo.hr\/de\/info\/tipps-informationen\/die-haustiere\/#primaryimage"},"image":{"@id":"https:\/\/visitviskovo.hr\/de\/info\/tipps-informationen\/die-haustiere\/#primaryimage"},"thumbnailUrl":"https:\/\/visitviskovo.hr\/wp-content\/uploads\/2024\/04\/dog-8439530_1280.jpg","datePublished":"2019-08-19T20:20:28+00:00","dateModified":"2024-04-19T13:11:30+00:00","breadcrumb":{"@id":"https:\/\/visitviskovo.hr\/de\/info\/tipps-informationen\/die-haustiere\/#breadcrumb"},"inLanguage":"de-DE","potentialAction":[{"@type":"ReadAction","target":["https:\/\/visitviskovo.hr\/de\/info\/tipps-informationen\/die-haustiere\/"]}]},{"@type":"ImageObject","inLanguage":"de-DE","@id":"https:\/\/visitviskovo.hr\/de\/info\/tipps-informationen\/die-haustiere\/#primaryimage","url":"https:\/\/visitviskovo.hr\/wp-content\/uploads\/2024\/04\/dog-8439530_1280.jpg","contentUrl":"https:\/\/visitviskovo.hr\/wp-content\/uploads\/2024\/04\/dog-8439530_1280.jpg","width":1280,"height":854},{"@type":"BreadcrumbList","@id":"https:\/\/visitviskovo.hr\/de\/info\/tipps-informationen\/die-haustiere\/#breadcrumb","itemListElement":[{"@type":"ListItem","position":1,"name":"Home","item":"https:\/\/visitviskovo.hr\/de\/"},{"@type":"ListItem","position":2,"name":"Info","item":"https:\/\/visitviskovo.hr\/de\/info\/"},{"@type":"ListItem","position":3,"name":"Tipps &#038; Informationen","item":"https:\/\/visitviskovo.hr\/de\/info\/tipps-informationen\/"},{"@type":"ListItem","position":4,"name":"Die Haustiere"}]},{"@type":"WebSite","@id":"https:\/\/visitviskovo.hr\/it\/#website","url":"https:\/\/visitviskovo.hr\/it\/","name":"Turisti\u010dka zajednica op\u0107ine Vi\u0161kovo","description":"","potentialAction":[{"@type":"SearchAction","target":{"@type":"EntryPoint","urlTemplate":"https:\/\/visitviskovo.hr\/it\/?s={search_term_string}"},"query-input":"required name=search_term_string"}],"inLanguage":"de-DE"}]}},"_links":{"self":[{"href":"https:\/\/visitviskovo.hr\/de\/wp-json\/wp\/v2\/pages\/4003"}],"collection":[{"href":"https:\/\/visitviskovo.hr\/de\/wp-json\/wp\/v2\/pages"}],"about":[{"href":"https:\/\/visitviskovo.hr\/de\/wp-json\/wp\/v2\/types\/page"}],"author":[{"embeddable":true,"href":"https:\/\/visitviskovo.hr\/de\/wp-json\/wp\/v2\/users\/1"}],"replies":[{"embeddable":true,"href":"https:\/\/visitviskovo.hr\/de\/wp-json\/wp\/v2\/comments?post=4003"}],"version-history":[{"count":5,"href":"https:\/\/visitviskovo.hr\/de\/wp-json\/wp\/v2\/pages\/4003\/revisions"}],"predecessor-version":[{"id":21125,"href":"https:\/\/visitviskovo.hr\/de\/wp-json\/wp\/v2\/pages\/4003\/revisions\/21125"}],"up":[{"embeddable":true,"href":"https:\/\/visitviskovo.hr\/de\/wp-json\/wp\/v2\/pages\/3953"}],"wp:featuredmedia":[{"embeddable":true,"href":"https:\/\/visitviskovo.hr\/de\/wp-json\/wp\/v2\/media\/21111"}],"wp:attachment":[{"href":"https:\/\/visitviskovo.hr\/de\/wp-json\/wp\/v2\/media?parent=4003"}],"curies":[{"name":"wp","href":"https:\/\/api.w.org\/{rel}","templated":true}]}}