{"id":4201,"date":"2019-08-20T11:08:40","date_gmt":"2019-08-20T11:08:40","guid":{"rendered":"https:\/\/visitviskovo.hr\/?page_id=4201"},"modified":"2020-05-27T11:13:01","modified_gmt":"2020-05-27T11:13:01","slug":"die-gemeinde-viskovo-in-der-vergangenheit","status":"publish","type":"page","link":"https:\/\/visitviskovo.hr\/de\/entdecke-viskovo\/die-gemeinde-viskovo-in-der-vergangenheit\/","title":{"rendered":"Die Gemeinde Vi\u0161kovo in der Vergangenheit"},"content":{"rendered":"\n<p>Schriftliche Aufzeichnungen zur fr\u00fchen Geschichte dieses Gebiets, das heute die Gemeinde Vi\u0161kovo ist, gibt es nur sehr wenige. Die Ruinen illyrischer Festungen auf den H\u00fcgeln und die heute noch sichtbaren \u00dcberreste der Grenzmauer&nbsp;<em>Limes<\/em>&nbsp;im Wald Mari\u0161\u0107ina zeugen davon, dass dieses Gebiet bereits sehr fr\u00fch besiedelt wurde.<\/p>\n\n\n\n<p>Der n\u00f6rdliche, fl\u00e4chenm\u00e4\u00dfig gr\u00f6\u00dfte Teil der Gemeinde hei\u00dft Halubje und liegt auf durchschnittlich 400 m \u00fcber dem Meeresspiegel. Der Name stammt vom Wort&nbsp;<em>Halupa<\/em>, was in etwa Hirtenh\u00fctte bedeutet und an die \u00f6rtliche Tradition der Schafzucht erinnert. Bis zur Mitte des 19. Jahrhunderts war dies der wichtigste Wirtschaftszweig. Infolge des industriellen Aufschwungs und des steigenden Milchbedarfs in der Nachbarstadt Rijeka begannen die Bewohner von Halubje anstatt Schafen K\u00fche zu z\u00fcchten. Mangel an Ackerland und ung\u00fcnstige Klimabedingungen f\u00fcr den Anbau anspruchsvollerer Kulturpflanzen machten es erforderlich, dass jede Familie mehrere kleinere St\u00fcckchen Land bebaute, um sich genug Nahrungsmittel zu sichern. Angebaut wurden Kartoffeln, Bohnen, Kohl, R\u00fcben, Karotten, Erbsen, Mais und Weintrauben. M\u00e4nner brannten in den W\u00e4ldern Holzkohle und Frauen trugen diese zusammen mit der Milch der K\u00fche zum Verkauf nach Rijeka und Opatija.<\/p>\n\n\n\n<p>Der s\u00fcdliche Teil der Gemeinde Vi\u0161kovo, das Gebiet von Furi\u0107evo bis Marini\u0107i, nennt man Gornja Smokvarija. Dieser Name kommt vom kroatischen Wort f\u00fcr Feige (<em>Smokva<\/em>) und erinnert daran, dass dieses Gebiet, das etwa 100 m niedriger liegt als Halubje, g\u00fcnstigere Bedingungen f\u00fcr den Landbau und insbesondere f\u00fcr den Obstbau hatte. Dar\u00fcber hinaus konnten die Bewohner durch die N\u00e4he zu Rijeka in den st\u00e4dtischen Fabriken arbeiten.<\/p>\n\n\n\n<p>Vom Mittelalter bis zur Mitte des 20. Jahrhunderts geh\u00f6rte dieses Gebiet zur Kommune Kastav, die von den Feudalherren aus den Adelsfamilien Devin, Walsee und Habsburg beherrscht wurde. Das Verwaltungszentrum war Kastav. Jahrhundertelang war f\u00fcr die Bewohner dieses Gebiets das&nbsp;<em>Gesetz der Stadt Kastav aus dem Jahre 1400<\/em>&nbsp;ma\u00dfgebend. Es handelt sich dabei um eines der \u00e4ltesten Rechtsdokumente in kroatischer Sprache.<\/p>\n\n\n\n<p>Die Entwicklung dieses Gebiets ist eng mit dem Bau der Stra\u00dfe verbunden, die eine Verbindung zu Italien, \u00d6sterreich und anderen europ\u00e4ischen L\u00e4nder erm\u00f6glichte. Historische Aufzeichnungen aus dem 16. Jahrhundert geben dar\u00fcber Auskunft, dass die Stra\u00dfe, die Rijeka mit Ljubljana verband, durch das heutige Vi\u0161kovo verlief. Entlang dieser Stra\u00dfe wurden Gastst\u00e4tten, Schmieden und weitere wichtige Einrichtungen er\u00f6ffnet.<\/p>\n\n\n\n<p>Historikern zufolge ist Vi\u0161kovo im 18. Jahrhundert auf dem H\u00fcgel mit dem Namen Vi\u0161kov Breg entstanden. Dies war auch der erste Name der Ortschaft. Bald wurde auf dem H\u00fcgel auch eine kleine Kapelle zu Ehren des Hl. Matthias erbaut und die Ortschaft wurde dementsprechend in Sveti Matej umbenannt. Diesen Namen findet man zum ersten Mal auf einer \u00f6sterreichischen Karte aus der Zeit zwischen 1763 und 1784. Im Jahr 1862 wurde die Kapelle durch eine gr\u00f6\u00dfere Kirche ersetzt und 1865 demselben Heiligen geweiht.<\/p>\n\n\n\n<p>In einem Artikel aus der Zeitung&nbsp;<em>Nova Sloga<\/em>&nbsp;aus dem Jahr 1892 wird der Ort Sveti Matej folgenderma\u00dfen beschrieben:<\/p>\n\n\n\n<p><em>\u201eSveti Matej ist eine kleine, aber liebenswerte Ortschaft auf einem kleinen H\u00fcgel und vor Ort als Vi\u0161kov Breg bekannt. Ich m\u00f6chte sie nicht zu sehr loben, aber man muss zugeben, dass dies eines der sch\u00f6nsten D\u00f6rfer im Gebiet von Kastav ist. Hier gibt es sch\u00f6ne, gro\u00dfz\u00fcgige H\u00e4user ebenso wie die beeindruckende Kirche des Hl. Matthias und das Schulgeb\u00e4ude. Letzteres befindet sich in der sch\u00f6nsten Lage im Ort.\u201c<\/em><\/p>\n\n\n\n<p>Die gleiche Zeitung gibt im 18. Jahrhundert in der Zeit Maria Theresias \u00fcber Vi\u0161kovo folgende Auskunft:<\/p>\n\n\n\n<p><em>\u201eIm Zentrum des Dorfes ist ein Brunnen mit einem kaiserlichen Wappen. Gebaut wurde der Brunnen im Auftrag der Kaiserin Maria Theresia, damit die Soldaten, die diese Gegend passierten, frisches Wasser zur Hand haben. Die Brunneneinfassung ist aus Schmiedeeisen gefertigt und mit einer Rolle zum Hochziehen des Wasserk\u00fcbels versehen. Der Brunnen befindet sich in einem Bezirk, der zusammen mit dem Schulgeb\u00e4ude nun zur Gemeinde geh\u00f6rt. Gleich neben dem Dorf ist ein sch\u00f6ner, im letzten Jahr erweiterter, ger\u00e4umiger Friedhof mit der Rochuskirche.\u201c<\/em><\/p>\n","protected":false},"excerpt":{"rendered":"<p>Schriftliche Aufzeichnungen zur fr\u00fchen Geschichte dieses Gebiets, das heute die Gemeinde Vi\u0161kovo ist, gibt es nur sehr wenige. Die Ruinen illyrischer Festungen auf den H\u00fcgeln und die heute noch sichtbaren \u00dcberreste der Grenzmauer&nbsp;Limes&nbsp;im Wald Mari\u0161\u0107ina zeugen davon, dass dieses Gebiet bereits sehr fr\u00fch besiedelt wurde. Der n\u00f6rdliche, fl\u00e4chenm\u00e4\u00dfig gr\u00f6\u00dfte Teil der Gemeinde hei\u00dft Halubje und [&hellip;]<\/p>\n","protected":false},"author":1,"featured_media":10314,"parent":4198,"menu_order":0,"comment_status":"closed","ping_status":"closed","template":"","meta":{"_acf_changed":false,"footnotes":""},"acf":[],"yoast_head":"<!-- This site is optimized with the Yoast SEO plugin v22.7 - https:\/\/yoast.com\/wordpress\/plugins\/seo\/ -->\n<title>Die Gemeinde Vi\u0161kovo in der Vergangenheit - Turisti\u010dka zajednica op\u0107ine Vi\u0161kovo<\/title>\n<meta name=\"robots\" content=\"index, follow, max-snippet:-1, max-image-preview:large, max-video-preview:-1\" \/>\n<link rel=\"canonical\" href=\"https:\/\/visitviskovo.hr\/de\/entdecke-viskovo\/die-gemeinde-viskovo-in-der-vergangenheit\/\" \/>\n<meta property=\"og:locale\" content=\"de_DE\" \/>\n<meta property=\"og:type\" content=\"article\" \/>\n<meta property=\"og:title\" content=\"Die Gemeinde Vi\u0161kovo in der Vergangenheit - Turisti\u010dka zajednica op\u0107ine Vi\u0161kovo\" \/>\n<meta property=\"og:description\" content=\"Schriftliche Aufzeichnungen zur fr\u00fchen Geschichte dieses Gebiets, das heute die Gemeinde Vi\u0161kovo ist, gibt es nur sehr wenige. Die Ruinen illyrischer Festungen auf den H\u00fcgeln und die heute noch sichtbaren \u00dcberreste der Grenzmauer&nbsp;Limes&nbsp;im Wald Mari\u0161\u0107ina zeugen davon, dass dieses Gebiet bereits sehr fr\u00fch besiedelt wurde. Der n\u00f6rdliche, fl\u00e4chenm\u00e4\u00dfig gr\u00f6\u00dfte Teil der Gemeinde hei\u00dft Halubje und [&hellip;]\" \/>\n<meta property=\"og:url\" content=\"https:\/\/visitviskovo.hr\/de\/entdecke-viskovo\/die-gemeinde-viskovo-in-der-vergangenheit\/\" \/>\n<meta property=\"og:site_name\" content=\"Turisti\u010dka zajednica op\u0107ine Vi\u0161kovo\" \/>\n<meta property=\"article:publisher\" content=\"https:\/\/web.facebook.com\/VisitViskovo\" \/>\n<meta property=\"article:modified_time\" content=\"2020-05-27T11:13:01+00:00\" \/>\n<meta property=\"og:image\" content=\"https:\/\/visitviskovo.hr\/wp-content\/uploads\/2019\/12\/Stara-kartolina-Vi\u0161kovo-10x15-1280x859.jpg\" \/>\n\t<meta property=\"og:image:width\" content=\"1280\" \/>\n\t<meta property=\"og:image:height\" content=\"859\" \/>\n\t<meta property=\"og:image:type\" content=\"image\/jpeg\" \/>\n<meta name=\"twitter:card\" content=\"summary_large_image\" \/>\n<meta name=\"twitter:label1\" content=\"Gesch\u00e4tzte Lesezeit\" \/>\n\t<meta name=\"twitter:data1\" content=\"3 Minuten\" \/>\n<script type=\"application\/ld+json\" class=\"yoast-schema-graph\">{\"@context\":\"https:\/\/schema.org\",\"@graph\":[{\"@type\":\"WebPage\",\"@id\":\"https:\/\/visitviskovo.hr\/de\/entdecke-viskovo\/die-gemeinde-viskovo-in-der-vergangenheit\/\",\"url\":\"https:\/\/visitviskovo.hr\/de\/entdecke-viskovo\/die-gemeinde-viskovo-in-der-vergangenheit\/\",\"name\":\"Die Gemeinde Vi\u0161kovo in der Vergangenheit - Turisti\u010dka zajednica op\u0107ine Vi\u0161kovo\",\"isPartOf\":{\"@id\":\"https:\/\/visitviskovo.hr\/it\/#website\"},\"primaryImageOfPage\":{\"@id\":\"https:\/\/visitviskovo.hr\/de\/entdecke-viskovo\/die-gemeinde-viskovo-in-der-vergangenheit\/#primaryimage\"},\"image\":{\"@id\":\"https:\/\/visitviskovo.hr\/de\/entdecke-viskovo\/die-gemeinde-viskovo-in-der-vergangenheit\/#primaryimage\"},\"thumbnailUrl\":\"https:\/\/visitviskovo.hr\/wp-content\/uploads\/2019\/12\/Stara-kartolina-Vi\u0161kovo-10x15.jpg\",\"datePublished\":\"2019-08-20T11:08:40+00:00\",\"dateModified\":\"2020-05-27T11:13:01+00:00\",\"breadcrumb\":{\"@id\":\"https:\/\/visitviskovo.hr\/de\/entdecke-viskovo\/die-gemeinde-viskovo-in-der-vergangenheit\/#breadcrumb\"},\"inLanguage\":\"de-DE\",\"potentialAction\":[{\"@type\":\"ReadAction\",\"target\":[\"https:\/\/visitviskovo.hr\/de\/entdecke-viskovo\/die-gemeinde-viskovo-in-der-vergangenheit\/\"]}]},{\"@type\":\"ImageObject\",\"inLanguage\":\"de-DE\",\"@id\":\"https:\/\/visitviskovo.hr\/de\/entdecke-viskovo\/die-gemeinde-viskovo-in-der-vergangenheit\/#primaryimage\",\"url\":\"https:\/\/visitviskovo.hr\/wp-content\/uploads\/2019\/12\/Stara-kartolina-Vi\u0161kovo-10x15.jpg\",\"contentUrl\":\"https:\/\/visitviskovo.hr\/wp-content\/uploads\/2019\/12\/Stara-kartolina-Vi\u0161kovo-10x15.jpg\",\"width\":1795,\"height\":1205,\"caption\":\"Stara razglednica Vi\u0161kova\"},{\"@type\":\"BreadcrumbList\",\"@id\":\"https:\/\/visitviskovo.hr\/de\/entdecke-viskovo\/die-gemeinde-viskovo-in-der-vergangenheit\/#breadcrumb\",\"itemListElement\":[{\"@type\":\"ListItem\",\"position\":1,\"name\":\"Home\",\"item\":\"https:\/\/visitviskovo.hr\/de\/\"},{\"@type\":\"ListItem\",\"position\":2,\"name\":\"Entdecke Vi\u0161kovo\",\"item\":\"https:\/\/visitviskovo.hr\/de\/entdecke-viskovo\/\"},{\"@type\":\"ListItem\",\"position\":3,\"name\":\"Die Gemeinde Vi\u0161kovo in der Vergangenheit\"}]},{\"@type\":\"WebSite\",\"@id\":\"https:\/\/visitviskovo.hr\/it\/#website\",\"url\":\"https:\/\/visitviskovo.hr\/it\/\",\"name\":\"Turisti\u010dka zajednica op\u0107ine Vi\u0161kovo\",\"description\":\"\",\"potentialAction\":[{\"@type\":\"SearchAction\",\"target\":{\"@type\":\"EntryPoint\",\"urlTemplate\":\"https:\/\/visitviskovo.hr\/it\/?s={search_term_string}\"},\"query-input\":\"required name=search_term_string\"}],\"inLanguage\":\"de-DE\"}]}<\/script>\n<!-- \/ Yoast SEO plugin. -->","yoast_head_json":{"title":"Die Gemeinde Vi\u0161kovo in der Vergangenheit - Turisti\u010dka zajednica op\u0107ine Vi\u0161kovo","robots":{"index":"index","follow":"follow","max-snippet":"max-snippet:-1","max-image-preview":"max-image-preview:large","max-video-preview":"max-video-preview:-1"},"canonical":"https:\/\/visitviskovo.hr\/de\/entdecke-viskovo\/die-gemeinde-viskovo-in-der-vergangenheit\/","og_locale":"de_DE","og_type":"article","og_title":"Die Gemeinde Vi\u0161kovo in der Vergangenheit - Turisti\u010dka zajednica op\u0107ine Vi\u0161kovo","og_description":"Schriftliche Aufzeichnungen zur fr\u00fchen Geschichte dieses Gebiets, das heute die Gemeinde Vi\u0161kovo ist, gibt es nur sehr wenige. Die Ruinen illyrischer Festungen auf den H\u00fcgeln und die heute noch sichtbaren \u00dcberreste der Grenzmauer&nbsp;Limes&nbsp;im Wald Mari\u0161\u0107ina zeugen davon, dass dieses Gebiet bereits sehr fr\u00fch besiedelt wurde. Der n\u00f6rdliche, fl\u00e4chenm\u00e4\u00dfig gr\u00f6\u00dfte Teil der Gemeinde hei\u00dft Halubje und [&hellip;]","og_url":"https:\/\/visitviskovo.hr\/de\/entdecke-viskovo\/die-gemeinde-viskovo-in-der-vergangenheit\/","og_site_name":"Turisti\u010dka zajednica op\u0107ine Vi\u0161kovo","article_publisher":"https:\/\/web.facebook.com\/VisitViskovo","article_modified_time":"2020-05-27T11:13:01+00:00","og_image":[{"width":1280,"height":859,"url":"https:\/\/visitviskovo.hr\/wp-content\/uploads\/2019\/12\/Stara-kartolina-Vi\u0161kovo-10x15-1280x859.jpg","type":"image\/jpeg"}],"twitter_card":"summary_large_image","twitter_misc":{"Gesch\u00e4tzte Lesezeit":"3 Minuten"},"schema":{"@context":"https:\/\/schema.org","@graph":[{"@type":"WebPage","@id":"https:\/\/visitviskovo.hr\/de\/entdecke-viskovo\/die-gemeinde-viskovo-in-der-vergangenheit\/","url":"https:\/\/visitviskovo.hr\/de\/entdecke-viskovo\/die-gemeinde-viskovo-in-der-vergangenheit\/","name":"Die Gemeinde Vi\u0161kovo in der Vergangenheit - Turisti\u010dka zajednica op\u0107ine Vi\u0161kovo","isPartOf":{"@id":"https:\/\/visitviskovo.hr\/it\/#website"},"primaryImageOfPage":{"@id":"https:\/\/visitviskovo.hr\/de\/entdecke-viskovo\/die-gemeinde-viskovo-in-der-vergangenheit\/#primaryimage"},"image":{"@id":"https:\/\/visitviskovo.hr\/de\/entdecke-viskovo\/die-gemeinde-viskovo-in-der-vergangenheit\/#primaryimage"},"thumbnailUrl":"https:\/\/visitviskovo.hr\/wp-content\/uploads\/2019\/12\/Stara-kartolina-Vi\u0161kovo-10x15.jpg","datePublished":"2019-08-20T11:08:40+00:00","dateModified":"2020-05-27T11:13:01+00:00","breadcrumb":{"@id":"https:\/\/visitviskovo.hr\/de\/entdecke-viskovo\/die-gemeinde-viskovo-in-der-vergangenheit\/#breadcrumb"},"inLanguage":"de-DE","potentialAction":[{"@type":"ReadAction","target":["https:\/\/visitviskovo.hr\/de\/entdecke-viskovo\/die-gemeinde-viskovo-in-der-vergangenheit\/"]}]},{"@type":"ImageObject","inLanguage":"de-DE","@id":"https:\/\/visitviskovo.hr\/de\/entdecke-viskovo\/die-gemeinde-viskovo-in-der-vergangenheit\/#primaryimage","url":"https:\/\/visitviskovo.hr\/wp-content\/uploads\/2019\/12\/Stara-kartolina-Vi\u0161kovo-10x15.jpg","contentUrl":"https:\/\/visitviskovo.hr\/wp-content\/uploads\/2019\/12\/Stara-kartolina-Vi\u0161kovo-10x15.jpg","width":1795,"height":1205,"caption":"Stara razglednica Vi\u0161kova"},{"@type":"BreadcrumbList","@id":"https:\/\/visitviskovo.hr\/de\/entdecke-viskovo\/die-gemeinde-viskovo-in-der-vergangenheit\/#breadcrumb","itemListElement":[{"@type":"ListItem","position":1,"name":"Home","item":"https:\/\/visitviskovo.hr\/de\/"},{"@type":"ListItem","position":2,"name":"Entdecke Vi\u0161kovo","item":"https:\/\/visitviskovo.hr\/de\/entdecke-viskovo\/"},{"@type":"ListItem","position":3,"name":"Die Gemeinde Vi\u0161kovo in der Vergangenheit"}]},{"@type":"WebSite","@id":"https:\/\/visitviskovo.hr\/it\/#website","url":"https:\/\/visitviskovo.hr\/it\/","name":"Turisti\u010dka zajednica op\u0107ine Vi\u0161kovo","description":"","potentialAction":[{"@type":"SearchAction","target":{"@type":"EntryPoint","urlTemplate":"https:\/\/visitviskovo.hr\/it\/?s={search_term_string}"},"query-input":"required name=search_term_string"}],"inLanguage":"de-DE"}]}},"_links":{"self":[{"href":"https:\/\/visitviskovo.hr\/de\/wp-json\/wp\/v2\/pages\/4201"}],"collection":[{"href":"https:\/\/visitviskovo.hr\/de\/wp-json\/wp\/v2\/pages"}],"about":[{"href":"https:\/\/visitviskovo.hr\/de\/wp-json\/wp\/v2\/types\/page"}],"author":[{"embeddable":true,"href":"https:\/\/visitviskovo.hr\/de\/wp-json\/wp\/v2\/users\/1"}],"replies":[{"embeddable":true,"href":"https:\/\/visitviskovo.hr\/de\/wp-json\/wp\/v2\/comments?post=4201"}],"version-history":[{"count":5,"href":"https:\/\/visitviskovo.hr\/de\/wp-json\/wp\/v2\/pages\/4201\/revisions"}],"predecessor-version":[{"id":14096,"href":"https:\/\/visitviskovo.hr\/de\/wp-json\/wp\/v2\/pages\/4201\/revisions\/14096"}],"up":[{"embeddable":true,"href":"https:\/\/visitviskovo.hr\/de\/wp-json\/wp\/v2\/pages\/4198"}],"wp:featuredmedia":[{"embeddable":true,"href":"https:\/\/visitviskovo.hr\/de\/wp-json\/wp\/v2\/media\/10314"}],"wp:attachment":[{"href":"https:\/\/visitviskovo.hr\/de\/wp-json\/wp\/v2\/media?parent=4201"}],"curies":[{"name":"wp","href":"https:\/\/api.w.org\/{rel}","templated":true}]}}