{"id":4205,"date":"2019-08-20T11:10:33","date_gmt":"2019-08-20T11:10:33","guid":{"rendered":"https:\/\/visitviskovo.hr\/?page_id=4205"},"modified":"2020-09-24T12:18:53","modified_gmt":"2020-09-24T12:18:53","slug":"der-karneval-von-halubje","status":"publish","type":"page","link":"https:\/\/visitviskovo.hr\/de\/entdecke-viskovo\/der-karneval-von-halubje\/","title":{"rendered":"Der Karneval von Halubje"},"content":{"rendered":"\n<p>Der Karneval spiegelt die traditionellen Br\u00e4uche und den universellen Wunsch des Menschen wider, dass der Fr\u00fchling den Winter und das Gute das B\u00f6se besiegt. Heutzutage wird das Karnevalsangebot in Halubje um Sport- und Unterhaltungsaktivit\u00e4ten erweitert, die alle zur Veranstaltungsreihe \u201eDer Karneval von Halubje\u201c geh\u00f6ren.<\/p>\n\n\n\n<p>Der Karneval von Halubje ist eine bunte und fr\u00f6hliche Veranstaltung, die jedes Jahr am ersten Samstag nach dem Antoniustag (17. Januar) den Ort mit Leben erf\u00fcllt.<\/p>\n\n\n\n<p>Die Stra\u00dfen sind dann voll bunter, kreativer Masken und traditioneller Kost\u00fcme, die von Jung und Alt getragen werden und an den Geist vergangener Zeiten erinnern. Im ganzen Ort ert\u00f6nen Gesang, Tanz und das laute Klingeln der Glocken. Am Ende des Umzugs erscheinen traditionell die ber\u00fchmten Glockentr\u00e4ger <em>Halubajski zvon\u010dari<\/em>.<\/p>\n\n\n\n<p>An diesem unvergesslichen Samstag wird Vi\u0161kovo zum Treffpunkt von Karnevalsgruppen aus Kroatien und dem Ausland und l\u00e4dt alle Besucher zum Tanzen und Mitmachen bis in die fr\u00fchen Morgenstunden ein!<\/p>\n\n\n\n<p>In unserer <a href=\"https:\/\/visitviskovo.hr\/photogallery\/21-halubajski-karneval-nocni-karneval\/\">Fotogalerie<\/a> k\u00f6nnen Sie einen Teil der Karnevalsatmosph\u00e4re miterleben.<\/p>\n","protected":false},"excerpt":{"rendered":"<p>Der Karneval spiegelt die traditionellen Br\u00e4uche und den universellen Wunsch des Menschen wider, dass der Fr\u00fchling den Winter und das Gute das B\u00f6se besiegt. Heutzutage wird das Karnevalsangebot in Halubje um Sport- und Unterhaltungsaktivit\u00e4ten erweitert, die alle zur Veranstaltungsreihe \u201eDer Karneval von Halubje\u201c geh\u00f6ren. Der Karneval von Halubje ist eine bunte und fr\u00f6hliche Veranstaltung, die [&hellip;]<\/p>\n","protected":false},"author":1,"featured_media":10455,"parent":4198,"menu_order":0,"comment_status":"closed","ping_status":"closed","template":"","meta":{"_acf_changed":false,"footnotes":""},"acf":[],"yoast_head":"<!-- This site is optimized with the Yoast SEO plugin v22.7 - https:\/\/yoast.com\/wordpress\/plugins\/seo\/ -->\n<title>Der Karneval von Halubje - Turisti\u010dka zajednica op\u0107ine Vi\u0161kovo<\/title>\n<meta name=\"robots\" content=\"index, follow, max-snippet:-1, max-image-preview:large, max-video-preview:-1\" \/>\n<link rel=\"canonical\" href=\"https:\/\/visitviskovo.hr\/de\/entdecke-viskovo\/der-karneval-von-halubje\/\" \/>\n<meta property=\"og:locale\" content=\"de_DE\" \/>\n<meta property=\"og:type\" content=\"article\" \/>\n<meta property=\"og:title\" content=\"Der Karneval von Halubje - Turisti\u010dka zajednica op\u0107ine Vi\u0161kovo\" \/>\n<meta property=\"og:description\" content=\"Der Karneval spiegelt die traditionellen Br\u00e4uche und den universellen Wunsch des Menschen wider, dass der Fr\u00fchling den Winter und das Gute das B\u00f6se besiegt. Heutzutage wird das Karnevalsangebot in Halubje um Sport- und Unterhaltungsaktivit\u00e4ten erweitert, die alle zur Veranstaltungsreihe \u201eDer Karneval von Halubje\u201c geh\u00f6ren. Der Karneval von Halubje ist eine bunte und fr\u00f6hliche Veranstaltung, die [&hellip;]\" \/>\n<meta property=\"og:url\" content=\"https:\/\/visitviskovo.hr\/de\/entdecke-viskovo\/der-karneval-von-halubje\/\" \/>\n<meta property=\"og:site_name\" content=\"Turisti\u010dka zajednica op\u0107ine Vi\u0161kovo\" \/>\n<meta property=\"article:publisher\" content=\"https:\/\/web.facebook.com\/VisitViskovo\" \/>\n<meta property=\"article:modified_time\" content=\"2020-09-24T12:18:53+00:00\" \/>\n<meta property=\"og:image\" content=\"https:\/\/visitviskovo.hr\/wp-content\/uploads\/2019\/12\/377.jpg\" \/>\n\t<meta property=\"og:image:width\" content=\"2000\" \/>\n\t<meta property=\"og:image:height\" content=\"1333\" \/>\n\t<meta property=\"og:image:type\" content=\"image\/jpeg\" \/>\n<meta name=\"twitter:card\" content=\"summary_large_image\" \/>\n<meta name=\"twitter:label1\" content=\"Gesch\u00e4tzte Lesezeit\" \/>\n\t<meta name=\"twitter:data1\" content=\"1 Minute\" \/>\n<script type=\"application\/ld+json\" class=\"yoast-schema-graph\">{\"@context\":\"https:\/\/schema.org\",\"@graph\":[{\"@type\":\"WebPage\",\"@id\":\"https:\/\/visitviskovo.hr\/de\/entdecke-viskovo\/der-karneval-von-halubje\/\",\"url\":\"https:\/\/visitviskovo.hr\/de\/entdecke-viskovo\/der-karneval-von-halubje\/\",\"name\":\"Der Karneval von Halubje - Turisti\u010dka zajednica op\u0107ine Vi\u0161kovo\",\"isPartOf\":{\"@id\":\"https:\/\/visitviskovo.hr\/it\/#website\"},\"primaryImageOfPage\":{\"@id\":\"https:\/\/visitviskovo.hr\/de\/entdecke-viskovo\/der-karneval-von-halubje\/#primaryimage\"},\"image\":{\"@id\":\"https:\/\/visitviskovo.hr\/de\/entdecke-viskovo\/der-karneval-von-halubje\/#primaryimage\"},\"thumbnailUrl\":\"https:\/\/visitviskovo.hr\/wp-content\/uploads\/2019\/12\/377.jpg\",\"datePublished\":\"2019-08-20T11:10:33+00:00\",\"dateModified\":\"2020-09-24T12:18:53+00:00\",\"breadcrumb\":{\"@id\":\"https:\/\/visitviskovo.hr\/de\/entdecke-viskovo\/der-karneval-von-halubje\/#breadcrumb\"},\"inLanguage\":\"de-DE\",\"potentialAction\":[{\"@type\":\"ReadAction\",\"target\":[\"https:\/\/visitviskovo.hr\/de\/entdecke-viskovo\/der-karneval-von-halubje\/\"]}]},{\"@type\":\"ImageObject\",\"inLanguage\":\"de-DE\",\"@id\":\"https:\/\/visitviskovo.hr\/de\/entdecke-viskovo\/der-karneval-von-halubje\/#primaryimage\",\"url\":\"https:\/\/visitviskovo.hr\/wp-content\/uploads\/2019\/12\/377.jpg\",\"contentUrl\":\"https:\/\/visitviskovo.hr\/wp-content\/uploads\/2019\/12\/377.jpg\",\"width\":2000,\"height\":1333},{\"@type\":\"BreadcrumbList\",\"@id\":\"https:\/\/visitviskovo.hr\/de\/entdecke-viskovo\/der-karneval-von-halubje\/#breadcrumb\",\"itemListElement\":[{\"@type\":\"ListItem\",\"position\":1,\"name\":\"Home\",\"item\":\"https:\/\/visitviskovo.hr\/de\/\"},{\"@type\":\"ListItem\",\"position\":2,\"name\":\"Entdecke Vi\u0161kovo\",\"item\":\"https:\/\/visitviskovo.hr\/de\/entdecke-viskovo\/\"},{\"@type\":\"ListItem\",\"position\":3,\"name\":\"Der Karneval von Halubje\"}]},{\"@type\":\"WebSite\",\"@id\":\"https:\/\/visitviskovo.hr\/it\/#website\",\"url\":\"https:\/\/visitviskovo.hr\/it\/\",\"name\":\"Turisti\u010dka zajednica op\u0107ine Vi\u0161kovo\",\"description\":\"\",\"potentialAction\":[{\"@type\":\"SearchAction\",\"target\":{\"@type\":\"EntryPoint\",\"urlTemplate\":\"https:\/\/visitviskovo.hr\/it\/?s={search_term_string}\"},\"query-input\":\"required name=search_term_string\"}],\"inLanguage\":\"de-DE\"}]}<\/script>\n<!-- \/ Yoast SEO plugin. -->","yoast_head_json":{"title":"Der Karneval von Halubje - Turisti\u010dka zajednica op\u0107ine Vi\u0161kovo","robots":{"index":"index","follow":"follow","max-snippet":"max-snippet:-1","max-image-preview":"max-image-preview:large","max-video-preview":"max-video-preview:-1"},"canonical":"https:\/\/visitviskovo.hr\/de\/entdecke-viskovo\/der-karneval-von-halubje\/","og_locale":"de_DE","og_type":"article","og_title":"Der Karneval von Halubje - Turisti\u010dka zajednica op\u0107ine Vi\u0161kovo","og_description":"Der Karneval spiegelt die traditionellen Br\u00e4uche und den universellen Wunsch des Menschen wider, dass der Fr\u00fchling den Winter und das Gute das B\u00f6se besiegt. Heutzutage wird das Karnevalsangebot in Halubje um Sport- und Unterhaltungsaktivit\u00e4ten erweitert, die alle zur Veranstaltungsreihe \u201eDer Karneval von Halubje\u201c geh\u00f6ren. Der Karneval von Halubje ist eine bunte und fr\u00f6hliche Veranstaltung, die [&hellip;]","og_url":"https:\/\/visitviskovo.hr\/de\/entdecke-viskovo\/der-karneval-von-halubje\/","og_site_name":"Turisti\u010dka zajednica op\u0107ine Vi\u0161kovo","article_publisher":"https:\/\/web.facebook.com\/VisitViskovo","article_modified_time":"2020-09-24T12:18:53+00:00","og_image":[{"width":2000,"height":1333,"url":"https:\/\/visitviskovo.hr\/wp-content\/uploads\/2019\/12\/377.jpg","type":"image\/jpeg"}],"twitter_card":"summary_large_image","twitter_misc":{"Gesch\u00e4tzte Lesezeit":"1 Minute"},"schema":{"@context":"https:\/\/schema.org","@graph":[{"@type":"WebPage","@id":"https:\/\/visitviskovo.hr\/de\/entdecke-viskovo\/der-karneval-von-halubje\/","url":"https:\/\/visitviskovo.hr\/de\/entdecke-viskovo\/der-karneval-von-halubje\/","name":"Der Karneval von Halubje - Turisti\u010dka zajednica op\u0107ine Vi\u0161kovo","isPartOf":{"@id":"https:\/\/visitviskovo.hr\/it\/#website"},"primaryImageOfPage":{"@id":"https:\/\/visitviskovo.hr\/de\/entdecke-viskovo\/der-karneval-von-halubje\/#primaryimage"},"image":{"@id":"https:\/\/visitviskovo.hr\/de\/entdecke-viskovo\/der-karneval-von-halubje\/#primaryimage"},"thumbnailUrl":"https:\/\/visitviskovo.hr\/wp-content\/uploads\/2019\/12\/377.jpg","datePublished":"2019-08-20T11:10:33+00:00","dateModified":"2020-09-24T12:18:53+00:00","breadcrumb":{"@id":"https:\/\/visitviskovo.hr\/de\/entdecke-viskovo\/der-karneval-von-halubje\/#breadcrumb"},"inLanguage":"de-DE","potentialAction":[{"@type":"ReadAction","target":["https:\/\/visitviskovo.hr\/de\/entdecke-viskovo\/der-karneval-von-halubje\/"]}]},{"@type":"ImageObject","inLanguage":"de-DE","@id":"https:\/\/visitviskovo.hr\/de\/entdecke-viskovo\/der-karneval-von-halubje\/#primaryimage","url":"https:\/\/visitviskovo.hr\/wp-content\/uploads\/2019\/12\/377.jpg","contentUrl":"https:\/\/visitviskovo.hr\/wp-content\/uploads\/2019\/12\/377.jpg","width":2000,"height":1333},{"@type":"BreadcrumbList","@id":"https:\/\/visitviskovo.hr\/de\/entdecke-viskovo\/der-karneval-von-halubje\/#breadcrumb","itemListElement":[{"@type":"ListItem","position":1,"name":"Home","item":"https:\/\/visitviskovo.hr\/de\/"},{"@type":"ListItem","position":2,"name":"Entdecke Vi\u0161kovo","item":"https:\/\/visitviskovo.hr\/de\/entdecke-viskovo\/"},{"@type":"ListItem","position":3,"name":"Der Karneval von Halubje"}]},{"@type":"WebSite","@id":"https:\/\/visitviskovo.hr\/it\/#website","url":"https:\/\/visitviskovo.hr\/it\/","name":"Turisti\u010dka zajednica op\u0107ine Vi\u0161kovo","description":"","potentialAction":[{"@type":"SearchAction","target":{"@type":"EntryPoint","urlTemplate":"https:\/\/visitviskovo.hr\/it\/?s={search_term_string}"},"query-input":"required name=search_term_string"}],"inLanguage":"de-DE"}]}},"_links":{"self":[{"href":"https:\/\/visitviskovo.hr\/de\/wp-json\/wp\/v2\/pages\/4205"}],"collection":[{"href":"https:\/\/visitviskovo.hr\/de\/wp-json\/wp\/v2\/pages"}],"about":[{"href":"https:\/\/visitviskovo.hr\/de\/wp-json\/wp\/v2\/types\/page"}],"author":[{"embeddable":true,"href":"https:\/\/visitviskovo.hr\/de\/wp-json\/wp\/v2\/users\/1"}],"replies":[{"embeddable":true,"href":"https:\/\/visitviskovo.hr\/de\/wp-json\/wp\/v2\/comments?post=4205"}],"version-history":[{"count":3,"href":"https:\/\/visitviskovo.hr\/de\/wp-json\/wp\/v2\/pages\/4205\/revisions"}],"predecessor-version":[{"id":15094,"href":"https:\/\/visitviskovo.hr\/de\/wp-json\/wp\/v2\/pages\/4205\/revisions\/15094"}],"up":[{"embeddable":true,"href":"https:\/\/visitviskovo.hr\/de\/wp-json\/wp\/v2\/pages\/4198"}],"wp:featuredmedia":[{"embeddable":true,"href":"https:\/\/visitviskovo.hr\/de\/wp-json\/wp\/v2\/media\/10455"}],"wp:attachment":[{"href":"https:\/\/visitviskovo.hr\/de\/wp-json\/wp\/v2\/media?parent=4205"}],"curies":[{"name":"wp","href":"https:\/\/api.w.org\/{rel}","templated":true}]}}