{"id":4214,"date":"2019-08-20T11:13:50","date_gmt":"2019-08-20T11:13:50","guid":{"rendered":"https:\/\/visitviskovo.hr\/?page_id=4214"},"modified":"2020-09-24T10:17:02","modified_gmt":"2020-09-24T10:17:02","slug":"der-festumzug-der-jaehrlichen-karneval-glockenlaeuter-aus-der-kastav-gegend","status":"publish","type":"page","link":"https:\/\/visitviskovo.hr\/de\/entdecke-viskovo\/unesco\/der-festumzug-der-jaehrlichen-karneval-glockenlaeuter-aus-der-kastav-gegend\/","title":{"rendered":"Der Festumzug der J\u00e4hrlichen Karneval Glockenl\u00e4uter aus der Kastav Gegend"},"content":{"rendered":"\n<p>W\u00e4hrend der Karnevalszeit (zwischen dem 17. Januar und Aschermittwoch) marschieren etwa zehn Gruppen von M\u00e4nnern in Umz\u00fcgen in der Kastav Gegend durch eigene und nachbarschaftliche D\u00f6rfer, \u00fcber traditionelle Wege, mehrere Kilometer weit. Einige tragen Masken und andere tragen verschiedene Kopfbedeckungen, die die Vegetation und Fruchtbarkeit darstellen. Sie haben alle Schaffelle umgeh\u00e4ngt und l\u00e4uten dabei Glocken, nach denen sie benannt werden. <\/p>\n\n\n\n<p>Ihr traditioneller Umzug dauert drei Tage und findet immer am Karnevalssonntag, Rosenmontag und Faschingsdienstag statt. Obwohl dieser Umzug auf uralten Ritualen basiert, mit denen der Fr\u00fchling und das neue Leben herbeigerufen und der Winter bzw. das B\u00f6se vertrieben werden sollen, wird er in den D\u00f6rfern im Gebiet von Kastav auch heute noch als wichtiger Bestandteil des Lebens betrachtet, der auch mit lokaler K\u00fcche, Kunsthandwerk und Tanz verbunden ist. <\/p>\n\n\n\n<p>Diese W\u00e4chter der Folkloretradition und Identit\u00e4t der Gebiete von Halubje und Kastav sind weit \u00fcber die Grenzen der Region bekannt und ein perfektes Beispiel f\u00fcr eine Verbindung zwischen dem Lokalen bzw. Traditionellen und dem Modernen bzw. Neuen. <\/p>\n\n\n\n<h2 class=\"wp-block-heading\">Halubajski zvon\u010dari<\/h2>\n\n\n\n<p>Das Gebiet von Halubje ist die Heimat der <a href=\"https:\/\/visitviskovo.hr\/de\/was-tun-2\/glockentraeger-halubajski-zvoncari\/\">Glockentr\u00e4ger <\/a><em><a href=\"https:\/\/visitviskovo.hr\/de\/was-tun-2\/glockentraeger-halubajski-zvoncari\/\">Halubajski zvon\u010dari<\/a><\/em>, W\u00e4chter einer jahrhundertealten Tradition. Jedes Jahr am gleichen Ort und zur gleichen Zeit folgen die <em>Halubajski zvon\u010dari<\/em> ihren traditionellen Wegen durch die D\u00f6rfer von Halubje und Kastav, um den Winter zu vertrieben und den Fr\u00fchling herbeizurufen. Dieser einzigartige Umzug kann jedes Jahr jeweils am letzten Sonntag, Montag und Dienstag vor Aschermittwoch miterlebt werden.<\/p>\n\n\n\n<p>Der beste Weg, um mehr \u00fcber die D\u00f6rfer, Menschen, Br\u00e4uche und Traditionen zu lernen, ist den <em>Halubajski zvon\u010dari<\/em> zu folgen. In dieser Zeit k\u00f6nnen Sie auch <a href=\"https:\/\/visitviskovo.hr\/zvoncari\/legenda\/\">traditionelle Karnevalsgerichte<\/a> verkosten, die K\u00f6rper an kalten Tagen beleben. Die t\u00e4glich nach alten Rezepten hergestellten <em>Marenda-<\/em>Imbisse k\u00f6nnen Sie im <a href=\"https:\/\/visitviskovo.hr\/de\/gastronomija\/restaurant-mladenka\/\">Restaurant Mladenka <\/a>oder in der <a href=\"https:\/\/visitviskovo.hr\/it\/gastronomija\/konoba-kume\/\">Konoba Kume<\/a> bestellen, die sich an der Route des Umzugs befinden. Probieren Sie auch die lokalen S\u00fc\u00dfspeisen wie <em>Presnac<\/em>-Kuchen oder <em>Fritule<\/em>. Beim Zubereiten dieser einfachen und k\u00f6stlichen Gerichte hilft Ihnen unsere Rezeptsammlung weiter.<\/p>\n","protected":false},"excerpt":{"rendered":"<p>W\u00e4hrend der Karnevalszeit (zwischen dem 17. Januar und Aschermittwoch) marschieren etwa zehn Gruppen von M\u00e4nnern in Umz\u00fcgen in der Kastav Gegend durch eigene und nachbarschaftliche D\u00f6rfer, \u00fcber traditionelle Wege, mehrere Kilometer weit. Einige tragen Masken und andere tragen verschiedene Kopfbedeckungen, die die Vegetation und Fruchtbarkeit darstellen. Sie haben alle Schaffelle umgeh\u00e4ngt und l\u00e4uten dabei Glocken, [&hellip;]<\/p>\n","protected":false},"author":1,"featured_media":13617,"parent":4211,"menu_order":0,"comment_status":"closed","ping_status":"closed","template":"","meta":{"_acf_changed":false,"footnotes":""},"acf":[],"yoast_head":"<!-- This site is optimized with the Yoast SEO plugin v22.7 - https:\/\/yoast.com\/wordpress\/plugins\/seo\/ -->\n<title>Der Festumzug der J\u00e4hrlichen Karneval Glockenl\u00e4uter aus der Kastav Gegend - Turisti\u010dka zajednica op\u0107ine Vi\u0161kovo<\/title>\n<meta name=\"robots\" content=\"index, follow, max-snippet:-1, max-image-preview:large, max-video-preview:-1\" \/>\n<link rel=\"canonical\" href=\"https:\/\/visitviskovo.hr\/de\/entdecke-viskovo\/unesco\/der-festumzug-der-jaehrlichen-karneval-glockenlaeuter-aus-der-kastav-gegend\/\" \/>\n<meta property=\"og:locale\" content=\"de_DE\" \/>\n<meta property=\"og:type\" content=\"article\" \/>\n<meta property=\"og:title\" content=\"Der Festumzug der J\u00e4hrlichen Karneval Glockenl\u00e4uter aus der Kastav Gegend - Turisti\u010dka zajednica op\u0107ine Vi\u0161kovo\" \/>\n<meta property=\"og:description\" content=\"W\u00e4hrend der Karnevalszeit (zwischen dem 17. Januar und Aschermittwoch) marschieren etwa zehn Gruppen von M\u00e4nnern in Umz\u00fcgen in der Kastav Gegend durch eigene und nachbarschaftliche D\u00f6rfer, \u00fcber traditionelle Wege, mehrere Kilometer weit. Einige tragen Masken und andere tragen verschiedene Kopfbedeckungen, die die Vegetation und Fruchtbarkeit darstellen. Sie haben alle Schaffelle umgeh\u00e4ngt und l\u00e4uten dabei Glocken, [&hellip;]\" \/>\n<meta property=\"og:url\" content=\"https:\/\/visitviskovo.hr\/de\/entdecke-viskovo\/unesco\/der-festumzug-der-jaehrlichen-karneval-glockenlaeuter-aus-der-kastav-gegend\/\" \/>\n<meta property=\"og:site_name\" content=\"Turisti\u010dka zajednica op\u0107ine Vi\u0161kovo\" \/>\n<meta property=\"article:publisher\" content=\"https:\/\/web.facebook.com\/VisitViskovo\" \/>\n<meta property=\"article:modified_time\" content=\"2020-09-24T10:17:02+00:00\" \/>\n<meta property=\"og:image\" content=\"https:\/\/visitviskovo.hr\/wp-content\/uploads\/2020\/05\/zvoncari-fotografije265-Medium.jpg\" \/>\n\t<meta property=\"og:image:width\" content=\"1150\" \/>\n\t<meta property=\"og:image:height\" content=\"768\" \/>\n\t<meta property=\"og:image:type\" content=\"image\/jpeg\" \/>\n<meta name=\"twitter:card\" content=\"summary_large_image\" \/>\n<meta name=\"twitter:label1\" content=\"Gesch\u00e4tzte Lesezeit\" \/>\n\t<meta name=\"twitter:data1\" content=\"2 Minuten\" \/>\n<script type=\"application\/ld+json\" class=\"yoast-schema-graph\">{\"@context\":\"https:\/\/schema.org\",\"@graph\":[{\"@type\":\"WebPage\",\"@id\":\"https:\/\/visitviskovo.hr\/de\/entdecke-viskovo\/unesco\/der-festumzug-der-jaehrlichen-karneval-glockenlaeuter-aus-der-kastav-gegend\/\",\"url\":\"https:\/\/visitviskovo.hr\/de\/entdecke-viskovo\/unesco\/der-festumzug-der-jaehrlichen-karneval-glockenlaeuter-aus-der-kastav-gegend\/\",\"name\":\"Der Festumzug der J\u00e4hrlichen Karneval Glockenl\u00e4uter aus der Kastav Gegend - Turisti\u010dka zajednica op\u0107ine Vi\u0161kovo\",\"isPartOf\":{\"@id\":\"https:\/\/visitviskovo.hr\/it\/#website\"},\"primaryImageOfPage\":{\"@id\":\"https:\/\/visitviskovo.hr\/de\/entdecke-viskovo\/unesco\/der-festumzug-der-jaehrlichen-karneval-glockenlaeuter-aus-der-kastav-gegend\/#primaryimage\"},\"image\":{\"@id\":\"https:\/\/visitviskovo.hr\/de\/entdecke-viskovo\/unesco\/der-festumzug-der-jaehrlichen-karneval-glockenlaeuter-aus-der-kastav-gegend\/#primaryimage\"},\"thumbnailUrl\":\"https:\/\/visitviskovo.hr\/wp-content\/uploads\/2020\/05\/zvoncari-fotografije265-Medium.jpg\",\"datePublished\":\"2019-08-20T11:13:50+00:00\",\"dateModified\":\"2020-09-24T10:17:02+00:00\",\"breadcrumb\":{\"@id\":\"https:\/\/visitviskovo.hr\/de\/entdecke-viskovo\/unesco\/der-festumzug-der-jaehrlichen-karneval-glockenlaeuter-aus-der-kastav-gegend\/#breadcrumb\"},\"inLanguage\":\"de-DE\",\"potentialAction\":[{\"@type\":\"ReadAction\",\"target\":[\"https:\/\/visitviskovo.hr\/de\/entdecke-viskovo\/unesco\/der-festumzug-der-jaehrlichen-karneval-glockenlaeuter-aus-der-kastav-gegend\/\"]}]},{\"@type\":\"ImageObject\",\"inLanguage\":\"de-DE\",\"@id\":\"https:\/\/visitviskovo.hr\/de\/entdecke-viskovo\/unesco\/der-festumzug-der-jaehrlichen-karneval-glockenlaeuter-aus-der-kastav-gegend\/#primaryimage\",\"url\":\"https:\/\/visitviskovo.hr\/wp-content\/uploads\/2020\/05\/zvoncari-fotografije265-Medium.jpg\",\"contentUrl\":\"https:\/\/visitviskovo.hr\/wp-content\/uploads\/2020\/05\/zvoncari-fotografije265-Medium.jpg\",\"width\":1150,\"height\":768,\"caption\":\"Halubajski zvon\u010dari\"},{\"@type\":\"BreadcrumbList\",\"@id\":\"https:\/\/visitviskovo.hr\/de\/entdecke-viskovo\/unesco\/der-festumzug-der-jaehrlichen-karneval-glockenlaeuter-aus-der-kastav-gegend\/#breadcrumb\",\"itemListElement\":[{\"@type\":\"ListItem\",\"position\":1,\"name\":\"Home\",\"item\":\"https:\/\/visitviskovo.hr\/de\/\"},{\"@type\":\"ListItem\",\"position\":2,\"name\":\"Entdecke Vi\u0161kovo\",\"item\":\"https:\/\/visitviskovo.hr\/de\/entdecke-viskovo\/\"},{\"@type\":\"ListItem\",\"position\":3,\"name\":\"UNESCO\",\"item\":\"https:\/\/visitviskovo.hr\/de\/entdecke-viskovo\/unesco\/\"},{\"@type\":\"ListItem\",\"position\":4,\"name\":\"Der Festumzug der J\u00e4hrlichen Karneval Glockenl\u00e4uter aus der Kastav Gegend\"}]},{\"@type\":\"WebSite\",\"@id\":\"https:\/\/visitviskovo.hr\/it\/#website\",\"url\":\"https:\/\/visitviskovo.hr\/it\/\",\"name\":\"Turisti\u010dka zajednica op\u0107ine Vi\u0161kovo\",\"description\":\"\",\"potentialAction\":[{\"@type\":\"SearchAction\",\"target\":{\"@type\":\"EntryPoint\",\"urlTemplate\":\"https:\/\/visitviskovo.hr\/it\/?s={search_term_string}\"},\"query-input\":\"required name=search_term_string\"}],\"inLanguage\":\"de-DE\"}]}<\/script>\n<!-- \/ Yoast SEO plugin. -->","yoast_head_json":{"title":"Der Festumzug der J\u00e4hrlichen Karneval Glockenl\u00e4uter aus der Kastav Gegend - Turisti\u010dka zajednica op\u0107ine Vi\u0161kovo","robots":{"index":"index","follow":"follow","max-snippet":"max-snippet:-1","max-image-preview":"max-image-preview:large","max-video-preview":"max-video-preview:-1"},"canonical":"https:\/\/visitviskovo.hr\/de\/entdecke-viskovo\/unesco\/der-festumzug-der-jaehrlichen-karneval-glockenlaeuter-aus-der-kastav-gegend\/","og_locale":"de_DE","og_type":"article","og_title":"Der Festumzug der J\u00e4hrlichen Karneval Glockenl\u00e4uter aus der Kastav Gegend - Turisti\u010dka zajednica op\u0107ine Vi\u0161kovo","og_description":"W\u00e4hrend der Karnevalszeit (zwischen dem 17. Januar und Aschermittwoch) marschieren etwa zehn Gruppen von M\u00e4nnern in Umz\u00fcgen in der Kastav Gegend durch eigene und nachbarschaftliche D\u00f6rfer, \u00fcber traditionelle Wege, mehrere Kilometer weit. Einige tragen Masken und andere tragen verschiedene Kopfbedeckungen, die die Vegetation und Fruchtbarkeit darstellen. Sie haben alle Schaffelle umgeh\u00e4ngt und l\u00e4uten dabei Glocken, [&hellip;]","og_url":"https:\/\/visitviskovo.hr\/de\/entdecke-viskovo\/unesco\/der-festumzug-der-jaehrlichen-karneval-glockenlaeuter-aus-der-kastav-gegend\/","og_site_name":"Turisti\u010dka zajednica op\u0107ine Vi\u0161kovo","article_publisher":"https:\/\/web.facebook.com\/VisitViskovo","article_modified_time":"2020-09-24T10:17:02+00:00","og_image":[{"width":1150,"height":768,"url":"https:\/\/visitviskovo.hr\/wp-content\/uploads\/2020\/05\/zvoncari-fotografije265-Medium.jpg","type":"image\/jpeg"}],"twitter_card":"summary_large_image","twitter_misc":{"Gesch\u00e4tzte Lesezeit":"2 Minuten"},"schema":{"@context":"https:\/\/schema.org","@graph":[{"@type":"WebPage","@id":"https:\/\/visitviskovo.hr\/de\/entdecke-viskovo\/unesco\/der-festumzug-der-jaehrlichen-karneval-glockenlaeuter-aus-der-kastav-gegend\/","url":"https:\/\/visitviskovo.hr\/de\/entdecke-viskovo\/unesco\/der-festumzug-der-jaehrlichen-karneval-glockenlaeuter-aus-der-kastav-gegend\/","name":"Der Festumzug der J\u00e4hrlichen Karneval Glockenl\u00e4uter aus der Kastav Gegend - Turisti\u010dka zajednica op\u0107ine Vi\u0161kovo","isPartOf":{"@id":"https:\/\/visitviskovo.hr\/it\/#website"},"primaryImageOfPage":{"@id":"https:\/\/visitviskovo.hr\/de\/entdecke-viskovo\/unesco\/der-festumzug-der-jaehrlichen-karneval-glockenlaeuter-aus-der-kastav-gegend\/#primaryimage"},"image":{"@id":"https:\/\/visitviskovo.hr\/de\/entdecke-viskovo\/unesco\/der-festumzug-der-jaehrlichen-karneval-glockenlaeuter-aus-der-kastav-gegend\/#primaryimage"},"thumbnailUrl":"https:\/\/visitviskovo.hr\/wp-content\/uploads\/2020\/05\/zvoncari-fotografije265-Medium.jpg","datePublished":"2019-08-20T11:13:50+00:00","dateModified":"2020-09-24T10:17:02+00:00","breadcrumb":{"@id":"https:\/\/visitviskovo.hr\/de\/entdecke-viskovo\/unesco\/der-festumzug-der-jaehrlichen-karneval-glockenlaeuter-aus-der-kastav-gegend\/#breadcrumb"},"inLanguage":"de-DE","potentialAction":[{"@type":"ReadAction","target":["https:\/\/visitviskovo.hr\/de\/entdecke-viskovo\/unesco\/der-festumzug-der-jaehrlichen-karneval-glockenlaeuter-aus-der-kastav-gegend\/"]}]},{"@type":"ImageObject","inLanguage":"de-DE","@id":"https:\/\/visitviskovo.hr\/de\/entdecke-viskovo\/unesco\/der-festumzug-der-jaehrlichen-karneval-glockenlaeuter-aus-der-kastav-gegend\/#primaryimage","url":"https:\/\/visitviskovo.hr\/wp-content\/uploads\/2020\/05\/zvoncari-fotografije265-Medium.jpg","contentUrl":"https:\/\/visitviskovo.hr\/wp-content\/uploads\/2020\/05\/zvoncari-fotografije265-Medium.jpg","width":1150,"height":768,"caption":"Halubajski zvon\u010dari"},{"@type":"BreadcrumbList","@id":"https:\/\/visitviskovo.hr\/de\/entdecke-viskovo\/unesco\/der-festumzug-der-jaehrlichen-karneval-glockenlaeuter-aus-der-kastav-gegend\/#breadcrumb","itemListElement":[{"@type":"ListItem","position":1,"name":"Home","item":"https:\/\/visitviskovo.hr\/de\/"},{"@type":"ListItem","position":2,"name":"Entdecke Vi\u0161kovo","item":"https:\/\/visitviskovo.hr\/de\/entdecke-viskovo\/"},{"@type":"ListItem","position":3,"name":"UNESCO","item":"https:\/\/visitviskovo.hr\/de\/entdecke-viskovo\/unesco\/"},{"@type":"ListItem","position":4,"name":"Der Festumzug der J\u00e4hrlichen Karneval Glockenl\u00e4uter aus der Kastav Gegend"}]},{"@type":"WebSite","@id":"https:\/\/visitviskovo.hr\/it\/#website","url":"https:\/\/visitviskovo.hr\/it\/","name":"Turisti\u010dka zajednica op\u0107ine Vi\u0161kovo","description":"","potentialAction":[{"@type":"SearchAction","target":{"@type":"EntryPoint","urlTemplate":"https:\/\/visitviskovo.hr\/it\/?s={search_term_string}"},"query-input":"required name=search_term_string"}],"inLanguage":"de-DE"}]}},"_links":{"self":[{"href":"https:\/\/visitviskovo.hr\/de\/wp-json\/wp\/v2\/pages\/4214"}],"collection":[{"href":"https:\/\/visitviskovo.hr\/de\/wp-json\/wp\/v2\/pages"}],"about":[{"href":"https:\/\/visitviskovo.hr\/de\/wp-json\/wp\/v2\/types\/page"}],"author":[{"embeddable":true,"href":"https:\/\/visitviskovo.hr\/de\/wp-json\/wp\/v2\/users\/1"}],"replies":[{"embeddable":true,"href":"https:\/\/visitviskovo.hr\/de\/wp-json\/wp\/v2\/comments?post=4214"}],"version-history":[{"count":4,"href":"https:\/\/visitviskovo.hr\/de\/wp-json\/wp\/v2\/pages\/4214\/revisions"}],"predecessor-version":[{"id":15051,"href":"https:\/\/visitviskovo.hr\/de\/wp-json\/wp\/v2\/pages\/4214\/revisions\/15051"}],"up":[{"embeddable":true,"href":"https:\/\/visitviskovo.hr\/de\/wp-json\/wp\/v2\/pages\/4211"}],"wp:featuredmedia":[{"embeddable":true,"href":"https:\/\/visitviskovo.hr\/de\/wp-json\/wp\/v2\/media\/13617"}],"wp:attachment":[{"href":"https:\/\/visitviskovo.hr\/de\/wp-json\/wp\/v2\/media?parent=4214"}],"curies":[{"name":"wp","href":"https:\/\/api.w.org\/{rel}","templated":true}]}}