{"id":4218,"date":"2019-08-20T11:16:10","date_gmt":"2019-08-20T11:16:10","guid":{"rendered":"https:\/\/visitviskovo.hr\/?page_id=4218"},"modified":"2025-11-13T13:52:57","modified_gmt":"2025-11-13T13:52:57","slug":"zweiteiliges-singen-und-spielen-in-der-istrischen-tonleiter","status":"publish","type":"page","link":"https:\/\/visitviskovo.hr\/de\/entdecke-viskovo\/unesco\/zweiteiliges-singen-und-spielen-in-der-istrischen-tonleiter\/","title":{"rendered":"Zweiteiliges Singen und Spielen in der istrischen Tonleiter"},"content":{"rendered":"\n<p>Zweiteiliges Singen und Spielen in der istrischen Tonleiter ist eine komplizierte Art der Volksmusik, die man sogar au\u00dferhalb Istrien und des kroatischen K\u00fcstenlands findet, aber sie ist am dichtesten gerade in diesem Bereich erhalten geblieben. Grunds\u00e4tzlich beruht zweistimmiger Gesang auf nicht temperierten Ton Beziehungen und einer charakteristischen Tonfarbe, der in der Vokalmusik durch kr\u00e4ftigen Gesang, teilweise durch die Nase, erreicht wird. <\/p>\n\n\n\n<h2 class=\"wp-block-heading\"> Die Istrische Tonleiter  <\/h2>\n\n\n\n<p>Der Komponist und Folklorist <a href=\"https:\/\/visitviskovo.hr\/de\/entdecke-viskovo\/kulturerbe\/wichtige-persoenlichkeiten\/\"> Ivan Mateti\u0107 Ronjgov<\/a>, studierte die istrischen Melodien, zeichnete sie auf und trug zur Entschl\u00fcsselung der Istrischen Tonleiter bei. Es ist sein Verdienst, dass die Volkmusik aus Istrien und Kvarner einen Platz im Tonsystem der Kunstmusik gefunden hat. <\/p>\n\n\n\n<p>Er definierte die Istrische Tonleiter und erkl\u00e4rte die Halbtonintervalle, die ihre Basis bilden. Es handelt sich um Volksmusik, die zur kroatischen Tradition in Kvarner und Istrien geh\u00f6rt.  <\/p>\n\n\n\n<p>Sein Geburtshaus in Ronjgi, einem kleinen Dorf auf einem H\u00fcgel in der N\u00e4he des Zentrums von Vi\u0161kovo, ist heute Sitz der <a href=\"https:\/\/visitviskovo.hr\/de\/entdecke-viskovo\/kulturerbe\/die-oeffentliche-einrichtung-ivan-matetic-ronjgov\/\">Einrichtung \u201eIvan Mateti\u0107 Ronjgov\u201c<\/a>, die die lokalen Werte dieses Gebiets sch\u00fctzt. Entdecken Sie das Erbe des Komponisten in seiner Gedenkst\u00e4tte und erfahren Sie mehr \u00fcber die Arbeit einer der bedeutendsten Pers\u00f6nlichkeiten von Halubje und Kastav. Anschlie\u00dfend k\u00f6nnen Sie sich im authentischen Ambiente des <a href=\"https:\/\/visitviskovo.hr\/de\/gastronomija\/restaurant-ronjgi\/\">Restaurants Ronjgi<\/a> oder im Schatten des <a href=\"https:\/\/visitviskovo.hr\/de\/was-tun-2\/fahrrad-und-wanderwege\/wanderwege\/\">benachbarten Wanderwegs<\/a> entspannen, der die Form einer Musiknote hat und eine nostalgische Verbindung zum Leben und Werk dieses gro\u00dfen Komponisten darstellt, der seine Heimat so sehr liebte.<\/p>\n","protected":false},"excerpt":{"rendered":"<p>Zweiteiliges Singen und Spielen in der istrischen Tonleiter ist eine komplizierte Art der Volksmusik, die man sogar au\u00dferhalb Istrien und des kroatischen K\u00fcstenlands findet, aber sie ist am dichtesten gerade in diesem Bereich erhalten geblieben. Grunds\u00e4tzlich beruht zweistimmiger Gesang auf nicht temperierten Ton Beziehungen und einer charakteristischen Tonfarbe, der in der Vokalmusik durch kr\u00e4ftigen Gesang, [&hellip;]<\/p>\n","protected":false},"author":1,"featured_media":13629,"parent":4211,"menu_order":0,"comment_status":"closed","ping_status":"closed","template":"","meta":{"_acf_changed":false,"footnotes":""},"acf":[],"yoast_head":"<!-- This site is optimized with the Yoast SEO plugin v22.7 - https:\/\/yoast.com\/wordpress\/plugins\/seo\/ -->\n<title>Zweiteiliges Singen und Spielen in der istrischen Tonleiter - Turisti\u010dka zajednica op\u0107ine Vi\u0161kovo<\/title>\n<meta name=\"description\" content=\"Zweiteiliges Singen und Spielen in der istrischen Tonleiter ist eine komplizierte Art der Volksmusik, die man sogar au\u00dferhalb Istrien und des kroatischen K\u00fcstenlands findet.\" \/>\n<meta name=\"robots\" content=\"index, follow, max-snippet:-1, max-image-preview:large, max-video-preview:-1\" \/>\n<link rel=\"canonical\" href=\"https:\/\/visitviskovo.hr\/de\/entdecke-viskovo\/unesco\/zweiteiliges-singen-und-spielen-in-der-istrischen-tonleiter\/\" \/>\n<meta property=\"og:locale\" content=\"de_DE\" \/>\n<meta property=\"og:type\" content=\"article\" \/>\n<meta property=\"og:title\" content=\"Zweiteiliges Singen und Spielen in der istrischen Tonleiter - Turisti\u010dka zajednica op\u0107ine Vi\u0161kovo\" \/>\n<meta property=\"og:description\" content=\"Zweiteiliges Singen und Spielen in der istrischen Tonleiter ist eine komplizierte Art der Volksmusik, die man sogar au\u00dferhalb Istrien und des kroatischen K\u00fcstenlands findet.\" \/>\n<meta property=\"og:url\" content=\"https:\/\/visitviskovo.hr\/de\/entdecke-viskovo\/unesco\/zweiteiliges-singen-und-spielen-in-der-istrischen-tonleiter\/\" \/>\n<meta property=\"og:site_name\" content=\"Turisti\u010dka zajednica op\u0107ine Vi\u0161kovo\" \/>\n<meta property=\"article:publisher\" content=\"https:\/\/web.facebook.com\/VisitViskovo\" \/>\n<meta property=\"article:modified_time\" content=\"2025-11-13T13:52:57+00:00\" \/>\n<meta property=\"og:image\" content=\"https:\/\/visitviskovo.hr\/wp-content\/uploads\/2020\/05\/TZ-Viskovo_11072019_034.jpg\" \/>\n\t<meta property=\"og:image:width\" content=\"2000\" \/>\n\t<meta property=\"og:image:height\" content=\"1334\" \/>\n\t<meta property=\"og:image:type\" content=\"image\/jpeg\" \/>\n<meta name=\"twitter:card\" content=\"summary_large_image\" \/>\n<meta name=\"twitter:label1\" content=\"Gesch\u00e4tzte Lesezeit\" \/>\n\t<meta name=\"twitter:data1\" content=\"2 Minuten\" \/>\n<script type=\"application\/ld+json\" class=\"yoast-schema-graph\">{\"@context\":\"https:\/\/schema.org\",\"@graph\":[{\"@type\":\"WebPage\",\"@id\":\"https:\/\/visitviskovo.hr\/de\/entdecke-viskovo\/unesco\/zweiteiliges-singen-und-spielen-in-der-istrischen-tonleiter\/\",\"url\":\"https:\/\/visitviskovo.hr\/de\/entdecke-viskovo\/unesco\/zweiteiliges-singen-und-spielen-in-der-istrischen-tonleiter\/\",\"name\":\"Zweiteiliges Singen und Spielen in der istrischen Tonleiter - Turisti\u010dka zajednica op\u0107ine Vi\u0161kovo\",\"isPartOf\":{\"@id\":\"https:\/\/visitviskovo.hr\/it\/#website\"},\"primaryImageOfPage\":{\"@id\":\"https:\/\/visitviskovo.hr\/de\/entdecke-viskovo\/unesco\/zweiteiliges-singen-und-spielen-in-der-istrischen-tonleiter\/#primaryimage\"},\"image\":{\"@id\":\"https:\/\/visitviskovo.hr\/de\/entdecke-viskovo\/unesco\/zweiteiliges-singen-und-spielen-in-der-istrischen-tonleiter\/#primaryimage\"},\"thumbnailUrl\":\"https:\/\/visitviskovo.hr\/wp-content\/uploads\/2020\/05\/TZ-Viskovo_11072019_034.jpg\",\"datePublished\":\"2019-08-20T11:16:10+00:00\",\"dateModified\":\"2025-11-13T13:52:57+00:00\",\"description\":\"Zweiteiliges Singen und Spielen in der istrischen Tonleiter ist eine komplizierte Art der Volksmusik, die man sogar au\u00dferhalb Istrien und des kroatischen K\u00fcstenlands findet.\",\"breadcrumb\":{\"@id\":\"https:\/\/visitviskovo.hr\/de\/entdecke-viskovo\/unesco\/zweiteiliges-singen-und-spielen-in-der-istrischen-tonleiter\/#breadcrumb\"},\"inLanguage\":\"de-DE\",\"potentialAction\":[{\"@type\":\"ReadAction\",\"target\":[\"https:\/\/visitviskovo.hr\/de\/entdecke-viskovo\/unesco\/zweiteiliges-singen-und-spielen-in-der-istrischen-tonleiter\/\"]}]},{\"@type\":\"ImageObject\",\"inLanguage\":\"de-DE\",\"@id\":\"https:\/\/visitviskovo.hr\/de\/entdecke-viskovo\/unesco\/zweiteiliges-singen-und-spielen-in-der-istrischen-tonleiter\/#primaryimage\",\"url\":\"https:\/\/visitviskovo.hr\/wp-content\/uploads\/2020\/05\/TZ-Viskovo_11072019_034.jpg\",\"contentUrl\":\"https:\/\/visitviskovo.hr\/wp-content\/uploads\/2020\/05\/TZ-Viskovo_11072019_034.jpg\",\"width\":2000,\"height\":1334,\"caption\":\"Istarsk\"},{\"@type\":\"BreadcrumbList\",\"@id\":\"https:\/\/visitviskovo.hr\/de\/entdecke-viskovo\/unesco\/zweiteiliges-singen-und-spielen-in-der-istrischen-tonleiter\/#breadcrumb\",\"itemListElement\":[{\"@type\":\"ListItem\",\"position\":1,\"name\":\"Home\",\"item\":\"https:\/\/visitviskovo.hr\/de\/\"},{\"@type\":\"ListItem\",\"position\":2,\"name\":\"Entdecke Vi\u0161kovo\",\"item\":\"https:\/\/visitviskovo.hr\/de\/entdecke-viskovo\/\"},{\"@type\":\"ListItem\",\"position\":3,\"name\":\"UNESCO\",\"item\":\"https:\/\/visitviskovo.hr\/de\/entdecke-viskovo\/unesco\/\"},{\"@type\":\"ListItem\",\"position\":4,\"name\":\"Zweiteiliges Singen und Spielen in der istrischen Tonleiter\"}]},{\"@type\":\"WebSite\",\"@id\":\"https:\/\/visitviskovo.hr\/it\/#website\",\"url\":\"https:\/\/visitviskovo.hr\/it\/\",\"name\":\"Turisti\u010dka zajednica op\u0107ine Vi\u0161kovo\",\"description\":\"\",\"potentialAction\":[{\"@type\":\"SearchAction\",\"target\":{\"@type\":\"EntryPoint\",\"urlTemplate\":\"https:\/\/visitviskovo.hr\/it\/?s={search_term_string}\"},\"query-input\":\"required name=search_term_string\"}],\"inLanguage\":\"de-DE\"}]}<\/script>\n<!-- \/ Yoast SEO plugin. -->","yoast_head_json":{"title":"Zweiteiliges Singen und Spielen in der istrischen Tonleiter - Turisti\u010dka zajednica op\u0107ine Vi\u0161kovo","description":"Zweiteiliges Singen und Spielen in der istrischen Tonleiter ist eine komplizierte Art der Volksmusik, die man sogar au\u00dferhalb Istrien und des kroatischen K\u00fcstenlands findet.","robots":{"index":"index","follow":"follow","max-snippet":"max-snippet:-1","max-image-preview":"max-image-preview:large","max-video-preview":"max-video-preview:-1"},"canonical":"https:\/\/visitviskovo.hr\/de\/entdecke-viskovo\/unesco\/zweiteiliges-singen-und-spielen-in-der-istrischen-tonleiter\/","og_locale":"de_DE","og_type":"article","og_title":"Zweiteiliges Singen und Spielen in der istrischen Tonleiter - Turisti\u010dka zajednica op\u0107ine Vi\u0161kovo","og_description":"Zweiteiliges Singen und Spielen in der istrischen Tonleiter ist eine komplizierte Art der Volksmusik, die man sogar au\u00dferhalb Istrien und des kroatischen K\u00fcstenlands findet.","og_url":"https:\/\/visitviskovo.hr\/de\/entdecke-viskovo\/unesco\/zweiteiliges-singen-und-spielen-in-der-istrischen-tonleiter\/","og_site_name":"Turisti\u010dka zajednica op\u0107ine Vi\u0161kovo","article_publisher":"https:\/\/web.facebook.com\/VisitViskovo","article_modified_time":"2025-11-13T13:52:57+00:00","og_image":[{"width":2000,"height":1334,"url":"https:\/\/visitviskovo.hr\/wp-content\/uploads\/2020\/05\/TZ-Viskovo_11072019_034.jpg","type":"image\/jpeg"}],"twitter_card":"summary_large_image","twitter_misc":{"Gesch\u00e4tzte Lesezeit":"2 Minuten"},"schema":{"@context":"https:\/\/schema.org","@graph":[{"@type":"WebPage","@id":"https:\/\/visitviskovo.hr\/de\/entdecke-viskovo\/unesco\/zweiteiliges-singen-und-spielen-in-der-istrischen-tonleiter\/","url":"https:\/\/visitviskovo.hr\/de\/entdecke-viskovo\/unesco\/zweiteiliges-singen-und-spielen-in-der-istrischen-tonleiter\/","name":"Zweiteiliges Singen und Spielen in der istrischen Tonleiter - Turisti\u010dka zajednica op\u0107ine Vi\u0161kovo","isPartOf":{"@id":"https:\/\/visitviskovo.hr\/it\/#website"},"primaryImageOfPage":{"@id":"https:\/\/visitviskovo.hr\/de\/entdecke-viskovo\/unesco\/zweiteiliges-singen-und-spielen-in-der-istrischen-tonleiter\/#primaryimage"},"image":{"@id":"https:\/\/visitviskovo.hr\/de\/entdecke-viskovo\/unesco\/zweiteiliges-singen-und-spielen-in-der-istrischen-tonleiter\/#primaryimage"},"thumbnailUrl":"https:\/\/visitviskovo.hr\/wp-content\/uploads\/2020\/05\/TZ-Viskovo_11072019_034.jpg","datePublished":"2019-08-20T11:16:10+00:00","dateModified":"2025-11-13T13:52:57+00:00","description":"Zweiteiliges Singen und Spielen in der istrischen Tonleiter ist eine komplizierte Art der Volksmusik, die man sogar au\u00dferhalb Istrien und des kroatischen K\u00fcstenlands findet.","breadcrumb":{"@id":"https:\/\/visitviskovo.hr\/de\/entdecke-viskovo\/unesco\/zweiteiliges-singen-und-spielen-in-der-istrischen-tonleiter\/#breadcrumb"},"inLanguage":"de-DE","potentialAction":[{"@type":"ReadAction","target":["https:\/\/visitviskovo.hr\/de\/entdecke-viskovo\/unesco\/zweiteiliges-singen-und-spielen-in-der-istrischen-tonleiter\/"]}]},{"@type":"ImageObject","inLanguage":"de-DE","@id":"https:\/\/visitviskovo.hr\/de\/entdecke-viskovo\/unesco\/zweiteiliges-singen-und-spielen-in-der-istrischen-tonleiter\/#primaryimage","url":"https:\/\/visitviskovo.hr\/wp-content\/uploads\/2020\/05\/TZ-Viskovo_11072019_034.jpg","contentUrl":"https:\/\/visitviskovo.hr\/wp-content\/uploads\/2020\/05\/TZ-Viskovo_11072019_034.jpg","width":2000,"height":1334,"caption":"Istarsk"},{"@type":"BreadcrumbList","@id":"https:\/\/visitviskovo.hr\/de\/entdecke-viskovo\/unesco\/zweiteiliges-singen-und-spielen-in-der-istrischen-tonleiter\/#breadcrumb","itemListElement":[{"@type":"ListItem","position":1,"name":"Home","item":"https:\/\/visitviskovo.hr\/de\/"},{"@type":"ListItem","position":2,"name":"Entdecke Vi\u0161kovo","item":"https:\/\/visitviskovo.hr\/de\/entdecke-viskovo\/"},{"@type":"ListItem","position":3,"name":"UNESCO","item":"https:\/\/visitviskovo.hr\/de\/entdecke-viskovo\/unesco\/"},{"@type":"ListItem","position":4,"name":"Zweiteiliges Singen und Spielen in der istrischen Tonleiter"}]},{"@type":"WebSite","@id":"https:\/\/visitviskovo.hr\/it\/#website","url":"https:\/\/visitviskovo.hr\/it\/","name":"Turisti\u010dka zajednica op\u0107ine Vi\u0161kovo","description":"","potentialAction":[{"@type":"SearchAction","target":{"@type":"EntryPoint","urlTemplate":"https:\/\/visitviskovo.hr\/it\/?s={search_term_string}"},"query-input":"required name=search_term_string"}],"inLanguage":"de-DE"}]}},"_links":{"self":[{"href":"https:\/\/visitviskovo.hr\/de\/wp-json\/wp\/v2\/pages\/4218"}],"collection":[{"href":"https:\/\/visitviskovo.hr\/de\/wp-json\/wp\/v2\/pages"}],"about":[{"href":"https:\/\/visitviskovo.hr\/de\/wp-json\/wp\/v2\/types\/page"}],"author":[{"embeddable":true,"href":"https:\/\/visitviskovo.hr\/de\/wp-json\/wp\/v2\/users\/1"}],"replies":[{"embeddable":true,"href":"https:\/\/visitviskovo.hr\/de\/wp-json\/wp\/v2\/comments?post=4218"}],"version-history":[{"count":3,"href":"https:\/\/visitviskovo.hr\/de\/wp-json\/wp\/v2\/pages\/4218\/revisions"}],"predecessor-version":[{"id":15021,"href":"https:\/\/visitviskovo.hr\/de\/wp-json\/wp\/v2\/pages\/4218\/revisions\/15021"}],"up":[{"embeddable":true,"href":"https:\/\/visitviskovo.hr\/de\/wp-json\/wp\/v2\/pages\/4211"}],"wp:featuredmedia":[{"embeddable":true,"href":"https:\/\/visitviskovo.hr\/de\/wp-json\/wp\/v2\/media\/13629"}],"wp:attachment":[{"href":"https:\/\/visitviskovo.hr\/de\/wp-json\/wp\/v2\/media?parent=4218"}],"curies":[{"name":"wp","href":"https:\/\/api.w.org\/{rel}","templated":true}]}}