{"id":4227,"date":"2019-08-20T11:19:50","date_gmt":"2019-08-20T11:19:50","guid":{"rendered":"https:\/\/visitviskovo.hr\/?page_id=4227"},"modified":"2020-09-16T11:45:55","modified_gmt":"2020-09-16T11:45:55","slug":"st-matthaeuskirche","status":"publish","type":"page","link":"https:\/\/visitviskovo.hr\/de\/entdecke-viskovo\/kulturerbe\/st-matthaeuskirche\/","title":{"rendered":"St. Matth\u00e4uskirche"},"content":{"rendered":"\n<p>Die Matth\u00e4uskirche dominiert das Zentrum von Vi\u0161kovo. In der Vergangenheit befand sich auf dem H\u00fcgel mit dem Namen Vi\u0161kov Breg (heute <em>Breg<\/em> genannt) eine kleine, dem Meer zugewandte Kapelle mit einem Altar. Ihr Errichtungsdatum bleibt uns unbekannt, und 1862 wurde an ihrer Stelle die heutige Kirche des Hl. Matth\u00e4us errichtet.1902 wurden gesegnete Statuen des Hl. Petrus und des Hl. Paulus an der Kirchenfassade angebracht. Der Hauptaltar ist das Werk des lokalen Steinmetzes Mate \u0160irola.<\/p>\n\n\n\n<p>Der hl. Matth\u00e4us arbeitete in einem Zollhaus und gilt heute als Schutzpatron der Bankleute, Buchhalter und Z\u00f6llner. Er war auch einer der vier Evangelisten bzw. Autor des ersten der vier Evangelien, jener biblischen B\u00fccher, die vom Wirken und der Lehre Jesu Christi berichten und seine G\u00f6ttlichkeit betonen. Das Evangelium nach Matth\u00e4us ist am umfangreichsten und \u00fcbersichtlichsten.<\/p>\n\n\n\n<p>Der Gedenktag des hl. Matth\u00e4us wird am 21. September gefeiert. Im Jahr 2015 wurde der 150. Jahrestag der Weihe der St. Matth\u00e4uskirche in Vi\u0161kovo gefeiert.<\/p>\n","protected":false},"excerpt":{"rendered":"<p>Die Matth\u00e4uskirche dominiert das Zentrum von Vi\u0161kovo. In der Vergangenheit befand sich auf dem H\u00fcgel mit dem Namen Vi\u0161kov Breg (heute Breg genannt) eine kleine, dem Meer zugewandte Kapelle mit einem Altar. Ihr Errichtungsdatum bleibt uns unbekannt, und 1862 wurde an ihrer Stelle die heutige Kirche des Hl. Matth\u00e4us errichtet.1902 wurden gesegnete Statuen des Hl. [&hellip;]<\/p>\n","protected":false},"author":1,"featured_media":4226,"parent":4224,"menu_order":0,"comment_status":"closed","ping_status":"closed","template":"","meta":{"_acf_changed":false,"footnotes":""},"acf":[],"yoast_head":"<!-- This site is optimized with the Yoast SEO plugin v22.7 - https:\/\/yoast.com\/wordpress\/plugins\/seo\/ -->\n<title>St. Matth\u00e4uskirche - Turisti\u010dka zajednica op\u0107ine Vi\u0161kovo<\/title>\n<meta name=\"robots\" content=\"index, follow, max-snippet:-1, max-image-preview:large, max-video-preview:-1\" \/>\n<link rel=\"canonical\" href=\"https:\/\/visitviskovo.hr\/de\/entdecke-viskovo\/kulturerbe\/st-matthaeuskirche\/\" \/>\n<meta property=\"og:locale\" content=\"de_DE\" \/>\n<meta property=\"og:type\" content=\"article\" \/>\n<meta property=\"og:title\" content=\"St. Matth\u00e4uskirche - Turisti\u010dka zajednica op\u0107ine Vi\u0161kovo\" \/>\n<meta property=\"og:description\" content=\"Die Matth\u00e4uskirche dominiert das Zentrum von Vi\u0161kovo. In der Vergangenheit befand sich auf dem H\u00fcgel mit dem Namen Vi\u0161kov Breg (heute Breg genannt) eine kleine, dem Meer zugewandte Kapelle mit einem Altar. Ihr Errichtungsdatum bleibt uns unbekannt, und 1862 wurde an ihrer Stelle die heutige Kirche des Hl. Matth\u00e4us errichtet.1902 wurden gesegnete Statuen des Hl. [&hellip;]\" \/>\n<meta property=\"og:url\" content=\"https:\/\/visitviskovo.hr\/de\/entdecke-viskovo\/kulturerbe\/st-matthaeuskirche\/\" \/>\n<meta property=\"og:site_name\" content=\"Turisti\u010dka zajednica op\u0107ine Vi\u0161kovo\" \/>\n<meta property=\"article:publisher\" content=\"https:\/\/web.facebook.com\/VisitViskovo\" \/>\n<meta property=\"article:modified_time\" content=\"2020-09-16T11:45:55+00:00\" \/>\n<meta property=\"og:image\" content=\"https:\/\/visitviskovo.hr\/wp-content\/uploads\/2019\/05\/20151212122809000000-main.jpg\" \/>\n\t<meta property=\"og:image:width\" content=\"800\" \/>\n\t<meta property=\"og:image:height\" content=\"513\" \/>\n\t<meta property=\"og:image:type\" content=\"image\/jpeg\" \/>\n<meta name=\"twitter:card\" content=\"summary_large_image\" \/>\n<meta name=\"twitter:label1\" content=\"Gesch\u00e4tzte Lesezeit\" \/>\n\t<meta name=\"twitter:data1\" content=\"1 Minute\" \/>\n<script type=\"application\/ld+json\" class=\"yoast-schema-graph\">{\"@context\":\"https:\/\/schema.org\",\"@graph\":[{\"@type\":\"WebPage\",\"@id\":\"https:\/\/visitviskovo.hr\/de\/entdecke-viskovo\/kulturerbe\/st-matthaeuskirche\/\",\"url\":\"https:\/\/visitviskovo.hr\/de\/entdecke-viskovo\/kulturerbe\/st-matthaeuskirche\/\",\"name\":\"St. Matth\u00e4uskirche - Turisti\u010dka zajednica op\u0107ine Vi\u0161kovo\",\"isPartOf\":{\"@id\":\"https:\/\/visitviskovo.hr\/it\/#website\"},\"primaryImageOfPage\":{\"@id\":\"https:\/\/visitviskovo.hr\/de\/entdecke-viskovo\/kulturerbe\/st-matthaeuskirche\/#primaryimage\"},\"image\":{\"@id\":\"https:\/\/visitviskovo.hr\/de\/entdecke-viskovo\/kulturerbe\/st-matthaeuskirche\/#primaryimage\"},\"thumbnailUrl\":\"https:\/\/visitviskovo.hr\/wp-content\/uploads\/2019\/05\/20151212122809000000-main.jpg\",\"datePublished\":\"2019-08-20T11:19:50+00:00\",\"dateModified\":\"2020-09-16T11:45:55+00:00\",\"breadcrumb\":{\"@id\":\"https:\/\/visitviskovo.hr\/de\/entdecke-viskovo\/kulturerbe\/st-matthaeuskirche\/#breadcrumb\"},\"inLanguage\":\"de-DE\",\"potentialAction\":[{\"@type\":\"ReadAction\",\"target\":[\"https:\/\/visitviskovo.hr\/de\/entdecke-viskovo\/kulturerbe\/st-matthaeuskirche\/\"]}]},{\"@type\":\"ImageObject\",\"inLanguage\":\"de-DE\",\"@id\":\"https:\/\/visitviskovo.hr\/de\/entdecke-viskovo\/kulturerbe\/st-matthaeuskirche\/#primaryimage\",\"url\":\"https:\/\/visitviskovo.hr\/wp-content\/uploads\/2019\/05\/20151212122809000000-main.jpg\",\"contentUrl\":\"https:\/\/visitviskovo.hr\/wp-content\/uploads\/2019\/05\/20151212122809000000-main.jpg\",\"width\":800,\"height\":513},{\"@type\":\"BreadcrumbList\",\"@id\":\"https:\/\/visitviskovo.hr\/de\/entdecke-viskovo\/kulturerbe\/st-matthaeuskirche\/#breadcrumb\",\"itemListElement\":[{\"@type\":\"ListItem\",\"position\":1,\"name\":\"Home\",\"item\":\"https:\/\/visitviskovo.hr\/de\/\"},{\"@type\":\"ListItem\",\"position\":2,\"name\":\"Entdecke Vi\u0161kovo\",\"item\":\"https:\/\/visitviskovo.hr\/de\/entdecke-viskovo\/\"},{\"@type\":\"ListItem\",\"position\":3,\"name\":\"Kulturerbe\",\"item\":\"https:\/\/visitviskovo.hr\/de\/entdecke-viskovo\/kulturerbe\/\"},{\"@type\":\"ListItem\",\"position\":4,\"name\":\"St. Matth\u00e4uskirche\"}]},{\"@type\":\"WebSite\",\"@id\":\"https:\/\/visitviskovo.hr\/it\/#website\",\"url\":\"https:\/\/visitviskovo.hr\/it\/\",\"name\":\"Turisti\u010dka zajednica op\u0107ine Vi\u0161kovo\",\"description\":\"\",\"potentialAction\":[{\"@type\":\"SearchAction\",\"target\":{\"@type\":\"EntryPoint\",\"urlTemplate\":\"https:\/\/visitviskovo.hr\/it\/?s={search_term_string}\"},\"query-input\":\"required name=search_term_string\"}],\"inLanguage\":\"de-DE\"}]}<\/script>\n<!-- \/ Yoast SEO plugin. -->","yoast_head_json":{"title":"St. Matth\u00e4uskirche - Turisti\u010dka zajednica op\u0107ine Vi\u0161kovo","robots":{"index":"index","follow":"follow","max-snippet":"max-snippet:-1","max-image-preview":"max-image-preview:large","max-video-preview":"max-video-preview:-1"},"canonical":"https:\/\/visitviskovo.hr\/de\/entdecke-viskovo\/kulturerbe\/st-matthaeuskirche\/","og_locale":"de_DE","og_type":"article","og_title":"St. Matth\u00e4uskirche - Turisti\u010dka zajednica op\u0107ine Vi\u0161kovo","og_description":"Die Matth\u00e4uskirche dominiert das Zentrum von Vi\u0161kovo. In der Vergangenheit befand sich auf dem H\u00fcgel mit dem Namen Vi\u0161kov Breg (heute Breg genannt) eine kleine, dem Meer zugewandte Kapelle mit einem Altar. Ihr Errichtungsdatum bleibt uns unbekannt, und 1862 wurde an ihrer Stelle die heutige Kirche des Hl. Matth\u00e4us errichtet.1902 wurden gesegnete Statuen des Hl. [&hellip;]","og_url":"https:\/\/visitviskovo.hr\/de\/entdecke-viskovo\/kulturerbe\/st-matthaeuskirche\/","og_site_name":"Turisti\u010dka zajednica op\u0107ine Vi\u0161kovo","article_publisher":"https:\/\/web.facebook.com\/VisitViskovo","article_modified_time":"2020-09-16T11:45:55+00:00","og_image":[{"width":800,"height":513,"url":"https:\/\/visitviskovo.hr\/wp-content\/uploads\/2019\/05\/20151212122809000000-main.jpg","type":"image\/jpeg"}],"twitter_card":"summary_large_image","twitter_misc":{"Gesch\u00e4tzte Lesezeit":"1 Minute"},"schema":{"@context":"https:\/\/schema.org","@graph":[{"@type":"WebPage","@id":"https:\/\/visitviskovo.hr\/de\/entdecke-viskovo\/kulturerbe\/st-matthaeuskirche\/","url":"https:\/\/visitviskovo.hr\/de\/entdecke-viskovo\/kulturerbe\/st-matthaeuskirche\/","name":"St. Matth\u00e4uskirche - Turisti\u010dka zajednica op\u0107ine Vi\u0161kovo","isPartOf":{"@id":"https:\/\/visitviskovo.hr\/it\/#website"},"primaryImageOfPage":{"@id":"https:\/\/visitviskovo.hr\/de\/entdecke-viskovo\/kulturerbe\/st-matthaeuskirche\/#primaryimage"},"image":{"@id":"https:\/\/visitviskovo.hr\/de\/entdecke-viskovo\/kulturerbe\/st-matthaeuskirche\/#primaryimage"},"thumbnailUrl":"https:\/\/visitviskovo.hr\/wp-content\/uploads\/2019\/05\/20151212122809000000-main.jpg","datePublished":"2019-08-20T11:19:50+00:00","dateModified":"2020-09-16T11:45:55+00:00","breadcrumb":{"@id":"https:\/\/visitviskovo.hr\/de\/entdecke-viskovo\/kulturerbe\/st-matthaeuskirche\/#breadcrumb"},"inLanguage":"de-DE","potentialAction":[{"@type":"ReadAction","target":["https:\/\/visitviskovo.hr\/de\/entdecke-viskovo\/kulturerbe\/st-matthaeuskirche\/"]}]},{"@type":"ImageObject","inLanguage":"de-DE","@id":"https:\/\/visitviskovo.hr\/de\/entdecke-viskovo\/kulturerbe\/st-matthaeuskirche\/#primaryimage","url":"https:\/\/visitviskovo.hr\/wp-content\/uploads\/2019\/05\/20151212122809000000-main.jpg","contentUrl":"https:\/\/visitviskovo.hr\/wp-content\/uploads\/2019\/05\/20151212122809000000-main.jpg","width":800,"height":513},{"@type":"BreadcrumbList","@id":"https:\/\/visitviskovo.hr\/de\/entdecke-viskovo\/kulturerbe\/st-matthaeuskirche\/#breadcrumb","itemListElement":[{"@type":"ListItem","position":1,"name":"Home","item":"https:\/\/visitviskovo.hr\/de\/"},{"@type":"ListItem","position":2,"name":"Entdecke Vi\u0161kovo","item":"https:\/\/visitviskovo.hr\/de\/entdecke-viskovo\/"},{"@type":"ListItem","position":3,"name":"Kulturerbe","item":"https:\/\/visitviskovo.hr\/de\/entdecke-viskovo\/kulturerbe\/"},{"@type":"ListItem","position":4,"name":"St. Matth\u00e4uskirche"}]},{"@type":"WebSite","@id":"https:\/\/visitviskovo.hr\/it\/#website","url":"https:\/\/visitviskovo.hr\/it\/","name":"Turisti\u010dka zajednica op\u0107ine Vi\u0161kovo","description":"","potentialAction":[{"@type":"SearchAction","target":{"@type":"EntryPoint","urlTemplate":"https:\/\/visitviskovo.hr\/it\/?s={search_term_string}"},"query-input":"required name=search_term_string"}],"inLanguage":"de-DE"}]}},"_links":{"self":[{"href":"https:\/\/visitviskovo.hr\/de\/wp-json\/wp\/v2\/pages\/4227"}],"collection":[{"href":"https:\/\/visitviskovo.hr\/de\/wp-json\/wp\/v2\/pages"}],"about":[{"href":"https:\/\/visitviskovo.hr\/de\/wp-json\/wp\/v2\/types\/page"}],"author":[{"embeddable":true,"href":"https:\/\/visitviskovo.hr\/de\/wp-json\/wp\/v2\/users\/1"}],"replies":[{"embeddable":true,"href":"https:\/\/visitviskovo.hr\/de\/wp-json\/wp\/v2\/comments?post=4227"}],"version-history":[{"count":3,"href":"https:\/\/visitviskovo.hr\/de\/wp-json\/wp\/v2\/pages\/4227\/revisions"}],"predecessor-version":[{"id":15026,"href":"https:\/\/visitviskovo.hr\/de\/wp-json\/wp\/v2\/pages\/4227\/revisions\/15026"}],"up":[{"embeddable":true,"href":"https:\/\/visitviskovo.hr\/de\/wp-json\/wp\/v2\/pages\/4224"}],"wp:featuredmedia":[{"embeddable":true,"href":"https:\/\/visitviskovo.hr\/de\/wp-json\/wp\/v2\/media\/4226"}],"wp:attachment":[{"href":"https:\/\/visitviskovo.hr\/de\/wp-json\/wp\/v2\/media?parent=4227"}],"curies":[{"name":"wp","href":"https:\/\/api.w.org\/{rel}","templated":true}]}}