{"id":4232,"date":"2019-08-20T11:22:10","date_gmt":"2019-08-20T11:22:10","guid":{"rendered":"https:\/\/visitviskovo.hr\/?page_id=4232"},"modified":"2023-09-28T07:58:39","modified_gmt":"2023-09-28T07:58:39","slug":"bibliothek-und-lesesaal-halubajska-zora","status":"publish","type":"page","link":"https:\/\/visitviskovo.hr\/de\/entdecke-viskovo\/kulturerbe\/bibliothek-und-lesesaal-halubajska-zora\/","title":{"rendered":"Bibliothek und Lesesaal Halubajska zora"},"content":{"rendered":"\n<p>Wie die Zeitung&nbsp;<em>Na\u0161a Sloga<\/em>&nbsp;am 26. Mai 1904 berichtete, wurde der Lesesaal&nbsp;<em>Halubajska Zora<\/em>1904 gegr\u00fcndet. Zuerst war der Lesesaal in einem Privathaus untergebracht. Er wurde w\u00e4hrend des Ersten Weltkriegs geschlossen, war dann aber in der Zeit zwischen den beiden Weltkriegen wieder ge\u00f6ffnet. Sein Name wurde mehrmals ge\u00e4ndert.<\/p>\n\n\n\n<p>Eines der wenigen erhaltenen Dokumente aus dieser Zeit ist die&nbsp;<em>Liste der Vereine in der Region Kastav&nbsp;<\/em>aus dem Jahr 1929. In der&nbsp;<em>Liste der Leses\u00e4le und Bildungsverb\u00e4nde im Bezirk Kastav&nbsp;<\/em>aus dem Jahr 1931 wird der Volkslesesaal<em>&nbsp;Halubjan Sveti Matej<\/em>&nbsp;erw\u00e4hnt. Dies zeigt, dass das Wort \u201ekroatisch\u201c in der jugoslawischen Zeit aus seinem Namen entfernt wurde. Auf einer Liste aus dem Jahr 1933 erscheint die Einrichtung unter dem Namen&nbsp;<em>Volksbibliothek und Lesesaal Halubjan<\/em>, was auch auf ihre Funktion als Bibliothek hinweist.<\/p>\n\n\n\n<p>Der Zweite Weltkrieg beendete die Aktivit\u00e4ten des Lesesaals f\u00fcr l\u00e4ngere Zeit. Nach 50 Jahren wurde die Bibliothek von der Kommission des kroatischen Kulturverbandes&nbsp;<em>Matica hrvatska<\/em>&nbsp;unter dem Namen&nbsp;<em>Halubajska zora&nbsp;<\/em>wieder ins Leben gerufen. Die Bibliothek wurde am 17. Mai 1992 in Anwesenheit des Akademikers Nedjeljko Fabrio und zahlreicher \u010dakavischer Poeten und G\u00e4ste feierlich er\u00f6ffnet. Der Bibliothekskatalog umfasste 821 B\u00fccher.<\/p>\n\n\n\n<p>Am 19. September 2003 wurde die Zentralbibliothek in das Erdgeschoss des Gemeindehauses in Marini\u0107i versetzt. Am ehemaligen Standort befindet sich nun die Niederlassung Vi\u0161kovo. Die neue Bibliothek hat 180 m<sup>2<\/sup>&nbsp;und umfasst mehrere Abteilungen: Informations- und Ausleihzentrale, Erwachsenen- und Kinderabteilung, Zeitungsabteilung und Lernraum. Im Jahr 2008 erhielt die Zentralbibliothek einen separaten Lesesaal und 2009 wurde ein neuer Service namens \u201eKnjigomat\u201c als einziger seiner Art in der Gespanschaft Primorje-Gorski Kotar eingef\u00fchrt.<\/p>\n\n\n\n<p>Neben den \u00fcblichen Aktivit\u00e4ten finden in der Bibliothek verschiedene Kulturveranstaltungen, Workshops, Buchpr\u00e4sentationen, Kunstausstellungen und Theaterauff\u00fchrungen statt.<\/p>\n","protected":false},"excerpt":{"rendered":"<p>Wie die Zeitung&nbsp;Na\u0161a Sloga&nbsp;am 26. Mai 1904 berichtete, wurde der Lesesaal&nbsp;Halubajska Zora1904 gegr\u00fcndet. Zuerst war der Lesesaal in einem Privathaus untergebracht. Er wurde w\u00e4hrend des Ersten Weltkriegs geschlossen, war dann aber in der Zeit zwischen den beiden Weltkriegen wieder ge\u00f6ffnet. Sein Name wurde mehrmals ge\u00e4ndert. Eines der wenigen erhaltenen Dokumente aus dieser Zeit ist die&nbsp;Liste [&hellip;]<\/p>\n","protected":false},"author":1,"featured_media":14244,"parent":4224,"menu_order":0,"comment_status":"closed","ping_status":"closed","template":"","meta":{"_acf_changed":false,"footnotes":""},"acf":[],"yoast_head":"<!-- This site is optimized with the Yoast SEO plugin v22.7 - https:\/\/yoast.com\/wordpress\/plugins\/seo\/ -->\n<title>Bibliothek und Lesesaal Halubajska zora - Turisti\u010dka zajednica op\u0107ine Vi\u0161kovo<\/title>\n<meta name=\"robots\" content=\"index, follow, max-snippet:-1, max-image-preview:large, max-video-preview:-1\" \/>\n<link rel=\"canonical\" href=\"https:\/\/visitviskovo.hr\/de\/entdecke-viskovo\/kulturerbe\/bibliothek-und-lesesaal-halubajska-zora\/\" \/>\n<meta property=\"og:locale\" content=\"de_DE\" \/>\n<meta property=\"og:type\" content=\"article\" \/>\n<meta property=\"og:title\" content=\"Bibliothek und Lesesaal Halubajska zora - Turisti\u010dka zajednica op\u0107ine Vi\u0161kovo\" \/>\n<meta property=\"og:description\" content=\"Wie die Zeitung&nbsp;Na\u0161a Sloga&nbsp;am 26. Mai 1904 berichtete, wurde der Lesesaal&nbsp;Halubajska Zora1904 gegr\u00fcndet. Zuerst war der Lesesaal in einem Privathaus untergebracht. Er wurde w\u00e4hrend des Ersten Weltkriegs geschlossen, war dann aber in der Zeit zwischen den beiden Weltkriegen wieder ge\u00f6ffnet. Sein Name wurde mehrmals ge\u00e4ndert. Eines der wenigen erhaltenen Dokumente aus dieser Zeit ist die&nbsp;Liste [&hellip;]\" \/>\n<meta property=\"og:url\" content=\"https:\/\/visitviskovo.hr\/de\/entdecke-viskovo\/kulturerbe\/bibliothek-und-lesesaal-halubajska-zora\/\" \/>\n<meta property=\"og:site_name\" content=\"Turisti\u010dka zajednica op\u0107ine Vi\u0161kovo\" \/>\n<meta property=\"article:publisher\" content=\"https:\/\/web.facebook.com\/VisitViskovo\" \/>\n<meta property=\"article:modified_time\" content=\"2023-09-28T07:58:39+00:00\" \/>\n<meta property=\"og:image\" content=\"https:\/\/visitviskovo.hr\/wp-content\/uploads\/2020\/06\/Knji\u017enica-6.jpg\" \/>\n\t<meta property=\"og:image:width\" content=\"1600\" \/>\n\t<meta property=\"og:image:height\" content=\"1200\" \/>\n\t<meta property=\"og:image:type\" content=\"image\/jpeg\" \/>\n<meta name=\"twitter:card\" content=\"summary_large_image\" \/>\n<meta name=\"twitter:label1\" content=\"Gesch\u00e4tzte Lesezeit\" \/>\n\t<meta name=\"twitter:data1\" content=\"2 Minuten\" \/>\n<script type=\"application\/ld+json\" class=\"yoast-schema-graph\">{\"@context\":\"https:\/\/schema.org\",\"@graph\":[{\"@type\":\"WebPage\",\"@id\":\"https:\/\/visitviskovo.hr\/de\/entdecke-viskovo\/kulturerbe\/bibliothek-und-lesesaal-halubajska-zora\/\",\"url\":\"https:\/\/visitviskovo.hr\/de\/entdecke-viskovo\/kulturerbe\/bibliothek-und-lesesaal-halubajska-zora\/\",\"name\":\"Bibliothek und Lesesaal Halubajska zora - Turisti\u010dka zajednica op\u0107ine Vi\u0161kovo\",\"isPartOf\":{\"@id\":\"https:\/\/visitviskovo.hr\/it\/#website\"},\"primaryImageOfPage\":{\"@id\":\"https:\/\/visitviskovo.hr\/de\/entdecke-viskovo\/kulturerbe\/bibliothek-und-lesesaal-halubajska-zora\/#primaryimage\"},\"image\":{\"@id\":\"https:\/\/visitviskovo.hr\/de\/entdecke-viskovo\/kulturerbe\/bibliothek-und-lesesaal-halubajska-zora\/#primaryimage\"},\"thumbnailUrl\":\"https:\/\/visitviskovo.hr\/wp-content\/uploads\/2020\/06\/Knji\u017enica-6.jpg\",\"datePublished\":\"2019-08-20T11:22:10+00:00\",\"dateModified\":\"2023-09-28T07:58:39+00:00\",\"breadcrumb\":{\"@id\":\"https:\/\/visitviskovo.hr\/de\/entdecke-viskovo\/kulturerbe\/bibliothek-und-lesesaal-halubajska-zora\/#breadcrumb\"},\"inLanguage\":\"de-DE\",\"potentialAction\":[{\"@type\":\"ReadAction\",\"target\":[\"https:\/\/visitviskovo.hr\/de\/entdecke-viskovo\/kulturerbe\/bibliothek-und-lesesaal-halubajska-zora\/\"]}]},{\"@type\":\"ImageObject\",\"inLanguage\":\"de-DE\",\"@id\":\"https:\/\/visitviskovo.hr\/de\/entdecke-viskovo\/kulturerbe\/bibliothek-und-lesesaal-halubajska-zora\/#primaryimage\",\"url\":\"https:\/\/visitviskovo.hr\/wp-content\/uploads\/2020\/06\/Knji\u017enica-6.jpg\",\"contentUrl\":\"https:\/\/visitviskovo.hr\/wp-content\/uploads\/2020\/06\/Knji\u017enica-6.jpg\",\"width\":1600,\"height\":1200},{\"@type\":\"BreadcrumbList\",\"@id\":\"https:\/\/visitviskovo.hr\/de\/entdecke-viskovo\/kulturerbe\/bibliothek-und-lesesaal-halubajska-zora\/#breadcrumb\",\"itemListElement\":[{\"@type\":\"ListItem\",\"position\":1,\"name\":\"Home\",\"item\":\"https:\/\/visitviskovo.hr\/de\/\"},{\"@type\":\"ListItem\",\"position\":2,\"name\":\"Entdecke Vi\u0161kovo\",\"item\":\"https:\/\/visitviskovo.hr\/de\/entdecke-viskovo\/\"},{\"@type\":\"ListItem\",\"position\":3,\"name\":\"Kulturerbe\",\"item\":\"https:\/\/visitviskovo.hr\/de\/entdecke-viskovo\/kulturerbe\/\"},{\"@type\":\"ListItem\",\"position\":4,\"name\":\"Bibliothek und Lesesaal Halubajska zora\"}]},{\"@type\":\"WebSite\",\"@id\":\"https:\/\/visitviskovo.hr\/it\/#website\",\"url\":\"https:\/\/visitviskovo.hr\/it\/\",\"name\":\"Turisti\u010dka zajednica op\u0107ine Vi\u0161kovo\",\"description\":\"\",\"potentialAction\":[{\"@type\":\"SearchAction\",\"target\":{\"@type\":\"EntryPoint\",\"urlTemplate\":\"https:\/\/visitviskovo.hr\/it\/?s={search_term_string}\"},\"query-input\":\"required name=search_term_string\"}],\"inLanguage\":\"de-DE\"}]}<\/script>\n<!-- \/ Yoast SEO plugin. -->","yoast_head_json":{"title":"Bibliothek und Lesesaal Halubajska zora - Turisti\u010dka zajednica op\u0107ine Vi\u0161kovo","robots":{"index":"index","follow":"follow","max-snippet":"max-snippet:-1","max-image-preview":"max-image-preview:large","max-video-preview":"max-video-preview:-1"},"canonical":"https:\/\/visitviskovo.hr\/de\/entdecke-viskovo\/kulturerbe\/bibliothek-und-lesesaal-halubajska-zora\/","og_locale":"de_DE","og_type":"article","og_title":"Bibliothek und Lesesaal Halubajska zora - Turisti\u010dka zajednica op\u0107ine Vi\u0161kovo","og_description":"Wie die Zeitung&nbsp;Na\u0161a Sloga&nbsp;am 26. Mai 1904 berichtete, wurde der Lesesaal&nbsp;Halubajska Zora1904 gegr\u00fcndet. Zuerst war der Lesesaal in einem Privathaus untergebracht. Er wurde w\u00e4hrend des Ersten Weltkriegs geschlossen, war dann aber in der Zeit zwischen den beiden Weltkriegen wieder ge\u00f6ffnet. Sein Name wurde mehrmals ge\u00e4ndert. Eines der wenigen erhaltenen Dokumente aus dieser Zeit ist die&nbsp;Liste [&hellip;]","og_url":"https:\/\/visitviskovo.hr\/de\/entdecke-viskovo\/kulturerbe\/bibliothek-und-lesesaal-halubajska-zora\/","og_site_name":"Turisti\u010dka zajednica op\u0107ine Vi\u0161kovo","article_publisher":"https:\/\/web.facebook.com\/VisitViskovo","article_modified_time":"2023-09-28T07:58:39+00:00","og_image":[{"width":1600,"height":1200,"url":"https:\/\/visitviskovo.hr\/wp-content\/uploads\/2020\/06\/Knji\u017enica-6.jpg","type":"image\/jpeg"}],"twitter_card":"summary_large_image","twitter_misc":{"Gesch\u00e4tzte Lesezeit":"2 Minuten"},"schema":{"@context":"https:\/\/schema.org","@graph":[{"@type":"WebPage","@id":"https:\/\/visitviskovo.hr\/de\/entdecke-viskovo\/kulturerbe\/bibliothek-und-lesesaal-halubajska-zora\/","url":"https:\/\/visitviskovo.hr\/de\/entdecke-viskovo\/kulturerbe\/bibliothek-und-lesesaal-halubajska-zora\/","name":"Bibliothek und Lesesaal Halubajska zora - Turisti\u010dka zajednica op\u0107ine Vi\u0161kovo","isPartOf":{"@id":"https:\/\/visitviskovo.hr\/it\/#website"},"primaryImageOfPage":{"@id":"https:\/\/visitviskovo.hr\/de\/entdecke-viskovo\/kulturerbe\/bibliothek-und-lesesaal-halubajska-zora\/#primaryimage"},"image":{"@id":"https:\/\/visitviskovo.hr\/de\/entdecke-viskovo\/kulturerbe\/bibliothek-und-lesesaal-halubajska-zora\/#primaryimage"},"thumbnailUrl":"https:\/\/visitviskovo.hr\/wp-content\/uploads\/2020\/06\/Knji\u017enica-6.jpg","datePublished":"2019-08-20T11:22:10+00:00","dateModified":"2023-09-28T07:58:39+00:00","breadcrumb":{"@id":"https:\/\/visitviskovo.hr\/de\/entdecke-viskovo\/kulturerbe\/bibliothek-und-lesesaal-halubajska-zora\/#breadcrumb"},"inLanguage":"de-DE","potentialAction":[{"@type":"ReadAction","target":["https:\/\/visitviskovo.hr\/de\/entdecke-viskovo\/kulturerbe\/bibliothek-und-lesesaal-halubajska-zora\/"]}]},{"@type":"ImageObject","inLanguage":"de-DE","@id":"https:\/\/visitviskovo.hr\/de\/entdecke-viskovo\/kulturerbe\/bibliothek-und-lesesaal-halubajska-zora\/#primaryimage","url":"https:\/\/visitviskovo.hr\/wp-content\/uploads\/2020\/06\/Knji\u017enica-6.jpg","contentUrl":"https:\/\/visitviskovo.hr\/wp-content\/uploads\/2020\/06\/Knji\u017enica-6.jpg","width":1600,"height":1200},{"@type":"BreadcrumbList","@id":"https:\/\/visitviskovo.hr\/de\/entdecke-viskovo\/kulturerbe\/bibliothek-und-lesesaal-halubajska-zora\/#breadcrumb","itemListElement":[{"@type":"ListItem","position":1,"name":"Home","item":"https:\/\/visitviskovo.hr\/de\/"},{"@type":"ListItem","position":2,"name":"Entdecke Vi\u0161kovo","item":"https:\/\/visitviskovo.hr\/de\/entdecke-viskovo\/"},{"@type":"ListItem","position":3,"name":"Kulturerbe","item":"https:\/\/visitviskovo.hr\/de\/entdecke-viskovo\/kulturerbe\/"},{"@type":"ListItem","position":4,"name":"Bibliothek und Lesesaal Halubajska zora"}]},{"@type":"WebSite","@id":"https:\/\/visitviskovo.hr\/it\/#website","url":"https:\/\/visitviskovo.hr\/it\/","name":"Turisti\u010dka zajednica op\u0107ine Vi\u0161kovo","description":"","potentialAction":[{"@type":"SearchAction","target":{"@type":"EntryPoint","urlTemplate":"https:\/\/visitviskovo.hr\/it\/?s={search_term_string}"},"query-input":"required name=search_term_string"}],"inLanguage":"de-DE"}]}},"_links":{"self":[{"href":"https:\/\/visitviskovo.hr\/de\/wp-json\/wp\/v2\/pages\/4232"}],"collection":[{"href":"https:\/\/visitviskovo.hr\/de\/wp-json\/wp\/v2\/pages"}],"about":[{"href":"https:\/\/visitviskovo.hr\/de\/wp-json\/wp\/v2\/types\/page"}],"author":[{"embeddable":true,"href":"https:\/\/visitviskovo.hr\/de\/wp-json\/wp\/v2\/users\/1"}],"replies":[{"embeddable":true,"href":"https:\/\/visitviskovo.hr\/de\/wp-json\/wp\/v2\/comments?post=4232"}],"version-history":[{"count":2,"href":"https:\/\/visitviskovo.hr\/de\/wp-json\/wp\/v2\/pages\/4232\/revisions"}],"predecessor-version":[{"id":13496,"href":"https:\/\/visitviskovo.hr\/de\/wp-json\/wp\/v2\/pages\/4232\/revisions\/13496"}],"up":[{"embeddable":true,"href":"https:\/\/visitviskovo.hr\/de\/wp-json\/wp\/v2\/pages\/4224"}],"wp:featuredmedia":[{"embeddable":true,"href":"https:\/\/visitviskovo.hr\/de\/wp-json\/wp\/v2\/media\/14244"}],"wp:attachment":[{"href":"https:\/\/visitviskovo.hr\/de\/wp-json\/wp\/v2\/media?parent=4232"}],"curies":[{"name":"wp","href":"https:\/\/api.w.org\/{rel}","templated":true}]}}