{"id":4235,"date":"2019-08-20T11:23:46","date_gmt":"2019-08-20T11:23:46","guid":{"rendered":"https:\/\/visitviskovo.hr\/?page_id=4235"},"modified":"2023-09-28T07:45:05","modified_gmt":"2023-09-28T07:45:05","slug":"tornice-und-sterne","status":"publish","type":"page","link":"https:\/\/visitviskovo.hr\/de\/entdecke-viskovo\/kulturerbe\/tornice-und-sterne\/","title":{"rendered":"Tornice und \u0161terne"},"content":{"rendered":"\n<h2 class=\"wp-block-heading\">Tornica<\/h2>\n\n\n\n<p><em>Tornica<\/em>&nbsp;ist ein typisches Bauelement im l\u00e4ndlichen Gebiet der Region Kvarner. Es handelt sich dabei um einen halbkreisf\u00f6rmigen Anbau an die K\u00fcche, in dem sich eine Feuerstelle befand. Hier versammelte sich die Familie zu Mahlzeiten und im Winter auch wegen der W\u00e4rme. Zur Feuerstelle geh\u00f6rten typischerweise auch ein schmiedeeiserner Holzhalter, ein Sch\u00fcreisen und sonstige Werkzeuge, Dreif\u00fc\u00dfe f\u00fcr Kochgeschirr und eine Kette zum Aufh\u00e4ngen des Kessels, in dem man das Essen kochte bzw. Wasser erhitzte. Auch ein Bratrost f\u00fcr Fisch, Tont\u00f6pfe, Backglocken (<em>Peka<\/em>&nbsp;oder&nbsp;<em>\u010cripnja<\/em>) zum Backen von Brot oder Kartoffeln sowie&nbsp;<em>Bukaleta<\/em>-Weinkruge durften nicht fehlen. So manche&nbsp;<em>Tornica&nbsp;<\/em>hatte auch einen Steinofen (<em>Peknjica<\/em>) zum Brotbacken. <\/p>\n\n\n\n<h2 class=\"wp-block-heading\">\u0160terne<\/h2>\n\n\n\n<figure class=\"wp-block-image size-full is-resized\"><img loading=\"lazy\" decoding=\"async\" src=\"https:\/\/visitviskovo.hr\/wp-content\/uploads\/2020\/05\/\u0160terna-detalj-3-Medium.jpg\" alt=\"\" class=\"wp-image-13798\" width=\"552\" height=\"368\" srcset=\"https:\/\/visitviskovo.hr\/wp-content\/uploads\/2020\/05\/\u0160terna-detalj-3-Medium.jpg 1151w, https:\/\/visitviskovo.hr\/wp-content\/uploads\/2020\/05\/\u0160terna-detalj-3-Medium-300x200.jpg 300w, https:\/\/visitviskovo.hr\/wp-content\/uploads\/2020\/05\/\u0160terna-detalj-3-Medium-768x512.jpg 768w\" sizes=\"(max-width: 552px) 100vw, 552px\" \/><\/figure>\n\n\n\n<p>Wasser ist seit jeher ein Grundbed\u00fcrfnis des Menschen. In D\u00f6rfern, die sich weit entfernt von Wasserquellen befanden, bauten die Menschen Brunnen. Da ihr Bau eine finanziell und architektonisch anspruchsvolle Aufgabe war, wurden kommunale Brunnen gebaut, normalerweise im Ortszentrum. In der Vergangenheit waren private Wasserbrunnen selten und streng bewacht.<\/p>\n\n\n\n<p>Kommunale Wasserbrunnen waren Orte, die Menschen nicht nur besuchten, um Wasser zu holen, sondern auch um Informationen auszutauschen, Zeit mit anderen zu verbringen, eine Pause einzulegen, Geschichten zu erz\u00e4hlen, zu singen und sich zu unterhalten.Wenn Sie Vi\u0161kovo in den Sommermonaten besuchen, nehmen Sie sich Zeit f\u00fcr die Veranstaltungsreihe \u201e<a href=\"https:\/\/visitviskovo.hr\/de\/was-tun-2\/die-vergangenheit-in-der-gegenwart-veranstaltungen\/\">Wasserbrunnen <\/a><em><a href=\"https:\/\/visitviskovo.hr\/de\/was-tun-2\/die-vergangenheit-in-der-gegenwart-veranstaltungen\/\">\u0160terne<\/a><\/em><a href=\"https:\/\/visitviskovo.hr\/de\/was-tun-2\/die-vergangenheit-in-der-gegenwart-veranstaltungen\/\"> \u2013 die Quelle des Lebens\u201c<\/a>, die diese Brunnen, wenn auch nur f\u00fcr eine Weile, wieder zum Leben erweckt.<\/p>\n","protected":false},"excerpt":{"rendered":"<p>Tornica Tornica&nbsp;ist ein typisches Bauelement im l\u00e4ndlichen Gebiet der Region Kvarner. Es handelt sich dabei um einen halbkreisf\u00f6rmigen Anbau an die K\u00fcche, in dem sich eine Feuerstelle befand. Hier versammelte sich die Familie zu Mahlzeiten und im Winter auch wegen der W\u00e4rme. Zur Feuerstelle geh\u00f6rten typischerweise auch ein schmiedeeiserner Holzhalter, ein Sch\u00fcreisen und sonstige Werkzeuge, [&hellip;]<\/p>\n","protected":false},"author":1,"featured_media":13319,"parent":4224,"menu_order":0,"comment_status":"closed","ping_status":"closed","template":"","meta":{"_acf_changed":false,"footnotes":""},"acf":[],"yoast_head":"<!-- This site is optimized with the Yoast SEO plugin v22.7 - https:\/\/yoast.com\/wordpress\/plugins\/seo\/ -->\n<title>Tornice und \u0161terne - Turisti\u010dka zajednica op\u0107ine Vi\u0161kovo<\/title>\n<meta name=\"robots\" content=\"index, follow, max-snippet:-1, max-image-preview:large, max-video-preview:-1\" \/>\n<link rel=\"canonical\" href=\"https:\/\/visitviskovo.hr\/de\/entdecke-viskovo\/kulturerbe\/tornice-und-sterne\/\" \/>\n<meta property=\"og:locale\" content=\"de_DE\" \/>\n<meta property=\"og:type\" content=\"article\" \/>\n<meta property=\"og:title\" content=\"Tornice und \u0161terne - Turisti\u010dka zajednica op\u0107ine Vi\u0161kovo\" \/>\n<meta property=\"og:description\" content=\"Tornica Tornica&nbsp;ist ein typisches Bauelement im l\u00e4ndlichen Gebiet der Region Kvarner. Es handelt sich dabei um einen halbkreisf\u00f6rmigen Anbau an die K\u00fcche, in dem sich eine Feuerstelle befand. Hier versammelte sich die Familie zu Mahlzeiten und im Winter auch wegen der W\u00e4rme. Zur Feuerstelle geh\u00f6rten typischerweise auch ein schmiedeeiserner Holzhalter, ein Sch\u00fcreisen und sonstige Werkzeuge, [&hellip;]\" \/>\n<meta property=\"og:url\" content=\"https:\/\/visitviskovo.hr\/de\/entdecke-viskovo\/kulturerbe\/tornice-und-sterne\/\" \/>\n<meta property=\"og:site_name\" content=\"Turisti\u010dka zajednica op\u0107ine Vi\u0161kovo\" \/>\n<meta property=\"article:publisher\" content=\"https:\/\/web.facebook.com\/VisitViskovo\" \/>\n<meta property=\"article:modified_time\" content=\"2023-09-28T07:45:05+00:00\" \/>\n<meta property=\"og:image\" content=\"https:\/\/visitviskovo.hr\/wp-content\/uploads\/2020\/04\/TORNICA1-1280x880.jpg\" \/>\n\t<meta property=\"og:image:width\" content=\"1280\" \/>\n\t<meta property=\"og:image:height\" content=\"880\" \/>\n\t<meta property=\"og:image:type\" content=\"image\/jpeg\" \/>\n<meta name=\"twitter:card\" content=\"summary_large_image\" \/>\n<meta name=\"twitter:label1\" content=\"Gesch\u00e4tzte Lesezeit\" \/>\n\t<meta name=\"twitter:data1\" content=\"2 Minuten\" \/>\n<script type=\"application\/ld+json\" class=\"yoast-schema-graph\">{\"@context\":\"https:\/\/schema.org\",\"@graph\":[{\"@type\":\"WebPage\",\"@id\":\"https:\/\/visitviskovo.hr\/de\/entdecke-viskovo\/kulturerbe\/tornice-und-sterne\/\",\"url\":\"https:\/\/visitviskovo.hr\/de\/entdecke-viskovo\/kulturerbe\/tornice-und-sterne\/\",\"name\":\"Tornice und \u0161terne - Turisti\u010dka zajednica op\u0107ine Vi\u0161kovo\",\"isPartOf\":{\"@id\":\"https:\/\/visitviskovo.hr\/it\/#website\"},\"primaryImageOfPage\":{\"@id\":\"https:\/\/visitviskovo.hr\/de\/entdecke-viskovo\/kulturerbe\/tornice-und-sterne\/#primaryimage\"},\"image\":{\"@id\":\"https:\/\/visitviskovo.hr\/de\/entdecke-viskovo\/kulturerbe\/tornice-und-sterne\/#primaryimage\"},\"thumbnailUrl\":\"https:\/\/visitviskovo.hr\/wp-content\/uploads\/2020\/04\/TORNICA1.jpg\",\"datePublished\":\"2019-08-20T11:23:46+00:00\",\"dateModified\":\"2023-09-28T07:45:05+00:00\",\"breadcrumb\":{\"@id\":\"https:\/\/visitviskovo.hr\/de\/entdecke-viskovo\/kulturerbe\/tornice-und-sterne\/#breadcrumb\"},\"inLanguage\":\"de-DE\",\"potentialAction\":[{\"@type\":\"ReadAction\",\"target\":[\"https:\/\/visitviskovo.hr\/de\/entdecke-viskovo\/kulturerbe\/tornice-und-sterne\/\"]}]},{\"@type\":\"ImageObject\",\"inLanguage\":\"de-DE\",\"@id\":\"https:\/\/visitviskovo.hr\/de\/entdecke-viskovo\/kulturerbe\/tornice-und-sterne\/#primaryimage\",\"url\":\"https:\/\/visitviskovo.hr\/wp-content\/uploads\/2020\/04\/TORNICA1.jpg\",\"contentUrl\":\"https:\/\/visitviskovo.hr\/wp-content\/uploads\/2020\/04\/TORNICA1.jpg\",\"width\":3071,\"height\":2112,\"caption\":\"Tornica\"},{\"@type\":\"BreadcrumbList\",\"@id\":\"https:\/\/visitviskovo.hr\/de\/entdecke-viskovo\/kulturerbe\/tornice-und-sterne\/#breadcrumb\",\"itemListElement\":[{\"@type\":\"ListItem\",\"position\":1,\"name\":\"Home\",\"item\":\"https:\/\/visitviskovo.hr\/de\/\"},{\"@type\":\"ListItem\",\"position\":2,\"name\":\"Entdecke Vi\u0161kovo\",\"item\":\"https:\/\/visitviskovo.hr\/de\/entdecke-viskovo\/\"},{\"@type\":\"ListItem\",\"position\":3,\"name\":\"Kulturerbe\",\"item\":\"https:\/\/visitviskovo.hr\/de\/entdecke-viskovo\/kulturerbe\/\"},{\"@type\":\"ListItem\",\"position\":4,\"name\":\"Tornice und \u0161terne\"}]},{\"@type\":\"WebSite\",\"@id\":\"https:\/\/visitviskovo.hr\/it\/#website\",\"url\":\"https:\/\/visitviskovo.hr\/it\/\",\"name\":\"Turisti\u010dka zajednica op\u0107ine Vi\u0161kovo\",\"description\":\"\",\"potentialAction\":[{\"@type\":\"SearchAction\",\"target\":{\"@type\":\"EntryPoint\",\"urlTemplate\":\"https:\/\/visitviskovo.hr\/it\/?s={search_term_string}\"},\"query-input\":\"required name=search_term_string\"}],\"inLanguage\":\"de-DE\"}]}<\/script>\n<!-- \/ Yoast SEO plugin. -->","yoast_head_json":{"title":"Tornice und \u0161terne - Turisti\u010dka zajednica op\u0107ine Vi\u0161kovo","robots":{"index":"index","follow":"follow","max-snippet":"max-snippet:-1","max-image-preview":"max-image-preview:large","max-video-preview":"max-video-preview:-1"},"canonical":"https:\/\/visitviskovo.hr\/de\/entdecke-viskovo\/kulturerbe\/tornice-und-sterne\/","og_locale":"de_DE","og_type":"article","og_title":"Tornice und \u0161terne - Turisti\u010dka zajednica op\u0107ine Vi\u0161kovo","og_description":"Tornica Tornica&nbsp;ist ein typisches Bauelement im l\u00e4ndlichen Gebiet der Region Kvarner. Es handelt sich dabei um einen halbkreisf\u00f6rmigen Anbau an die K\u00fcche, in dem sich eine Feuerstelle befand. Hier versammelte sich die Familie zu Mahlzeiten und im Winter auch wegen der W\u00e4rme. Zur Feuerstelle geh\u00f6rten typischerweise auch ein schmiedeeiserner Holzhalter, ein Sch\u00fcreisen und sonstige Werkzeuge, [&hellip;]","og_url":"https:\/\/visitviskovo.hr\/de\/entdecke-viskovo\/kulturerbe\/tornice-und-sterne\/","og_site_name":"Turisti\u010dka zajednica op\u0107ine Vi\u0161kovo","article_publisher":"https:\/\/web.facebook.com\/VisitViskovo","article_modified_time":"2023-09-28T07:45:05+00:00","og_image":[{"width":1280,"height":880,"url":"https:\/\/visitviskovo.hr\/wp-content\/uploads\/2020\/04\/TORNICA1-1280x880.jpg","type":"image\/jpeg"}],"twitter_card":"summary_large_image","twitter_misc":{"Gesch\u00e4tzte Lesezeit":"2 Minuten"},"schema":{"@context":"https:\/\/schema.org","@graph":[{"@type":"WebPage","@id":"https:\/\/visitviskovo.hr\/de\/entdecke-viskovo\/kulturerbe\/tornice-und-sterne\/","url":"https:\/\/visitviskovo.hr\/de\/entdecke-viskovo\/kulturerbe\/tornice-und-sterne\/","name":"Tornice und \u0161terne - Turisti\u010dka zajednica op\u0107ine Vi\u0161kovo","isPartOf":{"@id":"https:\/\/visitviskovo.hr\/it\/#website"},"primaryImageOfPage":{"@id":"https:\/\/visitviskovo.hr\/de\/entdecke-viskovo\/kulturerbe\/tornice-und-sterne\/#primaryimage"},"image":{"@id":"https:\/\/visitviskovo.hr\/de\/entdecke-viskovo\/kulturerbe\/tornice-und-sterne\/#primaryimage"},"thumbnailUrl":"https:\/\/visitviskovo.hr\/wp-content\/uploads\/2020\/04\/TORNICA1.jpg","datePublished":"2019-08-20T11:23:46+00:00","dateModified":"2023-09-28T07:45:05+00:00","breadcrumb":{"@id":"https:\/\/visitviskovo.hr\/de\/entdecke-viskovo\/kulturerbe\/tornice-und-sterne\/#breadcrumb"},"inLanguage":"de-DE","potentialAction":[{"@type":"ReadAction","target":["https:\/\/visitviskovo.hr\/de\/entdecke-viskovo\/kulturerbe\/tornice-und-sterne\/"]}]},{"@type":"ImageObject","inLanguage":"de-DE","@id":"https:\/\/visitviskovo.hr\/de\/entdecke-viskovo\/kulturerbe\/tornice-und-sterne\/#primaryimage","url":"https:\/\/visitviskovo.hr\/wp-content\/uploads\/2020\/04\/TORNICA1.jpg","contentUrl":"https:\/\/visitviskovo.hr\/wp-content\/uploads\/2020\/04\/TORNICA1.jpg","width":3071,"height":2112,"caption":"Tornica"},{"@type":"BreadcrumbList","@id":"https:\/\/visitviskovo.hr\/de\/entdecke-viskovo\/kulturerbe\/tornice-und-sterne\/#breadcrumb","itemListElement":[{"@type":"ListItem","position":1,"name":"Home","item":"https:\/\/visitviskovo.hr\/de\/"},{"@type":"ListItem","position":2,"name":"Entdecke Vi\u0161kovo","item":"https:\/\/visitviskovo.hr\/de\/entdecke-viskovo\/"},{"@type":"ListItem","position":3,"name":"Kulturerbe","item":"https:\/\/visitviskovo.hr\/de\/entdecke-viskovo\/kulturerbe\/"},{"@type":"ListItem","position":4,"name":"Tornice und \u0161terne"}]},{"@type":"WebSite","@id":"https:\/\/visitviskovo.hr\/it\/#website","url":"https:\/\/visitviskovo.hr\/it\/","name":"Turisti\u010dka zajednica op\u0107ine Vi\u0161kovo","description":"","potentialAction":[{"@type":"SearchAction","target":{"@type":"EntryPoint","urlTemplate":"https:\/\/visitviskovo.hr\/it\/?s={search_term_string}"},"query-input":"required name=search_term_string"}],"inLanguage":"de-DE"}]}},"_links":{"self":[{"href":"https:\/\/visitviskovo.hr\/de\/wp-json\/wp\/v2\/pages\/4235"}],"collection":[{"href":"https:\/\/visitviskovo.hr\/de\/wp-json\/wp\/v2\/pages"}],"about":[{"href":"https:\/\/visitviskovo.hr\/de\/wp-json\/wp\/v2\/types\/page"}],"author":[{"embeddable":true,"href":"https:\/\/visitviskovo.hr\/de\/wp-json\/wp\/v2\/users\/1"}],"replies":[{"embeddable":true,"href":"https:\/\/visitviskovo.hr\/de\/wp-json\/wp\/v2\/comments?post=4235"}],"version-history":[{"count":7,"href":"https:\/\/visitviskovo.hr\/de\/wp-json\/wp\/v2\/pages\/4235\/revisions"}],"predecessor-version":[{"id":20551,"href":"https:\/\/visitviskovo.hr\/de\/wp-json\/wp\/v2\/pages\/4235\/revisions\/20551"}],"up":[{"embeddable":true,"href":"https:\/\/visitviskovo.hr\/de\/wp-json\/wp\/v2\/pages\/4224"}],"wp:featuredmedia":[{"embeddable":true,"href":"https:\/\/visitviskovo.hr\/de\/wp-json\/wp\/v2\/media\/13319"}],"wp:attachment":[{"href":"https:\/\/visitviskovo.hr\/de\/wp-json\/wp\/v2\/media?parent=4235"}],"curies":[{"name":"wp","href":"https:\/\/api.w.org\/{rel}","templated":true}]}}