{"id":4273,"date":"2019-08-20T11:39:38","date_gmt":"2019-08-20T11:39:38","guid":{"rendered":"https:\/\/visitviskovo.hr\/?page_id=4273"},"modified":"2020-09-15T12:23:49","modified_gmt":"2020-09-15T12:23:49","slug":"wanderwege","status":"publish","type":"page","link":"https:\/\/visitviskovo.hr\/de\/wanderwege\/","title":{"rendered":"Wanderwege"},"content":{"rendered":"\n<p>Die gepflegten Wanderwege laden zu angenehmen Spazierg\u00e4ngen durch verschiedene Waldlandschaften ein \u2013 zu zweit, mit Freunden oder mit Ihrem Hund. Unabh\u00e4ngig davon, ob man nur mal eine Pause ben\u00f6tigt, sportlich aktiv sein will oder einfach nur frische Luft braucht, hier kann man interessante Landformen bewundern oder sogar ein Reh oder einen Falken erblicken. <\/p>\n\n\n\n<p>Besonders interessant sind die Trockenmauern, die hier&nbsp;<em><a href=\"https:\/\/visitviskovo.hr\/de\/entdecke-viskovo\/kulturerbe\/gromace-die-trockenmauern\/\">Groma\u010de<\/a><\/em>&nbsp;genannt werden. Sie grenzen die Wege ab, st\u00fctzen die alten Gartenterrassen und umgeben die&nbsp;<em><a href=\"https:\/\/visitviskovo.hr\/de\/was-tun-2\/kalici-wasserteiche\/\">Kali\u0107i<\/a><\/em><a href=\"https:\/\/visitviskovo.hr\/de\/was-tun-2\/kalici-wasserteiche\/\">-Teiche<\/a>, die einst als Viehtr\u00e4nke dienten.<\/p>\n\n\n\n<h2 class=\"wp-block-heading\">Der Wanderpfad Milohni<\/h2>\n\n\n\n<p>Dieser kreisf\u00f6rmige Wanderweg, der an zahlreichen Karstg\u00e4rten und Dolinen vorbeif\u00fchrt, kann in einer Stunde leicht zu Fu\u00df zur\u00fcckgelegt werden und ist ideal f\u00fcr einen Nachmittagsspaziergang. Vom Dorf Milohni f\u00fchrt die Strecke durch die Waldgebiete \u00fcber einen alten Fahrweg in Richtung Kastav. Nach einem Ruheplatz biegt der Weg nach links ab und bietet zwei M\u00f6glichkeiten. Nach rechts f\u00fchrt der Weg zur \u0160porova Jama und zur Stadt Kastav, und nach links zum Ort Bezjaki und einem herrlichen Blick auf Kvarner. In Richtung Bezjaki bieten sich ebenfalls zwei M\u00f6glichkeiten. Ein leichter Aufstieg f\u00fchrt zu einer Kreuzung: links geht es zur\u00fcck zum Dorf Milohni, und geradeaus erreicht man Bezjaki. Von Bezjaki aus f\u00fchrt der Weg auch nach Srdo\u010di und Zamet.<\/p>\n\n\n\n<p>Der Wanderweg Milohni f\u00fchrt auch zum Teich Kapitovac, der sich in einer tiefen Doline neben dem Dorf Milohni befindet. Der von Trockenmauern umgebene Zugangsweg f\u00fchrt zu einer tiefen Doline, und ein steiler Pfad f\u00fchrt hinunter zu einem ummauerten, mit Laubb\u00e4umen bewachsenen Teich. All diese Routen bieten Ihnen die M\u00f6glichkeit, weniger bekannte Teile des Kastav-Gebiets zu erkunden.<\/p>\n\n\n\n<h2 class=\"wp-block-heading\">Der Wanderweg Ple\u0161ivac <\/h2>\n\n\n\n<p>Der Wanderweg Ple\u0161ivac ist f\u00fcr alle Altersgruppen geeignet. Die sanften Anstiege sind ideal f\u00fcr Freizeitaktivit\u00e4ten in einer herrlichen Waldlandschaft. Dieser 8,6 km lange Weg verbindet die D\u00f6rfer Mar\u010delji und Tiblja\u0161i und sein h\u00f6chster Gipfel, Ple\u0161ivac (<em>ple\u0161iv<\/em> bedeutet haarlos), liegt auf einer H\u00f6he von 429 m. An diesen Wanderweg schlie\u00dft sich ein Radweg an, der nach Ronjgi und zum Geburtshaus von Ivan Mateti\u0107 Ronjgov f\u00fchrt, das heute als kulturelle Einrichtung und Gedenkst\u00e4tte dient.<\/p>\n\n\n\n<p>Ausgehend von der alten Schule in Mar\u010delji in Richtung des Dorfes Bi\u0161kupi und eines Ruheplatzes gibt es eine Weggabelung. Die Abzweigungen f\u00fchren nach Mladeni\u0107i, Petrci und Tiblja\u0161i. Eine Abzweigung f\u00fchrt auch nach Kablari in Drenova. Von Tiblja\u0161i aus kann man sich der Strecke Drenova-Pehlin anschlie\u00dfen und den Weg in Richtung Rijeka fortsetzen.<\/p>\n\n\n\n<h2 class=\"wp-block-heading\">Der Wanderpfad Lon\u010deva Gri\u017ea <\/h2>\n\n\n\n<p>Dieser anspruchsvolle Wanderpfad mit einer L\u00e4nge von 15 km bietet einen herrlichen Ausblick auf die Kvarner Bucht, die Berge von Gorski Kotar und die Gebiete von Kastav und Grobnik, insbesondere von den Kalksteinfelsen aus, die sich auf dem 506 m hohem Gipfel Lon\u010deva Gri\u017ea (<em>gri\u017ea<\/em> bedeutet Steinhaufen) befinden. Auf dem Aussichtspunkt gibt es Schautafeln auf Chakavisch, Kroatisch und Englisch mit Informationen \u00fcber den ehemaligen Steinbruch in Lon\u010deva Gri\u017ea, aus dem fr\u00fcher Felsbrocken gewonnen wurden. Oberhalb des Dorfes Skva\u017ei\u0107i befand sich auch ein kleinerer Steinbruch, aus dem die Bewohner des Dorfes und der Umgebung ihren Bedarf deckten. Eine Freiluftausstellung alter Steinmetzwerkzeuge auf einem Felsen des alten Steinbruchs informiert die Besucher \u00fcber die Br\u00e4uche des Gebiets von Halubje.<\/p>\n\n\n\n<h2 class=\"wp-block-heading\"><strong>Der Wanderweg Puti\u0107 od mi\u0107e i vele sopele<\/strong> <\/h2>\n\n\n\n<p>Der Wanderweg \u201ePuti\u0107 od Mi\u0107e i Vele Sopele\u201c bietet nicht nur Wander- und Freizeitm\u00f6glichkeiten, sondern macht die Besucher auch mit einem der bedeutendsten Pers\u00f6nlichkeiten in den Gebieten Halubje und Kastav bekannt \u2013 dem Komponisten, Ethnomusikologen und Musiklehrer Ivan Mateti\u0107 Ronjgov. Ein Pfad dieses Weges f\u00fchrt zu einem kleinen Ruheplatz, der von Trockenmauern gepr\u00e4gt ist, einem typischen architektonischen Element, das vor Ort als <em>Groma\u010da<\/em> bekannt ist. Nach ca. 350 m erreichen Sie einen Aussichtspunkt mit Blick auf die unber\u00fchrte Natur und die historische Stadt Kastav. Zu jeder Jahreszeit hei\u00dft Sie der karge Karstboden in einem Waldgebiet willkommen, das gr\u00f6\u00dftenteils mit Hainbuchen, Eichen und niedriger Vegetation bewachsen ist.<\/p>\n\n\n\n<p>Wenn Sie Vi\u0161kovo im April besuchen, lassen Sie sich die Wandertour \u201ePriprema, pozor, sad!\u201c (<em>Achtung, fertig, los!<\/em>) nicht entgehen und lernen Sie unser Gebiet zusammen mit den Wanderleitern und Naturliebhabern des Wandervereins Vi\u0161kovo kennen. Im Herbst entdecken Sie die traditionellen Wege der Glockentr\u00e4ger <em>Halubajski zvon\u010dari<\/em> auf der gef\u00fchrten Wandertour \u201ePro\u0161e\u0107i se z manun\u2026 po zvon\u010darskeh puteh\u201c.<\/p>\n\n\n\n<p>Genie\u00dfen Sie Wanderungen in unber\u00fchrter Natur, verbinden Sie Entspannung mit Freizeitaktivit\u00e4ten, und entdecken Sie Vi\u0161kovo mal auf eine andere Art und Weise.<\/p>\n\n\n\n<p>Wenn Sie eine k\u00f6stliche und einfache Erfrischung w\u00fcnschen, besuchen Sie unsere Pizzerien und Bistros. In den Pizzerien <a href=\"https:\/\/visitviskovo.hr\/de\/gastronomija\/pizzeria-podroom\/\">Podroom<\/a> und <a href=\"https:\/\/visitviskovo.hr\/de\/gastronomija\/pizzeria-jeans\/\">JEANS<\/a> warten Pizza- und Pasta-Meister auf Sie. Lust auf etwas Gegrilltes oder einen herzhaften Brunch? Die <a href=\"https:\/\/visitviskovo.hr\/de\/gastronomija\/bistro-starocesko\/\">Bistros Staro\u010de\u0161ko<\/a>, <a href=\"https:\/\/visitviskovo.hr\/de\/gastronomija\/bistro-mario\/\">Mario<\/a> und <a href=\"https:\/\/visitviskovo.hr\/de\/gastronomija\/bistro-fico\/\">O\u0161tarija Trampov Breg<\/a> sind f\u00fcr Sie da.<\/p>\n\n\n\n<p>Sie k\u00f6nnen die Karte von Vi\u0161kovo unter folgendem Link herunterladen:<\/p>\n\n\n\n<p><a href=\"https:\/\/visitviskovo.hr\/wp-content\/uploads\/2019\/12\/Viskovo_strana_2_2019_06_26-3.pdf\">Karte von Vi\u0161kovo <\/a><\/p>\n","protected":false},"excerpt":{"rendered":"<p>Die gepflegten Wanderwege laden zu angenehmen Spazierg\u00e4ngen durch verschiedene Waldlandschaften ein \u2013 zu zweit, mit Freunden oder mit Ihrem Hund. Unabh\u00e4ngig davon, ob man nur mal eine Pause ben\u00f6tigt, sportlich aktiv sein will oder einfach nur frische Luft braucht, hier kann man interessante Landformen bewundern oder sogar ein Reh oder einen Falken erblicken. Besonders interessant [&hellip;]<\/p>\n","protected":false},"author":1,"featured_media":13356,"parent":0,"menu_order":0,"comment_status":"closed","ping_status":"closed","template":"","meta":{"_acf_changed":false,"footnotes":""},"acf":[],"yoast_head":"<!-- This site is optimized with the Yoast SEO plugin v22.7 - https:\/\/yoast.com\/wordpress\/plugins\/seo\/ -->\n<title>Wanderwege - Turisti\u010dka zajednica op\u0107ine Vi\u0161kovo<\/title>\n<meta name=\"robots\" content=\"index, follow, max-snippet:-1, max-image-preview:large, max-video-preview:-1\" \/>\n<link rel=\"canonical\" href=\"https:\/\/visitviskovo.hr\/de\/was-tun-2\/fahrrad-und-wanderwege\/wanderwege\/\" \/>\n<meta property=\"og:locale\" content=\"de_DE\" \/>\n<meta property=\"og:type\" content=\"article\" \/>\n<meta property=\"og:title\" content=\"Wanderwege - Turisti\u010dka zajednica op\u0107ine Vi\u0161kovo\" \/>\n<meta property=\"og:description\" content=\"Die gepflegten Wanderwege laden zu angenehmen Spazierg\u00e4ngen durch verschiedene Waldlandschaften ein \u2013 zu zweit, mit Freunden oder mit Ihrem Hund. Unabh\u00e4ngig davon, ob man nur mal eine Pause ben\u00f6tigt, sportlich aktiv sein will oder einfach nur frische Luft braucht, hier kann man interessante Landformen bewundern oder sogar ein Reh oder einen Falken erblicken. Besonders interessant [&hellip;]\" \/>\n<meta property=\"og:url\" content=\"https:\/\/visitviskovo.hr\/de\/was-tun-2\/fahrrad-und-wanderwege\/wanderwege\/\" \/>\n<meta property=\"og:site_name\" content=\"Turisti\u010dka zajednica op\u0107ine Vi\u0161kovo\" \/>\n<meta property=\"article:publisher\" content=\"https:\/\/web.facebook.com\/VisitViskovo\" \/>\n<meta property=\"article:modified_time\" content=\"2020-09-15T12:23:49+00:00\" \/>\n<meta property=\"og:image\" content=\"https:\/\/visitviskovo.hr\/wp-content\/uploads\/2020\/04\/RONJGISETNICA3-Medium.jpg\" \/>\n\t<meta property=\"og:image:width\" content=\"1152\" \/>\n\t<meta property=\"og:image:height\" content=\"768\" \/>\n\t<meta property=\"og:image:type\" content=\"image\/jpeg\" \/>\n<meta name=\"twitter:card\" content=\"summary_large_image\" \/>\n<meta name=\"twitter:label1\" content=\"Gesch\u00e4tzte Lesezeit\" \/>\n\t<meta name=\"twitter:data1\" content=\"4 Minuten\" \/>\n<script type=\"application\/ld+json\" class=\"yoast-schema-graph\">{\"@context\":\"https:\/\/schema.org\",\"@graph\":[{\"@type\":\"WebPage\",\"@id\":\"https:\/\/visitviskovo.hr\/de\/was-tun-2\/fahrrad-und-wanderwege\/wanderwege\/\",\"url\":\"https:\/\/visitviskovo.hr\/de\/was-tun-2\/fahrrad-und-wanderwege\/wanderwege\/\",\"name\":\"Wanderwege - Turisti\u010dka zajednica op\u0107ine Vi\u0161kovo\",\"isPartOf\":{\"@id\":\"https:\/\/visitviskovo.hr\/it\/#website\"},\"primaryImageOfPage\":{\"@id\":\"https:\/\/visitviskovo.hr\/de\/was-tun-2\/fahrrad-und-wanderwege\/wanderwege\/#primaryimage\"},\"image\":{\"@id\":\"https:\/\/visitviskovo.hr\/de\/was-tun-2\/fahrrad-und-wanderwege\/wanderwege\/#primaryimage\"},\"thumbnailUrl\":\"https:\/\/visitviskovo.hr\/wp-content\/uploads\/2020\/04\/RONJGISETNICA3-Medium.jpg\",\"datePublished\":\"2019-08-20T11:39:38+00:00\",\"dateModified\":\"2020-09-15T12:23:49+00:00\",\"breadcrumb\":{\"@id\":\"https:\/\/visitviskovo.hr\/de\/was-tun-2\/fahrrad-und-wanderwege\/wanderwege\/#breadcrumb\"},\"inLanguage\":\"de-DE\",\"potentialAction\":[{\"@type\":\"ReadAction\",\"target\":[\"https:\/\/visitviskovo.hr\/de\/was-tun-2\/fahrrad-und-wanderwege\/wanderwege\/\"]}]},{\"@type\":\"ImageObject\",\"inLanguage\":\"de-DE\",\"@id\":\"https:\/\/visitviskovo.hr\/de\/was-tun-2\/fahrrad-und-wanderwege\/wanderwege\/#primaryimage\",\"url\":\"https:\/\/visitviskovo.hr\/wp-content\/uploads\/2020\/04\/RONJGISETNICA3-Medium.jpg\",\"contentUrl\":\"https:\/\/visitviskovo.hr\/wp-content\/uploads\/2020\/04\/RONJGISETNICA3-Medium.jpg\",\"width\":1152,\"height\":768},{\"@type\":\"BreadcrumbList\",\"@id\":\"https:\/\/visitviskovo.hr\/de\/was-tun-2\/fahrrad-und-wanderwege\/wanderwege\/#breadcrumb\",\"itemListElement\":[{\"@type\":\"ListItem\",\"position\":1,\"name\":\"Home\",\"item\":\"https:\/\/visitviskovo.hr\/de\/\"},{\"@type\":\"ListItem\",\"position\":2,\"name\":\"Was tun\",\"item\":\"https:\/\/visitviskovo.hr\/de\/was-tun-2\/\"},{\"@type\":\"ListItem\",\"position\":3,\"name\":\"Fahrrad- und Wanderwege\",\"item\":\"https:\/\/visitviskovo.hr\/de\/was-tun-2\/fahrrad-und-wanderwege\/\"},{\"@type\":\"ListItem\",\"position\":4,\"name\":\"Wanderwege\"}]},{\"@type\":\"WebSite\",\"@id\":\"https:\/\/visitviskovo.hr\/it\/#website\",\"url\":\"https:\/\/visitviskovo.hr\/it\/\",\"name\":\"Turisti\u010dka zajednica op\u0107ine Vi\u0161kovo\",\"description\":\"\",\"potentialAction\":[{\"@type\":\"SearchAction\",\"target\":{\"@type\":\"EntryPoint\",\"urlTemplate\":\"https:\/\/visitviskovo.hr\/it\/?s={search_term_string}\"},\"query-input\":\"required name=search_term_string\"}],\"inLanguage\":\"de-DE\"}]}<\/script>\n<!-- \/ Yoast SEO plugin. -->","yoast_head_json":{"title":"Wanderwege - Turisti\u010dka zajednica op\u0107ine Vi\u0161kovo","robots":{"index":"index","follow":"follow","max-snippet":"max-snippet:-1","max-image-preview":"max-image-preview:large","max-video-preview":"max-video-preview:-1"},"canonical":"https:\/\/visitviskovo.hr\/de\/was-tun-2\/fahrrad-und-wanderwege\/wanderwege\/","og_locale":"de_DE","og_type":"article","og_title":"Wanderwege - Turisti\u010dka zajednica op\u0107ine Vi\u0161kovo","og_description":"Die gepflegten Wanderwege laden zu angenehmen Spazierg\u00e4ngen durch verschiedene Waldlandschaften ein \u2013 zu zweit, mit Freunden oder mit Ihrem Hund. Unabh\u00e4ngig davon, ob man nur mal eine Pause ben\u00f6tigt, sportlich aktiv sein will oder einfach nur frische Luft braucht, hier kann man interessante Landformen bewundern oder sogar ein Reh oder einen Falken erblicken. Besonders interessant [&hellip;]","og_url":"https:\/\/visitviskovo.hr\/de\/was-tun-2\/fahrrad-und-wanderwege\/wanderwege\/","og_site_name":"Turisti\u010dka zajednica op\u0107ine Vi\u0161kovo","article_publisher":"https:\/\/web.facebook.com\/VisitViskovo","article_modified_time":"2020-09-15T12:23:49+00:00","og_image":[{"width":1152,"height":768,"url":"https:\/\/visitviskovo.hr\/wp-content\/uploads\/2020\/04\/RONJGISETNICA3-Medium.jpg","type":"image\/jpeg"}],"twitter_card":"summary_large_image","twitter_misc":{"Gesch\u00e4tzte Lesezeit":"4 Minuten"},"schema":{"@context":"https:\/\/schema.org","@graph":[{"@type":"WebPage","@id":"https:\/\/visitviskovo.hr\/de\/was-tun-2\/fahrrad-und-wanderwege\/wanderwege\/","url":"https:\/\/visitviskovo.hr\/de\/was-tun-2\/fahrrad-und-wanderwege\/wanderwege\/","name":"Wanderwege - Turisti\u010dka zajednica op\u0107ine Vi\u0161kovo","isPartOf":{"@id":"https:\/\/visitviskovo.hr\/it\/#website"},"primaryImageOfPage":{"@id":"https:\/\/visitviskovo.hr\/de\/was-tun-2\/fahrrad-und-wanderwege\/wanderwege\/#primaryimage"},"image":{"@id":"https:\/\/visitviskovo.hr\/de\/was-tun-2\/fahrrad-und-wanderwege\/wanderwege\/#primaryimage"},"thumbnailUrl":"https:\/\/visitviskovo.hr\/wp-content\/uploads\/2020\/04\/RONJGISETNICA3-Medium.jpg","datePublished":"2019-08-20T11:39:38+00:00","dateModified":"2020-09-15T12:23:49+00:00","breadcrumb":{"@id":"https:\/\/visitviskovo.hr\/de\/was-tun-2\/fahrrad-und-wanderwege\/wanderwege\/#breadcrumb"},"inLanguage":"de-DE","potentialAction":[{"@type":"ReadAction","target":["https:\/\/visitviskovo.hr\/de\/was-tun-2\/fahrrad-und-wanderwege\/wanderwege\/"]}]},{"@type":"ImageObject","inLanguage":"de-DE","@id":"https:\/\/visitviskovo.hr\/de\/was-tun-2\/fahrrad-und-wanderwege\/wanderwege\/#primaryimage","url":"https:\/\/visitviskovo.hr\/wp-content\/uploads\/2020\/04\/RONJGISETNICA3-Medium.jpg","contentUrl":"https:\/\/visitviskovo.hr\/wp-content\/uploads\/2020\/04\/RONJGISETNICA3-Medium.jpg","width":1152,"height":768},{"@type":"BreadcrumbList","@id":"https:\/\/visitviskovo.hr\/de\/was-tun-2\/fahrrad-und-wanderwege\/wanderwege\/#breadcrumb","itemListElement":[{"@type":"ListItem","position":1,"name":"Home","item":"https:\/\/visitviskovo.hr\/de\/"},{"@type":"ListItem","position":2,"name":"Was tun","item":"https:\/\/visitviskovo.hr\/de\/was-tun-2\/"},{"@type":"ListItem","position":3,"name":"Fahrrad- und Wanderwege","item":"https:\/\/visitviskovo.hr\/de\/was-tun-2\/fahrrad-und-wanderwege\/"},{"@type":"ListItem","position":4,"name":"Wanderwege"}]},{"@type":"WebSite","@id":"https:\/\/visitviskovo.hr\/it\/#website","url":"https:\/\/visitviskovo.hr\/it\/","name":"Turisti\u010dka zajednica op\u0107ine Vi\u0161kovo","description":"","potentialAction":[{"@type":"SearchAction","target":{"@type":"EntryPoint","urlTemplate":"https:\/\/visitviskovo.hr\/it\/?s={search_term_string}"},"query-input":"required name=search_term_string"}],"inLanguage":"de-DE"}]}},"_links":{"self":[{"href":"https:\/\/visitviskovo.hr\/de\/wp-json\/wp\/v2\/pages\/4273"}],"collection":[{"href":"https:\/\/visitviskovo.hr\/de\/wp-json\/wp\/v2\/pages"}],"about":[{"href":"https:\/\/visitviskovo.hr\/de\/wp-json\/wp\/v2\/types\/page"}],"author":[{"embeddable":true,"href":"https:\/\/visitviskovo.hr\/de\/wp-json\/wp\/v2\/users\/1"}],"replies":[{"embeddable":true,"href":"https:\/\/visitviskovo.hr\/de\/wp-json\/wp\/v2\/comments?post=4273"}],"version-history":[{"count":5,"href":"https:\/\/visitviskovo.hr\/de\/wp-json\/wp\/v2\/pages\/4273\/revisions"}],"predecessor-version":[{"id":14995,"href":"https:\/\/visitviskovo.hr\/de\/wp-json\/wp\/v2\/pages\/4273\/revisions\/14995"}],"wp:featuredmedia":[{"embeddable":true,"href":"https:\/\/visitviskovo.hr\/de\/wp-json\/wp\/v2\/media\/13356"}],"wp:attachment":[{"href":"https:\/\/visitviskovo.hr\/de\/wp-json\/wp\/v2\/media?parent=4273"}],"curies":[{"name":"wp","href":"https:\/\/api.w.org\/{rel}","templated":true}]}}