{"id":4296,"date":"2019-08-20T11:45:51","date_gmt":"2019-08-20T11:45:51","guid":{"rendered":"https:\/\/visitviskovo.hr\/?page_id=4296"},"modified":"2023-03-06T13:59:11","modified_gmt":"2023-03-06T13:59:11","slug":"fahrradwege","status":"publish","type":"page","link":"https:\/\/visitviskovo.hr\/de\/fahrradwege\/","title":{"rendered":"Fahrradwege"},"content":{"rendered":"\n<p>F\u00fcnf markierte Radwege f\u00fchren durch das Gebiet von Vi\u0161kovo, in dem moderne Lebensweise auf Tradition und wundersch\u00f6ne Naturlandschaften trifft.  Unsere Radwege eignen sich ideal f\u00fcr alle, die verborgene Ecken in Vi\u0161kovo erkunden m\u00f6chten und ein Abenteuer unter freiem Himmel suchen.  <\/p>\n\n\n\n<h2 class=\"wp-block-heading\"><strong>VI\u0160KOVO<\/strong><\/h2>\n\n\n\n<p>Die Strecke<strong> Vi\u0161kovo <\/strong>ist ideal f\u00fcr Familien und f\u00fchrt in Richtung Ronjgi, dem Geburtsort des bedeutenden <a href=\"https:\/\/visitviskovo.hr\/de\/entdecke-viskovo\/unesco\/zweiteiliges-singen-und-spielen-in-der-istrischen-tonleiter\/\">Musikers Ivan Mateti\u0107 Ronjgov.<\/a> In seinem Geburtshaus befindet sich heute ein Museum und ein Restaurant im Erdgeschoss, in dem typische Spezialit\u00e4ten f\u00fcr diese Gegend angeboten werden. Von Ronjgi aus f\u00fchrt die Strecke bergauf zum Ort Zorzi\u0107i direkt auf der Stra\u00dfe Petrolejska Cesta mit einem Brunnen aus dem Jahr 1904. Aus dem benachbarten Dorf Globi\u0107i, dem Geburtsort des Schriftstellers <a href=\"https:\/\/visitviskovo.hr\/de\/entdecke-viskovo\/kulturerbe\/wichtige-persoenlichkeiten\/\">Berto Lu\u010di\u0107<\/a>, bietet sich ein wundersch\u00f6ner Blick auf Kvarner. Die Strecke f\u00fchrt dann bergauf zum Dorf Lu\u010di\u0107i. In der N\u00e4he befindet sich auch ein ehemaliger Steinbruch sowie eine einzigartige <a href=\"https:\/\/visitviskovo.hr\/en\/what-to-do\/open-air-gallery-and-viewpoint\/\">Ausstellung im Freien.<\/a> Unmittelbar vor dem Dorf Skva\u017ei\u0107i, biegt man zum<a href=\"https:\/\/visitviskovo.hr\/de\/was-tun-2\/fahrrad-und-wanderwege\/wanderwege\/\"> Ple\u0161ivac-Wanderweg<\/a> ab, der nach Bi\u0161kupi f\u00fchrt. In diesem Dorf kann man die charakteristische Architektur dieses Gebiets aus erster Hand erleben. Am Ortsausgang f\u00fchrt die Strecke \u00fcber Mladeni\u0107i zur\u00fcck zum Zentrum von Vi\u0161kovo.\u00a0 <\/p>\n\n\n\n<h2 class=\"wp-block-heading\"><strong>KASTAV<\/strong><\/h2>\n\n\n\n<p>Die<strong> <\/strong>etwas anspruchsvollere Strecke<strong> Kastav<\/strong> f\u00fchrt um das Zentrum von Vi\u0161kovo an Nebenstra\u00dfen und Waldwegen herum \u00f6stlich in Richtung Furi\u0107evo. Dort biegt sie links ab und f\u00fchrt leicht bergauf durch Trtni nach Mladeni\u0107i, \u00fcberquert die Stra\u00dfe und f\u00fchrt an einem alten Fahrweg weiter durch Mavri bis nach Gornji Sroki und dann bergab bis zum Srokov Kal, biegt dort rechts ab und f\u00fchrt weiter in Richtung Kastav. Wenn Sie eine Herausforderung suchen, k\u00f6nnen Sie in Gornji Turki rechts in Richtung Jelovi\u010dani und Wald Lu\u017eina abbiegen. Die leichtere Variante f\u00fchrt geradeaus von Gornji Turki zur Stra\u00dfe und folgt dem Waldweg nach Donji Jugi.&nbsp; In unmittelbarer N\u00e4he dieses Dorfs befindet sich <a href=\"https:\/\/visitviskovo.hr\/de\/was-tun-2\/kalici-wasserteiche\/\">Kapitovac,<\/a> eine unersch\u00f6pfliche Wasserquelle, die von der untrennbaren Verbindung zwischen Mensch und Natur zeugt. <\/p>\n\n\n\n<h2 class=\"wp-block-heading\"><strong>STUDENA<\/strong><\/h2>\n\n\n\n<p> Die Strecke<strong> Studena<\/strong> f\u00fchrt in Richtung Sar\u0161oni und der Stra\u00dfe Petrolejska Cesta bis nach Zorzi\u0107i. Ein alter Fahrweg durch den Wald Ne\u017enica f\u00fchrt in Richtung Hauptstra\u00dfe nach Studena. An der Stra\u00dfe Petrolejska Cesta erreichen wir bergab den Ort Mar\u010delji, wo zwei Kulturg\u00fcter entstanden sind, die in die <a href=\"https:\/\/visitviskovo.hr\/de\/entdecke-viskovo\/unesco\/\">UNESCO-Liste des immateriellen Kulturerbes<\/a> aufgenommen wurden: der Umzug der Glockentr\u00e4ger Halubajski Zvon\u010dari und der zweistimmige Gesang, der von Ivan Mateti\u0107 aus Ronjgi niedergeschrieben wurde. Im Ort Mar\u010delji biegt die Strecke nach Kosi ab und f\u00fchrt \u00fcber Jardasi, Dovi\u010di\u0107i und \u0160iroli ins Zentrum von Vi\u0161kovo zur\u00fcck <\/p>\n\n\n\n<h2 class=\"wp-block-heading\"><strong>QUELLE DES FLUSSES RJE\u010cINA<\/strong><\/h2>\n\n\n\n<p>Die Strecke<strong> \u201eDie Quelle des Flusses Rje\u010dina\u201c <\/strong>beginnt im Zentrum von Vi\u0161kovo und f\u00fchrt \u00fcber Mladeni\u0107i in Richtung Sar\u0161oni\nund Lu\u010di\u0107i. Nach einem kurzen Anstieg erreichen wir den Bergpass Lon\u010deva Gri\u017ea\nund fahren dann an einem Serpentinenweg bergab nach Trnovica und \u00fcber den Fluss\nRje\u010dina. Dort biegen wir nach Kukuljani ab und folgen dem Flusslauf\nstromaufw\u00e4rts bis zur Quelle. Von der Quelle aus kehrt man am gleichen Weg bis\nzum Bergpass Lon\u010deva Gri\u017ea zur\u00fcck, weiter bergab nach Sar\u0161oni und dann die\nStra\u00dfe Petrolejska Cesta entlang in Richtung Gari\u0107i. Dort k\u00f6nnen wir\njahrhundertealte H\u00e4user sehen, wie z.B. das \u201eCenetina-Haus\u201c (ein gesch\u00fctztes\nKulturdenkmal), die von der traditionellen Architektur dieser Gegen zeugen. Die\nStrecke f\u00fchrt dann durch Mar\u010delji zur\u00fcck ins Zentrum von Vi\u0161kovo.<\/p>\n\n\n\n<h2 class=\"wp-block-heading\"><strong>BREZA<\/strong><\/h2>\n\n\n\n<p>Die Strecke<strong> Breza<\/strong> f\u00fchrt in Richtung Sar\u0161oni und Ronjgi bis zum Ort Zorzi\u0107i und zur Stra\u00dfe Petrolejska Cesta und von dort aus weiter in Richtung Klana. Im Gebiet Pogled biegt die Strecke auf einen Waldweg zum Ort Breza ab. Auf dem Weg begegnet man den interessanten \u00dcberresten der Festungswerke aus der Zeit der italienischen Okkupation, denn damals verlief hier die Grenze zwischen dem K\u00f6nigreich Italien und K\u00f6nigreich der Serben, Kroaten und Slowenen. Oberhalb des Ortes Breza f\u00fchrt die Stra\u00dfe ins Ortszentrum. Vorbei am Friedhof und einer alten italienischen Grenzkaserne geht es weiter bis zu einer Kreuzung und dann links an einem Waldweg bis zum Ort Jardasi. \u00dcber Dovi\u010di\u0107i erreichen wir \u0160iroli und fahren dann an einem Nebenweg zur\u00fcck ins Zentrum von Vi\u0161kovo. <\/p>\n\n\n\n<p>Das <a href=\"https:\/\/visitviskovo.hr\/de\/was-tun-2\/halubike\/\">HALUbike<\/a> ist ein Fahrradverleihsystem f\u00fcr normale Fahrr\u00e4der und E-Bikes mit Stationen in Ronjgi und auf dem Parkplatz Milihovo. Die einfache Nutzung und die erschwinglichen Preise garantieren einen entspannten und unbeschwerten Aktivurlaub. Mieten Sie ein Fahrrad und begeben Sie sich auf ein Abenteuer.<\/p>\n\n\n\n<p>Wenn Sie eine k\u00f6stliche und einfache Erfrischung w\u00fcnschen, besuchen Sie unsere Pizzerien und Bistros. In den Pizzerien&nbsp;<a href=\"https:\/\/visitviskovo.hr\/de\/gastronomija\/pizzeria-podroom\/\">Podroom<\/a>&nbsp;und&nbsp;<a href=\"https:\/\/visitviskovo.hr\/de\/gastronomija\/pizzeria-jeans\/\">JEANS<\/a>&nbsp;warten Pizza- und Pasta-Meister auf Sie. Lust auf etwas Gegrilltes oder einen herzhaften Brunch? Die&nbsp;<a href=\"https:\/\/visitviskovo.hr\/de\/gastronomija\/bistro-starocesko\/\">Bistros Staro\u010de\u0161ko<\/a>,&nbsp;<a href=\"https:\/\/visitviskovo.hr\/de\/gastronomija\/bistro-mario\/\">Mario<\/a>&nbsp;und&nbsp;<a href=\"https:\/\/visitviskovo.hr\/de\/gastronomija\/bistro-fico\/\">O\u0161tarija Trampov Breg<\/a>&nbsp;sind f\u00fcr Sie da. <\/p>\n\n\n\n<div class=\"wp-block-file\"><a id=\"wp-block-file--media-e8e4acf5-6b8b-453f-b42e-b835ce0b717c\" href=\"https:\/\/visitviskovo.hr\/wp-content\/uploads\/2019\/08\/Biciklisti\u010dka-karta-Vi\u0161kovo-1.pdf\">Gemeinde Vi\u0161kovo &#8211; Radwegekarte<\/a><a href=\"https:\/\/visitviskovo.hr\/wp-content\/uploads\/2019\/08\/Biciklisti\u010dka-karta-Vi\u0161kovo-1.pdf\" class=\"wp-block-file__button wp-element-button\" download aria-describedby=\"wp-block-file--media-e8e4acf5-6b8b-453f-b42e-b835ce0b717c\">Download<\/a><\/div>\n","protected":false},"excerpt":{"rendered":"<p>F\u00fcnf markierte Radwege f\u00fchren durch das Gebiet von Vi\u0161kovo, in dem moderne Lebensweise auf Tradition und wundersch\u00f6ne Naturlandschaften trifft. Unsere Radwege eignen sich ideal f\u00fcr alle, die verborgene Ecken in Vi\u0161kovo erkunden m\u00f6chten und ein Abenteuer unter freiem Himmel suchen. VI\u0160KOVO Die Strecke Vi\u0161kovo ist ideal f\u00fcr Familien und f\u00fchrt in Richtung Ronjgi, dem Geburtsort [&hellip;]<\/p>\n","protected":false},"author":1,"featured_media":13830,"parent":0,"menu_order":0,"comment_status":"closed","ping_status":"closed","template":"","meta":{"_acf_changed":false,"footnotes":""},"acf":[],"yoast_head":"<!-- This site is optimized with the Yoast SEO plugin v22.7 - https:\/\/yoast.com\/wordpress\/plugins\/seo\/ -->\n<title>Fahrradwege - Turisti\u010dka zajednica op\u0107ine Vi\u0161kovo<\/title>\n<meta name=\"robots\" content=\"index, follow, max-snippet:-1, max-image-preview:large, max-video-preview:-1\" \/>\n<link rel=\"canonical\" href=\"https:\/\/visitviskovo.hr\/de\/fahrradwege\/\" \/>\n<meta property=\"og:locale\" content=\"de_DE\" \/>\n<meta property=\"og:type\" content=\"article\" \/>\n<meta property=\"og:title\" content=\"Fahrradwege - Turisti\u010dka zajednica op\u0107ine Vi\u0161kovo\" \/>\n<meta property=\"og:description\" content=\"F\u00fcnf markierte Radwege f\u00fchren durch das Gebiet von Vi\u0161kovo, in dem moderne Lebensweise auf Tradition und wundersch\u00f6ne Naturlandschaften trifft. Unsere Radwege eignen sich ideal f\u00fcr alle, die verborgene Ecken in Vi\u0161kovo erkunden m\u00f6chten und ein Abenteuer unter freiem Himmel suchen. VI\u0160KOVO Die Strecke Vi\u0161kovo ist ideal f\u00fcr Familien und f\u00fchrt in Richtung Ronjgi, dem Geburtsort [&hellip;]\" \/>\n<meta property=\"og:url\" content=\"https:\/\/visitviskovo.hr\/de\/fahrradwege\/\" \/>\n<meta property=\"og:site_name\" content=\"Turisti\u010dka zajednica op\u0107ine Vi\u0161kovo\" \/>\n<meta property=\"article:publisher\" content=\"https:\/\/web.facebook.com\/VisitViskovo\" \/>\n<meta property=\"article:modified_time\" content=\"2023-03-06T13:59:11+00:00\" \/>\n<meta property=\"og:image\" content=\"https:\/\/visitviskovo.hr\/wp-content\/uploads\/2020\/05\/Biciklisti\u010dka_staza-4-Medium.jpg\" \/>\n\t<meta property=\"og:image:width\" content=\"1151\" \/>\n\t<meta property=\"og:image:height\" content=\"768\" \/>\n\t<meta property=\"og:image:type\" content=\"image\/jpeg\" \/>\n<meta name=\"twitter:card\" content=\"summary_large_image\" \/>\n<meta name=\"twitter:label1\" content=\"Gesch\u00e4tzte Lesezeit\" \/>\n\t<meta name=\"twitter:data1\" content=\"5 Minuten\" \/>\n<script type=\"application\/ld+json\" class=\"yoast-schema-graph\">{\"@context\":\"https:\/\/schema.org\",\"@graph\":[{\"@type\":\"WebPage\",\"@id\":\"https:\/\/visitviskovo.hr\/de\/fahrradwege\/\",\"url\":\"https:\/\/visitviskovo.hr\/de\/fahrradwege\/\",\"name\":\"Fahrradwege - Turisti\u010dka zajednica op\u0107ine Vi\u0161kovo\",\"isPartOf\":{\"@id\":\"https:\/\/visitviskovo.hr\/it\/#website\"},\"primaryImageOfPage\":{\"@id\":\"https:\/\/visitviskovo.hr\/de\/fahrradwege\/#primaryimage\"},\"image\":{\"@id\":\"https:\/\/visitviskovo.hr\/de\/fahrradwege\/#primaryimage\"},\"thumbnailUrl\":\"https:\/\/visitviskovo.hr\/wp-content\/uploads\/2020\/05\/Biciklisti\u010dka_staza-4-Medium.jpg\",\"datePublished\":\"2019-08-20T11:45:51+00:00\",\"dateModified\":\"2023-03-06T13:59:11+00:00\",\"breadcrumb\":{\"@id\":\"https:\/\/visitviskovo.hr\/de\/fahrradwege\/#breadcrumb\"},\"inLanguage\":\"de-DE\",\"potentialAction\":[{\"@type\":\"ReadAction\",\"target\":[\"https:\/\/visitviskovo.hr\/de\/fahrradwege\/\"]}]},{\"@type\":\"ImageObject\",\"inLanguage\":\"de-DE\",\"@id\":\"https:\/\/visitviskovo.hr\/de\/fahrradwege\/#primaryimage\",\"url\":\"https:\/\/visitviskovo.hr\/wp-content\/uploads\/2020\/05\/Biciklisti\u010dka_staza-4-Medium.jpg\",\"contentUrl\":\"https:\/\/visitviskovo.hr\/wp-content\/uploads\/2020\/05\/Biciklisti\u010dka_staza-4-Medium.jpg\",\"width\":1151,\"height\":768},{\"@type\":\"BreadcrumbList\",\"@id\":\"https:\/\/visitviskovo.hr\/de\/fahrradwege\/#breadcrumb\",\"itemListElement\":[{\"@type\":\"ListItem\",\"position\":1,\"name\":\"Home\",\"item\":\"https:\/\/visitviskovo.hr\/de\/\"},{\"@type\":\"ListItem\",\"position\":2,\"name\":\"Fahrradwege\"}]},{\"@type\":\"WebSite\",\"@id\":\"https:\/\/visitviskovo.hr\/it\/#website\",\"url\":\"https:\/\/visitviskovo.hr\/it\/\",\"name\":\"Turisti\u010dka zajednica op\u0107ine Vi\u0161kovo\",\"description\":\"\",\"potentialAction\":[{\"@type\":\"SearchAction\",\"target\":{\"@type\":\"EntryPoint\",\"urlTemplate\":\"https:\/\/visitviskovo.hr\/it\/?s={search_term_string}\"},\"query-input\":\"required name=search_term_string\"}],\"inLanguage\":\"de-DE\"}]}<\/script>\n<!-- \/ Yoast SEO plugin. -->","yoast_head_json":{"title":"Fahrradwege - Turisti\u010dka zajednica op\u0107ine Vi\u0161kovo","robots":{"index":"index","follow":"follow","max-snippet":"max-snippet:-1","max-image-preview":"max-image-preview:large","max-video-preview":"max-video-preview:-1"},"canonical":"https:\/\/visitviskovo.hr\/de\/fahrradwege\/","og_locale":"de_DE","og_type":"article","og_title":"Fahrradwege - Turisti\u010dka zajednica op\u0107ine Vi\u0161kovo","og_description":"F\u00fcnf markierte Radwege f\u00fchren durch das Gebiet von Vi\u0161kovo, in dem moderne Lebensweise auf Tradition und wundersch\u00f6ne Naturlandschaften trifft. Unsere Radwege eignen sich ideal f\u00fcr alle, die verborgene Ecken in Vi\u0161kovo erkunden m\u00f6chten und ein Abenteuer unter freiem Himmel suchen. VI\u0160KOVO Die Strecke Vi\u0161kovo ist ideal f\u00fcr Familien und f\u00fchrt in Richtung Ronjgi, dem Geburtsort [&hellip;]","og_url":"https:\/\/visitviskovo.hr\/de\/fahrradwege\/","og_site_name":"Turisti\u010dka zajednica op\u0107ine Vi\u0161kovo","article_publisher":"https:\/\/web.facebook.com\/VisitViskovo","article_modified_time":"2023-03-06T13:59:11+00:00","og_image":[{"width":1151,"height":768,"url":"https:\/\/visitviskovo.hr\/wp-content\/uploads\/2020\/05\/Biciklisti\u010dka_staza-4-Medium.jpg","type":"image\/jpeg"}],"twitter_card":"summary_large_image","twitter_misc":{"Gesch\u00e4tzte Lesezeit":"5 Minuten"},"schema":{"@context":"https:\/\/schema.org","@graph":[{"@type":"WebPage","@id":"https:\/\/visitviskovo.hr\/de\/fahrradwege\/","url":"https:\/\/visitviskovo.hr\/de\/fahrradwege\/","name":"Fahrradwege - Turisti\u010dka zajednica op\u0107ine Vi\u0161kovo","isPartOf":{"@id":"https:\/\/visitviskovo.hr\/it\/#website"},"primaryImageOfPage":{"@id":"https:\/\/visitviskovo.hr\/de\/fahrradwege\/#primaryimage"},"image":{"@id":"https:\/\/visitviskovo.hr\/de\/fahrradwege\/#primaryimage"},"thumbnailUrl":"https:\/\/visitviskovo.hr\/wp-content\/uploads\/2020\/05\/Biciklisti\u010dka_staza-4-Medium.jpg","datePublished":"2019-08-20T11:45:51+00:00","dateModified":"2023-03-06T13:59:11+00:00","breadcrumb":{"@id":"https:\/\/visitviskovo.hr\/de\/fahrradwege\/#breadcrumb"},"inLanguage":"de-DE","potentialAction":[{"@type":"ReadAction","target":["https:\/\/visitviskovo.hr\/de\/fahrradwege\/"]}]},{"@type":"ImageObject","inLanguage":"de-DE","@id":"https:\/\/visitviskovo.hr\/de\/fahrradwege\/#primaryimage","url":"https:\/\/visitviskovo.hr\/wp-content\/uploads\/2020\/05\/Biciklisti\u010dka_staza-4-Medium.jpg","contentUrl":"https:\/\/visitviskovo.hr\/wp-content\/uploads\/2020\/05\/Biciklisti\u010dka_staza-4-Medium.jpg","width":1151,"height":768},{"@type":"BreadcrumbList","@id":"https:\/\/visitviskovo.hr\/de\/fahrradwege\/#breadcrumb","itemListElement":[{"@type":"ListItem","position":1,"name":"Home","item":"https:\/\/visitviskovo.hr\/de\/"},{"@type":"ListItem","position":2,"name":"Fahrradwege"}]},{"@type":"WebSite","@id":"https:\/\/visitviskovo.hr\/it\/#website","url":"https:\/\/visitviskovo.hr\/it\/","name":"Turisti\u010dka zajednica op\u0107ine Vi\u0161kovo","description":"","potentialAction":[{"@type":"SearchAction","target":{"@type":"EntryPoint","urlTemplate":"https:\/\/visitviskovo.hr\/it\/?s={search_term_string}"},"query-input":"required name=search_term_string"}],"inLanguage":"de-DE"}]}},"_links":{"self":[{"href":"https:\/\/visitviskovo.hr\/de\/wp-json\/wp\/v2\/pages\/4296"}],"collection":[{"href":"https:\/\/visitviskovo.hr\/de\/wp-json\/wp\/v2\/pages"}],"about":[{"href":"https:\/\/visitviskovo.hr\/de\/wp-json\/wp\/v2\/types\/page"}],"author":[{"embeddable":true,"href":"https:\/\/visitviskovo.hr\/de\/wp-json\/wp\/v2\/users\/1"}],"replies":[{"embeddable":true,"href":"https:\/\/visitviskovo.hr\/de\/wp-json\/wp\/v2\/comments?post=4296"}],"version-history":[{"count":7,"href":"https:\/\/visitviskovo.hr\/de\/wp-json\/wp\/v2\/pages\/4296\/revisions"}],"predecessor-version":[{"id":19686,"href":"https:\/\/visitviskovo.hr\/de\/wp-json\/wp\/v2\/pages\/4296\/revisions\/19686"}],"wp:featuredmedia":[{"embeddable":true,"href":"https:\/\/visitviskovo.hr\/de\/wp-json\/wp\/v2\/media\/13830"}],"wp:attachment":[{"href":"https:\/\/visitviskovo.hr\/de\/wp-json\/wp\/v2\/media?parent=4296"}],"curies":[{"name":"wp","href":"https:\/\/api.w.org\/{rel}","templated":true}]}}