{"id":4342,"date":"2019-08-20T11:53:12","date_gmt":"2019-08-20T11:53:12","guid":{"rendered":"https:\/\/visitviskovo.hr\/?page_id=4342"},"modified":"2020-09-16T11:59:34","modified_gmt":"2020-09-16T11:59:34","slug":"aussichtspunkt-und-galerie-im-freien","status":"publish","type":"page","link":"https:\/\/visitviskovo.hr\/de\/was-tun-2\/aussichtspunkt-und-galerie-im-freien\/","title":{"rendered":"Aussichtspunkt und Galerie im Freien"},"content":{"rendered":"\n<p>Lon\u010deva Gri\u017ea ist ein Aussichtspunkt auf 506 m \u00fcber dem Meeresspiegel im Ort Lu\u010di\u0107i oberhalb von Sar\u0161oni mit einem herrlichen Blick auf die Kvarner Bucht, das Grobnik-Feld, Gorski Kotar, das Velebit-Gebirge und das benachbarte Slowenien. Das Wort \u201eGri\u017ea\u201c bedeutet Steinhaufen. Von der Spitze dieses Haufens, unter dem sich ein alter Steinbruch befindet, kann man einen Panoramablick auf die Umgebung genie\u00dfen: die \u201eGrobnik-Alpen\u201c im Norden und dann im Uhrzeigersinn die Berge von Gorski Kotar und Velebit, die Kvarner Bucht mit ihren Inseln und den Vela Vrata-Kanal, den Berg U\u010dka und Slowenien in der Ferne. Auf der Nordseite des Kamms befindet sich ein enges Tal mit verstreuten D\u00f6rfern, zwischen denen sich der Fluss Rje\u010dina schl\u00e4ngelt. In Richtung S\u00fcdosten erblickt man die Altstadt von Grobnik mit ihrer Burg auf der Spitze des H\u00fcgels.<\/p>\n\n\n\n<p>In der N\u00e4he befand sich fr\u00fcher ein Steinbruch, wor\u00fcber Besucher \u00fcber Schautafeln auf einem Lehrpfad informiert werden. Dank der Forschungsarbeiten von Damir Petrc befindet sich heute auf einem Felsen unterhalb des Aussichtspunkts eine Ausstellung alter Steinmetzwerkzeuge. So k\u00f6nnen Besucher direkt vor Ort mehr \u00fcber dieses Thema erfahren.<\/p>\n\n\n\n<p>Auf diesem Felsen gibt es auch eine Freiluftausstellung der Werke von Mitgliedern der Amateur-K\u00fcnstlervereinigung \u201eBra\u0107a Ba\u0161tjan\u201c<em>,<\/em>&nbsp;die von den traditionellen Motiven von Vi\u0161kovo inspiriert wurden.<\/p>\n","protected":false},"excerpt":{"rendered":"<p>Lon\u010deva Gri\u017ea ist ein Aussichtspunkt auf 506 m \u00fcber dem Meeresspiegel im Ort Lu\u010di\u0107i oberhalb von Sar\u0161oni mit einem herrlichen Blick auf die Kvarner Bucht, das Grobnik-Feld, Gorski Kotar, das Velebit-Gebirge und das benachbarte Slowenien. Das Wort \u201eGri\u017ea\u201c bedeutet Steinhaufen. Von der Spitze dieses Haufens, unter dem sich ein alter Steinbruch befindet, kann man einen [&hellip;]<\/p>\n","protected":false},"author":1,"featured_media":13345,"parent":4357,"menu_order":0,"comment_status":"closed","ping_status":"closed","template":"","meta":{"_acf_changed":false,"footnotes":""},"acf":[],"yoast_head":"<!-- This site is optimized with the Yoast SEO plugin v22.7 - https:\/\/yoast.com\/wordpress\/plugins\/seo\/ -->\n<title>Aussichtspunkt und Galerie im Freien - Turisti\u010dka zajednica op\u0107ine Vi\u0161kovo<\/title>\n<meta name=\"robots\" content=\"index, follow, max-snippet:-1, max-image-preview:large, max-video-preview:-1\" \/>\n<link rel=\"canonical\" href=\"https:\/\/visitviskovo.hr\/de\/was-tun-2\/aussichtspunkt-und-galerie-im-freien\/\" \/>\n<meta property=\"og:locale\" content=\"de_DE\" \/>\n<meta property=\"og:type\" content=\"article\" \/>\n<meta property=\"og:title\" content=\"Aussichtspunkt und Galerie im Freien - Turisti\u010dka zajednica op\u0107ine Vi\u0161kovo\" \/>\n<meta property=\"og:description\" content=\"Lon\u010deva Gri\u017ea ist ein Aussichtspunkt auf 506 m \u00fcber dem Meeresspiegel im Ort Lu\u010di\u0107i oberhalb von Sar\u0161oni mit einem herrlichen Blick auf die Kvarner Bucht, das Grobnik-Feld, Gorski Kotar, das Velebit-Gebirge und das benachbarte Slowenien. Das Wort \u201eGri\u017ea\u201c bedeutet Steinhaufen. Von der Spitze dieses Haufens, unter dem sich ein alter Steinbruch befindet, kann man einen [&hellip;]\" \/>\n<meta property=\"og:url\" content=\"https:\/\/visitviskovo.hr\/de\/was-tun-2\/aussichtspunkt-und-galerie-im-freien\/\" \/>\n<meta property=\"og:site_name\" content=\"Turisti\u010dka zajednica op\u0107ine Vi\u0161kovo\" \/>\n<meta property=\"article:publisher\" content=\"https:\/\/web.facebook.com\/VisitViskovo\" \/>\n<meta property=\"article:modified_time\" content=\"2020-09-16T11:59:34+00:00\" \/>\n<meta property=\"og:image\" content=\"https:\/\/visitviskovo.hr\/wp-content\/uploads\/2020\/04\/TZ-Viskovo_11072019_075.jpg\" \/>\n\t<meta property=\"og:image:width\" content=\"2000\" \/>\n\t<meta property=\"og:image:height\" content=\"1332\" \/>\n\t<meta property=\"og:image:type\" content=\"image\/jpeg\" \/>\n<meta name=\"twitter:card\" content=\"summary_large_image\" \/>\n<meta name=\"twitter:label1\" content=\"Gesch\u00e4tzte Lesezeit\" \/>\n\t<meta name=\"twitter:data1\" content=\"1 Minute\" \/>\n<script type=\"application\/ld+json\" class=\"yoast-schema-graph\">{\"@context\":\"https:\/\/schema.org\",\"@graph\":[{\"@type\":\"WebPage\",\"@id\":\"https:\/\/visitviskovo.hr\/de\/was-tun-2\/aussichtspunkt-und-galerie-im-freien\/\",\"url\":\"https:\/\/visitviskovo.hr\/de\/was-tun-2\/aussichtspunkt-und-galerie-im-freien\/\",\"name\":\"Aussichtspunkt und Galerie im Freien - Turisti\u010dka zajednica op\u0107ine Vi\u0161kovo\",\"isPartOf\":{\"@id\":\"https:\/\/visitviskovo.hr\/it\/#website\"},\"primaryImageOfPage\":{\"@id\":\"https:\/\/visitviskovo.hr\/de\/was-tun-2\/aussichtspunkt-und-galerie-im-freien\/#primaryimage\"},\"image\":{\"@id\":\"https:\/\/visitviskovo.hr\/de\/was-tun-2\/aussichtspunkt-und-galerie-im-freien\/#primaryimage\"},\"thumbnailUrl\":\"https:\/\/visitviskovo.hr\/wp-content\/uploads\/2020\/04\/TZ-Viskovo_11072019_075.jpg\",\"datePublished\":\"2019-08-20T11:53:12+00:00\",\"dateModified\":\"2020-09-16T11:59:34+00:00\",\"breadcrumb\":{\"@id\":\"https:\/\/visitviskovo.hr\/de\/was-tun-2\/aussichtspunkt-und-galerie-im-freien\/#breadcrumb\"},\"inLanguage\":\"de-DE\",\"potentialAction\":[{\"@type\":\"ReadAction\",\"target\":[\"https:\/\/visitviskovo.hr\/de\/was-tun-2\/aussichtspunkt-und-galerie-im-freien\/\"]}]},{\"@type\":\"ImageObject\",\"inLanguage\":\"de-DE\",\"@id\":\"https:\/\/visitviskovo.hr\/de\/was-tun-2\/aussichtspunkt-und-galerie-im-freien\/#primaryimage\",\"url\":\"https:\/\/visitviskovo.hr\/wp-content\/uploads\/2020\/04\/TZ-Viskovo_11072019_075.jpg\",\"contentUrl\":\"https:\/\/visitviskovo.hr\/wp-content\/uploads\/2020\/04\/TZ-Viskovo_11072019_075.jpg\",\"width\":2000,\"height\":1332},{\"@type\":\"BreadcrumbList\",\"@id\":\"https:\/\/visitviskovo.hr\/de\/was-tun-2\/aussichtspunkt-und-galerie-im-freien\/#breadcrumb\",\"itemListElement\":[{\"@type\":\"ListItem\",\"position\":1,\"name\":\"Home\",\"item\":\"https:\/\/visitviskovo.hr\/de\/\"},{\"@type\":\"ListItem\",\"position\":2,\"name\":\"Was tun\",\"item\":\"https:\/\/visitviskovo.hr\/de\/was-tun-2\/\"},{\"@type\":\"ListItem\",\"position\":3,\"name\":\"Aussichtspunkt und Galerie im Freien\"}]},{\"@type\":\"WebSite\",\"@id\":\"https:\/\/visitviskovo.hr\/it\/#website\",\"url\":\"https:\/\/visitviskovo.hr\/it\/\",\"name\":\"Turisti\u010dka zajednica op\u0107ine Vi\u0161kovo\",\"description\":\"\",\"potentialAction\":[{\"@type\":\"SearchAction\",\"target\":{\"@type\":\"EntryPoint\",\"urlTemplate\":\"https:\/\/visitviskovo.hr\/it\/?s={search_term_string}\"},\"query-input\":\"required name=search_term_string\"}],\"inLanguage\":\"de-DE\"}]}<\/script>\n<!-- \/ Yoast SEO plugin. -->","yoast_head_json":{"title":"Aussichtspunkt und Galerie im Freien - Turisti\u010dka zajednica op\u0107ine Vi\u0161kovo","robots":{"index":"index","follow":"follow","max-snippet":"max-snippet:-1","max-image-preview":"max-image-preview:large","max-video-preview":"max-video-preview:-1"},"canonical":"https:\/\/visitviskovo.hr\/de\/was-tun-2\/aussichtspunkt-und-galerie-im-freien\/","og_locale":"de_DE","og_type":"article","og_title":"Aussichtspunkt und Galerie im Freien - Turisti\u010dka zajednica op\u0107ine Vi\u0161kovo","og_description":"Lon\u010deva Gri\u017ea ist ein Aussichtspunkt auf 506 m \u00fcber dem Meeresspiegel im Ort Lu\u010di\u0107i oberhalb von Sar\u0161oni mit einem herrlichen Blick auf die Kvarner Bucht, das Grobnik-Feld, Gorski Kotar, das Velebit-Gebirge und das benachbarte Slowenien. Das Wort \u201eGri\u017ea\u201c bedeutet Steinhaufen. Von der Spitze dieses Haufens, unter dem sich ein alter Steinbruch befindet, kann man einen [&hellip;]","og_url":"https:\/\/visitviskovo.hr\/de\/was-tun-2\/aussichtspunkt-und-galerie-im-freien\/","og_site_name":"Turisti\u010dka zajednica op\u0107ine Vi\u0161kovo","article_publisher":"https:\/\/web.facebook.com\/VisitViskovo","article_modified_time":"2020-09-16T11:59:34+00:00","og_image":[{"width":2000,"height":1332,"url":"https:\/\/visitviskovo.hr\/wp-content\/uploads\/2020\/04\/TZ-Viskovo_11072019_075.jpg","type":"image\/jpeg"}],"twitter_card":"summary_large_image","twitter_misc":{"Gesch\u00e4tzte Lesezeit":"1 Minute"},"schema":{"@context":"https:\/\/schema.org","@graph":[{"@type":"WebPage","@id":"https:\/\/visitviskovo.hr\/de\/was-tun-2\/aussichtspunkt-und-galerie-im-freien\/","url":"https:\/\/visitviskovo.hr\/de\/was-tun-2\/aussichtspunkt-und-galerie-im-freien\/","name":"Aussichtspunkt und Galerie im Freien - Turisti\u010dka zajednica op\u0107ine Vi\u0161kovo","isPartOf":{"@id":"https:\/\/visitviskovo.hr\/it\/#website"},"primaryImageOfPage":{"@id":"https:\/\/visitviskovo.hr\/de\/was-tun-2\/aussichtspunkt-und-galerie-im-freien\/#primaryimage"},"image":{"@id":"https:\/\/visitviskovo.hr\/de\/was-tun-2\/aussichtspunkt-und-galerie-im-freien\/#primaryimage"},"thumbnailUrl":"https:\/\/visitviskovo.hr\/wp-content\/uploads\/2020\/04\/TZ-Viskovo_11072019_075.jpg","datePublished":"2019-08-20T11:53:12+00:00","dateModified":"2020-09-16T11:59:34+00:00","breadcrumb":{"@id":"https:\/\/visitviskovo.hr\/de\/was-tun-2\/aussichtspunkt-und-galerie-im-freien\/#breadcrumb"},"inLanguage":"de-DE","potentialAction":[{"@type":"ReadAction","target":["https:\/\/visitviskovo.hr\/de\/was-tun-2\/aussichtspunkt-und-galerie-im-freien\/"]}]},{"@type":"ImageObject","inLanguage":"de-DE","@id":"https:\/\/visitviskovo.hr\/de\/was-tun-2\/aussichtspunkt-und-galerie-im-freien\/#primaryimage","url":"https:\/\/visitviskovo.hr\/wp-content\/uploads\/2020\/04\/TZ-Viskovo_11072019_075.jpg","contentUrl":"https:\/\/visitviskovo.hr\/wp-content\/uploads\/2020\/04\/TZ-Viskovo_11072019_075.jpg","width":2000,"height":1332},{"@type":"BreadcrumbList","@id":"https:\/\/visitviskovo.hr\/de\/was-tun-2\/aussichtspunkt-und-galerie-im-freien\/#breadcrumb","itemListElement":[{"@type":"ListItem","position":1,"name":"Home","item":"https:\/\/visitviskovo.hr\/de\/"},{"@type":"ListItem","position":2,"name":"Was tun","item":"https:\/\/visitviskovo.hr\/de\/was-tun-2\/"},{"@type":"ListItem","position":3,"name":"Aussichtspunkt und Galerie im Freien"}]},{"@type":"WebSite","@id":"https:\/\/visitviskovo.hr\/it\/#website","url":"https:\/\/visitviskovo.hr\/it\/","name":"Turisti\u010dka zajednica op\u0107ine Vi\u0161kovo","description":"","potentialAction":[{"@type":"SearchAction","target":{"@type":"EntryPoint","urlTemplate":"https:\/\/visitviskovo.hr\/it\/?s={search_term_string}"},"query-input":"required name=search_term_string"}],"inLanguage":"de-DE"}]}},"_links":{"self":[{"href":"https:\/\/visitviskovo.hr\/de\/wp-json\/wp\/v2\/pages\/4342"}],"collection":[{"href":"https:\/\/visitviskovo.hr\/de\/wp-json\/wp\/v2\/pages"}],"about":[{"href":"https:\/\/visitviskovo.hr\/de\/wp-json\/wp\/v2\/types\/page"}],"author":[{"embeddable":true,"href":"https:\/\/visitviskovo.hr\/de\/wp-json\/wp\/v2\/users\/1"}],"replies":[{"embeddable":true,"href":"https:\/\/visitviskovo.hr\/de\/wp-json\/wp\/v2\/comments?post=4342"}],"version-history":[{"count":2,"href":"https:\/\/visitviskovo.hr\/de\/wp-json\/wp\/v2\/pages\/4342\/revisions"}],"predecessor-version":[{"id":15030,"href":"https:\/\/visitviskovo.hr\/de\/wp-json\/wp\/v2\/pages\/4342\/revisions\/15030"}],"up":[{"embeddable":true,"href":"https:\/\/visitviskovo.hr\/de\/wp-json\/wp\/v2\/pages\/4357"}],"wp:featuredmedia":[{"embeddable":true,"href":"https:\/\/visitviskovo.hr\/de\/wp-json\/wp\/v2\/media\/13345"}],"wp:attachment":[{"href":"https:\/\/visitviskovo.hr\/de\/wp-json\/wp\/v2\/media?parent=4342"}],"curies":[{"name":"wp","href":"https:\/\/api.w.org\/{rel}","templated":true}]}}