{"id":4360,"date":"2019-08-20T12:01:48","date_gmt":"2019-08-20T12:01:48","guid":{"rendered":"https:\/\/visitviskovo.hr\/?page_id=4360"},"modified":"2020-05-12T12:14:05","modified_gmt":"2020-05-12T12:14:05","slug":"sport","status":"publish","type":"page","link":"https:\/\/visitviskovo.hr\/de\/was-tun-2\/sport\/","title":{"rendered":"Sport"},"content":{"rendered":"\n<h2 class=\"wp-block-heading\"><strong>Sportzentrum Stream&nbsp;<\/strong><\/h2>\n\n\n\n<p>Das Sportzentrum Stream befindet sich in Marini\u0107i und umfasst eine Innenfl\u00e4che von 450 m<sup>2<\/sup>&nbsp;und eine Au\u00dfenfl\u00e4che von 1500 m<sup>2<\/sup>. Zum Zentrum geh\u00f6ren ein Kraftraum, eine Aerobic-Halle, eine Sauna, ein Solarium, zwei Kleinfeldfu\u00dfballfelder mit Kunstrasen (innen und au\u00dfen) und eine \u00fcberdachte Cageball-Anlage mit Kunstrasen.<\/p>\n\n\n\n<p>Zum Angebot geh\u00f6ren dar\u00fcber hinaus Tischtennis, Aerobic, Pilates, Tae-Bo, Kick-Boxing, diverse Freizeitaktivit\u00e4ten sowie klassische Massagen und Sportmassagen.<\/p>\n\n\n\n<p>Nach dem Training kann man sich in gem\u00fctlicher Atmosph\u00e4re entspannen und ein Erfrischungs- oder Proteingetr\u00e4nk an der Protein Bar bestellen.<\/p>\n\n\n\n<p>Adresse: Marini\u0107i bb, Vi\u0161kovo<br>tel 1: +385 51 256 706<br>tel 2: +385 91 8848 173<br>e-mail: stream-sc@email.t-com.hr <\/p>\n\n\n\n<p>\u00d6FFNUNGSZEITEN:<br>Montag &#8211; Freitag 9.00 &#8211; 22.00h<br>Samstag 10.00 &#8211; 14.00h<br>Sonntags geschlossen<\/p>\n\n\n\n<h2 class=\"wp-block-heading\"><strong>Fitness &amp; wellness Zentrum HULK<\/strong><\/h2>\n\n\n\n<p>Das Fitness- und Wellnesszentrum Hulk befindet sich in Stupari und bietet ein Komplettprogramm f\u00fcr die allgemeine Fitness sowie diverse Wellnessprogramme.<\/p>\n\n\n\n<p>Adresse: Stupari 26A, Marini\u0107i, Vi\u0161kovo<br>tel: +385 51 681 934 <\/p>\n\n\n\n<h2 class=\"wp-block-heading\"><strong>Bergsteigerverein Vi\u0161kovo<\/strong><\/h2>\n\n\n\n<p>Der Bergsteigerverein Vi\u0161kovo wurde am 20. Februar 2007 gegr\u00fcndet. Am 23. April 2007 wurde es schon zum Mitglied des kroatischen Bergsteigerverein und somit Mitglied der gro\u00dfen Familie von Bergsteiger in Kroatien. Der Verein pflegt und entwickelt das Bergsteigern, in dem die Liebe zur Natur und ihrer Sch\u00f6nheiten gef\u00f6rdert wird. Die Mitglieder arbeiten auch st\u00e4ndig an ihrer Weiterentwicklung, zwei Mitglieder haben schon den Kurs als Wanderwegpfleger bei der Kommission f\u00fcr Bergsteigerwege beendet.<\/p>\n\n\n\n<p>\u00dcber die Arbeit berichtet der Verein an die B\u00fcrger via Schwarzes Brett vor dem Postb\u00fcro Vi\u0161kovo.<\/p>\n\n\n\n<p>Adresse: \u00a0PD VI\u0160KOVO, D. Sroki 16, VI\u0160KOVO 51216,\u00a0<br>e-mail:  pdviskovo@gmail.com <br>Webseite:\u00a0<a href=\"http:\/\/www.pd-viskovo.hr\/\">www.pd-viskovo.hr<\/a><\/p>\n","protected":false},"excerpt":{"rendered":"<p>Sportzentrum Stream&nbsp; Das Sportzentrum Stream befindet sich in Marini\u0107i und umfasst eine Innenfl\u00e4che von 450 m2&nbsp;und eine Au\u00dfenfl\u00e4che von 1500 m2. Zum Zentrum geh\u00f6ren ein Kraftraum, eine Aerobic-Halle, eine Sauna, ein Solarium, zwei Kleinfeldfu\u00dfballfelder mit Kunstrasen (innen und au\u00dfen) und eine \u00fcberdachte Cageball-Anlage mit Kunstrasen. Zum Angebot geh\u00f6ren dar\u00fcber hinaus Tischtennis, Aerobic, Pilates, Tae-Bo, Kick-Boxing, [&hellip;]<\/p>\n","protected":false},"author":1,"featured_media":4369,"parent":4357,"menu_order":0,"comment_status":"closed","ping_status":"closed","template":"","meta":{"_acf_changed":false,"footnotes":""},"acf":[],"yoast_head":"<!-- This site is optimized with the Yoast SEO plugin v22.7 - https:\/\/yoast.com\/wordpress\/plugins\/seo\/ -->\n<title>Sport - Turisti\u010dka zajednica op\u0107ine Vi\u0161kovo<\/title>\n<meta name=\"robots\" content=\"index, follow, max-snippet:-1, max-image-preview:large, max-video-preview:-1\" \/>\n<link rel=\"canonical\" href=\"https:\/\/visitviskovo.hr\/de\/was-tun-2\/sport\/\" \/>\n<meta property=\"og:locale\" content=\"de_DE\" \/>\n<meta property=\"og:type\" content=\"article\" \/>\n<meta property=\"og:title\" content=\"Sport - Turisti\u010dka zajednica op\u0107ine Vi\u0161kovo\" \/>\n<meta property=\"og:description\" content=\"Sportzentrum Stream&nbsp; Das Sportzentrum Stream befindet sich in Marini\u0107i und umfasst eine Innenfl\u00e4che von 450 m2&nbsp;und eine Au\u00dfenfl\u00e4che von 1500 m2. Zum Zentrum geh\u00f6ren ein Kraftraum, eine Aerobic-Halle, eine Sauna, ein Solarium, zwei Kleinfeldfu\u00dfballfelder mit Kunstrasen (innen und au\u00dfen) und eine \u00fcberdachte Cageball-Anlage mit Kunstrasen. Zum Angebot geh\u00f6ren dar\u00fcber hinaus Tischtennis, Aerobic, Pilates, Tae-Bo, Kick-Boxing, [&hellip;]\" \/>\n<meta property=\"og:url\" content=\"https:\/\/visitviskovo.hr\/de\/was-tun-2\/sport\/\" \/>\n<meta property=\"og:site_name\" content=\"Turisti\u010dka zajednica op\u0107ine Vi\u0161kovo\" \/>\n<meta property=\"article:publisher\" content=\"https:\/\/web.facebook.com\/VisitViskovo\" \/>\n<meta property=\"article:modified_time\" content=\"2020-05-12T12:14:05+00:00\" \/>\n<meta property=\"og:image\" content=\"https:\/\/visitviskovo.hr\/wp-content\/uploads\/2019\/08\/20160721150901000000-main.jpg\" \/>\n\t<meta property=\"og:image:width\" content=\"900\" \/>\n\t<meta property=\"og:image:height\" content=\"600\" \/>\n\t<meta property=\"og:image:type\" content=\"image\/jpeg\" \/>\n<meta name=\"twitter:card\" content=\"summary_large_image\" \/>\n<meta name=\"twitter:label1\" content=\"Gesch\u00e4tzte Lesezeit\" \/>\n\t<meta name=\"twitter:data1\" content=\"1 Minute\" \/>\n<script type=\"application\/ld+json\" class=\"yoast-schema-graph\">{\"@context\":\"https:\/\/schema.org\",\"@graph\":[{\"@type\":\"WebPage\",\"@id\":\"https:\/\/visitviskovo.hr\/de\/was-tun-2\/sport\/\",\"url\":\"https:\/\/visitviskovo.hr\/de\/was-tun-2\/sport\/\",\"name\":\"Sport - Turisti\u010dka zajednica op\u0107ine Vi\u0161kovo\",\"isPartOf\":{\"@id\":\"https:\/\/visitviskovo.hr\/it\/#website\"},\"primaryImageOfPage\":{\"@id\":\"https:\/\/visitviskovo.hr\/de\/was-tun-2\/sport\/#primaryimage\"},\"image\":{\"@id\":\"https:\/\/visitviskovo.hr\/de\/was-tun-2\/sport\/#primaryimage\"},\"thumbnailUrl\":\"https:\/\/visitviskovo.hr\/wp-content\/uploads\/2019\/08\/20160721150901000000-main.jpg\",\"datePublished\":\"2019-08-20T12:01:48+00:00\",\"dateModified\":\"2020-05-12T12:14:05+00:00\",\"breadcrumb\":{\"@id\":\"https:\/\/visitviskovo.hr\/de\/was-tun-2\/sport\/#breadcrumb\"},\"inLanguage\":\"de-DE\",\"potentialAction\":[{\"@type\":\"ReadAction\",\"target\":[\"https:\/\/visitviskovo.hr\/de\/was-tun-2\/sport\/\"]}]},{\"@type\":\"ImageObject\",\"inLanguage\":\"de-DE\",\"@id\":\"https:\/\/visitviskovo.hr\/de\/was-tun-2\/sport\/#primaryimage\",\"url\":\"https:\/\/visitviskovo.hr\/wp-content\/uploads\/2019\/08\/20160721150901000000-main.jpg\",\"contentUrl\":\"https:\/\/visitviskovo.hr\/wp-content\/uploads\/2019\/08\/20160721150901000000-main.jpg\",\"width\":900,\"height\":600},{\"@type\":\"BreadcrumbList\",\"@id\":\"https:\/\/visitviskovo.hr\/de\/was-tun-2\/sport\/#breadcrumb\",\"itemListElement\":[{\"@type\":\"ListItem\",\"position\":1,\"name\":\"Home\",\"item\":\"https:\/\/visitviskovo.hr\/de\/\"},{\"@type\":\"ListItem\",\"position\":2,\"name\":\"Was tun\",\"item\":\"https:\/\/visitviskovo.hr\/de\/was-tun-2\/\"},{\"@type\":\"ListItem\",\"position\":3,\"name\":\"Sport\"}]},{\"@type\":\"WebSite\",\"@id\":\"https:\/\/visitviskovo.hr\/it\/#website\",\"url\":\"https:\/\/visitviskovo.hr\/it\/\",\"name\":\"Turisti\u010dka zajednica op\u0107ine Vi\u0161kovo\",\"description\":\"\",\"potentialAction\":[{\"@type\":\"SearchAction\",\"target\":{\"@type\":\"EntryPoint\",\"urlTemplate\":\"https:\/\/visitviskovo.hr\/it\/?s={search_term_string}\"},\"query-input\":\"required name=search_term_string\"}],\"inLanguage\":\"de-DE\"}]}<\/script>\n<!-- \/ Yoast SEO plugin. -->","yoast_head_json":{"title":"Sport - Turisti\u010dka zajednica op\u0107ine Vi\u0161kovo","robots":{"index":"index","follow":"follow","max-snippet":"max-snippet:-1","max-image-preview":"max-image-preview:large","max-video-preview":"max-video-preview:-1"},"canonical":"https:\/\/visitviskovo.hr\/de\/was-tun-2\/sport\/","og_locale":"de_DE","og_type":"article","og_title":"Sport - Turisti\u010dka zajednica op\u0107ine Vi\u0161kovo","og_description":"Sportzentrum Stream&nbsp; Das Sportzentrum Stream befindet sich in Marini\u0107i und umfasst eine Innenfl\u00e4che von 450 m2&nbsp;und eine Au\u00dfenfl\u00e4che von 1500 m2. Zum Zentrum geh\u00f6ren ein Kraftraum, eine Aerobic-Halle, eine Sauna, ein Solarium, zwei Kleinfeldfu\u00dfballfelder mit Kunstrasen (innen und au\u00dfen) und eine \u00fcberdachte Cageball-Anlage mit Kunstrasen. Zum Angebot geh\u00f6ren dar\u00fcber hinaus Tischtennis, Aerobic, Pilates, Tae-Bo, Kick-Boxing, [&hellip;]","og_url":"https:\/\/visitviskovo.hr\/de\/was-tun-2\/sport\/","og_site_name":"Turisti\u010dka zajednica op\u0107ine Vi\u0161kovo","article_publisher":"https:\/\/web.facebook.com\/VisitViskovo","article_modified_time":"2020-05-12T12:14:05+00:00","og_image":[{"width":900,"height":600,"url":"https:\/\/visitviskovo.hr\/wp-content\/uploads\/2019\/08\/20160721150901000000-main.jpg","type":"image\/jpeg"}],"twitter_card":"summary_large_image","twitter_misc":{"Gesch\u00e4tzte Lesezeit":"1 Minute"},"schema":{"@context":"https:\/\/schema.org","@graph":[{"@type":"WebPage","@id":"https:\/\/visitviskovo.hr\/de\/was-tun-2\/sport\/","url":"https:\/\/visitviskovo.hr\/de\/was-tun-2\/sport\/","name":"Sport - Turisti\u010dka zajednica op\u0107ine Vi\u0161kovo","isPartOf":{"@id":"https:\/\/visitviskovo.hr\/it\/#website"},"primaryImageOfPage":{"@id":"https:\/\/visitviskovo.hr\/de\/was-tun-2\/sport\/#primaryimage"},"image":{"@id":"https:\/\/visitviskovo.hr\/de\/was-tun-2\/sport\/#primaryimage"},"thumbnailUrl":"https:\/\/visitviskovo.hr\/wp-content\/uploads\/2019\/08\/20160721150901000000-main.jpg","datePublished":"2019-08-20T12:01:48+00:00","dateModified":"2020-05-12T12:14:05+00:00","breadcrumb":{"@id":"https:\/\/visitviskovo.hr\/de\/was-tun-2\/sport\/#breadcrumb"},"inLanguage":"de-DE","potentialAction":[{"@type":"ReadAction","target":["https:\/\/visitviskovo.hr\/de\/was-tun-2\/sport\/"]}]},{"@type":"ImageObject","inLanguage":"de-DE","@id":"https:\/\/visitviskovo.hr\/de\/was-tun-2\/sport\/#primaryimage","url":"https:\/\/visitviskovo.hr\/wp-content\/uploads\/2019\/08\/20160721150901000000-main.jpg","contentUrl":"https:\/\/visitviskovo.hr\/wp-content\/uploads\/2019\/08\/20160721150901000000-main.jpg","width":900,"height":600},{"@type":"BreadcrumbList","@id":"https:\/\/visitviskovo.hr\/de\/was-tun-2\/sport\/#breadcrumb","itemListElement":[{"@type":"ListItem","position":1,"name":"Home","item":"https:\/\/visitviskovo.hr\/de\/"},{"@type":"ListItem","position":2,"name":"Was tun","item":"https:\/\/visitviskovo.hr\/de\/was-tun-2\/"},{"@type":"ListItem","position":3,"name":"Sport"}]},{"@type":"WebSite","@id":"https:\/\/visitviskovo.hr\/it\/#website","url":"https:\/\/visitviskovo.hr\/it\/","name":"Turisti\u010dka zajednica op\u0107ine Vi\u0161kovo","description":"","potentialAction":[{"@type":"SearchAction","target":{"@type":"EntryPoint","urlTemplate":"https:\/\/visitviskovo.hr\/it\/?s={search_term_string}"},"query-input":"required name=search_term_string"}],"inLanguage":"de-DE"}]}},"_links":{"self":[{"href":"https:\/\/visitviskovo.hr\/de\/wp-json\/wp\/v2\/pages\/4360"}],"collection":[{"href":"https:\/\/visitviskovo.hr\/de\/wp-json\/wp\/v2\/pages"}],"about":[{"href":"https:\/\/visitviskovo.hr\/de\/wp-json\/wp\/v2\/types\/page"}],"author":[{"embeddable":true,"href":"https:\/\/visitviskovo.hr\/de\/wp-json\/wp\/v2\/users\/1"}],"replies":[{"embeddable":true,"href":"https:\/\/visitviskovo.hr\/de\/wp-json\/wp\/v2\/comments?post=4360"}],"version-history":[{"count":3,"href":"https:\/\/visitviskovo.hr\/de\/wp-json\/wp\/v2\/pages\/4360\/revisions"}],"predecessor-version":[{"id":13555,"href":"https:\/\/visitviskovo.hr\/de\/wp-json\/wp\/v2\/pages\/4360\/revisions\/13555"}],"up":[{"embeddable":true,"href":"https:\/\/visitviskovo.hr\/de\/wp-json\/wp\/v2\/pages\/4357"}],"wp:featuredmedia":[{"embeddable":true,"href":"https:\/\/visitviskovo.hr\/de\/wp-json\/wp\/v2\/media\/4369"}],"wp:attachment":[{"href":"https:\/\/visitviskovo.hr\/de\/wp-json\/wp\/v2\/media?parent=4360"}],"curies":[{"name":"wp","href":"https:\/\/api.w.org\/{rel}","templated":true}]}}