{"id":4482,"date":"2019-08-22T07:47:34","date_gmt":"2019-08-22T07:47:34","guid":{"rendered":"https:\/\/visitviskovo.hr\/pdf\/"},"modified":"2024-04-08T10:43:26","modified_gmt":"2024-04-08T10:43:26","slug":"pdf","status":"publish","type":"page","link":"https:\/\/visitviskovo.hr\/de\/pdf\/","title":{"rendered":"PDF"},"content":{"rendered":"\n<figure class=\"wp-block-image\"><img loading=\"lazy\" decoding=\"async\" width=\"1153\" height=\"768\" src=\"https:\/\/visitviskovo.hr\/wp-content\/uploads\/2020\/05\/TZ-Viskovo_11072019_056-Medium.jpg\" alt=\"\" class=\"wp-image-13806\" srcset=\"https:\/\/visitviskovo.hr\/wp-content\/uploads\/2020\/05\/TZ-Viskovo_11072019_056-Medium.jpg 1153w, https:\/\/visitviskovo.hr\/wp-content\/uploads\/2020\/05\/TZ-Viskovo_11072019_056-Medium-300x200.jpg 300w, https:\/\/visitviskovo.hr\/wp-content\/uploads\/2020\/05\/TZ-Viskovo_11072019_056-Medium-768x512.jpg 768w\" sizes=\"(max-width: 1153px) 100vw, 1153px\" \/><\/figure>\n\n\n\n<h2 class=\"wp-block-heading\">Karte von Vi\u0161kovo<\/h2>\n\n\n\n<p>Wenn Sie eine Kulturreise durch Kroatien machen, dann sollten Sie unbedingt Vi\u0161kovo besuchen! Hier werden Sie von einer Vielzahl von Kultursch\u00e4tzen aus der&nbsp;<a href=\"https:\/\/visitviskovo.hr\/de\/entdecke-viskovo\/unesco\/\">UNESCO-Liste des immateriellen Kulturerbes&nbsp;<\/a>begr\u00fc\u00dft. Unsere liebliche Landschaft l\u00e4dt Aktivurlauber zu einer Radtour ein und unsere Spazier- und Wanderwege zu einer Auszeit vom stressigen Alltag.  <\/p>\n\n\n\n<div class=\"wp-block-file\"><a id=\"wp-block-file--media-fc1c2cd9-3550-4e67-8d13-98134d6a44a8\" href=\"https:\/\/visitviskovo.hr\/wp-content\/uploads\/2020\/05\/Viskovo_strana_2_2019_07_187_outlines.pdf\">Karte von Vi\u0161kovo<\/a><\/div>\n\n\n\n<div class=\"wp-block-file\"><a id=\"wp-block-file--media-b1ea6fab-08c9-4d98-9dab-bf9b61166d5c\" href=\"https:\/\/visitviskovo.hr\/wp-content\/uploads\/2020\/05\/Viskovo_strana_1_2019_07_187_outlines.pdf\">Karte von Vi\u0161kovo &#8211; Center<\/a><\/div>\n\n\n\n<h2 class=\"wp-block-heading\">Gastro guide<\/h2>\n\n\n\n<p>Zahlreiche Restaurants, Tavernen und Konditoreien bieten&nbsp;<a href=\"https:\/\/visitviskovo.hr\/de\/gastro\/\">k\u00f6stliche Gourmeterlebnisse<\/a>.<\/p>\n\n\n\n<div class=\"wp-block-file\"><a id=\"wp-block-file--media-5507cd10-83f0-45cd-808e-040f73caacf7\" href=\"https:\/\/visitviskovo.hr\/wp-content\/uploads\/2020\/06\/TZ_Viskovo_deplijan_eng_2-1.pdf\">Gastro guide<\/a><\/div>\n\n\n\n<h2 class=\"wp-block-heading\">HALUbike<\/h2>\n\n\n\n<p>Vi\u0161kovo und die umliegenden Ortschaften sind von einer lieblichen Landschaftumgeben, die zu einer Entdeckungsreise auf den Spuren der Vergangenheit einl\u00e4dt.Lassen Sie sich auf unseren&nbsp;<a href=\"https:\/\/visitviskovo.hr\/de\/was-tun-2\/fahrrad-und-wanderwege\/\">Rad- und Wanderwegen<\/a>&nbsp;zu ruhigen Oasen und herrlichen Aussichtspunkten entf\u00fchren. Entdecken Sie Vi\u0161kovo mit HALUbike! <\/p>\n\n\n\n<div class=\"wp-block-file\"><a id=\"wp-block-file--media-e31d8c9d-0b35-4866-a651-e6cbea8d8bdf\" href=\"https:\/\/visitviskovo.hr\/wp-content\/uploads\/2020\/11\/HALUbike-DE-IT-1.pdf\">HALUbike<\/a><\/div>\n\n\n\n<h2 class=\"wp-block-heading\">Halubajski zvon\u010dari &#8211;  Glockentr\u00e4ger Halubajski zvon\u010dari <\/h2>\n\n\n\n<p>Die<em>&nbsp;Halubajski zvon\u010dari<\/em>&nbsp;ist eine Gruppe von M\u00e4nnern, die Schafsfelle tragen und Glocken l\u00e4uten, um b\u00f6se Geister zu vertreiben. Die Glocken sind um ihre Taille gebunden. Diese Tradition ist hier in den Karstgebieten des Mittelmeerraums, wo Tierhaltung jahrhundertlang die wichtigste Wirtschaftsaktivit\u00e4t war, weit verbreitet. <\/p>\n\n\n\n<div class=\"wp-block-file\"><a id=\"wp-block-file--media-3ba593e2-b7bb-4008-b2d0-0db3a579c383\" href=\"https:\/\/visitviskovo.hr\/wp-content\/uploads\/2021\/03\/Halubajski-zvon\u010dari-bro\u0161ura.pdf\">Halubajski zvon\u010dari<\/a><\/div>\n\n\n\n<div class=\"wp-block-file\"><a id=\"wp-block-file--media-2781b7bd-89bb-41b8-aae2-b2ee3d167361\" href=\"https:\/\/visitviskovo.hr\/wp-content\/uploads\/2019\/08\/halubajski_zvoncari_PRESS.pdf\">Discover &#8211; Halubajski zvon\u010dari<\/a><\/div>\n\n\n\n<h2 class=\"wp-block-heading\">Fahrrad- und Wanderwege<\/h2>\n\n\n\n<p>F\u00fcnf markierte Radwege f\u00fchren durch das Gebiet von Vi\u0161kovo, in dem moderne Lebensweise auf Tradition und wundersch\u00f6ne Naturlandschaften trifft. Unsere Radwege eignen sich ideal f\u00fcr alle, die verborgene Ecken in Vi\u0161kovo erkunden m\u00f6chten und ein Abenteuer unter freiem Himmel suchen.<\/p>\n\n\n\n<div class=\"wp-block-file\"><a id=\"wp-block-file--media-be6c7f42-f785-4419-8b9f-19051679d309\" href=\"https:\/\/visitviskovo.hr\/wp-content\/uploads\/2019\/08\/Biciklisti\u010dka-karta-Vi\u0161kovo-1.pdf\">Fahrrad und Wanderwege<\/a><\/div>\n\n\n\n<h2 class=\"wp-block-heading\">Rijeka und Umgebung<\/h2>\n\n\n\n<div class=\"wp-block-file\"><a id=\"wp-block-file--media-5051ceac-e9d1-47d6-9788-73cf85cbfc68\" href=\"https:\/\/visitviskovo.hr\/wp-content\/uploads\/2021\/03\/rijeka_brosura_20_DE_light.pdf\">Rijeka und Umgebung<\/a><\/div>\n\n\n\n<div class=\"wp-block-file\"><a id=\"wp-block-file--media-c56ce1cf-bde8-41a8-b9f6-74f19762a300\" href=\"https:\/\/visitviskovo.hr\/wp-content\/uploads\/2021\/03\/Rijeka-Bike.pdf\">Rijeka Bike<\/a><\/div>\n\n\n\n<div class=\"wp-block-file\"><a id=\"wp-block-file--media-ec862332-fae2-4b7b-9893-62d568a8ce1d\" href=\"https:\/\/visitviskovo.hr\/wp-content\/uploads\/2021\/03\/Rijeka-Trails.pdf\">Rijeka Trails<\/a><\/div>\n","protected":false},"excerpt":{"rendered":"<p>Karte von Vi\u0161kovo Wenn Sie eine Kulturreise durch Kroatien machen, dann sollten Sie unbedingt Vi\u0161kovo besuchen! Hier werden Sie von einer Vielzahl von Kultursch\u00e4tzen aus der&nbsp;UNESCO-Liste des immateriellen Kulturerbes&nbsp;begr\u00fc\u00dft. Unsere liebliche Landschaft l\u00e4dt Aktivurlauber zu einer Radtour ein und unsere Spazier- und Wanderwege zu einer Auszeit vom stressigen Alltag. Gastro guide Zahlreiche Restaurants, Tavernen und [&hellip;]<\/p>\n","protected":false},"author":1,"featured_media":0,"parent":0,"menu_order":0,"comment_status":"closed","ping_status":"closed","template":"","meta":{"_acf_changed":false,"footnotes":""},"acf":[],"yoast_head":"<!-- This site is optimized with the Yoast SEO plugin v22.7 - https:\/\/yoast.com\/wordpress\/plugins\/seo\/ -->\n<title>PDF - Turisti\u010dka zajednica op\u0107ine Vi\u0161kovo<\/title>\n<meta name=\"robots\" content=\"index, follow, max-snippet:-1, max-image-preview:large, max-video-preview:-1\" \/>\n<link rel=\"canonical\" href=\"https:\/\/visitviskovo.hr\/de\/pdf\/\" \/>\n<meta property=\"og:locale\" content=\"de_DE\" \/>\n<meta property=\"og:type\" content=\"article\" \/>\n<meta property=\"og:title\" content=\"PDF - Turisti\u010dka zajednica op\u0107ine Vi\u0161kovo\" \/>\n<meta property=\"og:description\" content=\"Karte von Vi\u0161kovo Wenn Sie eine Kulturreise durch Kroatien machen, dann sollten Sie unbedingt Vi\u0161kovo besuchen! Hier werden Sie von einer Vielzahl von Kultursch\u00e4tzen aus der&nbsp;UNESCO-Liste des immateriellen Kulturerbes&nbsp;begr\u00fc\u00dft. Unsere liebliche Landschaft l\u00e4dt Aktivurlauber zu einer Radtour ein und unsere Spazier- und Wanderwege zu einer Auszeit vom stressigen Alltag. Gastro guide Zahlreiche Restaurants, Tavernen und [&hellip;]\" \/>\n<meta property=\"og:url\" content=\"https:\/\/visitviskovo.hr\/de\/pdf\/\" \/>\n<meta property=\"og:site_name\" content=\"Turisti\u010dka zajednica op\u0107ine Vi\u0161kovo\" \/>\n<meta property=\"article:publisher\" content=\"https:\/\/web.facebook.com\/VisitViskovo\" \/>\n<meta property=\"article:modified_time\" content=\"2024-04-08T10:43:26+00:00\" \/>\n<meta property=\"og:image\" content=\"https:\/\/visitviskovo.hr\/wp-content\/uploads\/2020\/05\/TZ-Viskovo_11072019_056-Medium.jpg\" \/>\n<meta name=\"twitter:card\" content=\"summary_large_image\" \/>\n<meta name=\"twitter:label1\" content=\"Gesch\u00e4tzte Lesezeit\" \/>\n\t<meta name=\"twitter:data1\" content=\"2 Minuten\" \/>\n<script type=\"application\/ld+json\" class=\"yoast-schema-graph\">{\"@context\":\"https:\/\/schema.org\",\"@graph\":[{\"@type\":\"WebPage\",\"@id\":\"https:\/\/visitviskovo.hr\/de\/pdf\/\",\"url\":\"https:\/\/visitviskovo.hr\/de\/pdf\/\",\"name\":\"PDF - Turisti\u010dka zajednica op\u0107ine Vi\u0161kovo\",\"isPartOf\":{\"@id\":\"https:\/\/visitviskovo.hr\/it\/#website\"},\"primaryImageOfPage\":{\"@id\":\"https:\/\/visitviskovo.hr\/de\/pdf\/#primaryimage\"},\"image\":{\"@id\":\"https:\/\/visitviskovo.hr\/de\/pdf\/#primaryimage\"},\"thumbnailUrl\":\"https:\/\/visitviskovo.hr\/wp-content\/uploads\/2020\/05\/TZ-Viskovo_11072019_056-Medium.jpg\",\"datePublished\":\"2019-08-22T07:47:34+00:00\",\"dateModified\":\"2024-04-08T10:43:26+00:00\",\"breadcrumb\":{\"@id\":\"https:\/\/visitviskovo.hr\/de\/pdf\/#breadcrumb\"},\"inLanguage\":\"de-DE\",\"potentialAction\":[{\"@type\":\"ReadAction\",\"target\":[\"https:\/\/visitviskovo.hr\/de\/pdf\/\"]}]},{\"@type\":\"ImageObject\",\"inLanguage\":\"de-DE\",\"@id\":\"https:\/\/visitviskovo.hr\/de\/pdf\/#primaryimage\",\"url\":\"https:\/\/visitviskovo.hr\/wp-content\/uploads\/2020\/05\/TZ-Viskovo_11072019_056-Medium.jpg\",\"contentUrl\":\"https:\/\/visitviskovo.hr\/wp-content\/uploads\/2020\/05\/TZ-Viskovo_11072019_056-Medium.jpg\"},{\"@type\":\"BreadcrumbList\",\"@id\":\"https:\/\/visitviskovo.hr\/de\/pdf\/#breadcrumb\",\"itemListElement\":[{\"@type\":\"ListItem\",\"position\":1,\"name\":\"Home\",\"item\":\"https:\/\/visitviskovo.hr\/de\/\"},{\"@type\":\"ListItem\",\"position\":2,\"name\":\"PDF\"}]},{\"@type\":\"WebSite\",\"@id\":\"https:\/\/visitviskovo.hr\/it\/#website\",\"url\":\"https:\/\/visitviskovo.hr\/it\/\",\"name\":\"Turisti\u010dka zajednica op\u0107ine Vi\u0161kovo\",\"description\":\"\",\"potentialAction\":[{\"@type\":\"SearchAction\",\"target\":{\"@type\":\"EntryPoint\",\"urlTemplate\":\"https:\/\/visitviskovo.hr\/it\/?s={search_term_string}\"},\"query-input\":\"required name=search_term_string\"}],\"inLanguage\":\"de-DE\"}]}<\/script>\n<!-- \/ Yoast SEO plugin. -->","yoast_head_json":{"title":"PDF - Turisti\u010dka zajednica op\u0107ine Vi\u0161kovo","robots":{"index":"index","follow":"follow","max-snippet":"max-snippet:-1","max-image-preview":"max-image-preview:large","max-video-preview":"max-video-preview:-1"},"canonical":"https:\/\/visitviskovo.hr\/de\/pdf\/","og_locale":"de_DE","og_type":"article","og_title":"PDF - Turisti\u010dka zajednica op\u0107ine Vi\u0161kovo","og_description":"Karte von Vi\u0161kovo Wenn Sie eine Kulturreise durch Kroatien machen, dann sollten Sie unbedingt Vi\u0161kovo besuchen! Hier werden Sie von einer Vielzahl von Kultursch\u00e4tzen aus der&nbsp;UNESCO-Liste des immateriellen Kulturerbes&nbsp;begr\u00fc\u00dft. Unsere liebliche Landschaft l\u00e4dt Aktivurlauber zu einer Radtour ein und unsere Spazier- und Wanderwege zu einer Auszeit vom stressigen Alltag. Gastro guide Zahlreiche Restaurants, Tavernen und [&hellip;]","og_url":"https:\/\/visitviskovo.hr\/de\/pdf\/","og_site_name":"Turisti\u010dka zajednica op\u0107ine Vi\u0161kovo","article_publisher":"https:\/\/web.facebook.com\/VisitViskovo","article_modified_time":"2024-04-08T10:43:26+00:00","og_image":[{"url":"https:\/\/visitviskovo.hr\/wp-content\/uploads\/2020\/05\/TZ-Viskovo_11072019_056-Medium.jpg"}],"twitter_card":"summary_large_image","twitter_misc":{"Gesch\u00e4tzte Lesezeit":"2 Minuten"},"schema":{"@context":"https:\/\/schema.org","@graph":[{"@type":"WebPage","@id":"https:\/\/visitviskovo.hr\/de\/pdf\/","url":"https:\/\/visitviskovo.hr\/de\/pdf\/","name":"PDF - Turisti\u010dka zajednica op\u0107ine Vi\u0161kovo","isPartOf":{"@id":"https:\/\/visitviskovo.hr\/it\/#website"},"primaryImageOfPage":{"@id":"https:\/\/visitviskovo.hr\/de\/pdf\/#primaryimage"},"image":{"@id":"https:\/\/visitviskovo.hr\/de\/pdf\/#primaryimage"},"thumbnailUrl":"https:\/\/visitviskovo.hr\/wp-content\/uploads\/2020\/05\/TZ-Viskovo_11072019_056-Medium.jpg","datePublished":"2019-08-22T07:47:34+00:00","dateModified":"2024-04-08T10:43:26+00:00","breadcrumb":{"@id":"https:\/\/visitviskovo.hr\/de\/pdf\/#breadcrumb"},"inLanguage":"de-DE","potentialAction":[{"@type":"ReadAction","target":["https:\/\/visitviskovo.hr\/de\/pdf\/"]}]},{"@type":"ImageObject","inLanguage":"de-DE","@id":"https:\/\/visitviskovo.hr\/de\/pdf\/#primaryimage","url":"https:\/\/visitviskovo.hr\/wp-content\/uploads\/2020\/05\/TZ-Viskovo_11072019_056-Medium.jpg","contentUrl":"https:\/\/visitviskovo.hr\/wp-content\/uploads\/2020\/05\/TZ-Viskovo_11072019_056-Medium.jpg"},{"@type":"BreadcrumbList","@id":"https:\/\/visitviskovo.hr\/de\/pdf\/#breadcrumb","itemListElement":[{"@type":"ListItem","position":1,"name":"Home","item":"https:\/\/visitviskovo.hr\/de\/"},{"@type":"ListItem","position":2,"name":"PDF"}]},{"@type":"WebSite","@id":"https:\/\/visitviskovo.hr\/it\/#website","url":"https:\/\/visitviskovo.hr\/it\/","name":"Turisti\u010dka zajednica op\u0107ine Vi\u0161kovo","description":"","potentialAction":[{"@type":"SearchAction","target":{"@type":"EntryPoint","urlTemplate":"https:\/\/visitviskovo.hr\/it\/?s={search_term_string}"},"query-input":"required name=search_term_string"}],"inLanguage":"de-DE"}]}},"_links":{"self":[{"href":"https:\/\/visitviskovo.hr\/de\/wp-json\/wp\/v2\/pages\/4482"}],"collection":[{"href":"https:\/\/visitviskovo.hr\/de\/wp-json\/wp\/v2\/pages"}],"about":[{"href":"https:\/\/visitviskovo.hr\/de\/wp-json\/wp\/v2\/types\/page"}],"author":[{"embeddable":true,"href":"https:\/\/visitviskovo.hr\/de\/wp-json\/wp\/v2\/users\/1"}],"replies":[{"embeddable":true,"href":"https:\/\/visitviskovo.hr\/de\/wp-json\/wp\/v2\/comments?post=4482"}],"version-history":[{"count":6,"href":"https:\/\/visitviskovo.hr\/de\/wp-json\/wp\/v2\/pages\/4482\/revisions"}],"predecessor-version":[{"id":20903,"href":"https:\/\/visitviskovo.hr\/de\/wp-json\/wp\/v2\/pages\/4482\/revisions\/20903"}],"wp:attachment":[{"href":"https:\/\/visitviskovo.hr\/de\/wp-json\/wp\/v2\/media?parent=4482"}],"curies":[{"name":"wp","href":"https:\/\/api.w.org\/{rel}","templated":true}]}}