{"id":6745,"date":"2019-08-22T20:47:09","date_gmt":"2019-08-22T20:47:09","guid":{"rendered":"https:\/\/visitviskovo.hr\/?page_id=6745"},"modified":"2020-05-21T11:43:47","modified_gmt":"2020-05-21T11:43:47","slug":"unsere-spezialitaeten","status":"publish","type":"page","link":"https:\/\/visitviskovo.hr\/de\/gastro\/unsere-spezialitaeten\/","title":{"rendered":"Unsere Spezialit\u00e4ten"},"content":{"rendered":"\n<h3 class=\"wp-block-heading\"><strong>Fritule<\/strong> (Krapfen)&nbsp; <\/h3>\n\n\n\n<figure class=\"wp-block-image\"><img loading=\"lazy\" decoding=\"async\" width=\"655\" height=\"391\" src=\"https:\/\/visitviskovo.hr\/wp-content\/uploads\/2019\/07\/fritule.jpg\" alt=\"\" class=\"wp-image-1407\" srcset=\"https:\/\/visitviskovo.hr\/wp-content\/uploads\/2019\/07\/fritule.jpg 655w, https:\/\/visitviskovo.hr\/wp-content\/uploads\/2019\/07\/fritule-300x179.jpg 300w\" sizes=\"(max-width: 655px) 100vw, 655px\" \/><\/figure>\n\n\n\n<p> <strong>Zutaten:<\/strong> <\/p>\n\n\n\n<ul><li>4 Eigelbe <\/li><li> 100 g Zucker<\/li><li>50 g Butter<\/li><li>Zitronenschale<\/li><li>1 dcl Schnaps<\/li><li>4 dcl Milch<\/li><li>1 kg Mehl<\/li><li>40 g frischer Hefe oder 2 Beutel Trockenhefe<\/li><li>Rosinen<\/li><li>Eine Prise Salz<\/li><li>\u00d6l zum Braten <\/li><\/ul>\n\n\n\n<p><strong>Vorbereitung:<\/strong><\/p>\n\n\n\n<p>Die Hefe mit ein wenig Milch vermischen, ein Essl\u00f6ffel Mehl und Zucker hinzugeben und an einem warmen Ort gehen lassen. In einer separaten Sch\u00fcssel die Zutaten Salz, Eigelb, Zucker, geschmolzene Butter, geriebene Zitronenschale, Schnaps, warme Milch, gesiebtes Mehl und schlie\u00dflich die gewaschen Rosinen miteinander vermischen. Den Teig gut schlagen, bis er glatt wird. Nach Bedarf noch so viel Milch hinzugeben, bis der Teig nicht so weich ist, dass man ihn mit einem L\u00f6ffel entnehmen kann. Den Teig an einem warmen Ort f\u00fcr etwa eine halbe Stunde stehen lassen. Schlie\u00dflich mit einem L\u00f6ffel Kugeln des Teigs herausnehmen und zum Frittieren in viel \u00d6l geben. Die frittierten Krapfen mit Puderzucker bestreuen. <\/p>\n","protected":false},"excerpt":{"rendered":"<p>Fritule (Krapfen)&nbsp; Zutaten: 4 Eigelbe 100 g Zucker 50 g Butter Zitronenschale 1 dcl Schnaps 4 dcl Milch 1 kg Mehl 40 g frischer Hefe oder 2 Beutel Trockenhefe Rosinen Eine Prise Salz \u00d6l zum Braten Vorbereitung: Die Hefe mit ein wenig Milch vermischen, ein Essl\u00f6ffel Mehl und Zucker hinzugeben und an einem warmen Ort [&hellip;]<\/p>\n","protected":false},"author":1,"featured_media":13933,"parent":3364,"menu_order":0,"comment_status":"closed","ping_status":"closed","template":"child-pages.php","meta":{"_acf_changed":false,"footnotes":""},"acf":[],"yoast_head":"<!-- This site is optimized with the Yoast SEO plugin v22.7 - https:\/\/yoast.com\/wordpress\/plugins\/seo\/ -->\n<title>Unsere Spezialit\u00e4ten - Turisti\u010dka zajednica op\u0107ine Vi\u0161kovo<\/title>\n<meta name=\"robots\" content=\"index, follow, max-snippet:-1, max-image-preview:large, max-video-preview:-1\" \/>\n<link rel=\"canonical\" href=\"https:\/\/visitviskovo.hr\/de\/gastro\/unsere-spezialitaeten\/\" \/>\n<meta property=\"og:locale\" content=\"de_DE\" \/>\n<meta property=\"og:type\" content=\"article\" \/>\n<meta property=\"og:title\" content=\"Unsere Spezialit\u00e4ten - Turisti\u010dka zajednica op\u0107ine Vi\u0161kovo\" \/>\n<meta property=\"og:description\" content=\"Fritule (Krapfen)&nbsp; Zutaten: 4 Eigelbe 100 g Zucker 50 g Butter Zitronenschale 1 dcl Schnaps 4 dcl Milch 1 kg Mehl 40 g frischer Hefe oder 2 Beutel Trockenhefe Rosinen Eine Prise Salz \u00d6l zum Braten Vorbereitung: Die Hefe mit ein wenig Milch vermischen, ein Essl\u00f6ffel Mehl und Zucker hinzugeben und an einem warmen Ort [&hellip;]\" \/>\n<meta property=\"og:url\" content=\"https:\/\/visitviskovo.hr\/de\/gastro\/unsere-spezialitaeten\/\" \/>\n<meta property=\"og:site_name\" content=\"Turisti\u010dka zajednica op\u0107ine Vi\u0161kovo\" \/>\n<meta property=\"article:publisher\" content=\"https:\/\/web.facebook.com\/VisitViskovo\" \/>\n<meta property=\"article:modified_time\" content=\"2020-05-21T11:43:47+00:00\" \/>\n<meta property=\"og:image\" content=\"https:\/\/visitviskovo.hr\/wp-content\/uploads\/2020\/05\/Kuharica_14h.jpg\" \/>\n\t<meta property=\"og:image:width\" content=\"1382\" \/>\n\t<meta property=\"og:image:height\" content=\"922\" \/>\n\t<meta property=\"og:image:type\" content=\"image\/jpeg\" \/>\n<meta name=\"twitter:card\" content=\"summary_large_image\" \/>\n<meta name=\"twitter:label1\" content=\"Gesch\u00e4tzte Lesezeit\" \/>\n\t<meta name=\"twitter:data1\" content=\"1 Minute\" \/>\n<script type=\"application\/ld+json\" class=\"yoast-schema-graph\">{\"@context\":\"https:\/\/schema.org\",\"@graph\":[{\"@type\":\"WebPage\",\"@id\":\"https:\/\/visitviskovo.hr\/de\/gastro\/unsere-spezialitaeten\/\",\"url\":\"https:\/\/visitviskovo.hr\/de\/gastro\/unsere-spezialitaeten\/\",\"name\":\"Unsere Spezialit\u00e4ten - Turisti\u010dka zajednica op\u0107ine Vi\u0161kovo\",\"isPartOf\":{\"@id\":\"https:\/\/visitviskovo.hr\/it\/#website\"},\"primaryImageOfPage\":{\"@id\":\"https:\/\/visitviskovo.hr\/de\/gastro\/unsere-spezialitaeten\/#primaryimage\"},\"image\":{\"@id\":\"https:\/\/visitviskovo.hr\/de\/gastro\/unsere-spezialitaeten\/#primaryimage\"},\"thumbnailUrl\":\"https:\/\/visitviskovo.hr\/wp-content\/uploads\/2020\/05\/Kuharica_14h.jpg\",\"datePublished\":\"2019-08-22T20:47:09+00:00\",\"dateModified\":\"2020-05-21T11:43:47+00:00\",\"breadcrumb\":{\"@id\":\"https:\/\/visitviskovo.hr\/de\/gastro\/unsere-spezialitaeten\/#breadcrumb\"},\"inLanguage\":\"de-DE\",\"potentialAction\":[{\"@type\":\"ReadAction\",\"target\":[\"https:\/\/visitviskovo.hr\/de\/gastro\/unsere-spezialitaeten\/\"]}]},{\"@type\":\"ImageObject\",\"inLanguage\":\"de-DE\",\"@id\":\"https:\/\/visitviskovo.hr\/de\/gastro\/unsere-spezialitaeten\/#primaryimage\",\"url\":\"https:\/\/visitviskovo.hr\/wp-content\/uploads\/2020\/05\/Kuharica_14h.jpg\",\"contentUrl\":\"https:\/\/visitviskovo.hr\/wp-content\/uploads\/2020\/05\/Kuharica_14h.jpg\",\"width\":1382,\"height\":922},{\"@type\":\"BreadcrumbList\",\"@id\":\"https:\/\/visitviskovo.hr\/de\/gastro\/unsere-spezialitaeten\/#breadcrumb\",\"itemListElement\":[{\"@type\":\"ListItem\",\"position\":1,\"name\":\"Home\",\"item\":\"https:\/\/visitviskovo.hr\/de\/\"},{\"@type\":\"ListItem\",\"position\":2,\"name\":\"Gastro\",\"item\":\"https:\/\/visitviskovo.hr\/de\/gastro\/\"},{\"@type\":\"ListItem\",\"position\":3,\"name\":\"Unsere Spezialit\u00e4ten\"}]},{\"@type\":\"WebSite\",\"@id\":\"https:\/\/visitviskovo.hr\/it\/#website\",\"url\":\"https:\/\/visitviskovo.hr\/it\/\",\"name\":\"Turisti\u010dka zajednica op\u0107ine Vi\u0161kovo\",\"description\":\"\",\"potentialAction\":[{\"@type\":\"SearchAction\",\"target\":{\"@type\":\"EntryPoint\",\"urlTemplate\":\"https:\/\/visitviskovo.hr\/it\/?s={search_term_string}\"},\"query-input\":\"required name=search_term_string\"}],\"inLanguage\":\"de-DE\"}]}<\/script>\n<!-- \/ Yoast SEO plugin. -->","yoast_head_json":{"title":"Unsere Spezialit\u00e4ten - Turisti\u010dka zajednica op\u0107ine Vi\u0161kovo","robots":{"index":"index","follow":"follow","max-snippet":"max-snippet:-1","max-image-preview":"max-image-preview:large","max-video-preview":"max-video-preview:-1"},"canonical":"https:\/\/visitviskovo.hr\/de\/gastro\/unsere-spezialitaeten\/","og_locale":"de_DE","og_type":"article","og_title":"Unsere Spezialit\u00e4ten - Turisti\u010dka zajednica op\u0107ine Vi\u0161kovo","og_description":"Fritule (Krapfen)&nbsp; Zutaten: 4 Eigelbe 100 g Zucker 50 g Butter Zitronenschale 1 dcl Schnaps 4 dcl Milch 1 kg Mehl 40 g frischer Hefe oder 2 Beutel Trockenhefe Rosinen Eine Prise Salz \u00d6l zum Braten Vorbereitung: Die Hefe mit ein wenig Milch vermischen, ein Essl\u00f6ffel Mehl und Zucker hinzugeben und an einem warmen Ort [&hellip;]","og_url":"https:\/\/visitviskovo.hr\/de\/gastro\/unsere-spezialitaeten\/","og_site_name":"Turisti\u010dka zajednica op\u0107ine Vi\u0161kovo","article_publisher":"https:\/\/web.facebook.com\/VisitViskovo","article_modified_time":"2020-05-21T11:43:47+00:00","og_image":[{"width":1382,"height":922,"url":"https:\/\/visitviskovo.hr\/wp-content\/uploads\/2020\/05\/Kuharica_14h.jpg","type":"image\/jpeg"}],"twitter_card":"summary_large_image","twitter_misc":{"Gesch\u00e4tzte Lesezeit":"1 Minute"},"schema":{"@context":"https:\/\/schema.org","@graph":[{"@type":"WebPage","@id":"https:\/\/visitviskovo.hr\/de\/gastro\/unsere-spezialitaeten\/","url":"https:\/\/visitviskovo.hr\/de\/gastro\/unsere-spezialitaeten\/","name":"Unsere Spezialit\u00e4ten - Turisti\u010dka zajednica op\u0107ine Vi\u0161kovo","isPartOf":{"@id":"https:\/\/visitviskovo.hr\/it\/#website"},"primaryImageOfPage":{"@id":"https:\/\/visitviskovo.hr\/de\/gastro\/unsere-spezialitaeten\/#primaryimage"},"image":{"@id":"https:\/\/visitviskovo.hr\/de\/gastro\/unsere-spezialitaeten\/#primaryimage"},"thumbnailUrl":"https:\/\/visitviskovo.hr\/wp-content\/uploads\/2020\/05\/Kuharica_14h.jpg","datePublished":"2019-08-22T20:47:09+00:00","dateModified":"2020-05-21T11:43:47+00:00","breadcrumb":{"@id":"https:\/\/visitviskovo.hr\/de\/gastro\/unsere-spezialitaeten\/#breadcrumb"},"inLanguage":"de-DE","potentialAction":[{"@type":"ReadAction","target":["https:\/\/visitviskovo.hr\/de\/gastro\/unsere-spezialitaeten\/"]}]},{"@type":"ImageObject","inLanguage":"de-DE","@id":"https:\/\/visitviskovo.hr\/de\/gastro\/unsere-spezialitaeten\/#primaryimage","url":"https:\/\/visitviskovo.hr\/wp-content\/uploads\/2020\/05\/Kuharica_14h.jpg","contentUrl":"https:\/\/visitviskovo.hr\/wp-content\/uploads\/2020\/05\/Kuharica_14h.jpg","width":1382,"height":922},{"@type":"BreadcrumbList","@id":"https:\/\/visitviskovo.hr\/de\/gastro\/unsere-spezialitaeten\/#breadcrumb","itemListElement":[{"@type":"ListItem","position":1,"name":"Home","item":"https:\/\/visitviskovo.hr\/de\/"},{"@type":"ListItem","position":2,"name":"Gastro","item":"https:\/\/visitviskovo.hr\/de\/gastro\/"},{"@type":"ListItem","position":3,"name":"Unsere Spezialit\u00e4ten"}]},{"@type":"WebSite","@id":"https:\/\/visitviskovo.hr\/it\/#website","url":"https:\/\/visitviskovo.hr\/it\/","name":"Turisti\u010dka zajednica op\u0107ine Vi\u0161kovo","description":"","potentialAction":[{"@type":"SearchAction","target":{"@type":"EntryPoint","urlTemplate":"https:\/\/visitviskovo.hr\/it\/?s={search_term_string}"},"query-input":"required name=search_term_string"}],"inLanguage":"de-DE"}]}},"_links":{"self":[{"href":"https:\/\/visitviskovo.hr\/de\/wp-json\/wp\/v2\/pages\/6745"}],"collection":[{"href":"https:\/\/visitviskovo.hr\/de\/wp-json\/wp\/v2\/pages"}],"about":[{"href":"https:\/\/visitviskovo.hr\/de\/wp-json\/wp\/v2\/types\/page"}],"author":[{"embeddable":true,"href":"https:\/\/visitviskovo.hr\/de\/wp-json\/wp\/v2\/users\/1"}],"replies":[{"embeddable":true,"href":"https:\/\/visitviskovo.hr\/de\/wp-json\/wp\/v2\/comments?post=6745"}],"version-history":[{"count":4,"href":"https:\/\/visitviskovo.hr\/de\/wp-json\/wp\/v2\/pages\/6745\/revisions"}],"predecessor-version":[{"id":14009,"href":"https:\/\/visitviskovo.hr\/de\/wp-json\/wp\/v2\/pages\/6745\/revisions\/14009"}],"up":[{"embeddable":true,"href":"https:\/\/visitviskovo.hr\/de\/wp-json\/wp\/v2\/pages\/3364"}],"wp:featuredmedia":[{"embeddable":true,"href":"https:\/\/visitviskovo.hr\/de\/wp-json\/wp\/v2\/media\/13933"}],"wp:attachment":[{"href":"https:\/\/visitviskovo.hr\/de\/wp-json\/wp\/v2\/media?parent=6745"}],"curies":[{"name":"wp","href":"https:\/\/api.w.org\/{rel}","templated":true}]}}