{"id":8174,"date":"2019-08-26T07:28:20","date_gmt":"2019-08-26T07:28:20","guid":{"rendered":"https:\/\/visitviskovo.hr\/?page_id=8174"},"modified":"2021-04-26T12:29:05","modified_gmt":"2021-04-26T12:29:05","slug":"legenden-und-glaubensvorstellungen","status":"publish","type":"page","link":"https:\/\/visitviskovo.hr\/de\/entdecke-viskovo\/legenden-und-glaubensvorstellungen\/","title":{"rendered":"Legenden und Glaubensvorstellungen"},"content":{"rendered":"\n<figure class=\"wp-block-image\"><img loading=\"lazy\" decoding=\"async\" width=\"1280\" height=\"854\" src=\"https:\/\/visitviskovo.hr\/wp-content\/uploads\/2020\/11\/HZ_legenda_6-1-1280x854.jpg\" alt=\"\" class=\"wp-image-15821\" srcset=\"https:\/\/visitviskovo.hr\/wp-content\/uploads\/2020\/11\/HZ_legenda_6-1-1280x854.jpg 1280w, https:\/\/visitviskovo.hr\/wp-content\/uploads\/2020\/11\/HZ_legenda_6-1-300x200.jpg 300w, https:\/\/visitviskovo.hr\/wp-content\/uploads\/2020\/11\/HZ_legenda_6-1-768x512.jpg 768w, https:\/\/visitviskovo.hr\/wp-content\/uploads\/2020\/11\/HZ_legenda_6-1.jpg 1382w\" sizes=\"(max-width: 1280px) 100vw, 1280px\" \/><\/figure>\n\n\n\n<p>Unter den Bewohnern der Gemeinde Vi\u0161kovo sind Glaubensvorstellungen erhalten geblieben, die aus uralten Zeiten stammen und mit den \u00dcberlieferungen und Traditionen anderer slawischer V\u00f6lker verbunden sind.<\/p>\n\n\n\n<h2 class=\"wp-block-heading\"><strong>MALIK<\/strong><\/h2>\n\n\n\n<p>Malik ist ein Zwerg von der Gr\u00f6\u00dfe eines 5 oder 6 Jahre alten Kindes. Auf dem Kopf tr\u00e4gt er einen roten Hut und wohnt in unterirdischen H\u00f6hlen. Er ist zwar nicht wirklich b\u00f6se, k\u00f6nnte aber dann und wann ein Kind vom Weg abbringen, so dass es den Weg nach Hause nicht mehr findet. Erwachsene \u00e4ngstigten die Kinder mit Geschichten \u00fcber den Malik, damit sie sich nicht \u00fcber den Brunnenrand lehnten, da der Malik sie ins kalte, tiefe Wasser herunterziehen k\u00f6nnte. Man glaubte auch, dass der Malik jede Schachth\u00f6hle bewohnte und dort sein Gold verbarg.<br><\/p>\n\n\n\n<h2 class=\"wp-block-heading\"><strong>FEEN<\/strong><\/h2>\n\n\n\n<p>Die Menschen stellten sich Feen als wundersch\u00f6ne blonde M\u00e4dchen in wei\u00dfen Kleidern mit goldenem G\u00fcrtel und goldener Krone vor. Sie wohnten in den W\u00e4ldern, tanzten auf den Lichtungen und badeten in Teichen. Ihre Zauberkr\u00e4fte h\u00fcteten sie in einem bestickten Tuch, welches sie \u00fcber die Schulter warfen, um fliegen zu k\u00f6nnen und unsichtbar zu werden. Die Feen sind wohlgesinnte Wesen, die Menschen im Wald helfen \u2013 allerdings zeigen sie sich nur den wenigsten<br><\/p>\n\n\n\n<h2 class=\"wp-block-heading\"><strong>\u010cO\u0160KA UND MARO\u0160KA, DIE T\u00d6CHTER EINER FEE<\/strong><\/h2>\n\n\n\n<p>Die bekannteste Legende von Halubje ist jene von den Schwestern \u010co\u0161ka und Maro\u0161ka, die im Wald Mari\u0161\u0107ina an der Grenze zwischen Vi\u0161kovo und Klana geboren wurden. Bis zum 21. Jahrhundert geh\u00f6rte der Wald den Bewohnern von Mar\u010delji. Die Grenzmauer Limes, deren \u00dcberreste heute noch sichtbar sind. Eine \u00f6rtliche erz\u00e4hlt von einem Adeligen mit schlechtem Charakter, der hier lebte. Eines Nachts, als er von der Gastst\u00e4tte heimkehrte, h\u00f6rte er am nahegelegenen Teich Gel\u00e4chter. Als er dort badende Feen sah, stahl er einer von ihnen das Tuch. Die anderen Feen flogen davon, die eine jedoch blieb seine Gefangene. Sie heiratete ihn und brachte zwei M\u00e4dchen, \u010co\u0161ka und Maro\u0161ka, zur Welt. Nachdem der Adelige bei einem Streit ums Leben gekommen war, fand die Fee ihr Tuch und flog davon. Allerdings kehrte sie jede Nacht zur\u00fcck, um mit ihren T\u00f6chtern zu spielen. Die beiden M\u00e4dchen wuchsen zu t\u00fcchtigen Frauen heran und waren unter den Einheimischen sehr beliebt.<\/p>\n\n\n\n<p>Nach einem trockenen Sommer zerst\u00f6rte ein heftiger Sturm die Ernte, was Hunger zur Folge hatte. Gott und der Hl. Petrus besuchten die Gegend, um zu sehen, wie die Menschen mit der Not umgingen. \u010co\u0161ka und Maro\u0161ka hie\u00dfen sie herzlich willkommen und boten ihnen Wasser und Eichenbrot an. Dann aber passierte ein Wunder: statt Wasser begann Wein zu flie\u00dfen und aus dem Ofen kam statt des Eichenbrots Wei\u00dfbrot. \u010co\u0161ka und Maro\u0161ka wurden f\u00fcr ihren Flei\u00df und ihre G\u00fcte belohnt und ein solches Gewitter hat es nie mehr gegeben. Die beiden Schwestern haben gut heiratet und ihren Besitz haben sie unter den Nachbarn \u2013 den Bewohnern von Mar\u010delji \u2013 aufgeteilt. <\/p>\n\n\n\n<p>In Halubje wird Hagel immer noch \u0160o\u0161ka genannt oder man sagt: \u201eEs regnet \u010co\u0161ka und Maro\u0161ka.\u201c<\/p>\n\n\n\n<h2 class=\"wp-block-heading\"><strong>DIE SOVJAK LEGENDE<\/strong><\/h2>\n\n\n\n<p>Im Gebiet von Marini\u0107i gibt es eine tiefe Schachth\u00f6hle, die man Sovjak nennt. Der Legende nach befand sich an dieser Stelle einst ein Adelsanwesen und ein Haus, in dem zwei Schwestern lebten. Sie k\u00fcmmerten sich um niemanden und waren egoistisch und gef\u00fchllos. Ihr Bruder Mate lebte bescheiden und warnte sie vor ihrem Verhalten, aber sie schenkten seinen Worten kein Geh\u00f6r.<\/p>\n\n\n\n<p>Als Gott und der Hl. Petrus als Bettler verkleidet durch die Gegend spazierten, wollten ihnen die Schwestern nicht mal ein wenig Wasser geben. Als Rache gab es ein starkes Erdbeben, das das ganze Anwesen in die tiefste Grube dieser Gegend st\u00fcrzen lie\u00df. Nachts sahen die Menschen zwei Eulen \u00fcber der Grube kreisen und dachten, dass dies die Seelen der beiden egoistischen Schwestern sind und nannten die Grube \u2013 in Anlehnung an das kroatische Wort f\u00fcr Eule Sova \u2013 entsprechend \u201eSovinjak\u201c.<\/p>\n\n\n\n<p>Ihr Bruder Mate hatte Mitleid mit ihnen und lie\u00df die Matth\u00e4uskapelle am benachbarten H\u00fcgel erbauen, wo er f\u00fcr ihre Seelen betete. Um die Kapelle herum ist ein Dorf entstanden, und sp\u00e4ter wurde an dieser Stelle eine Kirche erbaut. Das umliegende Dorf wurde Sveti Matej (Hl. Matth\u00e4us) genannt.<\/p>\n","protected":false},"excerpt":{"rendered":"<p>Unter den Bewohnern der Gemeinde Vi\u0161kovo sind Glaubensvorstellungen erhalten geblieben, die aus uralten Zeiten stammen und mit den \u00dcberlieferungen und Traditionen anderer slawischer V\u00f6lker verbunden sind. MALIK Malik ist ein Zwerg von der Gr\u00f6\u00dfe eines 5 oder 6 Jahre alten Kindes. Auf dem Kopf tr\u00e4gt er einen roten Hut und wohnt in unterirdischen H\u00f6hlen. Er [&hellip;]<\/p>\n","protected":false},"author":1,"featured_media":15817,"parent":4198,"menu_order":0,"comment_status":"closed","ping_status":"closed","template":"child-pages.php","meta":{"_acf_changed":false,"footnotes":""},"acf":[],"yoast_head":"<!-- This site is optimized with the Yoast SEO plugin v22.7 - https:\/\/yoast.com\/wordpress\/plugins\/seo\/ -->\n<title>Legenden und Glaubensvorstellungen - Turisti\u010dka zajednica op\u0107ine Vi\u0161kovo<\/title>\n<meta name=\"robots\" content=\"index, follow, max-snippet:-1, max-image-preview:large, max-video-preview:-1\" \/>\n<link rel=\"canonical\" href=\"https:\/\/visitviskovo.hr\/de\/entdecke-viskovo\/legenden-und-glaubensvorstellungen\/\" \/>\n<meta property=\"og:locale\" content=\"de_DE\" \/>\n<meta property=\"og:type\" content=\"article\" \/>\n<meta property=\"og:title\" content=\"Legenden und Glaubensvorstellungen - Turisti\u010dka zajednica op\u0107ine Vi\u0161kovo\" \/>\n<meta property=\"og:description\" content=\"Unter den Bewohnern der Gemeinde Vi\u0161kovo sind Glaubensvorstellungen erhalten geblieben, die aus uralten Zeiten stammen und mit den \u00dcberlieferungen und Traditionen anderer slawischer V\u00f6lker verbunden sind. MALIK Malik ist ein Zwerg von der Gr\u00f6\u00dfe eines 5 oder 6 Jahre alten Kindes. Auf dem Kopf tr\u00e4gt er einen roten Hut und wohnt in unterirdischen H\u00f6hlen. Er [&hellip;]\" \/>\n<meta property=\"og:url\" content=\"https:\/\/visitviskovo.hr\/de\/entdecke-viskovo\/legenden-und-glaubensvorstellungen\/\" \/>\n<meta property=\"og:site_name\" content=\"Turisti\u010dka zajednica op\u0107ine Vi\u0161kovo\" \/>\n<meta property=\"article:publisher\" content=\"https:\/\/web.facebook.com\/VisitViskovo\" \/>\n<meta property=\"article:modified_time\" content=\"2021-04-26T12:29:05+00:00\" \/>\n<meta property=\"og:image\" content=\"https:\/\/visitviskovo.hr\/wp-content\/uploads\/2020\/11\/HZ_legenda_6.jpg\" \/>\n\t<meta property=\"og:image:width\" content=\"1382\" \/>\n\t<meta property=\"og:image:height\" content=\"922\" \/>\n\t<meta property=\"og:image:type\" content=\"image\/jpeg\" \/>\n<meta name=\"twitter:card\" content=\"summary_large_image\" \/>\n<meta name=\"twitter:label1\" content=\"Gesch\u00e4tzte Lesezeit\" \/>\n\t<meta name=\"twitter:data1\" content=\"4 Minuten\" \/>\n<script type=\"application\/ld+json\" class=\"yoast-schema-graph\">{\"@context\":\"https:\/\/schema.org\",\"@graph\":[{\"@type\":\"WebPage\",\"@id\":\"https:\/\/visitviskovo.hr\/de\/entdecke-viskovo\/legenden-und-glaubensvorstellungen\/\",\"url\":\"https:\/\/visitviskovo.hr\/de\/entdecke-viskovo\/legenden-und-glaubensvorstellungen\/\",\"name\":\"Legenden und Glaubensvorstellungen - Turisti\u010dka zajednica op\u0107ine Vi\u0161kovo\",\"isPartOf\":{\"@id\":\"https:\/\/visitviskovo.hr\/it\/#website\"},\"primaryImageOfPage\":{\"@id\":\"https:\/\/visitviskovo.hr\/de\/entdecke-viskovo\/legenden-und-glaubensvorstellungen\/#primaryimage\"},\"image\":{\"@id\":\"https:\/\/visitviskovo.hr\/de\/entdecke-viskovo\/legenden-und-glaubensvorstellungen\/#primaryimage\"},\"thumbnailUrl\":\"https:\/\/visitviskovo.hr\/wp-content\/uploads\/2020\/11\/HZ_legenda_6.jpg\",\"datePublished\":\"2019-08-26T07:28:20+00:00\",\"dateModified\":\"2021-04-26T12:29:05+00:00\",\"breadcrumb\":{\"@id\":\"https:\/\/visitviskovo.hr\/de\/entdecke-viskovo\/legenden-und-glaubensvorstellungen\/#breadcrumb\"},\"inLanguage\":\"de-DE\",\"potentialAction\":[{\"@type\":\"ReadAction\",\"target\":[\"https:\/\/visitviskovo.hr\/de\/entdecke-viskovo\/legenden-und-glaubensvorstellungen\/\"]}]},{\"@type\":\"ImageObject\",\"inLanguage\":\"de-DE\",\"@id\":\"https:\/\/visitviskovo.hr\/de\/entdecke-viskovo\/legenden-und-glaubensvorstellungen\/#primaryimage\",\"url\":\"https:\/\/visitviskovo.hr\/wp-content\/uploads\/2020\/11\/HZ_legenda_6.jpg\",\"contentUrl\":\"https:\/\/visitviskovo.hr\/wp-content\/uploads\/2020\/11\/HZ_legenda_6.jpg\",\"width\":1382,\"height\":922,\"caption\":\"Halubajski zvon\u010dar me\u0111u suhozidima\"},{\"@type\":\"BreadcrumbList\",\"@id\":\"https:\/\/visitviskovo.hr\/de\/entdecke-viskovo\/legenden-und-glaubensvorstellungen\/#breadcrumb\",\"itemListElement\":[{\"@type\":\"ListItem\",\"position\":1,\"name\":\"Home\",\"item\":\"https:\/\/visitviskovo.hr\/de\/\"},{\"@type\":\"ListItem\",\"position\":2,\"name\":\"Entdecke Vi\u0161kovo\",\"item\":\"https:\/\/visitviskovo.hr\/de\/entdecke-viskovo\/\"},{\"@type\":\"ListItem\",\"position\":3,\"name\":\"Legenden und Glaubensvorstellungen\"}]},{\"@type\":\"WebSite\",\"@id\":\"https:\/\/visitviskovo.hr\/it\/#website\",\"url\":\"https:\/\/visitviskovo.hr\/it\/\",\"name\":\"Turisti\u010dka zajednica op\u0107ine Vi\u0161kovo\",\"description\":\"\",\"potentialAction\":[{\"@type\":\"SearchAction\",\"target\":{\"@type\":\"EntryPoint\",\"urlTemplate\":\"https:\/\/visitviskovo.hr\/it\/?s={search_term_string}\"},\"query-input\":\"required name=search_term_string\"}],\"inLanguage\":\"de-DE\"}]}<\/script>\n<!-- \/ Yoast SEO plugin. -->","yoast_head_json":{"title":"Legenden und Glaubensvorstellungen - Turisti\u010dka zajednica op\u0107ine Vi\u0161kovo","robots":{"index":"index","follow":"follow","max-snippet":"max-snippet:-1","max-image-preview":"max-image-preview:large","max-video-preview":"max-video-preview:-1"},"canonical":"https:\/\/visitviskovo.hr\/de\/entdecke-viskovo\/legenden-und-glaubensvorstellungen\/","og_locale":"de_DE","og_type":"article","og_title":"Legenden und Glaubensvorstellungen - Turisti\u010dka zajednica op\u0107ine Vi\u0161kovo","og_description":"Unter den Bewohnern der Gemeinde Vi\u0161kovo sind Glaubensvorstellungen erhalten geblieben, die aus uralten Zeiten stammen und mit den \u00dcberlieferungen und Traditionen anderer slawischer V\u00f6lker verbunden sind. MALIK Malik ist ein Zwerg von der Gr\u00f6\u00dfe eines 5 oder 6 Jahre alten Kindes. Auf dem Kopf tr\u00e4gt er einen roten Hut und wohnt in unterirdischen H\u00f6hlen. Er [&hellip;]","og_url":"https:\/\/visitviskovo.hr\/de\/entdecke-viskovo\/legenden-und-glaubensvorstellungen\/","og_site_name":"Turisti\u010dka zajednica op\u0107ine Vi\u0161kovo","article_publisher":"https:\/\/web.facebook.com\/VisitViskovo","article_modified_time":"2021-04-26T12:29:05+00:00","og_image":[{"width":1382,"height":922,"url":"https:\/\/visitviskovo.hr\/wp-content\/uploads\/2020\/11\/HZ_legenda_6.jpg","type":"image\/jpeg"}],"twitter_card":"summary_large_image","twitter_misc":{"Gesch\u00e4tzte Lesezeit":"4 Minuten"},"schema":{"@context":"https:\/\/schema.org","@graph":[{"@type":"WebPage","@id":"https:\/\/visitviskovo.hr\/de\/entdecke-viskovo\/legenden-und-glaubensvorstellungen\/","url":"https:\/\/visitviskovo.hr\/de\/entdecke-viskovo\/legenden-und-glaubensvorstellungen\/","name":"Legenden und Glaubensvorstellungen - Turisti\u010dka zajednica op\u0107ine Vi\u0161kovo","isPartOf":{"@id":"https:\/\/visitviskovo.hr\/it\/#website"},"primaryImageOfPage":{"@id":"https:\/\/visitviskovo.hr\/de\/entdecke-viskovo\/legenden-und-glaubensvorstellungen\/#primaryimage"},"image":{"@id":"https:\/\/visitviskovo.hr\/de\/entdecke-viskovo\/legenden-und-glaubensvorstellungen\/#primaryimage"},"thumbnailUrl":"https:\/\/visitviskovo.hr\/wp-content\/uploads\/2020\/11\/HZ_legenda_6.jpg","datePublished":"2019-08-26T07:28:20+00:00","dateModified":"2021-04-26T12:29:05+00:00","breadcrumb":{"@id":"https:\/\/visitviskovo.hr\/de\/entdecke-viskovo\/legenden-und-glaubensvorstellungen\/#breadcrumb"},"inLanguage":"de-DE","potentialAction":[{"@type":"ReadAction","target":["https:\/\/visitviskovo.hr\/de\/entdecke-viskovo\/legenden-und-glaubensvorstellungen\/"]}]},{"@type":"ImageObject","inLanguage":"de-DE","@id":"https:\/\/visitviskovo.hr\/de\/entdecke-viskovo\/legenden-und-glaubensvorstellungen\/#primaryimage","url":"https:\/\/visitviskovo.hr\/wp-content\/uploads\/2020\/11\/HZ_legenda_6.jpg","contentUrl":"https:\/\/visitviskovo.hr\/wp-content\/uploads\/2020\/11\/HZ_legenda_6.jpg","width":1382,"height":922,"caption":"Halubajski zvon\u010dar me\u0111u suhozidima"},{"@type":"BreadcrumbList","@id":"https:\/\/visitviskovo.hr\/de\/entdecke-viskovo\/legenden-und-glaubensvorstellungen\/#breadcrumb","itemListElement":[{"@type":"ListItem","position":1,"name":"Home","item":"https:\/\/visitviskovo.hr\/de\/"},{"@type":"ListItem","position":2,"name":"Entdecke Vi\u0161kovo","item":"https:\/\/visitviskovo.hr\/de\/entdecke-viskovo\/"},{"@type":"ListItem","position":3,"name":"Legenden und Glaubensvorstellungen"}]},{"@type":"WebSite","@id":"https:\/\/visitviskovo.hr\/it\/#website","url":"https:\/\/visitviskovo.hr\/it\/","name":"Turisti\u010dka zajednica op\u0107ine Vi\u0161kovo","description":"","potentialAction":[{"@type":"SearchAction","target":{"@type":"EntryPoint","urlTemplate":"https:\/\/visitviskovo.hr\/it\/?s={search_term_string}"},"query-input":"required name=search_term_string"}],"inLanguage":"de-DE"}]}},"_links":{"self":[{"href":"https:\/\/visitviskovo.hr\/de\/wp-json\/wp\/v2\/pages\/8174"}],"collection":[{"href":"https:\/\/visitviskovo.hr\/de\/wp-json\/wp\/v2\/pages"}],"about":[{"href":"https:\/\/visitviskovo.hr\/de\/wp-json\/wp\/v2\/types\/page"}],"author":[{"embeddable":true,"href":"https:\/\/visitviskovo.hr\/de\/wp-json\/wp\/v2\/users\/1"}],"replies":[{"embeddable":true,"href":"https:\/\/visitviskovo.hr\/de\/wp-json\/wp\/v2\/comments?post=8174"}],"version-history":[{"count":7,"href":"https:\/\/visitviskovo.hr\/de\/wp-json\/wp\/v2\/pages\/8174\/revisions"}],"predecessor-version":[{"id":16579,"href":"https:\/\/visitviskovo.hr\/de\/wp-json\/wp\/v2\/pages\/8174\/revisions\/16579"}],"up":[{"embeddable":true,"href":"https:\/\/visitviskovo.hr\/de\/wp-json\/wp\/v2\/pages\/4198"}],"wp:featuredmedia":[{"embeddable":true,"href":"https:\/\/visitviskovo.hr\/de\/wp-json\/wp\/v2\/media\/15817"}],"wp:attachment":[{"href":"https:\/\/visitviskovo.hr\/de\/wp-json\/wp\/v2\/media?parent=8174"}],"curies":[{"name":"wp","href":"https:\/\/api.w.org\/{rel}","templated":true}]}}