{"id":8200,"date":"2019-08-26T07:53:48","date_gmt":"2019-08-26T07:53:48","guid":{"rendered":"https:\/\/visitviskovo.hr\/?page_id=8200"},"modified":"2024-04-09T07:23:10","modified_gmt":"2024-04-09T07:23:10","slug":"halubike","status":"publish","type":"page","link":"https:\/\/visitviskovo.hr\/de\/was-tun-2\/halubike\/","title":{"rendered":"HALUbike"},"content":{"rendered":"\n<p> Vi\u0161kovo und die umliegenden Ortschaften sind von einer lieblichen Landschaftumgeben, die zu einer Entdeckungsreise auf den Spuren der Vergangenheit einl\u00e4dt.Lassen Sie sich auf unseren <a href=\"https:\/\/visitviskovo.hr\/de\/was-tun-2\/fahrrad-und-wanderwege\/\">Rad- und Wanderwegen<\/a> zu ruhigen Oasen und herrlichen Aussichtspunkten entf\u00fchren. Entdecken Sie Vi\u0161kovo mit HALUbike!<\/p>\n\n\n\n<p><br>HALUbike, das \u00f6ffentliche Fahrradverleihsystem der Gemeinde Vi\u0161kovo, ist an zwei Bike-Sharing-Stationen verf\u00fcgbar. Im Ortszentrum von Vi\u0161kovo befindet sich auf dem Parkplatz Milihovo eine Station mit 6 normalen und 6 elektrischen Fahrr\u00e4dern. Im Ort Ronjgi gibt es in unmittelbarer N\u00e4he eines Netzwerks an Rad- und Wanderwegen und der Kultureinrichtung \u201eIvan Mateti\u0107 Ronjgov\u201c eine Station mit 4 normalen und 4 elektrischen Fahrr\u00e4dern.<\/p>\n\n\n\n<p><br>Fahrr\u00e4der k\u00f6nnen an den Stationen direkt gemietet werden. Das Verfahren ist sehr einfach: Durch das Scannen des QR-Codes an der Station erfolgt die Anmeldung des Nutzers bei der GO2BIKE-App. Im Anschluss m\u00fcssen die Allgemeinen Gesch\u00e4ftsbedingungen akzeptiert, noch einige Daten eingegeben und der Geldbetrag \u00fcber die Kreditkarte und das sichere Autorisierungs- und Zahlungssystem WSPay auf das Prepaid-Konto \u00fcberwiesen werden. <\/p>\n\n\n\n<p>Der Nutzer sucht sich sein Wunschfahrrad aus und scannt den entsprechenden QR-Code. Ein akustisches Signal signalisiert ihm, dass das Fahrrad entriegelt und einsatzbereit ist. Am Ende der Fahrt muss das Fahrrad wieder korrekt zum Fahrradstand zur\u00fcckgebracht werden. Anschlie\u00dfend wird das entsprechende Nutzungsentgelt je nach der tats\u00e4chlichen Nutzungsdauer und der g\u00fcltigen Preisliste automatisch vom Prepaid-Konto abgebucht. Die Nutzungsdauer des Fahrradverleihs wird minutengenau bestimmt und abgerechnet.<br><br>Die Fahrr\u00e4der k\u00f6nnen in der Zeit von 06:00 bis 21:00 Uhr innerhalb der Verwaltungsgrenzen der Gemeinde Vi\u0161kovo genutzt werden.  Das \u00f6ffentliche Fahrradverleihsystem HALUbike wurde so konzipiert, dass es leicht zug\u00e4nglich und einfach zu bedienen ist. Detaillierte Informationen und Anweisungen finden Sie direkt am Terminal. Weitere Informationen entnehmen Sie der HALUbike-Website unter <a href=\"http:\/\/www.halubike.hr\">www.halubike.hr<\/a>.<\/p>\n\n\n\n<div class=\"wp-block-file\"><a id=\"wp-block-file--media-1bed74e0-f981-4139-8e8e-cd445c0b7c17\" href=\"https:\/\/visitviskovo.hr\/wp-content\/uploads\/2024\/04\/Cjenik-HALUbike-sustava-Njemacki.pdf\">Preisliste<\/a><\/div>\n\n\n\n<p><a href=\"https:\/\/visitviskovo.hr\/wp-content\/uploads\/2019\/08\/Biciklisti%C4%8Dka-karta-Vi%C5%A1kovo-1.pdf\">Die Gemeinde Vi\u0161kovo &#8211; Radwegekarte<\/a><\/p>\n\n\n\n<p><a href=\"https:\/\/visitviskovo.hr\/wp-content\/uploads\/2020\/05\/Viskovo_strana_2_2019_07_187_outlines.pdf\">Touristische Karte<\/a><\/p>\n\n\n\n<p><a href=\"https:\/\/visitviskovo.hr\/wp-content\/uploads\/2020\/11\/HALUbike-DE-IT-1.pdf\">HALUbike<\/a><\/p>\n","protected":false},"excerpt":{"rendered":"<p>Vi\u0161kovo und die umliegenden Ortschaften sind von einer lieblichen Landschaftumgeben, die zu einer Entdeckungsreise auf den Spuren der Vergangenheit einl\u00e4dt.Lassen Sie sich auf unseren Rad- und Wanderwegen zu ruhigen Oasen und herrlichen Aussichtspunkten entf\u00fchren. Entdecken Sie Vi\u0161kovo mit HALUbike! HALUbike, das \u00f6ffentliche Fahrradverleihsystem der Gemeinde Vi\u0161kovo, ist an zwei Bike-Sharing-Stationen verf\u00fcgbar. Im Ortszentrum von Vi\u0161kovo [&hellip;]<\/p>\n","protected":false},"author":1,"featured_media":8194,"parent":4357,"menu_order":0,"comment_status":"closed","ping_status":"closed","template":"","meta":{"_acf_changed":false,"footnotes":""},"acf":[],"yoast_head":"<!-- This site is optimized with the Yoast SEO plugin v22.7 - https:\/\/yoast.com\/wordpress\/plugins\/seo\/ -->\n<title>HALUbike - Turisti\u010dka zajednica op\u0107ine Vi\u0161kovo<\/title>\n<meta name=\"robots\" content=\"index, follow, max-snippet:-1, max-image-preview:large, max-video-preview:-1\" \/>\n<link rel=\"canonical\" href=\"https:\/\/visitviskovo.hr\/de\/was-tun-2\/halubike\/\" \/>\n<meta property=\"og:locale\" content=\"de_DE\" \/>\n<meta property=\"og:type\" content=\"article\" \/>\n<meta property=\"og:title\" content=\"HALUbike - Turisti\u010dka zajednica op\u0107ine Vi\u0161kovo\" \/>\n<meta property=\"og:description\" content=\"Vi\u0161kovo und die umliegenden Ortschaften sind von einer lieblichen Landschaftumgeben, die zu einer Entdeckungsreise auf den Spuren der Vergangenheit einl\u00e4dt.Lassen Sie sich auf unseren Rad- und Wanderwegen zu ruhigen Oasen und herrlichen Aussichtspunkten entf\u00fchren. Entdecken Sie Vi\u0161kovo mit HALUbike! HALUbike, das \u00f6ffentliche Fahrradverleihsystem der Gemeinde Vi\u0161kovo, ist an zwei Bike-Sharing-Stationen verf\u00fcgbar. Im Ortszentrum von Vi\u0161kovo [&hellip;]\" \/>\n<meta property=\"og:url\" content=\"https:\/\/visitviskovo.hr\/de\/was-tun-2\/halubike\/\" \/>\n<meta property=\"og:site_name\" content=\"Turisti\u010dka zajednica op\u0107ine Vi\u0161kovo\" \/>\n<meta property=\"article:publisher\" content=\"https:\/\/web.facebook.com\/VisitViskovo\" \/>\n<meta property=\"article:modified_time\" content=\"2024-04-09T07:23:10+00:00\" \/>\n<meta property=\"og:image\" content=\"https:\/\/visitviskovo.hr\/wp-content\/uploads\/2019\/08\/20180916213118000000-main.jpg\" \/>\n\t<meta property=\"og:image:width\" content=\"949\" \/>\n\t<meta property=\"og:image:height\" content=\"600\" \/>\n\t<meta property=\"og:image:type\" content=\"image\/jpeg\" \/>\n<meta name=\"twitter:card\" content=\"summary_large_image\" \/>\n<meta name=\"twitter:label1\" content=\"Gesch\u00e4tzte Lesezeit\" \/>\n\t<meta name=\"twitter:data1\" content=\"2 Minuten\" \/>\n<script type=\"application\/ld+json\" class=\"yoast-schema-graph\">{\"@context\":\"https:\/\/schema.org\",\"@graph\":[{\"@type\":\"WebPage\",\"@id\":\"https:\/\/visitviskovo.hr\/de\/was-tun-2\/halubike\/\",\"url\":\"https:\/\/visitviskovo.hr\/de\/was-tun-2\/halubike\/\",\"name\":\"HALUbike - Turisti\u010dka zajednica op\u0107ine Vi\u0161kovo\",\"isPartOf\":{\"@id\":\"https:\/\/visitviskovo.hr\/it\/#website\"},\"primaryImageOfPage\":{\"@id\":\"https:\/\/visitviskovo.hr\/de\/was-tun-2\/halubike\/#primaryimage\"},\"image\":{\"@id\":\"https:\/\/visitviskovo.hr\/de\/was-tun-2\/halubike\/#primaryimage\"},\"thumbnailUrl\":\"https:\/\/visitviskovo.hr\/wp-content\/uploads\/2019\/08\/20180916213118000000-main.jpg\",\"datePublished\":\"2019-08-26T07:53:48+00:00\",\"dateModified\":\"2024-04-09T07:23:10+00:00\",\"breadcrumb\":{\"@id\":\"https:\/\/visitviskovo.hr\/de\/was-tun-2\/halubike\/#breadcrumb\"},\"inLanguage\":\"de-DE\",\"potentialAction\":[{\"@type\":\"ReadAction\",\"target\":[\"https:\/\/visitviskovo.hr\/de\/was-tun-2\/halubike\/\"]}]},{\"@type\":\"ImageObject\",\"inLanguage\":\"de-DE\",\"@id\":\"https:\/\/visitviskovo.hr\/de\/was-tun-2\/halubike\/#primaryimage\",\"url\":\"https:\/\/visitviskovo.hr\/wp-content\/uploads\/2019\/08\/20180916213118000000-main.jpg\",\"contentUrl\":\"https:\/\/visitviskovo.hr\/wp-content\/uploads\/2019\/08\/20180916213118000000-main.jpg\",\"width\":949,\"height\":600},{\"@type\":\"BreadcrumbList\",\"@id\":\"https:\/\/visitviskovo.hr\/de\/was-tun-2\/halubike\/#breadcrumb\",\"itemListElement\":[{\"@type\":\"ListItem\",\"position\":1,\"name\":\"Home\",\"item\":\"https:\/\/visitviskovo.hr\/de\/\"},{\"@type\":\"ListItem\",\"position\":2,\"name\":\"Was tun\",\"item\":\"https:\/\/visitviskovo.hr\/de\/was-tun-2\/\"},{\"@type\":\"ListItem\",\"position\":3,\"name\":\"HALUbike\"}]},{\"@type\":\"WebSite\",\"@id\":\"https:\/\/visitviskovo.hr\/it\/#website\",\"url\":\"https:\/\/visitviskovo.hr\/it\/\",\"name\":\"Turisti\u010dka zajednica op\u0107ine Vi\u0161kovo\",\"description\":\"\",\"potentialAction\":[{\"@type\":\"SearchAction\",\"target\":{\"@type\":\"EntryPoint\",\"urlTemplate\":\"https:\/\/visitviskovo.hr\/it\/?s={search_term_string}\"},\"query-input\":\"required name=search_term_string\"}],\"inLanguage\":\"de-DE\"}]}<\/script>\n<!-- \/ Yoast SEO plugin. -->","yoast_head_json":{"title":"HALUbike - Turisti\u010dka zajednica op\u0107ine Vi\u0161kovo","robots":{"index":"index","follow":"follow","max-snippet":"max-snippet:-1","max-image-preview":"max-image-preview:large","max-video-preview":"max-video-preview:-1"},"canonical":"https:\/\/visitviskovo.hr\/de\/was-tun-2\/halubike\/","og_locale":"de_DE","og_type":"article","og_title":"HALUbike - Turisti\u010dka zajednica op\u0107ine Vi\u0161kovo","og_description":"Vi\u0161kovo und die umliegenden Ortschaften sind von einer lieblichen Landschaftumgeben, die zu einer Entdeckungsreise auf den Spuren der Vergangenheit einl\u00e4dt.Lassen Sie sich auf unseren Rad- und Wanderwegen zu ruhigen Oasen und herrlichen Aussichtspunkten entf\u00fchren. Entdecken Sie Vi\u0161kovo mit HALUbike! HALUbike, das \u00f6ffentliche Fahrradverleihsystem der Gemeinde Vi\u0161kovo, ist an zwei Bike-Sharing-Stationen verf\u00fcgbar. Im Ortszentrum von Vi\u0161kovo [&hellip;]","og_url":"https:\/\/visitviskovo.hr\/de\/was-tun-2\/halubike\/","og_site_name":"Turisti\u010dka zajednica op\u0107ine Vi\u0161kovo","article_publisher":"https:\/\/web.facebook.com\/VisitViskovo","article_modified_time":"2024-04-09T07:23:10+00:00","og_image":[{"width":949,"height":600,"url":"https:\/\/visitviskovo.hr\/wp-content\/uploads\/2019\/08\/20180916213118000000-main.jpg","type":"image\/jpeg"}],"twitter_card":"summary_large_image","twitter_misc":{"Gesch\u00e4tzte Lesezeit":"2 Minuten"},"schema":{"@context":"https:\/\/schema.org","@graph":[{"@type":"WebPage","@id":"https:\/\/visitviskovo.hr\/de\/was-tun-2\/halubike\/","url":"https:\/\/visitviskovo.hr\/de\/was-tun-2\/halubike\/","name":"HALUbike - Turisti\u010dka zajednica op\u0107ine Vi\u0161kovo","isPartOf":{"@id":"https:\/\/visitviskovo.hr\/it\/#website"},"primaryImageOfPage":{"@id":"https:\/\/visitviskovo.hr\/de\/was-tun-2\/halubike\/#primaryimage"},"image":{"@id":"https:\/\/visitviskovo.hr\/de\/was-tun-2\/halubike\/#primaryimage"},"thumbnailUrl":"https:\/\/visitviskovo.hr\/wp-content\/uploads\/2019\/08\/20180916213118000000-main.jpg","datePublished":"2019-08-26T07:53:48+00:00","dateModified":"2024-04-09T07:23:10+00:00","breadcrumb":{"@id":"https:\/\/visitviskovo.hr\/de\/was-tun-2\/halubike\/#breadcrumb"},"inLanguage":"de-DE","potentialAction":[{"@type":"ReadAction","target":["https:\/\/visitviskovo.hr\/de\/was-tun-2\/halubike\/"]}]},{"@type":"ImageObject","inLanguage":"de-DE","@id":"https:\/\/visitviskovo.hr\/de\/was-tun-2\/halubike\/#primaryimage","url":"https:\/\/visitviskovo.hr\/wp-content\/uploads\/2019\/08\/20180916213118000000-main.jpg","contentUrl":"https:\/\/visitviskovo.hr\/wp-content\/uploads\/2019\/08\/20180916213118000000-main.jpg","width":949,"height":600},{"@type":"BreadcrumbList","@id":"https:\/\/visitviskovo.hr\/de\/was-tun-2\/halubike\/#breadcrumb","itemListElement":[{"@type":"ListItem","position":1,"name":"Home","item":"https:\/\/visitviskovo.hr\/de\/"},{"@type":"ListItem","position":2,"name":"Was tun","item":"https:\/\/visitviskovo.hr\/de\/was-tun-2\/"},{"@type":"ListItem","position":3,"name":"HALUbike"}]},{"@type":"WebSite","@id":"https:\/\/visitviskovo.hr\/it\/#website","url":"https:\/\/visitviskovo.hr\/it\/","name":"Turisti\u010dka zajednica op\u0107ine Vi\u0161kovo","description":"","potentialAction":[{"@type":"SearchAction","target":{"@type":"EntryPoint","urlTemplate":"https:\/\/visitviskovo.hr\/it\/?s={search_term_string}"},"query-input":"required name=search_term_string"}],"inLanguage":"de-DE"}]}},"_links":{"self":[{"href":"https:\/\/visitviskovo.hr\/de\/wp-json\/wp\/v2\/pages\/8200"}],"collection":[{"href":"https:\/\/visitviskovo.hr\/de\/wp-json\/wp\/v2\/pages"}],"about":[{"href":"https:\/\/visitviskovo.hr\/de\/wp-json\/wp\/v2\/types\/page"}],"author":[{"embeddable":true,"href":"https:\/\/visitviskovo.hr\/de\/wp-json\/wp\/v2\/users\/1"}],"replies":[{"embeddable":true,"href":"https:\/\/visitviskovo.hr\/de\/wp-json\/wp\/v2\/comments?post=8200"}],"version-history":[{"count":10,"href":"https:\/\/visitviskovo.hr\/de\/wp-json\/wp\/v2\/pages\/8200\/revisions"}],"predecessor-version":[{"id":20977,"href":"https:\/\/visitviskovo.hr\/de\/wp-json\/wp\/v2\/pages\/8200\/revisions\/20977"}],"up":[{"embeddable":true,"href":"https:\/\/visitviskovo.hr\/de\/wp-json\/wp\/v2\/pages\/4357"}],"wp:featuredmedia":[{"embeddable":true,"href":"https:\/\/visitviskovo.hr\/de\/wp-json\/wp\/v2\/media\/8194"}],"wp:attachment":[{"href":"https:\/\/visitviskovo.hr\/de\/wp-json\/wp\/v2\/media?parent=8200"}],"curies":[{"name":"wp","href":"https:\/\/api.w.org\/{rel}","templated":true}]}}