{"id":8209,"date":"2019-08-26T07:59:53","date_gmt":"2019-08-26T07:59:53","guid":{"rendered":"https:\/\/visitviskovo.hr\/?page_id=8209"},"modified":"2024-04-09T11:33:45","modified_gmt":"2024-04-09T11:33:45","slug":"die-vergangenheit-in-der-gegenwart-veranstaltungen","status":"publish","type":"page","link":"https:\/\/visitviskovo.hr\/de\/was-tun-2\/die-vergangenheit-in-der-gegenwart-veranstaltungen\/","title":{"rendered":"Die Vergangenheit in der Gegenwart: Veranstaltungen"},"content":{"rendered":"\n<p>Obwohl unsere Veranstaltungen in der Tradition und den nat\u00fcrlichen Merkmalen dieser Gegend verwurzelt sind, nehmen sie moderne Formen an, um den Erwartungen des modernen Menschen gerecht zu werden. Vi\u0161kovo bietet zu jeder Jahreszeit interessante und abwechslungsreiche Programme f\u00fcr jeden Geschmack, die ein Garant f\u00fcr gute Laune sind. Wir laden Sie ein, das ganze Jahr \u00fcber aus unserem breit gef\u00e4cherten Veranstaltungsprogramm zu w\u00e4hlen.<\/p>\n\n\n\n<h2 class=\"wp-block-heading\"><strong>KARNEVAL<\/strong><\/h2>\n\n\n\n<p>Der Karneval f\u00e4llt in die Zeit des Winters, in der die Vegetation noch ruht und das erneute Erwachen der Natur bevorsteht. F\u00fcr die Einheimischen bedeutete dies eine Pause von der ganzt\u00e4tigen Arbeit und mehr Zeit f\u00fcr geselliges Beisammensein und Unterhaltung. Tats\u00e4chlich wird der Karneval auch oft als die \u201ef\u00fcnfte Jahreszeit\u201c bezeichnet. <strong>Die Karnevalszeit<\/strong> in der Gemeinde Vi\u0161kovo beginnt am 17. Januar, dem <strong>Gedenktag des hl. Antonius<\/strong>, Schutzpatron der Nutztiere. Dies spiegelt die traditionelle Lebensart in diesem Gebiet wider, bei der die Tierhaltung im Mittelpunkt stand. Der Anfang des Karnevals wird traditionell durch das Blasen des Horns und das Aufh\u00e4ngen einer Strohpuppe, bekannt als Pust, eingel\u00e4utet. Am Fastnachtsdienstag, dem Tag vor Aschermittwoch, werden der Strohpuppe alle schlechten Dinge, die im Vorjahr passiert sind, angelastet und dann wird sie verbrannt. <\/p>\n\n\n\n<p><strong>Der Karneval von Halubje<\/strong> findet seit 1999 statt und basiert auf der jahrhundertalten Tradition der Glockentr\u00e4ger Halubajski zvon\u010dari. Bei allen Karnevalsveranstaltungen steht die Erhaltung lokaler und traditioneller Werte im Mittelpunkt. Dadurch wird der Karneval zu einem Ereignis, das zugleich die \u201elebendige Tradition\u201c und das Gebiet von Halubje einer breiteren \u00d6ffentlichkeit pr\u00e4sentiert.<\/p>\n\n\n\n<p>Der Karneval findet am ersten Sonntag nach dem Antoniustag statt und wird von den Karnevalsgruppen und anderen Verb\u00e4nden in der Gemeinde Vi\u0161kovo organisiert \u2013 von Kinderg\u00e4rten bis hin zu Rentnerverb\u00e4nden sind alle mit dabei.  Die Stra\u00dfen sind dann voll bunter, kreativer Masken und traditioneller Kost\u00fcme, die von Jung und Alt getragen werden und an den Geist vergangener Zeiten erinnern. Im ganzen Ort ert\u00f6nen Gesang, Tanz und das laute Klingeln der Glocken. Am Ende des Umzugs erscheinen traditionell die ber\u00fchmten Glockentr\u00e4ger Halubajski zvon\u010dari. An diesem unvergesslichen Samstag wird Vi\u0161kovo zum Treffpunkt von Karnevalsgruppen aus Kroatien und dem Ausland und l\u00e4dt alle Besucher zum Tanzen und Mitmachen bis in die fr\u00fchen Morgenstunden ein!<\/p>\n\n\n\n<p>Tradition wird von Generation zu Generation weitergegeben. W\u00e4hrend des Treffens junger Glockentr\u00e4ger mit dem Titel&nbsp;<strong>\u201eSmotra mi\u0107eh zvon\u010dari\u201c<\/strong>&nbsp;wird Mar\u010delji zu einem Treffpunkt f\u00fcr junge Glockentr\u00e4ger aus der Umgebung, die diese Tradition pflegen. Die Karnevalszeit ist auch von zahlreichen anderen Veranstaltungen gepr\u00e4gt, wie dem Frauen-Maskerade-Bowling-Turnier, dem Marini\u0107i-Brass-Band-Konzert, dem Karnevals-Dart-Turnier, Maskent\u00e4nzen f\u00fcr Kinder usw., mit denen Institutionen und Vereinen die Traditionen, Br\u00e4uche und den Geist des Karnevals pflegen.<\/p>\n\n\n\n<p>Typische Karnevalsfiguren in diesem Gebiet sind die Glockentr\u00e4ger von Halubje \u2013 \u201eHalubajski zvon\u010dari\u201c. Ihr Karnevalsumzug befindet sich auf der UNESCO-Liste des immateriellen Weltkulturerbes und erinnert uns an vergangene Zeiten, als die administrativen Grenzen andere waren. Der Sinn dieses Umzugs allerdings blieb unver\u00e4ndert: die Menschen zu verbinden. Von den Einheimischen werden die Glockentr\u00e4ger heute wie damals mit traditionellen Gerichten willkommen gehei\u00dfen.<\/p>\n\n\n\n<h2 class=\"wp-block-heading\">ACHTUNG, FERTIG LOS! UND <strong>AUF DEN SPUREN DER GLOCKENTRAGER HALUBAJSKI ZVON\u010cARI<\/strong><\/h2>\n\n\n\n<p>Die alten Wege, die einst D\u00f6rfer und Menschen miteinander verbanden, fungieren heute als markierte Spazier- und Wanderwege. Im Fr\u00fchling, wenn die Natur in voller Bl\u00fcte steht, werden Wandertouren mit dem Titel <strong>\u201ePriprema, pozor, sad!\u201c<\/strong> (<em>Achtung, fertig, los!<\/em>) in Zusammenarbeit mit dem Wanderverein Vi\u0161kovo organisiert. Dies ist die perfekte Gelegenheit f\u00fcr alle, die mit unseren Wanderleitern das lokale Naturerbe und interessante Geschichten aus erster Hand hautnah erleben m\u00f6chten. Nehmen Sie im Oktober an der Wandertour <strong>\u201ePro\u0161e\u0107i se z manun\u2026 po zvon\u010darskeh puteh\u201c<\/strong> (<em>Auf den Spuren der Glockentr\u00e4ger Halubajski zvon\u010dari<\/em>) teil und erleben Sie die Route unserer Glockentr\u00e4ger im Wald, der Sie mit seinen Herbstfarben verzaubern wird.<\/p>\n\n\n\n<h2 class=\"wp-block-heading\"><strong>MAJEVICA<\/strong><\/h2>\n\n\n\n<p>Der erste Sonntag im Mai hei\u00dft Majevica, dem hiesigen Namen f\u00fcr Flieder, der zu dieser Jahreszeit bl\u00fcht. In der Vergangenheit war dieser Tag f\u00fcr den letzten Fr\u00fchlingstanz reserviert, auf den die Periode der intensiven Feldarbeiten folgte.<\/p>\n\n\n\n<p>Einst warteten die M\u00e4dchen hier voller Ungeduld auf diesen Tag, denn in der Nacht zu diesem speziellen Sonntag brachten junge M\u00e4nner Blumen zum Fenster des Hauses ihrer Angebeteten. Auf den Schornstein oder einen anderen hohen Punkt neben dem Haus (\u00fcblicherweise ein Walnuss- oder Maulbeerbaum) platzierten sie dar\u00fcber hinaus den Maj \u2013 ein immergr\u00fcnes B\u00e4umchen (Wacholder, Tanne oder Lorbeer) oder einen bl\u00fchende Eschen- oder Kirschenzweig. <\/p>\n\n\n\n<p>Auch ein traditionelles Lied gab es zu diesem Anlass:<br><em> Majevica, sch\u00f6ner Sonntag,<br> Du schm\u00fcckst mein Fenster,<br> Oder die Maulbeere darunter.\u201c<br> In dieser Nacht fanden die M\u00e4dche<\/em><\/p>\n\n\n\n<p>Als Andenken an diesen Brauch organisiert der Tourismusverband Vi\u0161kovo <strong>die Fr\u00fchlingsveranstaltung Majevica<\/strong>, um so lokale Traditionen, kulturhistorisches Erbe, die lokale K\u00fcche und altert\u00fcmliche Br\u00e4uche des Halubje-Gebietes zu w\u00fcrdigen. Die Veranstaltung findet am ersten Sonntag im Mai statt und ihr Symbol ist der Flieder (\u00f6rtlich als Majevica bekannt).Neben der Wiederbelebung der fr\u00fcheren Lebensweise durch antike Spiele, Rezitationen, eine Messe mit lokalen und \u00f6kologischen Produkten, wird besonderer Wert auf die Schaffung einheimischer gastronomischer Erlebnisse, die Pr\u00e4sentation und Zubereitung traditioneller lokaler Speisen und Verbindungen zum Mittelmeer gelegt. Ern\u00e4hrung des Hinterlandes, die zum immateriellen Erbe der UNESCO geh\u00f6rt \u2013 Mittelmeerdi\u00e4t an der kroatischen Adria, ihrer K\u00fcste, den Inseln und einem Teil des Hinterlandes.<\/p>\n\n\n\n<h2 class=\"wp-block-heading\"><strong>WASSERBRUNNEN \u0160TERNE \u2013 DIE QUELLE DES LEBENS<\/strong><\/h2>\n\n\n\n<p>Das Karstrelief kann mit seinen wasserdurchl\u00e4ssigen Kalksteinfelsen kein Wasser zur\u00fcckhalten und bietet dementsprechend eher ung\u00fcnstige Lebensbedingungen. Der Fluss Rje\u010dina, das einzige Flusswasser in diesem Gebiet und zugleich die nord\u00f6stliche Grenze zwischen der Gemeinde Vi\u0161kovo und dem Gebiet von Grobnik, war immer schon eine wichtige Wasserquelle. Vor der Errichtung des modernen <\/p>\n\n\n\n<p>Wasserversorgungssystems war Rje\u010dina f\u00fcr die Bewohner von Vi\u0161kovo aber eher unzug\u00e4nglich. Aus diesem Grund waren f\u00fcr sie die Wasserbrunnen \u2013 \u00f6rtlich \u0160terne genannt \u2013 die Quelle des Lebens.<\/p>\n\n\n\n<p>Da Wasser t\u00e4glich gebraucht wird, entwickelten sich die Brunnen zu Treffpunkten f\u00fcr Jung und Alt, die dort Neuigkeiten austauschten und gemeinsam Zeit verbrachten. Dass Kinder nicht ins tiefe, kalte Wasser fallen, daf\u00fcr sorgte die lokale <a href=\"https:\/\/visitviskovo.hr\/de\/entdecke-viskovo\/legenden-und-glaubensvorstellungen\/\">Legende vom Fabelwesen Malik<\/a>. All dies machte den Brunnen zu einer Lebensquelle \u2013 auch im \u00fcbertragenen Sinne.<br><br>Im Juni findet an den Brunnen in der gesamten Gemeinde die Veranstaltungsreihe mit dem Titel \u201e<strong>Wasserbrunnen <\/strong><em><strong>\u0160terne<\/strong><\/em><strong> \u2013 die Quelle des Lebens\u201c<\/strong> statt. Die Brunnen und die kleinen umliegenden Pl\u00e4tze schaffen eine intime Atmosph\u00e4re, in der die Darsteller der Kultur- und Unterhaltungsprogramme mit ihrem Publikum eng verbunden sind. Diese Veranstaltungen verwandeln die Brunnen in kleine B\u00fchnen und beleben f\u00fcr eine Weile ihre einstige Rolle und die alten Zeiten.<\/p>\n\n\n\n<p>Der Sommer ist die Zeit, in der wir verschiedene Veranstaltungen in offenen R\u00e4umen und interessanten Umgebungen genie\u00dfen. Eines davon ist \u201eLjetni pljusak\u201c: ein Konzert auf dem Platz vor der St.-Matth\u00e4us-Kirche, das im warmen Monat Juli f\u00fcr eine echte Erfrischung sorgt.<\/p>\n\n\n\n<h2 class=\"wp-block-heading\">MATEJNA<\/h2>\n\n\n\n<p>Am Tag des Hl. Matth\u00e4us, der 21. September, wird in der Pfarrei St. Matth\u00e4us gefeiert. Fr\u00fcher fand an diesem Feiertag ein Jahrmarkt statt, aber wie I. Jardas es beschreibt, war es miserabel, sodass man nicht einmal sagen kann, dass es ein echter Jahrmarkt war: \u201eKranjac kam mit T\u00f6pfen und Gott ist gl\u00fccklich.\u201c Da der Feiertag nur in Halubje und nicht in Kastav\u0161tina gefeiert wurde, waren die Menschen zu diesem Jahrmarkt nicht geneigt und es fiel ihnen schwer, etwas Neues zu lernen. Es kam ihm nicht zugute, dass es am Matejna-Tag und nicht am Sonntag stattfand. F\u00fcr Matejna gab es einen Feiertag in der Pfarrei, eine Messe und einen Segen und am Abend einen Tanz, und das war alles. So war es fr\u00fcher, und Matejna bietet heute noch viel mehr, eine F\u00fclle von Kultur- und Sportveranstaltungen, eine Gelegenheit f\u00fcr die Einheimischen der Gemeinde Vi\u0161kovo sowie alle willkommenen Besucher, sich zu entspannen, Spa\u00df zu haben und zumindest eine Pause einzulegen f\u00fcr eine Weile aus dem Alltag.<\/p>\n\n\n\n<h2 class=\"wp-block-heading\">ADVENT IM VI\u0160KOVO<\/h2>\n\n\n\n<p>Von allen Monaten des Jahres tr\u00e4gt der Dezember das festlichste Gewand aus Weihnachtszauber, Ger\u00fcchen und Geschm\u00e4ckern, einem Gef\u00fchl von Gemeinschaft und Familie. Um das Jahresende so besonders zu gestalten, wie es es verdient, haben wir den Advent in Vi\u0161kovo mit vielen Weihnachts- und Neujahrskonzerten, Shows, einem Weihnachtsmarkt sowie einem festlichen Brunch und Beisammensein organisiert.<\/p>\n\n\n\n<h2 class=\"wp-block-heading\">ZELENA \u010cISTKA<\/h2>\n\n\n\n<p>Zelena \u010distka ist die gr\u00f6\u00dfte eint\u00e4gige Aktion zur S\u00e4uberung wilder M\u00fclldeponien und das gr\u00f6\u00dfte \u00f6kologische Freiwilligenprojekt in Kroatien. Mit dem Ziel einer gr\u00fcneren Zukunft, dem Schutz der Umwelt und der Entwicklung eines Bewusstseins f\u00fcr verantwortungsvolles Verhalten in der Natur, auf unseren Gehwegen und Wegen sind TZ Vi\u0161kovo, die Gemeinde Vi\u0161kovo, KD Vi\u0161kovo und zahlreiche Freiwillige, die zum Schutz und Erhalt der Umwelt beitragen, jedes Jahr an der Aktion beteiligt.<\/p>\n","protected":false},"excerpt":{"rendered":"<p>Obwohl unsere Veranstaltungen in der Tradition und den nat\u00fcrlichen Merkmalen dieser Gegend verwurzelt sind, nehmen sie moderne Formen an, um den Erwartungen des modernen Menschen gerecht zu werden. Vi\u0161kovo bietet zu jeder Jahreszeit interessante und abwechslungsreiche Programme f\u00fcr jeden Geschmack, die ein Garant f\u00fcr gute Laune sind. Wir laden Sie ein, das ganze Jahr \u00fcber [&hellip;]<\/p>\n","protected":false},"author":1,"featured_media":8448,"parent":4357,"menu_order":0,"comment_status":"closed","ping_status":"closed","template":"","meta":{"_acf_changed":false,"footnotes":""},"acf":[],"yoast_head":"<!-- This site is optimized with the Yoast SEO plugin v22.7 - https:\/\/yoast.com\/wordpress\/plugins\/seo\/ -->\n<title>Die Vergangenheit in der Gegenwart: Veranstaltungen - Turisti\u010dka zajednica op\u0107ine Vi\u0161kovo<\/title>\n<meta name=\"robots\" content=\"index, follow, max-snippet:-1, max-image-preview:large, max-video-preview:-1\" \/>\n<link rel=\"canonical\" href=\"https:\/\/visitviskovo.hr\/de\/was-tun-2\/die-vergangenheit-in-der-gegenwart-veranstaltungen\/\" \/>\n<meta property=\"og:locale\" content=\"de_DE\" \/>\n<meta property=\"og:type\" content=\"article\" \/>\n<meta property=\"og:title\" content=\"Die Vergangenheit in der Gegenwart: Veranstaltungen - Turisti\u010dka zajednica op\u0107ine Vi\u0161kovo\" \/>\n<meta property=\"og:description\" content=\"Obwohl unsere Veranstaltungen in der Tradition und den nat\u00fcrlichen Merkmalen dieser Gegend verwurzelt sind, nehmen sie moderne Formen an, um den Erwartungen des modernen Menschen gerecht zu werden. Vi\u0161kovo bietet zu jeder Jahreszeit interessante und abwechslungsreiche Programme f\u00fcr jeden Geschmack, die ein Garant f\u00fcr gute Laune sind. Wir laden Sie ein, das ganze Jahr \u00fcber [&hellip;]\" \/>\n<meta property=\"og:url\" content=\"https:\/\/visitviskovo.hr\/de\/was-tun-2\/die-vergangenheit-in-der-gegenwart-veranstaltungen\/\" \/>\n<meta property=\"og:site_name\" content=\"Turisti\u010dka zajednica op\u0107ine Vi\u0161kovo\" \/>\n<meta property=\"article:publisher\" content=\"https:\/\/web.facebook.com\/VisitViskovo\" \/>\n<meta property=\"article:modified_time\" content=\"2024-04-09T11:33:45+00:00\" \/>\n<meta property=\"og:image\" content=\"https:\/\/visitviskovo.hr\/wp-content\/uploads\/2019\/09\/Ljetni-pljusak-1.jpg\" \/>\n\t<meta property=\"og:image:width\" content=\"1280\" \/>\n\t<meta property=\"og:image:height\" content=\"960\" \/>\n\t<meta property=\"og:image:type\" content=\"image\/jpeg\" \/>\n<meta name=\"twitter:card\" content=\"summary_large_image\" \/>\n<meta name=\"twitter:label1\" content=\"Gesch\u00e4tzte Lesezeit\" \/>\n\t<meta name=\"twitter:data1\" content=\"8 Minuten\" \/>\n<script type=\"application\/ld+json\" class=\"yoast-schema-graph\">{\"@context\":\"https:\/\/schema.org\",\"@graph\":[{\"@type\":\"WebPage\",\"@id\":\"https:\/\/visitviskovo.hr\/de\/was-tun-2\/die-vergangenheit-in-der-gegenwart-veranstaltungen\/\",\"url\":\"https:\/\/visitviskovo.hr\/de\/was-tun-2\/die-vergangenheit-in-der-gegenwart-veranstaltungen\/\",\"name\":\"Die Vergangenheit in der Gegenwart: Veranstaltungen - Turisti\u010dka zajednica op\u0107ine Vi\u0161kovo\",\"isPartOf\":{\"@id\":\"https:\/\/visitviskovo.hr\/it\/#website\"},\"primaryImageOfPage\":{\"@id\":\"https:\/\/visitviskovo.hr\/de\/was-tun-2\/die-vergangenheit-in-der-gegenwart-veranstaltungen\/#primaryimage\"},\"image\":{\"@id\":\"https:\/\/visitviskovo.hr\/de\/was-tun-2\/die-vergangenheit-in-der-gegenwart-veranstaltungen\/#primaryimage\"},\"thumbnailUrl\":\"https:\/\/visitviskovo.hr\/wp-content\/uploads\/2019\/09\/Ljetni-pljusak-1.jpg\",\"datePublished\":\"2019-08-26T07:59:53+00:00\",\"dateModified\":\"2024-04-09T11:33:45+00:00\",\"breadcrumb\":{\"@id\":\"https:\/\/visitviskovo.hr\/de\/was-tun-2\/die-vergangenheit-in-der-gegenwart-veranstaltungen\/#breadcrumb\"},\"inLanguage\":\"de-DE\",\"potentialAction\":[{\"@type\":\"ReadAction\",\"target\":[\"https:\/\/visitviskovo.hr\/de\/was-tun-2\/die-vergangenheit-in-der-gegenwart-veranstaltungen\/\"]}]},{\"@type\":\"ImageObject\",\"inLanguage\":\"de-DE\",\"@id\":\"https:\/\/visitviskovo.hr\/de\/was-tun-2\/die-vergangenheit-in-der-gegenwart-veranstaltungen\/#primaryimage\",\"url\":\"https:\/\/visitviskovo.hr\/wp-content\/uploads\/2019\/09\/Ljetni-pljusak-1.jpg\",\"contentUrl\":\"https:\/\/visitviskovo.hr\/wp-content\/uploads\/2019\/09\/Ljetni-pljusak-1.jpg\",\"width\":1280,\"height\":960},{\"@type\":\"BreadcrumbList\",\"@id\":\"https:\/\/visitviskovo.hr\/de\/was-tun-2\/die-vergangenheit-in-der-gegenwart-veranstaltungen\/#breadcrumb\",\"itemListElement\":[{\"@type\":\"ListItem\",\"position\":1,\"name\":\"Home\",\"item\":\"https:\/\/visitviskovo.hr\/de\/\"},{\"@type\":\"ListItem\",\"position\":2,\"name\":\"Was tun\",\"item\":\"https:\/\/visitviskovo.hr\/de\/was-tun-2\/\"},{\"@type\":\"ListItem\",\"position\":3,\"name\":\"Die Vergangenheit in der Gegenwart: Veranstaltungen\"}]},{\"@type\":\"WebSite\",\"@id\":\"https:\/\/visitviskovo.hr\/it\/#website\",\"url\":\"https:\/\/visitviskovo.hr\/it\/\",\"name\":\"Turisti\u010dka zajednica op\u0107ine Vi\u0161kovo\",\"description\":\"\",\"potentialAction\":[{\"@type\":\"SearchAction\",\"target\":{\"@type\":\"EntryPoint\",\"urlTemplate\":\"https:\/\/visitviskovo.hr\/it\/?s={search_term_string}\"},\"query-input\":\"required name=search_term_string\"}],\"inLanguage\":\"de-DE\"}]}<\/script>\n<!-- \/ Yoast SEO plugin. -->","yoast_head_json":{"title":"Die Vergangenheit in der Gegenwart: Veranstaltungen - Turisti\u010dka zajednica op\u0107ine Vi\u0161kovo","robots":{"index":"index","follow":"follow","max-snippet":"max-snippet:-1","max-image-preview":"max-image-preview:large","max-video-preview":"max-video-preview:-1"},"canonical":"https:\/\/visitviskovo.hr\/de\/was-tun-2\/die-vergangenheit-in-der-gegenwart-veranstaltungen\/","og_locale":"de_DE","og_type":"article","og_title":"Die Vergangenheit in der Gegenwart: Veranstaltungen - Turisti\u010dka zajednica op\u0107ine Vi\u0161kovo","og_description":"Obwohl unsere Veranstaltungen in der Tradition und den nat\u00fcrlichen Merkmalen dieser Gegend verwurzelt sind, nehmen sie moderne Formen an, um den Erwartungen des modernen Menschen gerecht zu werden. Vi\u0161kovo bietet zu jeder Jahreszeit interessante und abwechslungsreiche Programme f\u00fcr jeden Geschmack, die ein Garant f\u00fcr gute Laune sind. Wir laden Sie ein, das ganze Jahr \u00fcber [&hellip;]","og_url":"https:\/\/visitviskovo.hr\/de\/was-tun-2\/die-vergangenheit-in-der-gegenwart-veranstaltungen\/","og_site_name":"Turisti\u010dka zajednica op\u0107ine Vi\u0161kovo","article_publisher":"https:\/\/web.facebook.com\/VisitViskovo","article_modified_time":"2024-04-09T11:33:45+00:00","og_image":[{"width":1280,"height":960,"url":"https:\/\/visitviskovo.hr\/wp-content\/uploads\/2019\/09\/Ljetni-pljusak-1.jpg","type":"image\/jpeg"}],"twitter_card":"summary_large_image","twitter_misc":{"Gesch\u00e4tzte Lesezeit":"8 Minuten"},"schema":{"@context":"https:\/\/schema.org","@graph":[{"@type":"WebPage","@id":"https:\/\/visitviskovo.hr\/de\/was-tun-2\/die-vergangenheit-in-der-gegenwart-veranstaltungen\/","url":"https:\/\/visitviskovo.hr\/de\/was-tun-2\/die-vergangenheit-in-der-gegenwart-veranstaltungen\/","name":"Die Vergangenheit in der Gegenwart: Veranstaltungen - Turisti\u010dka zajednica op\u0107ine Vi\u0161kovo","isPartOf":{"@id":"https:\/\/visitviskovo.hr\/it\/#website"},"primaryImageOfPage":{"@id":"https:\/\/visitviskovo.hr\/de\/was-tun-2\/die-vergangenheit-in-der-gegenwart-veranstaltungen\/#primaryimage"},"image":{"@id":"https:\/\/visitviskovo.hr\/de\/was-tun-2\/die-vergangenheit-in-der-gegenwart-veranstaltungen\/#primaryimage"},"thumbnailUrl":"https:\/\/visitviskovo.hr\/wp-content\/uploads\/2019\/09\/Ljetni-pljusak-1.jpg","datePublished":"2019-08-26T07:59:53+00:00","dateModified":"2024-04-09T11:33:45+00:00","breadcrumb":{"@id":"https:\/\/visitviskovo.hr\/de\/was-tun-2\/die-vergangenheit-in-der-gegenwart-veranstaltungen\/#breadcrumb"},"inLanguage":"de-DE","potentialAction":[{"@type":"ReadAction","target":["https:\/\/visitviskovo.hr\/de\/was-tun-2\/die-vergangenheit-in-der-gegenwart-veranstaltungen\/"]}]},{"@type":"ImageObject","inLanguage":"de-DE","@id":"https:\/\/visitviskovo.hr\/de\/was-tun-2\/die-vergangenheit-in-der-gegenwart-veranstaltungen\/#primaryimage","url":"https:\/\/visitviskovo.hr\/wp-content\/uploads\/2019\/09\/Ljetni-pljusak-1.jpg","contentUrl":"https:\/\/visitviskovo.hr\/wp-content\/uploads\/2019\/09\/Ljetni-pljusak-1.jpg","width":1280,"height":960},{"@type":"BreadcrumbList","@id":"https:\/\/visitviskovo.hr\/de\/was-tun-2\/die-vergangenheit-in-der-gegenwart-veranstaltungen\/#breadcrumb","itemListElement":[{"@type":"ListItem","position":1,"name":"Home","item":"https:\/\/visitviskovo.hr\/de\/"},{"@type":"ListItem","position":2,"name":"Was tun","item":"https:\/\/visitviskovo.hr\/de\/was-tun-2\/"},{"@type":"ListItem","position":3,"name":"Die Vergangenheit in der Gegenwart: Veranstaltungen"}]},{"@type":"WebSite","@id":"https:\/\/visitviskovo.hr\/it\/#website","url":"https:\/\/visitviskovo.hr\/it\/","name":"Turisti\u010dka zajednica op\u0107ine Vi\u0161kovo","description":"","potentialAction":[{"@type":"SearchAction","target":{"@type":"EntryPoint","urlTemplate":"https:\/\/visitviskovo.hr\/it\/?s={search_term_string}"},"query-input":"required name=search_term_string"}],"inLanguage":"de-DE"}]}},"_links":{"self":[{"href":"https:\/\/visitviskovo.hr\/de\/wp-json\/wp\/v2\/pages\/8209"}],"collection":[{"href":"https:\/\/visitviskovo.hr\/de\/wp-json\/wp\/v2\/pages"}],"about":[{"href":"https:\/\/visitviskovo.hr\/de\/wp-json\/wp\/v2\/types\/page"}],"author":[{"embeddable":true,"href":"https:\/\/visitviskovo.hr\/de\/wp-json\/wp\/v2\/users\/1"}],"replies":[{"embeddable":true,"href":"https:\/\/visitviskovo.hr\/de\/wp-json\/wp\/v2\/comments?post=8209"}],"version-history":[{"count":15,"href":"https:\/\/visitviskovo.hr\/de\/wp-json\/wp\/v2\/pages\/8209\/revisions"}],"predecessor-version":[{"id":21010,"href":"https:\/\/visitviskovo.hr\/de\/wp-json\/wp\/v2\/pages\/8209\/revisions\/21010"}],"up":[{"embeddable":true,"href":"https:\/\/visitviskovo.hr\/de\/wp-json\/wp\/v2\/pages\/4357"}],"wp:featuredmedia":[{"embeddable":true,"href":"https:\/\/visitviskovo.hr\/de\/wp-json\/wp\/v2\/media\/8448"}],"wp:attachment":[{"href":"https:\/\/visitviskovo.hr\/de\/wp-json\/wp\/v2\/media?parent=8209"}],"curies":[{"name":"wp","href":"https:\/\/api.w.org\/{rel}","templated":true}]}}