{"id":13872,"date":"2020-05-15T07:18:39","date_gmt":"2020-05-15T07:18:39","guid":{"rendered":"https:\/\/visitviskovo.hr\/?page_id=13872"},"modified":"2020-05-15T07:18:40","modified_gmt":"2020-05-15T07:18:40","slug":"on-the-trail-of-the-halubajski-zvoncari-bell-ringers","status":"publish","type":"page","link":"https:\/\/visitviskovo.hr\/en\/what-to-do\/ideje-za-boravak\/on-the-trail-of-the-halubajski-zvoncari-bell-ringers\/","title":{"rendered":"On the trail of the Halubajski zvon\u010dari bell ringers"},"content":{"rendered":"\n<p>Today, Vi\u0161kovo is a place where tradition meets modernity, where everyday life is intertwined with echoes of the past. This can best be experienced during the carnival period, which begins with the blowing of a horn on the feast day of St. Anthony in the centre of Vi\u0161kovo. Every year on the first Saturday after the Feast of St. Anthony, the <a href=\"https:\/\/visitviskovo.hr\/en\/viskovo\/halubajski-karneval\/\">Halubje Carnival <\/a>takes place. It is a vibrant, joyful event that brings tradition back to life, inviting everybody to join the party and dance.<\/p>\n\n\n\n<p>The best way to acquaint yourself with the villages, people, customs, and the irresistible power of tradition is to follow the <em><a href=\"https:\/\/visitviskovo.hr\/en\/viskovo\/unesco\/godisnji-pokladni-ophod-zvoncari\/\">Halubajski zvon\u010dari <\/a><\/em><a href=\"https:\/\/visitviskovo.hr\/en\/viskovo\/unesco\/godisnji-pokladni-ophod-zvoncari\/\">bell ringers<\/a> along their way. Every year on the last Sunday, Monday and Tuesday before Ash Wednesday, these guardians of the area&#8217;s centuries-long tradition head off on their traditional pageant across the villages of the Halubje and Kastav areas. The uniqueness of this pageant explains why it has been inscribed on the UNESCO Representative List of Intangible Cultural Heritage. <\/p>\n\n\n\n<p>Dressed in sailor&#8217;s shirts and white trousers, with giant animal masks on their heads and <em>ba\u010duka<\/em>-maces in their hands, they enter the village in a column so long that you cannot see its end. Their well-trained steps are supervised by their commander, who warns those who sometimes refuse to follow orders. The order is only occasionally disturbed by the devil, dressed in black with his tongue sticking out. Next to him, there walks a bear so mischievous that even his two guards can&#8217;t stop him. <\/p>\n\n\n\n<p>In every\nvillage, always in the same place, the <em>zvon\u010dari<\/em> will form a circle\nturning towards their hosts and ring steadily, making an even more piercing\nnoise. This completely overwhelming, magnificent noise will last until the\ncommander whistles. The pause is short, and the way ahead of them is long. This\ngame of chaos and order will be accompanied by the sound of music all the way\ndown to the next village, where it will start once again from the beginning.<\/p>\n\n\n\n<p>Apart from\nbeing a reminder of times gone by, the importance of this pageant has remained\nthe same: to connect local people. During the pageant, the bell ringers are\nwelcomed by local people who offer them traditional food just as they did in\npast centuries. This is the time when you can taste traditional carnival food\nthat invigorates and provides strength during cold winter days. This is also an\nexcellent opportunity to try local desserts such as <em>presnac<\/em> and <em>fritule<\/em>.\n<\/p>\n\n\n\n<p>The highlight\nof the carnival period can be experienced on the last day of the pageant\n(Tuesday before Ash Wednesday) in the centre of Vi\u0161kovo. The <em>pust<\/em>, a\ncarnival puppet hung on a pole, awaits its verdict silently. At the last stop\nof the procession, those gathered will pass sentence on him unanimously: he is\nguilty of everything that went wrong in the previous year. One of the people\nwill reach for the torch and set the condemned on fire as he hangs from a metal\nchain. When the ashes settle and the ringing ceases, through the thick smoke\none can see the happy faces of people who, now without masks and worries, look\nforward to the coming spring.<\/p>\n\n\n\n<p>Evoke the\nmystical past by following in the path of this pageant, by awaiting its\narrival, and by listening to the clattering of bells and the trembling of the\nground. The ancient connection between man and nature will ring out from the\npast, and historical, cultural and culinary highpoints will create an\nexperience that will take you away from the reality and give you a break from\neveryday life. <\/p>\n","protected":false},"excerpt":{"rendered":"<p>Today, Vi\u0161kovo is a place where tradition meets modernity, where everyday life is intertwined with echoes of the past. This can best be experienced during the carnival period, which begins with the blowing of a horn on the feast day of St. Anthony in the centre of Vi\u0161kovo. Every year on the first Saturday after [&hellip;]<\/p>\n","protected":false},"author":4,"featured_media":13729,"parent":8140,"menu_order":0,"comment_status":"closed","ping_status":"closed","template":"","meta":{"_acf_changed":false,"footnotes":""},"acf":[],"yoast_head":"<!-- This site is optimized with the Yoast SEO plugin v22.7 - https:\/\/yoast.com\/wordpress\/plugins\/seo\/ -->\n<title>On the trail of the Halubajski zvon\u010dari bell ringers - Turisti\u010dka zajednica op\u0107ine Vi\u0161kovo<\/title>\n<meta name=\"robots\" content=\"index, follow, max-snippet:-1, max-image-preview:large, max-video-preview:-1\" \/>\n<link rel=\"canonical\" href=\"https:\/\/visitviskovo.hr\/en\/what-to-do\/ideje-za-boravak\/on-the-trail-of-the-halubajski-zvoncari-bell-ringers\/\" \/>\n<meta property=\"og:locale\" content=\"en_US\" \/>\n<meta property=\"og:type\" content=\"article\" \/>\n<meta property=\"og:title\" content=\"On the trail of the Halubajski zvon\u010dari bell ringers - Turisti\u010dka zajednica op\u0107ine Vi\u0161kovo\" \/>\n<meta property=\"og:description\" content=\"Today, Vi\u0161kovo is a place where tradition meets modernity, where everyday life is intertwined with echoes of the past. This can best be experienced during the carnival period, which begins with the blowing of a horn on the feast day of St. Anthony in the centre of Vi\u0161kovo. Every year on the first Saturday after [&hellip;]\" \/>\n<meta property=\"og:url\" content=\"https:\/\/visitviskovo.hr\/en\/what-to-do\/ideje-za-boravak\/on-the-trail-of-the-halubajski-zvoncari-bell-ringers\/\" \/>\n<meta property=\"og:site_name\" content=\"Turisti\u010dka zajednica op\u0107ine Vi\u0161kovo\" \/>\n<meta property=\"article:publisher\" content=\"https:\/\/web.facebook.com\/VisitViskovo\" \/>\n<meta property=\"article:modified_time\" content=\"2020-05-15T07:18:40+00:00\" \/>\n<meta property=\"og:image\" content=\"https:\/\/visitviskovo.hr\/wp-content\/uploads\/2020\/05\/Halubajski_zvon\u010dari-4-Medium.jpg\" \/>\n\t<meta property=\"og:image:width\" content=\"1152\" \/>\n\t<meta property=\"og:image:height\" content=\"768\" \/>\n\t<meta property=\"og:image:type\" content=\"image\/jpeg\" \/>\n<meta name=\"twitter:card\" content=\"summary_large_image\" \/>\n<meta name=\"twitter:label1\" content=\"Est. reading time\" \/>\n\t<meta name=\"twitter:data1\" content=\"3 minutes\" \/>\n<script type=\"application\/ld+json\" class=\"yoast-schema-graph\">{\"@context\":\"https:\/\/schema.org\",\"@graph\":[{\"@type\":\"WebPage\",\"@id\":\"https:\/\/visitviskovo.hr\/en\/what-to-do\/ideje-za-boravak\/on-the-trail-of-the-halubajski-zvoncari-bell-ringers\/\",\"url\":\"https:\/\/visitviskovo.hr\/en\/what-to-do\/ideje-za-boravak\/on-the-trail-of-the-halubajski-zvoncari-bell-ringers\/\",\"name\":\"On the trail of the Halubajski zvon\u010dari bell ringers - Turisti\u010dka zajednica op\u0107ine Vi\u0161kovo\",\"isPartOf\":{\"@id\":\"https:\/\/visitviskovo.hr\/it\/#website\"},\"primaryImageOfPage\":{\"@id\":\"https:\/\/visitviskovo.hr\/en\/what-to-do\/ideje-za-boravak\/on-the-trail-of-the-halubajski-zvoncari-bell-ringers\/#primaryimage\"},\"image\":{\"@id\":\"https:\/\/visitviskovo.hr\/en\/what-to-do\/ideje-za-boravak\/on-the-trail-of-the-halubajski-zvoncari-bell-ringers\/#primaryimage\"},\"thumbnailUrl\":\"https:\/\/visitviskovo.hr\/wp-content\/uploads\/2020\/05\/Halubajski_zvon\u010dari-4-Medium.jpg\",\"datePublished\":\"2020-05-15T07:18:39+00:00\",\"dateModified\":\"2020-05-15T07:18:40+00:00\",\"breadcrumb\":{\"@id\":\"https:\/\/visitviskovo.hr\/en\/what-to-do\/ideje-za-boravak\/on-the-trail-of-the-halubajski-zvoncari-bell-ringers\/#breadcrumb\"},\"inLanguage\":\"en-US\",\"potentialAction\":[{\"@type\":\"ReadAction\",\"target\":[\"https:\/\/visitviskovo.hr\/en\/what-to-do\/ideje-za-boravak\/on-the-trail-of-the-halubajski-zvoncari-bell-ringers\/\"]}]},{\"@type\":\"ImageObject\",\"inLanguage\":\"en-US\",\"@id\":\"https:\/\/visitviskovo.hr\/en\/what-to-do\/ideje-za-boravak\/on-the-trail-of-the-halubajski-zvoncari-bell-ringers\/#primaryimage\",\"url\":\"https:\/\/visitviskovo.hr\/wp-content\/uploads\/2020\/05\/Halubajski_zvon\u010dari-4-Medium.jpg\",\"contentUrl\":\"https:\/\/visitviskovo.hr\/wp-content\/uploads\/2020\/05\/Halubajski_zvon\u010dari-4-Medium.jpg\",\"width\":1152,\"height\":768},{\"@type\":\"BreadcrumbList\",\"@id\":\"https:\/\/visitviskovo.hr\/en\/what-to-do\/ideje-za-boravak\/on-the-trail-of-the-halubajski-zvoncari-bell-ringers\/#breadcrumb\",\"itemListElement\":[{\"@type\":\"ListItem\",\"position\":1,\"name\":\"Home\",\"item\":\"https:\/\/visitviskovo.hr\/en\/\"},{\"@type\":\"ListItem\",\"position\":2,\"name\":\"What to do\",\"item\":\"https:\/\/visitviskovo.hr\/en\/what-to-do\/\"},{\"@type\":\"ListItem\",\"position\":3,\"name\":\"Customize your stay\",\"item\":\"https:\/\/visitviskovo.hr\/en\/what-to-do\/ideje-za-boravak\/\"},{\"@type\":\"ListItem\",\"position\":4,\"name\":\"On the trail of the Halubajski zvon\u010dari bell ringers\"}]},{\"@type\":\"WebSite\",\"@id\":\"https:\/\/visitviskovo.hr\/it\/#website\",\"url\":\"https:\/\/visitviskovo.hr\/it\/\",\"name\":\"Turisti\u010dka zajednica op\u0107ine Vi\u0161kovo\",\"description\":\"\",\"potentialAction\":[{\"@type\":\"SearchAction\",\"target\":{\"@type\":\"EntryPoint\",\"urlTemplate\":\"https:\/\/visitviskovo.hr\/it\/?s={search_term_string}\"},\"query-input\":\"required name=search_term_string\"}],\"inLanguage\":\"en-US\"}]}<\/script>\n<!-- \/ Yoast SEO plugin. -->","yoast_head_json":{"title":"On the trail of the Halubajski zvon\u010dari bell ringers - Turisti\u010dka zajednica op\u0107ine Vi\u0161kovo","robots":{"index":"index","follow":"follow","max-snippet":"max-snippet:-1","max-image-preview":"max-image-preview:large","max-video-preview":"max-video-preview:-1"},"canonical":"https:\/\/visitviskovo.hr\/en\/what-to-do\/ideje-za-boravak\/on-the-trail-of-the-halubajski-zvoncari-bell-ringers\/","og_locale":"en_US","og_type":"article","og_title":"On the trail of the Halubajski zvon\u010dari bell ringers - Turisti\u010dka zajednica op\u0107ine Vi\u0161kovo","og_description":"Today, Vi\u0161kovo is a place where tradition meets modernity, where everyday life is intertwined with echoes of the past. This can best be experienced during the carnival period, which begins with the blowing of a horn on the feast day of St. Anthony in the centre of Vi\u0161kovo. Every year on the first Saturday after [&hellip;]","og_url":"https:\/\/visitviskovo.hr\/en\/what-to-do\/ideje-za-boravak\/on-the-trail-of-the-halubajski-zvoncari-bell-ringers\/","og_site_name":"Turisti\u010dka zajednica op\u0107ine Vi\u0161kovo","article_publisher":"https:\/\/web.facebook.com\/VisitViskovo","article_modified_time":"2020-05-15T07:18:40+00:00","og_image":[{"width":1152,"height":768,"url":"https:\/\/visitviskovo.hr\/wp-content\/uploads\/2020\/05\/Halubajski_zvon\u010dari-4-Medium.jpg","type":"image\/jpeg"}],"twitter_card":"summary_large_image","twitter_misc":{"Est. reading time":"3 minutes"},"schema":{"@context":"https:\/\/schema.org","@graph":[{"@type":"WebPage","@id":"https:\/\/visitviskovo.hr\/en\/what-to-do\/ideje-za-boravak\/on-the-trail-of-the-halubajski-zvoncari-bell-ringers\/","url":"https:\/\/visitviskovo.hr\/en\/what-to-do\/ideje-za-boravak\/on-the-trail-of-the-halubajski-zvoncari-bell-ringers\/","name":"On the trail of the Halubajski zvon\u010dari bell ringers - Turisti\u010dka zajednica op\u0107ine Vi\u0161kovo","isPartOf":{"@id":"https:\/\/visitviskovo.hr\/it\/#website"},"primaryImageOfPage":{"@id":"https:\/\/visitviskovo.hr\/en\/what-to-do\/ideje-za-boravak\/on-the-trail-of-the-halubajski-zvoncari-bell-ringers\/#primaryimage"},"image":{"@id":"https:\/\/visitviskovo.hr\/en\/what-to-do\/ideje-za-boravak\/on-the-trail-of-the-halubajski-zvoncari-bell-ringers\/#primaryimage"},"thumbnailUrl":"https:\/\/visitviskovo.hr\/wp-content\/uploads\/2020\/05\/Halubajski_zvon\u010dari-4-Medium.jpg","datePublished":"2020-05-15T07:18:39+00:00","dateModified":"2020-05-15T07:18:40+00:00","breadcrumb":{"@id":"https:\/\/visitviskovo.hr\/en\/what-to-do\/ideje-za-boravak\/on-the-trail-of-the-halubajski-zvoncari-bell-ringers\/#breadcrumb"},"inLanguage":"en-US","potentialAction":[{"@type":"ReadAction","target":["https:\/\/visitviskovo.hr\/en\/what-to-do\/ideje-za-boravak\/on-the-trail-of-the-halubajski-zvoncari-bell-ringers\/"]}]},{"@type":"ImageObject","inLanguage":"en-US","@id":"https:\/\/visitviskovo.hr\/en\/what-to-do\/ideje-za-boravak\/on-the-trail-of-the-halubajski-zvoncari-bell-ringers\/#primaryimage","url":"https:\/\/visitviskovo.hr\/wp-content\/uploads\/2020\/05\/Halubajski_zvon\u010dari-4-Medium.jpg","contentUrl":"https:\/\/visitviskovo.hr\/wp-content\/uploads\/2020\/05\/Halubajski_zvon\u010dari-4-Medium.jpg","width":1152,"height":768},{"@type":"BreadcrumbList","@id":"https:\/\/visitviskovo.hr\/en\/what-to-do\/ideje-za-boravak\/on-the-trail-of-the-halubajski-zvoncari-bell-ringers\/#breadcrumb","itemListElement":[{"@type":"ListItem","position":1,"name":"Home","item":"https:\/\/visitviskovo.hr\/en\/"},{"@type":"ListItem","position":2,"name":"What to do","item":"https:\/\/visitviskovo.hr\/en\/what-to-do\/"},{"@type":"ListItem","position":3,"name":"Customize your stay","item":"https:\/\/visitviskovo.hr\/en\/what-to-do\/ideje-za-boravak\/"},{"@type":"ListItem","position":4,"name":"On the trail of the Halubajski zvon\u010dari bell ringers"}]},{"@type":"WebSite","@id":"https:\/\/visitviskovo.hr\/it\/#website","url":"https:\/\/visitviskovo.hr\/it\/","name":"Turisti\u010dka zajednica op\u0107ine Vi\u0161kovo","description":"","potentialAction":[{"@type":"SearchAction","target":{"@type":"EntryPoint","urlTemplate":"https:\/\/visitviskovo.hr\/it\/?s={search_term_string}"},"query-input":"required name=search_term_string"}],"inLanguage":"en-US"}]}},"_links":{"self":[{"href":"https:\/\/visitviskovo.hr\/en\/wp-json\/wp\/v2\/pages\/13872"}],"collection":[{"href":"https:\/\/visitviskovo.hr\/en\/wp-json\/wp\/v2\/pages"}],"about":[{"href":"https:\/\/visitviskovo.hr\/en\/wp-json\/wp\/v2\/types\/page"}],"author":[{"embeddable":true,"href":"https:\/\/visitviskovo.hr\/en\/wp-json\/wp\/v2\/users\/4"}],"replies":[{"embeddable":true,"href":"https:\/\/visitviskovo.hr\/en\/wp-json\/wp\/v2\/comments?post=13872"}],"version-history":[{"count":1,"href":"https:\/\/visitviskovo.hr\/en\/wp-json\/wp\/v2\/pages\/13872\/revisions"}],"predecessor-version":[{"id":13873,"href":"https:\/\/visitviskovo.hr\/en\/wp-json\/wp\/v2\/pages\/13872\/revisions\/13873"}],"up":[{"embeddable":true,"href":"https:\/\/visitviskovo.hr\/en\/wp-json\/wp\/v2\/pages\/8140"}],"wp:featuredmedia":[{"embeddable":true,"href":"https:\/\/visitviskovo.hr\/en\/wp-json\/wp\/v2\/media\/13729"}],"wp:attachment":[{"href":"https:\/\/visitviskovo.hr\/en\/wp-json\/wp\/v2\/media?parent=13872"}],"curies":[{"name":"wp","href":"https:\/\/api.w.org\/{rel}","templated":true}]}}