{"id":13894,"date":"2020-05-15T08:41:35","date_gmt":"2020-05-15T08:41:35","guid":{"rendered":"https:\/\/visitviskovo.hr\/?page_id=13894"},"modified":"2020-05-15T08:41:37","modified_gmt":"2020-05-15T08:41:37","slug":"kapitovac-pond-kalic","status":"publish","type":"page","link":"https:\/\/visitviskovo.hr\/en\/what-to-do\/kapitovac-pond-kalic\/","title":{"rendered":"Kapitovac pond &#8211; kali\u0107"},"content":{"rendered":"\n<p><em>Kali\u0107 <\/em>is the name for a pond created in a depression in the ground whose bottom is covered with an impermeable layer of loam. <em>Kali\u0107i<\/em> were created in natural karst depressions but were additionally shaped by human hands.   The bottom of a <em>kali\u0107<\/em> became water impermeable as a result of the joint actions of nature, people and livestock.  People would compact the loam, while livestock would compress the bottom with their hooves while drinking water. A <em>kali\u0107<\/em> needed maintenance in order for the water to remain clean. People would fence it off with stones, make an access path, and place a stone called a <em>brentenjak<\/em> on which they would put a <em>brenta<\/em> \u2013 a container for carrying water. Their significance is reflected in the local belief that they were places where <a href=\"https:\/\/visitviskovo.hr\/en\/viskovo\/legends\/\">fairies<\/a> would gather and bathe at night.<\/p>\n\n\n\n<p>There are many <em>kali\u0107<\/em> ponds in the area of the Municipality of Vi\u0161kovo. Every village had at least one of them (some even two). Some were so large that children learned to swim in them. The most famous one is Kapitovac kali\u0107, located in the deepest sinkhole in Vi\u0161kovo.  <\/p>\n\n\n\n<h2 class=\"wp-block-heading\">Kali\u0107 Kapitovac<\/h2>\n\n\n\n<p>One of the deepest and largest depressions in Halubje  is located south of the village of Kapiti. The depression was named Kapitov Dol, and the <em>kali\u0107<\/em> in it is called Kapitovac.  <\/p>\n\n\n\n<p>Kapitovac pond has an elliptical shape and an area of approximately 300 m\u00b2.  Thanks to its location and size, it was an inexhaustible source of water, which is why during the heat of summer people from distant villages would come here. They carried the water from the <em>kali\u0107<\/em> on their backs in a wooden container called <em>brenta<\/em>. Apart from water, they would bring home stories and information about what had happened in the neighbouring village. This was a gathering place, a source that not only provided water for the thirsty body but also the venue for the social life of the local people.<\/p>\n\n\n\n<p>The access path leads through small plots of land surrounded by dry stone walls to a deep sinkhole. The steep trail goes down the thirty-metre-deep sinkhole to a walled pond overgrown with deciduous trees at the bottom.   We recommend hikers and cyclists take a break during their tours and visit this rest area to enjoy its wonderful unspoilt nature and peace and quiet. <\/p>\n","protected":false},"excerpt":{"rendered":"<p>Kali\u0107 is the name for a pond created in a depression in the ground whose bottom is covered with an impermeable layer of loam. Kali\u0107i were created in natural karst depressions but were additionally shaped by human hands. The bottom of a kali\u0107 became water impermeable as a result of the joint actions of nature, [&hellip;]<\/p>\n","protected":false},"author":4,"featured_media":13668,"parent":3922,"menu_order":0,"comment_status":"closed","ping_status":"closed","template":"","meta":{"_acf_changed":false,"footnotes":""},"acf":[],"yoast_head":"<!-- This site is optimized with the Yoast SEO plugin v22.7 - https:\/\/yoast.com\/wordpress\/plugins\/seo\/ -->\n<title>Kapitovac pond - kali\u0107 - Turisti\u010dka zajednica op\u0107ine Vi\u0161kovo<\/title>\n<meta name=\"robots\" content=\"index, follow, max-snippet:-1, max-image-preview:large, max-video-preview:-1\" \/>\n<link rel=\"canonical\" href=\"https:\/\/visitviskovo.hr\/en\/what-to-do\/kapitovac-pond-kalic\/\" \/>\n<meta property=\"og:locale\" content=\"en_US\" \/>\n<meta property=\"og:type\" content=\"article\" \/>\n<meta property=\"og:title\" content=\"Kapitovac pond - kali\u0107 - Turisti\u010dka zajednica op\u0107ine Vi\u0161kovo\" \/>\n<meta property=\"og:description\" content=\"Kali\u0107 is the name for a pond created in a depression in the ground whose bottom is covered with an impermeable layer of loam. Kali\u0107i were created in natural karst depressions but were additionally shaped by human hands. The bottom of a kali\u0107 became water impermeable as a result of the joint actions of nature, [&hellip;]\" \/>\n<meta property=\"og:url\" content=\"https:\/\/visitviskovo.hr\/en\/what-to-do\/kapitovac-pond-kalic\/\" \/>\n<meta property=\"og:site_name\" content=\"Turisti\u010dka zajednica op\u0107ine Vi\u0161kovo\" \/>\n<meta property=\"article:publisher\" content=\"https:\/\/web.facebook.com\/VisitViskovo\" \/>\n<meta property=\"article:modified_time\" content=\"2020-05-15T08:41:37+00:00\" \/>\n<meta property=\"og:image\" content=\"https:\/\/visitviskovo.hr\/wp-content\/uploads\/2020\/05\/KAPITOVAC11-Medium.jpg\" \/>\n\t<meta property=\"og:image:width\" content=\"1136\" \/>\n\t<meta property=\"og:image:height\" content=\"768\" \/>\n\t<meta property=\"og:image:type\" content=\"image\/jpeg\" \/>\n<meta name=\"twitter:card\" content=\"summary_large_image\" \/>\n<meta name=\"twitter:label1\" content=\"Est. reading time\" \/>\n\t<meta name=\"twitter:data1\" content=\"2 minutes\" \/>\n<script type=\"application\/ld+json\" class=\"yoast-schema-graph\">{\"@context\":\"https:\/\/schema.org\",\"@graph\":[{\"@type\":\"WebPage\",\"@id\":\"https:\/\/visitviskovo.hr\/en\/what-to-do\/kapitovac-pond-kalic\/\",\"url\":\"https:\/\/visitviskovo.hr\/en\/what-to-do\/kapitovac-pond-kalic\/\",\"name\":\"Kapitovac pond - kali\u0107 - Turisti\u010dka zajednica op\u0107ine Vi\u0161kovo\",\"isPartOf\":{\"@id\":\"https:\/\/visitviskovo.hr\/it\/#website\"},\"primaryImageOfPage\":{\"@id\":\"https:\/\/visitviskovo.hr\/en\/what-to-do\/kapitovac-pond-kalic\/#primaryimage\"},\"image\":{\"@id\":\"https:\/\/visitviskovo.hr\/en\/what-to-do\/kapitovac-pond-kalic\/#primaryimage\"},\"thumbnailUrl\":\"https:\/\/visitviskovo.hr\/wp-content\/uploads\/2020\/05\/KAPITOVAC11-Medium.jpg\",\"datePublished\":\"2020-05-15T08:41:35+00:00\",\"dateModified\":\"2020-05-15T08:41:37+00:00\",\"breadcrumb\":{\"@id\":\"https:\/\/visitviskovo.hr\/en\/what-to-do\/kapitovac-pond-kalic\/#breadcrumb\"},\"inLanguage\":\"en-US\",\"potentialAction\":[{\"@type\":\"ReadAction\",\"target\":[\"https:\/\/visitviskovo.hr\/en\/what-to-do\/kapitovac-pond-kalic\/\"]}]},{\"@type\":\"ImageObject\",\"inLanguage\":\"en-US\",\"@id\":\"https:\/\/visitviskovo.hr\/en\/what-to-do\/kapitovac-pond-kalic\/#primaryimage\",\"url\":\"https:\/\/visitviskovo.hr\/wp-content\/uploads\/2020\/05\/KAPITOVAC11-Medium.jpg\",\"contentUrl\":\"https:\/\/visitviskovo.hr\/wp-content\/uploads\/2020\/05\/KAPITOVAC11-Medium.jpg\",\"width\":1136,\"height\":768},{\"@type\":\"BreadcrumbList\",\"@id\":\"https:\/\/visitviskovo.hr\/en\/what-to-do\/kapitovac-pond-kalic\/#breadcrumb\",\"itemListElement\":[{\"@type\":\"ListItem\",\"position\":1,\"name\":\"Home\",\"item\":\"https:\/\/visitviskovo.hr\/en\/\"},{\"@type\":\"ListItem\",\"position\":2,\"name\":\"What to do\",\"item\":\"https:\/\/visitviskovo.hr\/en\/what-to-do\/\"},{\"@type\":\"ListItem\",\"position\":3,\"name\":\"Kapitovac pond &#8211; kali\u0107\"}]},{\"@type\":\"WebSite\",\"@id\":\"https:\/\/visitviskovo.hr\/it\/#website\",\"url\":\"https:\/\/visitviskovo.hr\/it\/\",\"name\":\"Turisti\u010dka zajednica op\u0107ine Vi\u0161kovo\",\"description\":\"\",\"potentialAction\":[{\"@type\":\"SearchAction\",\"target\":{\"@type\":\"EntryPoint\",\"urlTemplate\":\"https:\/\/visitviskovo.hr\/it\/?s={search_term_string}\"},\"query-input\":\"required name=search_term_string\"}],\"inLanguage\":\"en-US\"}]}<\/script>\n<!-- \/ Yoast SEO plugin. -->","yoast_head_json":{"title":"Kapitovac pond - kali\u0107 - Turisti\u010dka zajednica op\u0107ine Vi\u0161kovo","robots":{"index":"index","follow":"follow","max-snippet":"max-snippet:-1","max-image-preview":"max-image-preview:large","max-video-preview":"max-video-preview:-1"},"canonical":"https:\/\/visitviskovo.hr\/en\/what-to-do\/kapitovac-pond-kalic\/","og_locale":"en_US","og_type":"article","og_title":"Kapitovac pond - kali\u0107 - Turisti\u010dka zajednica op\u0107ine Vi\u0161kovo","og_description":"Kali\u0107 is the name for a pond created in a depression in the ground whose bottom is covered with an impermeable layer of loam. Kali\u0107i were created in natural karst depressions but were additionally shaped by human hands. The bottom of a kali\u0107 became water impermeable as a result of the joint actions of nature, [&hellip;]","og_url":"https:\/\/visitviskovo.hr\/en\/what-to-do\/kapitovac-pond-kalic\/","og_site_name":"Turisti\u010dka zajednica op\u0107ine Vi\u0161kovo","article_publisher":"https:\/\/web.facebook.com\/VisitViskovo","article_modified_time":"2020-05-15T08:41:37+00:00","og_image":[{"width":1136,"height":768,"url":"https:\/\/visitviskovo.hr\/wp-content\/uploads\/2020\/05\/KAPITOVAC11-Medium.jpg","type":"image\/jpeg"}],"twitter_card":"summary_large_image","twitter_misc":{"Est. reading time":"2 minutes"},"schema":{"@context":"https:\/\/schema.org","@graph":[{"@type":"WebPage","@id":"https:\/\/visitviskovo.hr\/en\/what-to-do\/kapitovac-pond-kalic\/","url":"https:\/\/visitviskovo.hr\/en\/what-to-do\/kapitovac-pond-kalic\/","name":"Kapitovac pond - kali\u0107 - Turisti\u010dka zajednica op\u0107ine Vi\u0161kovo","isPartOf":{"@id":"https:\/\/visitviskovo.hr\/it\/#website"},"primaryImageOfPage":{"@id":"https:\/\/visitviskovo.hr\/en\/what-to-do\/kapitovac-pond-kalic\/#primaryimage"},"image":{"@id":"https:\/\/visitviskovo.hr\/en\/what-to-do\/kapitovac-pond-kalic\/#primaryimage"},"thumbnailUrl":"https:\/\/visitviskovo.hr\/wp-content\/uploads\/2020\/05\/KAPITOVAC11-Medium.jpg","datePublished":"2020-05-15T08:41:35+00:00","dateModified":"2020-05-15T08:41:37+00:00","breadcrumb":{"@id":"https:\/\/visitviskovo.hr\/en\/what-to-do\/kapitovac-pond-kalic\/#breadcrumb"},"inLanguage":"en-US","potentialAction":[{"@type":"ReadAction","target":["https:\/\/visitviskovo.hr\/en\/what-to-do\/kapitovac-pond-kalic\/"]}]},{"@type":"ImageObject","inLanguage":"en-US","@id":"https:\/\/visitviskovo.hr\/en\/what-to-do\/kapitovac-pond-kalic\/#primaryimage","url":"https:\/\/visitviskovo.hr\/wp-content\/uploads\/2020\/05\/KAPITOVAC11-Medium.jpg","contentUrl":"https:\/\/visitviskovo.hr\/wp-content\/uploads\/2020\/05\/KAPITOVAC11-Medium.jpg","width":1136,"height":768},{"@type":"BreadcrumbList","@id":"https:\/\/visitviskovo.hr\/en\/what-to-do\/kapitovac-pond-kalic\/#breadcrumb","itemListElement":[{"@type":"ListItem","position":1,"name":"Home","item":"https:\/\/visitviskovo.hr\/en\/"},{"@type":"ListItem","position":2,"name":"What to do","item":"https:\/\/visitviskovo.hr\/en\/what-to-do\/"},{"@type":"ListItem","position":3,"name":"Kapitovac pond &#8211; kali\u0107"}]},{"@type":"WebSite","@id":"https:\/\/visitviskovo.hr\/it\/#website","url":"https:\/\/visitviskovo.hr\/it\/","name":"Turisti\u010dka zajednica op\u0107ine Vi\u0161kovo","description":"","potentialAction":[{"@type":"SearchAction","target":{"@type":"EntryPoint","urlTemplate":"https:\/\/visitviskovo.hr\/it\/?s={search_term_string}"},"query-input":"required name=search_term_string"}],"inLanguage":"en-US"}]}},"_links":{"self":[{"href":"https:\/\/visitviskovo.hr\/en\/wp-json\/wp\/v2\/pages\/13894"}],"collection":[{"href":"https:\/\/visitviskovo.hr\/en\/wp-json\/wp\/v2\/pages"}],"about":[{"href":"https:\/\/visitviskovo.hr\/en\/wp-json\/wp\/v2\/types\/page"}],"author":[{"embeddable":true,"href":"https:\/\/visitviskovo.hr\/en\/wp-json\/wp\/v2\/users\/4"}],"replies":[{"embeddable":true,"href":"https:\/\/visitviskovo.hr\/en\/wp-json\/wp\/v2\/comments?post=13894"}],"version-history":[{"count":1,"href":"https:\/\/visitviskovo.hr\/en\/wp-json\/wp\/v2\/pages\/13894\/revisions"}],"predecessor-version":[{"id":13895,"href":"https:\/\/visitviskovo.hr\/en\/wp-json\/wp\/v2\/pages\/13894\/revisions\/13895"}],"up":[{"embeddable":true,"href":"https:\/\/visitviskovo.hr\/en\/wp-json\/wp\/v2\/pages\/3922"}],"wp:featuredmedia":[{"embeddable":true,"href":"https:\/\/visitviskovo.hr\/en\/wp-json\/wp\/v2\/media\/13668"}],"wp:attachment":[{"href":"https:\/\/visitviskovo.hr\/en\/wp-json\/wp\/v2\/media?parent=13894"}],"curies":[{"name":"wp","href":"https:\/\/api.w.org\/{rel}","templated":true}]}}