{"id":14089,"date":"2020-05-27T11:02:31","date_gmt":"2020-05-27T11:02:31","guid":{"rendered":"https:\/\/visitviskovo.hr\/?page_id=14089"},"modified":"2025-11-13T13:31:35","modified_gmt":"2025-11-13T13:31:35","slug":"viskovo-echoes-of-tradition","status":"publish","type":"page","link":"https:\/\/visitviskovo.hr\/en\/viskovo\/viskovo-echoes-of-tradition\/","title":{"rendered":"Vi\u0161kovo &#8211; echoes of tradition"},"content":{"rendered":"\n<p>If you&#8217;re travelling through Croatia in search of great cultural experiences, then you should definitely visit Vi\u0161kovo. Here you will be welcomed by a wide range of cultural attractions from the <a href=\"https:\/\/visitviskovo.hr\/viskovo\/unesco\/\"><\/a><a href=\"https:\/\/visitviskovo.hr\/en\/viskovo\/unesco\/\">UNESCO Representative List of Intangible Cultural Heritage<\/a>. Our gentle landscape invites active holidaymakers to go bike riding, and our walkways and hiking paths provide a perfect opportunity to escape the hectic pace of everyday life. The area\u2019s restaurants, <em>konoba<\/em>-style taverns and pastry shops offer great <a href=\"https:\/\/visitviskovo.hr\/en\/gastro\/\">culinary experiences<\/a>, and <a href=\"https:\/\/visitviskovo.hr\/en\/accommodation\/\">local accommodation<\/a> guarantees peace and pleasant dreams far from the summer crowds, with the vibrant city of Rijeka, the charming coastal resort of Opatija, the sea and beaches still close at hand.<\/p>\n\n\n\n<p>The Municipality of Vi\u0161kovo covers an area of 20 km<sup>2<\/sup>. It is located in a hilly area 10 kilometres northwest of Rijeka and at the same distance from Opatija, and only 20 km from the state border between Croatia and Slovenia. This is one of the local administrative units of Primorje-Gorski Kotar County that was part of the former Municipality of Rijeka before the Republic Croatia became independent. The Municipality of Vi\u0161kovo was formed on 15 April 1993 by joining the two local communities of Vi\u0161kovo and Marini\u0107i. This date is today celebrated as Municipality of Vi\u0161kovo Day.<\/p>\n\n\n\n<p>At the time when it was established, the Municipality of Vi\u0161kovo had 6,918 inhabitants. The number had risen to 14,445 by 2011 and to 16.084 by 2021. The Municipality of Vi\u0161kovo is the second most populated local administrative unit in Primorje-Gorski Kotar County after the City of Rijeka.<\/p>\n\n\n\n<p>Good transport connections with Rijeka, the proximity of Opatija and the state border crossing with Slovenia, a beautiful landscape, and the advantages of living in a small community make Vi\u0161kovo an attractive place to live where the benefits of modern life merge with traditional values.<\/p>\n\n\n\n<p>The Municipality of Vi\u0161kovo consists of several settlements whose borders generally correspond to former districts: Marini\u0107i (the most populated and fourth in size), Vi\u0161kovo, Mar\u010delji, Sar\u0161oni, Mladeni\u0107i, Sroki and Kosi.<\/p>\n\n\n\n<p class=\"has-text-align-left\">The administrative centre of the municipality is <strong>Vi\u0161kovo<\/strong>. All the important amenities can be found on the main street: the community hall, post office, elementary school, kindergartens, library, healthcare centres, pharmacies, banks, church, tourist office, gas stations and a number of grocery stores and small businesses.<\/p>\n\n\n\n<p><strong>Marini\u0107i <\/strong>is located in the southern part of the Municipality of Vi\u0161kovo and borders the \u0160kurinje, Pehlin and Zamet districts of the city of Rijeka. In the past, this area was known as Smokvarija because of its favourable conditions for growing fruit, especially figs (<em>smokva<\/em> in Croatian). Today, Marini\u0107i is home to many companies and manufacturers.<\/p>\n\n\n\n<p><strong>Mar\u010delji <\/strong>is located alongside the main road in the northernmost part of the municipality at an altitude of 400 m. It includes the villages of Mavri, Gari\u0107i, Kli\u0107i, Bena\u0161i, Zorzi\u0107i, Globi\u0107i and Ronjgi. This area is home to the <em>Halubajski zvon\u010dari <\/em>bell ringers, whose carnival pageant is now part of the <a href=\"https:\/\/visitviskovo.hr\/en\/viskovo\/unesco\/\">UNESCO list of intangible cultural heritage<\/a>, as is two-part singing, which was first notated by Ivan Mateti\u0107 of the village of Ronjgi.<\/p>\n\n\n\n<p><strong>Sar\u0161oni<\/strong> is the least populated area in the Municipality of Vi\u0161kovo, located in its north-eastern part at the crossroads between the neighbouring area of Grobnik, the city of Rijeka, the Croatian-Slovenian border and the centre of Vi\u0161kovo. Various educational and cycling trails can easily be reached from the villages of Lu\u010di\u0107i, Skva\u017ei\u0107i and Ben\u010dani. <strong>Mladeni\u0107i <\/strong>is located on the main road which connects Sar\u0161oni and Vi\u0161kovo. The forest paths in the hinterland are particularly worth exploring.<\/p>\n\n\n\n<p>Located in the western part of the municipality between Vi\u0161kovo and Mar\u010delji, <strong>Sroki<\/strong> includes the villages of Gornji and Donji Sroki, Valjani, Kudeji, Ferenci, Pe\u0161\u0107i\u0107i and Dovi\u010di\u0107i. <strong>Kosi<\/strong> stretches alongside an old road which connects Vi\u0161kovo with the neighbouring town of Kastav, which was once the administrative centre of the area to which the present-day Municipality of Vi\u0161kovo belonged until the mid-20<sup>th<\/sup> century.<\/p>\n","protected":false},"excerpt":{"rendered":"<p>If you&#8217;re travelling through Croatia in search of great cultural experiences, then you should definitely visit Vi\u0161kovo. Here you will be welcomed by a wide range of cultural attractions from the UNESCO Representative List of Intangible Cultural Heritage. Our gentle landscape invites active holidaymakers to go bike riding, and our walkways and hiking paths provide [&hellip;]<\/p>\n","protected":false},"author":4,"featured_media":13805,"parent":1650,"menu_order":0,"comment_status":"closed","ping_status":"closed","template":"","meta":{"_acf_changed":false,"footnotes":""},"acf":[],"yoast_head":"<!-- This site is optimized with the Yoast SEO plugin v22.7 - https:\/\/yoast.com\/wordpress\/plugins\/seo\/ -->\n<title>Vi\u0161kovo - echoes of tradition - Turisti\u010dka zajednica op\u0107ine Vi\u0161kovo<\/title>\n<meta name=\"description\" content=\"If you&#039;re traveling in search of vibrant culture, visit Vi\u0161kovo and experience echoes of tradition intertwined with modern pleasures.\" \/>\n<meta name=\"robots\" content=\"index, follow, max-snippet:-1, max-image-preview:large, max-video-preview:-1\" \/>\n<link rel=\"canonical\" href=\"https:\/\/visitviskovo.hr\/en\/viskovo\/viskovo-echoes-of-tradition\/\" \/>\n<meta property=\"og:locale\" content=\"en_US\" \/>\n<meta property=\"og:type\" content=\"article\" \/>\n<meta property=\"og:title\" content=\"Vi\u0161kovo - echoes of tradition - Turisti\u010dka zajednica op\u0107ine Vi\u0161kovo\" \/>\n<meta property=\"og:description\" content=\"If you&#039;re traveling in search of vibrant culture, visit Vi\u0161kovo and experience echoes of tradition intertwined with modern pleasures.\" \/>\n<meta property=\"og:url\" content=\"https:\/\/visitviskovo.hr\/en\/viskovo\/viskovo-echoes-of-tradition\/\" \/>\n<meta property=\"og:site_name\" content=\"Turisti\u010dka zajednica op\u0107ine Vi\u0161kovo\" \/>\n<meta property=\"article:publisher\" content=\"https:\/\/web.facebook.com\/VisitViskovo\" \/>\n<meta property=\"article:modified_time\" content=\"2025-11-13T13:31:35+00:00\" \/>\n<meta property=\"og:image\" content=\"https:\/\/visitviskovo.hr\/wp-content\/uploads\/2020\/05\/TZ-Viskovo_11072019_056-Medium.jpg\" \/>\n\t<meta property=\"og:image:width\" content=\"1153\" \/>\n\t<meta property=\"og:image:height\" content=\"768\" \/>\n\t<meta property=\"og:image:type\" content=\"image\/jpeg\" \/>\n<meta name=\"twitter:card\" content=\"summary_large_image\" \/>\n<meta name=\"twitter:label1\" content=\"Est. reading time\" \/>\n\t<meta name=\"twitter:data1\" content=\"4 minutes\" \/>\n<script type=\"application\/ld+json\" class=\"yoast-schema-graph\">{\"@context\":\"https:\/\/schema.org\",\"@graph\":[{\"@type\":\"WebPage\",\"@id\":\"https:\/\/visitviskovo.hr\/en\/viskovo\/viskovo-echoes-of-tradition\/\",\"url\":\"https:\/\/visitviskovo.hr\/en\/viskovo\/viskovo-echoes-of-tradition\/\",\"name\":\"Vi\u0161kovo - echoes of tradition - Turisti\u010dka zajednica op\u0107ine Vi\u0161kovo\",\"isPartOf\":{\"@id\":\"https:\/\/visitviskovo.hr\/it\/#website\"},\"primaryImageOfPage\":{\"@id\":\"https:\/\/visitviskovo.hr\/en\/viskovo\/viskovo-echoes-of-tradition\/#primaryimage\"},\"image\":{\"@id\":\"https:\/\/visitviskovo.hr\/en\/viskovo\/viskovo-echoes-of-tradition\/#primaryimage\"},\"thumbnailUrl\":\"https:\/\/visitviskovo.hr\/wp-content\/uploads\/2020\/05\/TZ-Viskovo_11072019_056-Medium.jpg\",\"datePublished\":\"2020-05-27T11:02:31+00:00\",\"dateModified\":\"2025-11-13T13:31:35+00:00\",\"description\":\"If you're traveling in search of vibrant culture, visit Vi\u0161kovo and experience echoes of tradition intertwined with modern pleasures.\",\"breadcrumb\":{\"@id\":\"https:\/\/visitviskovo.hr\/en\/viskovo\/viskovo-echoes-of-tradition\/#breadcrumb\"},\"inLanguage\":\"en-US\",\"potentialAction\":[{\"@type\":\"ReadAction\",\"target\":[\"https:\/\/visitviskovo.hr\/en\/viskovo\/viskovo-echoes-of-tradition\/\"]}]},{\"@type\":\"ImageObject\",\"inLanguage\":\"en-US\",\"@id\":\"https:\/\/visitviskovo.hr\/en\/viskovo\/viskovo-echoes-of-tradition\/#primaryimage\",\"url\":\"https:\/\/visitviskovo.hr\/wp-content\/uploads\/2020\/05\/TZ-Viskovo_11072019_056-Medium.jpg\",\"contentUrl\":\"https:\/\/visitviskovo.hr\/wp-content\/uploads\/2020\/05\/TZ-Viskovo_11072019_056-Medium.jpg\",\"width\":1153,\"height\":768},{\"@type\":\"BreadcrumbList\",\"@id\":\"https:\/\/visitviskovo.hr\/en\/viskovo\/viskovo-echoes-of-tradition\/#breadcrumb\",\"itemListElement\":[{\"@type\":\"ListItem\",\"position\":1,\"name\":\"Home\",\"item\":\"https:\/\/visitviskovo.hr\/en\/\"},{\"@type\":\"ListItem\",\"position\":2,\"name\":\"Vi\u0161kovo\",\"item\":\"https:\/\/visitviskovo.hr\/en\/viskovo\/\"},{\"@type\":\"ListItem\",\"position\":3,\"name\":\"Vi\u0161kovo &#8211; echoes of tradition\"}]},{\"@type\":\"WebSite\",\"@id\":\"https:\/\/visitviskovo.hr\/it\/#website\",\"url\":\"https:\/\/visitviskovo.hr\/it\/\",\"name\":\"Turisti\u010dka zajednica op\u0107ine Vi\u0161kovo\",\"description\":\"\",\"potentialAction\":[{\"@type\":\"SearchAction\",\"target\":{\"@type\":\"EntryPoint\",\"urlTemplate\":\"https:\/\/visitviskovo.hr\/it\/?s={search_term_string}\"},\"query-input\":\"required name=search_term_string\"}],\"inLanguage\":\"en-US\"}]}<\/script>\n<!-- \/ Yoast SEO plugin. -->","yoast_head_json":{"title":"Vi\u0161kovo - echoes of tradition - Turisti\u010dka zajednica op\u0107ine Vi\u0161kovo","description":"If you're traveling in search of vibrant culture, visit Vi\u0161kovo and experience echoes of tradition intertwined with modern pleasures.","robots":{"index":"index","follow":"follow","max-snippet":"max-snippet:-1","max-image-preview":"max-image-preview:large","max-video-preview":"max-video-preview:-1"},"canonical":"https:\/\/visitviskovo.hr\/en\/viskovo\/viskovo-echoes-of-tradition\/","og_locale":"en_US","og_type":"article","og_title":"Vi\u0161kovo - echoes of tradition - Turisti\u010dka zajednica op\u0107ine Vi\u0161kovo","og_description":"If you're traveling in search of vibrant culture, visit Vi\u0161kovo and experience echoes of tradition intertwined with modern pleasures.","og_url":"https:\/\/visitviskovo.hr\/en\/viskovo\/viskovo-echoes-of-tradition\/","og_site_name":"Turisti\u010dka zajednica op\u0107ine Vi\u0161kovo","article_publisher":"https:\/\/web.facebook.com\/VisitViskovo","article_modified_time":"2025-11-13T13:31:35+00:00","og_image":[{"width":1153,"height":768,"url":"https:\/\/visitviskovo.hr\/wp-content\/uploads\/2020\/05\/TZ-Viskovo_11072019_056-Medium.jpg","type":"image\/jpeg"}],"twitter_card":"summary_large_image","twitter_misc":{"Est. reading time":"4 minutes"},"schema":{"@context":"https:\/\/schema.org","@graph":[{"@type":"WebPage","@id":"https:\/\/visitviskovo.hr\/en\/viskovo\/viskovo-echoes-of-tradition\/","url":"https:\/\/visitviskovo.hr\/en\/viskovo\/viskovo-echoes-of-tradition\/","name":"Vi\u0161kovo - echoes of tradition - Turisti\u010dka zajednica op\u0107ine Vi\u0161kovo","isPartOf":{"@id":"https:\/\/visitviskovo.hr\/it\/#website"},"primaryImageOfPage":{"@id":"https:\/\/visitviskovo.hr\/en\/viskovo\/viskovo-echoes-of-tradition\/#primaryimage"},"image":{"@id":"https:\/\/visitviskovo.hr\/en\/viskovo\/viskovo-echoes-of-tradition\/#primaryimage"},"thumbnailUrl":"https:\/\/visitviskovo.hr\/wp-content\/uploads\/2020\/05\/TZ-Viskovo_11072019_056-Medium.jpg","datePublished":"2020-05-27T11:02:31+00:00","dateModified":"2025-11-13T13:31:35+00:00","description":"If you're traveling in search of vibrant culture, visit Vi\u0161kovo and experience echoes of tradition intertwined with modern pleasures.","breadcrumb":{"@id":"https:\/\/visitviskovo.hr\/en\/viskovo\/viskovo-echoes-of-tradition\/#breadcrumb"},"inLanguage":"en-US","potentialAction":[{"@type":"ReadAction","target":["https:\/\/visitviskovo.hr\/en\/viskovo\/viskovo-echoes-of-tradition\/"]}]},{"@type":"ImageObject","inLanguage":"en-US","@id":"https:\/\/visitviskovo.hr\/en\/viskovo\/viskovo-echoes-of-tradition\/#primaryimage","url":"https:\/\/visitviskovo.hr\/wp-content\/uploads\/2020\/05\/TZ-Viskovo_11072019_056-Medium.jpg","contentUrl":"https:\/\/visitviskovo.hr\/wp-content\/uploads\/2020\/05\/TZ-Viskovo_11072019_056-Medium.jpg","width":1153,"height":768},{"@type":"BreadcrumbList","@id":"https:\/\/visitviskovo.hr\/en\/viskovo\/viskovo-echoes-of-tradition\/#breadcrumb","itemListElement":[{"@type":"ListItem","position":1,"name":"Home","item":"https:\/\/visitviskovo.hr\/en\/"},{"@type":"ListItem","position":2,"name":"Vi\u0161kovo","item":"https:\/\/visitviskovo.hr\/en\/viskovo\/"},{"@type":"ListItem","position":3,"name":"Vi\u0161kovo &#8211; echoes of tradition"}]},{"@type":"WebSite","@id":"https:\/\/visitviskovo.hr\/it\/#website","url":"https:\/\/visitviskovo.hr\/it\/","name":"Turisti\u010dka zajednica op\u0107ine Vi\u0161kovo","description":"","potentialAction":[{"@type":"SearchAction","target":{"@type":"EntryPoint","urlTemplate":"https:\/\/visitviskovo.hr\/it\/?s={search_term_string}"},"query-input":"required name=search_term_string"}],"inLanguage":"en-US"}]}},"_links":{"self":[{"href":"https:\/\/visitviskovo.hr\/en\/wp-json\/wp\/v2\/pages\/14089"}],"collection":[{"href":"https:\/\/visitviskovo.hr\/en\/wp-json\/wp\/v2\/pages"}],"about":[{"href":"https:\/\/visitviskovo.hr\/en\/wp-json\/wp\/v2\/types\/page"}],"author":[{"embeddable":true,"href":"https:\/\/visitviskovo.hr\/en\/wp-json\/wp\/v2\/users\/4"}],"replies":[{"embeddable":true,"href":"https:\/\/visitviskovo.hr\/en\/wp-json\/wp\/v2\/comments?post=14089"}],"version-history":[{"count":5,"href":"https:\/\/visitviskovo.hr\/en\/wp-json\/wp\/v2\/pages\/14089\/revisions"}],"predecessor-version":[{"id":22929,"href":"https:\/\/visitviskovo.hr\/en\/wp-json\/wp\/v2\/pages\/14089\/revisions\/22929"}],"up":[{"embeddable":true,"href":"https:\/\/visitviskovo.hr\/en\/wp-json\/wp\/v2\/pages\/1650"}],"wp:featuredmedia":[{"embeddable":true,"href":"https:\/\/visitviskovo.hr\/en\/wp-json\/wp\/v2\/media\/13805"}],"wp:attachment":[{"href":"https:\/\/visitviskovo.hr\/en\/wp-json\/wp\/v2\/media?parent=14089"}],"curies":[{"name":"wp","href":"https:\/\/api.w.org\/{rel}","templated":true}]}}