{"id":14203,"date":"2020-06-02T13:25:05","date_gmt":"2020-06-02T13:25:05","guid":{"rendered":"https:\/\/visitviskovo.hr\/?page_id=14203"},"modified":"2020-06-02T13:25:06","modified_gmt":"2020-06-02T13:25:06","slug":"architecture","status":"publish","type":"page","link":"https:\/\/visitviskovo.hr\/en\/viskovo\/kulturna-bastina\/architecture\/","title":{"rendered":"Architecture"},"content":{"rendered":"\n<p>Houses in the villages in the Liburnian\nhinterland usually consist of a cellar, a kitchen with a <em>tornica<\/em> (a semi-circular extension with a fireplace), one or two\nrooms (<em>kamera<\/em>), and an attic (<em>\u0161ufit<\/em>). The yard is most commonly\ncovered in stone tiles and usually features a well for rainwater (<em>\u0161terna<\/em>), a smaller stall for sheep (<em>dvor<\/em>), and a small shed for storing dry\nbranches and leaves (<em>vejnjak<\/em>). In\nfront of the entrance, there was usually a pergola. <\/p>\n\n\n\n<p>Because of the terrain, houses were mostly built as single-story buildings with an attic. The entrance to the residential part of the house was on one side of the building, and the stall and cellar were entered from the opposite (lower) side. The attic was used for storing hay, which also improved insulation. The houses were built of stone and had wooden beams on the floor and ceiling. Another type of house had both entrances on the same side. The residential part on the first floor was reached by a stairway that had a covered terrace (<em>skod<\/em>) on top. Beneath it, there was an arch (<em>volta<\/em>) which provided an entrance to the cellar. <\/p>\n\n\n\n<p>There are several houses in the Vi\u0161kovo area that have been included in the Register of Protected Cultural Assets because of their architectural or historical value.  <\/p>\n\n\n\n<h2 class=\"wp-block-heading\">Brnasi Rural Area<\/h2>\n\n\n\n<p>In the village of Brnasi, not far from the centre of Vi\u0161kovo, there are several buildings with typical architectural features of the Kastav area. The village can be found on the left, just after passing Halubjan football ground when heading from Vi\u0161kovo in the direction of Kastav. The houses are privately owned but abandoned. <\/p>\n\n\n\n<h2 class=\"wp-block-heading\">Kosi &#8211; Printing Press<\/h2>\n\n\n\n<p>During World War Two, there was a secret printing press in the Su\u0161anj family house in the centre of Kosi. Propaganda materials were printed here. The house is today owned by the descendants of the Su\u0161anj family. <\/p>\n\n\n\n<h2 class=\"wp-block-heading\">Bena\u0161i &#8211; Printing Press<\/h2>\n\n\n\n<p>The Lu\u010di\u0107 family house in the village of Bena\u0161i served as a shelter during World War Two. Later, it also housed a printing press where the <em>Glas Istre<\/em> and <em>Il nostro giornale<\/em> newspapers were first printed. Even though it has been included in the Register of Cultural Assets, the house was completely renovated by its new owners. Its glorious past is attested to by the memorial plaques at the back. <\/p>\n\n\n\n<h2 class=\"wp-block-heading\">Srok House<\/h2>\n\n\n\n<p>The Srok house is located in the village of Brnasi and consists of a single-storey building with a gable roof covered in characteristic roof tiles. There is an annexe on its northern side with an apsidal fireplace extension known as a <em>tornica<\/em>. The <em>tornica <\/em>is covered in characteristic roof tiles and originally had a chimney in the centre of its roof. The building is located in the immediate vicinity of the \u0160irola-Kova\u010di\u0107 house, which also features a <em>tornica. <\/em>Together, these two houses create a rural complex that represents one of the last examples of the traditional architectural heritage of the Kastav and Halubje areas (source: Ministry of Culture).<\/p>\n\n\n\n<h2 class=\"wp-block-heading\">\u0160irola &#8211; Kova\u010di\u0107 House<\/h2>\n\n\n\n<p>The \u0160irola-Kova\u010di\u0107 house in Brnasi consists of two connected\nresidential buildings and an outbuilding built of stone with a collapsed gable\nroof and partially preserved roof tiling. The building has a semi-circular <em>tornica\u00ad <\/em>with a massive chimney. On the\nwall, there is a rustic, hand-carved stone head above a small stone-framed\nwindow. Next to the house, there is also a stone-built cistern. This and the neighbouring\nSrok house together create an architectural complex which is connected\narchitecturally and thematically. In terms of its spatial organisation and\nconstruction, the \u0160irola-Kova\u010di\u0107 house is a typical example of a 19<sup>th<\/sup>-century\nresidential house in the Kastav area with an outbuilding (source: Ministry of\nCulture).<\/p>\n","protected":false},"excerpt":{"rendered":"<p>Houses in the villages in the Liburnian hinterland usually consist of a cellar, a kitchen with a tornica (a semi-circular extension with a fireplace), one or two rooms (kamera), and an attic (\u0161ufit). The yard is most commonly covered in stone tiles and usually features a well for rainwater (\u0161terna), a smaller stall for sheep [&hellip;]<\/p>\n","protected":false},"author":4,"featured_media":8504,"parent":1683,"menu_order":0,"comment_status":"closed","ping_status":"closed","template":"","meta":{"_acf_changed":false,"footnotes":""},"acf":[],"yoast_head":"<!-- This site is optimized with the Yoast SEO plugin v22.7 - https:\/\/yoast.com\/wordpress\/plugins\/seo\/ -->\n<title>Architecture - Turisti\u010dka zajednica op\u0107ine Vi\u0161kovo<\/title>\n<meta name=\"robots\" content=\"index, follow, max-snippet:-1, max-image-preview:large, max-video-preview:-1\" \/>\n<link rel=\"canonical\" href=\"https:\/\/visitviskovo.hr\/en\/viskovo\/kulturna-bastina\/architecture\/\" \/>\n<meta property=\"og:locale\" content=\"en_US\" \/>\n<meta property=\"og:type\" content=\"article\" \/>\n<meta property=\"og:title\" content=\"Architecture - Turisti\u010dka zajednica op\u0107ine Vi\u0161kovo\" \/>\n<meta property=\"og:description\" content=\"Houses in the villages in the Liburnian hinterland usually consist of a cellar, a kitchen with a tornica (a semi-circular extension with a fireplace), one or two rooms (kamera), and an attic (\u0161ufit). The yard is most commonly covered in stone tiles and usually features a well for rainwater (\u0161terna), a smaller stall for sheep [&hellip;]\" \/>\n<meta property=\"og:url\" content=\"https:\/\/visitviskovo.hr\/en\/viskovo\/kulturna-bastina\/architecture\/\" \/>\n<meta property=\"og:site_name\" content=\"Turisti\u010dka zajednica op\u0107ine Vi\u0161kovo\" \/>\n<meta property=\"article:publisher\" content=\"https:\/\/web.facebook.com\/VisitViskovo\" \/>\n<meta property=\"article:modified_time\" content=\"2020-06-02T13:25:06+00:00\" \/>\n<meta property=\"og:image\" content=\"https:\/\/visitviskovo.hr\/wp-content\/uploads\/2019\/09\/P4202649-1280x960.jpg\" \/>\n\t<meta property=\"og:image:width\" content=\"1280\" \/>\n\t<meta property=\"og:image:height\" content=\"960\" \/>\n\t<meta property=\"og:image:type\" content=\"image\/jpeg\" \/>\n<meta name=\"twitter:card\" content=\"summary_large_image\" \/>\n<meta name=\"twitter:label1\" content=\"Est. reading time\" \/>\n\t<meta name=\"twitter:data1\" content=\"3 minutes\" \/>\n<script type=\"application\/ld+json\" class=\"yoast-schema-graph\">{\"@context\":\"https:\/\/schema.org\",\"@graph\":[{\"@type\":\"WebPage\",\"@id\":\"https:\/\/visitviskovo.hr\/en\/viskovo\/kulturna-bastina\/architecture\/\",\"url\":\"https:\/\/visitviskovo.hr\/en\/viskovo\/kulturna-bastina\/architecture\/\",\"name\":\"Architecture - Turisti\u010dka zajednica op\u0107ine Vi\u0161kovo\",\"isPartOf\":{\"@id\":\"https:\/\/visitviskovo.hr\/it\/#website\"},\"primaryImageOfPage\":{\"@id\":\"https:\/\/visitviskovo.hr\/en\/viskovo\/kulturna-bastina\/architecture\/#primaryimage\"},\"image\":{\"@id\":\"https:\/\/visitviskovo.hr\/en\/viskovo\/kulturna-bastina\/architecture\/#primaryimage\"},\"thumbnailUrl\":\"https:\/\/visitviskovo.hr\/wp-content\/uploads\/2019\/09\/P4202649.jpg\",\"datePublished\":\"2020-06-02T13:25:05+00:00\",\"dateModified\":\"2020-06-02T13:25:06+00:00\",\"breadcrumb\":{\"@id\":\"https:\/\/visitviskovo.hr\/en\/viskovo\/kulturna-bastina\/architecture\/#breadcrumb\"},\"inLanguage\":\"en-US\",\"potentialAction\":[{\"@type\":\"ReadAction\",\"target\":[\"https:\/\/visitviskovo.hr\/en\/viskovo\/kulturna-bastina\/architecture\/\"]}]},{\"@type\":\"ImageObject\",\"inLanguage\":\"en-US\",\"@id\":\"https:\/\/visitviskovo.hr\/en\/viskovo\/kulturna-bastina\/architecture\/#primaryimage\",\"url\":\"https:\/\/visitviskovo.hr\/wp-content\/uploads\/2019\/09\/P4202649.jpg\",\"contentUrl\":\"https:\/\/visitviskovo.hr\/wp-content\/uploads\/2019\/09\/P4202649.jpg\",\"width\":3648,\"height\":2736,\"caption\":\"OLYMPUS DIGITAL CAMERA\"},{\"@type\":\"BreadcrumbList\",\"@id\":\"https:\/\/visitviskovo.hr\/en\/viskovo\/kulturna-bastina\/architecture\/#breadcrumb\",\"itemListElement\":[{\"@type\":\"ListItem\",\"position\":1,\"name\":\"Home\",\"item\":\"https:\/\/visitviskovo.hr\/en\/\"},{\"@type\":\"ListItem\",\"position\":2,\"name\":\"Vi\u0161kovo\",\"item\":\"https:\/\/visitviskovo.hr\/en\/viskovo\/\"},{\"@type\":\"ListItem\",\"position\":3,\"name\":\"Cultural heritage\",\"item\":\"https:\/\/visitviskovo.hr\/en\/viskovo\/kulturna-bastina\/\"},{\"@type\":\"ListItem\",\"position\":4,\"name\":\"Architecture\"}]},{\"@type\":\"WebSite\",\"@id\":\"https:\/\/visitviskovo.hr\/it\/#website\",\"url\":\"https:\/\/visitviskovo.hr\/it\/\",\"name\":\"Turisti\u010dka zajednica op\u0107ine Vi\u0161kovo\",\"description\":\"\",\"potentialAction\":[{\"@type\":\"SearchAction\",\"target\":{\"@type\":\"EntryPoint\",\"urlTemplate\":\"https:\/\/visitviskovo.hr\/it\/?s={search_term_string}\"},\"query-input\":\"required name=search_term_string\"}],\"inLanguage\":\"en-US\"}]}<\/script>\n<!-- \/ Yoast SEO plugin. -->","yoast_head_json":{"title":"Architecture - Turisti\u010dka zajednica op\u0107ine Vi\u0161kovo","robots":{"index":"index","follow":"follow","max-snippet":"max-snippet:-1","max-image-preview":"max-image-preview:large","max-video-preview":"max-video-preview:-1"},"canonical":"https:\/\/visitviskovo.hr\/en\/viskovo\/kulturna-bastina\/architecture\/","og_locale":"en_US","og_type":"article","og_title":"Architecture - Turisti\u010dka zajednica op\u0107ine Vi\u0161kovo","og_description":"Houses in the villages in the Liburnian hinterland usually consist of a cellar, a kitchen with a tornica (a semi-circular extension with a fireplace), one or two rooms (kamera), and an attic (\u0161ufit). The yard is most commonly covered in stone tiles and usually features a well for rainwater (\u0161terna), a smaller stall for sheep [&hellip;]","og_url":"https:\/\/visitviskovo.hr\/en\/viskovo\/kulturna-bastina\/architecture\/","og_site_name":"Turisti\u010dka zajednica op\u0107ine Vi\u0161kovo","article_publisher":"https:\/\/web.facebook.com\/VisitViskovo","article_modified_time":"2020-06-02T13:25:06+00:00","og_image":[{"width":1280,"height":960,"url":"https:\/\/visitviskovo.hr\/wp-content\/uploads\/2019\/09\/P4202649-1280x960.jpg","type":"image\/jpeg"}],"twitter_card":"summary_large_image","twitter_misc":{"Est. reading time":"3 minutes"},"schema":{"@context":"https:\/\/schema.org","@graph":[{"@type":"WebPage","@id":"https:\/\/visitviskovo.hr\/en\/viskovo\/kulturna-bastina\/architecture\/","url":"https:\/\/visitviskovo.hr\/en\/viskovo\/kulturna-bastina\/architecture\/","name":"Architecture - Turisti\u010dka zajednica op\u0107ine Vi\u0161kovo","isPartOf":{"@id":"https:\/\/visitviskovo.hr\/it\/#website"},"primaryImageOfPage":{"@id":"https:\/\/visitviskovo.hr\/en\/viskovo\/kulturna-bastina\/architecture\/#primaryimage"},"image":{"@id":"https:\/\/visitviskovo.hr\/en\/viskovo\/kulturna-bastina\/architecture\/#primaryimage"},"thumbnailUrl":"https:\/\/visitviskovo.hr\/wp-content\/uploads\/2019\/09\/P4202649.jpg","datePublished":"2020-06-02T13:25:05+00:00","dateModified":"2020-06-02T13:25:06+00:00","breadcrumb":{"@id":"https:\/\/visitviskovo.hr\/en\/viskovo\/kulturna-bastina\/architecture\/#breadcrumb"},"inLanguage":"en-US","potentialAction":[{"@type":"ReadAction","target":["https:\/\/visitviskovo.hr\/en\/viskovo\/kulturna-bastina\/architecture\/"]}]},{"@type":"ImageObject","inLanguage":"en-US","@id":"https:\/\/visitviskovo.hr\/en\/viskovo\/kulturna-bastina\/architecture\/#primaryimage","url":"https:\/\/visitviskovo.hr\/wp-content\/uploads\/2019\/09\/P4202649.jpg","contentUrl":"https:\/\/visitviskovo.hr\/wp-content\/uploads\/2019\/09\/P4202649.jpg","width":3648,"height":2736,"caption":"OLYMPUS DIGITAL CAMERA"},{"@type":"BreadcrumbList","@id":"https:\/\/visitviskovo.hr\/en\/viskovo\/kulturna-bastina\/architecture\/#breadcrumb","itemListElement":[{"@type":"ListItem","position":1,"name":"Home","item":"https:\/\/visitviskovo.hr\/en\/"},{"@type":"ListItem","position":2,"name":"Vi\u0161kovo","item":"https:\/\/visitviskovo.hr\/en\/viskovo\/"},{"@type":"ListItem","position":3,"name":"Cultural heritage","item":"https:\/\/visitviskovo.hr\/en\/viskovo\/kulturna-bastina\/"},{"@type":"ListItem","position":4,"name":"Architecture"}]},{"@type":"WebSite","@id":"https:\/\/visitviskovo.hr\/it\/#website","url":"https:\/\/visitviskovo.hr\/it\/","name":"Turisti\u010dka zajednica op\u0107ine Vi\u0161kovo","description":"","potentialAction":[{"@type":"SearchAction","target":{"@type":"EntryPoint","urlTemplate":"https:\/\/visitviskovo.hr\/it\/?s={search_term_string}"},"query-input":"required name=search_term_string"}],"inLanguage":"en-US"}]}},"_links":{"self":[{"href":"https:\/\/visitviskovo.hr\/en\/wp-json\/wp\/v2\/pages\/14203"}],"collection":[{"href":"https:\/\/visitviskovo.hr\/en\/wp-json\/wp\/v2\/pages"}],"about":[{"href":"https:\/\/visitviskovo.hr\/en\/wp-json\/wp\/v2\/types\/page"}],"author":[{"embeddable":true,"href":"https:\/\/visitviskovo.hr\/en\/wp-json\/wp\/v2\/users\/4"}],"replies":[{"embeddable":true,"href":"https:\/\/visitviskovo.hr\/en\/wp-json\/wp\/v2\/comments?post=14203"}],"version-history":[{"count":1,"href":"https:\/\/visitviskovo.hr\/en\/wp-json\/wp\/v2\/pages\/14203\/revisions"}],"predecessor-version":[{"id":14204,"href":"https:\/\/visitviskovo.hr\/en\/wp-json\/wp\/v2\/pages\/14203\/revisions\/14204"}],"up":[{"embeddable":true,"href":"https:\/\/visitviskovo.hr\/en\/wp-json\/wp\/v2\/pages\/1683"}],"wp:featuredmedia":[{"embeddable":true,"href":"https:\/\/visitviskovo.hr\/en\/wp-json\/wp\/v2\/media\/8504"}],"wp:attachment":[{"href":"https:\/\/visitviskovo.hr\/en\/wp-json\/wp\/v2\/media?parent=14203"}],"curies":[{"name":"wp","href":"https:\/\/api.w.org\/{rel}","templated":true}]}}