{"id":14212,"date":"2020-06-03T08:51:18","date_gmt":"2020-06-03T08:51:18","guid":{"rendered":"https:\/\/visitviskovo.hr\/?page_id=14212"},"modified":"2020-06-03T08:54:15","modified_gmt":"2020-06-03T08:54:15","slug":"halubajski-zvoncari-bell-ringers","status":"publish","type":"page","link":"https:\/\/visitviskovo.hr\/en\/what-to-do\/halubajski-zvoncari-bell-ringers\/","title":{"rendered":"Halubajski zvon\u010cAri Bell Ringers"},"content":{"rendered":"\n<h2 class=\"wp-block-heading\">HALUBAJSKI ZVON\u010cARI<\/h2>\n\n\n\n<p><em>Halubajski zvon\u010dari<\/em>&nbsp;are a group of men covered in sheep\nskins who ring the bells tied around their waists to chase away evil spirits.\nThis tradition is widespread in Mediterranean karst areas where sheep husbandry\nwas the main economic activity for centuries.<\/p>\n\n\n\n<p><em>Halubajski zvon\u010dari<\/em> are distinguished from other bell ringer groups by their masks, which\ncompletely cover their faces, and their traditional three-day pageant that\nalways follows the same schedule on Shrove Sunday, Monday and Tuesday. Although\nthis pageant is associated with ancient rituals of summoning up spring and new\nlife, and chasing away winter and evil, in the villages of the Kastav area it\nstill represents an important part of social life and local cuisine,\nhandicrafts and dance. In the course of history, various regimes tried to put\nan end to this tradition, but just like the phoenix, it always came back\nstronger and with greater support. Together with other <em>zvon\u010dari<\/em> groups from the Kastav area, this ancient pageant was\ndeclared a Croatian cultural asset and was included in the UNESCO\nRepresentative List of the Intangible Cultural Heritage of Humanity in 2009.<\/p>\n\n\n\n<p>The <em>zvon\u010dari<\/em>\nand their impressive performance represent a first-class tourist attraction.\nThese guardians of the folklore traditions and identity of the Halubje and\nKastav areas are known far beyond the region&#8217;s borders and are a perfect\nexample of connecting the local and traditional with the modern and new. The <em>Halubajski zvon\u010dari<\/em> project of Vi\u0161kovo\nTourist Board connects history and the future. This&nbsp;tradition has been\nbrought closer to modern generations by using a multimedia approach. The route\nof the pageant has been marked as a walking and hiking trail that also has an\neducational purpose. It leads along historical, cultural and culinary sites of interest,\nand connects the traditional way of life with the need of modern people to\nexperience something removed from everyday life. The moment when the rocky\nhills resonate with the ringing of the bells, the soil begins to tremble, and\nlocal people await the arrival of the <em>zvon\u010dari<\/em>\nis probably as close as one can get to a mystical experience in the 21<sup>st<\/sup>\n\ncentury.\n\n\n\n<\/p>\n","protected":false},"excerpt":{"rendered":"<p>HALUBAJSKI ZVON\u010cARI Halubajski zvon\u010dari&nbsp;are a group of men covered in sheep skins who ring the bells tied around their waists to chase away evil spirits. This tradition is widespread in Mediterranean karst areas where sheep husbandry was the main economic activity for centuries. Halubajski zvon\u010dari are distinguished from other bell ringer groups by their masks, [&hellip;]<\/p>\n","protected":false},"author":4,"featured_media":3417,"parent":3922,"menu_order":0,"comment_status":"closed","ping_status":"closed","template":"zvoncari.php","meta":{"_acf_changed":false,"footnotes":""},"acf":[],"yoast_head":"<!-- This site is optimized with the Yoast SEO plugin v22.7 - https:\/\/yoast.com\/wordpress\/plugins\/seo\/ -->\n<title>Halubajski zvon\u010cAri Bell Ringers - Turisti\u010dka zajednica op\u0107ine Vi\u0161kovo<\/title>\n<meta name=\"robots\" content=\"index, follow, max-snippet:-1, max-image-preview:large, max-video-preview:-1\" \/>\n<link rel=\"canonical\" href=\"https:\/\/visitviskovo.hr\/en\/what-to-do\/halubajski-zvoncari-bell-ringers\/\" \/>\n<meta property=\"og:locale\" content=\"en_US\" \/>\n<meta property=\"og:type\" content=\"article\" \/>\n<meta property=\"og:title\" content=\"Halubajski zvon\u010cAri Bell Ringers - Turisti\u010dka zajednica op\u0107ine Vi\u0161kovo\" \/>\n<meta property=\"og:description\" content=\"HALUBAJSKI ZVON\u010cARI Halubajski zvon\u010dari&nbsp;are a group of men covered in sheep skins who ring the bells tied around their waists to chase away evil spirits. This tradition is widespread in Mediterranean karst areas where sheep husbandry was the main economic activity for centuries. Halubajski zvon\u010dari are distinguished from other bell ringer groups by their masks, [&hellip;]\" \/>\n<meta property=\"og:url\" content=\"https:\/\/visitviskovo.hr\/en\/what-to-do\/halubajski-zvoncari-bell-ringers\/\" \/>\n<meta property=\"og:site_name\" content=\"Turisti\u010dka zajednica op\u0107ine Vi\u0161kovo\" \/>\n<meta property=\"article:publisher\" content=\"https:\/\/web.facebook.com\/VisitViskovo\" \/>\n<meta property=\"article:modified_time\" content=\"2020-06-03T08:54:15+00:00\" \/>\n<meta property=\"og:image\" content=\"https:\/\/visitviskovo.hr\/wp-content\/uploads\/2019\/08\/58a738071222a.jpg\" \/>\n\t<meta property=\"og:image:width\" content=\"899\" \/>\n\t<meta property=\"og:image:height\" content=\"600\" \/>\n\t<meta property=\"og:image:type\" content=\"image\/jpeg\" \/>\n<meta name=\"twitter:card\" content=\"summary_large_image\" \/>\n<meta name=\"twitter:label1\" content=\"Est. reading time\" \/>\n\t<meta name=\"twitter:data1\" content=\"2 minutes\" \/>\n<script type=\"application\/ld+json\" class=\"yoast-schema-graph\">{\"@context\":\"https:\/\/schema.org\",\"@graph\":[{\"@type\":\"WebPage\",\"@id\":\"https:\/\/visitviskovo.hr\/en\/what-to-do\/halubajski-zvoncari-bell-ringers\/\",\"url\":\"https:\/\/visitviskovo.hr\/en\/what-to-do\/halubajski-zvoncari-bell-ringers\/\",\"name\":\"Halubajski zvon\u010cAri Bell Ringers - Turisti\u010dka zajednica op\u0107ine Vi\u0161kovo\",\"isPartOf\":{\"@id\":\"https:\/\/visitviskovo.hr\/it\/#website\"},\"primaryImageOfPage\":{\"@id\":\"https:\/\/visitviskovo.hr\/en\/what-to-do\/halubajski-zvoncari-bell-ringers\/#primaryimage\"},\"image\":{\"@id\":\"https:\/\/visitviskovo.hr\/en\/what-to-do\/halubajski-zvoncari-bell-ringers\/#primaryimage\"},\"thumbnailUrl\":\"https:\/\/visitviskovo.hr\/wp-content\/uploads\/2019\/08\/58a738071222a.jpg\",\"datePublished\":\"2020-06-03T08:51:18+00:00\",\"dateModified\":\"2020-06-03T08:54:15+00:00\",\"breadcrumb\":{\"@id\":\"https:\/\/visitviskovo.hr\/en\/what-to-do\/halubajski-zvoncari-bell-ringers\/#breadcrumb\"},\"inLanguage\":\"en-US\",\"potentialAction\":[{\"@type\":\"ReadAction\",\"target\":[\"https:\/\/visitviskovo.hr\/en\/what-to-do\/halubajski-zvoncari-bell-ringers\/\"]}]},{\"@type\":\"ImageObject\",\"inLanguage\":\"en-US\",\"@id\":\"https:\/\/visitviskovo.hr\/en\/what-to-do\/halubajski-zvoncari-bell-ringers\/#primaryimage\",\"url\":\"https:\/\/visitviskovo.hr\/wp-content\/uploads\/2019\/08\/58a738071222a.jpg\",\"contentUrl\":\"https:\/\/visitviskovo.hr\/wp-content\/uploads\/2019\/08\/58a738071222a.jpg\",\"width\":899,\"height\":600},{\"@type\":\"BreadcrumbList\",\"@id\":\"https:\/\/visitviskovo.hr\/en\/what-to-do\/halubajski-zvoncari-bell-ringers\/#breadcrumb\",\"itemListElement\":[{\"@type\":\"ListItem\",\"position\":1,\"name\":\"Home\",\"item\":\"https:\/\/visitviskovo.hr\/en\/\"},{\"@type\":\"ListItem\",\"position\":2,\"name\":\"What to do\",\"item\":\"https:\/\/visitviskovo.hr\/en\/what-to-do\/\"},{\"@type\":\"ListItem\",\"position\":3,\"name\":\"Halubajski zvon\u010cAri Bell Ringers\"}]},{\"@type\":\"WebSite\",\"@id\":\"https:\/\/visitviskovo.hr\/it\/#website\",\"url\":\"https:\/\/visitviskovo.hr\/it\/\",\"name\":\"Turisti\u010dka zajednica op\u0107ine Vi\u0161kovo\",\"description\":\"\",\"potentialAction\":[{\"@type\":\"SearchAction\",\"target\":{\"@type\":\"EntryPoint\",\"urlTemplate\":\"https:\/\/visitviskovo.hr\/it\/?s={search_term_string}\"},\"query-input\":\"required name=search_term_string\"}],\"inLanguage\":\"en-US\"}]}<\/script>\n<!-- \/ Yoast SEO plugin. -->","yoast_head_json":{"title":"Halubajski zvon\u010cAri Bell Ringers - Turisti\u010dka zajednica op\u0107ine Vi\u0161kovo","robots":{"index":"index","follow":"follow","max-snippet":"max-snippet:-1","max-image-preview":"max-image-preview:large","max-video-preview":"max-video-preview:-1"},"canonical":"https:\/\/visitviskovo.hr\/en\/what-to-do\/halubajski-zvoncari-bell-ringers\/","og_locale":"en_US","og_type":"article","og_title":"Halubajski zvon\u010cAri Bell Ringers - Turisti\u010dka zajednica op\u0107ine Vi\u0161kovo","og_description":"HALUBAJSKI ZVON\u010cARI Halubajski zvon\u010dari&nbsp;are a group of men covered in sheep skins who ring the bells tied around their waists to chase away evil spirits. This tradition is widespread in Mediterranean karst areas where sheep husbandry was the main economic activity for centuries. Halubajski zvon\u010dari are distinguished from other bell ringer groups by their masks, [&hellip;]","og_url":"https:\/\/visitviskovo.hr\/en\/what-to-do\/halubajski-zvoncari-bell-ringers\/","og_site_name":"Turisti\u010dka zajednica op\u0107ine Vi\u0161kovo","article_publisher":"https:\/\/web.facebook.com\/VisitViskovo","article_modified_time":"2020-06-03T08:54:15+00:00","og_image":[{"width":899,"height":600,"url":"https:\/\/visitviskovo.hr\/wp-content\/uploads\/2019\/08\/58a738071222a.jpg","type":"image\/jpeg"}],"twitter_card":"summary_large_image","twitter_misc":{"Est. reading time":"2 minutes"},"schema":{"@context":"https:\/\/schema.org","@graph":[{"@type":"WebPage","@id":"https:\/\/visitviskovo.hr\/en\/what-to-do\/halubajski-zvoncari-bell-ringers\/","url":"https:\/\/visitviskovo.hr\/en\/what-to-do\/halubajski-zvoncari-bell-ringers\/","name":"Halubajski zvon\u010cAri Bell Ringers - Turisti\u010dka zajednica op\u0107ine Vi\u0161kovo","isPartOf":{"@id":"https:\/\/visitviskovo.hr\/it\/#website"},"primaryImageOfPage":{"@id":"https:\/\/visitviskovo.hr\/en\/what-to-do\/halubajski-zvoncari-bell-ringers\/#primaryimage"},"image":{"@id":"https:\/\/visitviskovo.hr\/en\/what-to-do\/halubajski-zvoncari-bell-ringers\/#primaryimage"},"thumbnailUrl":"https:\/\/visitviskovo.hr\/wp-content\/uploads\/2019\/08\/58a738071222a.jpg","datePublished":"2020-06-03T08:51:18+00:00","dateModified":"2020-06-03T08:54:15+00:00","breadcrumb":{"@id":"https:\/\/visitviskovo.hr\/en\/what-to-do\/halubajski-zvoncari-bell-ringers\/#breadcrumb"},"inLanguage":"en-US","potentialAction":[{"@type":"ReadAction","target":["https:\/\/visitviskovo.hr\/en\/what-to-do\/halubajski-zvoncari-bell-ringers\/"]}]},{"@type":"ImageObject","inLanguage":"en-US","@id":"https:\/\/visitviskovo.hr\/en\/what-to-do\/halubajski-zvoncari-bell-ringers\/#primaryimage","url":"https:\/\/visitviskovo.hr\/wp-content\/uploads\/2019\/08\/58a738071222a.jpg","contentUrl":"https:\/\/visitviskovo.hr\/wp-content\/uploads\/2019\/08\/58a738071222a.jpg","width":899,"height":600},{"@type":"BreadcrumbList","@id":"https:\/\/visitviskovo.hr\/en\/what-to-do\/halubajski-zvoncari-bell-ringers\/#breadcrumb","itemListElement":[{"@type":"ListItem","position":1,"name":"Home","item":"https:\/\/visitviskovo.hr\/en\/"},{"@type":"ListItem","position":2,"name":"What to do","item":"https:\/\/visitviskovo.hr\/en\/what-to-do\/"},{"@type":"ListItem","position":3,"name":"Halubajski zvon\u010cAri Bell Ringers"}]},{"@type":"WebSite","@id":"https:\/\/visitviskovo.hr\/it\/#website","url":"https:\/\/visitviskovo.hr\/it\/","name":"Turisti\u010dka zajednica op\u0107ine Vi\u0161kovo","description":"","potentialAction":[{"@type":"SearchAction","target":{"@type":"EntryPoint","urlTemplate":"https:\/\/visitviskovo.hr\/it\/?s={search_term_string}"},"query-input":"required name=search_term_string"}],"inLanguage":"en-US"}]}},"_links":{"self":[{"href":"https:\/\/visitviskovo.hr\/en\/wp-json\/wp\/v2\/pages\/14212"}],"collection":[{"href":"https:\/\/visitviskovo.hr\/en\/wp-json\/wp\/v2\/pages"}],"about":[{"href":"https:\/\/visitviskovo.hr\/en\/wp-json\/wp\/v2\/types\/page"}],"author":[{"embeddable":true,"href":"https:\/\/visitviskovo.hr\/en\/wp-json\/wp\/v2\/users\/4"}],"replies":[{"embeddable":true,"href":"https:\/\/visitviskovo.hr\/en\/wp-json\/wp\/v2\/comments?post=14212"}],"version-history":[{"count":2,"href":"https:\/\/visitviskovo.hr\/en\/wp-json\/wp\/v2\/pages\/14212\/revisions"}],"predecessor-version":[{"id":14215,"href":"https:\/\/visitviskovo.hr\/en\/wp-json\/wp\/v2\/pages\/14212\/revisions\/14215"}],"up":[{"embeddable":true,"href":"https:\/\/visitviskovo.hr\/en\/wp-json\/wp\/v2\/pages\/3922"}],"wp:featuredmedia":[{"embeddable":true,"href":"https:\/\/visitviskovo.hr\/en\/wp-json\/wp\/v2\/media\/3417"}],"wp:attachment":[{"href":"https:\/\/visitviskovo.hr\/en\/wp-json\/wp\/v2\/media?parent=14212"}],"curies":[{"name":"wp","href":"https:\/\/api.w.org\/{rel}","templated":true}]}}