{"id":1689,"date":"2019-05-26T14:55:44","date_gmt":"2019-05-26T14:55:44","guid":{"rendered":"https:\/\/visitviskovo.hr\/viskovo\/kulturna-bastina\/crkva-sv-matej\/"},"modified":"2020-09-16T11:47:48","modified_gmt":"2020-09-16T11:47:48","slug":"crkva-sv-matej","status":"publish","type":"page","link":"https:\/\/visitviskovo.hr\/en\/viskovo\/kulturna-bastina\/crkva-sv-matej\/","title":{"rendered":"St. Matthew&#8217;s Church"},"content":{"rendered":"\n<p>St. Matthew\u2019s Church dominates the centre of Vi\u0161kovo. In the past, a chapel facing the sea with one altar existed on the hill of Vi\u0161kov Breg (called <em>Breg<\/em> today). Its date of construction remains unknown, and in 1862, the present-day Church of St. Matthew was built in its place. In 1902, the front fa\u00e7ade of the church was adorned with the blessed statues of Saints Peter and Paul.&nbsp; The main altar was made by a local stonemason, Mate \u0160irola.<\/p>\n\n\n\n<p>St. Matthew worked in a customs house and is today considered the patron saint of bankers, accountants and tax collectors. He was also one of the four Evangelists, and the author of the first of the four gospels \u2013 books in which the work and teachings of Jesus Christ were recorded and in which his divinity is emphasised. The Gospel according to Matthew is the most comprehensive and accessible of the gospels. <\/p>\n\n\n\n<p>The feast day of St. Matthew is 21 September. St. Matthew&#8217;s Church in Vi\u0161kovo celebrated the 150<sup>th<\/sup> anniversary of its consecration in 2015. <\/p>\n","protected":false},"excerpt":{"rendered":"<p>St. Matthew\u2019s Church dominates the centre of Vi\u0161kovo. In the past, a chapel facing the sea with one altar existed on the hill of Vi\u0161kov Breg (called Breg today). Its date of construction remains unknown, and in 1862, the present-day Church of St. Matthew was built in its place. In 1902, the front fa\u00e7ade of [&hellip;]<\/p>\n","protected":false},"author":1,"featured_media":3414,"parent":1683,"menu_order":0,"comment_status":"closed","ping_status":"closed","template":"","meta":{"_acf_changed":false,"footnotes":""},"acf":[],"yoast_head":"<!-- This site is optimized with the Yoast SEO plugin v22.7 - https:\/\/yoast.com\/wordpress\/plugins\/seo\/ -->\n<title>St. Matthew&#039;s Church - Turisti\u010dka zajednica op\u0107ine Vi\u0161kovo<\/title>\n<meta name=\"robots\" content=\"index, follow, max-snippet:-1, max-image-preview:large, max-video-preview:-1\" \/>\n<link rel=\"canonical\" href=\"https:\/\/visitviskovo.hr\/en\/viskovo\/kulturna-bastina\/crkva-sv-matej\/\" \/>\n<meta property=\"og:locale\" content=\"en_US\" \/>\n<meta property=\"og:type\" content=\"article\" \/>\n<meta property=\"og:title\" content=\"St. Matthew&#039;s Church - Turisti\u010dka zajednica op\u0107ine Vi\u0161kovo\" \/>\n<meta property=\"og:description\" content=\"St. Matthew\u2019s Church dominates the centre of Vi\u0161kovo. In the past, a chapel facing the sea with one altar existed on the hill of Vi\u0161kov Breg (called Breg today). Its date of construction remains unknown, and in 1862, the present-day Church of St. Matthew was built in its place. In 1902, the front fa\u00e7ade of [&hellip;]\" \/>\n<meta property=\"og:url\" content=\"https:\/\/visitviskovo.hr\/en\/viskovo\/kulturna-bastina\/crkva-sv-matej\/\" \/>\n<meta property=\"og:site_name\" content=\"Turisti\u010dka zajednica op\u0107ine Vi\u0161kovo\" \/>\n<meta property=\"article:publisher\" content=\"https:\/\/web.facebook.com\/VisitViskovo\" \/>\n<meta property=\"article:modified_time\" content=\"2020-09-16T11:47:48+00:00\" \/>\n<meta property=\"og:image\" content=\"https:\/\/visitviskovo.hr\/wp-content\/uploads\/2019\/05\/20151212122809000000-main.jpg\" \/>\n\t<meta property=\"og:image:width\" content=\"800\" \/>\n\t<meta property=\"og:image:height\" content=\"513\" \/>\n\t<meta property=\"og:image:type\" content=\"image\/jpeg\" \/>\n<meta name=\"twitter:card\" content=\"summary_large_image\" \/>\n<meta name=\"twitter:label1\" content=\"Est. reading time\" \/>\n\t<meta name=\"twitter:data1\" content=\"1 minute\" \/>\n<script type=\"application\/ld+json\" class=\"yoast-schema-graph\">{\"@context\":\"https:\/\/schema.org\",\"@graph\":[{\"@type\":\"WebPage\",\"@id\":\"https:\/\/visitviskovo.hr\/en\/viskovo\/kulturna-bastina\/crkva-sv-matej\/\",\"url\":\"https:\/\/visitviskovo.hr\/en\/viskovo\/kulturna-bastina\/crkva-sv-matej\/\",\"name\":\"St. Matthew's Church - Turisti\u010dka zajednica op\u0107ine Vi\u0161kovo\",\"isPartOf\":{\"@id\":\"https:\/\/visitviskovo.hr\/it\/#website\"},\"primaryImageOfPage\":{\"@id\":\"https:\/\/visitviskovo.hr\/en\/viskovo\/kulturna-bastina\/crkva-sv-matej\/#primaryimage\"},\"image\":{\"@id\":\"https:\/\/visitviskovo.hr\/en\/viskovo\/kulturna-bastina\/crkva-sv-matej\/#primaryimage\"},\"thumbnailUrl\":\"https:\/\/visitviskovo.hr\/wp-content\/uploads\/2019\/05\/20151212122809000000-main.jpg\",\"datePublished\":\"2019-05-26T14:55:44+00:00\",\"dateModified\":\"2020-09-16T11:47:48+00:00\",\"breadcrumb\":{\"@id\":\"https:\/\/visitviskovo.hr\/en\/viskovo\/kulturna-bastina\/crkva-sv-matej\/#breadcrumb\"},\"inLanguage\":\"en-US\",\"potentialAction\":[{\"@type\":\"ReadAction\",\"target\":[\"https:\/\/visitviskovo.hr\/en\/viskovo\/kulturna-bastina\/crkva-sv-matej\/\"]}]},{\"@type\":\"ImageObject\",\"inLanguage\":\"en-US\",\"@id\":\"https:\/\/visitviskovo.hr\/en\/viskovo\/kulturna-bastina\/crkva-sv-matej\/#primaryimage\",\"url\":\"https:\/\/visitviskovo.hr\/wp-content\/uploads\/2019\/05\/20151212122809000000-main.jpg\",\"contentUrl\":\"https:\/\/visitviskovo.hr\/wp-content\/uploads\/2019\/05\/20151212122809000000-main.jpg\",\"width\":800,\"height\":513},{\"@type\":\"BreadcrumbList\",\"@id\":\"https:\/\/visitviskovo.hr\/en\/viskovo\/kulturna-bastina\/crkva-sv-matej\/#breadcrumb\",\"itemListElement\":[{\"@type\":\"ListItem\",\"position\":1,\"name\":\"Home\",\"item\":\"https:\/\/visitviskovo.hr\/en\/\"},{\"@type\":\"ListItem\",\"position\":2,\"name\":\"Vi\u0161kovo\",\"item\":\"https:\/\/visitviskovo.hr\/en\/viskovo\/\"},{\"@type\":\"ListItem\",\"position\":3,\"name\":\"Cultural heritage\",\"item\":\"https:\/\/visitviskovo.hr\/en\/viskovo\/kulturna-bastina\/\"},{\"@type\":\"ListItem\",\"position\":4,\"name\":\"St. Matthew&#8217;s Church\"}]},{\"@type\":\"WebSite\",\"@id\":\"https:\/\/visitviskovo.hr\/it\/#website\",\"url\":\"https:\/\/visitviskovo.hr\/it\/\",\"name\":\"Turisti\u010dka zajednica op\u0107ine Vi\u0161kovo\",\"description\":\"\",\"potentialAction\":[{\"@type\":\"SearchAction\",\"target\":{\"@type\":\"EntryPoint\",\"urlTemplate\":\"https:\/\/visitviskovo.hr\/it\/?s={search_term_string}\"},\"query-input\":\"required name=search_term_string\"}],\"inLanguage\":\"en-US\"}]}<\/script>\n<!-- \/ Yoast SEO plugin. -->","yoast_head_json":{"title":"St. Matthew's Church - Turisti\u010dka zajednica op\u0107ine Vi\u0161kovo","robots":{"index":"index","follow":"follow","max-snippet":"max-snippet:-1","max-image-preview":"max-image-preview:large","max-video-preview":"max-video-preview:-1"},"canonical":"https:\/\/visitviskovo.hr\/en\/viskovo\/kulturna-bastina\/crkva-sv-matej\/","og_locale":"en_US","og_type":"article","og_title":"St. Matthew's Church - Turisti\u010dka zajednica op\u0107ine Vi\u0161kovo","og_description":"St. Matthew\u2019s Church dominates the centre of Vi\u0161kovo. In the past, a chapel facing the sea with one altar existed on the hill of Vi\u0161kov Breg (called Breg today). Its date of construction remains unknown, and in 1862, the present-day Church of St. Matthew was built in its place. In 1902, the front fa\u00e7ade of [&hellip;]","og_url":"https:\/\/visitviskovo.hr\/en\/viskovo\/kulturna-bastina\/crkva-sv-matej\/","og_site_name":"Turisti\u010dka zajednica op\u0107ine Vi\u0161kovo","article_publisher":"https:\/\/web.facebook.com\/VisitViskovo","article_modified_time":"2020-09-16T11:47:48+00:00","og_image":[{"width":800,"height":513,"url":"https:\/\/visitviskovo.hr\/wp-content\/uploads\/2019\/05\/20151212122809000000-main.jpg","type":"image\/jpeg"}],"twitter_card":"summary_large_image","twitter_misc":{"Est. reading time":"1 minute"},"schema":{"@context":"https:\/\/schema.org","@graph":[{"@type":"WebPage","@id":"https:\/\/visitviskovo.hr\/en\/viskovo\/kulturna-bastina\/crkva-sv-matej\/","url":"https:\/\/visitviskovo.hr\/en\/viskovo\/kulturna-bastina\/crkva-sv-matej\/","name":"St. Matthew's Church - Turisti\u010dka zajednica op\u0107ine Vi\u0161kovo","isPartOf":{"@id":"https:\/\/visitviskovo.hr\/it\/#website"},"primaryImageOfPage":{"@id":"https:\/\/visitviskovo.hr\/en\/viskovo\/kulturna-bastina\/crkva-sv-matej\/#primaryimage"},"image":{"@id":"https:\/\/visitviskovo.hr\/en\/viskovo\/kulturna-bastina\/crkva-sv-matej\/#primaryimage"},"thumbnailUrl":"https:\/\/visitviskovo.hr\/wp-content\/uploads\/2019\/05\/20151212122809000000-main.jpg","datePublished":"2019-05-26T14:55:44+00:00","dateModified":"2020-09-16T11:47:48+00:00","breadcrumb":{"@id":"https:\/\/visitviskovo.hr\/en\/viskovo\/kulturna-bastina\/crkva-sv-matej\/#breadcrumb"},"inLanguage":"en-US","potentialAction":[{"@type":"ReadAction","target":["https:\/\/visitviskovo.hr\/en\/viskovo\/kulturna-bastina\/crkva-sv-matej\/"]}]},{"@type":"ImageObject","inLanguage":"en-US","@id":"https:\/\/visitviskovo.hr\/en\/viskovo\/kulturna-bastina\/crkva-sv-matej\/#primaryimage","url":"https:\/\/visitviskovo.hr\/wp-content\/uploads\/2019\/05\/20151212122809000000-main.jpg","contentUrl":"https:\/\/visitviskovo.hr\/wp-content\/uploads\/2019\/05\/20151212122809000000-main.jpg","width":800,"height":513},{"@type":"BreadcrumbList","@id":"https:\/\/visitviskovo.hr\/en\/viskovo\/kulturna-bastina\/crkva-sv-matej\/#breadcrumb","itemListElement":[{"@type":"ListItem","position":1,"name":"Home","item":"https:\/\/visitviskovo.hr\/en\/"},{"@type":"ListItem","position":2,"name":"Vi\u0161kovo","item":"https:\/\/visitviskovo.hr\/en\/viskovo\/"},{"@type":"ListItem","position":3,"name":"Cultural heritage","item":"https:\/\/visitviskovo.hr\/en\/viskovo\/kulturna-bastina\/"},{"@type":"ListItem","position":4,"name":"St. Matthew&#8217;s Church"}]},{"@type":"WebSite","@id":"https:\/\/visitviskovo.hr\/it\/#website","url":"https:\/\/visitviskovo.hr\/it\/","name":"Turisti\u010dka zajednica op\u0107ine Vi\u0161kovo","description":"","potentialAction":[{"@type":"SearchAction","target":{"@type":"EntryPoint","urlTemplate":"https:\/\/visitviskovo.hr\/it\/?s={search_term_string}"},"query-input":"required name=search_term_string"}],"inLanguage":"en-US"}]}},"_links":{"self":[{"href":"https:\/\/visitviskovo.hr\/en\/wp-json\/wp\/v2\/pages\/1689"}],"collection":[{"href":"https:\/\/visitviskovo.hr\/en\/wp-json\/wp\/v2\/pages"}],"about":[{"href":"https:\/\/visitviskovo.hr\/en\/wp-json\/wp\/v2\/types\/page"}],"author":[{"embeddable":true,"href":"https:\/\/visitviskovo.hr\/en\/wp-json\/wp\/v2\/users\/1"}],"replies":[{"embeddable":true,"href":"https:\/\/visitviskovo.hr\/en\/wp-json\/wp\/v2\/comments?post=1689"}],"version-history":[{"count":8,"href":"https:\/\/visitviskovo.hr\/en\/wp-json\/wp\/v2\/pages\/1689\/revisions"}],"predecessor-version":[{"id":15028,"href":"https:\/\/visitviskovo.hr\/en\/wp-json\/wp\/v2\/pages\/1689\/revisions\/15028"}],"up":[{"embeddable":true,"href":"https:\/\/visitviskovo.hr\/en\/wp-json\/wp\/v2\/pages\/1683"}],"wp:featuredmedia":[{"embeddable":true,"href":"https:\/\/visitviskovo.hr\/en\/wp-json\/wp\/v2\/media\/3414"}],"wp:attachment":[{"href":"https:\/\/visitviskovo.hr\/en\/wp-json\/wp\/v2\/media?parent=1689"}],"curies":[{"name":"wp","href":"https:\/\/api.w.org\/{rel}","templated":true}]}}