{"id":1701,"date":"2019-07-08T18:40:47","date_gmt":"2019-07-08T18:40:47","guid":{"rendered":"https:\/\/visitviskovo.hr\/viskovo\/kulturna-bastina\/knjiznica-i-citaonica-halubajska-zora\/"},"modified":"2023-09-28T07:57:32","modified_gmt":"2023-09-28T07:57:32","slug":"knjiznica-i-citaonica-halubajska-zora","status":"publish","type":"page","link":"https:\/\/visitviskovo.hr\/en\/viskovo\/kulturna-bastina\/knjiznica-i-citaonica-halubajska-zora\/","title":{"rendered":"Library and Reading room Halubajska zora"},"content":{"rendered":"\n<p>As reported by the <em>Na\u0161a\nSloga<\/em> newspaper on 26 May 1904, the <em>Halubajska\nZora<\/em> reading room was founded in 1904. In the beginning, it was located on\nprivate premises. The reading room was closed during World War One but then\nreopened in the interwar period, changing its name several times.<\/p>\n\n\n\n<p>One of the rare preserved documents from this period is\nthe <em>List of Associations in the Kastav Area<\/em>\nof 1929. The <em>List of Reading Rooms and Educational\nAssociations in the District of Kastav<\/em> mentions Halubjan People&#8217;s Reading\nRoom of Sveti Matej, which shows that the word &#8216;Croatian&#8217; had been removed from\nits name in the Yugoslavian period. In a list from 1933, it was listed as Halubjan\nPeople&#8217;s Library and Reading Room, which indicates that it also served as a\nlibrary.<\/p>\n\n\n\n<p>World War Two put an end to its activities for a long\nperiod of time. After 50 years, the committee of the Croatian <em>Matica hrvatska<\/em> national institution reopened\nthe library under the name of <em>Halubajska zora<\/em>.\nIt was formally opened on 17 May 1992 in the presence of Academician Nedjeljko\nFabrio and numerous Chakavian poets and guests. The library catalogue comprised\n821 books.<\/p>\n\n\n\n<p>On 19 September 2003, the central library was\nrelocated to the ground floor of the Marini\u0107i Community Hall, and its former\nlocation eventually became the Vi\u0161kovo branch of the library. The new premises\nare 180 m<sup>2<\/sup> in size and divided into several units: a central part for\ninformation and borrowing, an adults&#8217; section, children&#8217;s section, reading room\nand study room. In 2008, the central library received a separate reading room\narea and in 2009 a new library service called <em>knjigomat<\/em> was introduced as the only one of its kind in Primorje-Gorski\nKotar County.\n\nIn addition to its regular\nactivities, the library hosts various cultural events, workshops, book\npresentations, art exhibitions and theatre performances.\n\n\n\n<\/p>\n\n\n\n<p>More information on:&nbsp;<a href=\"http:\/\/halubajska-zora.hr\/\">www.halubajska-zora.hr<\/a><\/p>\n","protected":false},"excerpt":{"rendered":"<p>As reported by the Na\u0161a Sloga newspaper on 26 May 1904, the Halubajska Zora reading room was founded in 1904. In the beginning, it was located on private premises. The reading room was closed during World War One but then reopened in the interwar period, changing its name several times. One of the rare preserved [&hellip;]<\/p>\n","protected":false},"author":1,"featured_media":14243,"parent":1683,"menu_order":0,"comment_status":"closed","ping_status":"closed","template":"","meta":{"_acf_changed":false,"footnotes":""},"acf":[],"yoast_head":"<!-- This site is optimized with the Yoast SEO plugin v22.7 - https:\/\/yoast.com\/wordpress\/plugins\/seo\/ -->\n<title>Library and Reading room Halubajska zora - Turisti\u010dka zajednica op\u0107ine Vi\u0161kovo<\/title>\n<meta name=\"robots\" content=\"index, follow, max-snippet:-1, max-image-preview:large, max-video-preview:-1\" \/>\n<link rel=\"canonical\" href=\"https:\/\/visitviskovo.hr\/en\/viskovo\/kulturna-bastina\/knjiznica-i-citaonica-halubajska-zora\/\" \/>\n<meta property=\"og:locale\" content=\"en_US\" \/>\n<meta property=\"og:type\" content=\"article\" \/>\n<meta property=\"og:title\" content=\"Library and Reading room Halubajska zora - Turisti\u010dka zajednica op\u0107ine Vi\u0161kovo\" \/>\n<meta property=\"og:description\" content=\"As reported by the Na\u0161a Sloga newspaper on 26 May 1904, the Halubajska Zora reading room was founded in 1904. In the beginning, it was located on private premises. The reading room was closed during World War One but then reopened in the interwar period, changing its name several times. One of the rare preserved [&hellip;]\" \/>\n<meta property=\"og:url\" content=\"https:\/\/visitviskovo.hr\/en\/viskovo\/kulturna-bastina\/knjiznica-i-citaonica-halubajska-zora\/\" \/>\n<meta property=\"og:site_name\" content=\"Turisti\u010dka zajednica op\u0107ine Vi\u0161kovo\" \/>\n<meta property=\"article:publisher\" content=\"https:\/\/web.facebook.com\/VisitViskovo\" \/>\n<meta property=\"article:modified_time\" content=\"2023-09-28T07:57:32+00:00\" \/>\n<meta property=\"og:image\" content=\"https:\/\/visitviskovo.hr\/wp-content\/uploads\/2020\/06\/Knji\u017enica-6.jpg\" \/>\n\t<meta property=\"og:image:width\" content=\"1600\" \/>\n\t<meta property=\"og:image:height\" content=\"1200\" \/>\n\t<meta property=\"og:image:type\" content=\"image\/jpeg\" \/>\n<meta name=\"twitter:card\" content=\"summary_large_image\" \/>\n<meta name=\"twitter:label1\" content=\"Est. reading time\" \/>\n\t<meta name=\"twitter:data1\" content=\"2 minutes\" \/>\n<script type=\"application\/ld+json\" class=\"yoast-schema-graph\">{\"@context\":\"https:\/\/schema.org\",\"@graph\":[{\"@type\":\"WebPage\",\"@id\":\"https:\/\/visitviskovo.hr\/en\/viskovo\/kulturna-bastina\/knjiznica-i-citaonica-halubajska-zora\/\",\"url\":\"https:\/\/visitviskovo.hr\/en\/viskovo\/kulturna-bastina\/knjiznica-i-citaonica-halubajska-zora\/\",\"name\":\"Library and Reading room Halubajska zora - Turisti\u010dka zajednica op\u0107ine Vi\u0161kovo\",\"isPartOf\":{\"@id\":\"https:\/\/visitviskovo.hr\/it\/#website\"},\"primaryImageOfPage\":{\"@id\":\"https:\/\/visitviskovo.hr\/en\/viskovo\/kulturna-bastina\/knjiznica-i-citaonica-halubajska-zora\/#primaryimage\"},\"image\":{\"@id\":\"https:\/\/visitviskovo.hr\/en\/viskovo\/kulturna-bastina\/knjiznica-i-citaonica-halubajska-zora\/#primaryimage\"},\"thumbnailUrl\":\"https:\/\/visitviskovo.hr\/wp-content\/uploads\/2020\/06\/Knji\u017enica-6.jpg\",\"datePublished\":\"2019-07-08T18:40:47+00:00\",\"dateModified\":\"2023-09-28T07:57:32+00:00\",\"breadcrumb\":{\"@id\":\"https:\/\/visitviskovo.hr\/en\/viskovo\/kulturna-bastina\/knjiznica-i-citaonica-halubajska-zora\/#breadcrumb\"},\"inLanguage\":\"en-US\",\"potentialAction\":[{\"@type\":\"ReadAction\",\"target\":[\"https:\/\/visitviskovo.hr\/en\/viskovo\/kulturna-bastina\/knjiznica-i-citaonica-halubajska-zora\/\"]}]},{\"@type\":\"ImageObject\",\"inLanguage\":\"en-US\",\"@id\":\"https:\/\/visitviskovo.hr\/en\/viskovo\/kulturna-bastina\/knjiznica-i-citaonica-halubajska-zora\/#primaryimage\",\"url\":\"https:\/\/visitviskovo.hr\/wp-content\/uploads\/2020\/06\/Knji\u017enica-6.jpg\",\"contentUrl\":\"https:\/\/visitviskovo.hr\/wp-content\/uploads\/2020\/06\/Knji\u017enica-6.jpg\",\"width\":1600,\"height\":1200},{\"@type\":\"BreadcrumbList\",\"@id\":\"https:\/\/visitviskovo.hr\/en\/viskovo\/kulturna-bastina\/knjiznica-i-citaonica-halubajska-zora\/#breadcrumb\",\"itemListElement\":[{\"@type\":\"ListItem\",\"position\":1,\"name\":\"Home\",\"item\":\"https:\/\/visitviskovo.hr\/en\/\"},{\"@type\":\"ListItem\",\"position\":2,\"name\":\"Vi\u0161kovo\",\"item\":\"https:\/\/visitviskovo.hr\/en\/viskovo\/\"},{\"@type\":\"ListItem\",\"position\":3,\"name\":\"Cultural heritage\",\"item\":\"https:\/\/visitviskovo.hr\/en\/viskovo\/kulturna-bastina\/\"},{\"@type\":\"ListItem\",\"position\":4,\"name\":\"Library and Reading room Halubajska zora\"}]},{\"@type\":\"WebSite\",\"@id\":\"https:\/\/visitviskovo.hr\/it\/#website\",\"url\":\"https:\/\/visitviskovo.hr\/it\/\",\"name\":\"Turisti\u010dka zajednica op\u0107ine Vi\u0161kovo\",\"description\":\"\",\"potentialAction\":[{\"@type\":\"SearchAction\",\"target\":{\"@type\":\"EntryPoint\",\"urlTemplate\":\"https:\/\/visitviskovo.hr\/it\/?s={search_term_string}\"},\"query-input\":\"required name=search_term_string\"}],\"inLanguage\":\"en-US\"}]}<\/script>\n<!-- \/ Yoast SEO plugin. -->","yoast_head_json":{"title":"Library and Reading room Halubajska zora - Turisti\u010dka zajednica op\u0107ine Vi\u0161kovo","robots":{"index":"index","follow":"follow","max-snippet":"max-snippet:-1","max-image-preview":"max-image-preview:large","max-video-preview":"max-video-preview:-1"},"canonical":"https:\/\/visitviskovo.hr\/en\/viskovo\/kulturna-bastina\/knjiznica-i-citaonica-halubajska-zora\/","og_locale":"en_US","og_type":"article","og_title":"Library and Reading room Halubajska zora - Turisti\u010dka zajednica op\u0107ine Vi\u0161kovo","og_description":"As reported by the Na\u0161a Sloga newspaper on 26 May 1904, the Halubajska Zora reading room was founded in 1904. In the beginning, it was located on private premises. The reading room was closed during World War One but then reopened in the interwar period, changing its name several times. One of the rare preserved [&hellip;]","og_url":"https:\/\/visitviskovo.hr\/en\/viskovo\/kulturna-bastina\/knjiznica-i-citaonica-halubajska-zora\/","og_site_name":"Turisti\u010dka zajednica op\u0107ine Vi\u0161kovo","article_publisher":"https:\/\/web.facebook.com\/VisitViskovo","article_modified_time":"2023-09-28T07:57:32+00:00","og_image":[{"width":1600,"height":1200,"url":"https:\/\/visitviskovo.hr\/wp-content\/uploads\/2020\/06\/Knji\u017enica-6.jpg","type":"image\/jpeg"}],"twitter_card":"summary_large_image","twitter_misc":{"Est. reading time":"2 minutes"},"schema":{"@context":"https:\/\/schema.org","@graph":[{"@type":"WebPage","@id":"https:\/\/visitviskovo.hr\/en\/viskovo\/kulturna-bastina\/knjiznica-i-citaonica-halubajska-zora\/","url":"https:\/\/visitviskovo.hr\/en\/viskovo\/kulturna-bastina\/knjiznica-i-citaonica-halubajska-zora\/","name":"Library and Reading room Halubajska zora - Turisti\u010dka zajednica op\u0107ine Vi\u0161kovo","isPartOf":{"@id":"https:\/\/visitviskovo.hr\/it\/#website"},"primaryImageOfPage":{"@id":"https:\/\/visitviskovo.hr\/en\/viskovo\/kulturna-bastina\/knjiznica-i-citaonica-halubajska-zora\/#primaryimage"},"image":{"@id":"https:\/\/visitviskovo.hr\/en\/viskovo\/kulturna-bastina\/knjiznica-i-citaonica-halubajska-zora\/#primaryimage"},"thumbnailUrl":"https:\/\/visitviskovo.hr\/wp-content\/uploads\/2020\/06\/Knji\u017enica-6.jpg","datePublished":"2019-07-08T18:40:47+00:00","dateModified":"2023-09-28T07:57:32+00:00","breadcrumb":{"@id":"https:\/\/visitviskovo.hr\/en\/viskovo\/kulturna-bastina\/knjiznica-i-citaonica-halubajska-zora\/#breadcrumb"},"inLanguage":"en-US","potentialAction":[{"@type":"ReadAction","target":["https:\/\/visitviskovo.hr\/en\/viskovo\/kulturna-bastina\/knjiznica-i-citaonica-halubajska-zora\/"]}]},{"@type":"ImageObject","inLanguage":"en-US","@id":"https:\/\/visitviskovo.hr\/en\/viskovo\/kulturna-bastina\/knjiznica-i-citaonica-halubajska-zora\/#primaryimage","url":"https:\/\/visitviskovo.hr\/wp-content\/uploads\/2020\/06\/Knji\u017enica-6.jpg","contentUrl":"https:\/\/visitviskovo.hr\/wp-content\/uploads\/2020\/06\/Knji\u017enica-6.jpg","width":1600,"height":1200},{"@type":"BreadcrumbList","@id":"https:\/\/visitviskovo.hr\/en\/viskovo\/kulturna-bastina\/knjiznica-i-citaonica-halubajska-zora\/#breadcrumb","itemListElement":[{"@type":"ListItem","position":1,"name":"Home","item":"https:\/\/visitviskovo.hr\/en\/"},{"@type":"ListItem","position":2,"name":"Vi\u0161kovo","item":"https:\/\/visitviskovo.hr\/en\/viskovo\/"},{"@type":"ListItem","position":3,"name":"Cultural heritage","item":"https:\/\/visitviskovo.hr\/en\/viskovo\/kulturna-bastina\/"},{"@type":"ListItem","position":4,"name":"Library and Reading room Halubajska zora"}]},{"@type":"WebSite","@id":"https:\/\/visitviskovo.hr\/it\/#website","url":"https:\/\/visitviskovo.hr\/it\/","name":"Turisti\u010dka zajednica op\u0107ine Vi\u0161kovo","description":"","potentialAction":[{"@type":"SearchAction","target":{"@type":"EntryPoint","urlTemplate":"https:\/\/visitviskovo.hr\/it\/?s={search_term_string}"},"query-input":"required name=search_term_string"}],"inLanguage":"en-US"}]}},"_links":{"self":[{"href":"https:\/\/visitviskovo.hr\/en\/wp-json\/wp\/v2\/pages\/1701"}],"collection":[{"href":"https:\/\/visitviskovo.hr\/en\/wp-json\/wp\/v2\/pages"}],"about":[{"href":"https:\/\/visitviskovo.hr\/en\/wp-json\/wp\/v2\/types\/page"}],"author":[{"embeddable":true,"href":"https:\/\/visitviskovo.hr\/en\/wp-json\/wp\/v2\/users\/1"}],"replies":[{"embeddable":true,"href":"https:\/\/visitviskovo.hr\/en\/wp-json\/wp\/v2\/comments?post=1701"}],"version-history":[{"count":4,"href":"https:\/\/visitviskovo.hr\/en\/wp-json\/wp\/v2\/pages\/1701\/revisions"}],"predecessor-version":[{"id":13464,"href":"https:\/\/visitviskovo.hr\/en\/wp-json\/wp\/v2\/pages\/1701\/revisions\/13464"}],"up":[{"embeddable":true,"href":"https:\/\/visitviskovo.hr\/en\/wp-json\/wp\/v2\/pages\/1683"}],"wp:featuredmedia":[{"embeddable":true,"href":"https:\/\/visitviskovo.hr\/en\/wp-json\/wp\/v2\/media\/14243"}],"wp:attachment":[{"href":"https:\/\/visitviskovo.hr\/en\/wp-json\/wp\/v2\/media?parent=1701"}],"curies":[{"name":"wp","href":"https:\/\/api.w.org\/{rel}","templated":true}]}}