{"id":1707,"date":"2019-07-08T19:18:39","date_gmt":"2019-07-08T19:18:39","guid":{"rendered":"https:\/\/visitviskovo.hr\/viskovo\/halubajski-karneval\/"},"modified":"2020-09-24T12:14:58","modified_gmt":"2020-09-24T12:14:58","slug":"halubajski-karneval","status":"publish","type":"page","link":"https:\/\/visitviskovo.hr\/en\/viskovo\/halubajski-karneval\/","title":{"rendered":"Halubje Carnival"},"content":{"rendered":"\n<p>Traditional customs that evoke the need for the triumph of spring over winter and of good over evil are reflected in the Carnival period. In modern times, this period has been additionally enriched with sports and entertainment activities, which are now part of Halubje Carnival. <\/p>\n\n\n\n<p>Every year on the first Saturday after St. Anthony\u2019s Day (17 January), the colourful and cheerful Halubje Carnival fills Vi\u0161kovo with life.<\/p>\n\n\n\n<p>The streets become filled with cheerful and creative masks of the young and old, as well as with traditional costumes that evoke the spirit of times gone by. Singing, dancing and the thundering ringing of bell-ringer groups can be experienced all over town. The end of the procession is traditionally reserved for the hosts, the famous <em>Halubajski zvon\u010dari<\/em> bell ringers.<\/p>\n\n\n\n<p>On this unforgettable Saturday, Vi\u0161kovo becomes a gathering place of carnival groups and associations from Croatia and abroad, inviting you to participate in this costume party until the early morning hours!<\/p>\n\n\n\n<p>To experience a part of the carnival atmosphere, visit our<a href=\"https:\/\/visitviskovo.hr\/fotogalerije\/\"> <\/a><a href=\"https:\/\/visitviskovo.hr\/photogallery\/21-halubajski-karneval-nocni-karneval\/\">photo gallery<\/a><\/p>\n","protected":false},"excerpt":{"rendered":"<p>Traditional customs that evoke the need for the triumph of spring over winter and of good over evil are reflected in the Carnival period. In modern times, this period has been additionally enriched with sports and entertainment activities, which are now part of Halubje Carnival. Every year on the first Saturday after St. Anthony\u2019s Day [&hellip;]<\/p>\n","protected":false},"author":1,"featured_media":10454,"parent":1650,"menu_order":0,"comment_status":"closed","ping_status":"closed","template":"","meta":{"_acf_changed":false,"footnotes":""},"acf":[],"yoast_head":"<!-- This site is optimized with the Yoast SEO plugin v22.7 - https:\/\/yoast.com\/wordpress\/plugins\/seo\/ -->\n<title>Halubje Carnival - Turisti\u010dka zajednica op\u0107ine Vi\u0161kovo<\/title>\n<meta name=\"robots\" content=\"index, follow, max-snippet:-1, max-image-preview:large, max-video-preview:-1\" \/>\n<link rel=\"canonical\" href=\"https:\/\/visitviskovo.hr\/en\/viskovo\/halubajski-karneval\/\" \/>\n<meta property=\"og:locale\" content=\"en_US\" \/>\n<meta property=\"og:type\" content=\"article\" \/>\n<meta property=\"og:title\" content=\"Halubje Carnival - Turisti\u010dka zajednica op\u0107ine Vi\u0161kovo\" \/>\n<meta property=\"og:description\" content=\"Traditional customs that evoke the need for the triumph of spring over winter and of good over evil are reflected in the Carnival period. In modern times, this period has been additionally enriched with sports and entertainment activities, which are now part of Halubje Carnival. Every year on the first Saturday after St. Anthony\u2019s Day [&hellip;]\" \/>\n<meta property=\"og:url\" content=\"https:\/\/visitviskovo.hr\/en\/viskovo\/halubajski-karneval\/\" \/>\n<meta property=\"og:site_name\" content=\"Turisti\u010dka zajednica op\u0107ine Vi\u0161kovo\" \/>\n<meta property=\"article:publisher\" content=\"https:\/\/web.facebook.com\/VisitViskovo\" \/>\n<meta property=\"article:modified_time\" content=\"2020-09-24T12:14:58+00:00\" \/>\n<meta property=\"og:image\" content=\"https:\/\/visitviskovo.hr\/wp-content\/uploads\/2019\/12\/377.jpg\" \/>\n\t<meta property=\"og:image:width\" content=\"2000\" \/>\n\t<meta property=\"og:image:height\" content=\"1333\" \/>\n\t<meta property=\"og:image:type\" content=\"image\/jpeg\" \/>\n<meta name=\"twitter:card\" content=\"summary_large_image\" \/>\n<meta name=\"twitter:label1\" content=\"Est. reading time\" \/>\n\t<meta name=\"twitter:data1\" content=\"1 minute\" \/>\n<script type=\"application\/ld+json\" class=\"yoast-schema-graph\">{\"@context\":\"https:\/\/schema.org\",\"@graph\":[{\"@type\":\"WebPage\",\"@id\":\"https:\/\/visitviskovo.hr\/en\/viskovo\/halubajski-karneval\/\",\"url\":\"https:\/\/visitviskovo.hr\/en\/viskovo\/halubajski-karneval\/\",\"name\":\"Halubje Carnival - Turisti\u010dka zajednica op\u0107ine Vi\u0161kovo\",\"isPartOf\":{\"@id\":\"https:\/\/visitviskovo.hr\/it\/#website\"},\"primaryImageOfPage\":{\"@id\":\"https:\/\/visitviskovo.hr\/en\/viskovo\/halubajski-karneval\/#primaryimage\"},\"image\":{\"@id\":\"https:\/\/visitviskovo.hr\/en\/viskovo\/halubajski-karneval\/#primaryimage\"},\"thumbnailUrl\":\"https:\/\/visitviskovo.hr\/wp-content\/uploads\/2019\/12\/377.jpg\",\"datePublished\":\"2019-07-08T19:18:39+00:00\",\"dateModified\":\"2020-09-24T12:14:58+00:00\",\"breadcrumb\":{\"@id\":\"https:\/\/visitviskovo.hr\/en\/viskovo\/halubajski-karneval\/#breadcrumb\"},\"inLanguage\":\"en-US\",\"potentialAction\":[{\"@type\":\"ReadAction\",\"target\":[\"https:\/\/visitviskovo.hr\/en\/viskovo\/halubajski-karneval\/\"]}]},{\"@type\":\"ImageObject\",\"inLanguage\":\"en-US\",\"@id\":\"https:\/\/visitviskovo.hr\/en\/viskovo\/halubajski-karneval\/#primaryimage\",\"url\":\"https:\/\/visitviskovo.hr\/wp-content\/uploads\/2019\/12\/377.jpg\",\"contentUrl\":\"https:\/\/visitviskovo.hr\/wp-content\/uploads\/2019\/12\/377.jpg\",\"width\":2000,\"height\":1333},{\"@type\":\"BreadcrumbList\",\"@id\":\"https:\/\/visitviskovo.hr\/en\/viskovo\/halubajski-karneval\/#breadcrumb\",\"itemListElement\":[{\"@type\":\"ListItem\",\"position\":1,\"name\":\"Home\",\"item\":\"https:\/\/visitviskovo.hr\/en\/\"},{\"@type\":\"ListItem\",\"position\":2,\"name\":\"Vi\u0161kovo\",\"item\":\"https:\/\/visitviskovo.hr\/en\/viskovo\/\"},{\"@type\":\"ListItem\",\"position\":3,\"name\":\"Halubje Carnival\"}]},{\"@type\":\"WebSite\",\"@id\":\"https:\/\/visitviskovo.hr\/it\/#website\",\"url\":\"https:\/\/visitviskovo.hr\/it\/\",\"name\":\"Turisti\u010dka zajednica op\u0107ine Vi\u0161kovo\",\"description\":\"\",\"potentialAction\":[{\"@type\":\"SearchAction\",\"target\":{\"@type\":\"EntryPoint\",\"urlTemplate\":\"https:\/\/visitviskovo.hr\/it\/?s={search_term_string}\"},\"query-input\":\"required name=search_term_string\"}],\"inLanguage\":\"en-US\"}]}<\/script>\n<!-- \/ Yoast SEO plugin. -->","yoast_head_json":{"title":"Halubje Carnival - Turisti\u010dka zajednica op\u0107ine Vi\u0161kovo","robots":{"index":"index","follow":"follow","max-snippet":"max-snippet:-1","max-image-preview":"max-image-preview:large","max-video-preview":"max-video-preview:-1"},"canonical":"https:\/\/visitviskovo.hr\/en\/viskovo\/halubajski-karneval\/","og_locale":"en_US","og_type":"article","og_title":"Halubje Carnival - Turisti\u010dka zajednica op\u0107ine Vi\u0161kovo","og_description":"Traditional customs that evoke the need for the triumph of spring over winter and of good over evil are reflected in the Carnival period. In modern times, this period has been additionally enriched with sports and entertainment activities, which are now part of Halubje Carnival. Every year on the first Saturday after St. Anthony\u2019s Day [&hellip;]","og_url":"https:\/\/visitviskovo.hr\/en\/viskovo\/halubajski-karneval\/","og_site_name":"Turisti\u010dka zajednica op\u0107ine Vi\u0161kovo","article_publisher":"https:\/\/web.facebook.com\/VisitViskovo","article_modified_time":"2020-09-24T12:14:58+00:00","og_image":[{"width":2000,"height":1333,"url":"https:\/\/visitviskovo.hr\/wp-content\/uploads\/2019\/12\/377.jpg","type":"image\/jpeg"}],"twitter_card":"summary_large_image","twitter_misc":{"Est. reading time":"1 minute"},"schema":{"@context":"https:\/\/schema.org","@graph":[{"@type":"WebPage","@id":"https:\/\/visitviskovo.hr\/en\/viskovo\/halubajski-karneval\/","url":"https:\/\/visitviskovo.hr\/en\/viskovo\/halubajski-karneval\/","name":"Halubje Carnival - Turisti\u010dka zajednica op\u0107ine Vi\u0161kovo","isPartOf":{"@id":"https:\/\/visitviskovo.hr\/it\/#website"},"primaryImageOfPage":{"@id":"https:\/\/visitviskovo.hr\/en\/viskovo\/halubajski-karneval\/#primaryimage"},"image":{"@id":"https:\/\/visitviskovo.hr\/en\/viskovo\/halubajski-karneval\/#primaryimage"},"thumbnailUrl":"https:\/\/visitviskovo.hr\/wp-content\/uploads\/2019\/12\/377.jpg","datePublished":"2019-07-08T19:18:39+00:00","dateModified":"2020-09-24T12:14:58+00:00","breadcrumb":{"@id":"https:\/\/visitviskovo.hr\/en\/viskovo\/halubajski-karneval\/#breadcrumb"},"inLanguage":"en-US","potentialAction":[{"@type":"ReadAction","target":["https:\/\/visitviskovo.hr\/en\/viskovo\/halubajski-karneval\/"]}]},{"@type":"ImageObject","inLanguage":"en-US","@id":"https:\/\/visitviskovo.hr\/en\/viskovo\/halubajski-karneval\/#primaryimage","url":"https:\/\/visitviskovo.hr\/wp-content\/uploads\/2019\/12\/377.jpg","contentUrl":"https:\/\/visitviskovo.hr\/wp-content\/uploads\/2019\/12\/377.jpg","width":2000,"height":1333},{"@type":"BreadcrumbList","@id":"https:\/\/visitviskovo.hr\/en\/viskovo\/halubajski-karneval\/#breadcrumb","itemListElement":[{"@type":"ListItem","position":1,"name":"Home","item":"https:\/\/visitviskovo.hr\/en\/"},{"@type":"ListItem","position":2,"name":"Vi\u0161kovo","item":"https:\/\/visitviskovo.hr\/en\/viskovo\/"},{"@type":"ListItem","position":3,"name":"Halubje Carnival"}]},{"@type":"WebSite","@id":"https:\/\/visitviskovo.hr\/it\/#website","url":"https:\/\/visitviskovo.hr\/it\/","name":"Turisti\u010dka zajednica op\u0107ine Vi\u0161kovo","description":"","potentialAction":[{"@type":"SearchAction","target":{"@type":"EntryPoint","urlTemplate":"https:\/\/visitviskovo.hr\/it\/?s={search_term_string}"},"query-input":"required name=search_term_string"}],"inLanguage":"en-US"}]}},"_links":{"self":[{"href":"https:\/\/visitviskovo.hr\/en\/wp-json\/wp\/v2\/pages\/1707"}],"collection":[{"href":"https:\/\/visitviskovo.hr\/en\/wp-json\/wp\/v2\/pages"}],"about":[{"href":"https:\/\/visitviskovo.hr\/en\/wp-json\/wp\/v2\/types\/page"}],"author":[{"embeddable":true,"href":"https:\/\/visitviskovo.hr\/en\/wp-json\/wp\/v2\/users\/1"}],"replies":[{"embeddable":true,"href":"https:\/\/visitviskovo.hr\/en\/wp-json\/wp\/v2\/comments?post=1707"}],"version-history":[{"count":4,"href":"https:\/\/visitviskovo.hr\/en\/wp-json\/wp\/v2\/pages\/1707\/revisions"}],"predecessor-version":[{"id":15092,"href":"https:\/\/visitviskovo.hr\/en\/wp-json\/wp\/v2\/pages\/1707\/revisions\/15092"}],"up":[{"embeddable":true,"href":"https:\/\/visitviskovo.hr\/en\/wp-json\/wp\/v2\/pages\/1650"}],"wp:featuredmedia":[{"embeddable":true,"href":"https:\/\/visitviskovo.hr\/en\/wp-json\/wp\/v2\/media\/10454"}],"wp:attachment":[{"href":"https:\/\/visitviskovo.hr\/en\/wp-json\/wp\/v2\/media?parent=1707"}],"curies":[{"name":"wp","href":"https:\/\/api.w.org\/{rel}","templated":true}]}}